{"id":269221,"date":"2025-10-03T15:04:43","date_gmt":"2025-10-03T15:04:43","guid":{"rendered":"https:\/\/www.inverseteams.com\/?post_type=product&#038;p=269221"},"modified":"2026-02-20T11:55:38","modified_gmt":"2026-02-20T10:55:38","slug":"maillot-manga-larga-motion-dark-brown-hombre","status":"publish","type":"product","link":"https:\/\/www.inverseteams.com\/es\/producto\/maillot-manga-larga-motion-dark-brown-hombre\/","title":{"rendered":"Maillot manga larga MOTION DARK BROWN (HOMBRE)"},"content":{"rendered":"<p>Maillot ciclista t\u00e9rmico para hombre dise\u00f1ado para ofrecer confort y rendimiento en bajas temperaturas.<br \/>\nEl tejido frontal y cuello est\u00e1n confeccionados con tejido t\u00e9rmico SUPERROUBAIX, c\u00e1lido y suave al tacto. Con paneles de tejido CYCLON bajo las axilas con estructura abierta que favorece una mayor transpiraci\u00f3n.<br \/>\nEl cuello alto de forma anat\u00f3mica proporciona un ajuste perfecto. Los pu\u00f1os, con corte l\u00e1ser y costura plana, incorporan paneles de tejido \u201cX\u201d (HORUS) que envuelven las mu\u00f1ecas sin huecos, permitiendo el uso de guantes sin fricci\u00f3n.<br \/>\nIncluye 3 bolsillos en la zona trasera con sistema de seguridad ISP. Tiene un ajuste perfecto en la cintura gracias a la goma con silicona personalizada.<\/p>\n","protected":false},"excerpt":{"rendered":"<p>Maillot ciclista t\u00e9rmico para hombre dise\u00f1ado para ofrecer confort y rendimiento en bajas temperaturas.<br \/>\nEl tejido frontal y cuello est\u00e1n confeccionados con tejido t\u00e9rmico SUPERROUBAIX, c\u00e1lido y suave al tacto. Con paneles de tejido CYCLON bajo las axilas con estructura abierta que favorece una mayor transpiraci\u00f3n.<br \/>\nEl cuello alto de forma anat\u00f3mica proporciona un ajuste perfecto. Los pu\u00f1os, con corte l\u00e1ser y costura plana, incorporan paneles de tejido \u201cX\u201d (HORUS) que envuelven las mu\u00f1ecas sin huecos, permitiendo el uso de guantes sin fricci\u00f3n.<br \/>\nIncluye 3 bolsillos en la zona trasera con sistema de seguridad ISP. Tiene un ajuste perfecto en la cintura gracias a la goma con silicona personalizada.<\/p>\n","protected":false},"featured_media":270274,"comment_status":"closed","ping_status":"closed","template":"","meta":{"_acf_changed":false},"product_brand":[],"product_cat":[132,1091,7174],"product_tag":[],"custom_category":[],"range":[],"class_list":{"0":"post-269221","1":"product","2":"type-product","3":"status-publish","4":"has-post-thumbnail","6":"product_cat-ciclismo","7":"product_cat-maillot-ciclismo","8":"product_cat-b2b","9":"pa_climatologia-frio","10":"pa_deporte-ciclismo","11":"pa_genero-hombre","12":"pa_patronaje-fit","13":"pa_talla-s","14":"pa_talla-m","15":"pa_talla-l","16":"pa_talla-xl","17":"pa_talla-xxl","18":"pa_tipo-de-prenda-maillot-manga-larga","20":"first","21":"instock","22":"taxable","23":"shipping-taxable","24":"purchasable","25":"product-type-variable","26":"has-default-attributes"},"acf":[],"yoast_head":"<!-- This site is optimized with the Yoast SEO plugin v27.3 - https:\/\/yoast.com\/product\/yoast-seo-wordpress\/ -->\n<title>Maillot manga larga MOTION DARK BROWN (HOMBRE) | Inverseteams<\/title>\n<meta name=\"description\" content=\"Maillot ciclista t\u00e9rmico para hombre dise\u00f1ado para ofrecer confort y rendimiento en bajas temperaturas. El tejido frontal y cuello est\u00e1n confeccionados con tejido t\u00e9rmico SUPERROUBAIX, c\u00e1lido y suave al tacto. Con paneles de tejido CYCLON bajo las axilas con estructura abierta que favorece una mayor transpiraci\u00f3n. El cuello alto de forma anat\u00f3mica proporciona un ajuste perfecto. Los pu\u00f1os, con corte l\u00e1ser y costura plana, incorporan paneles de tejido \u201cX\u201d (HORUS) que envuelven las mu\u00f1ecas sin huecos, permitiendo el uso de guantes sin fricci\u00f3n. Incluye 3 bolsillos en la zona trasera con sistema de seguridad ISP. Tiene un ajuste perfecto en la cintura gracias a la goma con silicona personalizada.\" \/>\n<meta name=\"robots\" content=\"index, follow, max-snippet:-1, max-image-preview:large, max-video-preview:-1\" \/>\n<link rel=\"canonical\" href=\"https:\/\/www.inverseteams.com\/es\/producto\/maillot-manga-larga-motion-dark-brown-hombre\/\" \/>\n<meta property=\"og:locale\" content=\"es_ES\" \/>\n<meta property=\"og:type\" content=\"article\" \/>\n<meta property=\"og:title\" content=\"Maillot manga larga MOTION DARK BROWN (HOMBRE) | Inverseteams\" \/>\n<meta property=\"og:description\" content=\"Maillot ciclista t\u00e9rmico para hombre dise\u00f1ado para ofrecer confort y rendimiento en bajas temperaturas. El tejido frontal y cuello est\u00e1n confeccionados con tejido t\u00e9rmico SUPERROUBAIX, c\u00e1lido y suave al tacto. Con paneles de tejido CYCLON bajo las axilas con estructura abierta que favorece una mayor transpiraci\u00f3n. El cuello alto de forma anat\u00f3mica proporciona un ajuste perfecto. Los pu\u00f1os, con corte l\u00e1ser y costura plana, incorporan paneles de tejido \u201cX\u201d (HORUS) que envuelven las mu\u00f1ecas sin huecos, permitiendo el uso de guantes sin fricci\u00f3n. Incluye 3 bolsillos en la zona trasera con sistema de seguridad ISP. Tiene un ajuste perfecto en la cintura gracias a la goma con silicona personalizada.\" \/>\n<meta property=\"og:url\" content=\"https:\/\/www.inverseteams.com\/es\/producto\/maillot-manga-larga-motion-dark-brown-hombre\/\" \/>\n<meta property=\"og:site_name\" content=\"Inverseteams\" \/>\n<meta property=\"article:publisher\" content=\"https:\/\/www.facebook.com\/inverseteams\" \/>\n<meta property=\"article:modified_time\" content=\"2026-02-20T10:55:38+00:00\" \/>\n<meta property=\"og:image\" content=\"https:\/\/www.inverseteams.com\/wp-content\/uploads\/INVERSE-MOTION-MAILLOT-SLIM-DARKBROWN-001.jpg\" \/>\n\t<meta property=\"og:image:width\" content=\"1500\" \/>\n\t<meta property=\"og:image:height\" content=\"1612\" \/>\n\t<meta property=\"og:image:type\" content=\"image\/jpeg\" \/>\n<meta name=\"twitter:card\" content=\"summary_large_image\" \/>\n<meta name=\"twitter:label1\" content=\"Tiempo de lectura\" \/>\n\t<meta name=\"twitter:data1\" content=\"1 minuto\" \/>\n<script type=\"application\/ld+json\" class=\"yoast-schema-graph\">{\"@context\":\"https:\\\/\\\/schema.org\",\"@graph\":[{\"@type\":\"WebPage\",\"@id\":\"https:\\\/\\\/www.inverseteams.com\\\/es\\\/producto\\\/maillot-manga-larga-motion-dark-brown-hombre\\\/\",\"url\":\"https:\\\/\\\/www.inverseteams.com\\\/es\\\/producto\\\/maillot-manga-larga-motion-dark-brown-hombre\\\/\",\"name\":\"Maillot manga larga MOTION DARK BROWN (HOMBRE) | Inverseteams\",\"isPartOf\":{\"@id\":\"https:\\\/\\\/www.inverseteams.com\\\/es\\\/#website\"},\"primaryImageOfPage\":{\"@id\":\"https:\\\/\\\/www.inverseteams.com\\\/es\\\/producto\\\/maillot-manga-larga-motion-dark-brown-hombre\\\/#primaryimage\"},\"image\":{\"@id\":\"https:\\\/\\\/www.inverseteams.com\\\/es\\\/producto\\\/maillot-manga-larga-motion-dark-brown-hombre\\\/#primaryimage\"},\"thumbnailUrl\":\"https:\\\/\\\/www.inverseteams.com\\\/wp-content\\\/uploads\\\/INVERSE-MOTION-MAILLOT-SLIM-DARKBROWN-001.jpg\",\"datePublished\":\"2025-10-03T15:04:43+00:00\",\"dateModified\":\"2026-02-20T10:55:38+00:00\",\"description\":\"Maillot ciclista t\u00e9rmico para hombre dise\u00f1ado para ofrecer confort y rendimiento en bajas temperaturas. El tejido frontal y cuello est\u00e1n confeccionados con tejido t\u00e9rmico SUPERROUBAIX, c\u00e1lido y suave al tacto. Con paneles de tejido CYCLON bajo las axilas con estructura abierta que favorece una mayor transpiraci\u00f3n. El cuello alto de forma anat\u00f3mica proporciona un ajuste perfecto. Los pu\u00f1os, con corte l\u00e1ser y costura plana, incorporan paneles de tejido \u201cX\u201d (HORUS) que envuelven las mu\u00f1ecas sin huecos, permitiendo el uso de guantes sin fricci\u00f3n. Incluye 3 bolsillos en la zona trasera con sistema de seguridad ISP. Tiene un ajuste perfecto en la cintura gracias a la goma con silicona personalizada.\",\"breadcrumb\":{\"@id\":\"https:\\\/\\\/www.inverseteams.com\\\/es\\\/producto\\\/maillot-manga-larga-motion-dark-brown-hombre\\\/#breadcrumb\"},\"inLanguage\":\"es\",\"potentialAction\":[{\"@type\":\"ReadAction\",\"target\":[\"https:\\\/\\\/www.inverseteams.com\\\/es\\\/producto\\\/maillot-manga-larga-motion-dark-brown-hombre\\\/\"]}]},{\"@type\":\"ImageObject\",\"inLanguage\":\"es\",\"@id\":\"https:\\\/\\\/www.inverseteams.com\\\/es\\\/producto\\\/maillot-manga-larga-motion-dark-brown-hombre\\\/#primaryimage\",\"url\":\"https:\\\/\\\/www.inverseteams.com\\\/wp-content\\\/uploads\\\/INVERSE-MOTION-MAILLOT-SLIM-DARKBROWN-001.jpg\",\"contentUrl\":\"https:\\\/\\\/www.inverseteams.com\\\/wp-content\\\/uploads\\\/INVERSE-MOTION-MAILLOT-SLIM-DARKBROWN-001.jpg\",\"width\":1500,\"height\":1612,\"caption\":\"maillot ciclista inverse marron\"},{\"@type\":\"BreadcrumbList\",\"@id\":\"https:\\\/\\\/www.inverseteams.com\\\/es\\\/producto\\\/maillot-manga-larga-motion-dark-brown-hombre\\\/#breadcrumb\",\"itemListElement\":[{\"@type\":\"ListItem\",\"position\":1,\"name\":\"Portada\",\"item\":\"https:\\\/\\\/www.inverseteams.com\\\/es\\\/\"},{\"@type\":\"ListItem\",\"position\":2,\"name\":\"Tienda\",\"item\":\"https:\\\/\\\/www.inverseteams.com\\\/es\\\/tienda\\\/\"},{\"@type\":\"ListItem\",\"position\":3,\"name\":\"Maillot manga larga MOTION DARK BROWN (HOMBRE)\"}]},{\"@type\":\"WebSite\",\"@id\":\"https:\\\/\\\/www.inverseteams.com\\\/es\\\/#website\",\"url\":\"https:\\\/\\\/www.inverseteams.com\\\/es\\\/\",\"name\":\"Inverseteams\",\"description\":\"Tu marca de ropa deportiva personalizada\",\"publisher\":{\"@id\":\"https:\\\/\\\/www.inverseteams.com\\\/es\\\/#organization\"},\"potentialAction\":[{\"@type\":\"SearchAction\",\"target\":{\"@type\":\"EntryPoint\",\"urlTemplate\":\"https:\\\/\\\/www.inverseteams.com\\\/es\\\/?s={search_term_string}\"},\"query-input\":{\"@type\":\"PropertyValueSpecification\",\"valueRequired\":true,\"valueName\":\"search_term_string\"}}],\"inLanguage\":\"es\"},{\"@type\":\"Organization\",\"@id\":\"https:\\\/\\\/www.inverseteams.com\\\/es\\\/#organization\",\"name\":\"Inverse Teams\",\"url\":\"https:\\\/\\\/www.inverseteams.com\\\/es\\\/\",\"logo\":{\"@type\":\"ImageObject\",\"inLanguage\":\"es\",\"@id\":\"https:\\\/\\\/www.inverseteams.com\\\/es\\\/#\\\/schema\\\/logo\\\/image\\\/\",\"url\":\"http:\\\/\\\/www.inverseteams.com\\\/wp-content\\\/uploads\\\/2021\\\/03\\\/logo-inverse-teams.png\",\"contentUrl\":\"http:\\\/\\\/www.inverseteams.com\\\/wp-content\\\/uploads\\\/2021\\\/03\\\/logo-inverse-teams.png\",\"width\":294,\"height\":99,\"caption\":\"Inverse Teams\"},\"image\":{\"@id\":\"https:\\\/\\\/www.inverseteams.com\\\/es\\\/#\\\/schema\\\/logo\\\/image\\\/\"},\"sameAs\":[\"https:\\\/\\\/www.facebook.com\\\/inverseteams\",\"http:\\\/\\\/instagram.com\\\/inverseteams\",\"https:\\\/\\\/www.linkedin.com\\\/company\\\/inverse-cirosport-s-l-?trk=job_view_topcard_company_name\",\"http:\\\/\\\/www.pinterest.com\\\/inverseteams\\\/\",\"http:\\\/\\\/www.youtube.com\\\/user\\\/inverseteams?feature=watch\"]}]}<\/script>\n<!-- \/ Yoast SEO plugin. -->","yoast_head_json":{"title":"Maillot manga larga MOTION DARK BROWN (HOMBRE) | Inverseteams","description":"Maillot ciclista t\u00e9rmico para hombre dise\u00f1ado para ofrecer confort y rendimiento en bajas temperaturas. El tejido frontal y cuello est\u00e1n confeccionados con tejido t\u00e9rmico SUPERROUBAIX, c\u00e1lido y suave al tacto. Con paneles de tejido CYCLON bajo las axilas con estructura abierta que favorece una mayor transpiraci\u00f3n. El cuello alto de forma anat\u00f3mica proporciona un ajuste perfecto. Los pu\u00f1os, con corte l\u00e1ser y costura plana, incorporan paneles de tejido \u201cX\u201d (HORUS) que envuelven las mu\u00f1ecas sin huecos, permitiendo el uso de guantes sin fricci\u00f3n. Incluye 3 bolsillos en la zona trasera con sistema de seguridad ISP. Tiene un ajuste perfecto en la cintura gracias a la goma con silicona personalizada.","robots":{"index":"index","follow":"follow","max-snippet":"max-snippet:-1","max-image-preview":"max-image-preview:large","max-video-preview":"max-video-preview:-1"},"canonical":"https:\/\/www.inverseteams.com\/es\/producto\/maillot-manga-larga-motion-dark-brown-hombre\/","og_locale":"es_ES","og_type":"article","og_title":"Maillot manga larga MOTION DARK BROWN (HOMBRE) | Inverseteams","og_description":"Maillot ciclista t\u00e9rmico para hombre dise\u00f1ado para ofrecer confort y rendimiento en bajas temperaturas. El tejido frontal y cuello est\u00e1n confeccionados con tejido t\u00e9rmico SUPERROUBAIX, c\u00e1lido y suave al tacto. Con paneles de tejido CYCLON bajo las axilas con estructura abierta que favorece una mayor transpiraci\u00f3n. El cuello alto de forma anat\u00f3mica proporciona un ajuste perfecto. Los pu\u00f1os, con corte l\u00e1ser y costura plana, incorporan paneles de tejido \u201cX\u201d (HORUS) que envuelven las mu\u00f1ecas sin huecos, permitiendo el uso de guantes sin fricci\u00f3n. Incluye 3 bolsillos en la zona trasera con sistema de seguridad ISP. Tiene un ajuste perfecto en la cintura gracias a la goma con silicona personalizada.","og_url":"https:\/\/www.inverseteams.com\/es\/producto\/maillot-manga-larga-motion-dark-brown-hombre\/","og_site_name":"Inverseteams","article_publisher":"https:\/\/www.facebook.com\/inverseteams","article_modified_time":"2026-02-20T10:55:38+00:00","og_image":[{"width":1500,"height":1612,"url":"https:\/\/www.inverseteams.com\/wp-content\/uploads\/INVERSE-MOTION-MAILLOT-SLIM-DARKBROWN-001.jpg","type":"image\/jpeg"}],"twitter_card":"summary_large_image","twitter_misc":{"Tiempo de lectura":"1 minuto"},"schema":{"@context":"https:\/\/schema.org","@graph":[{"@type":"WebPage","@id":"https:\/\/www.inverseteams.com\/es\/producto\/maillot-manga-larga-motion-dark-brown-hombre\/","url":"https:\/\/www.inverseteams.com\/es\/producto\/maillot-manga-larga-motion-dark-brown-hombre\/","name":"Maillot manga larga MOTION DARK BROWN (HOMBRE) | Inverseteams","isPartOf":{"@id":"https:\/\/www.inverseteams.com\/es\/#website"},"primaryImageOfPage":{"@id":"https:\/\/www.inverseteams.com\/es\/producto\/maillot-manga-larga-motion-dark-brown-hombre\/#primaryimage"},"image":{"@id":"https:\/\/www.inverseteams.com\/es\/producto\/maillot-manga-larga-motion-dark-brown-hombre\/#primaryimage"},"thumbnailUrl":"https:\/\/www.inverseteams.com\/wp-content\/uploads\/INVERSE-MOTION-MAILLOT-SLIM-DARKBROWN-001.jpg","datePublished":"2025-10-03T15:04:43+00:00","dateModified":"2026-02-20T10:55:38+00:00","description":"Maillot ciclista t\u00e9rmico para hombre dise\u00f1ado para ofrecer confort y rendimiento en bajas temperaturas. El tejido frontal y cuello est\u00e1n confeccionados con tejido t\u00e9rmico SUPERROUBAIX, c\u00e1lido y suave al tacto. Con paneles de tejido CYCLON bajo las axilas con estructura abierta que favorece una mayor transpiraci\u00f3n. El cuello alto de forma anat\u00f3mica proporciona un ajuste perfecto. Los pu\u00f1os, con corte l\u00e1ser y costura plana, incorporan paneles de tejido \u201cX\u201d (HORUS) que envuelven las mu\u00f1ecas sin huecos, permitiendo el uso de guantes sin fricci\u00f3n. Incluye 3 bolsillos en la zona trasera con sistema de seguridad ISP. Tiene un ajuste perfecto en la cintura gracias a la goma con silicona personalizada.","breadcrumb":{"@id":"https:\/\/www.inverseteams.com\/es\/producto\/maillot-manga-larga-motion-dark-brown-hombre\/#breadcrumb"},"inLanguage":"es","potentialAction":[{"@type":"ReadAction","target":["https:\/\/www.inverseteams.com\/es\/producto\/maillot-manga-larga-motion-dark-brown-hombre\/"]}]},{"@type":"ImageObject","inLanguage":"es","@id":"https:\/\/www.inverseteams.com\/es\/producto\/maillot-manga-larga-motion-dark-brown-hombre\/#primaryimage","url":"https:\/\/www.inverseteams.com\/wp-content\/uploads\/INVERSE-MOTION-MAILLOT-SLIM-DARKBROWN-001.jpg","contentUrl":"https:\/\/www.inverseteams.com\/wp-content\/uploads\/INVERSE-MOTION-MAILLOT-SLIM-DARKBROWN-001.jpg","width":1500,"height":1612,"caption":"maillot ciclista inverse marron"},{"@type":"BreadcrumbList","@id":"https:\/\/www.inverseteams.com\/es\/producto\/maillot-manga-larga-motion-dark-brown-hombre\/#breadcrumb","itemListElement":[{"@type":"ListItem","position":1,"name":"Portada","item":"https:\/\/www.inverseteams.com\/es\/"},{"@type":"ListItem","position":2,"name":"Tienda","item":"https:\/\/www.inverseteams.com\/es\/tienda\/"},{"@type":"ListItem","position":3,"name":"Maillot manga larga MOTION DARK BROWN (HOMBRE)"}]},{"@type":"WebSite","@id":"https:\/\/www.inverseteams.com\/es\/#website","url":"https:\/\/www.inverseteams.com\/es\/","name":"Inverseteams","description":"Tu marca de ropa deportiva personalizada","publisher":{"@id":"https:\/\/www.inverseteams.com\/es\/#organization"},"potentialAction":[{"@type":"SearchAction","target":{"@type":"EntryPoint","urlTemplate":"https:\/\/www.inverseteams.com\/es\/?s={search_term_string}"},"query-input":{"@type":"PropertyValueSpecification","valueRequired":true,"valueName":"search_term_string"}}],"inLanguage":"es"},{"@type":"Organization","@id":"https:\/\/www.inverseteams.com\/es\/#organization","name":"Inverse Teams","url":"https:\/\/www.inverseteams.com\/es\/","logo":{"@type":"ImageObject","inLanguage":"es","@id":"https:\/\/www.inverseteams.com\/es\/#\/schema\/logo\/image\/","url":"https:\/\/www.inverseteams.com\/wp-content\/uploads\/2021\/03\/logo-inverse-teams.png","contentUrl":"https:\/\/www.inverseteams.com\/wp-content\/uploads\/2021\/03\/logo-inverse-teams.png","width":294,"height":99,"caption":"Inverse Teams"},"image":{"@id":"https:\/\/www.inverseteams.com\/es\/#\/schema\/logo\/image\/"},"sameAs":["https:\/\/www.facebook.com\/inverseteams","http:\/\/instagram.com\/inverseteams","https:\/\/www.linkedin.com\/company\/inverse-cirosport-s-l-?trk=job_view_topcard_company_name","http:\/\/www.pinterest.com\/inverseteams\/","http:\/\/www.youtube.com\/user\/inverseteams?feature=watch"]}]}},"_links":{"self":[{"href":"https:\/\/www.inverseteams.com\/es\/wp-json\/wp\/v2\/product\/269221","targetHints":{"allow":["GET"]}}],"collection":[{"href":"https:\/\/www.inverseteams.com\/es\/wp-json\/wp\/v2\/product"}],"about":[{"href":"https:\/\/www.inverseteams.com\/es\/wp-json\/wp\/v2\/types\/product"}],"replies":[{"embeddable":true,"href":"https:\/\/www.inverseteams.com\/es\/wp-json\/wp\/v2\/comments?post=269221"}],"wp:featuredmedia":[{"embeddable":true,"href":"https:\/\/www.inverseteams.com\/es\/wp-json\/wp\/v2\/media\/270274"}],"wp:attachment":[{"href":"https:\/\/www.inverseteams.com\/es\/wp-json\/wp\/v2\/media?parent=269221"}],"wp:term":[{"taxonomy":"product_brand","embeddable":true,"href":"https:\/\/www.inverseteams.com\/es\/wp-json\/wp\/v2\/product_brand?post=269221"},{"taxonomy":"product_cat","embeddable":true,"href":"https:\/\/www.inverseteams.com\/es\/wp-json\/wp\/v2\/product_cat?post=269221"},{"taxonomy":"product_tag","embeddable":true,"href":"https:\/\/www.inverseteams.com\/es\/wp-json\/wp\/v2\/product_tag?post=269221"},{"taxonomy":"custom_category","embeddable":true,"href":"https:\/\/www.inverseteams.com\/es\/wp-json\/wp\/v2\/custom_category?post=269221"},{"taxonomy":"range","embeddable":true,"href":"https:\/\/www.inverseteams.com\/es\/wp-json\/wp\/v2\/range?post=269221"}],"curies":[{"name":"wp","href":"https:\/\/api.w.org\/{rel}","templated":true}]}}