{"id":268826,"date":"2025-10-03T07:21:51","date_gmt":"2025-10-03T07:21:51","guid":{"rendered":"https:\/\/www.inverseteams.com\/?post_type=product&#038;p=268826"},"modified":"2026-02-20T11:55:32","modified_gmt":"2026-02-20T10:55:32","slug":"maillot-manga-larga-outter-boston-hombre","status":"publish","type":"product","link":"https:\/\/www.inverseteams.com\/es\/producto\/maillot-manga-larga-outter-boston-hombre\/","title":{"rendered":"Maillot manga larga OUTTER BOSTON (HOMBRE)"},"content":{"rendered":"<p>Maillot para hombre con corte relaxed fit. Una prenda vers\u00e1til, ideal tanto para usar sobre la bicicleta como fuera de ella. Confeccionado con tejido SCUBA con efecto neopreno jaspeado de color gris. Las zonas bajo las mangas y las axilas est\u00e1n elaboradas con tejido t\u00e9rmico SUPERROUBAIX. Cuenta con una cremallera corta en la zona pectoral con sistema antipull, debajo de la cual se incluye una camiseta interior con ribete el\u00e1stico y un acabado termorregulador HeiQ Smart Temp\u2122. Esta pieza cubre \u00fanicamente la zona pecoral.<br \/>\nBajo engomado con silicona interior para un ajuste c\u00f3modo y holgado. Pu\u00f1os de goma espuma con sujeci\u00f3n suave y mangas confeccionadas con costuras planas para una mayor adaptabilidad.<br \/>\nDispone de un bolsillo trasero con cremallera y detalles de marca en vinilo, de estilo casual.<\/p>\n","protected":false},"excerpt":{"rendered":"<p>Maillot para hombre con corte relaxed fit. Una prenda vers\u00e1til, ideal tanto para usar sobre la bicicleta como fuera de ella. Confeccionado con tejido SCUBA con efecto neopreno jaspeado de color gris. Las zonas bajo las mangas y las axilas est\u00e1n elaboradas con tejido t\u00e9rmico SUPERROUBAIX. Cuenta con una cremallera corta en la zona pectoral con sistema antipull, debajo de la cual se incluye una camiseta interior con ribete el\u00e1stico y un acabado termorregulador HeiQ Smart Temp\u2122. Esta pieza cubre \u00fanicamente la zona pecoral.<br \/>\nBajo engomado con silicona interior para un ajuste c\u00f3modo y holgado. Pu\u00f1os de goma espuma con sujeci\u00f3n suave y mangas confeccionadas con costuras planas para una mayor adaptabilidad.<br \/>\nDispone de un bolsillo trasero con cremallera y detalles de marca en vinilo, de estilo casual.<\/p>\n","protected":false},"featured_media":268758,"comment_status":"closed","ping_status":"closed","template":"","meta":{"_acf_changed":false},"product_brand":[],"product_cat":[132,1091,9946,7174],"product_tag":[],"custom_category":[],"range":[],"class_list":{"0":"post-268826","1":"product","2":"type-product","3":"status-publish","4":"has-post-thumbnail","6":"product_cat-ciclismo","7":"product_cat-maillot-ciclismo","8":"product_cat-gravel","9":"product_cat-b2b","10":"pa_climatologia-frio","11":"pa_deporte-ciclismo","12":"pa_genero-hombre","13":"pa_patronaje-casual","14":"pa_talla-s","15":"pa_talla-m","16":"pa_talla-l","17":"pa_talla-xl","18":"pa_talla-xxl","19":"pa_tipo-de-prenda-maillot-manga-larga","21":"first","22":"instock","23":"taxable","24":"shipping-taxable","25":"purchasable","26":"product-type-variable","27":"has-default-attributes"},"acf":[],"yoast_head":"<!-- This site is optimized with the Yoast SEO plugin v27.2 - https:\/\/yoast.com\/product\/yoast-seo-wordpress\/ -->\n<title>Maillot manga larga OUTTER BOSTON (HOMBRE) | Inverseteams<\/title>\n<meta name=\"description\" content=\"Maillot para hombre con corte relaxed fit. Una prenda vers\u00e1til, ideal tanto para usar sobre la bicicleta como fuera de ella. Confeccionado con tejido SCUBA con efecto neopreno jaspeado de color gris. Las zonas bajo las mangas y las axilas est\u00e1n elaboradas con tejido t\u00e9rmico SUPERROUBAIX. Cuenta con una cremallera corta en la zona pectoral con sistema antipull, debajo de la cual se incluye una camiseta interior con ribete el\u00e1stico y un acabado termorregulador HeiQ Smart Temp\u2122. Esta pieza cubre \u00fanicamente la zona pecoral. Bajo engomado con silicona interior para un ajuste c\u00f3modo y holgado. Pu\u00f1os de goma espuma con sujeci\u00f3n suave y mangas confeccionadas con costuras planas para una mayor adaptabilidad. Dispone de un bolsillo trasero con cremallera y detalles de marca en vinilo, de estilo casual.\" \/>\n<meta name=\"robots\" content=\"index, follow, max-snippet:-1, max-image-preview:large, max-video-preview:-1\" \/>\n<link rel=\"canonical\" href=\"https:\/\/www.inverseteams.com\/es\/producto\/maillot-manga-larga-outter-boston-hombre\/\" \/>\n<meta property=\"og:locale\" content=\"es_ES\" \/>\n<meta property=\"og:type\" content=\"article\" \/>\n<meta property=\"og:title\" content=\"Maillot manga larga OUTTER BOSTON (HOMBRE) | Inverseteams\" \/>\n<meta property=\"og:description\" content=\"Maillot para hombre con corte relaxed fit. Una prenda vers\u00e1til, ideal tanto para usar sobre la bicicleta como fuera de ella. Confeccionado con tejido SCUBA con efecto neopreno jaspeado de color gris. Las zonas bajo las mangas y las axilas est\u00e1n elaboradas con tejido t\u00e9rmico SUPERROUBAIX. Cuenta con una cremallera corta en la zona pectoral con sistema antipull, debajo de la cual se incluye una camiseta interior con ribete el\u00e1stico y un acabado termorregulador HeiQ Smart Temp\u2122. Esta pieza cubre \u00fanicamente la zona pecoral. Bajo engomado con silicona interior para un ajuste c\u00f3modo y holgado. Pu\u00f1os de goma espuma con sujeci\u00f3n suave y mangas confeccionadas con costuras planas para una mayor adaptabilidad. Dispone de un bolsillo trasero con cremallera y detalles de marca en vinilo, de estilo casual.\" \/>\n<meta property=\"og:url\" content=\"https:\/\/www.inverseteams.com\/es\/producto\/maillot-manga-larga-outter-boston-hombre\/\" \/>\n<meta property=\"og:site_name\" content=\"Inverseteams\" \/>\n<meta property=\"article:publisher\" content=\"https:\/\/www.facebook.com\/inverseteams\" \/>\n<meta property=\"article:modified_time\" content=\"2026-02-20T10:55:32+00:00\" \/>\n<meta property=\"og:image\" content=\"https:\/\/www.inverseteams.com\/wp-content\/uploads\/INVERSE-OUTTER-MAILLOT-BOSTON-001.jpg\" \/>\n\t<meta property=\"og:image:width\" content=\"1500\" \/>\n\t<meta property=\"og:image:height\" content=\"1612\" \/>\n\t<meta property=\"og:image:type\" content=\"image\/jpeg\" \/>\n<meta name=\"twitter:card\" content=\"summary_large_image\" \/>\n<meta name=\"twitter:label1\" content=\"Tiempo de lectura\" \/>\n\t<meta name=\"twitter:data1\" content=\"1 minuto\" \/>\n<script type=\"application\/ld+json\" class=\"yoast-schema-graph\">{\"@context\":\"https:\/\/schema.org\",\"@graph\":[{\"@type\":\"WebPage\",\"@id\":\"https:\/\/www.inverseteams.com\/es\/producto\/maillot-manga-larga-outter-boston-hombre\/\",\"url\":\"https:\/\/www.inverseteams.com\/es\/producto\/maillot-manga-larga-outter-boston-hombre\/\",\"name\":\"Maillot manga larga OUTTER BOSTON (HOMBRE) | Inverseteams\",\"isPartOf\":{\"@id\":\"https:\/\/www.inverseteams.com\/es\/#website\"},\"primaryImageOfPage\":{\"@id\":\"https:\/\/www.inverseteams.com\/es\/producto\/maillot-manga-larga-outter-boston-hombre\/#primaryimage\"},\"image\":{\"@id\":\"https:\/\/www.inverseteams.com\/es\/producto\/maillot-manga-larga-outter-boston-hombre\/#primaryimage\"},\"thumbnailUrl\":\"https:\/\/www.inverseteams.com\/wp-content\/uploads\/INVERSE-OUTTER-MAILLOT-BOSTON-001.jpg\",\"datePublished\":\"2025-10-03T07:21:51+00:00\",\"dateModified\":\"2026-02-20T10:55:32+00:00\",\"description\":\"Maillot para hombre con corte relaxed fit. Una prenda vers\u00e1til, ideal tanto para usar sobre la bicicleta como fuera de ella. Confeccionado con tejido SCUBA con efecto neopreno jaspeado de color gris. Las zonas bajo las mangas y las axilas est\u00e1n elaboradas con tejido t\u00e9rmico SUPERROUBAIX. Cuenta con una cremallera corta en la zona pectoral con sistema antipull, debajo de la cual se incluye una camiseta interior con ribete el\u00e1stico y un acabado termorregulador HeiQ Smart Temp\u2122. Esta pieza cubre \u00fanicamente la zona pecoral. Bajo engomado con silicona interior para un ajuste c\u00f3modo y holgado. Pu\u00f1os de goma espuma con sujeci\u00f3n suave y mangas confeccionadas con costuras planas para una mayor adaptabilidad. Dispone de un bolsillo trasero con cremallera y detalles de marca en vinilo, de estilo casual.\",\"breadcrumb\":{\"@id\":\"https:\/\/www.inverseteams.com\/es\/producto\/maillot-manga-larga-outter-boston-hombre\/#breadcrumb\"},\"inLanguage\":\"es\",\"potentialAction\":[{\"@type\":\"ReadAction\",\"target\":[\"https:\/\/www.inverseteams.com\/es\/producto\/maillot-manga-larga-outter-boston-hombre\/\"]}]},{\"@type\":\"ImageObject\",\"inLanguage\":\"es\",\"@id\":\"https:\/\/www.inverseteams.com\/es\/producto\/maillot-manga-larga-outter-boston-hombre\/#primaryimage\",\"url\":\"https:\/\/www.inverseteams.com\/wp-content\/uploads\/INVERSE-OUTTER-MAILLOT-BOSTON-001.jpg\",\"contentUrl\":\"https:\/\/www.inverseteams.com\/wp-content\/uploads\/INVERSE-OUTTER-MAILLOT-BOSTON-001.jpg\",\"width\":1500,\"height\":1612,\"caption\":\"MAILLOT CASUAL CICLISMO\"},{\"@type\":\"BreadcrumbList\",\"@id\":\"https:\/\/www.inverseteams.com\/es\/producto\/maillot-manga-larga-outter-boston-hombre\/#breadcrumb\",\"itemListElement\":[{\"@type\":\"ListItem\",\"position\":1,\"name\":\"Portada\",\"item\":\"https:\/\/www.inverseteams.com\/es\/\"},{\"@type\":\"ListItem\",\"position\":2,\"name\":\"Tienda\",\"item\":\"https:\/\/www.inverseteams.com\/es\/tienda\/\"},{\"@type\":\"ListItem\",\"position\":3,\"name\":\"Maillot manga larga OUTTER BOSTON (HOMBRE)\"}]},{\"@type\":\"WebSite\",\"@id\":\"https:\/\/www.inverseteams.com\/es\/#website\",\"url\":\"https:\/\/www.inverseteams.com\/es\/\",\"name\":\"Inverseteams\",\"description\":\"Tu marca de ropa deportiva personalizada\",\"publisher\":{\"@id\":\"https:\/\/www.inverseteams.com\/es\/#organization\"},\"potentialAction\":[{\"@type\":\"SearchAction\",\"target\":{\"@type\":\"EntryPoint\",\"urlTemplate\":\"https:\/\/www.inverseteams.com\/es\/?s={search_term_string}\"},\"query-input\":{\"@type\":\"PropertyValueSpecification\",\"valueRequired\":true,\"valueName\":\"search_term_string\"}}],\"inLanguage\":\"es\"},{\"@type\":\"Organization\",\"@id\":\"https:\/\/www.inverseteams.com\/es\/#organization\",\"name\":\"Inverse Teams\",\"url\":\"https:\/\/www.inverseteams.com\/es\/\",\"logo\":{\"@type\":\"ImageObject\",\"inLanguage\":\"es\",\"@id\":\"https:\/\/www.inverseteams.com\/es\/#\/schema\/logo\/image\/\",\"url\":\"https:\/\/www.inverseteams.com\/wp-content\/uploads\/2021\/03\/logo-inverse-teams.png\",\"contentUrl\":\"https:\/\/www.inverseteams.com\/wp-content\/uploads\/2021\/03\/logo-inverse-teams.png\",\"width\":294,\"height\":99,\"caption\":\"Inverse Teams\"},\"image\":{\"@id\":\"https:\/\/www.inverseteams.com\/es\/#\/schema\/logo\/image\/\"},\"sameAs\":[\"https:\/\/www.facebook.com\/inverseteams\",\"http:\/\/instagram.com\/inverseteams\",\"https:\/\/www.linkedin.com\/company\/inverse-cirosport-s-l-?trk=job_view_topcard_company_name\",\"http:\/\/www.pinterest.com\/inverseteams\/\",\"http:\/\/www.youtube.com\/user\/inverseteams?feature=watch\"]}]}<\/script>\n<!-- \/ Yoast SEO plugin. -->","yoast_head_json":{"title":"Maillot manga larga OUTTER BOSTON (HOMBRE) | Inverseteams","description":"Maillot para hombre con corte relaxed fit. Una prenda vers\u00e1til, ideal tanto para usar sobre la bicicleta como fuera de ella. Confeccionado con tejido SCUBA con efecto neopreno jaspeado de color gris. Las zonas bajo las mangas y las axilas est\u00e1n elaboradas con tejido t\u00e9rmico SUPERROUBAIX. Cuenta con una cremallera corta en la zona pectoral con sistema antipull, debajo de la cual se incluye una camiseta interior con ribete el\u00e1stico y un acabado termorregulador HeiQ Smart Temp\u2122. Esta pieza cubre \u00fanicamente la zona pecoral. Bajo engomado con silicona interior para un ajuste c\u00f3modo y holgado. Pu\u00f1os de goma espuma con sujeci\u00f3n suave y mangas confeccionadas con costuras planas para una mayor adaptabilidad. Dispone de un bolsillo trasero con cremallera y detalles de marca en vinilo, de estilo casual.","robots":{"index":"index","follow":"follow","max-snippet":"max-snippet:-1","max-image-preview":"max-image-preview:large","max-video-preview":"max-video-preview:-1"},"canonical":"https:\/\/www.inverseteams.com\/es\/producto\/maillot-manga-larga-outter-boston-hombre\/","og_locale":"es_ES","og_type":"article","og_title":"Maillot manga larga OUTTER BOSTON (HOMBRE) | Inverseteams","og_description":"Maillot para hombre con corte relaxed fit. Una prenda vers\u00e1til, ideal tanto para usar sobre la bicicleta como fuera de ella. Confeccionado con tejido SCUBA con efecto neopreno jaspeado de color gris. Las zonas bajo las mangas y las axilas est\u00e1n elaboradas con tejido t\u00e9rmico SUPERROUBAIX. Cuenta con una cremallera corta en la zona pectoral con sistema antipull, debajo de la cual se incluye una camiseta interior con ribete el\u00e1stico y un acabado termorregulador HeiQ Smart Temp\u2122. Esta pieza cubre \u00fanicamente la zona pecoral. Bajo engomado con silicona interior para un ajuste c\u00f3modo y holgado. Pu\u00f1os de goma espuma con sujeci\u00f3n suave y mangas confeccionadas con costuras planas para una mayor adaptabilidad. Dispone de un bolsillo trasero con cremallera y detalles de marca en vinilo, de estilo casual.","og_url":"https:\/\/www.inverseteams.com\/es\/producto\/maillot-manga-larga-outter-boston-hombre\/","og_site_name":"Inverseteams","article_publisher":"https:\/\/www.facebook.com\/inverseteams","article_modified_time":"2026-02-20T10:55:32+00:00","og_image":[{"width":1500,"height":1612,"url":"https:\/\/www.inverseteams.com\/wp-content\/uploads\/INVERSE-OUTTER-MAILLOT-BOSTON-001.jpg","type":"image\/jpeg"}],"twitter_card":"summary_large_image","twitter_misc":{"Tiempo de lectura":"1 minuto"},"schema":{"@context":"https:\/\/schema.org","@graph":[{"@type":"WebPage","@id":"https:\/\/www.inverseteams.com\/es\/producto\/maillot-manga-larga-outter-boston-hombre\/","url":"https:\/\/www.inverseteams.com\/es\/producto\/maillot-manga-larga-outter-boston-hombre\/","name":"Maillot manga larga OUTTER BOSTON (HOMBRE) | Inverseteams","isPartOf":{"@id":"https:\/\/www.inverseteams.com\/es\/#website"},"primaryImageOfPage":{"@id":"https:\/\/www.inverseteams.com\/es\/producto\/maillot-manga-larga-outter-boston-hombre\/#primaryimage"},"image":{"@id":"https:\/\/www.inverseteams.com\/es\/producto\/maillot-manga-larga-outter-boston-hombre\/#primaryimage"},"thumbnailUrl":"https:\/\/www.inverseteams.com\/wp-content\/uploads\/INVERSE-OUTTER-MAILLOT-BOSTON-001.jpg","datePublished":"2025-10-03T07:21:51+00:00","dateModified":"2026-02-20T10:55:32+00:00","description":"Maillot para hombre con corte relaxed fit. Una prenda vers\u00e1til, ideal tanto para usar sobre la bicicleta como fuera de ella. Confeccionado con tejido SCUBA con efecto neopreno jaspeado de color gris. Las zonas bajo las mangas y las axilas est\u00e1n elaboradas con tejido t\u00e9rmico SUPERROUBAIX. Cuenta con una cremallera corta en la zona pectoral con sistema antipull, debajo de la cual se incluye una camiseta interior con ribete el\u00e1stico y un acabado termorregulador HeiQ Smart Temp\u2122. Esta pieza cubre \u00fanicamente la zona pecoral. Bajo engomado con silicona interior para un ajuste c\u00f3modo y holgado. Pu\u00f1os de goma espuma con sujeci\u00f3n suave y mangas confeccionadas con costuras planas para una mayor adaptabilidad. Dispone de un bolsillo trasero con cremallera y detalles de marca en vinilo, de estilo casual.","breadcrumb":{"@id":"https:\/\/www.inverseteams.com\/es\/producto\/maillot-manga-larga-outter-boston-hombre\/#breadcrumb"},"inLanguage":"es","potentialAction":[{"@type":"ReadAction","target":["https:\/\/www.inverseteams.com\/es\/producto\/maillot-manga-larga-outter-boston-hombre\/"]}]},{"@type":"ImageObject","inLanguage":"es","@id":"https:\/\/www.inverseteams.com\/es\/producto\/maillot-manga-larga-outter-boston-hombre\/#primaryimage","url":"https:\/\/www.inverseteams.com\/wp-content\/uploads\/INVERSE-OUTTER-MAILLOT-BOSTON-001.jpg","contentUrl":"https:\/\/www.inverseteams.com\/wp-content\/uploads\/INVERSE-OUTTER-MAILLOT-BOSTON-001.jpg","width":1500,"height":1612,"caption":"MAILLOT CASUAL CICLISMO"},{"@type":"BreadcrumbList","@id":"https:\/\/www.inverseteams.com\/es\/producto\/maillot-manga-larga-outter-boston-hombre\/#breadcrumb","itemListElement":[{"@type":"ListItem","position":1,"name":"Portada","item":"https:\/\/www.inverseteams.com\/es\/"},{"@type":"ListItem","position":2,"name":"Tienda","item":"https:\/\/www.inverseteams.com\/es\/tienda\/"},{"@type":"ListItem","position":3,"name":"Maillot manga larga OUTTER BOSTON (HOMBRE)"}]},{"@type":"WebSite","@id":"https:\/\/www.inverseteams.com\/es\/#website","url":"https:\/\/www.inverseteams.com\/es\/","name":"Inverseteams","description":"Tu marca de ropa deportiva personalizada","publisher":{"@id":"https:\/\/www.inverseteams.com\/es\/#organization"},"potentialAction":[{"@type":"SearchAction","target":{"@type":"EntryPoint","urlTemplate":"https:\/\/www.inverseteams.com\/es\/?s={search_term_string}"},"query-input":{"@type":"PropertyValueSpecification","valueRequired":true,"valueName":"search_term_string"}}],"inLanguage":"es"},{"@type":"Organization","@id":"https:\/\/www.inverseteams.com\/es\/#organization","name":"Inverse Teams","url":"https:\/\/www.inverseteams.com\/es\/","logo":{"@type":"ImageObject","inLanguage":"es","@id":"https:\/\/www.inverseteams.com\/es\/#\/schema\/logo\/image\/","url":"https:\/\/www.inverseteams.com\/wp-content\/uploads\/2021\/03\/logo-inverse-teams.png","contentUrl":"https:\/\/www.inverseteams.com\/wp-content\/uploads\/2021\/03\/logo-inverse-teams.png","width":294,"height":99,"caption":"Inverse Teams"},"image":{"@id":"https:\/\/www.inverseteams.com\/es\/#\/schema\/logo\/image\/"},"sameAs":["https:\/\/www.facebook.com\/inverseteams","http:\/\/instagram.com\/inverseteams","https:\/\/www.linkedin.com\/company\/inverse-cirosport-s-l-?trk=job_view_topcard_company_name","http:\/\/www.pinterest.com\/inverseteams\/","http:\/\/www.youtube.com\/user\/inverseteams?feature=watch"]}]}},"_links":{"self":[{"href":"https:\/\/www.inverseteams.com\/es\/wp-json\/wp\/v2\/product\/268826","targetHints":{"allow":["GET"]}}],"collection":[{"href":"https:\/\/www.inverseteams.com\/es\/wp-json\/wp\/v2\/product"}],"about":[{"href":"https:\/\/www.inverseteams.com\/es\/wp-json\/wp\/v2\/types\/product"}],"replies":[{"embeddable":true,"href":"https:\/\/www.inverseteams.com\/es\/wp-json\/wp\/v2\/comments?post=268826"}],"wp:featuredmedia":[{"embeddable":true,"href":"https:\/\/www.inverseteams.com\/es\/wp-json\/wp\/v2\/media\/268758"}],"wp:attachment":[{"href":"https:\/\/www.inverseteams.com\/es\/wp-json\/wp\/v2\/media?parent=268826"}],"wp:term":[{"taxonomy":"product_brand","embeddable":true,"href":"https:\/\/www.inverseteams.com\/es\/wp-json\/wp\/v2\/product_brand?post=268826"},{"taxonomy":"product_cat","embeddable":true,"href":"https:\/\/www.inverseteams.com\/es\/wp-json\/wp\/v2\/product_cat?post=268826"},{"taxonomy":"product_tag","embeddable":true,"href":"https:\/\/www.inverseteams.com\/es\/wp-json\/wp\/v2\/product_tag?post=268826"},{"taxonomy":"custom_category","embeddable":true,"href":"https:\/\/www.inverseteams.com\/es\/wp-json\/wp\/v2\/custom_category?post=268826"},{"taxonomy":"range","embeddable":true,"href":"https:\/\/www.inverseteams.com\/es\/wp-json\/wp\/v2\/range?post=268826"}],"curies":[{"name":"wp","href":"https:\/\/api.w.org\/{rel}","templated":true}]}}