{"id":268778,"date":"2025-10-03T06:25:44","date_gmt":"2025-10-03T06:25:44","guid":{"rendered":"https:\/\/www.inverseteams.com\/?post_type=product&#038;p=268778"},"modified":"2026-03-23T13:24:36","modified_gmt":"2026-03-23T12:24:36","slug":"chaleco-reversible-outter-artik-camel-black-hombre","status":"publish","type":"product","link":"https:\/\/www.inverseteams.com\/es\/producto\/chaleco-reversible-outter-artik-camel-black-hombre\/","title":{"rendered":"Chaleco reversible OUTTER ARTIK CAMEL\/BLACK (HOMBRE)"},"content":{"rendered":"<p>Chaleco reversible para hombre muy ligero, cortavientos e impermeable, imprescindible en los d\u00edas de climatolog\u00eda variable y de estilo casual. Una prenda vers\u00e1til, ideal tanto para usar sobre la bicicleta como fuera de ella.<br \/>\nEn la parte superior del chaleco, el tejido acolchado PrimaLoft\u00ae garantiza un excelente aislamiento t\u00e9rmico, mientras que la capa exterior RIPSTOP repele el agua.<br \/>\nConfeccionado con membrana bidireccional, las propiedades del chaleco son las mismas por ambos lados. La zona lumbar est\u00e1 confeccionada con tejido de rejilla para aumentar la transpirabilidad acabado con un ribete reflectante. Adem\u00e1s, dispone de 2 aperturas lumbares para acceder de forma r\u00e1pida y f\u00e1cil a los bolsillos del maillot.<br \/>\nTiene una cremallera integral con sistema antipull y doble carro para poder abrirlo en ambas direcciones. La zona de las axilas est\u00e1n acabadas con un ribete el\u00e1stico que se ajusta al cuerpo y evita la entrada de aire, aumentando la aerodin\u00e1mica. En la cintura tiene una banda el\u00e1stica con un grip de silicona antideslizante en el interior para mantener el chaleco bien ajustado al cuerpo.<\/p>\n","protected":false},"excerpt":{"rendered":"<p>Chaleco reversible para hombre muy ligero, cortavientos e impermeable, imprescindible en los d\u00edas de climatolog\u00eda variable y de estilo casual. Una prenda vers\u00e1til, ideal tanto para usar sobre la bicicleta como fuera de ella.<br \/>\nEn la parte superior del chaleco, el tejido acolchado PrimaLoft\u00ae garantiza un excelente aislamiento t\u00e9rmico, mientras que la capa exterior RIPSTOP repele el agua.<br \/>\nConfeccionado con membrana bidireccional, las propiedades del chaleco son las mismas por ambos lados. La zona lumbar est\u00e1 confeccionada con tejido de rejilla para aumentar la transpirabilidad acabado con un ribete reflectante. Adem\u00e1s, dispone de 2 aperturas lumbares para acceder de forma r\u00e1pida y f\u00e1cil a los bolsillos del maillot.<br \/>\nTiene una cremallera integral con sistema antipull y doble carro para poder abrirlo en ambas direcciones. La zona de las axilas est\u00e1n acabadas con un ribete el\u00e1stico que se ajusta al cuerpo y evita la entrada de aire, aumentando la aerodin\u00e1mica. En la cintura tiene una banda el\u00e1stica con un grip de silicona antideslizante en el interior para mantener el chaleco bien ajustado al cuerpo.<\/p>\n","protected":false},"featured_media":268648,"comment_status":"closed","ping_status":"closed","template":"","meta":{"_acf_changed":false},"product_brand":[],"product_cat":[132,9946,1095,7174],"product_tag":[],"custom_category":[],"range":[],"class_list":{"0":"post-268778","1":"product","2":"type-product","3":"status-publish","4":"has-post-thumbnail","6":"product_cat-ciclismo","7":"product_cat-gravel","8":"product_cat-chaleco-ciclismo","9":"product_cat-b2b","10":"pa_climatologia-frio","11":"pa_climatologia-viento","12":"pa_climatologia-lluvia","13":"pa_deporte-ciclismo","14":"pa_genero-hombre","15":"pa_patronaje-regular","16":"pa_talla-s","17":"pa_talla-m","18":"pa_talla-l","19":"pa_talla-xl","20":"pa_talla-xxl","21":"pa_tipo-de-prenda-chaleco","23":"first","24":"instock","25":"taxable","26":"shipping-taxable","27":"purchasable","28":"product-type-variable","29":"has-default-attributes"},"acf":[],"yoast_head":"<!-- This site is optimized with the Yoast SEO plugin v27.3 - https:\/\/yoast.com\/product\/yoast-seo-wordpress\/ -->\n<title>Chaleco reversible OUTTER ARTIK CAMEL\/BLACK (HOMBRE) | Inverseteams<\/title>\n<meta name=\"description\" content=\"Chaleco reversible para hombre muy ligero, cortavientos e impermeable, imprescindible en los d\u00edas de climatolog\u00eda variable y de estilo casual. Una prenda vers\u00e1til, ideal tanto para usar sobre la bicicleta como fuera de ella. En la parte superior del chaleco, el tejido acolchado PrimaLoft\u00ae garantiza un excelente aislamiento t\u00e9rmico, mientras que la capa exterior RIPSTOP repele el agua. Confeccionado con membrana bidireccional, las propiedades del chaleco son las mismas por ambos lados. La zona lumbar est\u00e1 confeccionada con tejido de rejilla para aumentar la transpirabilidad acabado con un ribete reflectante. Adem\u00e1s, dispone de 2 aperturas lumbares para acceder de forma r\u00e1pida y f\u00e1cil a los bolsillos del maillot. Tiene una cremallera integral con sistema antipull y doble carro para poder abrirlo en ambas direcciones. La zona de las axilas est\u00e1n acabadas con un ribete el\u00e1stico que se ajusta al cuerpo y evita la entrada de aire, aumentando la aerodin\u00e1mica. En la cintura tiene una banda el\u00e1stica con un grip de silicona antideslizante en el interior para mantener el chaleco bien ajustado al cuerpo.\" \/>\n<meta name=\"robots\" content=\"index, follow, max-snippet:-1, max-image-preview:large, max-video-preview:-1\" \/>\n<link rel=\"canonical\" href=\"https:\/\/www.inverseteams.com\/es\/producto\/chaleco-reversible-outter-artik-camel-black-hombre\/\" \/>\n<meta property=\"og:locale\" content=\"es_ES\" \/>\n<meta property=\"og:type\" content=\"article\" \/>\n<meta property=\"og:title\" content=\"Chaleco reversible OUTTER ARTIK CAMEL\/BLACK (HOMBRE) | Inverseteams\" \/>\n<meta property=\"og:description\" content=\"Chaleco reversible para hombre muy ligero, cortavientos e impermeable, imprescindible en los d\u00edas de climatolog\u00eda variable y de estilo casual. Una prenda vers\u00e1til, ideal tanto para usar sobre la bicicleta como fuera de ella. En la parte superior del chaleco, el tejido acolchado PrimaLoft\u00ae garantiza un excelente aislamiento t\u00e9rmico, mientras que la capa exterior RIPSTOP repele el agua. Confeccionado con membrana bidireccional, las propiedades del chaleco son las mismas por ambos lados. La zona lumbar est\u00e1 confeccionada con tejido de rejilla para aumentar la transpirabilidad acabado con un ribete reflectante. Adem\u00e1s, dispone de 2 aperturas lumbares para acceder de forma r\u00e1pida y f\u00e1cil a los bolsillos del maillot. Tiene una cremallera integral con sistema antipull y doble carro para poder abrirlo en ambas direcciones. La zona de las axilas est\u00e1n acabadas con un ribete el\u00e1stico que se ajusta al cuerpo y evita la entrada de aire, aumentando la aerodin\u00e1mica. En la cintura tiene una banda el\u00e1stica con un grip de silicona antideslizante en el interior para mantener el chaleco bien ajustado al cuerpo.\" \/>\n<meta property=\"og:url\" content=\"https:\/\/www.inverseteams.com\/es\/producto\/chaleco-reversible-outter-artik-camel-black-hombre\/\" \/>\n<meta property=\"og:site_name\" content=\"Inverseteams\" \/>\n<meta property=\"article:publisher\" content=\"https:\/\/www.facebook.com\/inverseteams\" \/>\n<meta property=\"article:modified_time\" content=\"2026-03-23T12:24:36+00:00\" \/>\n<meta property=\"og:image\" content=\"https:\/\/www.inverseteams.com\/wp-content\/uploads\/INVERSE-OUTTER-CHALECO-REVERSIBLE-ARTIK-001.jpg\" \/>\n\t<meta property=\"og:image:width\" content=\"1500\" \/>\n\t<meta property=\"og:image:height\" content=\"1612\" \/>\n\t<meta property=\"og:image:type\" content=\"image\/jpeg\" \/>\n<meta name=\"twitter:card\" content=\"summary_large_image\" \/>\n<meta name=\"twitter:label1\" content=\"Tiempo de lectura\" \/>\n\t<meta name=\"twitter:data1\" content=\"1 minuto\" \/>\n<script type=\"application\/ld+json\" class=\"yoast-schema-graph\">{\"@context\":\"https:\\\/\\\/schema.org\",\"@graph\":[{\"@type\":\"WebPage\",\"@id\":\"https:\\\/\\\/www.inverseteams.com\\\/es\\\/producto\\\/chaleco-reversible-outter-artik-camel-black-hombre\\\/\",\"url\":\"https:\\\/\\\/www.inverseteams.com\\\/es\\\/producto\\\/chaleco-reversible-outter-artik-camel-black-hombre\\\/\",\"name\":\"Chaleco reversible OUTTER ARTIK CAMEL\\\/BLACK (HOMBRE) | Inverseteams\",\"isPartOf\":{\"@id\":\"https:\\\/\\\/www.inverseteams.com\\\/es\\\/#website\"},\"primaryImageOfPage\":{\"@id\":\"https:\\\/\\\/www.inverseteams.com\\\/es\\\/producto\\\/chaleco-reversible-outter-artik-camel-black-hombre\\\/#primaryimage\"},\"image\":{\"@id\":\"https:\\\/\\\/www.inverseteams.com\\\/es\\\/producto\\\/chaleco-reversible-outter-artik-camel-black-hombre\\\/#primaryimage\"},\"thumbnailUrl\":\"https:\\\/\\\/www.inverseteams.com\\\/wp-content\\\/uploads\\\/INVERSE-OUTTER-CHALECO-REVERSIBLE-ARTIK-001.jpg\",\"datePublished\":\"2025-10-03T06:25:44+00:00\",\"dateModified\":\"2026-03-23T12:24:36+00:00\",\"description\":\"Chaleco reversible para hombre muy ligero, cortavientos e impermeable, imprescindible en los d\u00edas de climatolog\u00eda variable y de estilo casual. Una prenda vers\u00e1til, ideal tanto para usar sobre la bicicleta como fuera de ella. En la parte superior del chaleco, el tejido acolchado PrimaLoft\u00ae garantiza un excelente aislamiento t\u00e9rmico, mientras que la capa exterior RIPSTOP repele el agua. Confeccionado con membrana bidireccional, las propiedades del chaleco son las mismas por ambos lados. La zona lumbar est\u00e1 confeccionada con tejido de rejilla para aumentar la transpirabilidad acabado con un ribete reflectante. Adem\u00e1s, dispone de 2 aperturas lumbares para acceder de forma r\u00e1pida y f\u00e1cil a los bolsillos del maillot. Tiene una cremallera integral con sistema antipull y doble carro para poder abrirlo en ambas direcciones. La zona de las axilas est\u00e1n acabadas con un ribete el\u00e1stico que se ajusta al cuerpo y evita la entrada de aire, aumentando la aerodin\u00e1mica. En la cintura tiene una banda el\u00e1stica con un grip de silicona antideslizante en el interior para mantener el chaleco bien ajustado al cuerpo.\",\"breadcrumb\":{\"@id\":\"https:\\\/\\\/www.inverseteams.com\\\/es\\\/producto\\\/chaleco-reversible-outter-artik-camel-black-hombre\\\/#breadcrumb\"},\"inLanguage\":\"es\",\"potentialAction\":[{\"@type\":\"ReadAction\",\"target\":[\"https:\\\/\\\/www.inverseteams.com\\\/es\\\/producto\\\/chaleco-reversible-outter-artik-camel-black-hombre\\\/\"]}]},{\"@type\":\"ImageObject\",\"inLanguage\":\"es\",\"@id\":\"https:\\\/\\\/www.inverseteams.com\\\/es\\\/producto\\\/chaleco-reversible-outter-artik-camel-black-hombre\\\/#primaryimage\",\"url\":\"https:\\\/\\\/www.inverseteams.com\\\/wp-content\\\/uploads\\\/INVERSE-OUTTER-CHALECO-REVERSIBLE-ARTIK-001.jpg\",\"contentUrl\":\"https:\\\/\\\/www.inverseteams.com\\\/wp-content\\\/uploads\\\/INVERSE-OUTTER-CHALECO-REVERSIBLE-ARTIK-001.jpg\",\"width\":1500,\"height\":1612,\"caption\":\"CHALECO REVERSIBLE CICLISMO\"},{\"@type\":\"BreadcrumbList\",\"@id\":\"https:\\\/\\\/www.inverseteams.com\\\/es\\\/producto\\\/chaleco-reversible-outter-artik-camel-black-hombre\\\/#breadcrumb\",\"itemListElement\":[{\"@type\":\"ListItem\",\"position\":1,\"name\":\"Portada\",\"item\":\"https:\\\/\\\/www.inverseteams.com\\\/es\\\/\"},{\"@type\":\"ListItem\",\"position\":2,\"name\":\"Tienda\",\"item\":\"https:\\\/\\\/www.inverseteams.com\\\/es\\\/tienda\\\/\"},{\"@type\":\"ListItem\",\"position\":3,\"name\":\"Chaleco reversible OUTTER ARTIK CAMEL\\\/BLACK (HOMBRE)\"}]},{\"@type\":\"WebSite\",\"@id\":\"https:\\\/\\\/www.inverseteams.com\\\/es\\\/#website\",\"url\":\"https:\\\/\\\/www.inverseteams.com\\\/es\\\/\",\"name\":\"Inverseteams\",\"description\":\"Tu marca de ropa deportiva personalizada\",\"publisher\":{\"@id\":\"https:\\\/\\\/www.inverseteams.com\\\/es\\\/#organization\"},\"potentialAction\":[{\"@type\":\"SearchAction\",\"target\":{\"@type\":\"EntryPoint\",\"urlTemplate\":\"https:\\\/\\\/www.inverseteams.com\\\/es\\\/?s={search_term_string}\"},\"query-input\":{\"@type\":\"PropertyValueSpecification\",\"valueRequired\":true,\"valueName\":\"search_term_string\"}}],\"inLanguage\":\"es\"},{\"@type\":\"Organization\",\"@id\":\"https:\\\/\\\/www.inverseteams.com\\\/es\\\/#organization\",\"name\":\"Inverse Teams\",\"url\":\"https:\\\/\\\/www.inverseteams.com\\\/es\\\/\",\"logo\":{\"@type\":\"ImageObject\",\"inLanguage\":\"es\",\"@id\":\"https:\\\/\\\/www.inverseteams.com\\\/es\\\/#\\\/schema\\\/logo\\\/image\\\/\",\"url\":\"http:\\\/\\\/www.inverseteams.com\\\/wp-content\\\/uploads\\\/2021\\\/03\\\/logo-inverse-teams.png\",\"contentUrl\":\"http:\\\/\\\/www.inverseteams.com\\\/wp-content\\\/uploads\\\/2021\\\/03\\\/logo-inverse-teams.png\",\"width\":294,\"height\":99,\"caption\":\"Inverse Teams\"},\"image\":{\"@id\":\"https:\\\/\\\/www.inverseteams.com\\\/es\\\/#\\\/schema\\\/logo\\\/image\\\/\"},\"sameAs\":[\"https:\\\/\\\/www.facebook.com\\\/inverseteams\",\"http:\\\/\\\/instagram.com\\\/inverseteams\",\"https:\\\/\\\/www.linkedin.com\\\/company\\\/inverse-cirosport-s-l-?trk=job_view_topcard_company_name\",\"http:\\\/\\\/www.pinterest.com\\\/inverseteams\\\/\",\"http:\\\/\\\/www.youtube.com\\\/user\\\/inverseteams?feature=watch\"]}]}<\/script>\n<!-- \/ Yoast SEO plugin. -->","yoast_head_json":{"title":"Chaleco reversible OUTTER ARTIK CAMEL\/BLACK (HOMBRE) | Inverseteams","description":"Chaleco reversible para hombre muy ligero, cortavientos e impermeable, imprescindible en los d\u00edas de climatolog\u00eda variable y de estilo casual. Una prenda vers\u00e1til, ideal tanto para usar sobre la bicicleta como fuera de ella. En la parte superior del chaleco, el tejido acolchado PrimaLoft\u00ae garantiza un excelente aislamiento t\u00e9rmico, mientras que la capa exterior RIPSTOP repele el agua. Confeccionado con membrana bidireccional, las propiedades del chaleco son las mismas por ambos lados. La zona lumbar est\u00e1 confeccionada con tejido de rejilla para aumentar la transpirabilidad acabado con un ribete reflectante. Adem\u00e1s, dispone de 2 aperturas lumbares para acceder de forma r\u00e1pida y f\u00e1cil a los bolsillos del maillot. Tiene una cremallera integral con sistema antipull y doble carro para poder abrirlo en ambas direcciones. La zona de las axilas est\u00e1n acabadas con un ribete el\u00e1stico que se ajusta al cuerpo y evita la entrada de aire, aumentando la aerodin\u00e1mica. En la cintura tiene una banda el\u00e1stica con un grip de silicona antideslizante en el interior para mantener el chaleco bien ajustado al cuerpo.","robots":{"index":"index","follow":"follow","max-snippet":"max-snippet:-1","max-image-preview":"max-image-preview:large","max-video-preview":"max-video-preview:-1"},"canonical":"https:\/\/www.inverseteams.com\/es\/producto\/chaleco-reversible-outter-artik-camel-black-hombre\/","og_locale":"es_ES","og_type":"article","og_title":"Chaleco reversible OUTTER ARTIK CAMEL\/BLACK (HOMBRE) | Inverseteams","og_description":"Chaleco reversible para hombre muy ligero, cortavientos e impermeable, imprescindible en los d\u00edas de climatolog\u00eda variable y de estilo casual. Una prenda vers\u00e1til, ideal tanto para usar sobre la bicicleta como fuera de ella. En la parte superior del chaleco, el tejido acolchado PrimaLoft\u00ae garantiza un excelente aislamiento t\u00e9rmico, mientras que la capa exterior RIPSTOP repele el agua. Confeccionado con membrana bidireccional, las propiedades del chaleco son las mismas por ambos lados. La zona lumbar est\u00e1 confeccionada con tejido de rejilla para aumentar la transpirabilidad acabado con un ribete reflectante. Adem\u00e1s, dispone de 2 aperturas lumbares para acceder de forma r\u00e1pida y f\u00e1cil a los bolsillos del maillot. Tiene una cremallera integral con sistema antipull y doble carro para poder abrirlo en ambas direcciones. La zona de las axilas est\u00e1n acabadas con un ribete el\u00e1stico que se ajusta al cuerpo y evita la entrada de aire, aumentando la aerodin\u00e1mica. En la cintura tiene una banda el\u00e1stica con un grip de silicona antideslizante en el interior para mantener el chaleco bien ajustado al cuerpo.","og_url":"https:\/\/www.inverseteams.com\/es\/producto\/chaleco-reversible-outter-artik-camel-black-hombre\/","og_site_name":"Inverseteams","article_publisher":"https:\/\/www.facebook.com\/inverseteams","article_modified_time":"2026-03-23T12:24:36+00:00","og_image":[{"width":1500,"height":1612,"url":"https:\/\/www.inverseteams.com\/wp-content\/uploads\/INVERSE-OUTTER-CHALECO-REVERSIBLE-ARTIK-001.jpg","type":"image\/jpeg"}],"twitter_card":"summary_large_image","twitter_misc":{"Tiempo de lectura":"1 minuto"},"schema":{"@context":"https:\/\/schema.org","@graph":[{"@type":"WebPage","@id":"https:\/\/www.inverseteams.com\/es\/producto\/chaleco-reversible-outter-artik-camel-black-hombre\/","url":"https:\/\/www.inverseteams.com\/es\/producto\/chaleco-reversible-outter-artik-camel-black-hombre\/","name":"Chaleco reversible OUTTER ARTIK CAMEL\/BLACK (HOMBRE) | Inverseteams","isPartOf":{"@id":"https:\/\/www.inverseteams.com\/es\/#website"},"primaryImageOfPage":{"@id":"https:\/\/www.inverseteams.com\/es\/producto\/chaleco-reversible-outter-artik-camel-black-hombre\/#primaryimage"},"image":{"@id":"https:\/\/www.inverseteams.com\/es\/producto\/chaleco-reversible-outter-artik-camel-black-hombre\/#primaryimage"},"thumbnailUrl":"https:\/\/www.inverseteams.com\/wp-content\/uploads\/INVERSE-OUTTER-CHALECO-REVERSIBLE-ARTIK-001.jpg","datePublished":"2025-10-03T06:25:44+00:00","dateModified":"2026-03-23T12:24:36+00:00","description":"Chaleco reversible para hombre muy ligero, cortavientos e impermeable, imprescindible en los d\u00edas de climatolog\u00eda variable y de estilo casual. Una prenda vers\u00e1til, ideal tanto para usar sobre la bicicleta como fuera de ella. En la parte superior del chaleco, el tejido acolchado PrimaLoft\u00ae garantiza un excelente aislamiento t\u00e9rmico, mientras que la capa exterior RIPSTOP repele el agua. Confeccionado con membrana bidireccional, las propiedades del chaleco son las mismas por ambos lados. La zona lumbar est\u00e1 confeccionada con tejido de rejilla para aumentar la transpirabilidad acabado con un ribete reflectante. Adem\u00e1s, dispone de 2 aperturas lumbares para acceder de forma r\u00e1pida y f\u00e1cil a los bolsillos del maillot. Tiene una cremallera integral con sistema antipull y doble carro para poder abrirlo en ambas direcciones. La zona de las axilas est\u00e1n acabadas con un ribete el\u00e1stico que se ajusta al cuerpo y evita la entrada de aire, aumentando la aerodin\u00e1mica. En la cintura tiene una banda el\u00e1stica con un grip de silicona antideslizante en el interior para mantener el chaleco bien ajustado al cuerpo.","breadcrumb":{"@id":"https:\/\/www.inverseteams.com\/es\/producto\/chaleco-reversible-outter-artik-camel-black-hombre\/#breadcrumb"},"inLanguage":"es","potentialAction":[{"@type":"ReadAction","target":["https:\/\/www.inverseteams.com\/es\/producto\/chaleco-reversible-outter-artik-camel-black-hombre\/"]}]},{"@type":"ImageObject","inLanguage":"es","@id":"https:\/\/www.inverseteams.com\/es\/producto\/chaleco-reversible-outter-artik-camel-black-hombre\/#primaryimage","url":"https:\/\/www.inverseteams.com\/wp-content\/uploads\/INVERSE-OUTTER-CHALECO-REVERSIBLE-ARTIK-001.jpg","contentUrl":"https:\/\/www.inverseteams.com\/wp-content\/uploads\/INVERSE-OUTTER-CHALECO-REVERSIBLE-ARTIK-001.jpg","width":1500,"height":1612,"caption":"CHALECO REVERSIBLE CICLISMO"},{"@type":"BreadcrumbList","@id":"https:\/\/www.inverseteams.com\/es\/producto\/chaleco-reversible-outter-artik-camel-black-hombre\/#breadcrumb","itemListElement":[{"@type":"ListItem","position":1,"name":"Portada","item":"https:\/\/www.inverseteams.com\/es\/"},{"@type":"ListItem","position":2,"name":"Tienda","item":"https:\/\/www.inverseteams.com\/es\/tienda\/"},{"@type":"ListItem","position":3,"name":"Chaleco reversible OUTTER ARTIK CAMEL\/BLACK (HOMBRE)"}]},{"@type":"WebSite","@id":"https:\/\/www.inverseteams.com\/es\/#website","url":"https:\/\/www.inverseteams.com\/es\/","name":"Inverseteams","description":"Tu marca de ropa deportiva personalizada","publisher":{"@id":"https:\/\/www.inverseteams.com\/es\/#organization"},"potentialAction":[{"@type":"SearchAction","target":{"@type":"EntryPoint","urlTemplate":"https:\/\/www.inverseteams.com\/es\/?s={search_term_string}"},"query-input":{"@type":"PropertyValueSpecification","valueRequired":true,"valueName":"search_term_string"}}],"inLanguage":"es"},{"@type":"Organization","@id":"https:\/\/www.inverseteams.com\/es\/#organization","name":"Inverse Teams","url":"https:\/\/www.inverseteams.com\/es\/","logo":{"@type":"ImageObject","inLanguage":"es","@id":"https:\/\/www.inverseteams.com\/es\/#\/schema\/logo\/image\/","url":"https:\/\/www.inverseteams.com\/wp-content\/uploads\/2021\/03\/logo-inverse-teams.png","contentUrl":"https:\/\/www.inverseteams.com\/wp-content\/uploads\/2021\/03\/logo-inverse-teams.png","width":294,"height":99,"caption":"Inverse Teams"},"image":{"@id":"https:\/\/www.inverseteams.com\/es\/#\/schema\/logo\/image\/"},"sameAs":["https:\/\/www.facebook.com\/inverseteams","http:\/\/instagram.com\/inverseteams","https:\/\/www.linkedin.com\/company\/inverse-cirosport-s-l-?trk=job_view_topcard_company_name","http:\/\/www.pinterest.com\/inverseteams\/","http:\/\/www.youtube.com\/user\/inverseteams?feature=watch"]}]}},"_links":{"self":[{"href":"https:\/\/www.inverseteams.com\/es\/wp-json\/wp\/v2\/product\/268778","targetHints":{"allow":["GET"]}}],"collection":[{"href":"https:\/\/www.inverseteams.com\/es\/wp-json\/wp\/v2\/product"}],"about":[{"href":"https:\/\/www.inverseteams.com\/es\/wp-json\/wp\/v2\/types\/product"}],"replies":[{"embeddable":true,"href":"https:\/\/www.inverseteams.com\/es\/wp-json\/wp\/v2\/comments?post=268778"}],"wp:featuredmedia":[{"embeddable":true,"href":"https:\/\/www.inverseteams.com\/es\/wp-json\/wp\/v2\/media\/268648"}],"wp:attachment":[{"href":"https:\/\/www.inverseteams.com\/es\/wp-json\/wp\/v2\/media?parent=268778"}],"wp:term":[{"taxonomy":"product_brand","embeddable":true,"href":"https:\/\/www.inverseteams.com\/es\/wp-json\/wp\/v2\/product_brand?post=268778"},{"taxonomy":"product_cat","embeddable":true,"href":"https:\/\/www.inverseteams.com\/es\/wp-json\/wp\/v2\/product_cat?post=268778"},{"taxonomy":"product_tag","embeddable":true,"href":"https:\/\/www.inverseteams.com\/es\/wp-json\/wp\/v2\/product_tag?post=268778"},{"taxonomy":"custom_category","embeddable":true,"href":"https:\/\/www.inverseteams.com\/es\/wp-json\/wp\/v2\/custom_category?post=268778"},{"taxonomy":"range","embeddable":true,"href":"https:\/\/www.inverseteams.com\/es\/wp-json\/wp\/v2\/range?post=268778"}],"curies":[{"name":"wp","href":"https:\/\/api.w.org\/{rel}","templated":true}]}}