{"id":268575,"date":"2025-10-03T15:52:28","date_gmt":"2025-10-03T15:52:28","guid":{"rendered":"https:\/\/www.inverseteams.com\/?post_type=product&#038;p=268575"},"modified":"2026-03-24T13:56:35","modified_gmt":"2026-03-24T12:56:35","slug":"manguitos-termicos-oryx-black","status":"publish","type":"product","link":"https:\/\/www.inverseteams.com\/es\/producto\/manguitos-termicos-oryx-black\/","title":{"rendered":"Manguitos t\u00e9rmicos ORYX BLACK"},"content":{"rendered":"<p>Los manguitos t\u00e9rmicos actuan como una segunda piel para protegerte de las temperaturas m\u00e1s bajas. El tejido t\u00e9rmico SUPER ROUBAIX mantiene el calor sin aumentar la sudoraci\u00f3n y aporta una sensaci\u00f3n de confort total. Est\u00e1n confeccionados con costuras planas que evitan las rozaduras y la irritaci\u00f3n.<br \/>\nEn los extremos tiene una goma interior de silicona hipoalerg\u00e9nica que impide que se mueva. Tendr\u00e1s una libertad de movimientos total.<\/p>\n","protected":false},"excerpt":{"rendered":"<p>Los manguitos t\u00e9rmicos actuan como una segunda piel para protegerte de las temperaturas m\u00e1s bajas. El tejido t\u00e9rmico SUPER ROUBAIX mantiene el calor sin aumentar la sudoraci\u00f3n y aporta una sensaci\u00f3n de confort total. Est\u00e1n confeccionados con costuras planas que evitan las rozaduras y la irritaci\u00f3n.<br \/>\nEn los extremos tiene una goma interior de silicona hipoalerg\u00e9nica que impide que se mueva. Tendr\u00e1s una libertad de movimientos total.<\/p>\n","protected":false},"featured_media":271363,"comment_status":"closed","ping_status":"closed","template":"","meta":{"_acf_changed":false},"product_brand":[],"product_cat":[132,1079,7174],"product_tag":[],"custom_category":[],"range":[],"class_list":{"0":"post-268575","1":"product","2":"type-product","3":"status-publish","4":"has-post-thumbnail","6":"product_cat-ciclismo","7":"product_cat-accesorios","8":"product_cat-b2b","9":"pa_climatologia-frio","10":"pa_deporte-ciclismo","11":"pa_genero-hombre","12":"pa_genero-mujer","13":"pa_genero-infantil","14":"pa_talla-xs-s","15":"pa_talla-xl-xxl","16":"pa_talla-m-l","17":"pa_tipo-de-prenda-manguitos","19":"first","20":"instock","21":"taxable","22":"shipping-taxable","23":"purchasable","24":"product-type-variable","25":"has-default-attributes"},"acf":[],"yoast_head":"<!-- This site is optimized with the Yoast SEO plugin v27.3 - https:\/\/yoast.com\/product\/yoast-seo-wordpress\/ -->\n<title>Manguitos t\u00e9rmicos ORYX BLACK | Inverseteams<\/title>\n<meta name=\"description\" content=\"Los manguitos t\u00e9rmicos actuan como una segunda piel para protegerte de las temperaturas m\u00e1s bajas. El tejido t\u00e9rmico SUPER ROUBAIX mantiene el calor sin aumentar la sudoraci\u00f3n y aporta una sensaci\u00f3n de confort total. Est\u00e1n confeccionados con costuras planas que evitan las rozaduras y la irritaci\u00f3n. En los extremos tiene una goma interior de silicona hipoalerg\u00e9nica que impide que se mueva. Tendr\u00e1s una libertad de movimientos total.\" \/>\n<meta name=\"robots\" content=\"index, follow, max-snippet:-1, max-image-preview:large, max-video-preview:-1\" \/>\n<link rel=\"canonical\" href=\"https:\/\/www.inverseteams.com\/es\/producto\/manguitos-termicos-oryx-black\/\" \/>\n<meta property=\"og:locale\" content=\"es_ES\" \/>\n<meta property=\"og:type\" content=\"article\" \/>\n<meta property=\"og:title\" content=\"Manguitos t\u00e9rmicos ORYX BLACK | Inverseteams\" \/>\n<meta property=\"og:description\" content=\"Los manguitos t\u00e9rmicos actuan como una segunda piel para protegerte de las temperaturas m\u00e1s bajas. El tejido t\u00e9rmico SUPER ROUBAIX mantiene el calor sin aumentar la sudoraci\u00f3n y aporta una sensaci\u00f3n de confort total. Est\u00e1n confeccionados con costuras planas que evitan las rozaduras y la irritaci\u00f3n. En los extremos tiene una goma interior de silicona hipoalerg\u00e9nica que impide que se mueva. Tendr\u00e1s una libertad de movimientos total.\" \/>\n<meta property=\"og:url\" content=\"https:\/\/www.inverseteams.com\/es\/producto\/manguitos-termicos-oryx-black\/\" \/>\n<meta property=\"og:site_name\" content=\"Inverseteams\" \/>\n<meta property=\"article:publisher\" content=\"https:\/\/www.facebook.com\/inverseteams\" \/>\n<meta property=\"article:modified_time\" content=\"2026-03-24T12:56:35+00:00\" \/>\n<meta property=\"og:image\" content=\"https:\/\/www.inverseteams.com\/wp-content\/uploads\/INVERSE-MANGUITOS-PURE-ORYX-001.jpg\" \/>\n\t<meta property=\"og:image:width\" content=\"1500\" \/>\n\t<meta property=\"og:image:height\" content=\"1612\" \/>\n\t<meta property=\"og:image:type\" content=\"image\/jpeg\" \/>\n<meta name=\"twitter:card\" content=\"summary_large_image\" \/>\n<meta name=\"twitter:label1\" content=\"Tiempo de lectura\" \/>\n\t<meta name=\"twitter:data1\" content=\"1 minuto\" \/>\n<script type=\"application\/ld+json\" class=\"yoast-schema-graph\">{\"@context\":\"https:\\\/\\\/schema.org\",\"@graph\":[{\"@type\":\"WebPage\",\"@id\":\"https:\\\/\\\/www.inverseteams.com\\\/es\\\/producto\\\/manguitos-termicos-oryx-black\\\/\",\"url\":\"https:\\\/\\\/www.inverseteams.com\\\/es\\\/producto\\\/manguitos-termicos-oryx-black\\\/\",\"name\":\"Manguitos t\u00e9rmicos ORYX BLACK | Inverseteams\",\"isPartOf\":{\"@id\":\"https:\\\/\\\/www.inverseteams.com\\\/es\\\/#website\"},\"primaryImageOfPage\":{\"@id\":\"https:\\\/\\\/www.inverseteams.com\\\/es\\\/producto\\\/manguitos-termicos-oryx-black\\\/#primaryimage\"},\"image\":{\"@id\":\"https:\\\/\\\/www.inverseteams.com\\\/es\\\/producto\\\/manguitos-termicos-oryx-black\\\/#primaryimage\"},\"thumbnailUrl\":\"https:\\\/\\\/www.inverseteams.com\\\/wp-content\\\/uploads\\\/INVERSE-MANGUITOS-PURE-ORYX-001.jpg\",\"datePublished\":\"2025-10-03T15:52:28+00:00\",\"dateModified\":\"2026-03-24T12:56:35+00:00\",\"description\":\"Los manguitos t\u00e9rmicos actuan como una segunda piel para protegerte de las temperaturas m\u00e1s bajas. El tejido t\u00e9rmico SUPER ROUBAIX mantiene el calor sin aumentar la sudoraci\u00f3n y aporta una sensaci\u00f3n de confort total. Est\u00e1n confeccionados con costuras planas que evitan las rozaduras y la irritaci\u00f3n. En los extremos tiene una goma interior de silicona hipoalerg\u00e9nica que impide que se mueva. Tendr\u00e1s una libertad de movimientos total.\",\"breadcrumb\":{\"@id\":\"https:\\\/\\\/www.inverseteams.com\\\/es\\\/producto\\\/manguitos-termicos-oryx-black\\\/#breadcrumb\"},\"inLanguage\":\"es\",\"potentialAction\":[{\"@type\":\"ReadAction\",\"target\":[\"https:\\\/\\\/www.inverseteams.com\\\/es\\\/producto\\\/manguitos-termicos-oryx-black\\\/\"]}]},{\"@type\":\"ImageObject\",\"inLanguage\":\"es\",\"@id\":\"https:\\\/\\\/www.inverseteams.com\\\/es\\\/producto\\\/manguitos-termicos-oryx-black\\\/#primaryimage\",\"url\":\"https:\\\/\\\/www.inverseteams.com\\\/wp-content\\\/uploads\\\/INVERSE-MANGUITOS-PURE-ORYX-001.jpg\",\"contentUrl\":\"https:\\\/\\\/www.inverseteams.com\\\/wp-content\\\/uploads\\\/INVERSE-MANGUITOS-PURE-ORYX-001.jpg\",\"width\":1500,\"height\":1612,\"caption\":\"manguito ciclismo inverse\"},{\"@type\":\"BreadcrumbList\",\"@id\":\"https:\\\/\\\/www.inverseteams.com\\\/es\\\/producto\\\/manguitos-termicos-oryx-black\\\/#breadcrumb\",\"itemListElement\":[{\"@type\":\"ListItem\",\"position\":1,\"name\":\"Portada\",\"item\":\"https:\\\/\\\/www.inverseteams.com\\\/es\\\/\"},{\"@type\":\"ListItem\",\"position\":2,\"name\":\"Tienda\",\"item\":\"https:\\\/\\\/www.inverseteams.com\\\/es\\\/tienda\\\/\"},{\"@type\":\"ListItem\",\"position\":3,\"name\":\"Manguitos t\u00e9rmicos ORYX BLACK\"}]},{\"@type\":\"WebSite\",\"@id\":\"https:\\\/\\\/www.inverseteams.com\\\/es\\\/#website\",\"url\":\"https:\\\/\\\/www.inverseteams.com\\\/es\\\/\",\"name\":\"Inverseteams\",\"description\":\"Tu marca de ropa deportiva personalizada\",\"publisher\":{\"@id\":\"https:\\\/\\\/www.inverseteams.com\\\/es\\\/#organization\"},\"potentialAction\":[{\"@type\":\"SearchAction\",\"target\":{\"@type\":\"EntryPoint\",\"urlTemplate\":\"https:\\\/\\\/www.inverseteams.com\\\/es\\\/?s={search_term_string}\"},\"query-input\":{\"@type\":\"PropertyValueSpecification\",\"valueRequired\":true,\"valueName\":\"search_term_string\"}}],\"inLanguage\":\"es\"},{\"@type\":\"Organization\",\"@id\":\"https:\\\/\\\/www.inverseteams.com\\\/es\\\/#organization\",\"name\":\"Inverse Teams\",\"url\":\"https:\\\/\\\/www.inverseteams.com\\\/es\\\/\",\"logo\":{\"@type\":\"ImageObject\",\"inLanguage\":\"es\",\"@id\":\"https:\\\/\\\/www.inverseteams.com\\\/es\\\/#\\\/schema\\\/logo\\\/image\\\/\",\"url\":\"https:\\\/\\\/www.inverseteams.com\\\/wp-content\\\/uploads\\\/2021\\\/03\\\/logo-inverse-teams.png\",\"contentUrl\":\"https:\\\/\\\/www.inverseteams.com\\\/wp-content\\\/uploads\\\/2021\\\/03\\\/logo-inverse-teams.png\",\"width\":294,\"height\":99,\"caption\":\"Inverse Teams\"},\"image\":{\"@id\":\"https:\\\/\\\/www.inverseteams.com\\\/es\\\/#\\\/schema\\\/logo\\\/image\\\/\"},\"sameAs\":[\"https:\\\/\\\/www.facebook.com\\\/inverseteams\",\"http:\\\/\\\/instagram.com\\\/inverseteams\",\"https:\\\/\\\/www.linkedin.com\\\/company\\\/inverse-cirosport-s-l-?trk=job_view_topcard_company_name\",\"http:\\\/\\\/www.pinterest.com\\\/inverseteams\\\/\",\"http:\\\/\\\/www.youtube.com\\\/user\\\/inverseteams?feature=watch\"]}]}<\/script>\n<!-- \/ Yoast SEO plugin. -->","yoast_head_json":{"title":"Manguitos t\u00e9rmicos ORYX BLACK | Inverseteams","description":"Los manguitos t\u00e9rmicos actuan como una segunda piel para protegerte de las temperaturas m\u00e1s bajas. El tejido t\u00e9rmico SUPER ROUBAIX mantiene el calor sin aumentar la sudoraci\u00f3n y aporta una sensaci\u00f3n de confort total. Est\u00e1n confeccionados con costuras planas que evitan las rozaduras y la irritaci\u00f3n. En los extremos tiene una goma interior de silicona hipoalerg\u00e9nica que impide que se mueva. Tendr\u00e1s una libertad de movimientos total.","robots":{"index":"index","follow":"follow","max-snippet":"max-snippet:-1","max-image-preview":"max-image-preview:large","max-video-preview":"max-video-preview:-1"},"canonical":"https:\/\/www.inverseteams.com\/es\/producto\/manguitos-termicos-oryx-black\/","og_locale":"es_ES","og_type":"article","og_title":"Manguitos t\u00e9rmicos ORYX BLACK | Inverseteams","og_description":"Los manguitos t\u00e9rmicos actuan como una segunda piel para protegerte de las temperaturas m\u00e1s bajas. El tejido t\u00e9rmico SUPER ROUBAIX mantiene el calor sin aumentar la sudoraci\u00f3n y aporta una sensaci\u00f3n de confort total. Est\u00e1n confeccionados con costuras planas que evitan las rozaduras y la irritaci\u00f3n. En los extremos tiene una goma interior de silicona hipoalerg\u00e9nica que impide que se mueva. Tendr\u00e1s una libertad de movimientos total.","og_url":"https:\/\/www.inverseteams.com\/es\/producto\/manguitos-termicos-oryx-black\/","og_site_name":"Inverseteams","article_publisher":"https:\/\/www.facebook.com\/inverseteams","article_modified_time":"2026-03-24T12:56:35+00:00","og_image":[{"width":1500,"height":1612,"url":"https:\/\/www.inverseteams.com\/wp-content\/uploads\/INVERSE-MANGUITOS-PURE-ORYX-001.jpg","type":"image\/jpeg"}],"twitter_card":"summary_large_image","twitter_misc":{"Tiempo de lectura":"1 minuto"},"schema":{"@context":"https:\/\/schema.org","@graph":[{"@type":"WebPage","@id":"https:\/\/www.inverseteams.com\/es\/producto\/manguitos-termicos-oryx-black\/","url":"https:\/\/www.inverseteams.com\/es\/producto\/manguitos-termicos-oryx-black\/","name":"Manguitos t\u00e9rmicos ORYX BLACK | Inverseteams","isPartOf":{"@id":"https:\/\/www.inverseteams.com\/es\/#website"},"primaryImageOfPage":{"@id":"https:\/\/www.inverseteams.com\/es\/producto\/manguitos-termicos-oryx-black\/#primaryimage"},"image":{"@id":"https:\/\/www.inverseteams.com\/es\/producto\/manguitos-termicos-oryx-black\/#primaryimage"},"thumbnailUrl":"https:\/\/www.inverseteams.com\/wp-content\/uploads\/INVERSE-MANGUITOS-PURE-ORYX-001.jpg","datePublished":"2025-10-03T15:52:28+00:00","dateModified":"2026-03-24T12:56:35+00:00","description":"Los manguitos t\u00e9rmicos actuan como una segunda piel para protegerte de las temperaturas m\u00e1s bajas. El tejido t\u00e9rmico SUPER ROUBAIX mantiene el calor sin aumentar la sudoraci\u00f3n y aporta una sensaci\u00f3n de confort total. Est\u00e1n confeccionados con costuras planas que evitan las rozaduras y la irritaci\u00f3n. En los extremos tiene una goma interior de silicona hipoalerg\u00e9nica que impide que se mueva. Tendr\u00e1s una libertad de movimientos total.","breadcrumb":{"@id":"https:\/\/www.inverseteams.com\/es\/producto\/manguitos-termicos-oryx-black\/#breadcrumb"},"inLanguage":"es","potentialAction":[{"@type":"ReadAction","target":["https:\/\/www.inverseteams.com\/es\/producto\/manguitos-termicos-oryx-black\/"]}]},{"@type":"ImageObject","inLanguage":"es","@id":"https:\/\/www.inverseteams.com\/es\/producto\/manguitos-termicos-oryx-black\/#primaryimage","url":"https:\/\/www.inverseteams.com\/wp-content\/uploads\/INVERSE-MANGUITOS-PURE-ORYX-001.jpg","contentUrl":"https:\/\/www.inverseteams.com\/wp-content\/uploads\/INVERSE-MANGUITOS-PURE-ORYX-001.jpg","width":1500,"height":1612,"caption":"manguito ciclismo inverse"},{"@type":"BreadcrumbList","@id":"https:\/\/www.inverseteams.com\/es\/producto\/manguitos-termicos-oryx-black\/#breadcrumb","itemListElement":[{"@type":"ListItem","position":1,"name":"Portada","item":"https:\/\/www.inverseteams.com\/es\/"},{"@type":"ListItem","position":2,"name":"Tienda","item":"https:\/\/www.inverseteams.com\/es\/tienda\/"},{"@type":"ListItem","position":3,"name":"Manguitos t\u00e9rmicos ORYX BLACK"}]},{"@type":"WebSite","@id":"https:\/\/www.inverseteams.com\/es\/#website","url":"https:\/\/www.inverseteams.com\/es\/","name":"Inverseteams","description":"Tu marca de ropa deportiva personalizada","publisher":{"@id":"https:\/\/www.inverseteams.com\/es\/#organization"},"potentialAction":[{"@type":"SearchAction","target":{"@type":"EntryPoint","urlTemplate":"https:\/\/www.inverseteams.com\/es\/?s={search_term_string}"},"query-input":{"@type":"PropertyValueSpecification","valueRequired":true,"valueName":"search_term_string"}}],"inLanguage":"es"},{"@type":"Organization","@id":"https:\/\/www.inverseteams.com\/es\/#organization","name":"Inverse Teams","url":"https:\/\/www.inverseteams.com\/es\/","logo":{"@type":"ImageObject","inLanguage":"es","@id":"https:\/\/www.inverseteams.com\/es\/#\/schema\/logo\/image\/","url":"https:\/\/www.inverseteams.com\/wp-content\/uploads\/2021\/03\/logo-inverse-teams.png","contentUrl":"https:\/\/www.inverseteams.com\/wp-content\/uploads\/2021\/03\/logo-inverse-teams.png","width":294,"height":99,"caption":"Inverse Teams"},"image":{"@id":"https:\/\/www.inverseteams.com\/es\/#\/schema\/logo\/image\/"},"sameAs":["https:\/\/www.facebook.com\/inverseteams","http:\/\/instagram.com\/inverseteams","https:\/\/www.linkedin.com\/company\/inverse-cirosport-s-l-?trk=job_view_topcard_company_name","http:\/\/www.pinterest.com\/inverseteams\/","http:\/\/www.youtube.com\/user\/inverseteams?feature=watch"]}]}},"_links":{"self":[{"href":"https:\/\/www.inverseteams.com\/es\/wp-json\/wp\/v2\/product\/268575","targetHints":{"allow":["GET"]}}],"collection":[{"href":"https:\/\/www.inverseteams.com\/es\/wp-json\/wp\/v2\/product"}],"about":[{"href":"https:\/\/www.inverseteams.com\/es\/wp-json\/wp\/v2\/types\/product"}],"replies":[{"embeddable":true,"href":"https:\/\/www.inverseteams.com\/es\/wp-json\/wp\/v2\/comments?post=268575"}],"wp:featuredmedia":[{"embeddable":true,"href":"https:\/\/www.inverseteams.com\/es\/wp-json\/wp\/v2\/media\/271363"}],"wp:attachment":[{"href":"https:\/\/www.inverseteams.com\/es\/wp-json\/wp\/v2\/media?parent=268575"}],"wp:term":[{"taxonomy":"product_brand","embeddable":true,"href":"https:\/\/www.inverseteams.com\/es\/wp-json\/wp\/v2\/product_brand?post=268575"},{"taxonomy":"product_cat","embeddable":true,"href":"https:\/\/www.inverseteams.com\/es\/wp-json\/wp\/v2\/product_cat?post=268575"},{"taxonomy":"product_tag","embeddable":true,"href":"https:\/\/www.inverseteams.com\/es\/wp-json\/wp\/v2\/product_tag?post=268575"},{"taxonomy":"custom_category","embeddable":true,"href":"https:\/\/www.inverseteams.com\/es\/wp-json\/wp\/v2\/custom_category?post=268575"},{"taxonomy":"range","embeddable":true,"href":"https:\/\/www.inverseteams.com\/es\/wp-json\/wp\/v2\/range?post=268575"}],"curies":[{"name":"wp","href":"https:\/\/api.w.org\/{rel}","templated":true}]}}