{"id":247982,"date":"2025-03-07T08:20:02","date_gmt":"2025-03-07T08:20:02","guid":{"rendered":"https:\/\/www.inverseteams.com\/product\/tubular-sc85\/"},"modified":"2025-03-14T14:48:16","modified_gmt":"2025-03-14T14:48:16","slug":"tubular-sc85","status":"publish","type":"product","link":"https:\/\/www.inverseteams.com\/es\/producto\/tubular-sc85\/","title":{"rendered":"Tubular SC85-S"},"content":{"rendered":"<p>100% personalizable con la t\u00e9cnica de la sublimaci\u00f3n. Esto garantiza una resistencia y duraci\u00f3n de los colores inigualable. Las tintas utilizadas para la sublimaci\u00f3n son ecol\u00f3gicas, cumplen con la norma OEKO-TEX\u00ae ECO PASSPORT que certifica que son respetuosas con el medio ambiente e inocuas para la salud.<br \/>\nEste tubular sin costuras es el\u00e1stico y permite cubrir el cuello, las orejas o la cabeza. Su tejido ligero permite una buena transpirabilidad.<\/p>\n","protected":false},"excerpt":{"rendered":"<p>100% personalizable con la t\u00e9cnica de la sublimaci\u00f3n. Esto garantiza una resistencia y duraci\u00f3n de los colores inigualable. Las tintas utilizadas para la sublimaci\u00f3n son ecol\u00f3gicas, cumplen con la norma OEKO-TEX\u00ae ECO PASSPORT que certifica que son respetuosas con el medio ambiente e inocuas para la salud.<br \/>\nEste tubular sin costuras es el\u00e1stico y permite cubrir el cuello, las orejas o la cabeza. Su tejido ligero permite una buena transpirabilidad.<\/p>\n","protected":false},"featured_media":247537,"comment_status":"closed","ping_status":"closed","template":"","meta":{"_acf_changed":false},"product_brand":[],"product_cat":[15],"product_tag":[],"custom_category":[15129,15131],"range":[15147],"class_list":{"0":"post-247982","1":"product","2":"type-product","3":"status-publish","4":"has-post-thumbnail","6":"product_cat-uncategorized","7":"pa_climatologia-frio","8":"pa_climatologia-temperatura-templada","9":"pa_deporte-futbol","10":"pa_genero-unisex","11":"pa_tipo-de-prenda-tubular","12":"custom_category-deporte-de-equipo","13":"custom_category-futbol","14":"range-complementos","16":"first","17":"instock","18":"product-type-custom"},"acf":[],"yoast_head":"<!-- This site is optimized with the Yoast SEO plugin v27.2 - https:\/\/yoast.com\/product\/yoast-seo-wordpress\/ -->\n<title>Tubular SC85-S | Inverseteams<\/title>\n<meta name=\"description\" content=\"100% personalizable con la t\u00e9cnica de la sublimaci\u00f3n. Esto garantiza una resistencia y duraci\u00f3n de los colores inigualable. Las tintas utilizadas para la sublimaci\u00f3n son ecol\u00f3gicas, cumplen con la norma OEKO-TEX\u00ae ECO PASSPORT que certifica que son respetuosas con el medio ambiente e inocuas para la salud. Este tubular sin costuras es el\u00e1stico y permite cubrir el cuello, las orejas o la cabeza. Su tejido ligero permite una buena transpirabilidad.\" \/>\n<meta name=\"robots\" content=\"index, follow, max-snippet:-1, max-image-preview:large, max-video-preview:-1\" \/>\n<link rel=\"canonical\" href=\"https:\/\/www.inverseteams.com\/es\/producto\/tubular-sc85\/\" \/>\n<meta property=\"og:locale\" content=\"es_ES\" \/>\n<meta property=\"og:type\" content=\"article\" \/>\n<meta property=\"og:title\" content=\"Tubular SC85-S | Inverseteams\" \/>\n<meta property=\"og:description\" content=\"100% personalizable con la t\u00e9cnica de la sublimaci\u00f3n. Esto garantiza una resistencia y duraci\u00f3n de los colores inigualable. Las tintas utilizadas para la sublimaci\u00f3n son ecol\u00f3gicas, cumplen con la norma OEKO-TEX\u00ae ECO PASSPORT que certifica que son respetuosas con el medio ambiente e inocuas para la salud. Este tubular sin costuras es el\u00e1stico y permite cubrir el cuello, las orejas o la cabeza. Su tejido ligero permite una buena transpirabilidad.\" \/>\n<meta property=\"og:url\" content=\"https:\/\/www.inverseteams.com\/es\/producto\/tubular-sc85\/\" \/>\n<meta property=\"og:site_name\" content=\"Inverseteams\" \/>\n<meta property=\"article:publisher\" content=\"https:\/\/www.facebook.com\/inverseteams\" \/>\n<meta property=\"article:modified_time\" content=\"2025-03-14T14:48:16+00:00\" \/>\n<meta property=\"og:image\" content=\"https:\/\/www.inverseteams.com\/wp-content\/uploads\/TUBULAR-SC85-1.jpg\" \/>\n\t<meta property=\"og:image:width\" content=\"1500\" \/>\n\t<meta property=\"og:image:height\" content=\"1612\" \/>\n\t<meta property=\"og:image:type\" content=\"image\/jpeg\" \/>\n<meta name=\"twitter:card\" content=\"summary_large_image\" \/>\n<meta name=\"twitter:label1\" content=\"Tiempo de lectura\" \/>\n\t<meta name=\"twitter:data1\" content=\"1 minuto\" \/>\n<script type=\"application\/ld+json\" class=\"yoast-schema-graph\">{\"@context\":\"https:\/\/schema.org\",\"@graph\":[{\"@type\":\"WebPage\",\"@id\":\"https:\/\/www.inverseteams.com\/es\/producto\/tubular-sc85\/\",\"url\":\"https:\/\/www.inverseteams.com\/es\/producto\/tubular-sc85\/\",\"name\":\"Tubular SC85-S | Inverseteams\",\"isPartOf\":{\"@id\":\"https:\/\/www.inverseteams.com\/es\/#website\"},\"primaryImageOfPage\":{\"@id\":\"https:\/\/www.inverseteams.com\/es\/producto\/tubular-sc85\/#primaryimage\"},\"image\":{\"@id\":\"https:\/\/www.inverseteams.com\/es\/producto\/tubular-sc85\/#primaryimage\"},\"thumbnailUrl\":\"https:\/\/www.inverseteams.com\/wp-content\/uploads\/TUBULAR-SC85-1.jpg\",\"datePublished\":\"2025-03-07T08:20:02+00:00\",\"dateModified\":\"2025-03-14T14:48:16+00:00\",\"description\":\"100% personalizable con la t\u00e9cnica de la sublimaci\u00f3n. Esto garantiza una resistencia y duraci\u00f3n de los colores inigualable. Las tintas utilizadas para la sublimaci\u00f3n son ecol\u00f3gicas, cumplen con la norma OEKO-TEX\u00ae ECO PASSPORT que certifica que son respetuosas con el medio ambiente e inocuas para la salud. Este tubular sin costuras es el\u00e1stico y permite cubrir el cuello, las orejas o la cabeza. Su tejido ligero permite una buena transpirabilidad.\",\"breadcrumb\":{\"@id\":\"https:\/\/www.inverseteams.com\/es\/producto\/tubular-sc85\/#breadcrumb\"},\"inLanguage\":\"es\",\"potentialAction\":[{\"@type\":\"ReadAction\",\"target\":[\"https:\/\/www.inverseteams.com\/es\/producto\/tubular-sc85\/\"]}]},{\"@type\":\"ImageObject\",\"inLanguage\":\"es\",\"@id\":\"https:\/\/www.inverseteams.com\/es\/producto\/tubular-sc85\/#primaryimage\",\"url\":\"https:\/\/www.inverseteams.com\/wp-content\/uploads\/TUBULAR-SC85-1.jpg\",\"contentUrl\":\"https:\/\/www.inverseteams.com\/wp-content\/uploads\/TUBULAR-SC85-1.jpg\",\"width\":1500,\"height\":1612,\"caption\":\"tubular personalizado\"},{\"@type\":\"BreadcrumbList\",\"@id\":\"https:\/\/www.inverseteams.com\/es\/producto\/tubular-sc85\/#breadcrumb\",\"itemListElement\":[{\"@type\":\"ListItem\",\"position\":1,\"name\":\"Portada\",\"item\":\"https:\/\/www.inverseteams.com\/es\/\"},{\"@type\":\"ListItem\",\"position\":2,\"name\":\"Tienda\",\"item\":\"https:\/\/www.inverseteams.com\/es\/tienda\/\"},{\"@type\":\"ListItem\",\"position\":3,\"name\":\"Tubular SC85-S\"}]},{\"@type\":\"WebSite\",\"@id\":\"https:\/\/www.inverseteams.com\/es\/#website\",\"url\":\"https:\/\/www.inverseteams.com\/es\/\",\"name\":\"Inverseteams\",\"description\":\"Tu marca de ropa deportiva personalizada\",\"publisher\":{\"@id\":\"https:\/\/www.inverseteams.com\/es\/#organization\"},\"potentialAction\":[{\"@type\":\"SearchAction\",\"target\":{\"@type\":\"EntryPoint\",\"urlTemplate\":\"https:\/\/www.inverseteams.com\/es\/?s={search_term_string}\"},\"query-input\":{\"@type\":\"PropertyValueSpecification\",\"valueRequired\":true,\"valueName\":\"search_term_string\"}}],\"inLanguage\":\"es\"},{\"@type\":\"Organization\",\"@id\":\"https:\/\/www.inverseteams.com\/es\/#organization\",\"name\":\"Inverse Teams\",\"url\":\"https:\/\/www.inverseteams.com\/es\/\",\"logo\":{\"@type\":\"ImageObject\",\"inLanguage\":\"es\",\"@id\":\"https:\/\/www.inverseteams.com\/es\/#\/schema\/logo\/image\/\",\"url\":\"https:\/\/www.inverseteams.com\/wp-content\/uploads\/2021\/03\/logo-inverse-teams.png\",\"contentUrl\":\"https:\/\/www.inverseteams.com\/wp-content\/uploads\/2021\/03\/logo-inverse-teams.png\",\"width\":294,\"height\":99,\"caption\":\"Inverse Teams\"},\"image\":{\"@id\":\"https:\/\/www.inverseteams.com\/es\/#\/schema\/logo\/image\/\"},\"sameAs\":[\"https:\/\/www.facebook.com\/inverseteams\",\"http:\/\/instagram.com\/inverseteams\",\"https:\/\/www.linkedin.com\/company\/inverse-cirosport-s-l-?trk=job_view_topcard_company_name\",\"http:\/\/www.pinterest.com\/inverseteams\/\",\"http:\/\/www.youtube.com\/user\/inverseteams?feature=watch\"]}]}<\/script>\n<!-- \/ Yoast SEO plugin. -->","yoast_head_json":{"title":"Tubular SC85-S | Inverseteams","description":"100% personalizable con la t\u00e9cnica de la sublimaci\u00f3n. Esto garantiza una resistencia y duraci\u00f3n de los colores inigualable. Las tintas utilizadas para la sublimaci\u00f3n son ecol\u00f3gicas, cumplen con la norma OEKO-TEX\u00ae ECO PASSPORT que certifica que son respetuosas con el medio ambiente e inocuas para la salud. Este tubular sin costuras es el\u00e1stico y permite cubrir el cuello, las orejas o la cabeza. Su tejido ligero permite una buena transpirabilidad.","robots":{"index":"index","follow":"follow","max-snippet":"max-snippet:-1","max-image-preview":"max-image-preview:large","max-video-preview":"max-video-preview:-1"},"canonical":"https:\/\/www.inverseteams.com\/es\/producto\/tubular-sc85\/","og_locale":"es_ES","og_type":"article","og_title":"Tubular SC85-S | Inverseteams","og_description":"100% personalizable con la t\u00e9cnica de la sublimaci\u00f3n. Esto garantiza una resistencia y duraci\u00f3n de los colores inigualable. Las tintas utilizadas para la sublimaci\u00f3n son ecol\u00f3gicas, cumplen con la norma OEKO-TEX\u00ae ECO PASSPORT que certifica que son respetuosas con el medio ambiente e inocuas para la salud. Este tubular sin costuras es el\u00e1stico y permite cubrir el cuello, las orejas o la cabeza. Su tejido ligero permite una buena transpirabilidad.","og_url":"https:\/\/www.inverseteams.com\/es\/producto\/tubular-sc85\/","og_site_name":"Inverseteams","article_publisher":"https:\/\/www.facebook.com\/inverseteams","article_modified_time":"2025-03-14T14:48:16+00:00","og_image":[{"width":1500,"height":1612,"url":"https:\/\/www.inverseteams.com\/wp-content\/uploads\/TUBULAR-SC85-1.jpg","type":"image\/jpeg"}],"twitter_card":"summary_large_image","twitter_misc":{"Tiempo de lectura":"1 minuto"},"schema":{"@context":"https:\/\/schema.org","@graph":[{"@type":"WebPage","@id":"https:\/\/www.inverseteams.com\/es\/producto\/tubular-sc85\/","url":"https:\/\/www.inverseteams.com\/es\/producto\/tubular-sc85\/","name":"Tubular SC85-S | Inverseteams","isPartOf":{"@id":"https:\/\/www.inverseteams.com\/es\/#website"},"primaryImageOfPage":{"@id":"https:\/\/www.inverseteams.com\/es\/producto\/tubular-sc85\/#primaryimage"},"image":{"@id":"https:\/\/www.inverseteams.com\/es\/producto\/tubular-sc85\/#primaryimage"},"thumbnailUrl":"https:\/\/www.inverseteams.com\/wp-content\/uploads\/TUBULAR-SC85-1.jpg","datePublished":"2025-03-07T08:20:02+00:00","dateModified":"2025-03-14T14:48:16+00:00","description":"100% personalizable con la t\u00e9cnica de la sublimaci\u00f3n. Esto garantiza una resistencia y duraci\u00f3n de los colores inigualable. Las tintas utilizadas para la sublimaci\u00f3n son ecol\u00f3gicas, cumplen con la norma OEKO-TEX\u00ae ECO PASSPORT que certifica que son respetuosas con el medio ambiente e inocuas para la salud. Este tubular sin costuras es el\u00e1stico y permite cubrir el cuello, las orejas o la cabeza. Su tejido ligero permite una buena transpirabilidad.","breadcrumb":{"@id":"https:\/\/www.inverseteams.com\/es\/producto\/tubular-sc85\/#breadcrumb"},"inLanguage":"es","potentialAction":[{"@type":"ReadAction","target":["https:\/\/www.inverseteams.com\/es\/producto\/tubular-sc85\/"]}]},{"@type":"ImageObject","inLanguage":"es","@id":"https:\/\/www.inverseteams.com\/es\/producto\/tubular-sc85\/#primaryimage","url":"https:\/\/www.inverseteams.com\/wp-content\/uploads\/TUBULAR-SC85-1.jpg","contentUrl":"https:\/\/www.inverseteams.com\/wp-content\/uploads\/TUBULAR-SC85-1.jpg","width":1500,"height":1612,"caption":"tubular personalizado"},{"@type":"BreadcrumbList","@id":"https:\/\/www.inverseteams.com\/es\/producto\/tubular-sc85\/#breadcrumb","itemListElement":[{"@type":"ListItem","position":1,"name":"Portada","item":"https:\/\/www.inverseteams.com\/es\/"},{"@type":"ListItem","position":2,"name":"Tienda","item":"https:\/\/www.inverseteams.com\/es\/tienda\/"},{"@type":"ListItem","position":3,"name":"Tubular SC85-S"}]},{"@type":"WebSite","@id":"https:\/\/www.inverseteams.com\/es\/#website","url":"https:\/\/www.inverseteams.com\/es\/","name":"Inverseteams","description":"Tu marca de ropa deportiva personalizada","publisher":{"@id":"https:\/\/www.inverseteams.com\/es\/#organization"},"potentialAction":[{"@type":"SearchAction","target":{"@type":"EntryPoint","urlTemplate":"https:\/\/www.inverseteams.com\/es\/?s={search_term_string}"},"query-input":{"@type":"PropertyValueSpecification","valueRequired":true,"valueName":"search_term_string"}}],"inLanguage":"es"},{"@type":"Organization","@id":"https:\/\/www.inverseteams.com\/es\/#organization","name":"Inverse Teams","url":"https:\/\/www.inverseteams.com\/es\/","logo":{"@type":"ImageObject","inLanguage":"es","@id":"https:\/\/www.inverseteams.com\/es\/#\/schema\/logo\/image\/","url":"https:\/\/www.inverseteams.com\/wp-content\/uploads\/2021\/03\/logo-inverse-teams.png","contentUrl":"https:\/\/www.inverseteams.com\/wp-content\/uploads\/2021\/03\/logo-inverse-teams.png","width":294,"height":99,"caption":"Inverse Teams"},"image":{"@id":"https:\/\/www.inverseteams.com\/es\/#\/schema\/logo\/image\/"},"sameAs":["https:\/\/www.facebook.com\/inverseteams","http:\/\/instagram.com\/inverseteams","https:\/\/www.linkedin.com\/company\/inverse-cirosport-s-l-?trk=job_view_topcard_company_name","http:\/\/www.pinterest.com\/inverseteams\/","http:\/\/www.youtube.com\/user\/inverseteams?feature=watch"]}]}},"_links":{"self":[{"href":"https:\/\/www.inverseteams.com\/es\/wp-json\/wp\/v2\/product\/247982","targetHints":{"allow":["GET"]}}],"collection":[{"href":"https:\/\/www.inverseteams.com\/es\/wp-json\/wp\/v2\/product"}],"about":[{"href":"https:\/\/www.inverseteams.com\/es\/wp-json\/wp\/v2\/types\/product"}],"replies":[{"embeddable":true,"href":"https:\/\/www.inverseteams.com\/es\/wp-json\/wp\/v2\/comments?post=247982"}],"wp:featuredmedia":[{"embeddable":true,"href":"https:\/\/www.inverseteams.com\/es\/wp-json\/wp\/v2\/media\/247537"}],"wp:attachment":[{"href":"https:\/\/www.inverseteams.com\/es\/wp-json\/wp\/v2\/media?parent=247982"}],"wp:term":[{"taxonomy":"product_brand","embeddable":true,"href":"https:\/\/www.inverseteams.com\/es\/wp-json\/wp\/v2\/product_brand?post=247982"},{"taxonomy":"product_cat","embeddable":true,"href":"https:\/\/www.inverseteams.com\/es\/wp-json\/wp\/v2\/product_cat?post=247982"},{"taxonomy":"product_tag","embeddable":true,"href":"https:\/\/www.inverseteams.com\/es\/wp-json\/wp\/v2\/product_tag?post=247982"},{"taxonomy":"custom_category","embeddable":true,"href":"https:\/\/www.inverseteams.com\/es\/wp-json\/wp\/v2\/custom_category?post=247982"},{"taxonomy":"range","embeddable":true,"href":"https:\/\/www.inverseteams.com\/es\/wp-json\/wp\/v2\/range?post=247982"}],"curies":[{"name":"wp","href":"https:\/\/api.w.org\/{rel}","templated":true}]}}