{"id":247967,"date":"2025-03-07T08:16:25","date_gmt":"2025-03-07T08:16:25","guid":{"rendered":"https:\/\/www.inverseteams.com\/product\/pantalon-chandal-perchado-sc76\/"},"modified":"2025-03-14T16:41:06","modified_gmt":"2025-03-14T16:41:06","slug":"pantalon-chandal-perchado-sc76","status":"publish","type":"product","link":"https:\/\/www.inverseteams.com\/es\/producto\/pantalon-chandal-perchado-sc76\/","title":{"rendered":"Pantal\u00f3n ch\u00e1ndal perchado SC76-S"},"content":{"rendered":"<p>Disponible en 4 colores: Negro, Rojo, Azul Navy y Azul Royal. El escudo del club se estampa en DTF.<br \/>\nEste pantal\u00f3n de ch\u00e1ndal tiene 2 bolsillos laterales con cremallera, donde podr\u00e1s guardar lo que quieras sin miedo a perderlo. La cintura esl\u00e1stica se adapta muy bi\u00e9n al cuerpo sin incomodar y adem\u00e1s incorpora un cord\u00f3n para regular el ajuste a tu gusto.<br \/>\nLos bajos est\u00e1n acabados con un canal\u00e9 1&#215;1. El tejido t\u00e9cnico perchado garantiza un buen mantenimiento del calor corporal.<br \/>\nSon unos pantalones perfectos para el d\u00eda a d\u00eda y para protegerte del fr\u00edo.<\/p>\n","protected":false},"excerpt":{"rendered":"<p>Disponible en 4 colores: Negro, Rojo, Azul Navy y Azul Royal. El escudo del club se estampa en DTF.<br \/>\nEste pantal\u00f3n de ch\u00e1ndal tiene 2 bolsillos laterales con cremallera, donde podr\u00e1s guardar lo que quieras sin miedo a perderlo. La cintura esl\u00e1stica se adapta muy bi\u00e9n al cuerpo sin incomodar y adem\u00e1s incorpora un cord\u00f3n para regular el ajuste a tu gusto.<br \/>\nLos bajos est\u00e1n acabados con un canal\u00e9 1&#215;1. El tejido t\u00e9cnico perchado garantiza un buen mantenimiento del calor corporal.<br \/>\nSon unos pantalones perfectos para el d\u00eda a d\u00eda y para protegerte del fr\u00edo.<\/p>\n","protected":false},"featured_media":247707,"comment_status":"closed","ping_status":"closed","template":"","meta":{"_acf_changed":false},"product_brand":[],"product_cat":[15],"product_tag":[],"custom_category":[15129,15131],"range":[15142],"class_list":{"0":"post-247967","1":"product","2":"type-product","3":"status-publish","4":"has-post-thumbnail","6":"product_cat-uncategorized","7":"pa_climatologia-frio","8":"pa_climatologia-temperatura-templada","9":"pa_climatologia-viento","10":"pa_deporte-futbol","11":"pa_genero-hombre","12":"pa_genero-mujer","13":"pa_genero-infantil","14":"pa_patronaje-regular","15":"pa_tipo-de-prenda-chandal","16":"custom_category-deporte-de-equipo","17":"custom_category-futbol","18":"range-paseo","20":"first","21":"instock","22":"product-type-custom"},"acf":[],"yoast_head":"<!-- This site is optimized with the Yoast SEO plugin v27.2 - https:\/\/yoast.com\/product\/yoast-seo-wordpress\/ -->\n<title>Pantal\u00f3n ch\u00e1ndal perchado SC76-S | Inverseteams<\/title>\n<meta name=\"description\" content=\"Disponible en 4 colores: Negro, Rojo, Azul Navy y Azul Royal. El escudo del club se estampa en DTF. Este pantal\u00f3n de ch\u00e1ndal tiene 2 bolsillos laterales con cremallera, donde podr\u00e1s guardar lo que quieras sin miedo a perderlo. La cintura esl\u00e1stica se adapta muy bi\u00e9n al cuerpo sin incomodar y adem\u00e1s incorpora un cord\u00f3n para regular el ajuste a tu gusto. Los bajos est\u00e1n acabados con un canal\u00e9 1x1. El tejido t\u00e9cnico perchado garantiza un buen mantenimiento del calor corporal. Son unos pantalones perfectos para el d\u00eda a d\u00eda y para protegerte del fr\u00edo.\" \/>\n<meta name=\"robots\" content=\"index, follow, max-snippet:-1, max-image-preview:large, max-video-preview:-1\" \/>\n<link rel=\"canonical\" href=\"https:\/\/www.inverseteams.com\/es\/producto\/pantalon-chandal-perchado-sc76\/\" \/>\n<meta property=\"og:locale\" content=\"es_ES\" \/>\n<meta property=\"og:type\" content=\"article\" \/>\n<meta property=\"og:title\" content=\"Pantal\u00f3n ch\u00e1ndal perchado SC76-S | Inverseteams\" \/>\n<meta property=\"og:description\" content=\"Disponible en 4 colores: Negro, Rojo, Azul Navy y Azul Royal. El escudo del club se estampa en DTF. Este pantal\u00f3n de ch\u00e1ndal tiene 2 bolsillos laterales con cremallera, donde podr\u00e1s guardar lo que quieras sin miedo a perderlo. La cintura esl\u00e1stica se adapta muy bi\u00e9n al cuerpo sin incomodar y adem\u00e1s incorpora un cord\u00f3n para regular el ajuste a tu gusto. Los bajos est\u00e1n acabados con un canal\u00e9 1x1. El tejido t\u00e9cnico perchado garantiza un buen mantenimiento del calor corporal. Son unos pantalones perfectos para el d\u00eda a d\u00eda y para protegerte del fr\u00edo.\" \/>\n<meta property=\"og:url\" content=\"https:\/\/www.inverseteams.com\/es\/producto\/pantalon-chandal-perchado-sc76\/\" \/>\n<meta property=\"og:site_name\" content=\"Inverseteams\" \/>\n<meta property=\"article:publisher\" content=\"https:\/\/www.facebook.com\/inverseteams\" \/>\n<meta property=\"article:modified_time\" content=\"2025-03-14T16:41:06+00:00\" \/>\n<meta property=\"og:image\" content=\"https:\/\/www.inverseteams.com\/wp-content\/uploads\/PANTALON-CHANDAL-PERCHADO-FUTBOL-SC76-1.jpg\" \/>\n\t<meta property=\"og:image:width\" content=\"1500\" \/>\n\t<meta property=\"og:image:height\" content=\"1612\" \/>\n\t<meta property=\"og:image:type\" content=\"image\/jpeg\" \/>\n<meta name=\"twitter:card\" content=\"summary_large_image\" \/>\n<meta name=\"twitter:label1\" content=\"Tiempo de lectura\" \/>\n\t<meta name=\"twitter:data1\" content=\"1 minuto\" \/>\n<script type=\"application\/ld+json\" class=\"yoast-schema-graph\">{\"@context\":\"https:\/\/schema.org\",\"@graph\":[{\"@type\":\"WebPage\",\"@id\":\"https:\/\/www.inverseteams.com\/es\/producto\/pantalon-chandal-perchado-sc76\/\",\"url\":\"https:\/\/www.inverseteams.com\/es\/producto\/pantalon-chandal-perchado-sc76\/\",\"name\":\"Pantal\u00f3n ch\u00e1ndal perchado SC76-S | Inverseteams\",\"isPartOf\":{\"@id\":\"https:\/\/www.inverseteams.com\/es\/#website\"},\"primaryImageOfPage\":{\"@id\":\"https:\/\/www.inverseteams.com\/es\/producto\/pantalon-chandal-perchado-sc76\/#primaryimage\"},\"image\":{\"@id\":\"https:\/\/www.inverseteams.com\/es\/producto\/pantalon-chandal-perchado-sc76\/#primaryimage\"},\"thumbnailUrl\":\"https:\/\/www.inverseteams.com\/wp-content\/uploads\/PANTALON-CHANDAL-PERCHADO-FUTBOL-SC76-1.jpg\",\"datePublished\":\"2025-03-07T08:16:25+00:00\",\"dateModified\":\"2025-03-14T16:41:06+00:00\",\"description\":\"Disponible en 4 colores: Negro, Rojo, Azul Navy y Azul Royal. El escudo del club se estampa en DTF. Este pantal\u00f3n de ch\u00e1ndal tiene 2 bolsillos laterales con cremallera, donde podr\u00e1s guardar lo que quieras sin miedo a perderlo. La cintura esl\u00e1stica se adapta muy bi\u00e9n al cuerpo sin incomodar y adem\u00e1s incorpora un cord\u00f3n para regular el ajuste a tu gusto. Los bajos est\u00e1n acabados con un canal\u00e9 1x1. El tejido t\u00e9cnico perchado garantiza un buen mantenimiento del calor corporal. Son unos pantalones perfectos para el d\u00eda a d\u00eda y para protegerte del fr\u00edo.\",\"breadcrumb\":{\"@id\":\"https:\/\/www.inverseteams.com\/es\/producto\/pantalon-chandal-perchado-sc76\/#breadcrumb\"},\"inLanguage\":\"es\",\"potentialAction\":[{\"@type\":\"ReadAction\",\"target\":[\"https:\/\/www.inverseteams.com\/es\/producto\/pantalon-chandal-perchado-sc76\/\"]}]},{\"@type\":\"ImageObject\",\"inLanguage\":\"es\",\"@id\":\"https:\/\/www.inverseteams.com\/es\/producto\/pantalon-chandal-perchado-sc76\/#primaryimage\",\"url\":\"https:\/\/www.inverseteams.com\/wp-content\/uploads\/PANTALON-CHANDAL-PERCHADO-FUTBOL-SC76-1.jpg\",\"contentUrl\":\"https:\/\/www.inverseteams.com\/wp-content\/uploads\/PANTALON-CHANDAL-PERCHADO-FUTBOL-SC76-1.jpg\",\"width\":1500,\"height\":1612,\"caption\":\"pantalon chandal termico\"},{\"@type\":\"BreadcrumbList\",\"@id\":\"https:\/\/www.inverseteams.com\/es\/producto\/pantalon-chandal-perchado-sc76\/#breadcrumb\",\"itemListElement\":[{\"@type\":\"ListItem\",\"position\":1,\"name\":\"Portada\",\"item\":\"https:\/\/www.inverseteams.com\/es\/\"},{\"@type\":\"ListItem\",\"position\":2,\"name\":\"Tienda\",\"item\":\"https:\/\/www.inverseteams.com\/es\/tienda\/\"},{\"@type\":\"ListItem\",\"position\":3,\"name\":\"Pantal\u00f3n ch\u00e1ndal perchado SC76-S\"}]},{\"@type\":\"WebSite\",\"@id\":\"https:\/\/www.inverseteams.com\/es\/#website\",\"url\":\"https:\/\/www.inverseteams.com\/es\/\",\"name\":\"Inverseteams\",\"description\":\"Tu marca de ropa deportiva personalizada\",\"publisher\":{\"@id\":\"https:\/\/www.inverseteams.com\/es\/#organization\"},\"potentialAction\":[{\"@type\":\"SearchAction\",\"target\":{\"@type\":\"EntryPoint\",\"urlTemplate\":\"https:\/\/www.inverseteams.com\/es\/?s={search_term_string}\"},\"query-input\":{\"@type\":\"PropertyValueSpecification\",\"valueRequired\":true,\"valueName\":\"search_term_string\"}}],\"inLanguage\":\"es\"},{\"@type\":\"Organization\",\"@id\":\"https:\/\/www.inverseteams.com\/es\/#organization\",\"name\":\"Inverse Teams\",\"url\":\"https:\/\/www.inverseteams.com\/es\/\",\"logo\":{\"@type\":\"ImageObject\",\"inLanguage\":\"es\",\"@id\":\"https:\/\/www.inverseteams.com\/es\/#\/schema\/logo\/image\/\",\"url\":\"https:\/\/www.inverseteams.com\/wp-content\/uploads\/2021\/03\/logo-inverse-teams.png\",\"contentUrl\":\"https:\/\/www.inverseteams.com\/wp-content\/uploads\/2021\/03\/logo-inverse-teams.png\",\"width\":294,\"height\":99,\"caption\":\"Inverse Teams\"},\"image\":{\"@id\":\"https:\/\/www.inverseteams.com\/es\/#\/schema\/logo\/image\/\"},\"sameAs\":[\"https:\/\/www.facebook.com\/inverseteams\",\"http:\/\/instagram.com\/inverseteams\",\"https:\/\/www.linkedin.com\/company\/inverse-cirosport-s-l-?trk=job_view_topcard_company_name\",\"http:\/\/www.pinterest.com\/inverseteams\/\",\"http:\/\/www.youtube.com\/user\/inverseteams?feature=watch\"]}]}<\/script>\n<!-- \/ Yoast SEO plugin. -->","yoast_head_json":{"title":"Pantal\u00f3n ch\u00e1ndal perchado SC76-S | Inverseteams","description":"Disponible en 4 colores: Negro, Rojo, Azul Navy y Azul Royal. El escudo del club se estampa en DTF. Este pantal\u00f3n de ch\u00e1ndal tiene 2 bolsillos laterales con cremallera, donde podr\u00e1s guardar lo que quieras sin miedo a perderlo. La cintura esl\u00e1stica se adapta muy bi\u00e9n al cuerpo sin incomodar y adem\u00e1s incorpora un cord\u00f3n para regular el ajuste a tu gusto. Los bajos est\u00e1n acabados con un canal\u00e9 1x1. El tejido t\u00e9cnico perchado garantiza un buen mantenimiento del calor corporal. Son unos pantalones perfectos para el d\u00eda a d\u00eda y para protegerte del fr\u00edo.","robots":{"index":"index","follow":"follow","max-snippet":"max-snippet:-1","max-image-preview":"max-image-preview:large","max-video-preview":"max-video-preview:-1"},"canonical":"https:\/\/www.inverseteams.com\/es\/producto\/pantalon-chandal-perchado-sc76\/","og_locale":"es_ES","og_type":"article","og_title":"Pantal\u00f3n ch\u00e1ndal perchado SC76-S | Inverseteams","og_description":"Disponible en 4 colores: Negro, Rojo, Azul Navy y Azul Royal. El escudo del club se estampa en DTF. Este pantal\u00f3n de ch\u00e1ndal tiene 2 bolsillos laterales con cremallera, donde podr\u00e1s guardar lo que quieras sin miedo a perderlo. La cintura esl\u00e1stica se adapta muy bi\u00e9n al cuerpo sin incomodar y adem\u00e1s incorpora un cord\u00f3n para regular el ajuste a tu gusto. Los bajos est\u00e1n acabados con un canal\u00e9 1x1. El tejido t\u00e9cnico perchado garantiza un buen mantenimiento del calor corporal. Son unos pantalones perfectos para el d\u00eda a d\u00eda y para protegerte del fr\u00edo.","og_url":"https:\/\/www.inverseteams.com\/es\/producto\/pantalon-chandal-perchado-sc76\/","og_site_name":"Inverseteams","article_publisher":"https:\/\/www.facebook.com\/inverseteams","article_modified_time":"2025-03-14T16:41:06+00:00","og_image":[{"width":1500,"height":1612,"url":"https:\/\/www.inverseteams.com\/wp-content\/uploads\/PANTALON-CHANDAL-PERCHADO-FUTBOL-SC76-1.jpg","type":"image\/jpeg"}],"twitter_card":"summary_large_image","twitter_misc":{"Tiempo de lectura":"1 minuto"},"schema":{"@context":"https:\/\/schema.org","@graph":[{"@type":"WebPage","@id":"https:\/\/www.inverseteams.com\/es\/producto\/pantalon-chandal-perchado-sc76\/","url":"https:\/\/www.inverseteams.com\/es\/producto\/pantalon-chandal-perchado-sc76\/","name":"Pantal\u00f3n ch\u00e1ndal perchado SC76-S | Inverseteams","isPartOf":{"@id":"https:\/\/www.inverseteams.com\/es\/#website"},"primaryImageOfPage":{"@id":"https:\/\/www.inverseteams.com\/es\/producto\/pantalon-chandal-perchado-sc76\/#primaryimage"},"image":{"@id":"https:\/\/www.inverseteams.com\/es\/producto\/pantalon-chandal-perchado-sc76\/#primaryimage"},"thumbnailUrl":"https:\/\/www.inverseteams.com\/wp-content\/uploads\/PANTALON-CHANDAL-PERCHADO-FUTBOL-SC76-1.jpg","datePublished":"2025-03-07T08:16:25+00:00","dateModified":"2025-03-14T16:41:06+00:00","description":"Disponible en 4 colores: Negro, Rojo, Azul Navy y Azul Royal. El escudo del club se estampa en DTF. Este pantal\u00f3n de ch\u00e1ndal tiene 2 bolsillos laterales con cremallera, donde podr\u00e1s guardar lo que quieras sin miedo a perderlo. La cintura esl\u00e1stica se adapta muy bi\u00e9n al cuerpo sin incomodar y adem\u00e1s incorpora un cord\u00f3n para regular el ajuste a tu gusto. Los bajos est\u00e1n acabados con un canal\u00e9 1x1. El tejido t\u00e9cnico perchado garantiza un buen mantenimiento del calor corporal. Son unos pantalones perfectos para el d\u00eda a d\u00eda y para protegerte del fr\u00edo.","breadcrumb":{"@id":"https:\/\/www.inverseteams.com\/es\/producto\/pantalon-chandal-perchado-sc76\/#breadcrumb"},"inLanguage":"es","potentialAction":[{"@type":"ReadAction","target":["https:\/\/www.inverseteams.com\/es\/producto\/pantalon-chandal-perchado-sc76\/"]}]},{"@type":"ImageObject","inLanguage":"es","@id":"https:\/\/www.inverseteams.com\/es\/producto\/pantalon-chandal-perchado-sc76\/#primaryimage","url":"https:\/\/www.inverseteams.com\/wp-content\/uploads\/PANTALON-CHANDAL-PERCHADO-FUTBOL-SC76-1.jpg","contentUrl":"https:\/\/www.inverseteams.com\/wp-content\/uploads\/PANTALON-CHANDAL-PERCHADO-FUTBOL-SC76-1.jpg","width":1500,"height":1612,"caption":"pantalon chandal termico"},{"@type":"BreadcrumbList","@id":"https:\/\/www.inverseteams.com\/es\/producto\/pantalon-chandal-perchado-sc76\/#breadcrumb","itemListElement":[{"@type":"ListItem","position":1,"name":"Portada","item":"https:\/\/www.inverseteams.com\/es\/"},{"@type":"ListItem","position":2,"name":"Tienda","item":"https:\/\/www.inverseteams.com\/es\/tienda\/"},{"@type":"ListItem","position":3,"name":"Pantal\u00f3n ch\u00e1ndal perchado SC76-S"}]},{"@type":"WebSite","@id":"https:\/\/www.inverseteams.com\/es\/#website","url":"https:\/\/www.inverseteams.com\/es\/","name":"Inverseteams","description":"Tu marca de ropa deportiva personalizada","publisher":{"@id":"https:\/\/www.inverseteams.com\/es\/#organization"},"potentialAction":[{"@type":"SearchAction","target":{"@type":"EntryPoint","urlTemplate":"https:\/\/www.inverseteams.com\/es\/?s={search_term_string}"},"query-input":{"@type":"PropertyValueSpecification","valueRequired":true,"valueName":"search_term_string"}}],"inLanguage":"es"},{"@type":"Organization","@id":"https:\/\/www.inverseteams.com\/es\/#organization","name":"Inverse Teams","url":"https:\/\/www.inverseteams.com\/es\/","logo":{"@type":"ImageObject","inLanguage":"es","@id":"https:\/\/www.inverseteams.com\/es\/#\/schema\/logo\/image\/","url":"https:\/\/www.inverseteams.com\/wp-content\/uploads\/2021\/03\/logo-inverse-teams.png","contentUrl":"https:\/\/www.inverseteams.com\/wp-content\/uploads\/2021\/03\/logo-inverse-teams.png","width":294,"height":99,"caption":"Inverse Teams"},"image":{"@id":"https:\/\/www.inverseteams.com\/es\/#\/schema\/logo\/image\/"},"sameAs":["https:\/\/www.facebook.com\/inverseteams","http:\/\/instagram.com\/inverseteams","https:\/\/www.linkedin.com\/company\/inverse-cirosport-s-l-?trk=job_view_topcard_company_name","http:\/\/www.pinterest.com\/inverseteams\/","http:\/\/www.youtube.com\/user\/inverseteams?feature=watch"]}]}},"_links":{"self":[{"href":"https:\/\/www.inverseteams.com\/es\/wp-json\/wp\/v2\/product\/247967","targetHints":{"allow":["GET"]}}],"collection":[{"href":"https:\/\/www.inverseteams.com\/es\/wp-json\/wp\/v2\/product"}],"about":[{"href":"https:\/\/www.inverseteams.com\/es\/wp-json\/wp\/v2\/types\/product"}],"replies":[{"embeddable":true,"href":"https:\/\/www.inverseteams.com\/es\/wp-json\/wp\/v2\/comments?post=247967"}],"wp:featuredmedia":[{"embeddable":true,"href":"https:\/\/www.inverseteams.com\/es\/wp-json\/wp\/v2\/media\/247707"}],"wp:attachment":[{"href":"https:\/\/www.inverseteams.com\/es\/wp-json\/wp\/v2\/media?parent=247967"}],"wp:term":[{"taxonomy":"product_brand","embeddable":true,"href":"https:\/\/www.inverseteams.com\/es\/wp-json\/wp\/v2\/product_brand?post=247967"},{"taxonomy":"product_cat","embeddable":true,"href":"https:\/\/www.inverseteams.com\/es\/wp-json\/wp\/v2\/product_cat?post=247967"},{"taxonomy":"product_tag","embeddable":true,"href":"https:\/\/www.inverseteams.com\/es\/wp-json\/wp\/v2\/product_tag?post=247967"},{"taxonomy":"custom_category","embeddable":true,"href":"https:\/\/www.inverseteams.com\/es\/wp-json\/wp\/v2\/custom_category?post=247967"},{"taxonomy":"range","embeddable":true,"href":"https:\/\/www.inverseteams.com\/es\/wp-json\/wp\/v2\/range?post=247967"}],"curies":[{"name":"wp","href":"https:\/\/api.w.org\/{rel}","templated":true}]}}