{"id":247963,"date":"2025-03-07T08:15:00","date_gmt":"2025-03-07T08:15:00","guid":{"rendered":"https:\/\/www.inverseteams.com\/product\/sudadera-con-capucha-sc64\/"},"modified":"2025-03-17T13:45:01","modified_gmt":"2025-03-17T13:45:01","slug":"sudadera-con-capucha-sc64","status":"publish","type":"product","link":"https:\/\/www.inverseteams.com\/es\/producto\/sudadera-con-capucha-sc64\/","title":{"rendered":"Sudadera con capucha SC64-S"},"content":{"rendered":"<p>Sudadera confeccionada con el tejido HORIZON, con un perchado interior que mantiene el calor corporal. El tejido est\u00e1 tratado con el acabado COOLCOMFORT, que asegura una f\u00e1cil expulsi\u00f3n del sudor hacia el exterior, manteniendo la piel seca y fresca y garantizando una gran comodidad. Su capucha tiene un cord\u00f3n para que puedas ajustarla a tu cabeza. En la zona frontal tiene un bolsillo de gran capacidad. Al final de las mangas y en la cintura tiene una banda el\u00e1stica para que la sudadera se adapte perfectamente a tu cuerpo.<br \/>\nSe puede personalizar la parte frontal. El resto de la sudadera der\u00e1 en negro, rojo, azul navy o azul royal.<\/p>\n","protected":false},"excerpt":{"rendered":"<p>Sudadera confeccionada con el tejido HORIZON, con un perchado interior que mantiene el calor corporal. El tejido est\u00e1 tratado con el acabado COOLCOMFORT, que asegura una f\u00e1cil expulsi\u00f3n del sudor hacia el exterior, manteniendo la piel seca y fresca y garantizando una gran comodidad. Su capucha tiene un cord\u00f3n para que puedas ajustarla a tu cabeza. En la zona frontal tiene un bolsillo de gran capacidad. Al final de las mangas y en la cintura tiene una banda el\u00e1stica para que la sudadera se adapte perfectamente a tu cuerpo.<br \/>\nSe puede personalizar la parte frontal. El resto de la sudadera der\u00e1 en negro, rojo, azul navy o azul royal.<\/p>\n","protected":false},"featured_media":247847,"comment_status":"closed","ping_status":"closed","template":"","meta":{"_acf_changed":false},"product_brand":[],"product_cat":[15],"product_tag":[],"custom_category":[15129,15131],"range":[15142],"class_list":{"0":"post-247963","1":"product","2":"type-product","3":"status-publish","4":"has-post-thumbnail","6":"product_cat-uncategorized","7":"pa_climatologia-frio","8":"pa_climatologia-temperatura-templada","9":"pa_climatologia-viento","10":"pa_deporte-futbol","11":"pa_genero-hombre","12":"pa_genero-mujer","13":"pa_genero-infantil","14":"pa_patronaje-regular","15":"pa_tipo-de-prenda-sudadera","16":"custom_category-deporte-de-equipo","17":"custom_category-futbol","18":"range-paseo","20":"first","21":"instock","22":"product-type-custom"},"acf":[],"yoast_head":"<!-- This site is optimized with the Yoast SEO plugin v27.2 - https:\/\/yoast.com\/product\/yoast-seo-wordpress\/ -->\n<title>Sudadera con capucha SC64-S | Inverseteams<\/title>\n<meta name=\"description\" content=\"Sudadera confeccionada con el tejido HORIZON, con un perchado interior que mantiene el calor corporal. El tejido est\u00e1 tratado con el acabado COOLCOMFORT, que asegura una f\u00e1cil expulsi\u00f3n del sudor hacia el exterior, manteniendo la piel seca y fresca y garantizando una gran comodidad. Su capucha tiene un cord\u00f3n para que puedas ajustarla a tu cabeza. En la zona frontal tiene un bolsillo de gran capacidad. Al final de las mangas y en la cintura tiene una banda el\u00e1stica para que la sudadera se adapte perfectamente a tu cuerpo. Se puede personalizar la parte frontal. El resto de la sudadera der\u00e1 en negro, rojo, azul navy o azul royal.\" \/>\n<meta name=\"robots\" content=\"index, follow, max-snippet:-1, max-image-preview:large, max-video-preview:-1\" \/>\n<link rel=\"canonical\" href=\"https:\/\/www.inverseteams.com\/es\/producto\/sudadera-con-capucha-sc64\/\" \/>\n<meta property=\"og:locale\" content=\"es_ES\" \/>\n<meta property=\"og:type\" content=\"article\" \/>\n<meta property=\"og:title\" content=\"Sudadera con capucha SC64-S | Inverseteams\" \/>\n<meta property=\"og:description\" content=\"Sudadera confeccionada con el tejido HORIZON, con un perchado interior que mantiene el calor corporal. El tejido est\u00e1 tratado con el acabado COOLCOMFORT, que asegura una f\u00e1cil expulsi\u00f3n del sudor hacia el exterior, manteniendo la piel seca y fresca y garantizando una gran comodidad. Su capucha tiene un cord\u00f3n para que puedas ajustarla a tu cabeza. En la zona frontal tiene un bolsillo de gran capacidad. Al final de las mangas y en la cintura tiene una banda el\u00e1stica para que la sudadera se adapte perfectamente a tu cuerpo. Se puede personalizar la parte frontal. El resto de la sudadera der\u00e1 en negro, rojo, azul navy o azul royal.\" \/>\n<meta property=\"og:url\" content=\"https:\/\/www.inverseteams.com\/es\/producto\/sudadera-con-capucha-sc64\/\" \/>\n<meta property=\"og:site_name\" content=\"Inverseteams\" \/>\n<meta property=\"article:publisher\" content=\"https:\/\/www.facebook.com\/inverseteams\" \/>\n<meta property=\"article:modified_time\" content=\"2025-03-17T13:45:01+00:00\" \/>\n<meta property=\"og:image\" content=\"https:\/\/www.inverseteams.com\/wp-content\/uploads\/SUDADERA-CON-CAPUCHA-SC64-1.jpg\" \/>\n\t<meta property=\"og:image:width\" content=\"1500\" \/>\n\t<meta property=\"og:image:height\" content=\"1612\" \/>\n\t<meta property=\"og:image:type\" content=\"image\/jpeg\" \/>\n<meta name=\"twitter:card\" content=\"summary_large_image\" \/>\n<meta name=\"twitter:label1\" content=\"Tiempo de lectura\" \/>\n\t<meta name=\"twitter:data1\" content=\"1 minuto\" \/>\n<script type=\"application\/ld+json\" class=\"yoast-schema-graph\">{\"@context\":\"https:\/\/schema.org\",\"@graph\":[{\"@type\":\"WebPage\",\"@id\":\"https:\/\/www.inverseteams.com\/es\/producto\/sudadera-con-capucha-sc64\/\",\"url\":\"https:\/\/www.inverseteams.com\/es\/producto\/sudadera-con-capucha-sc64\/\",\"name\":\"Sudadera con capucha SC64-S | Inverseteams\",\"isPartOf\":{\"@id\":\"https:\/\/www.inverseteams.com\/es\/#website\"},\"primaryImageOfPage\":{\"@id\":\"https:\/\/www.inverseteams.com\/es\/producto\/sudadera-con-capucha-sc64\/#primaryimage\"},\"image\":{\"@id\":\"https:\/\/www.inverseteams.com\/es\/producto\/sudadera-con-capucha-sc64\/#primaryimage\"},\"thumbnailUrl\":\"https:\/\/www.inverseteams.com\/wp-content\/uploads\/SUDADERA-CON-CAPUCHA-SC64-1.jpg\",\"datePublished\":\"2025-03-07T08:15:00+00:00\",\"dateModified\":\"2025-03-17T13:45:01+00:00\",\"description\":\"Sudadera confeccionada con el tejido HORIZON, con un perchado interior que mantiene el calor corporal. El tejido est\u00e1 tratado con el acabado COOLCOMFORT, que asegura una f\u00e1cil expulsi\u00f3n del sudor hacia el exterior, manteniendo la piel seca y fresca y garantizando una gran comodidad. Su capucha tiene un cord\u00f3n para que puedas ajustarla a tu cabeza. En la zona frontal tiene un bolsillo de gran capacidad. Al final de las mangas y en la cintura tiene una banda el\u00e1stica para que la sudadera se adapte perfectamente a tu cuerpo. Se puede personalizar la parte frontal. El resto de la sudadera der\u00e1 en negro, rojo, azul navy o azul royal.\",\"breadcrumb\":{\"@id\":\"https:\/\/www.inverseteams.com\/es\/producto\/sudadera-con-capucha-sc64\/#breadcrumb\"},\"inLanguage\":\"es\",\"potentialAction\":[{\"@type\":\"ReadAction\",\"target\":[\"https:\/\/www.inverseteams.com\/es\/producto\/sudadera-con-capucha-sc64\/\"]}]},{\"@type\":\"ImageObject\",\"inLanguage\":\"es\",\"@id\":\"https:\/\/www.inverseteams.com\/es\/producto\/sudadera-con-capucha-sc64\/#primaryimage\",\"url\":\"https:\/\/www.inverseteams.com\/wp-content\/uploads\/SUDADERA-CON-CAPUCHA-SC64-1.jpg\",\"contentUrl\":\"https:\/\/www.inverseteams.com\/wp-content\/uploads\/SUDADERA-CON-CAPUCHA-SC64-1.jpg\",\"width\":1500,\"height\":1612,\"caption\":\"dessuadora esportiva amb caputxa\"},{\"@type\":\"BreadcrumbList\",\"@id\":\"https:\/\/www.inverseteams.com\/es\/producto\/sudadera-con-capucha-sc64\/#breadcrumb\",\"itemListElement\":[{\"@type\":\"ListItem\",\"position\":1,\"name\":\"Portada\",\"item\":\"https:\/\/www.inverseteams.com\/es\/\"},{\"@type\":\"ListItem\",\"position\":2,\"name\":\"Tienda\",\"item\":\"https:\/\/www.inverseteams.com\/es\/tienda\/\"},{\"@type\":\"ListItem\",\"position\":3,\"name\":\"Sudadera con capucha SC64-S\"}]},{\"@type\":\"WebSite\",\"@id\":\"https:\/\/www.inverseteams.com\/es\/#website\",\"url\":\"https:\/\/www.inverseteams.com\/es\/\",\"name\":\"Inverseteams\",\"description\":\"Tu marca de ropa deportiva personalizada\",\"publisher\":{\"@id\":\"https:\/\/www.inverseteams.com\/es\/#organization\"},\"potentialAction\":[{\"@type\":\"SearchAction\",\"target\":{\"@type\":\"EntryPoint\",\"urlTemplate\":\"https:\/\/www.inverseteams.com\/es\/?s={search_term_string}\"},\"query-input\":{\"@type\":\"PropertyValueSpecification\",\"valueRequired\":true,\"valueName\":\"search_term_string\"}}],\"inLanguage\":\"es\"},{\"@type\":\"Organization\",\"@id\":\"https:\/\/www.inverseteams.com\/es\/#organization\",\"name\":\"Inverse Teams\",\"url\":\"https:\/\/www.inverseteams.com\/es\/\",\"logo\":{\"@type\":\"ImageObject\",\"inLanguage\":\"es\",\"@id\":\"https:\/\/www.inverseteams.com\/es\/#\/schema\/logo\/image\/\",\"url\":\"https:\/\/www.inverseteams.com\/wp-content\/uploads\/2021\/03\/logo-inverse-teams.png\",\"contentUrl\":\"https:\/\/www.inverseteams.com\/wp-content\/uploads\/2021\/03\/logo-inverse-teams.png\",\"width\":294,\"height\":99,\"caption\":\"Inverse Teams\"},\"image\":{\"@id\":\"https:\/\/www.inverseteams.com\/es\/#\/schema\/logo\/image\/\"},\"sameAs\":[\"https:\/\/www.facebook.com\/inverseteams\",\"http:\/\/instagram.com\/inverseteams\",\"https:\/\/www.linkedin.com\/company\/inverse-cirosport-s-l-?trk=job_view_topcard_company_name\",\"http:\/\/www.pinterest.com\/inverseteams\/\",\"http:\/\/www.youtube.com\/user\/inverseteams?feature=watch\"]}]}<\/script>\n<!-- \/ Yoast SEO plugin. -->","yoast_head_json":{"title":"Sudadera con capucha SC64-S | Inverseteams","description":"Sudadera confeccionada con el tejido HORIZON, con un perchado interior que mantiene el calor corporal. El tejido est\u00e1 tratado con el acabado COOLCOMFORT, que asegura una f\u00e1cil expulsi\u00f3n del sudor hacia el exterior, manteniendo la piel seca y fresca y garantizando una gran comodidad. Su capucha tiene un cord\u00f3n para que puedas ajustarla a tu cabeza. En la zona frontal tiene un bolsillo de gran capacidad. Al final de las mangas y en la cintura tiene una banda el\u00e1stica para que la sudadera se adapte perfectamente a tu cuerpo. Se puede personalizar la parte frontal. El resto de la sudadera der\u00e1 en negro, rojo, azul navy o azul royal.","robots":{"index":"index","follow":"follow","max-snippet":"max-snippet:-1","max-image-preview":"max-image-preview:large","max-video-preview":"max-video-preview:-1"},"canonical":"https:\/\/www.inverseteams.com\/es\/producto\/sudadera-con-capucha-sc64\/","og_locale":"es_ES","og_type":"article","og_title":"Sudadera con capucha SC64-S | Inverseteams","og_description":"Sudadera confeccionada con el tejido HORIZON, con un perchado interior que mantiene el calor corporal. El tejido est\u00e1 tratado con el acabado COOLCOMFORT, que asegura una f\u00e1cil expulsi\u00f3n del sudor hacia el exterior, manteniendo la piel seca y fresca y garantizando una gran comodidad. Su capucha tiene un cord\u00f3n para que puedas ajustarla a tu cabeza. En la zona frontal tiene un bolsillo de gran capacidad. Al final de las mangas y en la cintura tiene una banda el\u00e1stica para que la sudadera se adapte perfectamente a tu cuerpo. Se puede personalizar la parte frontal. El resto de la sudadera der\u00e1 en negro, rojo, azul navy o azul royal.","og_url":"https:\/\/www.inverseteams.com\/es\/producto\/sudadera-con-capucha-sc64\/","og_site_name":"Inverseteams","article_publisher":"https:\/\/www.facebook.com\/inverseteams","article_modified_time":"2025-03-17T13:45:01+00:00","og_image":[{"width":1500,"height":1612,"url":"https:\/\/www.inverseteams.com\/wp-content\/uploads\/SUDADERA-CON-CAPUCHA-SC64-1.jpg","type":"image\/jpeg"}],"twitter_card":"summary_large_image","twitter_misc":{"Tiempo de lectura":"1 minuto"},"schema":{"@context":"https:\/\/schema.org","@graph":[{"@type":"WebPage","@id":"https:\/\/www.inverseteams.com\/es\/producto\/sudadera-con-capucha-sc64\/","url":"https:\/\/www.inverseteams.com\/es\/producto\/sudadera-con-capucha-sc64\/","name":"Sudadera con capucha SC64-S | Inverseteams","isPartOf":{"@id":"https:\/\/www.inverseteams.com\/es\/#website"},"primaryImageOfPage":{"@id":"https:\/\/www.inverseteams.com\/es\/producto\/sudadera-con-capucha-sc64\/#primaryimage"},"image":{"@id":"https:\/\/www.inverseteams.com\/es\/producto\/sudadera-con-capucha-sc64\/#primaryimage"},"thumbnailUrl":"https:\/\/www.inverseteams.com\/wp-content\/uploads\/SUDADERA-CON-CAPUCHA-SC64-1.jpg","datePublished":"2025-03-07T08:15:00+00:00","dateModified":"2025-03-17T13:45:01+00:00","description":"Sudadera confeccionada con el tejido HORIZON, con un perchado interior que mantiene el calor corporal. El tejido est\u00e1 tratado con el acabado COOLCOMFORT, que asegura una f\u00e1cil expulsi\u00f3n del sudor hacia el exterior, manteniendo la piel seca y fresca y garantizando una gran comodidad. Su capucha tiene un cord\u00f3n para que puedas ajustarla a tu cabeza. En la zona frontal tiene un bolsillo de gran capacidad. Al final de las mangas y en la cintura tiene una banda el\u00e1stica para que la sudadera se adapte perfectamente a tu cuerpo. Se puede personalizar la parte frontal. El resto de la sudadera der\u00e1 en negro, rojo, azul navy o azul royal.","breadcrumb":{"@id":"https:\/\/www.inverseteams.com\/es\/producto\/sudadera-con-capucha-sc64\/#breadcrumb"},"inLanguage":"es","potentialAction":[{"@type":"ReadAction","target":["https:\/\/www.inverseteams.com\/es\/producto\/sudadera-con-capucha-sc64\/"]}]},{"@type":"ImageObject","inLanguage":"es","@id":"https:\/\/www.inverseteams.com\/es\/producto\/sudadera-con-capucha-sc64\/#primaryimage","url":"https:\/\/www.inverseteams.com\/wp-content\/uploads\/SUDADERA-CON-CAPUCHA-SC64-1.jpg","contentUrl":"https:\/\/www.inverseteams.com\/wp-content\/uploads\/SUDADERA-CON-CAPUCHA-SC64-1.jpg","width":1500,"height":1612,"caption":"dessuadora esportiva amb caputxa"},{"@type":"BreadcrumbList","@id":"https:\/\/www.inverseteams.com\/es\/producto\/sudadera-con-capucha-sc64\/#breadcrumb","itemListElement":[{"@type":"ListItem","position":1,"name":"Portada","item":"https:\/\/www.inverseteams.com\/es\/"},{"@type":"ListItem","position":2,"name":"Tienda","item":"https:\/\/www.inverseteams.com\/es\/tienda\/"},{"@type":"ListItem","position":3,"name":"Sudadera con capucha SC64-S"}]},{"@type":"WebSite","@id":"https:\/\/www.inverseteams.com\/es\/#website","url":"https:\/\/www.inverseteams.com\/es\/","name":"Inverseteams","description":"Tu marca de ropa deportiva personalizada","publisher":{"@id":"https:\/\/www.inverseteams.com\/es\/#organization"},"potentialAction":[{"@type":"SearchAction","target":{"@type":"EntryPoint","urlTemplate":"https:\/\/www.inverseteams.com\/es\/?s={search_term_string}"},"query-input":{"@type":"PropertyValueSpecification","valueRequired":true,"valueName":"search_term_string"}}],"inLanguage":"es"},{"@type":"Organization","@id":"https:\/\/www.inverseteams.com\/es\/#organization","name":"Inverse Teams","url":"https:\/\/www.inverseteams.com\/es\/","logo":{"@type":"ImageObject","inLanguage":"es","@id":"https:\/\/www.inverseteams.com\/es\/#\/schema\/logo\/image\/","url":"https:\/\/www.inverseteams.com\/wp-content\/uploads\/2021\/03\/logo-inverse-teams.png","contentUrl":"https:\/\/www.inverseteams.com\/wp-content\/uploads\/2021\/03\/logo-inverse-teams.png","width":294,"height":99,"caption":"Inverse Teams"},"image":{"@id":"https:\/\/www.inverseteams.com\/es\/#\/schema\/logo\/image\/"},"sameAs":["https:\/\/www.facebook.com\/inverseteams","http:\/\/instagram.com\/inverseteams","https:\/\/www.linkedin.com\/company\/inverse-cirosport-s-l-?trk=job_view_topcard_company_name","http:\/\/www.pinterest.com\/inverseteams\/","http:\/\/www.youtube.com\/user\/inverseteams?feature=watch"]}]}},"_links":{"self":[{"href":"https:\/\/www.inverseteams.com\/es\/wp-json\/wp\/v2\/product\/247963","targetHints":{"allow":["GET"]}}],"collection":[{"href":"https:\/\/www.inverseteams.com\/es\/wp-json\/wp\/v2\/product"}],"about":[{"href":"https:\/\/www.inverseteams.com\/es\/wp-json\/wp\/v2\/types\/product"}],"replies":[{"embeddable":true,"href":"https:\/\/www.inverseteams.com\/es\/wp-json\/wp\/v2\/comments?post=247963"}],"wp:featuredmedia":[{"embeddable":true,"href":"https:\/\/www.inverseteams.com\/es\/wp-json\/wp\/v2\/media\/247847"}],"wp:attachment":[{"href":"https:\/\/www.inverseteams.com\/es\/wp-json\/wp\/v2\/media?parent=247963"}],"wp:term":[{"taxonomy":"product_brand","embeddable":true,"href":"https:\/\/www.inverseteams.com\/es\/wp-json\/wp\/v2\/product_brand?post=247963"},{"taxonomy":"product_cat","embeddable":true,"href":"https:\/\/www.inverseteams.com\/es\/wp-json\/wp\/v2\/product_cat?post=247963"},{"taxonomy":"product_tag","embeddable":true,"href":"https:\/\/www.inverseteams.com\/es\/wp-json\/wp\/v2\/product_tag?post=247963"},{"taxonomy":"custom_category","embeddable":true,"href":"https:\/\/www.inverseteams.com\/es\/wp-json\/wp\/v2\/custom_category?post=247963"},{"taxonomy":"range","embeddable":true,"href":"https:\/\/www.inverseteams.com\/es\/wp-json\/wp\/v2\/range?post=247963"}],"curies":[{"name":"wp","href":"https:\/\/api.w.org\/{rel}","templated":true}]}}