{"id":247955,"date":"2025-06-23T06:36:22","date_gmt":"2025-06-23T06:36:22","guid":{"rendered":"https:\/\/www.inverseteams.com\/product\/sudadera-tecnica-sc70\/"},"modified":"2025-08-26T06:24:20","modified_gmt":"2025-08-26T06:24:20","slug":"sudadera-tecnica-sc70","status":"publish","type":"product","link":"https:\/\/www.inverseteams.com\/es\/producto\/sudadera-tecnica-sc70\/","title":{"rendered":"Sudadera t\u00e9cnica SC70"},"content":{"rendered":"<p>Disponible en 6 colores: Negro, Blanco, Rojo, Azul Navy, Azul Royal y Verde. El escudo del club se estampa en DTF.<br \/>\nEs una sudadera t\u00e9cnica perfecta para el deporte al aire libre. Su perchado interior mantendr\u00e1 la temperatura corporal. El tejido t\u00e9cnico con el que est\u00e1 confeccionada acelera la expulsi\u00f3n del sudor hacia el exterior, ayudando a mantener la piel seca durante todo el ejercicio.<br \/>\nEn el pecho tiene una cremallera corta para poder regular la ventilaci\u00f3n y los pu\u00f1os de las mangas est\u00e1n finalizados con un canal\u00e9 1&#215;1. Se ajustan muy bien al brazo sin presionar.<br \/>\nEl patronaje de la sudadera y la elasticidad del tejido te permitir\u00e1n una gran libertad de movimientos.<\/p>\n","protected":false},"excerpt":{"rendered":"<p>Disponible en 6 colores: Negro, Blanco, Rojo, Azul Navy, Azul Royal y Verde. El escudo del club se estampa en DTF.<br \/>\nEs una sudadera t\u00e9cnica perfecta para el deporte al aire libre. Su perchado interior mantendr\u00e1 la temperatura corporal. El tejido t\u00e9cnico con el que est\u00e1 confeccionada acelera la expulsi\u00f3n del sudor hacia el exterior, ayudando a mantener la piel seca durante todo el ejercicio.<br \/>\nEn el pecho tiene una cremallera corta para poder regular la ventilaci\u00f3n y los pu\u00f1os de las mangas est\u00e1n finalizados con un canal\u00e9 1&#215;1. Se ajustan muy bien al brazo sin presionar.<br \/>\nEl patronaje de la sudadera y la elasticidad del tejido te permitir\u00e1n una gran libertad de movimientos.<\/p>\n","protected":false},"featured_media":247126,"comment_status":"closed","ping_status":"closed","template":"","meta":{"_acf_changed":false},"product_brand":[],"product_cat":[15],"product_tag":[],"custom_category":[15129,15131],"range":[15137],"class_list":{"0":"post-247955","1":"product","2":"type-product","3":"status-publish","4":"has-post-thumbnail","6":"product_cat-uncategorized","7":"pa_climatologia-frio","8":"pa_climatologia-temperatura-templada","9":"pa_climatologia-viento","10":"pa_deporte-futbol","11":"pa_genero-infantil","12":"pa_genero-unisex","13":"pa_patronaje-regular","14":"pa_tipo-de-prenda-sudadera","15":"custom_category-deporte-de-equipo","16":"custom_category-futbol","17":"range-entreno","19":"first","20":"instock","21":"product-type-custom"},"acf":[],"yoast_head":"<!-- This site is optimized with the Yoast SEO plugin v27.3 - https:\/\/yoast.com\/product\/yoast-seo-wordpress\/ -->\n<title>Sudadera t\u00e9cnica SC70 | Inverseteams<\/title>\n<meta name=\"description\" content=\"Disponible en 6 colores: Negro, Blanco, Rojo, Azul Navy, Azul Royal y Verde. El escudo del club se estampa en DTF. Es una sudadera t\u00e9cnica perfecta para el deporte al aire libre. Su perchado interior mantendr\u00e1 la temperatura corporal. El tejido t\u00e9cnico con el que est\u00e1 confeccionada acelera la expulsi\u00f3n del sudor hacia el exterior, ayudando a mantener la piel seca durante todo el ejercicio. En el pecho tiene una cremallera corta para poder regular la ventilaci\u00f3n y los pu\u00f1os de las mangas est\u00e1n finalizados con un canal\u00e9 1x1. Se ajustan muy bien al brazo sin presionar. El patronaje de la sudadera y la elasticidad del tejido te permitir\u00e1n una gran libertad de movimientos.\" \/>\n<meta name=\"robots\" content=\"index, follow, max-snippet:-1, max-image-preview:large, max-video-preview:-1\" \/>\n<link rel=\"canonical\" href=\"https:\/\/www.inverseteams.com\/es\/producto\/sudadera-tecnica-sc70\/\" \/>\n<meta property=\"og:locale\" content=\"es_ES\" \/>\n<meta property=\"og:type\" content=\"article\" \/>\n<meta property=\"og:title\" content=\"Sudadera t\u00e9cnica SC70 | Inverseteams\" \/>\n<meta property=\"og:description\" content=\"Disponible en 6 colores: Negro, Blanco, Rojo, Azul Navy, Azul Royal y Verde. El escudo del club se estampa en DTF. Es una sudadera t\u00e9cnica perfecta para el deporte al aire libre. Su perchado interior mantendr\u00e1 la temperatura corporal. El tejido t\u00e9cnico con el que est\u00e1 confeccionada acelera la expulsi\u00f3n del sudor hacia el exterior, ayudando a mantener la piel seca durante todo el ejercicio. En el pecho tiene una cremallera corta para poder regular la ventilaci\u00f3n y los pu\u00f1os de las mangas est\u00e1n finalizados con un canal\u00e9 1x1. Se ajustan muy bien al brazo sin presionar. El patronaje de la sudadera y la elasticidad del tejido te permitir\u00e1n una gran libertad de movimientos.\" \/>\n<meta property=\"og:url\" content=\"https:\/\/www.inverseteams.com\/es\/producto\/sudadera-tecnica-sc70\/\" \/>\n<meta property=\"og:site_name\" content=\"Inverseteams\" \/>\n<meta property=\"article:publisher\" content=\"https:\/\/www.facebook.com\/inverseteams\" \/>\n<meta property=\"article:modified_time\" content=\"2025-08-26T06:24:20+00:00\" \/>\n<meta property=\"og:image\" content=\"https:\/\/www.inverseteams.com\/wp-content\/uploads\/SUDADERA-TECNICA-FUTBOL-SC70-1.jpg\" \/>\n\t<meta property=\"og:image:width\" content=\"1500\" \/>\n\t<meta property=\"og:image:height\" content=\"1612\" \/>\n\t<meta property=\"og:image:type\" content=\"image\/jpeg\" \/>\n<meta name=\"twitter:card\" content=\"summary_large_image\" \/>\n<meta name=\"twitter:label1\" content=\"Tiempo de lectura\" \/>\n\t<meta name=\"twitter:data1\" content=\"1 minuto\" \/>\n<script type=\"application\/ld+json\" class=\"yoast-schema-graph\">{\"@context\":\"https:\\\/\\\/schema.org\",\"@graph\":[{\"@type\":\"WebPage\",\"@id\":\"https:\\\/\\\/www.inverseteams.com\\\/es\\\/producto\\\/sudadera-tecnica-sc70\\\/\",\"url\":\"https:\\\/\\\/www.inverseteams.com\\\/es\\\/producto\\\/sudadera-tecnica-sc70\\\/\",\"name\":\"Sudadera t\u00e9cnica SC70 | Inverseteams\",\"isPartOf\":{\"@id\":\"https:\\\/\\\/www.inverseteams.com\\\/es\\\/#website\"},\"primaryImageOfPage\":{\"@id\":\"https:\\\/\\\/www.inverseteams.com\\\/es\\\/producto\\\/sudadera-tecnica-sc70\\\/#primaryimage\"},\"image\":{\"@id\":\"https:\\\/\\\/www.inverseteams.com\\\/es\\\/producto\\\/sudadera-tecnica-sc70\\\/#primaryimage\"},\"thumbnailUrl\":\"https:\\\/\\\/www.inverseteams.com\\\/wp-content\\\/uploads\\\/SUDADERA-TECNICA-FUTBOL-SC70-1.jpg\",\"datePublished\":\"2025-06-23T06:36:22+00:00\",\"dateModified\":\"2025-08-26T06:24:20+00:00\",\"description\":\"Disponible en 6 colores: Negro, Blanco, Rojo, Azul Navy, Azul Royal y Verde. El escudo del club se estampa en DTF. Es una sudadera t\u00e9cnica perfecta para el deporte al aire libre. Su perchado interior mantendr\u00e1 la temperatura corporal. El tejido t\u00e9cnico con el que est\u00e1 confeccionada acelera la expulsi\u00f3n del sudor hacia el exterior, ayudando a mantener la piel seca durante todo el ejercicio. En el pecho tiene una cremallera corta para poder regular la ventilaci\u00f3n y los pu\u00f1os de las mangas est\u00e1n finalizados con un canal\u00e9 1x1. Se ajustan muy bien al brazo sin presionar. El patronaje de la sudadera y la elasticidad del tejido te permitir\u00e1n una gran libertad de movimientos.\",\"breadcrumb\":{\"@id\":\"https:\\\/\\\/www.inverseteams.com\\\/es\\\/producto\\\/sudadera-tecnica-sc70\\\/#breadcrumb\"},\"inLanguage\":\"es\",\"potentialAction\":[{\"@type\":\"ReadAction\",\"target\":[\"https:\\\/\\\/www.inverseteams.com\\\/es\\\/producto\\\/sudadera-tecnica-sc70\\\/\"]}]},{\"@type\":\"ImageObject\",\"inLanguage\":\"es\",\"@id\":\"https:\\\/\\\/www.inverseteams.com\\\/es\\\/producto\\\/sudadera-tecnica-sc70\\\/#primaryimage\",\"url\":\"https:\\\/\\\/www.inverseteams.com\\\/wp-content\\\/uploads\\\/SUDADERA-TECNICA-FUTBOL-SC70-1.jpg\",\"contentUrl\":\"https:\\\/\\\/www.inverseteams.com\\\/wp-content\\\/uploads\\\/SUDADERA-TECNICA-FUTBOL-SC70-1.jpg\",\"width\":1500,\"height\":1612,\"caption\":\"technical football sweater\"},{\"@type\":\"BreadcrumbList\",\"@id\":\"https:\\\/\\\/www.inverseteams.com\\\/es\\\/producto\\\/sudadera-tecnica-sc70\\\/#breadcrumb\",\"itemListElement\":[{\"@type\":\"ListItem\",\"position\":1,\"name\":\"Portada\",\"item\":\"https:\\\/\\\/www.inverseteams.com\\\/es\\\/\"},{\"@type\":\"ListItem\",\"position\":2,\"name\":\"Tienda\",\"item\":\"https:\\\/\\\/www.inverseteams.com\\\/es\\\/tienda\\\/\"},{\"@type\":\"ListItem\",\"position\":3,\"name\":\"Sudadera t\u00e9cnica SC70\"}]},{\"@type\":\"WebSite\",\"@id\":\"https:\\\/\\\/www.inverseteams.com\\\/es\\\/#website\",\"url\":\"https:\\\/\\\/www.inverseteams.com\\\/es\\\/\",\"name\":\"Inverseteams\",\"description\":\"Tu marca de ropa deportiva personalizada\",\"publisher\":{\"@id\":\"https:\\\/\\\/www.inverseteams.com\\\/es\\\/#organization\"},\"potentialAction\":[{\"@type\":\"SearchAction\",\"target\":{\"@type\":\"EntryPoint\",\"urlTemplate\":\"https:\\\/\\\/www.inverseteams.com\\\/es\\\/?s={search_term_string}\"},\"query-input\":{\"@type\":\"PropertyValueSpecification\",\"valueRequired\":true,\"valueName\":\"search_term_string\"}}],\"inLanguage\":\"es\"},{\"@type\":\"Organization\",\"@id\":\"https:\\\/\\\/www.inverseteams.com\\\/es\\\/#organization\",\"name\":\"Inverse Teams\",\"url\":\"https:\\\/\\\/www.inverseteams.com\\\/es\\\/\",\"logo\":{\"@type\":\"ImageObject\",\"inLanguage\":\"es\",\"@id\":\"https:\\\/\\\/www.inverseteams.com\\\/es\\\/#\\\/schema\\\/logo\\\/image\\\/\",\"url\":\"http:\\\/\\\/www.inverseteams.com\\\/wp-content\\\/uploads\\\/2021\\\/03\\\/logo-inverse-teams.png\",\"contentUrl\":\"http:\\\/\\\/www.inverseteams.com\\\/wp-content\\\/uploads\\\/2021\\\/03\\\/logo-inverse-teams.png\",\"width\":294,\"height\":99,\"caption\":\"Inverse Teams\"},\"image\":{\"@id\":\"https:\\\/\\\/www.inverseteams.com\\\/es\\\/#\\\/schema\\\/logo\\\/image\\\/\"},\"sameAs\":[\"https:\\\/\\\/www.facebook.com\\\/inverseteams\",\"http:\\\/\\\/instagram.com\\\/inverseteams\",\"https:\\\/\\\/www.linkedin.com\\\/company\\\/inverse-cirosport-s-l-?trk=job_view_topcard_company_name\",\"http:\\\/\\\/www.pinterest.com\\\/inverseteams\\\/\",\"http:\\\/\\\/www.youtube.com\\\/user\\\/inverseteams?feature=watch\"]}]}<\/script>\n<!-- \/ Yoast SEO plugin. -->","yoast_head_json":{"title":"Sudadera t\u00e9cnica SC70 | Inverseteams","description":"Disponible en 6 colores: Negro, Blanco, Rojo, Azul Navy, Azul Royal y Verde. El escudo del club se estampa en DTF. Es una sudadera t\u00e9cnica perfecta para el deporte al aire libre. Su perchado interior mantendr\u00e1 la temperatura corporal. El tejido t\u00e9cnico con el que est\u00e1 confeccionada acelera la expulsi\u00f3n del sudor hacia el exterior, ayudando a mantener la piel seca durante todo el ejercicio. En el pecho tiene una cremallera corta para poder regular la ventilaci\u00f3n y los pu\u00f1os de las mangas est\u00e1n finalizados con un canal\u00e9 1x1. Se ajustan muy bien al brazo sin presionar. El patronaje de la sudadera y la elasticidad del tejido te permitir\u00e1n una gran libertad de movimientos.","robots":{"index":"index","follow":"follow","max-snippet":"max-snippet:-1","max-image-preview":"max-image-preview:large","max-video-preview":"max-video-preview:-1"},"canonical":"https:\/\/www.inverseteams.com\/es\/producto\/sudadera-tecnica-sc70\/","og_locale":"es_ES","og_type":"article","og_title":"Sudadera t\u00e9cnica SC70 | Inverseteams","og_description":"Disponible en 6 colores: Negro, Blanco, Rojo, Azul Navy, Azul Royal y Verde. El escudo del club se estampa en DTF. Es una sudadera t\u00e9cnica perfecta para el deporte al aire libre. Su perchado interior mantendr\u00e1 la temperatura corporal. El tejido t\u00e9cnico con el que est\u00e1 confeccionada acelera la expulsi\u00f3n del sudor hacia el exterior, ayudando a mantener la piel seca durante todo el ejercicio. En el pecho tiene una cremallera corta para poder regular la ventilaci\u00f3n y los pu\u00f1os de las mangas est\u00e1n finalizados con un canal\u00e9 1x1. Se ajustan muy bien al brazo sin presionar. El patronaje de la sudadera y la elasticidad del tejido te permitir\u00e1n una gran libertad de movimientos.","og_url":"https:\/\/www.inverseteams.com\/es\/producto\/sudadera-tecnica-sc70\/","og_site_name":"Inverseteams","article_publisher":"https:\/\/www.facebook.com\/inverseteams","article_modified_time":"2025-08-26T06:24:20+00:00","og_image":[{"width":1500,"height":1612,"url":"https:\/\/www.inverseteams.com\/wp-content\/uploads\/SUDADERA-TECNICA-FUTBOL-SC70-1.jpg","type":"image\/jpeg"}],"twitter_card":"summary_large_image","twitter_misc":{"Tiempo de lectura":"1 minuto"},"schema":{"@context":"https:\/\/schema.org","@graph":[{"@type":"WebPage","@id":"https:\/\/www.inverseteams.com\/es\/producto\/sudadera-tecnica-sc70\/","url":"https:\/\/www.inverseteams.com\/es\/producto\/sudadera-tecnica-sc70\/","name":"Sudadera t\u00e9cnica SC70 | Inverseteams","isPartOf":{"@id":"https:\/\/www.inverseteams.com\/es\/#website"},"primaryImageOfPage":{"@id":"https:\/\/www.inverseteams.com\/es\/producto\/sudadera-tecnica-sc70\/#primaryimage"},"image":{"@id":"https:\/\/www.inverseteams.com\/es\/producto\/sudadera-tecnica-sc70\/#primaryimage"},"thumbnailUrl":"https:\/\/www.inverseteams.com\/wp-content\/uploads\/SUDADERA-TECNICA-FUTBOL-SC70-1.jpg","datePublished":"2025-06-23T06:36:22+00:00","dateModified":"2025-08-26T06:24:20+00:00","description":"Disponible en 6 colores: Negro, Blanco, Rojo, Azul Navy, Azul Royal y Verde. El escudo del club se estampa en DTF. Es una sudadera t\u00e9cnica perfecta para el deporte al aire libre. Su perchado interior mantendr\u00e1 la temperatura corporal. El tejido t\u00e9cnico con el que est\u00e1 confeccionada acelera la expulsi\u00f3n del sudor hacia el exterior, ayudando a mantener la piel seca durante todo el ejercicio. En el pecho tiene una cremallera corta para poder regular la ventilaci\u00f3n y los pu\u00f1os de las mangas est\u00e1n finalizados con un canal\u00e9 1x1. Se ajustan muy bien al brazo sin presionar. El patronaje de la sudadera y la elasticidad del tejido te permitir\u00e1n una gran libertad de movimientos.","breadcrumb":{"@id":"https:\/\/www.inverseteams.com\/es\/producto\/sudadera-tecnica-sc70\/#breadcrumb"},"inLanguage":"es","potentialAction":[{"@type":"ReadAction","target":["https:\/\/www.inverseteams.com\/es\/producto\/sudadera-tecnica-sc70\/"]}]},{"@type":"ImageObject","inLanguage":"es","@id":"https:\/\/www.inverseteams.com\/es\/producto\/sudadera-tecnica-sc70\/#primaryimage","url":"https:\/\/www.inverseteams.com\/wp-content\/uploads\/SUDADERA-TECNICA-FUTBOL-SC70-1.jpg","contentUrl":"https:\/\/www.inverseteams.com\/wp-content\/uploads\/SUDADERA-TECNICA-FUTBOL-SC70-1.jpg","width":1500,"height":1612,"caption":"technical football sweater"},{"@type":"BreadcrumbList","@id":"https:\/\/www.inverseteams.com\/es\/producto\/sudadera-tecnica-sc70\/#breadcrumb","itemListElement":[{"@type":"ListItem","position":1,"name":"Portada","item":"https:\/\/www.inverseteams.com\/es\/"},{"@type":"ListItem","position":2,"name":"Tienda","item":"https:\/\/www.inverseteams.com\/es\/tienda\/"},{"@type":"ListItem","position":3,"name":"Sudadera t\u00e9cnica SC70"}]},{"@type":"WebSite","@id":"https:\/\/www.inverseteams.com\/es\/#website","url":"https:\/\/www.inverseteams.com\/es\/","name":"Inverseteams","description":"Tu marca de ropa deportiva personalizada","publisher":{"@id":"https:\/\/www.inverseteams.com\/es\/#organization"},"potentialAction":[{"@type":"SearchAction","target":{"@type":"EntryPoint","urlTemplate":"https:\/\/www.inverseteams.com\/es\/?s={search_term_string}"},"query-input":{"@type":"PropertyValueSpecification","valueRequired":true,"valueName":"search_term_string"}}],"inLanguage":"es"},{"@type":"Organization","@id":"https:\/\/www.inverseteams.com\/es\/#organization","name":"Inverse Teams","url":"https:\/\/www.inverseteams.com\/es\/","logo":{"@type":"ImageObject","inLanguage":"es","@id":"https:\/\/www.inverseteams.com\/es\/#\/schema\/logo\/image\/","url":"https:\/\/www.inverseteams.com\/wp-content\/uploads\/2021\/03\/logo-inverse-teams.png","contentUrl":"https:\/\/www.inverseteams.com\/wp-content\/uploads\/2021\/03\/logo-inverse-teams.png","width":294,"height":99,"caption":"Inverse Teams"},"image":{"@id":"https:\/\/www.inverseteams.com\/es\/#\/schema\/logo\/image\/"},"sameAs":["https:\/\/www.facebook.com\/inverseteams","http:\/\/instagram.com\/inverseteams","https:\/\/www.linkedin.com\/company\/inverse-cirosport-s-l-?trk=job_view_topcard_company_name","http:\/\/www.pinterest.com\/inverseteams\/","http:\/\/www.youtube.com\/user\/inverseteams?feature=watch"]}]}},"_links":{"self":[{"href":"https:\/\/www.inverseteams.com\/es\/wp-json\/wp\/v2\/product\/247955","targetHints":{"allow":["GET"]}}],"collection":[{"href":"https:\/\/www.inverseteams.com\/es\/wp-json\/wp\/v2\/product"}],"about":[{"href":"https:\/\/www.inverseteams.com\/es\/wp-json\/wp\/v2\/types\/product"}],"replies":[{"embeddable":true,"href":"https:\/\/www.inverseteams.com\/es\/wp-json\/wp\/v2\/comments?post=247955"}],"wp:featuredmedia":[{"embeddable":true,"href":"https:\/\/www.inverseteams.com\/es\/wp-json\/wp\/v2\/media\/247126"}],"wp:attachment":[{"href":"https:\/\/www.inverseteams.com\/es\/wp-json\/wp\/v2\/media?parent=247955"}],"wp:term":[{"taxonomy":"product_brand","embeddable":true,"href":"https:\/\/www.inverseteams.com\/es\/wp-json\/wp\/v2\/product_brand?post=247955"},{"taxonomy":"product_cat","embeddable":true,"href":"https:\/\/www.inverseteams.com\/es\/wp-json\/wp\/v2\/product_cat?post=247955"},{"taxonomy":"product_tag","embeddable":true,"href":"https:\/\/www.inverseteams.com\/es\/wp-json\/wp\/v2\/product_tag?post=247955"},{"taxonomy":"custom_category","embeddable":true,"href":"https:\/\/www.inverseteams.com\/es\/wp-json\/wp\/v2\/custom_category?post=247955"},{"taxonomy":"range","embeddable":true,"href":"https:\/\/www.inverseteams.com\/es\/wp-json\/wp\/v2\/range?post=247955"}],"curies":[{"name":"wp","href":"https:\/\/api.w.org\/{rel}","templated":true}]}}