{"id":247954,"date":"2025-06-23T06:36:22","date_gmt":"2025-06-23T06:36:22","guid":{"rendered":"https:\/\/www.inverseteams.com\/product\/camiseta-sf45\/"},"modified":"2025-06-23T06:39:53","modified_gmt":"2025-06-23T06:39:53","slug":"camiseta-sf45","status":"publish","type":"product","link":"https:\/\/www.inverseteams.com\/es\/producto\/camiseta-sf45\/","title":{"rendered":"Camiseta SF45"},"content":{"rendered":"<p>Fabricada con un tejido de multifilamento resistente, con un tacto suave y muy agradable. El tejido est\u00e1 tratado con el acabado COOLCOMFORT, que asegura una f\u00e1cil expulsi\u00f3n del sudor hacia el exterior, manteniendo la piel seca y fresca y garantizando una gran comodidad durante todo el partido.<br \/>\nEl patronaje de esta camiseta de f\u00fatbol est\u00e1 especialmente dise\u00f1ado para ofrecer una excelente libertad de movimiento y un ajuste ergon\u00f3mico que optimiza el rendimiento. Adem\u00e1s, el interior del cuello tiene un tapacosturas muy suave que evita cualquier tipo de rozadura o molestia durante el ejercicio f\u00edsico.<br \/>\n100% personalizada con la t\u00e9cnica de la sublimaci\u00f3n. Esto garantiza una resistencia y duraci\u00f3n de los colores inigualable. Las tintas utilizadas para la sublimaci\u00f3n son ecol\u00f3gicas, cumplen con la norma OEKO-TEX\u00ae ECO PASSPORT que certifica que son respetuosas con el medio ambiente e inocuas para la salud.<\/p>\n","protected":false},"excerpt":{"rendered":"<p>Fabricada con un tejido de multifilamento resistente, con un tacto suave y muy agradable. El tejido est\u00e1 tratado con el acabado COOLCOMFORT, que asegura una f\u00e1cil expulsi\u00f3n del sudor hacia el exterior, manteniendo la piel seca y fresca y garantizando una gran comodidad durante todo el partido.<br \/>\nEl patronaje de esta camiseta de f\u00fatbol est\u00e1 especialmente dise\u00f1ado para ofrecer una excelente libertad de movimiento y un ajuste ergon\u00f3mico que optimiza el rendimiento. Adem\u00e1s, el interior del cuello tiene un tapacosturas muy suave que evita cualquier tipo de rozadura o molestia durante el ejercicio f\u00edsico.<br \/>\n100% personalizada con la t\u00e9cnica de la sublimaci\u00f3n. Esto garantiza una resistencia y duraci\u00f3n de los colores inigualable. Las tintas utilizadas para la sublimaci\u00f3n son ecol\u00f3gicas, cumplen con la norma OEKO-TEX\u00ae ECO PASSPORT que certifica que son respetuosas con el medio ambiente e inocuas para la salud.<\/p>\n","protected":false},"featured_media":247096,"comment_status":"closed","ping_status":"open","template":"","meta":{"_acf_changed":false},"product_brand":[],"product_cat":[15],"product_tag":[],"custom_category":[15129,15131],"range":[15137],"class_list":{"0":"post-247954","1":"product","2":"type-product","3":"status-publish","4":"has-post-thumbnail","6":"product_cat-uncategorized","7":"pa_climatologia-calor","8":"pa_climatologia-temperatura-templada","9":"pa_deporte-futbol","10":"pa_genero-hombre","11":"pa_genero-mujer","12":"pa_genero-infantil","13":"pa_patronaje-regular","14":"pa_tipo-de-prenda-camiseta","15":"custom_category-deporte-de-equipo","16":"custom_category-futbol","17":"range-entreno","19":"first","20":"instock","21":"product-type-custom"},"acf":[],"yoast_head":"<!-- This site is optimized with the Yoast SEO plugin v27.2 - https:\/\/yoast.com\/product\/yoast-seo-wordpress\/ -->\n<title>Camiseta SF45 | Inverseteams<\/title>\n<meta name=\"description\" content=\"Fabricada con un tejido de multifilamento resistente, con un tacto suave y muy agradable. El tejido est\u00e1 tratado con el acabado COOLCOMFORT, que asegura una f\u00e1cil expulsi\u00f3n del sudor hacia el exterior, manteniendo la piel seca y fresca y garantizando una gran comodidad durante todo el partido. El patronaje de esta camiseta de f\u00fatbol est\u00e1 especialmente dise\u00f1ado para ofrecer una excelente libertad de movimiento y un ajuste ergon\u00f3mico que optimiza el rendimiento. Adem\u00e1s, el interior del cuello tiene un tapacosturas muy suave que evita cualquier tipo de rozadura o molestia durante el ejercicio f\u00edsico. 100% personalizada con la t\u00e9cnica de la sublimaci\u00f3n. Esto garantiza una resistencia y duraci\u00f3n de los colores inigualable. Las tintas utilizadas para la sublimaci\u00f3n son ecol\u00f3gicas, cumplen con la norma OEKO-TEX\u00ae ECO PASSPORT que certifica que son respetuosas con el medio ambiente e inocuas para la salud.\" \/>\n<meta name=\"robots\" content=\"index, follow, max-snippet:-1, max-image-preview:large, max-video-preview:-1\" \/>\n<link rel=\"canonical\" href=\"https:\/\/www.inverseteams.com\/es\/producto\/camiseta-sf45\/\" \/>\n<meta property=\"og:locale\" content=\"es_ES\" \/>\n<meta property=\"og:type\" content=\"article\" \/>\n<meta property=\"og:title\" content=\"Camiseta SF45 | Inverseteams\" \/>\n<meta property=\"og:description\" content=\"Fabricada con un tejido de multifilamento resistente, con un tacto suave y muy agradable. El tejido est\u00e1 tratado con el acabado COOLCOMFORT, que asegura una f\u00e1cil expulsi\u00f3n del sudor hacia el exterior, manteniendo la piel seca y fresca y garantizando una gran comodidad durante todo el partido. El patronaje de esta camiseta de f\u00fatbol est\u00e1 especialmente dise\u00f1ado para ofrecer una excelente libertad de movimiento y un ajuste ergon\u00f3mico que optimiza el rendimiento. Adem\u00e1s, el interior del cuello tiene un tapacosturas muy suave que evita cualquier tipo de rozadura o molestia durante el ejercicio f\u00edsico. 100% personalizada con la t\u00e9cnica de la sublimaci\u00f3n. Esto garantiza una resistencia y duraci\u00f3n de los colores inigualable. Las tintas utilizadas para la sublimaci\u00f3n son ecol\u00f3gicas, cumplen con la norma OEKO-TEX\u00ae ECO PASSPORT que certifica que son respetuosas con el medio ambiente e inocuas para la salud.\" \/>\n<meta property=\"og:url\" content=\"https:\/\/www.inverseteams.com\/es\/producto\/camiseta-sf45\/\" \/>\n<meta property=\"og:site_name\" content=\"Inverseteams\" \/>\n<meta property=\"article:publisher\" content=\"https:\/\/www.facebook.com\/inverseteams\" \/>\n<meta property=\"article:modified_time\" content=\"2025-06-23T06:39:53+00:00\" \/>\n<meta property=\"og:image\" content=\"https:\/\/www.inverseteams.com\/wp-content\/uploads\/CAMISETA-ENTRENO-FUTBOL-SF45-1.jpg\" \/>\n\t<meta property=\"og:image:width\" content=\"1500\" \/>\n\t<meta property=\"og:image:height\" content=\"1612\" \/>\n\t<meta property=\"og:image:type\" content=\"image\/jpeg\" \/>\n<meta name=\"twitter:card\" content=\"summary_large_image\" \/>\n<meta name=\"twitter:label1\" content=\"Tiempo de lectura\" \/>\n\t<meta name=\"twitter:data1\" content=\"1 minuto\" \/>\n<script type=\"application\/ld+json\" class=\"yoast-schema-graph\">{\"@context\":\"https:\/\/schema.org\",\"@graph\":[{\"@type\":\"WebPage\",\"@id\":\"https:\/\/www.inverseteams.com\/es\/producto\/camiseta-sf45\/\",\"url\":\"https:\/\/www.inverseteams.com\/es\/producto\/camiseta-sf45\/\",\"name\":\"Camiseta SF45 | Inverseteams\",\"isPartOf\":{\"@id\":\"https:\/\/www.inverseteams.com\/es\/#website\"},\"primaryImageOfPage\":{\"@id\":\"https:\/\/www.inverseteams.com\/es\/producto\/camiseta-sf45\/#primaryimage\"},\"image\":{\"@id\":\"https:\/\/www.inverseteams.com\/es\/producto\/camiseta-sf45\/#primaryimage\"},\"thumbnailUrl\":\"https:\/\/www.inverseteams.com\/wp-content\/uploads\/CAMISETA-ENTRENO-FUTBOL-SF45-1.jpg\",\"datePublished\":\"2025-06-23T06:36:22+00:00\",\"dateModified\":\"2025-06-23T06:39:53+00:00\",\"description\":\"Fabricada con un tejido de multifilamento resistente, con un tacto suave y muy agradable. El tejido est\u00e1 tratado con el acabado COOLCOMFORT, que asegura una f\u00e1cil expulsi\u00f3n del sudor hacia el exterior, manteniendo la piel seca y fresca y garantizando una gran comodidad durante todo el partido. El patronaje de esta camiseta de f\u00fatbol est\u00e1 especialmente dise\u00f1ado para ofrecer una excelente libertad de movimiento y un ajuste ergon\u00f3mico que optimiza el rendimiento. Adem\u00e1s, el interior del cuello tiene un tapacosturas muy suave que evita cualquier tipo de rozadura o molestia durante el ejercicio f\u00edsico. 100% personalizada con la t\u00e9cnica de la sublimaci\u00f3n. Esto garantiza una resistencia y duraci\u00f3n de los colores inigualable. Las tintas utilizadas para la sublimaci\u00f3n son ecol\u00f3gicas, cumplen con la norma OEKO-TEX\u00ae ECO PASSPORT que certifica que son respetuosas con el medio ambiente e inocuas para la salud.\",\"breadcrumb\":{\"@id\":\"https:\/\/www.inverseteams.com\/es\/producto\/camiseta-sf45\/#breadcrumb\"},\"inLanguage\":\"es\",\"potentialAction\":[{\"@type\":\"ReadAction\",\"target\":[\"https:\/\/www.inverseteams.com\/es\/producto\/camiseta-sf45\/\"]}]},{\"@type\":\"ImageObject\",\"inLanguage\":\"es\",\"@id\":\"https:\/\/www.inverseteams.com\/es\/producto\/camiseta-sf45\/#primaryimage\",\"url\":\"https:\/\/www.inverseteams.com\/wp-content\/uploads\/CAMISETA-ENTRENO-FUTBOL-SF45-1.jpg\",\"contentUrl\":\"https:\/\/www.inverseteams.com\/wp-content\/uploads\/CAMISETA-ENTRENO-FUTBOL-SF45-1.jpg\",\"width\":1500,\"height\":1612,\"caption\":\"training fussball trikot\"},{\"@type\":\"BreadcrumbList\",\"@id\":\"https:\/\/www.inverseteams.com\/es\/producto\/camiseta-sf45\/#breadcrumb\",\"itemListElement\":[{\"@type\":\"ListItem\",\"position\":1,\"name\":\"Portada\",\"item\":\"https:\/\/www.inverseteams.com\/es\/\"},{\"@type\":\"ListItem\",\"position\":2,\"name\":\"Tienda\",\"item\":\"https:\/\/www.inverseteams.com\/es\/tienda\/\"},{\"@type\":\"ListItem\",\"position\":3,\"name\":\"Camiseta SF45\"}]},{\"@type\":\"WebSite\",\"@id\":\"https:\/\/www.inverseteams.com\/es\/#website\",\"url\":\"https:\/\/www.inverseteams.com\/es\/\",\"name\":\"Inverseteams\",\"description\":\"Tu marca de ropa deportiva personalizada\",\"publisher\":{\"@id\":\"https:\/\/www.inverseteams.com\/es\/#organization\"},\"potentialAction\":[{\"@type\":\"SearchAction\",\"target\":{\"@type\":\"EntryPoint\",\"urlTemplate\":\"https:\/\/www.inverseteams.com\/es\/?s={search_term_string}\"},\"query-input\":{\"@type\":\"PropertyValueSpecification\",\"valueRequired\":true,\"valueName\":\"search_term_string\"}}],\"inLanguage\":\"es\"},{\"@type\":\"Organization\",\"@id\":\"https:\/\/www.inverseteams.com\/es\/#organization\",\"name\":\"Inverse Teams\",\"url\":\"https:\/\/www.inverseteams.com\/es\/\",\"logo\":{\"@type\":\"ImageObject\",\"inLanguage\":\"es\",\"@id\":\"https:\/\/www.inverseteams.com\/es\/#\/schema\/logo\/image\/\",\"url\":\"https:\/\/www.inverseteams.com\/wp-content\/uploads\/2021\/03\/logo-inverse-teams.png\",\"contentUrl\":\"https:\/\/www.inverseteams.com\/wp-content\/uploads\/2021\/03\/logo-inverse-teams.png\",\"width\":294,\"height\":99,\"caption\":\"Inverse Teams\"},\"image\":{\"@id\":\"https:\/\/www.inverseteams.com\/es\/#\/schema\/logo\/image\/\"},\"sameAs\":[\"https:\/\/www.facebook.com\/inverseteams\",\"http:\/\/instagram.com\/inverseteams\",\"https:\/\/www.linkedin.com\/company\/inverse-cirosport-s-l-?trk=job_view_topcard_company_name\",\"http:\/\/www.pinterest.com\/inverseteams\/\",\"http:\/\/www.youtube.com\/user\/inverseteams?feature=watch\"]}]}<\/script>\n<!-- \/ Yoast SEO plugin. -->","yoast_head_json":{"title":"Camiseta SF45 | Inverseteams","description":"Fabricada con un tejido de multifilamento resistente, con un tacto suave y muy agradable. El tejido est\u00e1 tratado con el acabado COOLCOMFORT, que asegura una f\u00e1cil expulsi\u00f3n del sudor hacia el exterior, manteniendo la piel seca y fresca y garantizando una gran comodidad durante todo el partido. El patronaje de esta camiseta de f\u00fatbol est\u00e1 especialmente dise\u00f1ado para ofrecer una excelente libertad de movimiento y un ajuste ergon\u00f3mico que optimiza el rendimiento. Adem\u00e1s, el interior del cuello tiene un tapacosturas muy suave que evita cualquier tipo de rozadura o molestia durante el ejercicio f\u00edsico. 100% personalizada con la t\u00e9cnica de la sublimaci\u00f3n. Esto garantiza una resistencia y duraci\u00f3n de los colores inigualable. Las tintas utilizadas para la sublimaci\u00f3n son ecol\u00f3gicas, cumplen con la norma OEKO-TEX\u00ae ECO PASSPORT que certifica que son respetuosas con el medio ambiente e inocuas para la salud.","robots":{"index":"index","follow":"follow","max-snippet":"max-snippet:-1","max-image-preview":"max-image-preview:large","max-video-preview":"max-video-preview:-1"},"canonical":"https:\/\/www.inverseteams.com\/es\/producto\/camiseta-sf45\/","og_locale":"es_ES","og_type":"article","og_title":"Camiseta SF45 | Inverseteams","og_description":"Fabricada con un tejido de multifilamento resistente, con un tacto suave y muy agradable. El tejido est\u00e1 tratado con el acabado COOLCOMFORT, que asegura una f\u00e1cil expulsi\u00f3n del sudor hacia el exterior, manteniendo la piel seca y fresca y garantizando una gran comodidad durante todo el partido. El patronaje de esta camiseta de f\u00fatbol est\u00e1 especialmente dise\u00f1ado para ofrecer una excelente libertad de movimiento y un ajuste ergon\u00f3mico que optimiza el rendimiento. Adem\u00e1s, el interior del cuello tiene un tapacosturas muy suave que evita cualquier tipo de rozadura o molestia durante el ejercicio f\u00edsico. 100% personalizada con la t\u00e9cnica de la sublimaci\u00f3n. Esto garantiza una resistencia y duraci\u00f3n de los colores inigualable. Las tintas utilizadas para la sublimaci\u00f3n son ecol\u00f3gicas, cumplen con la norma OEKO-TEX\u00ae ECO PASSPORT que certifica que son respetuosas con el medio ambiente e inocuas para la salud.","og_url":"https:\/\/www.inverseteams.com\/es\/producto\/camiseta-sf45\/","og_site_name":"Inverseteams","article_publisher":"https:\/\/www.facebook.com\/inverseteams","article_modified_time":"2025-06-23T06:39:53+00:00","og_image":[{"width":1500,"height":1612,"url":"https:\/\/www.inverseteams.com\/wp-content\/uploads\/CAMISETA-ENTRENO-FUTBOL-SF45-1.jpg","type":"image\/jpeg"}],"twitter_card":"summary_large_image","twitter_misc":{"Tiempo de lectura":"1 minuto"},"schema":{"@context":"https:\/\/schema.org","@graph":[{"@type":"WebPage","@id":"https:\/\/www.inverseteams.com\/es\/producto\/camiseta-sf45\/","url":"https:\/\/www.inverseteams.com\/es\/producto\/camiseta-sf45\/","name":"Camiseta SF45 | Inverseteams","isPartOf":{"@id":"https:\/\/www.inverseteams.com\/es\/#website"},"primaryImageOfPage":{"@id":"https:\/\/www.inverseteams.com\/es\/producto\/camiseta-sf45\/#primaryimage"},"image":{"@id":"https:\/\/www.inverseteams.com\/es\/producto\/camiseta-sf45\/#primaryimage"},"thumbnailUrl":"https:\/\/www.inverseteams.com\/wp-content\/uploads\/CAMISETA-ENTRENO-FUTBOL-SF45-1.jpg","datePublished":"2025-06-23T06:36:22+00:00","dateModified":"2025-06-23T06:39:53+00:00","description":"Fabricada con un tejido de multifilamento resistente, con un tacto suave y muy agradable. El tejido est\u00e1 tratado con el acabado COOLCOMFORT, que asegura una f\u00e1cil expulsi\u00f3n del sudor hacia el exterior, manteniendo la piel seca y fresca y garantizando una gran comodidad durante todo el partido. El patronaje de esta camiseta de f\u00fatbol est\u00e1 especialmente dise\u00f1ado para ofrecer una excelente libertad de movimiento y un ajuste ergon\u00f3mico que optimiza el rendimiento. Adem\u00e1s, el interior del cuello tiene un tapacosturas muy suave que evita cualquier tipo de rozadura o molestia durante el ejercicio f\u00edsico. 100% personalizada con la t\u00e9cnica de la sublimaci\u00f3n. Esto garantiza una resistencia y duraci\u00f3n de los colores inigualable. Las tintas utilizadas para la sublimaci\u00f3n son ecol\u00f3gicas, cumplen con la norma OEKO-TEX\u00ae ECO PASSPORT que certifica que son respetuosas con el medio ambiente e inocuas para la salud.","breadcrumb":{"@id":"https:\/\/www.inverseteams.com\/es\/producto\/camiseta-sf45\/#breadcrumb"},"inLanguage":"es","potentialAction":[{"@type":"ReadAction","target":["https:\/\/www.inverseteams.com\/es\/producto\/camiseta-sf45\/"]}]},{"@type":"ImageObject","inLanguage":"es","@id":"https:\/\/www.inverseteams.com\/es\/producto\/camiseta-sf45\/#primaryimage","url":"https:\/\/www.inverseteams.com\/wp-content\/uploads\/CAMISETA-ENTRENO-FUTBOL-SF45-1.jpg","contentUrl":"https:\/\/www.inverseteams.com\/wp-content\/uploads\/CAMISETA-ENTRENO-FUTBOL-SF45-1.jpg","width":1500,"height":1612,"caption":"training fussball trikot"},{"@type":"BreadcrumbList","@id":"https:\/\/www.inverseteams.com\/es\/producto\/camiseta-sf45\/#breadcrumb","itemListElement":[{"@type":"ListItem","position":1,"name":"Portada","item":"https:\/\/www.inverseteams.com\/es\/"},{"@type":"ListItem","position":2,"name":"Tienda","item":"https:\/\/www.inverseteams.com\/es\/tienda\/"},{"@type":"ListItem","position":3,"name":"Camiseta SF45"}]},{"@type":"WebSite","@id":"https:\/\/www.inverseteams.com\/es\/#website","url":"https:\/\/www.inverseteams.com\/es\/","name":"Inverseteams","description":"Tu marca de ropa deportiva personalizada","publisher":{"@id":"https:\/\/www.inverseteams.com\/es\/#organization"},"potentialAction":[{"@type":"SearchAction","target":{"@type":"EntryPoint","urlTemplate":"https:\/\/www.inverseteams.com\/es\/?s={search_term_string}"},"query-input":{"@type":"PropertyValueSpecification","valueRequired":true,"valueName":"search_term_string"}}],"inLanguage":"es"},{"@type":"Organization","@id":"https:\/\/www.inverseteams.com\/es\/#organization","name":"Inverse Teams","url":"https:\/\/www.inverseteams.com\/es\/","logo":{"@type":"ImageObject","inLanguage":"es","@id":"https:\/\/www.inverseteams.com\/es\/#\/schema\/logo\/image\/","url":"https:\/\/www.inverseteams.com\/wp-content\/uploads\/2021\/03\/logo-inverse-teams.png","contentUrl":"https:\/\/www.inverseteams.com\/wp-content\/uploads\/2021\/03\/logo-inverse-teams.png","width":294,"height":99,"caption":"Inverse Teams"},"image":{"@id":"https:\/\/www.inverseteams.com\/es\/#\/schema\/logo\/image\/"},"sameAs":["https:\/\/www.facebook.com\/inverseteams","http:\/\/instagram.com\/inverseteams","https:\/\/www.linkedin.com\/company\/inverse-cirosport-s-l-?trk=job_view_topcard_company_name","http:\/\/www.pinterest.com\/inverseteams\/","http:\/\/www.youtube.com\/user\/inverseteams?feature=watch"]}]}},"_links":{"self":[{"href":"https:\/\/www.inverseteams.com\/es\/wp-json\/wp\/v2\/product\/247954","targetHints":{"allow":["GET"]}}],"collection":[{"href":"https:\/\/www.inverseteams.com\/es\/wp-json\/wp\/v2\/product"}],"about":[{"href":"https:\/\/www.inverseteams.com\/es\/wp-json\/wp\/v2\/types\/product"}],"replies":[{"embeddable":true,"href":"https:\/\/www.inverseteams.com\/es\/wp-json\/wp\/v2\/comments?post=247954"}],"wp:featuredmedia":[{"embeddable":true,"href":"https:\/\/www.inverseteams.com\/es\/wp-json\/wp\/v2\/media\/247096"}],"wp:attachment":[{"href":"https:\/\/www.inverseteams.com\/es\/wp-json\/wp\/v2\/media?parent=247954"}],"wp:term":[{"taxonomy":"product_brand","embeddable":true,"href":"https:\/\/www.inverseteams.com\/es\/wp-json\/wp\/v2\/product_brand?post=247954"},{"taxonomy":"product_cat","embeddable":true,"href":"https:\/\/www.inverseteams.com\/es\/wp-json\/wp\/v2\/product_cat?post=247954"},{"taxonomy":"product_tag","embeddable":true,"href":"https:\/\/www.inverseteams.com\/es\/wp-json\/wp\/v2\/product_tag?post=247954"},{"taxonomy":"custom_category","embeddable":true,"href":"https:\/\/www.inverseteams.com\/es\/wp-json\/wp\/v2\/custom_category?post=247954"},{"taxonomy":"range","embeddable":true,"href":"https:\/\/www.inverseteams.com\/es\/wp-json\/wp\/v2\/range?post=247954"}],"curies":[{"name":"wp","href":"https:\/\/api.w.org\/{rel}","templated":true}]}}