{"id":247945,"date":"2025-03-06T14:52:00","date_gmt":"2025-03-06T14:52:00","guid":{"rendered":"https:\/\/www.inverseteams.com\/product\/pantalon-sf42\/"},"modified":"2025-04-14T10:29:12","modified_gmt":"2025-04-14T10:29:12","slug":"pantalon-sf42","status":"publish","type":"product","link":"https:\/\/www.inverseteams.com\/es\/producto\/pantalon-sf42\/","title":{"rendered":"Pantal\u00f3n SF42-C"},"content":{"rendered":"<p>Disponible en 6 colores: Negro, Blanco, Rojo, Azul Navy, Azul Royal y Verde. El dorsal y el escudo del club se estampan en DTF.<br \/>\nFabricado con un tejido de multifilamento resistente, con un tacto suave y muy agradable. Garantiza un confort total durante todo el partido.<br \/>\nEl patronaje de este pantal\u00f3n de f\u00fatbol est\u00e1 especialmente dise\u00f1ado para ofrecer una excelente libertad de movimiento. Tiene una apertura en los laterales para que puedas mover la pierna sin notar ninguna resistencia.<br \/>\nLa cintura est\u00e1 confeccionada con una goma el\u00e1stica que se adaptar\u00e1 perfectamente al cuerpo sin causar molestia. Adem\u00e1s, incorpora un cord\u00f3n para poder adaptar el ajuste al gusto del jugador.<\/p>\n","protected":false},"excerpt":{"rendered":"<p>Disponible en 6 colores: Negro, Blanco, Rojo, Azul Navy, Azul Royal y Verde. El dorsal y el escudo del club se estampan en DTF.<br \/>\nFabricado con un tejido de multifilamento resistente, con un tacto suave y muy agradable. Garantiza un confort total durante todo el partido.<br \/>\nEl patronaje de este pantal\u00f3n de f\u00fatbol est\u00e1 especialmente dise\u00f1ado para ofrecer una excelente libertad de movimiento. Tiene una apertura en los laterales para que puedas mover la pierna sin notar ninguna resistencia.<br \/>\nLa cintura est\u00e1 confeccionada con una goma el\u00e1stica que se adaptar\u00e1 perfectamente al cuerpo sin causar molestia. Adem\u00e1s, incorpora un cord\u00f3n para poder adaptar el ajuste al gusto del jugador.<\/p>\n","protected":false},"featured_media":250891,"comment_status":"closed","ping_status":"closed","template":"","meta":{"_acf_changed":false},"product_brand":[],"product_cat":[15],"product_tag":[],"custom_category":[15129,15131],"range":[15137],"class_list":{"0":"post-247945","1":"product","2":"type-product","3":"status-publish","4":"has-post-thumbnail","6":"product_cat-uncategorized","7":"pa_climatologia-calor","8":"pa_climatologia-temperatura-templada","9":"pa_deporte-futbol","10":"pa_genero-infantil","11":"pa_genero-unisex","12":"pa_patronaje-regular","13":"pa_tipo-de-prenda-pantalon-corto","14":"custom_category-deporte-de-equipo","15":"custom_category-futbol","16":"range-entreno","18":"first","19":"instock","20":"product-type-custom"},"acf":[],"yoast_head":"<!-- This site is optimized with the Yoast SEO plugin v27.3 - https:\/\/yoast.com\/product\/yoast-seo-wordpress\/ -->\n<title>Pantal\u00f3n SF42-C | Inverseteams<\/title>\n<meta name=\"description\" content=\"Disponible en 6 colores: Negro, Blanco, Rojo, Azul Navy, Azul Royal y Verde. El dorsal y el escudo del club se estampan en DTF. Fabricado con un tejido de multifilamento resistente, con un tacto suave y muy agradable. Garantiza un confort total durante todo el partido. El patronaje de este pantal\u00f3n de f\u00fatbol est\u00e1 especialmente dise\u00f1ado para ofrecer una excelente libertad de movimiento. Tiene una apertura en los laterales para que puedas mover la pierna sin notar ninguna resistencia. La cintura est\u00e1 confeccionada con una goma el\u00e1stica que se adaptar\u00e1 perfectamente al cuerpo sin causar molestia. Adem\u00e1s, incorpora un cord\u00f3n para poder adaptar el ajuste al gusto del jugador.\" \/>\n<meta name=\"robots\" content=\"index, follow, max-snippet:-1, max-image-preview:large, max-video-preview:-1\" \/>\n<link rel=\"canonical\" href=\"https:\/\/www.inverseteams.com\/es\/producto\/pantalon-sf42\/\" \/>\n<meta property=\"og:locale\" content=\"es_ES\" \/>\n<meta property=\"og:type\" content=\"article\" \/>\n<meta property=\"og:title\" content=\"Pantal\u00f3n SF42-C | Inverseteams\" \/>\n<meta property=\"og:description\" content=\"Disponible en 6 colores: Negro, Blanco, Rojo, Azul Navy, Azul Royal y Verde. El dorsal y el escudo del club se estampan en DTF. Fabricado con un tejido de multifilamento resistente, con un tacto suave y muy agradable. Garantiza un confort total durante todo el partido. El patronaje de este pantal\u00f3n de f\u00fatbol est\u00e1 especialmente dise\u00f1ado para ofrecer una excelente libertad de movimiento. Tiene una apertura en los laterales para que puedas mover la pierna sin notar ninguna resistencia. La cintura est\u00e1 confeccionada con una goma el\u00e1stica que se adaptar\u00e1 perfectamente al cuerpo sin causar molestia. Adem\u00e1s, incorpora un cord\u00f3n para poder adaptar el ajuste al gusto del jugador.\" \/>\n<meta property=\"og:url\" content=\"https:\/\/www.inverseteams.com\/es\/producto\/pantalon-sf42\/\" \/>\n<meta property=\"og:site_name\" content=\"Inverseteams\" \/>\n<meta property=\"article:publisher\" content=\"https:\/\/www.facebook.com\/inverseteams\" \/>\n<meta property=\"article:modified_time\" content=\"2025-04-14T10:29:12+00:00\" \/>\n<meta property=\"og:image\" content=\"https:\/\/www.inverseteams.com\/wp-content\/uploads\/PANTALON-FUTBOL-SF42-1-1.jpg\" \/>\n\t<meta property=\"og:image:width\" content=\"1500\" \/>\n\t<meta property=\"og:image:height\" content=\"1612\" \/>\n\t<meta property=\"og:image:type\" content=\"image\/jpeg\" \/>\n<meta name=\"twitter:card\" content=\"summary_large_image\" \/>\n<meta name=\"twitter:label1\" content=\"Tiempo de lectura\" \/>\n\t<meta name=\"twitter:data1\" content=\"1 minuto\" \/>\n<script type=\"application\/ld+json\" class=\"yoast-schema-graph\">{\"@context\":\"https:\\\/\\\/schema.org\",\"@graph\":[{\"@type\":\"WebPage\",\"@id\":\"https:\\\/\\\/www.inverseteams.com\\\/es\\\/producto\\\/pantalon-sf42\\\/\",\"url\":\"https:\\\/\\\/www.inverseteams.com\\\/es\\\/producto\\\/pantalon-sf42\\\/\",\"name\":\"Pantal\u00f3n SF42-C | Inverseteams\",\"isPartOf\":{\"@id\":\"https:\\\/\\\/www.inverseteams.com\\\/es\\\/#website\"},\"primaryImageOfPage\":{\"@id\":\"https:\\\/\\\/www.inverseteams.com\\\/es\\\/producto\\\/pantalon-sf42\\\/#primaryimage\"},\"image\":{\"@id\":\"https:\\\/\\\/www.inverseteams.com\\\/es\\\/producto\\\/pantalon-sf42\\\/#primaryimage\"},\"thumbnailUrl\":\"https:\\\/\\\/www.inverseteams.com\\\/wp-content\\\/uploads\\\/PANTALON-FUTBOL-SF42-1-1.jpg\",\"datePublished\":\"2025-03-06T14:52:00+00:00\",\"dateModified\":\"2025-04-14T10:29:12+00:00\",\"description\":\"Disponible en 6 colores: Negro, Blanco, Rojo, Azul Navy, Azul Royal y Verde. El dorsal y el escudo del club se estampan en DTF. Fabricado con un tejido de multifilamento resistente, con un tacto suave y muy agradable. Garantiza un confort total durante todo el partido. El patronaje de este pantal\u00f3n de f\u00fatbol est\u00e1 especialmente dise\u00f1ado para ofrecer una excelente libertad de movimiento. Tiene una apertura en los laterales para que puedas mover la pierna sin notar ninguna resistencia. La cintura est\u00e1 confeccionada con una goma el\u00e1stica que se adaptar\u00e1 perfectamente al cuerpo sin causar molestia. Adem\u00e1s, incorpora un cord\u00f3n para poder adaptar el ajuste al gusto del jugador.\",\"breadcrumb\":{\"@id\":\"https:\\\/\\\/www.inverseteams.com\\\/es\\\/producto\\\/pantalon-sf42\\\/#breadcrumb\"},\"inLanguage\":\"es\",\"potentialAction\":[{\"@type\":\"ReadAction\",\"target\":[\"https:\\\/\\\/www.inverseteams.com\\\/es\\\/producto\\\/pantalon-sf42\\\/\"]}]},{\"@type\":\"ImageObject\",\"inLanguage\":\"es\",\"@id\":\"https:\\\/\\\/www.inverseteams.com\\\/es\\\/producto\\\/pantalon-sf42\\\/#primaryimage\",\"url\":\"https:\\\/\\\/www.inverseteams.com\\\/wp-content\\\/uploads\\\/PANTALON-FUTBOL-SF42-1-1.jpg\",\"contentUrl\":\"https:\\\/\\\/www.inverseteams.com\\\/wp-content\\\/uploads\\\/PANTALON-FUTBOL-SF42-1-1.jpg\",\"width\":1500,\"height\":1612,\"caption\":\"pantalon futbol\"},{\"@type\":\"BreadcrumbList\",\"@id\":\"https:\\\/\\\/www.inverseteams.com\\\/es\\\/producto\\\/pantalon-sf42\\\/#breadcrumb\",\"itemListElement\":[{\"@type\":\"ListItem\",\"position\":1,\"name\":\"Portada\",\"item\":\"https:\\\/\\\/www.inverseteams.com\\\/es\\\/\"},{\"@type\":\"ListItem\",\"position\":2,\"name\":\"Tienda\",\"item\":\"https:\\\/\\\/www.inverseteams.com\\\/es\\\/tienda\\\/\"},{\"@type\":\"ListItem\",\"position\":3,\"name\":\"Pantal\u00f3n SF42-C\"}]},{\"@type\":\"WebSite\",\"@id\":\"https:\\\/\\\/www.inverseteams.com\\\/es\\\/#website\",\"url\":\"https:\\\/\\\/www.inverseteams.com\\\/es\\\/\",\"name\":\"Inverseteams\",\"description\":\"Tu marca de ropa deportiva personalizada\",\"publisher\":{\"@id\":\"https:\\\/\\\/www.inverseteams.com\\\/es\\\/#organization\"},\"potentialAction\":[{\"@type\":\"SearchAction\",\"target\":{\"@type\":\"EntryPoint\",\"urlTemplate\":\"https:\\\/\\\/www.inverseteams.com\\\/es\\\/?s={search_term_string}\"},\"query-input\":{\"@type\":\"PropertyValueSpecification\",\"valueRequired\":true,\"valueName\":\"search_term_string\"}}],\"inLanguage\":\"es\"},{\"@type\":\"Organization\",\"@id\":\"https:\\\/\\\/www.inverseteams.com\\\/es\\\/#organization\",\"name\":\"Inverse Teams\",\"url\":\"https:\\\/\\\/www.inverseteams.com\\\/es\\\/\",\"logo\":{\"@type\":\"ImageObject\",\"inLanguage\":\"es\",\"@id\":\"https:\\\/\\\/www.inverseteams.com\\\/es\\\/#\\\/schema\\\/logo\\\/image\\\/\",\"url\":\"http:\\\/\\\/www.inverseteams.com\\\/wp-content\\\/uploads\\\/2021\\\/03\\\/logo-inverse-teams.png\",\"contentUrl\":\"http:\\\/\\\/www.inverseteams.com\\\/wp-content\\\/uploads\\\/2021\\\/03\\\/logo-inverse-teams.png\",\"width\":294,\"height\":99,\"caption\":\"Inverse Teams\"},\"image\":{\"@id\":\"https:\\\/\\\/www.inverseteams.com\\\/es\\\/#\\\/schema\\\/logo\\\/image\\\/\"},\"sameAs\":[\"https:\\\/\\\/www.facebook.com\\\/inverseteams\",\"http:\\\/\\\/instagram.com\\\/inverseteams\",\"https:\\\/\\\/www.linkedin.com\\\/company\\\/inverse-cirosport-s-l-?trk=job_view_topcard_company_name\",\"http:\\\/\\\/www.pinterest.com\\\/inverseteams\\\/\",\"http:\\\/\\\/www.youtube.com\\\/user\\\/inverseteams?feature=watch\"]}]}<\/script>\n<!-- \/ Yoast SEO plugin. -->","yoast_head_json":{"title":"Pantal\u00f3n SF42-C | Inverseteams","description":"Disponible en 6 colores: Negro, Blanco, Rojo, Azul Navy, Azul Royal y Verde. El dorsal y el escudo del club se estampan en DTF. Fabricado con un tejido de multifilamento resistente, con un tacto suave y muy agradable. Garantiza un confort total durante todo el partido. El patronaje de este pantal\u00f3n de f\u00fatbol est\u00e1 especialmente dise\u00f1ado para ofrecer una excelente libertad de movimiento. Tiene una apertura en los laterales para que puedas mover la pierna sin notar ninguna resistencia. La cintura est\u00e1 confeccionada con una goma el\u00e1stica que se adaptar\u00e1 perfectamente al cuerpo sin causar molestia. Adem\u00e1s, incorpora un cord\u00f3n para poder adaptar el ajuste al gusto del jugador.","robots":{"index":"index","follow":"follow","max-snippet":"max-snippet:-1","max-image-preview":"max-image-preview:large","max-video-preview":"max-video-preview:-1"},"canonical":"https:\/\/www.inverseteams.com\/es\/producto\/pantalon-sf42\/","og_locale":"es_ES","og_type":"article","og_title":"Pantal\u00f3n SF42-C | Inverseteams","og_description":"Disponible en 6 colores: Negro, Blanco, Rojo, Azul Navy, Azul Royal y Verde. El dorsal y el escudo del club se estampan en DTF. Fabricado con un tejido de multifilamento resistente, con un tacto suave y muy agradable. Garantiza un confort total durante todo el partido. El patronaje de este pantal\u00f3n de f\u00fatbol est\u00e1 especialmente dise\u00f1ado para ofrecer una excelente libertad de movimiento. Tiene una apertura en los laterales para que puedas mover la pierna sin notar ninguna resistencia. La cintura est\u00e1 confeccionada con una goma el\u00e1stica que se adaptar\u00e1 perfectamente al cuerpo sin causar molestia. Adem\u00e1s, incorpora un cord\u00f3n para poder adaptar el ajuste al gusto del jugador.","og_url":"https:\/\/www.inverseteams.com\/es\/producto\/pantalon-sf42\/","og_site_name":"Inverseteams","article_publisher":"https:\/\/www.facebook.com\/inverseteams","article_modified_time":"2025-04-14T10:29:12+00:00","og_image":[{"width":1500,"height":1612,"url":"https:\/\/www.inverseteams.com\/wp-content\/uploads\/PANTALON-FUTBOL-SF42-1-1.jpg","type":"image\/jpeg"}],"twitter_card":"summary_large_image","twitter_misc":{"Tiempo de lectura":"1 minuto"},"schema":{"@context":"https:\/\/schema.org","@graph":[{"@type":"WebPage","@id":"https:\/\/www.inverseteams.com\/es\/producto\/pantalon-sf42\/","url":"https:\/\/www.inverseteams.com\/es\/producto\/pantalon-sf42\/","name":"Pantal\u00f3n SF42-C | Inverseteams","isPartOf":{"@id":"https:\/\/www.inverseteams.com\/es\/#website"},"primaryImageOfPage":{"@id":"https:\/\/www.inverseteams.com\/es\/producto\/pantalon-sf42\/#primaryimage"},"image":{"@id":"https:\/\/www.inverseteams.com\/es\/producto\/pantalon-sf42\/#primaryimage"},"thumbnailUrl":"https:\/\/www.inverseteams.com\/wp-content\/uploads\/PANTALON-FUTBOL-SF42-1-1.jpg","datePublished":"2025-03-06T14:52:00+00:00","dateModified":"2025-04-14T10:29:12+00:00","description":"Disponible en 6 colores: Negro, Blanco, Rojo, Azul Navy, Azul Royal y Verde. El dorsal y el escudo del club se estampan en DTF. Fabricado con un tejido de multifilamento resistente, con un tacto suave y muy agradable. Garantiza un confort total durante todo el partido. El patronaje de este pantal\u00f3n de f\u00fatbol est\u00e1 especialmente dise\u00f1ado para ofrecer una excelente libertad de movimiento. Tiene una apertura en los laterales para que puedas mover la pierna sin notar ninguna resistencia. La cintura est\u00e1 confeccionada con una goma el\u00e1stica que se adaptar\u00e1 perfectamente al cuerpo sin causar molestia. Adem\u00e1s, incorpora un cord\u00f3n para poder adaptar el ajuste al gusto del jugador.","breadcrumb":{"@id":"https:\/\/www.inverseteams.com\/es\/producto\/pantalon-sf42\/#breadcrumb"},"inLanguage":"es","potentialAction":[{"@type":"ReadAction","target":["https:\/\/www.inverseteams.com\/es\/producto\/pantalon-sf42\/"]}]},{"@type":"ImageObject","inLanguage":"es","@id":"https:\/\/www.inverseteams.com\/es\/producto\/pantalon-sf42\/#primaryimage","url":"https:\/\/www.inverseteams.com\/wp-content\/uploads\/PANTALON-FUTBOL-SF42-1-1.jpg","contentUrl":"https:\/\/www.inverseteams.com\/wp-content\/uploads\/PANTALON-FUTBOL-SF42-1-1.jpg","width":1500,"height":1612,"caption":"pantalon futbol"},{"@type":"BreadcrumbList","@id":"https:\/\/www.inverseteams.com\/es\/producto\/pantalon-sf42\/#breadcrumb","itemListElement":[{"@type":"ListItem","position":1,"name":"Portada","item":"https:\/\/www.inverseteams.com\/es\/"},{"@type":"ListItem","position":2,"name":"Tienda","item":"https:\/\/www.inverseteams.com\/es\/tienda\/"},{"@type":"ListItem","position":3,"name":"Pantal\u00f3n SF42-C"}]},{"@type":"WebSite","@id":"https:\/\/www.inverseteams.com\/es\/#website","url":"https:\/\/www.inverseteams.com\/es\/","name":"Inverseteams","description":"Tu marca de ropa deportiva personalizada","publisher":{"@id":"https:\/\/www.inverseteams.com\/es\/#organization"},"potentialAction":[{"@type":"SearchAction","target":{"@type":"EntryPoint","urlTemplate":"https:\/\/www.inverseteams.com\/es\/?s={search_term_string}"},"query-input":{"@type":"PropertyValueSpecification","valueRequired":true,"valueName":"search_term_string"}}],"inLanguage":"es"},{"@type":"Organization","@id":"https:\/\/www.inverseteams.com\/es\/#organization","name":"Inverse Teams","url":"https:\/\/www.inverseteams.com\/es\/","logo":{"@type":"ImageObject","inLanguage":"es","@id":"https:\/\/www.inverseteams.com\/es\/#\/schema\/logo\/image\/","url":"https:\/\/www.inverseteams.com\/wp-content\/uploads\/2021\/03\/logo-inverse-teams.png","contentUrl":"https:\/\/www.inverseteams.com\/wp-content\/uploads\/2021\/03\/logo-inverse-teams.png","width":294,"height":99,"caption":"Inverse Teams"},"image":{"@id":"https:\/\/www.inverseteams.com\/es\/#\/schema\/logo\/image\/"},"sameAs":["https:\/\/www.facebook.com\/inverseteams","http:\/\/instagram.com\/inverseteams","https:\/\/www.linkedin.com\/company\/inverse-cirosport-s-l-?trk=job_view_topcard_company_name","http:\/\/www.pinterest.com\/inverseteams\/","http:\/\/www.youtube.com\/user\/inverseteams?feature=watch"]}]}},"_links":{"self":[{"href":"https:\/\/www.inverseteams.com\/es\/wp-json\/wp\/v2\/product\/247945","targetHints":{"allow":["GET"]}}],"collection":[{"href":"https:\/\/www.inverseteams.com\/es\/wp-json\/wp\/v2\/product"}],"about":[{"href":"https:\/\/www.inverseteams.com\/es\/wp-json\/wp\/v2\/types\/product"}],"replies":[{"embeddable":true,"href":"https:\/\/www.inverseteams.com\/es\/wp-json\/wp\/v2\/comments?post=247945"}],"wp:featuredmedia":[{"embeddable":true,"href":"https:\/\/www.inverseteams.com\/es\/wp-json\/wp\/v2\/media\/250891"}],"wp:attachment":[{"href":"https:\/\/www.inverseteams.com\/es\/wp-json\/wp\/v2\/media?parent=247945"}],"wp:term":[{"taxonomy":"product_brand","embeddable":true,"href":"https:\/\/www.inverseteams.com\/es\/wp-json\/wp\/v2\/product_brand?post=247945"},{"taxonomy":"product_cat","embeddable":true,"href":"https:\/\/www.inverseteams.com\/es\/wp-json\/wp\/v2\/product_cat?post=247945"},{"taxonomy":"product_tag","embeddable":true,"href":"https:\/\/www.inverseteams.com\/es\/wp-json\/wp\/v2\/product_tag?post=247945"},{"taxonomy":"custom_category","embeddable":true,"href":"https:\/\/www.inverseteams.com\/es\/wp-json\/wp\/v2\/custom_category?post=247945"},{"taxonomy":"range","embeddable":true,"href":"https:\/\/www.inverseteams.com\/es\/wp-json\/wp\/v2\/range?post=247945"}],"curies":[{"name":"wp","href":"https:\/\/api.w.org\/{rel}","templated":true}]}}