{"id":238095,"date":"2025-01-27T16:57:33","date_gmt":"2025-01-27T16:57:33","guid":{"rendered":"https:\/\/www.inverseteams.com\/?post_type=product&#038;p=238095"},"modified":"2026-01-14T12:53:36","modified_gmt":"2026-01-14T11:53:36","slug":"culotte-cargo-symbiosis-cosmos-hombre","status":"publish","type":"product","link":"https:\/\/www.inverseteams.com\/es\/producto\/culotte-cargo-symbiosis-cosmos-hombre\/","title":{"rendered":"Culotte cargo SYMBIOSIS COSMOS (HOMBRE)"},"content":{"rendered":"<p>Fabricado con tejido 100% reciclado y tintado con el proceso Naturdyes\u00ae Technology. Todos los productos que intervienen en el tintado son 100% naturales, de origen vegetal y mineral. No generan ning\u00fan residuo t\u00f3xico. Esta t\u00e9cnica consume un 70% menos de agua que un proceso convencional. Adem\u00e1s, al tintar a baja temperatura conseguimos una eficiencia energ\u00e9tica mayor y disminuimos la huella de carbono.<br \/>\nEste culotte cargo est\u00e1 confeccionado con costuras planas s\u00faper resistentes que aportan un dise\u00f1o muy atractivo y minimalista. Dispone de 2 bolsillos laterales con un tejido interior transpirable. Su tejido garantiza una gran resistencia, elasticidad y ligereza. Te permitir\u00e1 una buena libertad de movimientos sin sentir ninguna resistencia.<br \/>\nLa pieza de la espalda est\u00e1 confeccionada con un tejido microperforado para poder evacuar f\u00e1cilmente el sudor. Esta pieza une los 2 tirantes planos de polipropileno que distribuyen el peso de forma equilibrada para que puedas gozar de largas sesiones de ciclismo sin molestias.<br \/>\nLas piernas est\u00e1n acabadas con un corte l\u00e1ser y en la zona posterior tiene unas l\u00edneas reflectantes que aumentar\u00e1n tu seguridad ya que reflejar\u00e1n la luz de los veh\u00edculos.<br \/>\nIncorpora la badana Mustang de Elastic Interface. Dise\u00f1ada con el concepto Cero Fricci\u00f3n, tiene transiciones suaves entre los niveles. Combina la espuma Pro Evo, de alta densidad y con gran capacidad de recuperaci\u00f3n y el tejido reciclado Re-Cycle.<br \/>\nEl culotte SYMBIOSIS COSMOS est\u00e1 dise\u00f1ado para que disfrutes de muchas horas de ciclismo con total confort. \u00c9s perfecto para disfrutar del gravel.<\/p>\n","protected":false},"excerpt":{"rendered":"<p>Fabricado con tejido 100% reciclado y tintado con el proceso Naturdyes\u00ae Technology. Todos los productos que intervienen en el tintado son 100% naturales, de origen vegetal y mineral. No generan ning\u00fan residuo t\u00f3xico. Esta t\u00e9cnica consume un 70% menos de agua que un proceso convencional. Adem\u00e1s, al tintar a baja temperatura conseguimos una eficiencia energ\u00e9tica mayor y disminuimos la huella de carbono.<br \/>\nEste culotte cargo est\u00e1 confeccionado con costuras planas s\u00faper resistentes que aportan un dise\u00f1o muy atractivo y minimalista. Dispone de 2 bolsillos laterales con un tejido interior transpirable. Su tejido garantiza una gran resistencia, elasticidad y ligereza. Te permitir\u00e1 una buena libertad de movimientos sin sentir ninguna resistencia.<br \/>\nLa pieza de la espalda est\u00e1 confeccionada con un tejido microperforado para poder evacuar f\u00e1cilmente el sudor. Esta pieza une los 2 tirantes planos de polipropileno que distribuyen el peso de forma equilibrada para que puedas gozar de largas sesiones de ciclismo sin molestias.<br \/>\nLas piernas est\u00e1n acabadas con un corte l\u00e1ser y en la zona posterior tiene unas l\u00edneas reflectantes que aumentar\u00e1n tu seguridad ya que reflejar\u00e1n la luz de los veh\u00edculos.<br \/>\nIncorpora la badana Mustang de Elastic Interface. Dise\u00f1ada con el concepto Cero Fricci\u00f3n, tiene transiciones suaves entre los niveles. Combina la espuma Pro Evo, de alta densidad y con gran capacidad de recuperaci\u00f3n y el tejido reciclado Re-Cycle.<br \/>\nEl culotte SYMBIOSIS COSMOS est\u00e1 dise\u00f1ado para que disfrutes de muchas horas de ciclismo con total confort. \u00c9s perfecto para disfrutar del gravel.<\/p>\n","protected":false},"featured_media":243006,"comment_status":"closed","ping_status":"closed","template":"","meta":{"_acf_changed":false},"product_brand":[],"product_cat":[2769,9946,7174],"product_tag":[],"custom_category":[],"range":[],"class_list":{"0":"post-238095","1":"product","2":"type-product","3":"status-publish","4":"has-post-thumbnail","6":"product_cat-culotte-ciclismo","7":"product_cat-gravel","8":"product_cat-b2b","9":"pa_climatologia-calor","10":"pa_climatologia-temperatura-templada","11":"pa_deporte-ciclismo","12":"pa_genero-hombre","13":"pa_patronaje-fit","14":"pa_talla-xxl","15":"pa_talla-s","16":"pa_talla-m","17":"pa_talla-l","18":"pa_talla-xl","19":"pa_tipo-de-prenda-culotte-corto","21":"first","22":"outofstock","23":"taxable","24":"shipping-taxable","25":"product-type-variable","26":"has-default-attributes"},"acf":[],"yoast_head":"<!-- This site is optimized with the Yoast SEO plugin v27.3 - https:\/\/yoast.com\/product\/yoast-seo-wordpress\/ -->\n<title>Culotte cargo SYMBIOSIS COSMOS (HOMBRE) | Inverseteams<\/title>\n<meta name=\"description\" content=\"Fabricado con tejido 100% reciclado y tintado con el proceso Naturdyes\u00ae Technology. Todos los productos que intervienen en el tintado son 100% naturales, de origen vegetal y mineral. No generan ning\u00fan residuo t\u00f3xico. Esta t\u00e9cnica consume un 70% menos de agua que un proceso convencional. Adem\u00e1s, al tintar a baja temperatura conseguimos una eficiencia energ\u00e9tica mayor y disminuimos la huella de carbono. Este culotte cargo est\u00e1 confeccionado con costuras planas s\u00faper resistentes que aportan un dise\u00f1o muy atractivo y minimalista. Dispone de 2 bolsillos laterales con un tejido interior transpirable. Su tejido garantiza una gran resistencia, elasticidad y ligereza. Te permitir\u00e1 una buena libertad de movimientos sin sentir ninguna resistencia. La pieza de la espalda est\u00e1 confeccionada con un tejido microperforado para poder evacuar f\u00e1cilmente el sudor. Esta pieza une los 2 tirantes planos de polipropileno que distribuyen el peso de forma equilibrada para que puedas gozar de largas sesiones de ciclismo sin molestias. Las piernas est\u00e1n acabadas con un corte l\u00e1ser y en la zona posterior tiene unas l\u00edneas reflectantes que aumentar\u00e1n tu seguridad ya que reflejar\u00e1n la luz de los veh\u00edculos. Incorpora la badana Mustang de Elastic Interface. Dise\u00f1ada con el concepto Cero Fricci\u00f3n, tiene transiciones suaves entre los niveles. Combina la espuma Pro Evo, de alta densidad y con gran capacidad de recuperaci\u00f3n y el tejido reciclado Re-Cycle. El culotte SYMBIOSIS COSMOS est\u00e1 dise\u00f1ado para que disfrutes de muchas horas de ciclismo con total confort. \u00c9s perfecto para disfrutar del gravel.\" \/>\n<meta name=\"robots\" content=\"index, follow, max-snippet:-1, max-image-preview:large, max-video-preview:-1\" \/>\n<link rel=\"canonical\" href=\"https:\/\/www.inverseteams.com\/es\/producto\/culotte-cargo-symbiosis-cosmos-hombre\/\" \/>\n<meta property=\"og:locale\" content=\"es_ES\" \/>\n<meta property=\"og:type\" content=\"article\" \/>\n<meta property=\"og:title\" content=\"Culotte cargo SYMBIOSIS COSMOS (HOMBRE) | Inverseteams\" \/>\n<meta property=\"og:description\" content=\"Fabricado con tejido 100% reciclado y tintado con el proceso Naturdyes\u00ae Technology. Todos los productos que intervienen en el tintado son 100% naturales, de origen vegetal y mineral. No generan ning\u00fan residuo t\u00f3xico. Esta t\u00e9cnica consume un 70% menos de agua que un proceso convencional. Adem\u00e1s, al tintar a baja temperatura conseguimos una eficiencia energ\u00e9tica mayor y disminuimos la huella de carbono. Este culotte cargo est\u00e1 confeccionado con costuras planas s\u00faper resistentes que aportan un dise\u00f1o muy atractivo y minimalista. Dispone de 2 bolsillos laterales con un tejido interior transpirable. Su tejido garantiza una gran resistencia, elasticidad y ligereza. Te permitir\u00e1 una buena libertad de movimientos sin sentir ninguna resistencia. La pieza de la espalda est\u00e1 confeccionada con un tejido microperforado para poder evacuar f\u00e1cilmente el sudor. Esta pieza une los 2 tirantes planos de polipropileno que distribuyen el peso de forma equilibrada para que puedas gozar de largas sesiones de ciclismo sin molestias. Las piernas est\u00e1n acabadas con un corte l\u00e1ser y en la zona posterior tiene unas l\u00edneas reflectantes que aumentar\u00e1n tu seguridad ya que reflejar\u00e1n la luz de los veh\u00edculos. Incorpora la badana Mustang de Elastic Interface. Dise\u00f1ada con el concepto Cero Fricci\u00f3n, tiene transiciones suaves entre los niveles. Combina la espuma Pro Evo, de alta densidad y con gran capacidad de recuperaci\u00f3n y el tejido reciclado Re-Cycle. El culotte SYMBIOSIS COSMOS est\u00e1 dise\u00f1ado para que disfrutes de muchas horas de ciclismo con total confort. \u00c9s perfecto para disfrutar del gravel.\" \/>\n<meta property=\"og:url\" content=\"https:\/\/www.inverseteams.com\/es\/producto\/culotte-cargo-symbiosis-cosmos-hombre\/\" \/>\n<meta property=\"og:site_name\" content=\"Inverseteams\" \/>\n<meta property=\"article:publisher\" content=\"https:\/\/www.facebook.com\/inverseteams\" \/>\n<meta property=\"article:modified_time\" content=\"2026-01-14T11:53:36+00:00\" \/>\n<meta property=\"og:image\" content=\"https:\/\/www.inverseteams.com\/wp-content\/uploads\/CULOTTE-CARGO-SYMBIOSIS-COSMOS-1-1.jpg\" \/>\n\t<meta property=\"og:image:width\" content=\"1500\" \/>\n\t<meta property=\"og:image:height\" content=\"1612\" \/>\n\t<meta property=\"og:image:type\" content=\"image\/jpeg\" \/>\n<meta name=\"twitter:card\" content=\"summary_large_image\" \/>\n<meta name=\"twitter:label1\" content=\"Tiempo de lectura\" \/>\n\t<meta name=\"twitter:data1\" content=\"2 minuto\" \/>\n<script type=\"application\/ld+json\" class=\"yoast-schema-graph\">{\"@context\":\"https:\\\/\\\/schema.org\",\"@graph\":[{\"@type\":\"WebPage\",\"@id\":\"https:\\\/\\\/www.inverseteams.com\\\/es\\\/producto\\\/culotte-cargo-symbiosis-cosmos-hombre\\\/\",\"url\":\"https:\\\/\\\/www.inverseteams.com\\\/es\\\/producto\\\/culotte-cargo-symbiosis-cosmos-hombre\\\/\",\"name\":\"Culotte cargo SYMBIOSIS COSMOS (HOMBRE) | Inverseteams\",\"isPartOf\":{\"@id\":\"https:\\\/\\\/www.inverseteams.com\\\/es\\\/#website\"},\"primaryImageOfPage\":{\"@id\":\"https:\\\/\\\/www.inverseteams.com\\\/es\\\/producto\\\/culotte-cargo-symbiosis-cosmos-hombre\\\/#primaryimage\"},\"image\":{\"@id\":\"https:\\\/\\\/www.inverseteams.com\\\/es\\\/producto\\\/culotte-cargo-symbiosis-cosmos-hombre\\\/#primaryimage\"},\"thumbnailUrl\":\"https:\\\/\\\/www.inverseteams.com\\\/wp-content\\\/uploads\\\/CULOTTE-CARGO-SYMBIOSIS-COSMOS-1-1.jpg\",\"datePublished\":\"2025-01-27T16:57:33+00:00\",\"dateModified\":\"2026-01-14T11:53:36+00:00\",\"description\":\"Fabricado con tejido 100% reciclado y tintado con el proceso Naturdyes\u00ae Technology. Todos los productos que intervienen en el tintado son 100% naturales, de origen vegetal y mineral. No generan ning\u00fan residuo t\u00f3xico. Esta t\u00e9cnica consume un 70% menos de agua que un proceso convencional. Adem\u00e1s, al tintar a baja temperatura conseguimos una eficiencia energ\u00e9tica mayor y disminuimos la huella de carbono. Este culotte cargo est\u00e1 confeccionado con costuras planas s\u00faper resistentes que aportan un dise\u00f1o muy atractivo y minimalista. Dispone de 2 bolsillos laterales con un tejido interior transpirable. Su tejido garantiza una gran resistencia, elasticidad y ligereza. Te permitir\u00e1 una buena libertad de movimientos sin sentir ninguna resistencia. La pieza de la espalda est\u00e1 confeccionada con un tejido microperforado para poder evacuar f\u00e1cilmente el sudor. Esta pieza une los 2 tirantes planos de polipropileno que distribuyen el peso de forma equilibrada para que puedas gozar de largas sesiones de ciclismo sin molestias. Las piernas est\u00e1n acabadas con un corte l\u00e1ser y en la zona posterior tiene unas l\u00edneas reflectantes que aumentar\u00e1n tu seguridad ya que reflejar\u00e1n la luz de los veh\u00edculos. Incorpora la badana Mustang de Elastic Interface. Dise\u00f1ada con el concepto Cero Fricci\u00f3n, tiene transiciones suaves entre los niveles. Combina la espuma Pro Evo, de alta densidad y con gran capacidad de recuperaci\u00f3n y el tejido reciclado Re-Cycle. El culotte SYMBIOSIS COSMOS est\u00e1 dise\u00f1ado para que disfrutes de muchas horas de ciclismo con total confort. \u00c9s perfecto para disfrutar del gravel.\",\"breadcrumb\":{\"@id\":\"https:\\\/\\\/www.inverseteams.com\\\/es\\\/producto\\\/culotte-cargo-symbiosis-cosmos-hombre\\\/#breadcrumb\"},\"inLanguage\":\"es\",\"potentialAction\":[{\"@type\":\"ReadAction\",\"target\":[\"https:\\\/\\\/www.inverseteams.com\\\/es\\\/producto\\\/culotte-cargo-symbiosis-cosmos-hombre\\\/\"]}]},{\"@type\":\"ImageObject\",\"inLanguage\":\"es\",\"@id\":\"https:\\\/\\\/www.inverseteams.com\\\/es\\\/producto\\\/culotte-cargo-symbiosis-cosmos-hombre\\\/#primaryimage\",\"url\":\"https:\\\/\\\/www.inverseteams.com\\\/wp-content\\\/uploads\\\/CULOTTE-CARGO-SYMBIOSIS-COSMOS-1-1.jpg\",\"contentUrl\":\"https:\\\/\\\/www.inverseteams.com\\\/wp-content\\\/uploads\\\/CULOTTE-CARGO-SYMBIOSIS-COSMOS-1-1.jpg\",\"width\":1500,\"height\":1612,\"caption\":\"culotte cargo gravel inverse\"},{\"@type\":\"BreadcrumbList\",\"@id\":\"https:\\\/\\\/www.inverseteams.com\\\/es\\\/producto\\\/culotte-cargo-symbiosis-cosmos-hombre\\\/#breadcrumb\",\"itemListElement\":[{\"@type\":\"ListItem\",\"position\":1,\"name\":\"Portada\",\"item\":\"https:\\\/\\\/www.inverseteams.com\\\/es\\\/\"},{\"@type\":\"ListItem\",\"position\":2,\"name\":\"Tienda\",\"item\":\"https:\\\/\\\/www.inverseteams.com\\\/es\\\/tienda\\\/\"},{\"@type\":\"ListItem\",\"position\":3,\"name\":\"Culotte cargo SYMBIOSIS COSMOS (HOMBRE)\"}]},{\"@type\":\"WebSite\",\"@id\":\"https:\\\/\\\/www.inverseteams.com\\\/es\\\/#website\",\"url\":\"https:\\\/\\\/www.inverseteams.com\\\/es\\\/\",\"name\":\"Inverseteams\",\"description\":\"Tu marca de ropa deportiva personalizada\",\"publisher\":{\"@id\":\"https:\\\/\\\/www.inverseteams.com\\\/es\\\/#organization\"},\"potentialAction\":[{\"@type\":\"SearchAction\",\"target\":{\"@type\":\"EntryPoint\",\"urlTemplate\":\"https:\\\/\\\/www.inverseteams.com\\\/es\\\/?s={search_term_string}\"},\"query-input\":{\"@type\":\"PropertyValueSpecification\",\"valueRequired\":true,\"valueName\":\"search_term_string\"}}],\"inLanguage\":\"es\"},{\"@type\":\"Organization\",\"@id\":\"https:\\\/\\\/www.inverseteams.com\\\/es\\\/#organization\",\"name\":\"Inverse Teams\",\"url\":\"https:\\\/\\\/www.inverseteams.com\\\/es\\\/\",\"logo\":{\"@type\":\"ImageObject\",\"inLanguage\":\"es\",\"@id\":\"https:\\\/\\\/www.inverseteams.com\\\/es\\\/#\\\/schema\\\/logo\\\/image\\\/\",\"url\":\"https:\\\/\\\/www.inverseteams.com\\\/wp-content\\\/uploads\\\/2021\\\/03\\\/logo-inverse-teams.png\",\"contentUrl\":\"https:\\\/\\\/www.inverseteams.com\\\/wp-content\\\/uploads\\\/2021\\\/03\\\/logo-inverse-teams.png\",\"width\":294,\"height\":99,\"caption\":\"Inverse Teams\"},\"image\":{\"@id\":\"https:\\\/\\\/www.inverseteams.com\\\/es\\\/#\\\/schema\\\/logo\\\/image\\\/\"},\"sameAs\":[\"https:\\\/\\\/www.facebook.com\\\/inverseteams\",\"http:\\\/\\\/instagram.com\\\/inverseteams\",\"https:\\\/\\\/www.linkedin.com\\\/company\\\/inverse-cirosport-s-l-?trk=job_view_topcard_company_name\",\"http:\\\/\\\/www.pinterest.com\\\/inverseteams\\\/\",\"http:\\\/\\\/www.youtube.com\\\/user\\\/inverseteams?feature=watch\"]}]}<\/script>\n<!-- \/ Yoast SEO plugin. -->","yoast_head_json":{"title":"Culotte cargo SYMBIOSIS COSMOS (HOMBRE) | Inverseteams","description":"Fabricado con tejido 100% reciclado y tintado con el proceso Naturdyes\u00ae Technology. Todos los productos que intervienen en el tintado son 100% naturales, de origen vegetal y mineral. No generan ning\u00fan residuo t\u00f3xico. Esta t\u00e9cnica consume un 70% menos de agua que un proceso convencional. Adem\u00e1s, al tintar a baja temperatura conseguimos una eficiencia energ\u00e9tica mayor y disminuimos la huella de carbono. Este culotte cargo est\u00e1 confeccionado con costuras planas s\u00faper resistentes que aportan un dise\u00f1o muy atractivo y minimalista. Dispone de 2 bolsillos laterales con un tejido interior transpirable. Su tejido garantiza una gran resistencia, elasticidad y ligereza. Te permitir\u00e1 una buena libertad de movimientos sin sentir ninguna resistencia. La pieza de la espalda est\u00e1 confeccionada con un tejido microperforado para poder evacuar f\u00e1cilmente el sudor. Esta pieza une los 2 tirantes planos de polipropileno que distribuyen el peso de forma equilibrada para que puedas gozar de largas sesiones de ciclismo sin molestias. Las piernas est\u00e1n acabadas con un corte l\u00e1ser y en la zona posterior tiene unas l\u00edneas reflectantes que aumentar\u00e1n tu seguridad ya que reflejar\u00e1n la luz de los veh\u00edculos. Incorpora la badana Mustang de Elastic Interface. Dise\u00f1ada con el concepto Cero Fricci\u00f3n, tiene transiciones suaves entre los niveles. Combina la espuma Pro Evo, de alta densidad y con gran capacidad de recuperaci\u00f3n y el tejido reciclado Re-Cycle. El culotte SYMBIOSIS COSMOS est\u00e1 dise\u00f1ado para que disfrutes de muchas horas de ciclismo con total confort. \u00c9s perfecto para disfrutar del gravel.","robots":{"index":"index","follow":"follow","max-snippet":"max-snippet:-1","max-image-preview":"max-image-preview:large","max-video-preview":"max-video-preview:-1"},"canonical":"https:\/\/www.inverseteams.com\/es\/producto\/culotte-cargo-symbiosis-cosmos-hombre\/","og_locale":"es_ES","og_type":"article","og_title":"Culotte cargo SYMBIOSIS COSMOS (HOMBRE) | Inverseteams","og_description":"Fabricado con tejido 100% reciclado y tintado con el proceso Naturdyes\u00ae Technology. Todos los productos que intervienen en el tintado son 100% naturales, de origen vegetal y mineral. No generan ning\u00fan residuo t\u00f3xico. Esta t\u00e9cnica consume un 70% menos de agua que un proceso convencional. Adem\u00e1s, al tintar a baja temperatura conseguimos una eficiencia energ\u00e9tica mayor y disminuimos la huella de carbono. Este culotte cargo est\u00e1 confeccionado con costuras planas s\u00faper resistentes que aportan un dise\u00f1o muy atractivo y minimalista. Dispone de 2 bolsillos laterales con un tejido interior transpirable. Su tejido garantiza una gran resistencia, elasticidad y ligereza. Te permitir\u00e1 una buena libertad de movimientos sin sentir ninguna resistencia. La pieza de la espalda est\u00e1 confeccionada con un tejido microperforado para poder evacuar f\u00e1cilmente el sudor. Esta pieza une los 2 tirantes planos de polipropileno que distribuyen el peso de forma equilibrada para que puedas gozar de largas sesiones de ciclismo sin molestias. Las piernas est\u00e1n acabadas con un corte l\u00e1ser y en la zona posterior tiene unas l\u00edneas reflectantes que aumentar\u00e1n tu seguridad ya que reflejar\u00e1n la luz de los veh\u00edculos. Incorpora la badana Mustang de Elastic Interface. Dise\u00f1ada con el concepto Cero Fricci\u00f3n, tiene transiciones suaves entre los niveles. Combina la espuma Pro Evo, de alta densidad y con gran capacidad de recuperaci\u00f3n y el tejido reciclado Re-Cycle. El culotte SYMBIOSIS COSMOS est\u00e1 dise\u00f1ado para que disfrutes de muchas horas de ciclismo con total confort. \u00c9s perfecto para disfrutar del gravel.","og_url":"https:\/\/www.inverseteams.com\/es\/producto\/culotte-cargo-symbiosis-cosmos-hombre\/","og_site_name":"Inverseteams","article_publisher":"https:\/\/www.facebook.com\/inverseteams","article_modified_time":"2026-01-14T11:53:36+00:00","og_image":[{"width":1500,"height":1612,"url":"https:\/\/www.inverseteams.com\/wp-content\/uploads\/CULOTTE-CARGO-SYMBIOSIS-COSMOS-1-1.jpg","type":"image\/jpeg"}],"twitter_card":"summary_large_image","twitter_misc":{"Tiempo de lectura":"2 minuto"},"schema":{"@context":"https:\/\/schema.org","@graph":[{"@type":"WebPage","@id":"https:\/\/www.inverseteams.com\/es\/producto\/culotte-cargo-symbiosis-cosmos-hombre\/","url":"https:\/\/www.inverseteams.com\/es\/producto\/culotte-cargo-symbiosis-cosmos-hombre\/","name":"Culotte cargo SYMBIOSIS COSMOS (HOMBRE) | Inverseteams","isPartOf":{"@id":"https:\/\/www.inverseteams.com\/es\/#website"},"primaryImageOfPage":{"@id":"https:\/\/www.inverseteams.com\/es\/producto\/culotte-cargo-symbiosis-cosmos-hombre\/#primaryimage"},"image":{"@id":"https:\/\/www.inverseteams.com\/es\/producto\/culotte-cargo-symbiosis-cosmos-hombre\/#primaryimage"},"thumbnailUrl":"https:\/\/www.inverseteams.com\/wp-content\/uploads\/CULOTTE-CARGO-SYMBIOSIS-COSMOS-1-1.jpg","datePublished":"2025-01-27T16:57:33+00:00","dateModified":"2026-01-14T11:53:36+00:00","description":"Fabricado con tejido 100% reciclado y tintado con el proceso Naturdyes\u00ae Technology. Todos los productos que intervienen en el tintado son 100% naturales, de origen vegetal y mineral. No generan ning\u00fan residuo t\u00f3xico. Esta t\u00e9cnica consume un 70% menos de agua que un proceso convencional. Adem\u00e1s, al tintar a baja temperatura conseguimos una eficiencia energ\u00e9tica mayor y disminuimos la huella de carbono. Este culotte cargo est\u00e1 confeccionado con costuras planas s\u00faper resistentes que aportan un dise\u00f1o muy atractivo y minimalista. Dispone de 2 bolsillos laterales con un tejido interior transpirable. Su tejido garantiza una gran resistencia, elasticidad y ligereza. Te permitir\u00e1 una buena libertad de movimientos sin sentir ninguna resistencia. La pieza de la espalda est\u00e1 confeccionada con un tejido microperforado para poder evacuar f\u00e1cilmente el sudor. Esta pieza une los 2 tirantes planos de polipropileno que distribuyen el peso de forma equilibrada para que puedas gozar de largas sesiones de ciclismo sin molestias. Las piernas est\u00e1n acabadas con un corte l\u00e1ser y en la zona posterior tiene unas l\u00edneas reflectantes que aumentar\u00e1n tu seguridad ya que reflejar\u00e1n la luz de los veh\u00edculos. Incorpora la badana Mustang de Elastic Interface. Dise\u00f1ada con el concepto Cero Fricci\u00f3n, tiene transiciones suaves entre los niveles. Combina la espuma Pro Evo, de alta densidad y con gran capacidad de recuperaci\u00f3n y el tejido reciclado Re-Cycle. El culotte SYMBIOSIS COSMOS est\u00e1 dise\u00f1ado para que disfrutes de muchas horas de ciclismo con total confort. \u00c9s perfecto para disfrutar del gravel.","breadcrumb":{"@id":"https:\/\/www.inverseteams.com\/es\/producto\/culotte-cargo-symbiosis-cosmos-hombre\/#breadcrumb"},"inLanguage":"es","potentialAction":[{"@type":"ReadAction","target":["https:\/\/www.inverseteams.com\/es\/producto\/culotte-cargo-symbiosis-cosmos-hombre\/"]}]},{"@type":"ImageObject","inLanguage":"es","@id":"https:\/\/www.inverseteams.com\/es\/producto\/culotte-cargo-symbiosis-cosmos-hombre\/#primaryimage","url":"https:\/\/www.inverseteams.com\/wp-content\/uploads\/CULOTTE-CARGO-SYMBIOSIS-COSMOS-1-1.jpg","contentUrl":"https:\/\/www.inverseteams.com\/wp-content\/uploads\/CULOTTE-CARGO-SYMBIOSIS-COSMOS-1-1.jpg","width":1500,"height":1612,"caption":"culotte cargo gravel inverse"},{"@type":"BreadcrumbList","@id":"https:\/\/www.inverseteams.com\/es\/producto\/culotte-cargo-symbiosis-cosmos-hombre\/#breadcrumb","itemListElement":[{"@type":"ListItem","position":1,"name":"Portada","item":"https:\/\/www.inverseteams.com\/es\/"},{"@type":"ListItem","position":2,"name":"Tienda","item":"https:\/\/www.inverseteams.com\/es\/tienda\/"},{"@type":"ListItem","position":3,"name":"Culotte cargo SYMBIOSIS COSMOS (HOMBRE)"}]},{"@type":"WebSite","@id":"https:\/\/www.inverseteams.com\/es\/#website","url":"https:\/\/www.inverseteams.com\/es\/","name":"Inverseteams","description":"Tu marca de ropa deportiva personalizada","publisher":{"@id":"https:\/\/www.inverseteams.com\/es\/#organization"},"potentialAction":[{"@type":"SearchAction","target":{"@type":"EntryPoint","urlTemplate":"https:\/\/www.inverseteams.com\/es\/?s={search_term_string}"},"query-input":{"@type":"PropertyValueSpecification","valueRequired":true,"valueName":"search_term_string"}}],"inLanguage":"es"},{"@type":"Organization","@id":"https:\/\/www.inverseteams.com\/es\/#organization","name":"Inverse Teams","url":"https:\/\/www.inverseteams.com\/es\/","logo":{"@type":"ImageObject","inLanguage":"es","@id":"https:\/\/www.inverseteams.com\/es\/#\/schema\/logo\/image\/","url":"https:\/\/www.inverseteams.com\/wp-content\/uploads\/2021\/03\/logo-inverse-teams.png","contentUrl":"https:\/\/www.inverseteams.com\/wp-content\/uploads\/2021\/03\/logo-inverse-teams.png","width":294,"height":99,"caption":"Inverse Teams"},"image":{"@id":"https:\/\/www.inverseteams.com\/es\/#\/schema\/logo\/image\/"},"sameAs":["https:\/\/www.facebook.com\/inverseteams","http:\/\/instagram.com\/inverseteams","https:\/\/www.linkedin.com\/company\/inverse-cirosport-s-l-?trk=job_view_topcard_company_name","http:\/\/www.pinterest.com\/inverseteams\/","http:\/\/www.youtube.com\/user\/inverseteams?feature=watch"]}]}},"_links":{"self":[{"href":"https:\/\/www.inverseteams.com\/es\/wp-json\/wp\/v2\/product\/238095","targetHints":{"allow":["GET"]}}],"collection":[{"href":"https:\/\/www.inverseteams.com\/es\/wp-json\/wp\/v2\/product"}],"about":[{"href":"https:\/\/www.inverseteams.com\/es\/wp-json\/wp\/v2\/types\/product"}],"replies":[{"embeddable":true,"href":"https:\/\/www.inverseteams.com\/es\/wp-json\/wp\/v2\/comments?post=238095"}],"wp:featuredmedia":[{"embeddable":true,"href":"https:\/\/www.inverseteams.com\/es\/wp-json\/wp\/v2\/media\/243006"}],"wp:attachment":[{"href":"https:\/\/www.inverseteams.com\/es\/wp-json\/wp\/v2\/media?parent=238095"}],"wp:term":[{"taxonomy":"product_brand","embeddable":true,"href":"https:\/\/www.inverseteams.com\/es\/wp-json\/wp\/v2\/product_brand?post=238095"},{"taxonomy":"product_cat","embeddable":true,"href":"https:\/\/www.inverseteams.com\/es\/wp-json\/wp\/v2\/product_cat?post=238095"},{"taxonomy":"product_tag","embeddable":true,"href":"https:\/\/www.inverseteams.com\/es\/wp-json\/wp\/v2\/product_tag?post=238095"},{"taxonomy":"custom_category","embeddable":true,"href":"https:\/\/www.inverseteams.com\/es\/wp-json\/wp\/v2\/custom_category?post=238095"},{"taxonomy":"range","embeddable":true,"href":"https:\/\/www.inverseteams.com\/es\/wp-json\/wp\/v2\/range?post=238095"}],"curies":[{"name":"wp","href":"https:\/\/api.w.org\/{rel}","templated":true}]}}