{"id":238064,"date":"2025-01-27T16:44:48","date_gmt":"2025-01-27T16:44:48","guid":{"rendered":"https:\/\/www.inverseteams.com\/?post_type=product&#038;p=238064"},"modified":"2026-03-26T10:51:56","modified_gmt":"2026-03-26T09:51:56","slug":"culotte-ciclismo-yannick-grafito-hombre","status":"publish","type":"product","link":"https:\/\/www.inverseteams.com\/es\/producto\/culotte-ciclismo-yannick-grafito-hombre\/","title":{"rendered":"Culotte ciclismo YANNICK GRAFITO (HOMBRE)"},"content":{"rendered":"<p>El nuevo culotte destaca por tener menos costuras que un culotte convencional, lo que lo hace muy c\u00f3modo durante el pedaleo. Se ha eliminado la costura de la zona abductora para minimizar la fricci\u00f3n y roce. La costura plana lateral es s\u00faper resistente y adem\u00e1s aporta un dise\u00f1o muy atractivo y minimalista.<\/p>\n<p>El culotte YANNICK est\u00e1 confeccionado con LYCRA REVOLUTION con acabado mate. Se caracteriza por su resistencia, elasticidad y ligereza. Te permitir\u00e1 una gran libertad de movimientos sin sentir ninguna resistencia.<\/p>\n<p>La pieza de la espalda est\u00e1 confeccionada con un tejido microperforado para poder evacuar f\u00e1cilmente el sudor. Esta pieza une los 2 tirantes planos de polipropileno que distribuyen el peso de forma equilibrada para que puedas gozar de largas sesiones de ciclismo sin molestias.<\/p>\n<p>Las piernas acabadas con un corte l\u00e1ser tienen un grip de silicona hipoalerg\u00e9nica en su interior para mantener el culotte ciclista bien sujeto y para evitar movimientos inc\u00f3modos. En la zona posterior tiene unas l\u00edneas reflectantes que aumentar\u00e1n tu seguridad ya que reflejar\u00e1n la luz de los veh\u00edculos.<\/p>\n<p>Incorpora la badana Mustang de Elastic Interface. Dise\u00f1ada con el concepto Cero Fricci\u00f3n, tiene transiciones suaves entre los niveles. Combina la espuma Pro Evo, de alta densidad y con gran capacidad de recuperaci\u00f3n y el tejido reciclado Re-Cycle.<\/p>\n<p>El culotte YANNICK est\u00e1 dise\u00f1ado para que disfrutes de muchas horas de ciclismo con total confort. \u00c9s perfecto tanto para el ciclismo de monta\u00f1a como para el ciclismo de carretera.<\/p>\n","protected":false},"excerpt":{"rendered":"<p>El nuevo culotte destaca por tener menos costuras que un culotte convencional, lo que lo hace muy c\u00f3modo durante el pedaleo. Se ha eliminado la costura de la zona abductora para minimizar la fricci\u00f3n y roce. La costura plana lateral es s\u00faper resistente y adem\u00e1s aporta un dise\u00f1o muy atractivo y minimalista.<\/p>\n<p>El culotte YANNICK est\u00e1 confeccionado con LYCRA REVOLUTION con acabado mate. Se caracteriza por su resistencia, elasticidad y ligereza. Te permitir\u00e1 una gran libertad de movimientos sin sentir ninguna resistencia.<\/p>\n<p>La pieza de la espalda est\u00e1 confeccionada con un tejido microperforado para poder evacuar f\u00e1cilmente el sudor. Esta pieza une los 2 tirantes planos de polipropileno que distribuyen el peso de forma equilibrada para que puedas gozar de largas sesiones de ciclismo sin molestias.<\/p>\n<p>Las piernas acabadas con un corte l\u00e1ser tienen un grip de silicona hipoalerg\u00e9nica en su interior para mantener el culotte ciclista bien sujeto y para evitar movimientos inc\u00f3modos. En la zona posterior tiene unas l\u00edneas reflectantes que aumentar\u00e1n tu seguridad ya que reflejar\u00e1n la luz de los veh\u00edculos.<\/p>\n<p>Incorpora la badana Mustang de Elastic Interface. Dise\u00f1ada con el concepto Cero Fricci\u00f3n, tiene transiciones suaves entre los niveles. Combina la espuma Pro Evo, de alta densidad y con gran capacidad de recuperaci\u00f3n y el tejido reciclado Re-Cycle.<\/p>\n<p>El culotte YANNICK est\u00e1 dise\u00f1ado para que disfrutes de muchas horas de ciclismo con total confort. \u00c9s perfecto tanto para el ciclismo de monta\u00f1a como para el ciclismo de carretera.<\/p>\n","protected":false},"featured_media":236910,"comment_status":"closed","ping_status":"closed","template":"","meta":{"_acf_changed":false},"product_brand":[],"product_cat":[132,9946,2769,7174],"product_tag":[],"custom_category":[],"range":[],"class_list":{"0":"post-238064","1":"product","2":"type-product","3":"status-publish","4":"has-post-thumbnail","6":"product_cat-ciclismo","7":"product_cat-gravel","8":"product_cat-culotte-ciclismo","9":"product_cat-b2b","10":"pa_climatologia-calor","11":"pa_climatologia-temperatura-templada","12":"pa_deporte-gravel","13":"pa_deporte-ciclismo","14":"pa_genero-hombre","15":"pa_patronaje-fit","16":"pa_talla-s","17":"pa_talla-m","18":"pa_talla-l","19":"pa_talla-xl","20":"pa_talla-xxl","21":"pa_tipo-de-prenda-culotte-corto","23":"first","24":"outofstock","25":"taxable","26":"shipping-taxable","27":"purchasable","28":"product-type-variable","29":"has-default-attributes"},"acf":[],"yoast_head":"<!-- This site is optimized with the Yoast SEO plugin v27.3 - https:\/\/yoast.com\/product\/yoast-seo-wordpress\/ -->\n<title>Culotte ciclismo YANNICK GRAFITO (HOMBRE) | Inverseteams<\/title>\n<meta name=\"description\" content=\"El nuevo culotte destaca por tener menos costuras que un culotte convencional, lo que lo hace muy c\u00f3modo durante el pedaleo. Se ha eliminado la costura de la zona abductora para minimizar la fricci\u00f3n y roce. La costura plana lateral es s\u00faper resistente y adem\u00e1s aporta un dise\u00f1o muy atractivo y minimalista.  El culotte YANNICK est\u00e1 confeccionado con LYCRA REVOLUTION con acabado mate. Se caracteriza por su resistencia, elasticidad y ligereza. Te permitir\u00e1 una gran libertad de movimientos sin sentir ninguna resistencia.  La pieza de la espalda est\u00e1 confeccionada con un tejido microperforado para poder evacuar f\u00e1cilmente el sudor. Esta pieza une los 2 tirantes planos de polipropileno que distribuyen el peso de forma equilibrada para que puedas gozar de largas sesiones de ciclismo sin molestias.  Las piernas acabadas con un corte l\u00e1ser tienen un grip de silicona hipoalerg\u00e9nica en su interior para mantener el culotte ciclista bien sujeto y para evitar movimientos inc\u00f3modos. En la zona posterior tiene unas l\u00edneas reflectantes que aumentar\u00e1n tu seguridad ya que reflejar\u00e1n la luz de los veh\u00edculos.  Incorpora la badana Mustang de Elastic Interface. Dise\u00f1ada con el concepto Cero Fricci\u00f3n, tiene transiciones suaves entre los niveles. Combina la espuma Pro Evo, de alta densidad y con gran capacidad de recuperaci\u00f3n y el tejido reciclado Re-Cycle.  El culotte YANNICK est\u00e1 dise\u00f1ado para que disfrutes de muchas horas de ciclismo con total confort. \u00c9s perfecto tanto para el ciclismo de monta\u00f1a como para el ciclismo de carretera.\" \/>\n<meta name=\"robots\" content=\"index, follow, max-snippet:-1, max-image-preview:large, max-video-preview:-1\" \/>\n<link rel=\"canonical\" href=\"https:\/\/www.inverseteams.com\/es\/producto\/culotte-ciclismo-yannick-grafito-hombre\/\" \/>\n<meta property=\"og:locale\" content=\"es_ES\" \/>\n<meta property=\"og:type\" content=\"article\" \/>\n<meta property=\"og:title\" content=\"Culotte ciclismo YANNICK GRAFITO (HOMBRE) | Inverseteams\" \/>\n<meta property=\"og:description\" content=\"El nuevo culotte destaca por tener menos costuras que un culotte convencional, lo que lo hace muy c\u00f3modo durante el pedaleo. Se ha eliminado la costura de la zona abductora para minimizar la fricci\u00f3n y roce. La costura plana lateral es s\u00faper resistente y adem\u00e1s aporta un dise\u00f1o muy atractivo y minimalista.  El culotte YANNICK est\u00e1 confeccionado con LYCRA REVOLUTION con acabado mate. Se caracteriza por su resistencia, elasticidad y ligereza. Te permitir\u00e1 una gran libertad de movimientos sin sentir ninguna resistencia.  La pieza de la espalda est\u00e1 confeccionada con un tejido microperforado para poder evacuar f\u00e1cilmente el sudor. Esta pieza une los 2 tirantes planos de polipropileno que distribuyen el peso de forma equilibrada para que puedas gozar de largas sesiones de ciclismo sin molestias.  Las piernas acabadas con un corte l\u00e1ser tienen un grip de silicona hipoalerg\u00e9nica en su interior para mantener el culotte ciclista bien sujeto y para evitar movimientos inc\u00f3modos. En la zona posterior tiene unas l\u00edneas reflectantes que aumentar\u00e1n tu seguridad ya que reflejar\u00e1n la luz de los veh\u00edculos.  Incorpora la badana Mustang de Elastic Interface. Dise\u00f1ada con el concepto Cero Fricci\u00f3n, tiene transiciones suaves entre los niveles. Combina la espuma Pro Evo, de alta densidad y con gran capacidad de recuperaci\u00f3n y el tejido reciclado Re-Cycle.  El culotte YANNICK est\u00e1 dise\u00f1ado para que disfrutes de muchas horas de ciclismo con total confort. \u00c9s perfecto tanto para el ciclismo de monta\u00f1a como para el ciclismo de carretera.\" \/>\n<meta property=\"og:url\" content=\"https:\/\/www.inverseteams.com\/es\/producto\/culotte-ciclismo-yannick-grafito-hombre\/\" \/>\n<meta property=\"og:site_name\" content=\"Inverseteams\" \/>\n<meta property=\"article:publisher\" content=\"https:\/\/www.facebook.com\/inverseteams\" \/>\n<meta property=\"article:modified_time\" content=\"2026-03-26T09:51:56+00:00\" \/>\n<meta property=\"og:image\" content=\"https:\/\/www.inverseteams.com\/wp-content\/uploads\/CULOTTE-CICLISMO-YANNICK-GRAFITO-1.jpg\" \/>\n\t<meta property=\"og:image:width\" content=\"1500\" \/>\n\t<meta property=\"og:image:height\" content=\"1612\" \/>\n\t<meta property=\"og:image:type\" content=\"image\/jpeg\" \/>\n<meta name=\"twitter:card\" content=\"summary_large_image\" \/>\n<meta name=\"twitter:label1\" content=\"Tiempo de lectura\" \/>\n\t<meta name=\"twitter:data1\" content=\"2 minuto\" \/>\n<script type=\"application\/ld+json\" class=\"yoast-schema-graph\">{\"@context\":\"https:\\\/\\\/schema.org\",\"@graph\":[{\"@type\":\"WebPage\",\"@id\":\"https:\\\/\\\/www.inverseteams.com\\\/es\\\/producto\\\/culotte-ciclismo-yannick-grafito-hombre\\\/\",\"url\":\"https:\\\/\\\/www.inverseteams.com\\\/es\\\/producto\\\/culotte-ciclismo-yannick-grafito-hombre\\\/\",\"name\":\"Culotte ciclismo YANNICK GRAFITO (HOMBRE) | Inverseteams\",\"isPartOf\":{\"@id\":\"https:\\\/\\\/www.inverseteams.com\\\/es\\\/#website\"},\"primaryImageOfPage\":{\"@id\":\"https:\\\/\\\/www.inverseteams.com\\\/es\\\/producto\\\/culotte-ciclismo-yannick-grafito-hombre\\\/#primaryimage\"},\"image\":{\"@id\":\"https:\\\/\\\/www.inverseteams.com\\\/es\\\/producto\\\/culotte-ciclismo-yannick-grafito-hombre\\\/#primaryimage\"},\"thumbnailUrl\":\"https:\\\/\\\/www.inverseteams.com\\\/wp-content\\\/uploads\\\/CULOTTE-CICLISMO-YANNICK-GRAFITO-1.jpg\",\"datePublished\":\"2025-01-27T16:44:48+00:00\",\"dateModified\":\"2026-03-26T09:51:56+00:00\",\"description\":\"El nuevo culotte destaca por tener menos costuras que un culotte convencional, lo que lo hace muy c\u00f3modo durante el pedaleo. Se ha eliminado la costura de la zona abductora para minimizar la fricci\u00f3n y roce. La costura plana lateral es s\u00faper resistente y adem\u00e1s aporta un dise\u00f1o muy atractivo y minimalista. El culotte YANNICK est\u00e1 confeccionado con LYCRA REVOLUTION con acabado mate. Se caracteriza por su resistencia, elasticidad y ligereza. Te permitir\u00e1 una gran libertad de movimientos sin sentir ninguna resistencia. La pieza de la espalda est\u00e1 confeccionada con un tejido microperforado para poder evacuar f\u00e1cilmente el sudor. Esta pieza une los 2 tirantes planos de polipropileno que distribuyen el peso de forma equilibrada para que puedas gozar de largas sesiones de ciclismo sin molestias. Las piernas acabadas con un corte l\u00e1ser tienen un grip de silicona hipoalerg\u00e9nica en su interior para mantener el culotte ciclista bien sujeto y para evitar movimientos inc\u00f3modos. En la zona posterior tiene unas l\u00edneas reflectantes que aumentar\u00e1n tu seguridad ya que reflejar\u00e1n la luz de los veh\u00edculos. Incorpora la badana Mustang de Elastic Interface. Dise\u00f1ada con el concepto Cero Fricci\u00f3n, tiene transiciones suaves entre los niveles. Combina la espuma Pro Evo, de alta densidad y con gran capacidad de recuperaci\u00f3n y el tejido reciclado Re-Cycle. El culotte YANNICK est\u00e1 dise\u00f1ado para que disfrutes de muchas horas de ciclismo con total confort. \u00c9s perfecto tanto para el ciclismo de monta\u00f1a como para el ciclismo de carretera.\",\"breadcrumb\":{\"@id\":\"https:\\\/\\\/www.inverseteams.com\\\/es\\\/producto\\\/culotte-ciclismo-yannick-grafito-hombre\\\/#breadcrumb\"},\"inLanguage\":\"es\",\"potentialAction\":[{\"@type\":\"ReadAction\",\"target\":[\"https:\\\/\\\/www.inverseteams.com\\\/es\\\/producto\\\/culotte-ciclismo-yannick-grafito-hombre\\\/\"]}]},{\"@type\":\"ImageObject\",\"inLanguage\":\"es\",\"@id\":\"https:\\\/\\\/www.inverseteams.com\\\/es\\\/producto\\\/culotte-ciclismo-yannick-grafito-hombre\\\/#primaryimage\",\"url\":\"https:\\\/\\\/www.inverseteams.com\\\/wp-content\\\/uploads\\\/CULOTTE-CICLISMO-YANNICK-GRAFITO-1.jpg\",\"contentUrl\":\"https:\\\/\\\/www.inverseteams.com\\\/wp-content\\\/uploads\\\/CULOTTE-CICLISMO-YANNICK-GRAFITO-1.jpg\",\"width\":1500,\"height\":1612,\"caption\":\"CULOTTE CICLISMO GRIS\"},{\"@type\":\"BreadcrumbList\",\"@id\":\"https:\\\/\\\/www.inverseteams.com\\\/es\\\/producto\\\/culotte-ciclismo-yannick-grafito-hombre\\\/#breadcrumb\",\"itemListElement\":[{\"@type\":\"ListItem\",\"position\":1,\"name\":\"Portada\",\"item\":\"https:\\\/\\\/www.inverseteams.com\\\/es\\\/\"},{\"@type\":\"ListItem\",\"position\":2,\"name\":\"Tienda\",\"item\":\"https:\\\/\\\/www.inverseteams.com\\\/es\\\/tienda\\\/\"},{\"@type\":\"ListItem\",\"position\":3,\"name\":\"Culotte ciclismo YANNICK GRAFITO (HOMBRE)\"}]},{\"@type\":\"WebSite\",\"@id\":\"https:\\\/\\\/www.inverseteams.com\\\/es\\\/#website\",\"url\":\"https:\\\/\\\/www.inverseteams.com\\\/es\\\/\",\"name\":\"Inverseteams\",\"description\":\"Tu marca de ropa deportiva personalizada\",\"publisher\":{\"@id\":\"https:\\\/\\\/www.inverseteams.com\\\/es\\\/#organization\"},\"potentialAction\":[{\"@type\":\"SearchAction\",\"target\":{\"@type\":\"EntryPoint\",\"urlTemplate\":\"https:\\\/\\\/www.inverseteams.com\\\/es\\\/?s={search_term_string}\"},\"query-input\":{\"@type\":\"PropertyValueSpecification\",\"valueRequired\":true,\"valueName\":\"search_term_string\"}}],\"inLanguage\":\"es\"},{\"@type\":\"Organization\",\"@id\":\"https:\\\/\\\/www.inverseteams.com\\\/es\\\/#organization\",\"name\":\"Inverse Teams\",\"url\":\"https:\\\/\\\/www.inverseteams.com\\\/es\\\/\",\"logo\":{\"@type\":\"ImageObject\",\"inLanguage\":\"es\",\"@id\":\"https:\\\/\\\/www.inverseteams.com\\\/es\\\/#\\\/schema\\\/logo\\\/image\\\/\",\"url\":\"http:\\\/\\\/www.inverseteams.com\\\/wp-content\\\/uploads\\\/2021\\\/03\\\/logo-inverse-teams.png\",\"contentUrl\":\"http:\\\/\\\/www.inverseteams.com\\\/wp-content\\\/uploads\\\/2021\\\/03\\\/logo-inverse-teams.png\",\"width\":294,\"height\":99,\"caption\":\"Inverse Teams\"},\"image\":{\"@id\":\"https:\\\/\\\/www.inverseteams.com\\\/es\\\/#\\\/schema\\\/logo\\\/image\\\/\"},\"sameAs\":[\"https:\\\/\\\/www.facebook.com\\\/inverseteams\",\"http:\\\/\\\/instagram.com\\\/inverseteams\",\"https:\\\/\\\/www.linkedin.com\\\/company\\\/inverse-cirosport-s-l-?trk=job_view_topcard_company_name\",\"http:\\\/\\\/www.pinterest.com\\\/inverseteams\\\/\",\"http:\\\/\\\/www.youtube.com\\\/user\\\/inverseteams?feature=watch\"]}]}<\/script>\n<!-- \/ Yoast SEO plugin. -->","yoast_head_json":{"title":"Culotte ciclismo YANNICK GRAFITO (HOMBRE) | Inverseteams","description":"El nuevo culotte destaca por tener menos costuras que un culotte convencional, lo que lo hace muy c\u00f3modo durante el pedaleo. Se ha eliminado la costura de la zona abductora para minimizar la fricci\u00f3n y roce. La costura plana lateral es s\u00faper resistente y adem\u00e1s aporta un dise\u00f1o muy atractivo y minimalista.  El culotte YANNICK est\u00e1 confeccionado con LYCRA REVOLUTION con acabado mate. Se caracteriza por su resistencia, elasticidad y ligereza. Te permitir\u00e1 una gran libertad de movimientos sin sentir ninguna resistencia.  La pieza de la espalda est\u00e1 confeccionada con un tejido microperforado para poder evacuar f\u00e1cilmente el sudor. Esta pieza une los 2 tirantes planos de polipropileno que distribuyen el peso de forma equilibrada para que puedas gozar de largas sesiones de ciclismo sin molestias.  Las piernas acabadas con un corte l\u00e1ser tienen un grip de silicona hipoalerg\u00e9nica en su interior para mantener el culotte ciclista bien sujeto y para evitar movimientos inc\u00f3modos. En la zona posterior tiene unas l\u00edneas reflectantes que aumentar\u00e1n tu seguridad ya que reflejar\u00e1n la luz de los veh\u00edculos.  Incorpora la badana Mustang de Elastic Interface. Dise\u00f1ada con el concepto Cero Fricci\u00f3n, tiene transiciones suaves entre los niveles. Combina la espuma Pro Evo, de alta densidad y con gran capacidad de recuperaci\u00f3n y el tejido reciclado Re-Cycle.  El culotte YANNICK est\u00e1 dise\u00f1ado para que disfrutes de muchas horas de ciclismo con total confort. \u00c9s perfecto tanto para el ciclismo de monta\u00f1a como para el ciclismo de carretera.","robots":{"index":"index","follow":"follow","max-snippet":"max-snippet:-1","max-image-preview":"max-image-preview:large","max-video-preview":"max-video-preview:-1"},"canonical":"https:\/\/www.inverseteams.com\/es\/producto\/culotte-ciclismo-yannick-grafito-hombre\/","og_locale":"es_ES","og_type":"article","og_title":"Culotte ciclismo YANNICK GRAFITO (HOMBRE) | Inverseteams","og_description":"El nuevo culotte destaca por tener menos costuras que un culotte convencional, lo que lo hace muy c\u00f3modo durante el pedaleo. Se ha eliminado la costura de la zona abductora para minimizar la fricci\u00f3n y roce. La costura plana lateral es s\u00faper resistente y adem\u00e1s aporta un dise\u00f1o muy atractivo y minimalista.  El culotte YANNICK est\u00e1 confeccionado con LYCRA REVOLUTION con acabado mate. Se caracteriza por su resistencia, elasticidad y ligereza. Te permitir\u00e1 una gran libertad de movimientos sin sentir ninguna resistencia.  La pieza de la espalda est\u00e1 confeccionada con un tejido microperforado para poder evacuar f\u00e1cilmente el sudor. Esta pieza une los 2 tirantes planos de polipropileno que distribuyen el peso de forma equilibrada para que puedas gozar de largas sesiones de ciclismo sin molestias.  Las piernas acabadas con un corte l\u00e1ser tienen un grip de silicona hipoalerg\u00e9nica en su interior para mantener el culotte ciclista bien sujeto y para evitar movimientos inc\u00f3modos. En la zona posterior tiene unas l\u00edneas reflectantes que aumentar\u00e1n tu seguridad ya que reflejar\u00e1n la luz de los veh\u00edculos.  Incorpora la badana Mustang de Elastic Interface. Dise\u00f1ada con el concepto Cero Fricci\u00f3n, tiene transiciones suaves entre los niveles. Combina la espuma Pro Evo, de alta densidad y con gran capacidad de recuperaci\u00f3n y el tejido reciclado Re-Cycle.  El culotte YANNICK est\u00e1 dise\u00f1ado para que disfrutes de muchas horas de ciclismo con total confort. \u00c9s perfecto tanto para el ciclismo de monta\u00f1a como para el ciclismo de carretera.","og_url":"https:\/\/www.inverseteams.com\/es\/producto\/culotte-ciclismo-yannick-grafito-hombre\/","og_site_name":"Inverseteams","article_publisher":"https:\/\/www.facebook.com\/inverseteams","article_modified_time":"2026-03-26T09:51:56+00:00","og_image":[{"width":1500,"height":1612,"url":"https:\/\/www.inverseteams.com\/wp-content\/uploads\/CULOTTE-CICLISMO-YANNICK-GRAFITO-1.jpg","type":"image\/jpeg"}],"twitter_card":"summary_large_image","twitter_misc":{"Tiempo de lectura":"2 minuto"},"schema":{"@context":"https:\/\/schema.org","@graph":[{"@type":"WebPage","@id":"https:\/\/www.inverseteams.com\/es\/producto\/culotte-ciclismo-yannick-grafito-hombre\/","url":"https:\/\/www.inverseteams.com\/es\/producto\/culotte-ciclismo-yannick-grafito-hombre\/","name":"Culotte ciclismo YANNICK GRAFITO (HOMBRE) | Inverseteams","isPartOf":{"@id":"https:\/\/www.inverseteams.com\/es\/#website"},"primaryImageOfPage":{"@id":"https:\/\/www.inverseteams.com\/es\/producto\/culotte-ciclismo-yannick-grafito-hombre\/#primaryimage"},"image":{"@id":"https:\/\/www.inverseteams.com\/es\/producto\/culotte-ciclismo-yannick-grafito-hombre\/#primaryimage"},"thumbnailUrl":"https:\/\/www.inverseteams.com\/wp-content\/uploads\/CULOTTE-CICLISMO-YANNICK-GRAFITO-1.jpg","datePublished":"2025-01-27T16:44:48+00:00","dateModified":"2026-03-26T09:51:56+00:00","description":"El nuevo culotte destaca por tener menos costuras que un culotte convencional, lo que lo hace muy c\u00f3modo durante el pedaleo. Se ha eliminado la costura de la zona abductora para minimizar la fricci\u00f3n y roce. La costura plana lateral es s\u00faper resistente y adem\u00e1s aporta un dise\u00f1o muy atractivo y minimalista. El culotte YANNICK est\u00e1 confeccionado con LYCRA REVOLUTION con acabado mate. Se caracteriza por su resistencia, elasticidad y ligereza. Te permitir\u00e1 una gran libertad de movimientos sin sentir ninguna resistencia. La pieza de la espalda est\u00e1 confeccionada con un tejido microperforado para poder evacuar f\u00e1cilmente el sudor. Esta pieza une los 2 tirantes planos de polipropileno que distribuyen el peso de forma equilibrada para que puedas gozar de largas sesiones de ciclismo sin molestias. Las piernas acabadas con un corte l\u00e1ser tienen un grip de silicona hipoalerg\u00e9nica en su interior para mantener el culotte ciclista bien sujeto y para evitar movimientos inc\u00f3modos. En la zona posterior tiene unas l\u00edneas reflectantes que aumentar\u00e1n tu seguridad ya que reflejar\u00e1n la luz de los veh\u00edculos. Incorpora la badana Mustang de Elastic Interface. Dise\u00f1ada con el concepto Cero Fricci\u00f3n, tiene transiciones suaves entre los niveles. Combina la espuma Pro Evo, de alta densidad y con gran capacidad de recuperaci\u00f3n y el tejido reciclado Re-Cycle. El culotte YANNICK est\u00e1 dise\u00f1ado para que disfrutes de muchas horas de ciclismo con total confort. \u00c9s perfecto tanto para el ciclismo de monta\u00f1a como para el ciclismo de carretera.","breadcrumb":{"@id":"https:\/\/www.inverseteams.com\/es\/producto\/culotte-ciclismo-yannick-grafito-hombre\/#breadcrumb"},"inLanguage":"es","potentialAction":[{"@type":"ReadAction","target":["https:\/\/www.inverseteams.com\/es\/producto\/culotte-ciclismo-yannick-grafito-hombre\/"]}]},{"@type":"ImageObject","inLanguage":"es","@id":"https:\/\/www.inverseteams.com\/es\/producto\/culotte-ciclismo-yannick-grafito-hombre\/#primaryimage","url":"https:\/\/www.inverseteams.com\/wp-content\/uploads\/CULOTTE-CICLISMO-YANNICK-GRAFITO-1.jpg","contentUrl":"https:\/\/www.inverseteams.com\/wp-content\/uploads\/CULOTTE-CICLISMO-YANNICK-GRAFITO-1.jpg","width":1500,"height":1612,"caption":"CULOTTE CICLISMO GRIS"},{"@type":"BreadcrumbList","@id":"https:\/\/www.inverseteams.com\/es\/producto\/culotte-ciclismo-yannick-grafito-hombre\/#breadcrumb","itemListElement":[{"@type":"ListItem","position":1,"name":"Portada","item":"https:\/\/www.inverseteams.com\/es\/"},{"@type":"ListItem","position":2,"name":"Tienda","item":"https:\/\/www.inverseteams.com\/es\/tienda\/"},{"@type":"ListItem","position":3,"name":"Culotte ciclismo YANNICK GRAFITO (HOMBRE)"}]},{"@type":"WebSite","@id":"https:\/\/www.inverseteams.com\/es\/#website","url":"https:\/\/www.inverseteams.com\/es\/","name":"Inverseteams","description":"Tu marca de ropa deportiva personalizada","publisher":{"@id":"https:\/\/www.inverseteams.com\/es\/#organization"},"potentialAction":[{"@type":"SearchAction","target":{"@type":"EntryPoint","urlTemplate":"https:\/\/www.inverseteams.com\/es\/?s={search_term_string}"},"query-input":{"@type":"PropertyValueSpecification","valueRequired":true,"valueName":"search_term_string"}}],"inLanguage":"es"},{"@type":"Organization","@id":"https:\/\/www.inverseteams.com\/es\/#organization","name":"Inverse Teams","url":"https:\/\/www.inverseteams.com\/es\/","logo":{"@type":"ImageObject","inLanguage":"es","@id":"https:\/\/www.inverseteams.com\/es\/#\/schema\/logo\/image\/","url":"https:\/\/www.inverseteams.com\/wp-content\/uploads\/2021\/03\/logo-inverse-teams.png","contentUrl":"https:\/\/www.inverseteams.com\/wp-content\/uploads\/2021\/03\/logo-inverse-teams.png","width":294,"height":99,"caption":"Inverse Teams"},"image":{"@id":"https:\/\/www.inverseteams.com\/es\/#\/schema\/logo\/image\/"},"sameAs":["https:\/\/www.facebook.com\/inverseteams","http:\/\/instagram.com\/inverseteams","https:\/\/www.linkedin.com\/company\/inverse-cirosport-s-l-?trk=job_view_topcard_company_name","http:\/\/www.pinterest.com\/inverseteams\/","http:\/\/www.youtube.com\/user\/inverseteams?feature=watch"]}]}},"_links":{"self":[{"href":"https:\/\/www.inverseteams.com\/es\/wp-json\/wp\/v2\/product\/238064","targetHints":{"allow":["GET"]}}],"collection":[{"href":"https:\/\/www.inverseteams.com\/es\/wp-json\/wp\/v2\/product"}],"about":[{"href":"https:\/\/www.inverseteams.com\/es\/wp-json\/wp\/v2\/types\/product"}],"replies":[{"embeddable":true,"href":"https:\/\/www.inverseteams.com\/es\/wp-json\/wp\/v2\/comments?post=238064"}],"wp:featuredmedia":[{"embeddable":true,"href":"https:\/\/www.inverseteams.com\/es\/wp-json\/wp\/v2\/media\/236910"}],"wp:attachment":[{"href":"https:\/\/www.inverseteams.com\/es\/wp-json\/wp\/v2\/media?parent=238064"}],"wp:term":[{"taxonomy":"product_brand","embeddable":true,"href":"https:\/\/www.inverseteams.com\/es\/wp-json\/wp\/v2\/product_brand?post=238064"},{"taxonomy":"product_cat","embeddable":true,"href":"https:\/\/www.inverseteams.com\/es\/wp-json\/wp\/v2\/product_cat?post=238064"},{"taxonomy":"product_tag","embeddable":true,"href":"https:\/\/www.inverseteams.com\/es\/wp-json\/wp\/v2\/product_tag?post=238064"},{"taxonomy":"custom_category","embeddable":true,"href":"https:\/\/www.inverseteams.com\/es\/wp-json\/wp\/v2\/custom_category?post=238064"},{"taxonomy":"range","embeddable":true,"href":"https:\/\/www.inverseteams.com\/es\/wp-json\/wp\/v2\/range?post=238064"}],"curies":[{"name":"wp","href":"https:\/\/api.w.org\/{rel}","templated":true}]}}