{"id":238010,"date":"2025-01-27T16:20:21","date_gmt":"2025-01-27T16:20:21","guid":{"rendered":"https:\/\/www.inverseteams.com\/?post_type=product&#038;p=238010"},"modified":"2026-01-29T16:22:37","modified_gmt":"2026-01-29T15:22:37","slug":"maillot-ciclismo-manga-corta-pure-yuraq-hombre","status":"publish","type":"product","link":"https:\/\/www.inverseteams.com\/es\/producto\/maillot-ciclismo-manga-corta-pure-yuraq-hombre\/","title":{"rendered":"Maillot ciclismo manga corta PURE YURAQ (HOMBRE)"},"content":{"rendered":"<p>El maillot de ciclismo perfecto para el verano. Las axilas y la zona central de la espalda est\u00e1n confeccionadas con el tejido CYCLON de rejilla. As\u00ed expulsar\u00e1s r\u00e1pidamente el sudor y tu piel estar\u00e1 fresca y seca. El resto de la espalda est\u00e1 compuesta del tejido LITTLESQUARE, que tambi\u00e9n es muy transpirable, pero su estructura no es tan abierta para protegerte de los rayos del sol.<br \/>\nLas mangas est\u00e1n confeccionadas con el tejido BEEPANEL, esteticamente muy elegante y que ofrece una elasticidad increible que permite que la manga se ajuste muy bien al brazo.<br \/>\nLos 4 tejidos que componen el maillot ciclista destacan por su ligereza y elasticidad. Se adaptan muy bien al cuerpo y a todas los posiciones y movimientos. Su tacto suave y agradable te encantar\u00e1. Sentir\u00e1s el maillot como si fuera una segunda piel. Los acabados termosellados del maillot no solo optimizan su dise\u00f1o minimalista, sino que tambi\u00e9n mejoran la durabilidad y confort general de la prenda.<br \/>\nSu cuello ergon\u00f3mico se adapta perfectamente y evita la entrada de aire. Tiene una cremallera integral con el sistema antipull. En la cintura, para que el maillot est\u00e9 bien arrapado al cuerpo, tiene una banda el\u00e1stica con un grip de silicona en el interior.<br \/>\nEn la zona lumbar incorpora 3 bolsillos abiertos. Tambi\u00e9n dispone de 1 bolsillo lateral con cremallera. \u00c9ste es impermeable para que el sudor no da\u00f1e lo que guardes en el.<br \/>\nPara aumentar tu seguridad en la carretera tiene unos elementos reflectantes sobre los bolsillos.<\/p>\n","protected":false},"excerpt":{"rendered":"<p>El maillot de ciclismo perfecto para el verano. Las axilas y la zona central de la espalda est\u00e1n confeccionadas con el tejido CYCLON de rejilla. As\u00ed expulsar\u00e1s r\u00e1pidamente el sudor y tu piel estar\u00e1 fresca y seca. El resto de la espalda est\u00e1 compuesta del tejido LITTLESQUARE, que tambi\u00e9n es muy transpirable, pero su estructura no es tan abierta para protegerte de los rayos del sol.<br \/>\nLas mangas est\u00e1n confeccionadas con el tejido BEEPANEL, esteticamente muy elegante y que ofrece una elasticidad increible que permite que la manga se ajuste muy bien al brazo.<br \/>\nLos 4 tejidos que componen el maillot ciclista destacan por su ligereza y elasticidad. Se adaptan muy bien al cuerpo y a todas los posiciones y movimientos. Su tacto suave y agradable te encantar\u00e1. Sentir\u00e1s el maillot como si fuera una segunda piel. Los acabados termosellados del maillot no solo optimizan su dise\u00f1o minimalista, sino que tambi\u00e9n mejoran la durabilidad y confort general de la prenda.<br \/>\nSu cuello ergon\u00f3mico se adapta perfectamente y evita la entrada de aire. Tiene una cremallera integral con el sistema antipull. En la cintura, para que el maillot est\u00e9 bien arrapado al cuerpo, tiene una banda el\u00e1stica con un grip de silicona en el interior.<br \/>\nEn la zona lumbar incorpora 3 bolsillos abiertos. Tambi\u00e9n dispone de 1 bolsillo lateral con cremallera. \u00c9ste es impermeable para que el sudor no da\u00f1e lo que guardes en el.<br \/>\nPara aumentar tu seguridad en la carretera tiene unos elementos reflectantes sobre los bolsillos.<\/p>\n","protected":false},"featured_media":237150,"comment_status":"closed","ping_status":"closed","template":"","meta":{"_acf_changed":false},"product_brand":[],"product_cat":[132,1091,7174],"product_tag":[],"custom_category":[],"range":[],"class_list":{"0":"post-238010","1":"product","2":"type-product","3":"status-publish","4":"has-post-thumbnail","6":"product_cat-ciclismo","7":"product_cat-maillot-ciclismo","8":"product_cat-b2b","9":"pa_climatologia-calor","10":"pa_deporte-ciclismo","11":"pa_genero-hombre","12":"pa_patronaje-fit","13":"pa_talla-s","14":"pa_talla-m","15":"pa_talla-l","16":"pa_talla-xl","17":"pa_talla-xxl","18":"pa_tipo-de-prenda-maillot-manga-corta","20":"first","21":"outofstock","22":"taxable","23":"shipping-taxable","24":"purchasable","25":"product-type-variable","26":"has-default-attributes"},"acf":[],"yoast_head":"<!-- This site is optimized with the Yoast SEO plugin v27.3 - https:\/\/yoast.com\/product\/yoast-seo-wordpress\/ -->\n<title>Maillot ciclismo manga corta PURE YURAQ (HOMBRE) | Inverseteams<\/title>\n<meta name=\"description\" content=\"El maillot de ciclismo perfecto para el verano. Las axilas y la zona central de la espalda est\u00e1n confeccionadas con el tejido CYCLON de rejilla. As\u00ed expulsar\u00e1s r\u00e1pidamente el sudor y tu piel estar\u00e1 fresca y seca. El resto de la espalda est\u00e1 compuesta del tejido LITTLESQUARE, que tambi\u00e9n es muy transpirable, pero su estructura no es tan abierta para protegerte de los rayos del sol. Las mangas est\u00e1n confeccionadas con el tejido BEEPANEL, esteticamente muy elegante y que ofrece una elasticidad increible que permite que la manga se ajuste muy bien al brazo. Los 4 tejidos que componen el maillot ciclista destacan por su ligereza y elasticidad. Se adaptan muy bien al cuerpo y a todas los posiciones y movimientos. Su tacto suave y agradable te encantar\u00e1. Sentir\u00e1s el maillot como si fuera una segunda piel. Los acabados termosellados del maillot no solo optimizan su dise\u00f1o minimalista, sino que tambi\u00e9n mejoran la durabilidad y confort general de la prenda. Su cuello ergon\u00f3mico se adapta perfectamente y evita la entrada de aire. Tiene una cremallera integral con el sistema antipull. En la cintura, para que el maillot est\u00e9 bien arrapado al cuerpo, tiene una banda el\u00e1stica con un grip de silicona en el interior. En la zona lumbar incorpora 3 bolsillos abiertos. Tambi\u00e9n dispone de 1 bolsillo lateral con cremallera. \u00c9ste es impermeable para que el sudor no da\u00f1e lo que guardes en el. Para aumentar tu seguridad en la carretera tiene unos elementos reflectantes sobre los bolsillos.\" \/>\n<meta name=\"robots\" content=\"index, follow, max-snippet:-1, max-image-preview:large, max-video-preview:-1\" \/>\n<link rel=\"canonical\" href=\"https:\/\/www.inverseteams.com\/es\/producto\/maillot-ciclismo-manga-corta-pure-yuraq-hombre\/\" \/>\n<meta property=\"og:locale\" content=\"es_ES\" \/>\n<meta property=\"og:type\" content=\"article\" \/>\n<meta property=\"og:title\" content=\"Maillot ciclismo manga corta PURE YURAQ (HOMBRE) | Inverseteams\" \/>\n<meta property=\"og:description\" content=\"El maillot de ciclismo perfecto para el verano. Las axilas y la zona central de la espalda est\u00e1n confeccionadas con el tejido CYCLON de rejilla. As\u00ed expulsar\u00e1s r\u00e1pidamente el sudor y tu piel estar\u00e1 fresca y seca. El resto de la espalda est\u00e1 compuesta del tejido LITTLESQUARE, que tambi\u00e9n es muy transpirable, pero su estructura no es tan abierta para protegerte de los rayos del sol. Las mangas est\u00e1n confeccionadas con el tejido BEEPANEL, esteticamente muy elegante y que ofrece una elasticidad increible que permite que la manga se ajuste muy bien al brazo. Los 4 tejidos que componen el maillot ciclista destacan por su ligereza y elasticidad. Se adaptan muy bien al cuerpo y a todas los posiciones y movimientos. Su tacto suave y agradable te encantar\u00e1. Sentir\u00e1s el maillot como si fuera una segunda piel. Los acabados termosellados del maillot no solo optimizan su dise\u00f1o minimalista, sino que tambi\u00e9n mejoran la durabilidad y confort general de la prenda. Su cuello ergon\u00f3mico se adapta perfectamente y evita la entrada de aire. Tiene una cremallera integral con el sistema antipull. En la cintura, para que el maillot est\u00e9 bien arrapado al cuerpo, tiene una banda el\u00e1stica con un grip de silicona en el interior. En la zona lumbar incorpora 3 bolsillos abiertos. Tambi\u00e9n dispone de 1 bolsillo lateral con cremallera. \u00c9ste es impermeable para que el sudor no da\u00f1e lo que guardes en el. Para aumentar tu seguridad en la carretera tiene unos elementos reflectantes sobre los bolsillos.\" \/>\n<meta property=\"og:url\" content=\"https:\/\/www.inverseteams.com\/es\/producto\/maillot-ciclismo-manga-corta-pure-yuraq-hombre\/\" \/>\n<meta property=\"og:site_name\" content=\"Inverseteams\" \/>\n<meta property=\"article:publisher\" content=\"https:\/\/www.facebook.com\/inverseteams\" \/>\n<meta property=\"article:modified_time\" content=\"2026-01-29T15:22:37+00:00\" \/>\n<meta property=\"og:image\" content=\"https:\/\/www.inverseteams.com\/wp-content\/uploads\/MAILLOT-CICLISMO-PURE-YURAQ-1.jpg\" \/>\n\t<meta property=\"og:image:width\" content=\"1500\" \/>\n\t<meta property=\"og:image:height\" content=\"1612\" \/>\n\t<meta property=\"og:image:type\" content=\"image\/jpeg\" \/>\n<meta name=\"twitter:card\" content=\"summary_large_image\" \/>\n<meta name=\"twitter:label1\" content=\"Tiempo de lectura\" \/>\n\t<meta name=\"twitter:data1\" content=\"2 minuto\" \/>\n<script type=\"application\/ld+json\" class=\"yoast-schema-graph\">{\"@context\":\"https:\\\/\\\/schema.org\",\"@graph\":[{\"@type\":\"WebPage\",\"@id\":\"https:\\\/\\\/www.inverseteams.com\\\/es\\\/producto\\\/maillot-ciclismo-manga-corta-pure-yuraq-hombre\\\/\",\"url\":\"https:\\\/\\\/www.inverseteams.com\\\/es\\\/producto\\\/maillot-ciclismo-manga-corta-pure-yuraq-hombre\\\/\",\"name\":\"Maillot ciclismo manga corta PURE YURAQ (HOMBRE) | Inverseteams\",\"isPartOf\":{\"@id\":\"https:\\\/\\\/www.inverseteams.com\\\/es\\\/#website\"},\"primaryImageOfPage\":{\"@id\":\"https:\\\/\\\/www.inverseteams.com\\\/es\\\/producto\\\/maillot-ciclismo-manga-corta-pure-yuraq-hombre\\\/#primaryimage\"},\"image\":{\"@id\":\"https:\\\/\\\/www.inverseteams.com\\\/es\\\/producto\\\/maillot-ciclismo-manga-corta-pure-yuraq-hombre\\\/#primaryimage\"},\"thumbnailUrl\":\"https:\\\/\\\/www.inverseteams.com\\\/wp-content\\\/uploads\\\/MAILLOT-CICLISMO-PURE-YURAQ-1.jpg\",\"datePublished\":\"2025-01-27T16:20:21+00:00\",\"dateModified\":\"2026-01-29T15:22:37+00:00\",\"description\":\"El maillot de ciclismo perfecto para el verano. Las axilas y la zona central de la espalda est\u00e1n confeccionadas con el tejido CYCLON de rejilla. As\u00ed expulsar\u00e1s r\u00e1pidamente el sudor y tu piel estar\u00e1 fresca y seca. El resto de la espalda est\u00e1 compuesta del tejido LITTLESQUARE, que tambi\u00e9n es muy transpirable, pero su estructura no es tan abierta para protegerte de los rayos del sol. Las mangas est\u00e1n confeccionadas con el tejido BEEPANEL, esteticamente muy elegante y que ofrece una elasticidad increible que permite que la manga se ajuste muy bien al brazo. Los 4 tejidos que componen el maillot ciclista destacan por su ligereza y elasticidad. Se adaptan muy bien al cuerpo y a todas los posiciones y movimientos. Su tacto suave y agradable te encantar\u00e1. Sentir\u00e1s el maillot como si fuera una segunda piel. Los acabados termosellados del maillot no solo optimizan su dise\u00f1o minimalista, sino que tambi\u00e9n mejoran la durabilidad y confort general de la prenda. Su cuello ergon\u00f3mico se adapta perfectamente y evita la entrada de aire. Tiene una cremallera integral con el sistema antipull. En la cintura, para que el maillot est\u00e9 bien arrapado al cuerpo, tiene una banda el\u00e1stica con un grip de silicona en el interior. En la zona lumbar incorpora 3 bolsillos abiertos. Tambi\u00e9n dispone de 1 bolsillo lateral con cremallera. \u00c9ste es impermeable para que el sudor no da\u00f1e lo que guardes en el. Para aumentar tu seguridad en la carretera tiene unos elementos reflectantes sobre los bolsillos.\",\"breadcrumb\":{\"@id\":\"https:\\\/\\\/www.inverseteams.com\\\/es\\\/producto\\\/maillot-ciclismo-manga-corta-pure-yuraq-hombre\\\/#breadcrumb\"},\"inLanguage\":\"es\",\"potentialAction\":[{\"@type\":\"ReadAction\",\"target\":[\"https:\\\/\\\/www.inverseteams.com\\\/es\\\/producto\\\/maillot-ciclismo-manga-corta-pure-yuraq-hombre\\\/\"]}]},{\"@type\":\"ImageObject\",\"inLanguage\":\"es\",\"@id\":\"https:\\\/\\\/www.inverseteams.com\\\/es\\\/producto\\\/maillot-ciclismo-manga-corta-pure-yuraq-hombre\\\/#primaryimage\",\"url\":\"https:\\\/\\\/www.inverseteams.com\\\/wp-content\\\/uploads\\\/MAILLOT-CICLISMO-PURE-YURAQ-1.jpg\",\"contentUrl\":\"https:\\\/\\\/www.inverseteams.com\\\/wp-content\\\/uploads\\\/MAILLOT-CICLISMO-PURE-YURAQ-1.jpg\",\"width\":1500,\"height\":1612,\"caption\":\"maillot ciclismo negro\"},{\"@type\":\"BreadcrumbList\",\"@id\":\"https:\\\/\\\/www.inverseteams.com\\\/es\\\/producto\\\/maillot-ciclismo-manga-corta-pure-yuraq-hombre\\\/#breadcrumb\",\"itemListElement\":[{\"@type\":\"ListItem\",\"position\":1,\"name\":\"Portada\",\"item\":\"https:\\\/\\\/www.inverseteams.com\\\/es\\\/\"},{\"@type\":\"ListItem\",\"position\":2,\"name\":\"Tienda\",\"item\":\"https:\\\/\\\/www.inverseteams.com\\\/es\\\/tienda\\\/\"},{\"@type\":\"ListItem\",\"position\":3,\"name\":\"Maillot ciclismo manga corta PURE YURAQ (HOMBRE)\"}]},{\"@type\":\"WebSite\",\"@id\":\"https:\\\/\\\/www.inverseteams.com\\\/es\\\/#website\",\"url\":\"https:\\\/\\\/www.inverseteams.com\\\/es\\\/\",\"name\":\"Inverseteams\",\"description\":\"Tu marca de ropa deportiva personalizada\",\"publisher\":{\"@id\":\"https:\\\/\\\/www.inverseteams.com\\\/es\\\/#organization\"},\"potentialAction\":[{\"@type\":\"SearchAction\",\"target\":{\"@type\":\"EntryPoint\",\"urlTemplate\":\"https:\\\/\\\/www.inverseteams.com\\\/es\\\/?s={search_term_string}\"},\"query-input\":{\"@type\":\"PropertyValueSpecification\",\"valueRequired\":true,\"valueName\":\"search_term_string\"}}],\"inLanguage\":\"es\"},{\"@type\":\"Organization\",\"@id\":\"https:\\\/\\\/www.inverseteams.com\\\/es\\\/#organization\",\"name\":\"Inverse Teams\",\"url\":\"https:\\\/\\\/www.inverseteams.com\\\/es\\\/\",\"logo\":{\"@type\":\"ImageObject\",\"inLanguage\":\"es\",\"@id\":\"https:\\\/\\\/www.inverseteams.com\\\/es\\\/#\\\/schema\\\/logo\\\/image\\\/\",\"url\":\"https:\\\/\\\/www.inverseteams.com\\\/wp-content\\\/uploads\\\/2021\\\/03\\\/logo-inverse-teams.png\",\"contentUrl\":\"https:\\\/\\\/www.inverseteams.com\\\/wp-content\\\/uploads\\\/2021\\\/03\\\/logo-inverse-teams.png\",\"width\":294,\"height\":99,\"caption\":\"Inverse Teams\"},\"image\":{\"@id\":\"https:\\\/\\\/www.inverseteams.com\\\/es\\\/#\\\/schema\\\/logo\\\/image\\\/\"},\"sameAs\":[\"https:\\\/\\\/www.facebook.com\\\/inverseteams\",\"http:\\\/\\\/instagram.com\\\/inverseteams\",\"https:\\\/\\\/www.linkedin.com\\\/company\\\/inverse-cirosport-s-l-?trk=job_view_topcard_company_name\",\"http:\\\/\\\/www.pinterest.com\\\/inverseteams\\\/\",\"http:\\\/\\\/www.youtube.com\\\/user\\\/inverseteams?feature=watch\"]}]}<\/script>\n<!-- \/ Yoast SEO plugin. -->","yoast_head_json":{"title":"Maillot ciclismo manga corta PURE YURAQ (HOMBRE) | Inverseteams","description":"El maillot de ciclismo perfecto para el verano. Las axilas y la zona central de la espalda est\u00e1n confeccionadas con el tejido CYCLON de rejilla. As\u00ed expulsar\u00e1s r\u00e1pidamente el sudor y tu piel estar\u00e1 fresca y seca. El resto de la espalda est\u00e1 compuesta del tejido LITTLESQUARE, que tambi\u00e9n es muy transpirable, pero su estructura no es tan abierta para protegerte de los rayos del sol. Las mangas est\u00e1n confeccionadas con el tejido BEEPANEL, esteticamente muy elegante y que ofrece una elasticidad increible que permite que la manga se ajuste muy bien al brazo. Los 4 tejidos que componen el maillot ciclista destacan por su ligereza y elasticidad. Se adaptan muy bien al cuerpo y a todas los posiciones y movimientos. Su tacto suave y agradable te encantar\u00e1. Sentir\u00e1s el maillot como si fuera una segunda piel. Los acabados termosellados del maillot no solo optimizan su dise\u00f1o minimalista, sino que tambi\u00e9n mejoran la durabilidad y confort general de la prenda. Su cuello ergon\u00f3mico se adapta perfectamente y evita la entrada de aire. Tiene una cremallera integral con el sistema antipull. En la cintura, para que el maillot est\u00e9 bien arrapado al cuerpo, tiene una banda el\u00e1stica con un grip de silicona en el interior. En la zona lumbar incorpora 3 bolsillos abiertos. Tambi\u00e9n dispone de 1 bolsillo lateral con cremallera. \u00c9ste es impermeable para que el sudor no da\u00f1e lo que guardes en el. Para aumentar tu seguridad en la carretera tiene unos elementos reflectantes sobre los bolsillos.","robots":{"index":"index","follow":"follow","max-snippet":"max-snippet:-1","max-image-preview":"max-image-preview:large","max-video-preview":"max-video-preview:-1"},"canonical":"https:\/\/www.inverseteams.com\/es\/producto\/maillot-ciclismo-manga-corta-pure-yuraq-hombre\/","og_locale":"es_ES","og_type":"article","og_title":"Maillot ciclismo manga corta PURE YURAQ (HOMBRE) | Inverseteams","og_description":"El maillot de ciclismo perfecto para el verano. Las axilas y la zona central de la espalda est\u00e1n confeccionadas con el tejido CYCLON de rejilla. As\u00ed expulsar\u00e1s r\u00e1pidamente el sudor y tu piel estar\u00e1 fresca y seca. El resto de la espalda est\u00e1 compuesta del tejido LITTLESQUARE, que tambi\u00e9n es muy transpirable, pero su estructura no es tan abierta para protegerte de los rayos del sol. Las mangas est\u00e1n confeccionadas con el tejido BEEPANEL, esteticamente muy elegante y que ofrece una elasticidad increible que permite que la manga se ajuste muy bien al brazo. Los 4 tejidos que componen el maillot ciclista destacan por su ligereza y elasticidad. Se adaptan muy bien al cuerpo y a todas los posiciones y movimientos. Su tacto suave y agradable te encantar\u00e1. Sentir\u00e1s el maillot como si fuera una segunda piel. Los acabados termosellados del maillot no solo optimizan su dise\u00f1o minimalista, sino que tambi\u00e9n mejoran la durabilidad y confort general de la prenda. Su cuello ergon\u00f3mico se adapta perfectamente y evita la entrada de aire. Tiene una cremallera integral con el sistema antipull. En la cintura, para que el maillot est\u00e9 bien arrapado al cuerpo, tiene una banda el\u00e1stica con un grip de silicona en el interior. En la zona lumbar incorpora 3 bolsillos abiertos. Tambi\u00e9n dispone de 1 bolsillo lateral con cremallera. \u00c9ste es impermeable para que el sudor no da\u00f1e lo que guardes en el. Para aumentar tu seguridad en la carretera tiene unos elementos reflectantes sobre los bolsillos.","og_url":"https:\/\/www.inverseteams.com\/es\/producto\/maillot-ciclismo-manga-corta-pure-yuraq-hombre\/","og_site_name":"Inverseteams","article_publisher":"https:\/\/www.facebook.com\/inverseteams","article_modified_time":"2026-01-29T15:22:37+00:00","og_image":[{"width":1500,"height":1612,"url":"https:\/\/www.inverseteams.com\/wp-content\/uploads\/MAILLOT-CICLISMO-PURE-YURAQ-1.jpg","type":"image\/jpeg"}],"twitter_card":"summary_large_image","twitter_misc":{"Tiempo de lectura":"2 minuto"},"schema":{"@context":"https:\/\/schema.org","@graph":[{"@type":"WebPage","@id":"https:\/\/www.inverseteams.com\/es\/producto\/maillot-ciclismo-manga-corta-pure-yuraq-hombre\/","url":"https:\/\/www.inverseteams.com\/es\/producto\/maillot-ciclismo-manga-corta-pure-yuraq-hombre\/","name":"Maillot ciclismo manga corta PURE YURAQ (HOMBRE) | Inverseteams","isPartOf":{"@id":"https:\/\/www.inverseteams.com\/es\/#website"},"primaryImageOfPage":{"@id":"https:\/\/www.inverseteams.com\/es\/producto\/maillot-ciclismo-manga-corta-pure-yuraq-hombre\/#primaryimage"},"image":{"@id":"https:\/\/www.inverseteams.com\/es\/producto\/maillot-ciclismo-manga-corta-pure-yuraq-hombre\/#primaryimage"},"thumbnailUrl":"https:\/\/www.inverseteams.com\/wp-content\/uploads\/MAILLOT-CICLISMO-PURE-YURAQ-1.jpg","datePublished":"2025-01-27T16:20:21+00:00","dateModified":"2026-01-29T15:22:37+00:00","description":"El maillot de ciclismo perfecto para el verano. Las axilas y la zona central de la espalda est\u00e1n confeccionadas con el tejido CYCLON de rejilla. As\u00ed expulsar\u00e1s r\u00e1pidamente el sudor y tu piel estar\u00e1 fresca y seca. El resto de la espalda est\u00e1 compuesta del tejido LITTLESQUARE, que tambi\u00e9n es muy transpirable, pero su estructura no es tan abierta para protegerte de los rayos del sol. Las mangas est\u00e1n confeccionadas con el tejido BEEPANEL, esteticamente muy elegante y que ofrece una elasticidad increible que permite que la manga se ajuste muy bien al brazo. Los 4 tejidos que componen el maillot ciclista destacan por su ligereza y elasticidad. Se adaptan muy bien al cuerpo y a todas los posiciones y movimientos. Su tacto suave y agradable te encantar\u00e1. Sentir\u00e1s el maillot como si fuera una segunda piel. Los acabados termosellados del maillot no solo optimizan su dise\u00f1o minimalista, sino que tambi\u00e9n mejoran la durabilidad y confort general de la prenda. Su cuello ergon\u00f3mico se adapta perfectamente y evita la entrada de aire. Tiene una cremallera integral con el sistema antipull. En la cintura, para que el maillot est\u00e9 bien arrapado al cuerpo, tiene una banda el\u00e1stica con un grip de silicona en el interior. En la zona lumbar incorpora 3 bolsillos abiertos. Tambi\u00e9n dispone de 1 bolsillo lateral con cremallera. \u00c9ste es impermeable para que el sudor no da\u00f1e lo que guardes en el. Para aumentar tu seguridad en la carretera tiene unos elementos reflectantes sobre los bolsillos.","breadcrumb":{"@id":"https:\/\/www.inverseteams.com\/es\/producto\/maillot-ciclismo-manga-corta-pure-yuraq-hombre\/#breadcrumb"},"inLanguage":"es","potentialAction":[{"@type":"ReadAction","target":["https:\/\/www.inverseteams.com\/es\/producto\/maillot-ciclismo-manga-corta-pure-yuraq-hombre\/"]}]},{"@type":"ImageObject","inLanguage":"es","@id":"https:\/\/www.inverseteams.com\/es\/producto\/maillot-ciclismo-manga-corta-pure-yuraq-hombre\/#primaryimage","url":"https:\/\/www.inverseteams.com\/wp-content\/uploads\/MAILLOT-CICLISMO-PURE-YURAQ-1.jpg","contentUrl":"https:\/\/www.inverseteams.com\/wp-content\/uploads\/MAILLOT-CICLISMO-PURE-YURAQ-1.jpg","width":1500,"height":1612,"caption":"maillot ciclismo negro"},{"@type":"BreadcrumbList","@id":"https:\/\/www.inverseteams.com\/es\/producto\/maillot-ciclismo-manga-corta-pure-yuraq-hombre\/#breadcrumb","itemListElement":[{"@type":"ListItem","position":1,"name":"Portada","item":"https:\/\/www.inverseteams.com\/es\/"},{"@type":"ListItem","position":2,"name":"Tienda","item":"https:\/\/www.inverseteams.com\/es\/tienda\/"},{"@type":"ListItem","position":3,"name":"Maillot ciclismo manga corta PURE YURAQ (HOMBRE)"}]},{"@type":"WebSite","@id":"https:\/\/www.inverseteams.com\/es\/#website","url":"https:\/\/www.inverseteams.com\/es\/","name":"Inverseteams","description":"Tu marca de ropa deportiva personalizada","publisher":{"@id":"https:\/\/www.inverseteams.com\/es\/#organization"},"potentialAction":[{"@type":"SearchAction","target":{"@type":"EntryPoint","urlTemplate":"https:\/\/www.inverseteams.com\/es\/?s={search_term_string}"},"query-input":{"@type":"PropertyValueSpecification","valueRequired":true,"valueName":"search_term_string"}}],"inLanguage":"es"},{"@type":"Organization","@id":"https:\/\/www.inverseteams.com\/es\/#organization","name":"Inverse Teams","url":"https:\/\/www.inverseteams.com\/es\/","logo":{"@type":"ImageObject","inLanguage":"es","@id":"https:\/\/www.inverseteams.com\/es\/#\/schema\/logo\/image\/","url":"https:\/\/www.inverseteams.com\/wp-content\/uploads\/2021\/03\/logo-inverse-teams.png","contentUrl":"https:\/\/www.inverseteams.com\/wp-content\/uploads\/2021\/03\/logo-inverse-teams.png","width":294,"height":99,"caption":"Inverse Teams"},"image":{"@id":"https:\/\/www.inverseteams.com\/es\/#\/schema\/logo\/image\/"},"sameAs":["https:\/\/www.facebook.com\/inverseteams","http:\/\/instagram.com\/inverseteams","https:\/\/www.linkedin.com\/company\/inverse-cirosport-s-l-?trk=job_view_topcard_company_name","http:\/\/www.pinterest.com\/inverseteams\/","http:\/\/www.youtube.com\/user\/inverseteams?feature=watch"]}]}},"_links":{"self":[{"href":"https:\/\/www.inverseteams.com\/es\/wp-json\/wp\/v2\/product\/238010","targetHints":{"allow":["GET"]}}],"collection":[{"href":"https:\/\/www.inverseteams.com\/es\/wp-json\/wp\/v2\/product"}],"about":[{"href":"https:\/\/www.inverseteams.com\/es\/wp-json\/wp\/v2\/types\/product"}],"replies":[{"embeddable":true,"href":"https:\/\/www.inverseteams.com\/es\/wp-json\/wp\/v2\/comments?post=238010"}],"wp:featuredmedia":[{"embeddable":true,"href":"https:\/\/www.inverseteams.com\/es\/wp-json\/wp\/v2\/media\/237150"}],"wp:attachment":[{"href":"https:\/\/www.inverseteams.com\/es\/wp-json\/wp\/v2\/media?parent=238010"}],"wp:term":[{"taxonomy":"product_brand","embeddable":true,"href":"https:\/\/www.inverseteams.com\/es\/wp-json\/wp\/v2\/product_brand?post=238010"},{"taxonomy":"product_cat","embeddable":true,"href":"https:\/\/www.inverseteams.com\/es\/wp-json\/wp\/v2\/product_cat?post=238010"},{"taxonomy":"product_tag","embeddable":true,"href":"https:\/\/www.inverseteams.com\/es\/wp-json\/wp\/v2\/product_tag?post=238010"},{"taxonomy":"custom_category","embeddable":true,"href":"https:\/\/www.inverseteams.com\/es\/wp-json\/wp\/v2\/custom_category?post=238010"},{"taxonomy":"range","embeddable":true,"href":"https:\/\/www.inverseteams.com\/es\/wp-json\/wp\/v2\/range?post=238010"}],"curies":[{"name":"wp","href":"https:\/\/api.w.org\/{rel}","templated":true}]}}