{"id":218537,"date":"2024-10-09T08:52:32","date_gmt":"2024-10-09T08:52:32","guid":{"rendered":"https:\/\/www.inverseteams.com\/?post_type=product&#038;p=218537"},"modified":"2025-08-21T08:13:44","modified_gmt":"2025-08-21T08:13:44","slug":"tritraje-larga-distancia-2-piezas-gradient-mujer","status":"publish","type":"product","link":"https:\/\/www.inverseteams.com\/es\/producto\/tritraje-larga-distancia-2-piezas-gradient-mujer\/","title":{"rendered":"Tritraje larga distancia 2 piezas GRADIENT + NICK (MUJER)"},"content":{"rendered":"<p><strong>Producto personalizado. No se admiten cambios ni devoluciones &#8211; Entrega en 7 d\u00edas.<\/strong><\/p>\n<p>La zona superior tiene una cremallera integral que permite abrir el mono por completo. De este modo podr\u00e1s regular la ventilaci\u00f3n y tendr\u00e1s las ventajas aerodin\u00e1micas de un mono y las ventajas de comodidad de un maillot y un culotte por separado.<br \/>\nEl tejido THINK del cuerpo es muy ligero, el\u00e1stico y transpirable. Permite evacuar el sudor r\u00e1pidamente para mantener la piel seca y evitar el sobrecalentamiento. Esto te permitir\u00e1 rendir al m\u00e1ximo durante m\u00e1s tiempo.<br \/>\nAl final de las mangas cortadas a l\u00e1ser tiene un grip interior de silicona para mantenerla firme en el brazo y evitar que entre el aire. La estructura de su tejido garantiza un buen flujo del viento para aumentar la aerodin\u00e1mica y optimizar todo tu esfuerzo. El ribete el\u00e1stico del cuello se adapta al cuerpo sin provocar rozaduras.<br \/>\nTodos los paneles han sido concebidos para adaptarse a todas las posiciones del triatl\u00f3n y para que no opongan ninguna resistencia. \u00c9stos est\u00e1n cosidos con unas costuras planas super resistentes.<br \/>\nEl tejido de las piernas se caracteriza por su buena compresi\u00f3n muscular. Consigue mantener bajo control el \u00e1cido l\u00e1ctico, retarda la fatiga muscular y ayuda a oxigenar la sangre. Al final de las piernas tiene un grip de silicona hipoalerg\u00e9nica en su interior. \u00c9ste mantiene la prenda bien sujeta a la pierna.<\/p>\n","protected":false},"excerpt":{"rendered":"<p><strong>Producto personalizado. No se admiten cambios ni devoluciones &#8211; Entrega en 7 d\u00edas.<\/strong><\/p>\n<p>La zona superior tiene una cremallera integral que permite abrir el mono por completo. De este modo podr\u00e1s regular la ventilaci\u00f3n y tendr\u00e1s las ventajas aerodin\u00e1micas de un mono y las ventajas de comodidad de un maillot y un culotte por separado.<br \/>\nEl tejido THINK del cuerpo es muy ligero, el\u00e1stico y transpirable. Permite evacuar el sudor r\u00e1pidamente para mantener la piel seca y evitar el sobrecalentamiento. Esto te permitir\u00e1 rendir al m\u00e1ximo durante m\u00e1s tiempo.<br \/>\nAl final de las mangas cortadas a l\u00e1ser tiene un grip interior de silicona para mantenerla firme en el brazo y evitar que entre el aire. La estructura de su tejido garantiza un buen flujo del viento para aumentar la aerodin\u00e1mica y optimizar todo tu esfuerzo. El ribete el\u00e1stico del cuello se adapta al cuerpo sin provocar rozaduras.<br \/>\nTodos los paneles han sido concebidos para adaptarse a todas las posiciones del triatl\u00f3n y para que no opongan ninguna resistencia. \u00c9stos est\u00e1n cosidos con unas costuras planas super resistentes.<br \/>\nEl tejido de las piernas se caracteriza por su buena compresi\u00f3n muscular. Consigue mantener bajo control el \u00e1cido l\u00e1ctico, retarda la fatiga muscular y ayuda a oxigenar la sangre. Al final de las piernas tiene un grip de silicona hipoalerg\u00e9nica en su interior. \u00c9ste mantiene la prenda bien sujeta a la pierna.<\/p>\n","protected":false},"featured_media":223045,"comment_status":"closed","ping_status":"closed","template":"","meta":{"_acf_changed":false},"product_brand":[],"product_cat":[2783,133],"product_tag":[],"custom_category":[],"range":[],"class_list":{"0":"post-218537","1":"product","2":"type-product","3":"status-publish","4":"has-post-thumbnail","6":"product_cat-mono-triatlon-5","7":"product_cat-triatlon-2","8":"pa_climatologia-calor","9":"pa_deporte-triatlon","10":"pa_genero-mujer","11":"pa_patronaje-fit","12":"pa_talla-xl","13":"pa_talla-xxl","14":"pa_talla-xs","15":"pa_talla-xxxl","16":"pa_talla-s","17":"pa_talla-m","18":"pa_talla-l","19":"pa_tipo-de-prenda-trimono","21":"first","22":"instock","23":"taxable","24":"shipping-taxable","25":"purchasable","26":"product-type-variable"},"acf":[],"yoast_head":"<!-- This site is optimized with the Yoast SEO plugin v27.3 - https:\/\/yoast.com\/product\/yoast-seo-wordpress\/ -->\n<title>Tritraje larga distancia 2 piezas GRADIENT + NICK (HOMBRE)<\/title>\n<meta name=\"description\" content=\"Tritraje larga distancia 2 piezas personalizado. Con cremallera integral que permite abrir el mono por completo \u00a1Personalizalo con tu nombre!\" \/>\n<meta name=\"robots\" content=\"index, follow, max-snippet:-1, max-image-preview:large, max-video-preview:-1\" \/>\n<link rel=\"canonical\" href=\"https:\/\/www.inverseteams.com\/es\/producto\/tritraje-larga-distancia-2-piezas-gradient-mujer\/\" \/>\n<meta property=\"og:locale\" content=\"es_ES\" \/>\n<meta property=\"og:type\" content=\"article\" \/>\n<meta property=\"og:title\" content=\"Mono triatl\u00f3n larga distancia 2 piezas personalizado AERIS\" \/>\n<meta property=\"og:description\" content=\"Mono triatl\u00f3n larga distancia 2 piezas personalizado. Con cremallera integral que permite abrir el mono por completo \u00a1Con personalizaci\u00f3n, entrega en 4 semanas!\" \/>\n<meta property=\"og:url\" content=\"https:\/\/www.inverseteams.com\/es\/producto\/tritraje-larga-distancia-2-piezas-gradient-mujer\/\" \/>\n<meta property=\"og:site_name\" content=\"Inverseteams\" \/>\n<meta property=\"article:publisher\" content=\"https:\/\/www.facebook.com\/inverseteams\" \/>\n<meta property=\"article:modified_time\" content=\"2025-08-21T08:13:44+00:00\" \/>\n<meta property=\"og:image\" content=\"https:\/\/www.inverseteams.com\/wp-content\/uploads\/TRITRAJE-LARGA-DISTANCIA-MUJER-GRADIENT-1.jpg\" \/>\n\t<meta property=\"og:image:width\" content=\"1500\" \/>\n\t<meta property=\"og:image:height\" content=\"1612\" \/>\n\t<meta property=\"og:image:type\" content=\"image\/jpeg\" \/>\n<meta name=\"twitter:card\" content=\"summary_large_image\" \/>\n<meta name=\"twitter:label1\" content=\"Tiempo de lectura\" \/>\n\t<meta name=\"twitter:data1\" content=\"2 minuto\" \/>\n<script type=\"application\/ld+json\" class=\"yoast-schema-graph\">{\"@context\":\"https:\\\/\\\/schema.org\",\"@graph\":[{\"@type\":\"WebPage\",\"@id\":\"https:\\\/\\\/www.inverseteams.com\\\/es\\\/producto\\\/tritraje-larga-distancia-2-piezas-gradient-mujer\\\/\",\"url\":\"https:\\\/\\\/www.inverseteams.com\\\/es\\\/producto\\\/tritraje-larga-distancia-2-piezas-gradient-mujer\\\/\",\"name\":\"Tritraje larga distancia 2 piezas GRADIENT + NICK (HOMBRE)\",\"isPartOf\":{\"@id\":\"https:\\\/\\\/www.inverseteams.com\\\/es\\\/#website\"},\"primaryImageOfPage\":{\"@id\":\"https:\\\/\\\/www.inverseteams.com\\\/es\\\/producto\\\/tritraje-larga-distancia-2-piezas-gradient-mujer\\\/#primaryimage\"},\"image\":{\"@id\":\"https:\\\/\\\/www.inverseteams.com\\\/es\\\/producto\\\/tritraje-larga-distancia-2-piezas-gradient-mujer\\\/#primaryimage\"},\"thumbnailUrl\":\"https:\\\/\\\/www.inverseteams.com\\\/wp-content\\\/uploads\\\/TRITRAJE-LARGA-DISTANCIA-MUJER-GRADIENT-1.jpg\",\"datePublished\":\"2024-10-09T08:52:32+00:00\",\"dateModified\":\"2025-08-21T08:13:44+00:00\",\"description\":\"Tritraje larga distancia 2 piezas personalizado. Con cremallera integral que permite abrir el mono por completo \u00a1Personalizalo con tu nombre!\",\"breadcrumb\":{\"@id\":\"https:\\\/\\\/www.inverseteams.com\\\/es\\\/producto\\\/tritraje-larga-distancia-2-piezas-gradient-mujer\\\/#breadcrumb\"},\"inLanguage\":\"es\",\"potentialAction\":[{\"@type\":\"ReadAction\",\"target\":[\"https:\\\/\\\/www.inverseteams.com\\\/es\\\/producto\\\/tritraje-larga-distancia-2-piezas-gradient-mujer\\\/\"]}]},{\"@type\":\"ImageObject\",\"inLanguage\":\"es\",\"@id\":\"https:\\\/\\\/www.inverseteams.com\\\/es\\\/producto\\\/tritraje-larga-distancia-2-piezas-gradient-mujer\\\/#primaryimage\",\"url\":\"https:\\\/\\\/www.inverseteams.com\\\/wp-content\\\/uploads\\\/TRITRAJE-LARGA-DISTANCIA-MUJER-GRADIENT-1.jpg\",\"contentUrl\":\"https:\\\/\\\/www.inverseteams.com\\\/wp-content\\\/uploads\\\/TRITRAJE-LARGA-DISTANCIA-MUJER-GRADIENT-1.jpg\",\"width\":1500,\"height\":1612,\"caption\":\"MONO TRIATLON LARGA DISTANCIA MUJER GRADIENT\"},{\"@type\":\"BreadcrumbList\",\"@id\":\"https:\\\/\\\/www.inverseteams.com\\\/es\\\/producto\\\/tritraje-larga-distancia-2-piezas-gradient-mujer\\\/#breadcrumb\",\"itemListElement\":[{\"@type\":\"ListItem\",\"position\":1,\"name\":\"Portada\",\"item\":\"https:\\\/\\\/www.inverseteams.com\\\/es\\\/\"},{\"@type\":\"ListItem\",\"position\":2,\"name\":\"Tienda\",\"item\":\"https:\\\/\\\/www.inverseteams.com\\\/es\\\/tienda\\\/\"},{\"@type\":\"ListItem\",\"position\":3,\"name\":\"Tritraje larga distancia 2 piezas GRADIENT + NICK (MUJER)\"}]},{\"@type\":\"WebSite\",\"@id\":\"https:\\\/\\\/www.inverseteams.com\\\/es\\\/#website\",\"url\":\"https:\\\/\\\/www.inverseteams.com\\\/es\\\/\",\"name\":\"Inverseteams\",\"description\":\"Tu marca de ropa deportiva personalizada\",\"publisher\":{\"@id\":\"https:\\\/\\\/www.inverseteams.com\\\/es\\\/#organization\"},\"potentialAction\":[{\"@type\":\"SearchAction\",\"target\":{\"@type\":\"EntryPoint\",\"urlTemplate\":\"https:\\\/\\\/www.inverseteams.com\\\/es\\\/?s={search_term_string}\"},\"query-input\":{\"@type\":\"PropertyValueSpecification\",\"valueRequired\":true,\"valueName\":\"search_term_string\"}}],\"inLanguage\":\"es\"},{\"@type\":\"Organization\",\"@id\":\"https:\\\/\\\/www.inverseteams.com\\\/es\\\/#organization\",\"name\":\"Inverse Teams\",\"url\":\"https:\\\/\\\/www.inverseteams.com\\\/es\\\/\",\"logo\":{\"@type\":\"ImageObject\",\"inLanguage\":\"es\",\"@id\":\"https:\\\/\\\/www.inverseteams.com\\\/es\\\/#\\\/schema\\\/logo\\\/image\\\/\",\"url\":\"http:\\\/\\\/www.inverseteams.com\\\/wp-content\\\/uploads\\\/2021\\\/03\\\/logo-inverse-teams.png\",\"contentUrl\":\"http:\\\/\\\/www.inverseteams.com\\\/wp-content\\\/uploads\\\/2021\\\/03\\\/logo-inverse-teams.png\",\"width\":294,\"height\":99,\"caption\":\"Inverse Teams\"},\"image\":{\"@id\":\"https:\\\/\\\/www.inverseteams.com\\\/es\\\/#\\\/schema\\\/logo\\\/image\\\/\"},\"sameAs\":[\"https:\\\/\\\/www.facebook.com\\\/inverseteams\",\"http:\\\/\\\/instagram.com\\\/inverseteams\",\"https:\\\/\\\/www.linkedin.com\\\/company\\\/inverse-cirosport-s-l-?trk=job_view_topcard_company_name\",\"http:\\\/\\\/www.pinterest.com\\\/inverseteams\\\/\",\"http:\\\/\\\/www.youtube.com\\\/user\\\/inverseteams?feature=watch\"]}]}<\/script>\n<!-- \/ Yoast SEO plugin. -->","yoast_head_json":{"title":"Tritraje larga distancia 2 piezas GRADIENT + NICK (HOMBRE)","description":"Tritraje larga distancia 2 piezas personalizado. Con cremallera integral que permite abrir el mono por completo \u00a1Personalizalo con tu nombre!","robots":{"index":"index","follow":"follow","max-snippet":"max-snippet:-1","max-image-preview":"max-image-preview:large","max-video-preview":"max-video-preview:-1"},"canonical":"https:\/\/www.inverseteams.com\/es\/producto\/tritraje-larga-distancia-2-piezas-gradient-mujer\/","og_locale":"es_ES","og_type":"article","og_title":"Mono triatl\u00f3n larga distancia 2 piezas personalizado AERIS","og_description":"Mono triatl\u00f3n larga distancia 2 piezas personalizado. Con cremallera integral que permite abrir el mono por completo \u00a1Con personalizaci\u00f3n, entrega en 4 semanas!","og_url":"https:\/\/www.inverseteams.com\/es\/producto\/tritraje-larga-distancia-2-piezas-gradient-mujer\/","og_site_name":"Inverseteams","article_publisher":"https:\/\/www.facebook.com\/inverseteams","article_modified_time":"2025-08-21T08:13:44+00:00","og_image":[{"width":1500,"height":1612,"url":"https:\/\/www.inverseteams.com\/wp-content\/uploads\/TRITRAJE-LARGA-DISTANCIA-MUJER-GRADIENT-1.jpg","type":"image\/jpeg"}],"twitter_card":"summary_large_image","twitter_misc":{"Tiempo de lectura":"2 minuto"},"schema":{"@context":"https:\/\/schema.org","@graph":[{"@type":"WebPage","@id":"https:\/\/www.inverseteams.com\/es\/producto\/tritraje-larga-distancia-2-piezas-gradient-mujer\/","url":"https:\/\/www.inverseteams.com\/es\/producto\/tritraje-larga-distancia-2-piezas-gradient-mujer\/","name":"Tritraje larga distancia 2 piezas GRADIENT + NICK (HOMBRE)","isPartOf":{"@id":"https:\/\/www.inverseteams.com\/es\/#website"},"primaryImageOfPage":{"@id":"https:\/\/www.inverseteams.com\/es\/producto\/tritraje-larga-distancia-2-piezas-gradient-mujer\/#primaryimage"},"image":{"@id":"https:\/\/www.inverseteams.com\/es\/producto\/tritraje-larga-distancia-2-piezas-gradient-mujer\/#primaryimage"},"thumbnailUrl":"https:\/\/www.inverseteams.com\/wp-content\/uploads\/TRITRAJE-LARGA-DISTANCIA-MUJER-GRADIENT-1.jpg","datePublished":"2024-10-09T08:52:32+00:00","dateModified":"2025-08-21T08:13:44+00:00","description":"Tritraje larga distancia 2 piezas personalizado. Con cremallera integral que permite abrir el mono por completo \u00a1Personalizalo con tu nombre!","breadcrumb":{"@id":"https:\/\/www.inverseteams.com\/es\/producto\/tritraje-larga-distancia-2-piezas-gradient-mujer\/#breadcrumb"},"inLanguage":"es","potentialAction":[{"@type":"ReadAction","target":["https:\/\/www.inverseteams.com\/es\/producto\/tritraje-larga-distancia-2-piezas-gradient-mujer\/"]}]},{"@type":"ImageObject","inLanguage":"es","@id":"https:\/\/www.inverseteams.com\/es\/producto\/tritraje-larga-distancia-2-piezas-gradient-mujer\/#primaryimage","url":"https:\/\/www.inverseteams.com\/wp-content\/uploads\/TRITRAJE-LARGA-DISTANCIA-MUJER-GRADIENT-1.jpg","contentUrl":"https:\/\/www.inverseteams.com\/wp-content\/uploads\/TRITRAJE-LARGA-DISTANCIA-MUJER-GRADIENT-1.jpg","width":1500,"height":1612,"caption":"MONO TRIATLON LARGA DISTANCIA MUJER GRADIENT"},{"@type":"BreadcrumbList","@id":"https:\/\/www.inverseteams.com\/es\/producto\/tritraje-larga-distancia-2-piezas-gradient-mujer\/#breadcrumb","itemListElement":[{"@type":"ListItem","position":1,"name":"Portada","item":"https:\/\/www.inverseteams.com\/es\/"},{"@type":"ListItem","position":2,"name":"Tienda","item":"https:\/\/www.inverseteams.com\/es\/tienda\/"},{"@type":"ListItem","position":3,"name":"Tritraje larga distancia 2 piezas GRADIENT + NICK (MUJER)"}]},{"@type":"WebSite","@id":"https:\/\/www.inverseteams.com\/es\/#website","url":"https:\/\/www.inverseteams.com\/es\/","name":"Inverseteams","description":"Tu marca de ropa deportiva personalizada","publisher":{"@id":"https:\/\/www.inverseteams.com\/es\/#organization"},"potentialAction":[{"@type":"SearchAction","target":{"@type":"EntryPoint","urlTemplate":"https:\/\/www.inverseteams.com\/es\/?s={search_term_string}"},"query-input":{"@type":"PropertyValueSpecification","valueRequired":true,"valueName":"search_term_string"}}],"inLanguage":"es"},{"@type":"Organization","@id":"https:\/\/www.inverseteams.com\/es\/#organization","name":"Inverse Teams","url":"https:\/\/www.inverseteams.com\/es\/","logo":{"@type":"ImageObject","inLanguage":"es","@id":"https:\/\/www.inverseteams.com\/es\/#\/schema\/logo\/image\/","url":"https:\/\/www.inverseteams.com\/wp-content\/uploads\/2021\/03\/logo-inverse-teams.png","contentUrl":"https:\/\/www.inverseteams.com\/wp-content\/uploads\/2021\/03\/logo-inverse-teams.png","width":294,"height":99,"caption":"Inverse Teams"},"image":{"@id":"https:\/\/www.inverseteams.com\/es\/#\/schema\/logo\/image\/"},"sameAs":["https:\/\/www.facebook.com\/inverseteams","http:\/\/instagram.com\/inverseteams","https:\/\/www.linkedin.com\/company\/inverse-cirosport-s-l-?trk=job_view_topcard_company_name","http:\/\/www.pinterest.com\/inverseteams\/","http:\/\/www.youtube.com\/user\/inverseteams?feature=watch"]}]}},"_links":{"self":[{"href":"https:\/\/www.inverseteams.com\/es\/wp-json\/wp\/v2\/product\/218537","targetHints":{"allow":["GET"]}}],"collection":[{"href":"https:\/\/www.inverseteams.com\/es\/wp-json\/wp\/v2\/product"}],"about":[{"href":"https:\/\/www.inverseteams.com\/es\/wp-json\/wp\/v2\/types\/product"}],"replies":[{"embeddable":true,"href":"https:\/\/www.inverseteams.com\/es\/wp-json\/wp\/v2\/comments?post=218537"}],"wp:featuredmedia":[{"embeddable":true,"href":"https:\/\/www.inverseteams.com\/es\/wp-json\/wp\/v2\/media\/223045"}],"wp:attachment":[{"href":"https:\/\/www.inverseteams.com\/es\/wp-json\/wp\/v2\/media?parent=218537"}],"wp:term":[{"taxonomy":"product_brand","embeddable":true,"href":"https:\/\/www.inverseteams.com\/es\/wp-json\/wp\/v2\/product_brand?post=218537"},{"taxonomy":"product_cat","embeddable":true,"href":"https:\/\/www.inverseteams.com\/es\/wp-json\/wp\/v2\/product_cat?post=218537"},{"taxonomy":"product_tag","embeddable":true,"href":"https:\/\/www.inverseteams.com\/es\/wp-json\/wp\/v2\/product_tag?post=218537"},{"taxonomy":"custom_category","embeddable":true,"href":"https:\/\/www.inverseteams.com\/es\/wp-json\/wp\/v2\/custom_category?post=218537"},{"taxonomy":"range","embeddable":true,"href":"https:\/\/www.inverseteams.com\/es\/wp-json\/wp\/v2\/range?post=218537"}],"curies":[{"name":"wp","href":"https:\/\/api.w.org\/{rel}","templated":true}]}}