{"id":209380,"date":"2024-07-26T13:04:53","date_gmt":"2024-07-26T13:04:53","guid":{"rendered":"https:\/\/www.inverseteams.com\/?post_type=product&#038;p=209380"},"modified":"2025-05-22T00:02:05","modified_gmt":"2025-05-22T00:02:05","slug":"maillot-symbiosis-vanir-dark-grey-unisex","status":"publish","type":"product","link":"https:\/\/www.inverseteams.com\/es\/producto\/maillot-symbiosis-vanir-dark-grey-unisex\/","title":{"rendered":"Maillot SYMBIOSIS VANIR DARK GREY (UNISEX)"},"content":{"rendered":"<p>El nuevo maillot SYMBIOSIS est\u00e1 fabricado con tejidos de \u00faltima generaci\u00f3n con al menos un 70% de origen reciclado.<br \/>\nTintados con el proceso Naturdyes\u00ae Technology. Todos los productos que intervienen en el tintado son 100% naturales, de origen vegetal y mineral. No generan ning\u00fan residuo t\u00f3xico. Esta t\u00e9cnica consume un 70% menos de agua que un proceso convencional. Adem\u00e1s, al tintar a baja temperatura conseguimos una eficiencia energ\u00e9tica mayor y disminuimos la huella de carbono.<br \/>\nLos tejidos han sido seleccionados por su tacto especialmente agradable, su ligereza y elasticidad. Se adaptan muy bien al cuerpo y a todas los posiciones y movimientos. El interior es c\u00e1lido, pero permite expulsar el sudor. La sensaci\u00f3n de confort es extraordinaria.<br \/>\nSu cuello ergon\u00f3mico se adapta perfectamente y evita la entrada de aire. Tiene una cremallera integral con el sistema antipull. En la zona trasera de la cintura, para que el maillot est\u00e9 bien arrapado al cuerpo, tiene una banda el\u00e1stica con un grip de silicona en el interior y en la zona delantera un ribete el\u00e1stico que no notar\u00e1s durante todo el ejercicio.<br \/>\nEn la zona lumbar incorpora 3 bolsillos dobles. Los interiores incorporan el sistema de seguridad ISP y los exteriores son el\u00e1sticos y tienen un grip interior.<\/p>\n","protected":false},"excerpt":{"rendered":"<p>El nuevo maillot SYMBIOSIS est\u00e1 fabricado con tejidos de \u00faltima generaci\u00f3n con al menos un 70% de origen reciclado.<br \/>\nTintados con el proceso Naturdyes\u00ae Technology. Todos los productos que intervienen en el tintado son 100% naturales, de origen vegetal y mineral. No generan ning\u00fan residuo t\u00f3xico. Esta t\u00e9cnica consume un 70% menos de agua que un proceso convencional. Adem\u00e1s, al tintar a baja temperatura conseguimos una eficiencia energ\u00e9tica mayor y disminuimos la huella de carbono.<br \/>\nLos tejidos han sido seleccionados por su tacto especialmente agradable, su ligereza y elasticidad. Se adaptan muy bien al cuerpo y a todas los posiciones y movimientos. El interior es c\u00e1lido, pero permite expulsar el sudor. La sensaci\u00f3n de confort es extraordinaria.<br \/>\nSu cuello ergon\u00f3mico se adapta perfectamente y evita la entrada de aire. Tiene una cremallera integral con el sistema antipull. En la zona trasera de la cintura, para que el maillot est\u00e9 bien arrapado al cuerpo, tiene una banda el\u00e1stica con un grip de silicona en el interior y en la zona delantera un ribete el\u00e1stico que no notar\u00e1s durante todo el ejercicio.<br \/>\nEn la zona lumbar incorpora 3 bolsillos dobles. Los interiores incorporan el sistema de seguridad ISP y los exteriores son el\u00e1sticos y tienen un grip interior.<\/p>\n","protected":false},"featured_media":208955,"comment_status":"closed","ping_status":"closed","template":"","meta":{"_acf_changed":false},"product_brand":[],"product_cat":[1091,9946,7174],"product_tag":[],"custom_category":[],"range":[],"class_list":{"0":"post-209380","1":"product","2":"type-product","3":"status-publish","4":"has-post-thumbnail","6":"product_cat-maillot-ciclismo","7":"product_cat-gravel","8":"product_cat-b2b","9":"pa_climatologia-frio","10":"pa_deporte-ciclismo","11":"pa_deporte-gravel","12":"pa_genero-hombre","13":"pa_genero-mujer","14":"pa_patronaje-fit","15":"pa_talla-s","16":"pa_talla-m","17":"pa_talla-l","18":"pa_talla-xl","19":"pa_talla-xxl","20":"pa_talla-xs","21":"pa_tipo-de-prenda-maillot-manga-larga","23":"first","24":"outofstock","25":"taxable","26":"shipping-taxable","27":"product-type-variable","28":"has-default-attributes"},"acf":[],"yoast_head":"<!-- This site is optimized with the Yoast SEO plugin v27.3 - https:\/\/yoast.com\/product\/yoast-seo-wordpress\/ -->\n<title>Maillot SYMBIOSIS VANIR DARK GREY (UNISEX)<\/title>\n<meta name=\"description\" content=\"Maillot ciclismo fabricado con tejidos con 70% de origen reciclado. Tacto super agradable. Talla slim fit unisex.\" \/>\n<meta name=\"robots\" content=\"index, follow, max-snippet:-1, max-image-preview:large, max-video-preview:-1\" \/>\n<link rel=\"canonical\" href=\"https:\/\/www.inverseteams.com\/es\/producto\/maillot-symbiosis-vanir-dark-grey-unisex\/\" \/>\n<meta property=\"og:locale\" content=\"es_ES\" \/>\n<meta property=\"og:type\" content=\"article\" \/>\n<meta property=\"og:title\" content=\"Maillot SYMBIOSIS VANIR DARK GREY (UNISEX)\" \/>\n<meta property=\"og:description\" content=\"Maillot ciclismo fabricado con tejidos con 70% de origen reciclado. Tacto super agradable. Talla slim fit unisex.\" \/>\n<meta property=\"og:url\" content=\"https:\/\/www.inverseteams.com\/es\/producto\/maillot-symbiosis-vanir-dark-grey-unisex\/\" \/>\n<meta property=\"og:site_name\" content=\"Inverseteams\" \/>\n<meta property=\"article:publisher\" content=\"https:\/\/www.facebook.com\/inverseteams\" \/>\n<meta property=\"article:modified_time\" content=\"2025-05-22T00:02:05+00:00\" \/>\n<meta property=\"og:image\" content=\"https:\/\/www.inverseteams.com\/wp-content\/uploads\/MAILLOT-INVIERNO-RECICLADO-SYMBIOSIS-DARKGREY-1.jpg\" \/>\n\t<meta property=\"og:image:width\" content=\"1500\" \/>\n\t<meta property=\"og:image:height\" content=\"1612\" \/>\n\t<meta property=\"og:image:type\" content=\"image\/jpeg\" \/>\n<meta name=\"twitter:card\" content=\"summary_large_image\" \/>\n<meta name=\"twitter:label1\" content=\"Tiempo de lectura\" \/>\n\t<meta name=\"twitter:data1\" content=\"2 minuto\" \/>\n<script type=\"application\/ld+json\" class=\"yoast-schema-graph\">{\"@context\":\"https:\\\/\\\/schema.org\",\"@graph\":[{\"@type\":\"WebPage\",\"@id\":\"https:\\\/\\\/www.inverseteams.com\\\/es\\\/producto\\\/maillot-symbiosis-vanir-dark-grey-unisex\\\/\",\"url\":\"https:\\\/\\\/www.inverseteams.com\\\/es\\\/producto\\\/maillot-symbiosis-vanir-dark-grey-unisex\\\/\",\"name\":\"Maillot SYMBIOSIS VANIR DARK GREY (UNISEX)\",\"isPartOf\":{\"@id\":\"https:\\\/\\\/www.inverseteams.com\\\/es\\\/#website\"},\"primaryImageOfPage\":{\"@id\":\"https:\\\/\\\/www.inverseteams.com\\\/es\\\/producto\\\/maillot-symbiosis-vanir-dark-grey-unisex\\\/#primaryimage\"},\"image\":{\"@id\":\"https:\\\/\\\/www.inverseteams.com\\\/es\\\/producto\\\/maillot-symbiosis-vanir-dark-grey-unisex\\\/#primaryimage\"},\"thumbnailUrl\":\"https:\\\/\\\/www.inverseteams.com\\\/wp-content\\\/uploads\\\/MAILLOT-INVIERNO-RECICLADO-SYMBIOSIS-DARKGREY-1.jpg\",\"datePublished\":\"2024-07-26T13:04:53+00:00\",\"dateModified\":\"2025-05-22T00:02:05+00:00\",\"description\":\"Maillot ciclismo fabricado con tejidos con 70% de origen reciclado. Tacto super agradable. Talla slim fit unisex.\",\"breadcrumb\":{\"@id\":\"https:\\\/\\\/www.inverseteams.com\\\/es\\\/producto\\\/maillot-symbiosis-vanir-dark-grey-unisex\\\/#breadcrumb\"},\"inLanguage\":\"es\",\"potentialAction\":[{\"@type\":\"ReadAction\",\"target\":[\"https:\\\/\\\/www.inverseteams.com\\\/es\\\/producto\\\/maillot-symbiosis-vanir-dark-grey-unisex\\\/\"]}]},{\"@type\":\"ImageObject\",\"inLanguage\":\"es\",\"@id\":\"https:\\\/\\\/www.inverseteams.com\\\/es\\\/producto\\\/maillot-symbiosis-vanir-dark-grey-unisex\\\/#primaryimage\",\"url\":\"https:\\\/\\\/www.inverseteams.com\\\/wp-content\\\/uploads\\\/MAILLOT-INVIERNO-RECICLADO-SYMBIOSIS-DARKGREY-1.jpg\",\"contentUrl\":\"https:\\\/\\\/www.inverseteams.com\\\/wp-content\\\/uploads\\\/MAILLOT-INVIERNO-RECICLADO-SYMBIOSIS-DARKGREY-1.jpg\",\"width\":1500,\"height\":1612,\"caption\":\"Maillot ciclismo SYMBIOSIS VANIR DARK GREY\"},{\"@type\":\"BreadcrumbList\",\"@id\":\"https:\\\/\\\/www.inverseteams.com\\\/es\\\/producto\\\/maillot-symbiosis-vanir-dark-grey-unisex\\\/#breadcrumb\",\"itemListElement\":[{\"@type\":\"ListItem\",\"position\":1,\"name\":\"Portada\",\"item\":\"https:\\\/\\\/www.inverseteams.com\\\/es\\\/\"},{\"@type\":\"ListItem\",\"position\":2,\"name\":\"Tienda\",\"item\":\"https:\\\/\\\/www.inverseteams.com\\\/es\\\/tienda\\\/\"},{\"@type\":\"ListItem\",\"position\":3,\"name\":\"Maillot SYMBIOSIS VANIR DARK GREY (UNISEX)\"}]},{\"@type\":\"WebSite\",\"@id\":\"https:\\\/\\\/www.inverseteams.com\\\/es\\\/#website\",\"url\":\"https:\\\/\\\/www.inverseteams.com\\\/es\\\/\",\"name\":\"Inverseteams\",\"description\":\"Tu marca de ropa deportiva personalizada\",\"publisher\":{\"@id\":\"https:\\\/\\\/www.inverseteams.com\\\/es\\\/#organization\"},\"potentialAction\":[{\"@type\":\"SearchAction\",\"target\":{\"@type\":\"EntryPoint\",\"urlTemplate\":\"https:\\\/\\\/www.inverseteams.com\\\/es\\\/?s={search_term_string}\"},\"query-input\":{\"@type\":\"PropertyValueSpecification\",\"valueRequired\":true,\"valueName\":\"search_term_string\"}}],\"inLanguage\":\"es\"},{\"@type\":\"Organization\",\"@id\":\"https:\\\/\\\/www.inverseteams.com\\\/es\\\/#organization\",\"name\":\"Inverse Teams\",\"url\":\"https:\\\/\\\/www.inverseteams.com\\\/es\\\/\",\"logo\":{\"@type\":\"ImageObject\",\"inLanguage\":\"es\",\"@id\":\"https:\\\/\\\/www.inverseteams.com\\\/es\\\/#\\\/schema\\\/logo\\\/image\\\/\",\"url\":\"https:\\\/\\\/www.inverseteams.com\\\/wp-content\\\/uploads\\\/2021\\\/03\\\/logo-inverse-teams.png\",\"contentUrl\":\"https:\\\/\\\/www.inverseteams.com\\\/wp-content\\\/uploads\\\/2021\\\/03\\\/logo-inverse-teams.png\",\"width\":294,\"height\":99,\"caption\":\"Inverse Teams\"},\"image\":{\"@id\":\"https:\\\/\\\/www.inverseteams.com\\\/es\\\/#\\\/schema\\\/logo\\\/image\\\/\"},\"sameAs\":[\"https:\\\/\\\/www.facebook.com\\\/inverseteams\",\"http:\\\/\\\/instagram.com\\\/inverseteams\",\"https:\\\/\\\/www.linkedin.com\\\/company\\\/inverse-cirosport-s-l-?trk=job_view_topcard_company_name\",\"http:\\\/\\\/www.pinterest.com\\\/inverseteams\\\/\",\"http:\\\/\\\/www.youtube.com\\\/user\\\/inverseteams?feature=watch\"]}]}<\/script>\n<!-- \/ Yoast SEO plugin. -->","yoast_head_json":{"title":"Maillot SYMBIOSIS VANIR DARK GREY (UNISEX)","description":"Maillot ciclismo fabricado con tejidos con 70% de origen reciclado. Tacto super agradable. Talla slim fit unisex.","robots":{"index":"index","follow":"follow","max-snippet":"max-snippet:-1","max-image-preview":"max-image-preview:large","max-video-preview":"max-video-preview:-1"},"canonical":"https:\/\/www.inverseteams.com\/es\/producto\/maillot-symbiosis-vanir-dark-grey-unisex\/","og_locale":"es_ES","og_type":"article","og_title":"Maillot SYMBIOSIS VANIR DARK GREY (UNISEX)","og_description":"Maillot ciclismo fabricado con tejidos con 70% de origen reciclado. Tacto super agradable. Talla slim fit unisex.","og_url":"https:\/\/www.inverseteams.com\/es\/producto\/maillot-symbiosis-vanir-dark-grey-unisex\/","og_site_name":"Inverseteams","article_publisher":"https:\/\/www.facebook.com\/inverseteams","article_modified_time":"2025-05-22T00:02:05+00:00","og_image":[{"width":1500,"height":1612,"url":"https:\/\/www.inverseteams.com\/wp-content\/uploads\/MAILLOT-INVIERNO-RECICLADO-SYMBIOSIS-DARKGREY-1.jpg","type":"image\/jpeg"}],"twitter_card":"summary_large_image","twitter_misc":{"Tiempo de lectura":"2 minuto"},"schema":{"@context":"https:\/\/schema.org","@graph":[{"@type":"WebPage","@id":"https:\/\/www.inverseteams.com\/es\/producto\/maillot-symbiosis-vanir-dark-grey-unisex\/","url":"https:\/\/www.inverseteams.com\/es\/producto\/maillot-symbiosis-vanir-dark-grey-unisex\/","name":"Maillot SYMBIOSIS VANIR DARK GREY (UNISEX)","isPartOf":{"@id":"https:\/\/www.inverseteams.com\/es\/#website"},"primaryImageOfPage":{"@id":"https:\/\/www.inverseteams.com\/es\/producto\/maillot-symbiosis-vanir-dark-grey-unisex\/#primaryimage"},"image":{"@id":"https:\/\/www.inverseteams.com\/es\/producto\/maillot-symbiosis-vanir-dark-grey-unisex\/#primaryimage"},"thumbnailUrl":"https:\/\/www.inverseteams.com\/wp-content\/uploads\/MAILLOT-INVIERNO-RECICLADO-SYMBIOSIS-DARKGREY-1.jpg","datePublished":"2024-07-26T13:04:53+00:00","dateModified":"2025-05-22T00:02:05+00:00","description":"Maillot ciclismo fabricado con tejidos con 70% de origen reciclado. Tacto super agradable. Talla slim fit unisex.","breadcrumb":{"@id":"https:\/\/www.inverseteams.com\/es\/producto\/maillot-symbiosis-vanir-dark-grey-unisex\/#breadcrumb"},"inLanguage":"es","potentialAction":[{"@type":"ReadAction","target":["https:\/\/www.inverseteams.com\/es\/producto\/maillot-symbiosis-vanir-dark-grey-unisex\/"]}]},{"@type":"ImageObject","inLanguage":"es","@id":"https:\/\/www.inverseteams.com\/es\/producto\/maillot-symbiosis-vanir-dark-grey-unisex\/#primaryimage","url":"https:\/\/www.inverseteams.com\/wp-content\/uploads\/MAILLOT-INVIERNO-RECICLADO-SYMBIOSIS-DARKGREY-1.jpg","contentUrl":"https:\/\/www.inverseteams.com\/wp-content\/uploads\/MAILLOT-INVIERNO-RECICLADO-SYMBIOSIS-DARKGREY-1.jpg","width":1500,"height":1612,"caption":"Maillot ciclismo SYMBIOSIS VANIR DARK GREY"},{"@type":"BreadcrumbList","@id":"https:\/\/www.inverseteams.com\/es\/producto\/maillot-symbiosis-vanir-dark-grey-unisex\/#breadcrumb","itemListElement":[{"@type":"ListItem","position":1,"name":"Portada","item":"https:\/\/www.inverseteams.com\/es\/"},{"@type":"ListItem","position":2,"name":"Tienda","item":"https:\/\/www.inverseteams.com\/es\/tienda\/"},{"@type":"ListItem","position":3,"name":"Maillot SYMBIOSIS VANIR DARK GREY (UNISEX)"}]},{"@type":"WebSite","@id":"https:\/\/www.inverseteams.com\/es\/#website","url":"https:\/\/www.inverseteams.com\/es\/","name":"Inverseteams","description":"Tu marca de ropa deportiva personalizada","publisher":{"@id":"https:\/\/www.inverseteams.com\/es\/#organization"},"potentialAction":[{"@type":"SearchAction","target":{"@type":"EntryPoint","urlTemplate":"https:\/\/www.inverseteams.com\/es\/?s={search_term_string}"},"query-input":{"@type":"PropertyValueSpecification","valueRequired":true,"valueName":"search_term_string"}}],"inLanguage":"es"},{"@type":"Organization","@id":"https:\/\/www.inverseteams.com\/es\/#organization","name":"Inverse Teams","url":"https:\/\/www.inverseteams.com\/es\/","logo":{"@type":"ImageObject","inLanguage":"es","@id":"https:\/\/www.inverseteams.com\/es\/#\/schema\/logo\/image\/","url":"https:\/\/www.inverseteams.com\/wp-content\/uploads\/2021\/03\/logo-inverse-teams.png","contentUrl":"https:\/\/www.inverseteams.com\/wp-content\/uploads\/2021\/03\/logo-inverse-teams.png","width":294,"height":99,"caption":"Inverse Teams"},"image":{"@id":"https:\/\/www.inverseteams.com\/es\/#\/schema\/logo\/image\/"},"sameAs":["https:\/\/www.facebook.com\/inverseteams","http:\/\/instagram.com\/inverseteams","https:\/\/www.linkedin.com\/company\/inverse-cirosport-s-l-?trk=job_view_topcard_company_name","http:\/\/www.pinterest.com\/inverseteams\/","http:\/\/www.youtube.com\/user\/inverseteams?feature=watch"]}]}},"_links":{"self":[{"href":"https:\/\/www.inverseteams.com\/es\/wp-json\/wp\/v2\/product\/209380","targetHints":{"allow":["GET"]}}],"collection":[{"href":"https:\/\/www.inverseteams.com\/es\/wp-json\/wp\/v2\/product"}],"about":[{"href":"https:\/\/www.inverseteams.com\/es\/wp-json\/wp\/v2\/types\/product"}],"replies":[{"embeddable":true,"href":"https:\/\/www.inverseteams.com\/es\/wp-json\/wp\/v2\/comments?post=209380"}],"wp:featuredmedia":[{"embeddable":true,"href":"https:\/\/www.inverseteams.com\/es\/wp-json\/wp\/v2\/media\/208955"}],"wp:attachment":[{"href":"https:\/\/www.inverseteams.com\/es\/wp-json\/wp\/v2\/media?parent=209380"}],"wp:term":[{"taxonomy":"product_brand","embeddable":true,"href":"https:\/\/www.inverseteams.com\/es\/wp-json\/wp\/v2\/product_brand?post=209380"},{"taxonomy":"product_cat","embeddable":true,"href":"https:\/\/www.inverseteams.com\/es\/wp-json\/wp\/v2\/product_cat?post=209380"},{"taxonomy":"product_tag","embeddable":true,"href":"https:\/\/www.inverseteams.com\/es\/wp-json\/wp\/v2\/product_tag?post=209380"},{"taxonomy":"custom_category","embeddable":true,"href":"https:\/\/www.inverseteams.com\/es\/wp-json\/wp\/v2\/custom_category?post=209380"},{"taxonomy":"range","embeddable":true,"href":"https:\/\/www.inverseteams.com\/es\/wp-json\/wp\/v2\/range?post=209380"}],"curies":[{"name":"wp","href":"https:\/\/api.w.org\/{rel}","templated":true}]}}