{"id":209377,"date":"2024-07-26T13:04:11","date_gmt":"2024-07-26T13:04:11","guid":{"rendered":"https:\/\/www.inverseteams.com\/?post_type=product&#038;p=209377"},"modified":"2025-03-04T11:58:01","modified_gmt":"2025-03-04T11:58:01","slug":"calcetines-deportivos-trazz-white","status":"publish","type":"product","link":"https:\/\/www.inverseteams.com\/es\/producto\/calcetines-deportivos-trazz-white\/","title":{"rendered":"Calcetines deportivos TRAZZ WHITE"},"content":{"rendered":"<p>Confeccionados con algod\u00f3n antibacteriano, lycra revolution y elastano. Garantizan una buena absorci\u00f3n y r\u00e1pida expulsi\u00f3n del sudor. La estructura del hilo permite que el calcet\u00edn se ajuste muy bien y evita que el pie resbale dentro de la zapatilla deportiva.<br \/>\nEstos calcetines son de media ca\u00f1a (22 cm.) y destacan por tener la puntera y el tal\u00f3n reforzados para aumentar la protecci\u00f3n y el confort.<\/p>\n","protected":false},"excerpt":{"rendered":"<p>Confeccionados con algod\u00f3n antibacteriano, lycra revolution y elastano. Garantizan una buena absorci\u00f3n y r\u00e1pida expulsi\u00f3n del sudor. La estructura del hilo permite que el calcet\u00edn se ajuste muy bien y evita que el pie resbale dentro de la zapatilla deportiva.<br \/>\nEstos calcetines son de media ca\u00f1a (22 cm.) y destacan por tener la puntera y el tal\u00f3n reforzados para aumentar la protecci\u00f3n y el confort.<\/p>\n","protected":false},"featured_media":208784,"comment_status":"closed","ping_status":"closed","template":"","meta":{"_acf_changed":false},"product_brand":[],"product_cat":[132,9946,135,134,1156,7174],"product_tag":[],"custom_category":[],"range":[],"class_list":{"0":"post-209377","1":"product","2":"type-product","3":"status-publish","4":"has-post-thumbnail","6":"product_cat-ciclismo","7":"product_cat-gravel","8":"product_cat-trail-running","9":"product_cat-running","10":"product_cat-calcetines","11":"product_cat-b2b","12":"pa_climatologia-temperatura-templada","13":"pa_climatologia-calor","14":"pa_deporte-accesorios","15":"pa_genero-hombre","16":"pa_genero-mujer","17":"pa_genero-infantil","18":"pa_talla-s-m","19":"pa_talla-l-xl","20":"pa_tipo-de-prenda-calcetin","22":"first","23":"outofstock","24":"taxable","25":"shipping-taxable","26":"purchasable","27":"product-type-variable","28":"has-default-attributes"},"acf":[],"yoast_head":"<!-- This site is optimized with the Yoast SEO plugin v27.3 - https:\/\/yoast.com\/product\/yoast-seo-wordpress\/ -->\n<title>Calcetines deportivos TRAZZ WHITE<\/title>\n<meta name=\"description\" content=\"Calcetines deportivos blancos. Fabricados con hilo t\u00e9cnico deportivo. Punta y tal\u00f3n reforzados. Perfectos para el ciclismo y para correr.\" \/>\n<meta name=\"robots\" content=\"index, follow, max-snippet:-1, max-image-preview:large, max-video-preview:-1\" \/>\n<link rel=\"canonical\" href=\"https:\/\/www.inverseteams.com\/es\/producto\/calcetines-deportivos-trazz-white\/\" \/>\n<meta property=\"og:locale\" content=\"es_ES\" \/>\n<meta property=\"og:type\" content=\"article\" \/>\n<meta property=\"og:title\" content=\"Calcetines deportivos TRAZZ WHITE\" \/>\n<meta property=\"og:description\" content=\"Calcetines deportivos blancos. Fabricados con hilo t\u00e9cnico deportivo. Punta y tal\u00f3n reforzados. Perfectos para el ciclismo y para correr.\" \/>\n<meta property=\"og:url\" content=\"https:\/\/www.inverseteams.com\/es\/producto\/calcetines-deportivos-trazz-white\/\" \/>\n<meta property=\"og:site_name\" content=\"Inverseteams\" \/>\n<meta property=\"article:publisher\" content=\"https:\/\/www.facebook.com\/inverseteams\" \/>\n<meta property=\"article:modified_time\" content=\"2025-03-04T11:58:01+00:00\" \/>\n<meta property=\"og:image\" content=\"https:\/\/www.inverseteams.com\/wp-content\/uploads\/CALCETINES-DEPORTIVOS-TRAZZ-WHITE-1.jpg\" \/>\n\t<meta property=\"og:image:width\" content=\"1500\" \/>\n\t<meta property=\"og:image:height\" content=\"1612\" \/>\n\t<meta property=\"og:image:type\" content=\"image\/jpeg\" \/>\n<meta name=\"twitter:card\" content=\"summary_large_image\" \/>\n<meta name=\"twitter:label1\" content=\"Tiempo de lectura\" \/>\n\t<meta name=\"twitter:data1\" content=\"1 minuto\" \/>\n<script type=\"application\/ld+json\" class=\"yoast-schema-graph\">{\"@context\":\"https:\\\/\\\/schema.org\",\"@graph\":[{\"@type\":\"WebPage\",\"@id\":\"https:\\\/\\\/www.inverseteams.com\\\/es\\\/producto\\\/calcetines-deportivos-trazz-white\\\/\",\"url\":\"https:\\\/\\\/www.inverseteams.com\\\/es\\\/producto\\\/calcetines-deportivos-trazz-white\\\/\",\"name\":\"Calcetines deportivos TRAZZ WHITE\",\"isPartOf\":{\"@id\":\"https:\\\/\\\/www.inverseteams.com\\\/es\\\/#website\"},\"primaryImageOfPage\":{\"@id\":\"https:\\\/\\\/www.inverseteams.com\\\/es\\\/producto\\\/calcetines-deportivos-trazz-white\\\/#primaryimage\"},\"image\":{\"@id\":\"https:\\\/\\\/www.inverseteams.com\\\/es\\\/producto\\\/calcetines-deportivos-trazz-white\\\/#primaryimage\"},\"thumbnailUrl\":\"https:\\\/\\\/www.inverseteams.com\\\/wp-content\\\/uploads\\\/CALCETINES-DEPORTIVOS-TRAZZ-WHITE-1.jpg\",\"datePublished\":\"2024-07-26T13:04:11+00:00\",\"dateModified\":\"2025-03-04T11:58:01+00:00\",\"description\":\"Calcetines deportivos blancos. Fabricados con hilo t\u00e9cnico deportivo. Punta y tal\u00f3n reforzados. Perfectos para el ciclismo y para correr.\",\"breadcrumb\":{\"@id\":\"https:\\\/\\\/www.inverseteams.com\\\/es\\\/producto\\\/calcetines-deportivos-trazz-white\\\/#breadcrumb\"},\"inLanguage\":\"es\",\"potentialAction\":[{\"@type\":\"ReadAction\",\"target\":[\"https:\\\/\\\/www.inverseteams.com\\\/es\\\/producto\\\/calcetines-deportivos-trazz-white\\\/\"]}]},{\"@type\":\"ImageObject\",\"inLanguage\":\"es\",\"@id\":\"https:\\\/\\\/www.inverseteams.com\\\/es\\\/producto\\\/calcetines-deportivos-trazz-white\\\/#primaryimage\",\"url\":\"https:\\\/\\\/www.inverseteams.com\\\/wp-content\\\/uploads\\\/CALCETINES-DEPORTIVOS-TRAZZ-WHITE-1.jpg\",\"contentUrl\":\"https:\\\/\\\/www.inverseteams.com\\\/wp-content\\\/uploads\\\/CALCETINES-DEPORTIVOS-TRAZZ-WHITE-1.jpg\",\"width\":1500,\"height\":1612,\"caption\":\"Calcetines deportivos TRAZZ WHITE\"},{\"@type\":\"BreadcrumbList\",\"@id\":\"https:\\\/\\\/www.inverseteams.com\\\/es\\\/producto\\\/calcetines-deportivos-trazz-white\\\/#breadcrumb\",\"itemListElement\":[{\"@type\":\"ListItem\",\"position\":1,\"name\":\"Portada\",\"item\":\"https:\\\/\\\/www.inverseteams.com\\\/es\\\/\"},{\"@type\":\"ListItem\",\"position\":2,\"name\":\"Tienda\",\"item\":\"https:\\\/\\\/www.inverseteams.com\\\/es\\\/tienda\\\/\"},{\"@type\":\"ListItem\",\"position\":3,\"name\":\"Calcetines deportivos TRAZZ WHITE\"}]},{\"@type\":\"WebSite\",\"@id\":\"https:\\\/\\\/www.inverseteams.com\\\/es\\\/#website\",\"url\":\"https:\\\/\\\/www.inverseteams.com\\\/es\\\/\",\"name\":\"Inverseteams\",\"description\":\"Tu marca de ropa deportiva personalizada\",\"publisher\":{\"@id\":\"https:\\\/\\\/www.inverseteams.com\\\/es\\\/#organization\"},\"potentialAction\":[{\"@type\":\"SearchAction\",\"target\":{\"@type\":\"EntryPoint\",\"urlTemplate\":\"https:\\\/\\\/www.inverseteams.com\\\/es\\\/?s={search_term_string}\"},\"query-input\":{\"@type\":\"PropertyValueSpecification\",\"valueRequired\":true,\"valueName\":\"search_term_string\"}}],\"inLanguage\":\"es\"},{\"@type\":\"Organization\",\"@id\":\"https:\\\/\\\/www.inverseteams.com\\\/es\\\/#organization\",\"name\":\"Inverse Teams\",\"url\":\"https:\\\/\\\/www.inverseteams.com\\\/es\\\/\",\"logo\":{\"@type\":\"ImageObject\",\"inLanguage\":\"es\",\"@id\":\"https:\\\/\\\/www.inverseteams.com\\\/es\\\/#\\\/schema\\\/logo\\\/image\\\/\",\"url\":\"http:\\\/\\\/www.inverseteams.com\\\/wp-content\\\/uploads\\\/2021\\\/03\\\/logo-inverse-teams.png\",\"contentUrl\":\"http:\\\/\\\/www.inverseteams.com\\\/wp-content\\\/uploads\\\/2021\\\/03\\\/logo-inverse-teams.png\",\"width\":294,\"height\":99,\"caption\":\"Inverse Teams\"},\"image\":{\"@id\":\"https:\\\/\\\/www.inverseteams.com\\\/es\\\/#\\\/schema\\\/logo\\\/image\\\/\"},\"sameAs\":[\"https:\\\/\\\/www.facebook.com\\\/inverseteams\",\"http:\\\/\\\/instagram.com\\\/inverseteams\",\"https:\\\/\\\/www.linkedin.com\\\/company\\\/inverse-cirosport-s-l-?trk=job_view_topcard_company_name\",\"http:\\\/\\\/www.pinterest.com\\\/inverseteams\\\/\",\"http:\\\/\\\/www.youtube.com\\\/user\\\/inverseteams?feature=watch\"]}]}<\/script>\n<!-- \/ Yoast SEO plugin. -->","yoast_head_json":{"title":"Calcetines deportivos TRAZZ WHITE","description":"Calcetines deportivos blancos. Fabricados con hilo t\u00e9cnico deportivo. Punta y tal\u00f3n reforzados. Perfectos para el ciclismo y para correr.","robots":{"index":"index","follow":"follow","max-snippet":"max-snippet:-1","max-image-preview":"max-image-preview:large","max-video-preview":"max-video-preview:-1"},"canonical":"https:\/\/www.inverseteams.com\/es\/producto\/calcetines-deportivos-trazz-white\/","og_locale":"es_ES","og_type":"article","og_title":"Calcetines deportivos TRAZZ WHITE","og_description":"Calcetines deportivos blancos. Fabricados con hilo t\u00e9cnico deportivo. Punta y tal\u00f3n reforzados. Perfectos para el ciclismo y para correr.","og_url":"https:\/\/www.inverseteams.com\/es\/producto\/calcetines-deportivos-trazz-white\/","og_site_name":"Inverseteams","article_publisher":"https:\/\/www.facebook.com\/inverseteams","article_modified_time":"2025-03-04T11:58:01+00:00","og_image":[{"width":1500,"height":1612,"url":"https:\/\/www.inverseteams.com\/wp-content\/uploads\/CALCETINES-DEPORTIVOS-TRAZZ-WHITE-1.jpg","type":"image\/jpeg"}],"twitter_card":"summary_large_image","twitter_misc":{"Tiempo de lectura":"1 minuto"},"schema":{"@context":"https:\/\/schema.org","@graph":[{"@type":"WebPage","@id":"https:\/\/www.inverseteams.com\/es\/producto\/calcetines-deportivos-trazz-white\/","url":"https:\/\/www.inverseteams.com\/es\/producto\/calcetines-deportivos-trazz-white\/","name":"Calcetines deportivos TRAZZ WHITE","isPartOf":{"@id":"https:\/\/www.inverseteams.com\/es\/#website"},"primaryImageOfPage":{"@id":"https:\/\/www.inverseteams.com\/es\/producto\/calcetines-deportivos-trazz-white\/#primaryimage"},"image":{"@id":"https:\/\/www.inverseteams.com\/es\/producto\/calcetines-deportivos-trazz-white\/#primaryimage"},"thumbnailUrl":"https:\/\/www.inverseteams.com\/wp-content\/uploads\/CALCETINES-DEPORTIVOS-TRAZZ-WHITE-1.jpg","datePublished":"2024-07-26T13:04:11+00:00","dateModified":"2025-03-04T11:58:01+00:00","description":"Calcetines deportivos blancos. Fabricados con hilo t\u00e9cnico deportivo. Punta y tal\u00f3n reforzados. Perfectos para el ciclismo y para correr.","breadcrumb":{"@id":"https:\/\/www.inverseteams.com\/es\/producto\/calcetines-deportivos-trazz-white\/#breadcrumb"},"inLanguage":"es","potentialAction":[{"@type":"ReadAction","target":["https:\/\/www.inverseteams.com\/es\/producto\/calcetines-deportivos-trazz-white\/"]}]},{"@type":"ImageObject","inLanguage":"es","@id":"https:\/\/www.inverseteams.com\/es\/producto\/calcetines-deportivos-trazz-white\/#primaryimage","url":"https:\/\/www.inverseteams.com\/wp-content\/uploads\/CALCETINES-DEPORTIVOS-TRAZZ-WHITE-1.jpg","contentUrl":"https:\/\/www.inverseteams.com\/wp-content\/uploads\/CALCETINES-DEPORTIVOS-TRAZZ-WHITE-1.jpg","width":1500,"height":1612,"caption":"Calcetines deportivos TRAZZ WHITE"},{"@type":"BreadcrumbList","@id":"https:\/\/www.inverseteams.com\/es\/producto\/calcetines-deportivos-trazz-white\/#breadcrumb","itemListElement":[{"@type":"ListItem","position":1,"name":"Portada","item":"https:\/\/www.inverseteams.com\/es\/"},{"@type":"ListItem","position":2,"name":"Tienda","item":"https:\/\/www.inverseteams.com\/es\/tienda\/"},{"@type":"ListItem","position":3,"name":"Calcetines deportivos TRAZZ WHITE"}]},{"@type":"WebSite","@id":"https:\/\/www.inverseteams.com\/es\/#website","url":"https:\/\/www.inverseteams.com\/es\/","name":"Inverseteams","description":"Tu marca de ropa deportiva personalizada","publisher":{"@id":"https:\/\/www.inverseteams.com\/es\/#organization"},"potentialAction":[{"@type":"SearchAction","target":{"@type":"EntryPoint","urlTemplate":"https:\/\/www.inverseteams.com\/es\/?s={search_term_string}"},"query-input":{"@type":"PropertyValueSpecification","valueRequired":true,"valueName":"search_term_string"}}],"inLanguage":"es"},{"@type":"Organization","@id":"https:\/\/www.inverseteams.com\/es\/#organization","name":"Inverse Teams","url":"https:\/\/www.inverseteams.com\/es\/","logo":{"@type":"ImageObject","inLanguage":"es","@id":"https:\/\/www.inverseteams.com\/es\/#\/schema\/logo\/image\/","url":"https:\/\/www.inverseteams.com\/wp-content\/uploads\/2021\/03\/logo-inverse-teams.png","contentUrl":"https:\/\/www.inverseteams.com\/wp-content\/uploads\/2021\/03\/logo-inverse-teams.png","width":294,"height":99,"caption":"Inverse Teams"},"image":{"@id":"https:\/\/www.inverseteams.com\/es\/#\/schema\/logo\/image\/"},"sameAs":["https:\/\/www.facebook.com\/inverseteams","http:\/\/instagram.com\/inverseteams","https:\/\/www.linkedin.com\/company\/inverse-cirosport-s-l-?trk=job_view_topcard_company_name","http:\/\/www.pinterest.com\/inverseteams\/","http:\/\/www.youtube.com\/user\/inverseteams?feature=watch"]}]}},"_links":{"self":[{"href":"https:\/\/www.inverseteams.com\/es\/wp-json\/wp\/v2\/product\/209377","targetHints":{"allow":["GET"]}}],"collection":[{"href":"https:\/\/www.inverseteams.com\/es\/wp-json\/wp\/v2\/product"}],"about":[{"href":"https:\/\/www.inverseteams.com\/es\/wp-json\/wp\/v2\/types\/product"}],"replies":[{"embeddable":true,"href":"https:\/\/www.inverseteams.com\/es\/wp-json\/wp\/v2\/comments?post=209377"}],"wp:featuredmedia":[{"embeddable":true,"href":"https:\/\/www.inverseteams.com\/es\/wp-json\/wp\/v2\/media\/208784"}],"wp:attachment":[{"href":"https:\/\/www.inverseteams.com\/es\/wp-json\/wp\/v2\/media?parent=209377"}],"wp:term":[{"taxonomy":"product_brand","embeddable":true,"href":"https:\/\/www.inverseteams.com\/es\/wp-json\/wp\/v2\/product_brand?post=209377"},{"taxonomy":"product_cat","embeddable":true,"href":"https:\/\/www.inverseteams.com\/es\/wp-json\/wp\/v2\/product_cat?post=209377"},{"taxonomy":"product_tag","embeddable":true,"href":"https:\/\/www.inverseteams.com\/es\/wp-json\/wp\/v2\/product_tag?post=209377"},{"taxonomy":"custom_category","embeddable":true,"href":"https:\/\/www.inverseteams.com\/es\/wp-json\/wp\/v2\/custom_category?post=209377"},{"taxonomy":"range","embeddable":true,"href":"https:\/\/www.inverseteams.com\/es\/wp-json\/wp\/v2\/range?post=209377"}],"curies":[{"name":"wp","href":"https:\/\/api.w.org\/{rel}","templated":true}]}}