{"id":209254,"date":"2024-07-26T12:33:48","date_gmt":"2024-07-26T12:33:48","guid":{"rendered":"https:\/\/www.inverseteams.com\/?post_type=product&#038;p=209254"},"modified":"2026-02-16T11:15:03","modified_gmt":"2026-02-16T10:15:03","slug":"chaqueta-ciclista-membrana-pure-helios-ocean-hombre","status":"publish","type":"product","link":"https:\/\/www.inverseteams.com\/es\/producto\/chaqueta-ciclista-membrana-pure-helios-ocean-hombre\/","title":{"rendered":"Chaqueta ciclista membrana PURE HELIOS OCEAN (HOMBRE)"},"content":{"rendered":"<p>La nueva chaqueta ciclista t\u00e9rmica de Inverse destaca por su patr\u00f3n original e innovador que mejora la aerodin\u00e1mica sobre la bicicleta y por el tejido con membrana hidr\u00f3fuga que te proteger\u00e1 de la humedad y de la lluvia. Se adapta perfectamente al cuerpo durante el pedaleo y deja fluir f\u00e1cilmente el aire para aumentar la aerodin\u00e1mica. Tiene una cremallera integral con sistema antipull que te permitir\u00e1 pon\u00e9rtela y quit\u00e1rtela f\u00e1cilmente y podr\u00e1s regular la ventilaci\u00f3n durante el ejercicio.<br \/>\nComo novedad, respecto a versiones anteriores, tiene una cremallera lateral para aumentar la ventilaci\u00f3n y as\u00ed poder refrigerar el cuerpo. Tambi\u00e9n tiene un bolsillo interior con una goma el\u00e1stica que se puede usar como porta-llaves. Adem\u00e1s, incluye una gamuza para que puedas limpiar las gafas.<br \/>\nLas mangas se adaptan a todas las posiciones y est\u00e1n confeccionadas con costuras planas. El pu\u00f1o cortado a l\u00e1ser se ajusta muy bien al brazo y evita la entrada de aire.<br \/>\nComo novedad, en un lateral tiene el bolsillo ECO-TECH de rejilla para que puedas guardar los residuos que generes. Adem\u00e1s, en la zona lumbar incorpora 3 bolsillos de gran capacidad donde podr\u00e1s guardar cualquier objeto sin miedo a perderlo. En la cintura tiene una banda el\u00e1stica con un grip de silicona antiderrapante en el interior para mantener el maillot bien arrapado al cuerpo. Tambi\u00e9n tiene varios detalles reflectantes para aumentar tu seguridad en la carretera. Disfruta del ciclismo sin preocupaciones.<\/p>\n","protected":false},"excerpt":{"rendered":"<p>La nueva chaqueta ciclista t\u00e9rmica de Inverse destaca por su patr\u00f3n original e innovador que mejora la aerodin\u00e1mica sobre la bicicleta y por el tejido con membrana hidr\u00f3fuga que te proteger\u00e1 de la humedad y de la lluvia. Se adapta perfectamente al cuerpo durante el pedaleo y deja fluir f\u00e1cilmente el aire para aumentar la aerodin\u00e1mica. Tiene una cremallera integral con sistema antipull que te permitir\u00e1 pon\u00e9rtela y quit\u00e1rtela f\u00e1cilmente y podr\u00e1s regular la ventilaci\u00f3n durante el ejercicio.<br \/>\nComo novedad, respecto a versiones anteriores, tiene una cremallera lateral para aumentar la ventilaci\u00f3n y as\u00ed poder refrigerar el cuerpo. Tambi\u00e9n tiene un bolsillo interior con una goma el\u00e1stica que se puede usar como porta-llaves. Adem\u00e1s, incluye una gamuza para que puedas limpiar las gafas.<br \/>\nLas mangas se adaptan a todas las posiciones y est\u00e1n confeccionadas con costuras planas. El pu\u00f1o cortado a l\u00e1ser se ajusta muy bien al brazo y evita la entrada de aire.<br \/>\nComo novedad, en un lateral tiene el bolsillo ECO-TECH de rejilla para que puedas guardar los residuos que generes. Adem\u00e1s, en la zona lumbar incorpora 3 bolsillos de gran capacidad donde podr\u00e1s guardar cualquier objeto sin miedo a perderlo. En la cintura tiene una banda el\u00e1stica con un grip de silicona antiderrapante en el interior para mantener el maillot bien arrapado al cuerpo. Tambi\u00e9n tiene varios detalles reflectantes para aumentar tu seguridad en la carretera. Disfruta del ciclismo sin preocupaciones.<\/p>\n","protected":false},"featured_media":217135,"comment_status":"closed","ping_status":"closed","template":"","meta":{"_acf_changed":false},"product_brand":[],"product_cat":[2761,7174],"product_tag":[],"custom_category":[],"range":[],"class_list":{"0":"post-209254","1":"product","2":"type-product","3":"status-publish","4":"has-post-thumbnail","6":"product_cat-chaqueta-ciclismo","7":"product_cat-b2b","8":"pa_climatologia-frio","9":"pa_climatologia-viento","10":"pa_climatologia-lluvia","11":"pa_deporte-ciclismo","12":"pa_genero-hombre","13":"pa_patronaje-fit","14":"pa_talla-s","15":"pa_talla-m","16":"pa_talla-l","17":"pa_talla-xl","18":"pa_talla-xxl","19":"pa_tipo-de-prenda-chaqueta","21":"first","22":"instock","23":"taxable","24":"shipping-taxable","25":"purchasable","26":"product-type-variable","27":"has-default-attributes"},"acf":[],"yoast_head":"<!-- This site is optimized with the Yoast SEO plugin v27.3 - https:\/\/yoast.com\/product\/yoast-seo-wordpress\/ -->\n<title>Chaqueta ciclista membrana PURE HELIOS OCEAN<\/title>\n<meta name=\"description\" content=\"Chaqueta ciclismo INVERSE. Perfecta para protegerte del viento y de la lluvia. Con elementos reflectantes en la zona posterior.\" \/>\n<meta name=\"robots\" content=\"index, follow, max-snippet:-1, max-image-preview:large, max-video-preview:-1\" \/>\n<link rel=\"canonical\" href=\"https:\/\/www.inverseteams.com\/es\/producto\/chaqueta-ciclista-membrana-pure-helios-ocean-hombre\/\" \/>\n<meta property=\"og:locale\" content=\"es_ES\" \/>\n<meta property=\"og:type\" content=\"article\" \/>\n<meta property=\"og:title\" content=\"Chaqueta ciclista membrana PURE HELIOS OCEAN\" \/>\n<meta property=\"og:description\" content=\"Chaqueta ciclismo INVERSE. Perfecta para protegerte del viento y de la lluvia. Con elementos reflectantes en la zona posterior.\" \/>\n<meta property=\"og:url\" content=\"https:\/\/www.inverseteams.com\/es\/producto\/chaqueta-ciclista-membrana-pure-helios-ocean-hombre\/\" \/>\n<meta property=\"og:site_name\" content=\"Inverseteams\" \/>\n<meta property=\"article:publisher\" content=\"https:\/\/www.facebook.com\/inverseteams\" \/>\n<meta property=\"article:modified_time\" content=\"2026-02-16T10:15:03+00:00\" \/>\n<meta property=\"og:image\" content=\"https:\/\/www.inverseteams.com\/wp-content\/uploads\/CHAQUETA-CICLISMO-HOMBRE-PURE-HELIOS-OCEAN-1-1.jpg\" \/>\n\t<meta property=\"og:image:width\" content=\"1500\" \/>\n\t<meta property=\"og:image:height\" content=\"1612\" \/>\n\t<meta property=\"og:image:type\" content=\"image\/jpeg\" \/>\n<meta name=\"twitter:card\" content=\"summary_large_image\" \/>\n<meta name=\"twitter:label1\" content=\"Tiempo de lectura\" \/>\n\t<meta name=\"twitter:data1\" content=\"2 minuto\" \/>\n<script type=\"application\/ld+json\" class=\"yoast-schema-graph\">{\"@context\":\"https:\\\/\\\/schema.org\",\"@graph\":[{\"@type\":\"WebPage\",\"@id\":\"https:\\\/\\\/www.inverseteams.com\\\/es\\\/producto\\\/chaqueta-ciclista-membrana-pure-helios-ocean-hombre\\\/\",\"url\":\"https:\\\/\\\/www.inverseteams.com\\\/es\\\/producto\\\/chaqueta-ciclista-membrana-pure-helios-ocean-hombre\\\/\",\"name\":\"Chaqueta ciclista membrana PURE HELIOS OCEAN\",\"isPartOf\":{\"@id\":\"https:\\\/\\\/www.inverseteams.com\\\/es\\\/#website\"},\"primaryImageOfPage\":{\"@id\":\"https:\\\/\\\/www.inverseteams.com\\\/es\\\/producto\\\/chaqueta-ciclista-membrana-pure-helios-ocean-hombre\\\/#primaryimage\"},\"image\":{\"@id\":\"https:\\\/\\\/www.inverseteams.com\\\/es\\\/producto\\\/chaqueta-ciclista-membrana-pure-helios-ocean-hombre\\\/#primaryimage\"},\"thumbnailUrl\":\"https:\\\/\\\/www.inverseteams.com\\\/wp-content\\\/uploads\\\/CHAQUETA-CICLISMO-HOMBRE-PURE-HELIOS-OCEAN-1-1.jpg\",\"datePublished\":\"2024-07-26T12:33:48+00:00\",\"dateModified\":\"2026-02-16T10:15:03+00:00\",\"description\":\"Chaqueta ciclismo INVERSE. Perfecta para protegerte del viento y de la lluvia. Con elementos reflectantes en la zona posterior.\",\"breadcrumb\":{\"@id\":\"https:\\\/\\\/www.inverseteams.com\\\/es\\\/producto\\\/chaqueta-ciclista-membrana-pure-helios-ocean-hombre\\\/#breadcrumb\"},\"inLanguage\":\"es\",\"potentialAction\":[{\"@type\":\"ReadAction\",\"target\":[\"https:\\\/\\\/www.inverseteams.com\\\/es\\\/producto\\\/chaqueta-ciclista-membrana-pure-helios-ocean-hombre\\\/\"]}]},{\"@type\":\"ImageObject\",\"inLanguage\":\"es\",\"@id\":\"https:\\\/\\\/www.inverseteams.com\\\/es\\\/producto\\\/chaqueta-ciclista-membrana-pure-helios-ocean-hombre\\\/#primaryimage\",\"url\":\"https:\\\/\\\/www.inverseteams.com\\\/wp-content\\\/uploads\\\/CHAQUETA-CICLISMO-HOMBRE-PURE-HELIOS-OCEAN-1-1.jpg\",\"contentUrl\":\"https:\\\/\\\/www.inverseteams.com\\\/wp-content\\\/uploads\\\/CHAQUETA-CICLISMO-HOMBRE-PURE-HELIOS-OCEAN-1-1.jpg\",\"width\":1500,\"height\":1612,\"caption\":\"CHAQUETA CICLISMO ALTA GAMA INVERSE\"},{\"@type\":\"BreadcrumbList\",\"@id\":\"https:\\\/\\\/www.inverseteams.com\\\/es\\\/producto\\\/chaqueta-ciclista-membrana-pure-helios-ocean-hombre\\\/#breadcrumb\",\"itemListElement\":[{\"@type\":\"ListItem\",\"position\":1,\"name\":\"Portada\",\"item\":\"https:\\\/\\\/www.inverseteams.com\\\/es\\\/\"},{\"@type\":\"ListItem\",\"position\":2,\"name\":\"Tienda\",\"item\":\"https:\\\/\\\/www.inverseteams.com\\\/es\\\/tienda\\\/\"},{\"@type\":\"ListItem\",\"position\":3,\"name\":\"Chaqueta ciclista membrana PURE HELIOS OCEAN (HOMBRE)\"}]},{\"@type\":\"WebSite\",\"@id\":\"https:\\\/\\\/www.inverseteams.com\\\/es\\\/#website\",\"url\":\"https:\\\/\\\/www.inverseteams.com\\\/es\\\/\",\"name\":\"Inverseteams\",\"description\":\"Tu marca de ropa deportiva personalizada\",\"publisher\":{\"@id\":\"https:\\\/\\\/www.inverseteams.com\\\/es\\\/#organization\"},\"potentialAction\":[{\"@type\":\"SearchAction\",\"target\":{\"@type\":\"EntryPoint\",\"urlTemplate\":\"https:\\\/\\\/www.inverseteams.com\\\/es\\\/?s={search_term_string}\"},\"query-input\":{\"@type\":\"PropertyValueSpecification\",\"valueRequired\":true,\"valueName\":\"search_term_string\"}}],\"inLanguage\":\"es\"},{\"@type\":\"Organization\",\"@id\":\"https:\\\/\\\/www.inverseteams.com\\\/es\\\/#organization\",\"name\":\"Inverse Teams\",\"url\":\"https:\\\/\\\/www.inverseteams.com\\\/es\\\/\",\"logo\":{\"@type\":\"ImageObject\",\"inLanguage\":\"es\",\"@id\":\"https:\\\/\\\/www.inverseteams.com\\\/es\\\/#\\\/schema\\\/logo\\\/image\\\/\",\"url\":\"http:\\\/\\\/www.inverseteams.com\\\/wp-content\\\/uploads\\\/2021\\\/03\\\/logo-inverse-teams.png\",\"contentUrl\":\"http:\\\/\\\/www.inverseteams.com\\\/wp-content\\\/uploads\\\/2021\\\/03\\\/logo-inverse-teams.png\",\"width\":294,\"height\":99,\"caption\":\"Inverse Teams\"},\"image\":{\"@id\":\"https:\\\/\\\/www.inverseteams.com\\\/es\\\/#\\\/schema\\\/logo\\\/image\\\/\"},\"sameAs\":[\"https:\\\/\\\/www.facebook.com\\\/inverseteams\",\"http:\\\/\\\/instagram.com\\\/inverseteams\",\"https:\\\/\\\/www.linkedin.com\\\/company\\\/inverse-cirosport-s-l-?trk=job_view_topcard_company_name\",\"http:\\\/\\\/www.pinterest.com\\\/inverseteams\\\/\",\"http:\\\/\\\/www.youtube.com\\\/user\\\/inverseteams?feature=watch\"]}]}<\/script>\n<!-- \/ Yoast SEO plugin. -->","yoast_head_json":{"title":"Chaqueta ciclista membrana PURE HELIOS OCEAN","description":"Chaqueta ciclismo INVERSE. Perfecta para protegerte del viento y de la lluvia. Con elementos reflectantes en la zona posterior.","robots":{"index":"index","follow":"follow","max-snippet":"max-snippet:-1","max-image-preview":"max-image-preview:large","max-video-preview":"max-video-preview:-1"},"canonical":"https:\/\/www.inverseteams.com\/es\/producto\/chaqueta-ciclista-membrana-pure-helios-ocean-hombre\/","og_locale":"es_ES","og_type":"article","og_title":"Chaqueta ciclista membrana PURE HELIOS OCEAN","og_description":"Chaqueta ciclismo INVERSE. Perfecta para protegerte del viento y de la lluvia. Con elementos reflectantes en la zona posterior.","og_url":"https:\/\/www.inverseteams.com\/es\/producto\/chaqueta-ciclista-membrana-pure-helios-ocean-hombre\/","og_site_name":"Inverseteams","article_publisher":"https:\/\/www.facebook.com\/inverseteams","article_modified_time":"2026-02-16T10:15:03+00:00","og_image":[{"width":1500,"height":1612,"url":"https:\/\/www.inverseteams.com\/wp-content\/uploads\/CHAQUETA-CICLISMO-HOMBRE-PURE-HELIOS-OCEAN-1-1.jpg","type":"image\/jpeg"}],"twitter_card":"summary_large_image","twitter_misc":{"Tiempo de lectura":"2 minuto"},"schema":{"@context":"https:\/\/schema.org","@graph":[{"@type":"WebPage","@id":"https:\/\/www.inverseteams.com\/es\/producto\/chaqueta-ciclista-membrana-pure-helios-ocean-hombre\/","url":"https:\/\/www.inverseteams.com\/es\/producto\/chaqueta-ciclista-membrana-pure-helios-ocean-hombre\/","name":"Chaqueta ciclista membrana PURE HELIOS OCEAN","isPartOf":{"@id":"https:\/\/www.inverseteams.com\/es\/#website"},"primaryImageOfPage":{"@id":"https:\/\/www.inverseteams.com\/es\/producto\/chaqueta-ciclista-membrana-pure-helios-ocean-hombre\/#primaryimage"},"image":{"@id":"https:\/\/www.inverseteams.com\/es\/producto\/chaqueta-ciclista-membrana-pure-helios-ocean-hombre\/#primaryimage"},"thumbnailUrl":"https:\/\/www.inverseteams.com\/wp-content\/uploads\/CHAQUETA-CICLISMO-HOMBRE-PURE-HELIOS-OCEAN-1-1.jpg","datePublished":"2024-07-26T12:33:48+00:00","dateModified":"2026-02-16T10:15:03+00:00","description":"Chaqueta ciclismo INVERSE. Perfecta para protegerte del viento y de la lluvia. Con elementos reflectantes en la zona posterior.","breadcrumb":{"@id":"https:\/\/www.inverseteams.com\/es\/producto\/chaqueta-ciclista-membrana-pure-helios-ocean-hombre\/#breadcrumb"},"inLanguage":"es","potentialAction":[{"@type":"ReadAction","target":["https:\/\/www.inverseteams.com\/es\/producto\/chaqueta-ciclista-membrana-pure-helios-ocean-hombre\/"]}]},{"@type":"ImageObject","inLanguage":"es","@id":"https:\/\/www.inverseteams.com\/es\/producto\/chaqueta-ciclista-membrana-pure-helios-ocean-hombre\/#primaryimage","url":"https:\/\/www.inverseteams.com\/wp-content\/uploads\/CHAQUETA-CICLISMO-HOMBRE-PURE-HELIOS-OCEAN-1-1.jpg","contentUrl":"https:\/\/www.inverseteams.com\/wp-content\/uploads\/CHAQUETA-CICLISMO-HOMBRE-PURE-HELIOS-OCEAN-1-1.jpg","width":1500,"height":1612,"caption":"CHAQUETA CICLISMO ALTA GAMA INVERSE"},{"@type":"BreadcrumbList","@id":"https:\/\/www.inverseteams.com\/es\/producto\/chaqueta-ciclista-membrana-pure-helios-ocean-hombre\/#breadcrumb","itemListElement":[{"@type":"ListItem","position":1,"name":"Portada","item":"https:\/\/www.inverseteams.com\/es\/"},{"@type":"ListItem","position":2,"name":"Tienda","item":"https:\/\/www.inverseteams.com\/es\/tienda\/"},{"@type":"ListItem","position":3,"name":"Chaqueta ciclista membrana PURE HELIOS OCEAN (HOMBRE)"}]},{"@type":"WebSite","@id":"https:\/\/www.inverseteams.com\/es\/#website","url":"https:\/\/www.inverseteams.com\/es\/","name":"Inverseteams","description":"Tu marca de ropa deportiva personalizada","publisher":{"@id":"https:\/\/www.inverseteams.com\/es\/#organization"},"potentialAction":[{"@type":"SearchAction","target":{"@type":"EntryPoint","urlTemplate":"https:\/\/www.inverseteams.com\/es\/?s={search_term_string}"},"query-input":{"@type":"PropertyValueSpecification","valueRequired":true,"valueName":"search_term_string"}}],"inLanguage":"es"},{"@type":"Organization","@id":"https:\/\/www.inverseteams.com\/es\/#organization","name":"Inverse Teams","url":"https:\/\/www.inverseteams.com\/es\/","logo":{"@type":"ImageObject","inLanguage":"es","@id":"https:\/\/www.inverseteams.com\/es\/#\/schema\/logo\/image\/","url":"https:\/\/www.inverseteams.com\/wp-content\/uploads\/2021\/03\/logo-inverse-teams.png","contentUrl":"https:\/\/www.inverseteams.com\/wp-content\/uploads\/2021\/03\/logo-inverse-teams.png","width":294,"height":99,"caption":"Inverse Teams"},"image":{"@id":"https:\/\/www.inverseteams.com\/es\/#\/schema\/logo\/image\/"},"sameAs":["https:\/\/www.facebook.com\/inverseteams","http:\/\/instagram.com\/inverseteams","https:\/\/www.linkedin.com\/company\/inverse-cirosport-s-l-?trk=job_view_topcard_company_name","http:\/\/www.pinterest.com\/inverseteams\/","http:\/\/www.youtube.com\/user\/inverseteams?feature=watch"]}]}},"_links":{"self":[{"href":"https:\/\/www.inverseteams.com\/es\/wp-json\/wp\/v2\/product\/209254","targetHints":{"allow":["GET"]}}],"collection":[{"href":"https:\/\/www.inverseteams.com\/es\/wp-json\/wp\/v2\/product"}],"about":[{"href":"https:\/\/www.inverseteams.com\/es\/wp-json\/wp\/v2\/types\/product"}],"replies":[{"embeddable":true,"href":"https:\/\/www.inverseteams.com\/es\/wp-json\/wp\/v2\/comments?post=209254"}],"wp:featuredmedia":[{"embeddable":true,"href":"https:\/\/www.inverseteams.com\/es\/wp-json\/wp\/v2\/media\/217135"}],"wp:attachment":[{"href":"https:\/\/www.inverseteams.com\/es\/wp-json\/wp\/v2\/media?parent=209254"}],"wp:term":[{"taxonomy":"product_brand","embeddable":true,"href":"https:\/\/www.inverseteams.com\/es\/wp-json\/wp\/v2\/product_brand?post=209254"},{"taxonomy":"product_cat","embeddable":true,"href":"https:\/\/www.inverseteams.com\/es\/wp-json\/wp\/v2\/product_cat?post=209254"},{"taxonomy":"product_tag","embeddable":true,"href":"https:\/\/www.inverseteams.com\/es\/wp-json\/wp\/v2\/product_tag?post=209254"},{"taxonomy":"custom_category","embeddable":true,"href":"https:\/\/www.inverseteams.com\/es\/wp-json\/wp\/v2\/custom_category?post=209254"},{"taxonomy":"range","embeddable":true,"href":"https:\/\/www.inverseteams.com\/es\/wp-json\/wp\/v2\/range?post=209254"}],"curies":[{"name":"wp","href":"https:\/\/api.w.org\/{rel}","templated":true}]}}