{"id":209235,"date":"2024-07-26T12:28:22","date_gmt":"2024-07-26T12:28:22","guid":{"rendered":"https:\/\/www.inverseteams.com\/?post_type=product&#038;p=209235"},"modified":"2026-02-16T10:57:46","modified_gmt":"2026-02-16T09:57:46","slug":"chaleco-ciclista-alta-visibilidad-blaze-unisex","status":"publish","type":"product","link":"https:\/\/www.inverseteams.com\/es\/producto\/chaleco-ciclista-alta-visibilidad-blaze-unisex\/","title":{"rendered":"Chaleco reversible alta visibilidad MOTION BLAZE (UNISEX)"},"content":{"rendered":"<p>El equipo de desarrollo de Inverse ha creado este innovador chaleco ciclista de alta visibilidad para que puedas disfrutar del ciclismo con total seguridad.<br \/>\nPor un lado es de color amarillo fl\u00faor, altamente visible y acabado con muchos detalles reflectantes.<br \/>\nComo novedad, incorpora en la zona lumbar un tejido doble multipunto reflectante que se combina en ambos lados y que ofrece una gran visibilidad trasera. Cabe destacar que el vivo de su acabado es tambi\u00e9n reflectante.<br \/>\nGracias a su tejido con membrana bidireccional, sus propiedades son las mismas por ambos lados. Es muy ligero, cortavientos e impermeable. Ideal para los descensos y los d\u00edas de climatolog\u00eda variable.<br \/>\nMedia espalda est\u00e1 confeccionada con un tejido de rejilla para aumentar la transpirabilidad. Al ser tan fino y ligero lo podr\u00e1s guardar f\u00e1cilmente en el bolsillo del maillot cuando no lo necesite. Tiene una cremallera integral con sistema antipull que te permitir\u00e1 regular la ventilaci\u00f3n durante el ejercicio.<br \/>\nLas sisas est\u00e1n acabadas con un ribete el\u00e1stico para que el chaleco se ajuste al cuerpo y evitar la entrada de aire y aumentar la aerodin\u00e1mica. En la zona lumbar tiene 2 aperturas para que puedas acceder r\u00e1pida y f\u00e1cilmente a los bolsillos del maillot ciclista.<br \/>\nEn la cintura tiene una banda el\u00e1stica con un grip de silicona antiderrapante en el interior para mantener el maillot bien arrapado al cuerpo. Tambi\u00e9n tiene un ribete refletante para aumentar tu seguridad en la carretera. Disfruta del ciclismo sin preocupaciones.<\/p>\n","protected":false},"excerpt":{"rendered":"<p>El equipo de desarrollo de Inverse ha creado este innovador chaleco ciclista de alta visibilidad para que puedas disfrutar del ciclismo con total seguridad.<br \/>\nPor un lado es de color amarillo fl\u00faor, altamente visible y acabado con muchos detalles reflectantes.<br \/>\nComo novedad, incorpora en la zona lumbar un tejido doble multipunto reflectante que se combina en ambos lados y que ofrece una gran visibilidad trasera. Cabe destacar que el vivo de su acabado es tambi\u00e9n reflectante.<br \/>\nGracias a su tejido con membrana bidireccional, sus propiedades son las mismas por ambos lados. Es muy ligero, cortavientos e impermeable. Ideal para los descensos y los d\u00edas de climatolog\u00eda variable.<br \/>\nMedia espalda est\u00e1 confeccionada con un tejido de rejilla para aumentar la transpirabilidad. Al ser tan fino y ligero lo podr\u00e1s guardar f\u00e1cilmente en el bolsillo del maillot cuando no lo necesite. Tiene una cremallera integral con sistema antipull que te permitir\u00e1 regular la ventilaci\u00f3n durante el ejercicio.<br \/>\nLas sisas est\u00e1n acabadas con un ribete el\u00e1stico para que el chaleco se ajuste al cuerpo y evitar la entrada de aire y aumentar la aerodin\u00e1mica. En la zona lumbar tiene 2 aperturas para que puedas acceder r\u00e1pida y f\u00e1cilmente a los bolsillos del maillot ciclista.<br \/>\nEn la cintura tiene una banda el\u00e1stica con un grip de silicona antiderrapante en el interior para mantener el maillot bien arrapado al cuerpo. Tambi\u00e9n tiene un ribete refletante para aumentar tu seguridad en la carretera. Disfruta del ciclismo sin preocupaciones.<\/p>\n","protected":false},"featured_media":269162,"comment_status":"closed","ping_status":"closed","template":"","meta":{"_acf_changed":false},"product_brand":[],"product_cat":[132,1095,7174],"product_tag":[],"custom_category":[],"range":[],"class_list":{"0":"post-209235","1":"product","2":"type-product","3":"status-publish","4":"has-post-thumbnail","6":"product_cat-ciclismo","7":"product_cat-chaleco-ciclismo","8":"product_cat-b2b","9":"pa_climatologia-temperatura-templada","10":"pa_climatologia-viento","11":"pa_climatologia-lluvia","12":"pa_deporte-ciclismo","13":"pa_deporte-gravel","14":"pa_genero-hombre","15":"pa_genero-mujer","16":"pa_patronaje-regular","17":"pa_talla-xl","18":"pa_talla-xxl","19":"pa_talla-xs","20":"pa_talla-s","21":"pa_talla-m","22":"pa_talla-l","23":"pa_tipo-de-prenda-chaleco","25":"first","26":"instock","27":"taxable","28":"shipping-taxable","29":"purchasable","30":"product-type-variable","31":"has-default-attributes"},"acf":[],"yoast_head":"<!-- This site is optimized with the Yoast SEO plugin v27.3 - https:\/\/yoast.com\/product\/yoast-seo-wordpress\/ -->\n<title>Chaleco reversible alta visibilidad MOTION BLAZE (UNISEX)<\/title>\n<meta name=\"description\" content=\"Chaleco ciclismo de alta visibilidad. Con muchos elementos reflectantes. Seguridad total. Reversible, uno de los lados de amarillo fluor.\" \/>\n<meta name=\"robots\" content=\"index, follow, max-snippet:-1, max-image-preview:large, max-video-preview:-1\" \/>\n<link rel=\"canonical\" href=\"https:\/\/www.inverseteams.com\/es\/producto\/chaleco-ciclista-alta-visibilidad-blaze-unisex\/\" \/>\n<meta property=\"og:locale\" content=\"es_ES\" \/>\n<meta property=\"og:type\" content=\"article\" \/>\n<meta property=\"og:title\" content=\"Chaleco reversible alta visibilidad MOTION BLAZE (UNISEX)\" \/>\n<meta property=\"og:description\" content=\"Chaleco ciclismo de alta visibilidad. Con muchos elementos reflectantes. Seguridad total. Reversible, uno de los lados de amarillo fluor.\" \/>\n<meta property=\"og:url\" content=\"https:\/\/www.inverseteams.com\/es\/producto\/chaleco-ciclista-alta-visibilidad-blaze-unisex\/\" \/>\n<meta property=\"og:site_name\" content=\"Inverseteams\" \/>\n<meta property=\"article:publisher\" content=\"https:\/\/www.facebook.com\/inverseteams\" \/>\n<meta property=\"article:modified_time\" content=\"2026-02-16T09:57:46+00:00\" \/>\n<meta property=\"og:image\" content=\"https:\/\/www.inverseteams.com\/wp-content\/uploads\/INVERSE-CHALECO-UNISEX-MOTION-BLAZE-001.jpg\" \/>\n\t<meta property=\"og:image:width\" content=\"1500\" \/>\n\t<meta property=\"og:image:height\" content=\"1612\" \/>\n\t<meta property=\"og:image:type\" content=\"image\/jpeg\" \/>\n<meta name=\"twitter:card\" content=\"summary_large_image\" \/>\n<meta name=\"twitter:label1\" content=\"Tiempo de lectura\" \/>\n\t<meta name=\"twitter:data1\" content=\"2 minuto\" \/>\n<script type=\"application\/ld+json\" class=\"yoast-schema-graph\">{\"@context\":\"https:\\\/\\\/schema.org\",\"@graph\":[{\"@type\":\"WebPage\",\"@id\":\"https:\\\/\\\/www.inverseteams.com\\\/es\\\/producto\\\/chaleco-ciclista-alta-visibilidad-blaze-unisex\\\/\",\"url\":\"https:\\\/\\\/www.inverseteams.com\\\/es\\\/producto\\\/chaleco-ciclista-alta-visibilidad-blaze-unisex\\\/\",\"name\":\"Chaleco reversible alta visibilidad MOTION BLAZE (UNISEX)\",\"isPartOf\":{\"@id\":\"https:\\\/\\\/www.inverseteams.com\\\/es\\\/#website\"},\"primaryImageOfPage\":{\"@id\":\"https:\\\/\\\/www.inverseteams.com\\\/es\\\/producto\\\/chaleco-ciclista-alta-visibilidad-blaze-unisex\\\/#primaryimage\"},\"image\":{\"@id\":\"https:\\\/\\\/www.inverseteams.com\\\/es\\\/producto\\\/chaleco-ciclista-alta-visibilidad-blaze-unisex\\\/#primaryimage\"},\"thumbnailUrl\":\"https:\\\/\\\/www.inverseteams.com\\\/wp-content\\\/uploads\\\/INVERSE-CHALECO-UNISEX-MOTION-BLAZE-001.jpg\",\"datePublished\":\"2024-07-26T12:28:22+00:00\",\"dateModified\":\"2026-02-16T09:57:46+00:00\",\"description\":\"Chaleco ciclismo de alta visibilidad. Con muchos elementos reflectantes. Seguridad total. Reversible, uno de los lados de amarillo fluor.\",\"breadcrumb\":{\"@id\":\"https:\\\/\\\/www.inverseteams.com\\\/es\\\/producto\\\/chaleco-ciclista-alta-visibilidad-blaze-unisex\\\/#breadcrumb\"},\"inLanguage\":\"es\",\"potentialAction\":[{\"@type\":\"ReadAction\",\"target\":[\"https:\\\/\\\/www.inverseteams.com\\\/es\\\/producto\\\/chaleco-ciclista-alta-visibilidad-blaze-unisex\\\/\"]}]},{\"@type\":\"ImageObject\",\"inLanguage\":\"es\",\"@id\":\"https:\\\/\\\/www.inverseteams.com\\\/es\\\/producto\\\/chaleco-ciclista-alta-visibilidad-blaze-unisex\\\/#primaryimage\",\"url\":\"https:\\\/\\\/www.inverseteams.com\\\/wp-content\\\/uploads\\\/INVERSE-CHALECO-UNISEX-MOTION-BLAZE-001.jpg\",\"contentUrl\":\"https:\\\/\\\/www.inverseteams.com\\\/wp-content\\\/uploads\\\/INVERSE-CHALECO-UNISEX-MOTION-BLAZE-001.jpg\",\"width\":1500,\"height\":1612,\"caption\":\"chaleco alta visibilidad ciclismo inverse\"},{\"@type\":\"BreadcrumbList\",\"@id\":\"https:\\\/\\\/www.inverseteams.com\\\/es\\\/producto\\\/chaleco-ciclista-alta-visibilidad-blaze-unisex\\\/#breadcrumb\",\"itemListElement\":[{\"@type\":\"ListItem\",\"position\":1,\"name\":\"Portada\",\"item\":\"https:\\\/\\\/www.inverseteams.com\\\/es\\\/\"},{\"@type\":\"ListItem\",\"position\":2,\"name\":\"Tienda\",\"item\":\"https:\\\/\\\/www.inverseteams.com\\\/es\\\/tienda\\\/\"},{\"@type\":\"ListItem\",\"position\":3,\"name\":\"Chaleco reversible alta visibilidad MOTION BLAZE (UNISEX)\"}]},{\"@type\":\"WebSite\",\"@id\":\"https:\\\/\\\/www.inverseteams.com\\\/es\\\/#website\",\"url\":\"https:\\\/\\\/www.inverseteams.com\\\/es\\\/\",\"name\":\"Inverseteams\",\"description\":\"Tu marca de ropa deportiva personalizada\",\"publisher\":{\"@id\":\"https:\\\/\\\/www.inverseteams.com\\\/es\\\/#organization\"},\"potentialAction\":[{\"@type\":\"SearchAction\",\"target\":{\"@type\":\"EntryPoint\",\"urlTemplate\":\"https:\\\/\\\/www.inverseteams.com\\\/es\\\/?s={search_term_string}\"},\"query-input\":{\"@type\":\"PropertyValueSpecification\",\"valueRequired\":true,\"valueName\":\"search_term_string\"}}],\"inLanguage\":\"es\"},{\"@type\":\"Organization\",\"@id\":\"https:\\\/\\\/www.inverseteams.com\\\/es\\\/#organization\",\"name\":\"Inverse Teams\",\"url\":\"https:\\\/\\\/www.inverseteams.com\\\/es\\\/\",\"logo\":{\"@type\":\"ImageObject\",\"inLanguage\":\"es\",\"@id\":\"https:\\\/\\\/www.inverseteams.com\\\/es\\\/#\\\/schema\\\/logo\\\/image\\\/\",\"url\":\"http:\\\/\\\/www.inverseteams.com\\\/wp-content\\\/uploads\\\/2021\\\/03\\\/logo-inverse-teams.png\",\"contentUrl\":\"http:\\\/\\\/www.inverseteams.com\\\/wp-content\\\/uploads\\\/2021\\\/03\\\/logo-inverse-teams.png\",\"width\":294,\"height\":99,\"caption\":\"Inverse Teams\"},\"image\":{\"@id\":\"https:\\\/\\\/www.inverseteams.com\\\/es\\\/#\\\/schema\\\/logo\\\/image\\\/\"},\"sameAs\":[\"https:\\\/\\\/www.facebook.com\\\/inverseteams\",\"http:\\\/\\\/instagram.com\\\/inverseteams\",\"https:\\\/\\\/www.linkedin.com\\\/company\\\/inverse-cirosport-s-l-?trk=job_view_topcard_company_name\",\"http:\\\/\\\/www.pinterest.com\\\/inverseteams\\\/\",\"http:\\\/\\\/www.youtube.com\\\/user\\\/inverseteams?feature=watch\"]}]}<\/script>\n<!-- \/ Yoast SEO plugin. -->","yoast_head_json":{"title":"Chaleco reversible alta visibilidad MOTION BLAZE (UNISEX)","description":"Chaleco ciclismo de alta visibilidad. Con muchos elementos reflectantes. Seguridad total. Reversible, uno de los lados de amarillo fluor.","robots":{"index":"index","follow":"follow","max-snippet":"max-snippet:-1","max-image-preview":"max-image-preview:large","max-video-preview":"max-video-preview:-1"},"canonical":"https:\/\/www.inverseteams.com\/es\/producto\/chaleco-ciclista-alta-visibilidad-blaze-unisex\/","og_locale":"es_ES","og_type":"article","og_title":"Chaleco reversible alta visibilidad MOTION BLAZE (UNISEX)","og_description":"Chaleco ciclismo de alta visibilidad. Con muchos elementos reflectantes. Seguridad total. Reversible, uno de los lados de amarillo fluor.","og_url":"https:\/\/www.inverseteams.com\/es\/producto\/chaleco-ciclista-alta-visibilidad-blaze-unisex\/","og_site_name":"Inverseteams","article_publisher":"https:\/\/www.facebook.com\/inverseteams","article_modified_time":"2026-02-16T09:57:46+00:00","og_image":[{"width":1500,"height":1612,"url":"https:\/\/www.inverseteams.com\/wp-content\/uploads\/INVERSE-CHALECO-UNISEX-MOTION-BLAZE-001.jpg","type":"image\/jpeg"}],"twitter_card":"summary_large_image","twitter_misc":{"Tiempo de lectura":"2 minuto"},"schema":{"@context":"https:\/\/schema.org","@graph":[{"@type":"WebPage","@id":"https:\/\/www.inverseteams.com\/es\/producto\/chaleco-ciclista-alta-visibilidad-blaze-unisex\/","url":"https:\/\/www.inverseteams.com\/es\/producto\/chaleco-ciclista-alta-visibilidad-blaze-unisex\/","name":"Chaleco reversible alta visibilidad MOTION BLAZE (UNISEX)","isPartOf":{"@id":"https:\/\/www.inverseteams.com\/es\/#website"},"primaryImageOfPage":{"@id":"https:\/\/www.inverseteams.com\/es\/producto\/chaleco-ciclista-alta-visibilidad-blaze-unisex\/#primaryimage"},"image":{"@id":"https:\/\/www.inverseteams.com\/es\/producto\/chaleco-ciclista-alta-visibilidad-blaze-unisex\/#primaryimage"},"thumbnailUrl":"https:\/\/www.inverseteams.com\/wp-content\/uploads\/INVERSE-CHALECO-UNISEX-MOTION-BLAZE-001.jpg","datePublished":"2024-07-26T12:28:22+00:00","dateModified":"2026-02-16T09:57:46+00:00","description":"Chaleco ciclismo de alta visibilidad. Con muchos elementos reflectantes. Seguridad total. Reversible, uno de los lados de amarillo fluor.","breadcrumb":{"@id":"https:\/\/www.inverseteams.com\/es\/producto\/chaleco-ciclista-alta-visibilidad-blaze-unisex\/#breadcrumb"},"inLanguage":"es","potentialAction":[{"@type":"ReadAction","target":["https:\/\/www.inverseteams.com\/es\/producto\/chaleco-ciclista-alta-visibilidad-blaze-unisex\/"]}]},{"@type":"ImageObject","inLanguage":"es","@id":"https:\/\/www.inverseteams.com\/es\/producto\/chaleco-ciclista-alta-visibilidad-blaze-unisex\/#primaryimage","url":"https:\/\/www.inverseteams.com\/wp-content\/uploads\/INVERSE-CHALECO-UNISEX-MOTION-BLAZE-001.jpg","contentUrl":"https:\/\/www.inverseteams.com\/wp-content\/uploads\/INVERSE-CHALECO-UNISEX-MOTION-BLAZE-001.jpg","width":1500,"height":1612,"caption":"chaleco alta visibilidad ciclismo inverse"},{"@type":"BreadcrumbList","@id":"https:\/\/www.inverseteams.com\/es\/producto\/chaleco-ciclista-alta-visibilidad-blaze-unisex\/#breadcrumb","itemListElement":[{"@type":"ListItem","position":1,"name":"Portada","item":"https:\/\/www.inverseteams.com\/es\/"},{"@type":"ListItem","position":2,"name":"Tienda","item":"https:\/\/www.inverseteams.com\/es\/tienda\/"},{"@type":"ListItem","position":3,"name":"Chaleco reversible alta visibilidad MOTION BLAZE (UNISEX)"}]},{"@type":"WebSite","@id":"https:\/\/www.inverseteams.com\/es\/#website","url":"https:\/\/www.inverseteams.com\/es\/","name":"Inverseteams","description":"Tu marca de ropa deportiva personalizada","publisher":{"@id":"https:\/\/www.inverseteams.com\/es\/#organization"},"potentialAction":[{"@type":"SearchAction","target":{"@type":"EntryPoint","urlTemplate":"https:\/\/www.inverseteams.com\/es\/?s={search_term_string}"},"query-input":{"@type":"PropertyValueSpecification","valueRequired":true,"valueName":"search_term_string"}}],"inLanguage":"es"},{"@type":"Organization","@id":"https:\/\/www.inverseteams.com\/es\/#organization","name":"Inverse Teams","url":"https:\/\/www.inverseteams.com\/es\/","logo":{"@type":"ImageObject","inLanguage":"es","@id":"https:\/\/www.inverseteams.com\/es\/#\/schema\/logo\/image\/","url":"https:\/\/www.inverseteams.com\/wp-content\/uploads\/2021\/03\/logo-inverse-teams.png","contentUrl":"https:\/\/www.inverseteams.com\/wp-content\/uploads\/2021\/03\/logo-inverse-teams.png","width":294,"height":99,"caption":"Inverse Teams"},"image":{"@id":"https:\/\/www.inverseteams.com\/es\/#\/schema\/logo\/image\/"},"sameAs":["https:\/\/www.facebook.com\/inverseteams","http:\/\/instagram.com\/inverseteams","https:\/\/www.linkedin.com\/company\/inverse-cirosport-s-l-?trk=job_view_topcard_company_name","http:\/\/www.pinterest.com\/inverseteams\/","http:\/\/www.youtube.com\/user\/inverseteams?feature=watch"]}]}},"_links":{"self":[{"href":"https:\/\/www.inverseteams.com\/es\/wp-json\/wp\/v2\/product\/209235","targetHints":{"allow":["GET"]}}],"collection":[{"href":"https:\/\/www.inverseteams.com\/es\/wp-json\/wp\/v2\/product"}],"about":[{"href":"https:\/\/www.inverseteams.com\/es\/wp-json\/wp\/v2\/types\/product"}],"replies":[{"embeddable":true,"href":"https:\/\/www.inverseteams.com\/es\/wp-json\/wp\/v2\/comments?post=209235"}],"wp:featuredmedia":[{"embeddable":true,"href":"https:\/\/www.inverseteams.com\/es\/wp-json\/wp\/v2\/media\/269162"}],"wp:attachment":[{"href":"https:\/\/www.inverseteams.com\/es\/wp-json\/wp\/v2\/media?parent=209235"}],"wp:term":[{"taxonomy":"product_brand","embeddable":true,"href":"https:\/\/www.inverseteams.com\/es\/wp-json\/wp\/v2\/product_brand?post=209235"},{"taxonomy":"product_cat","embeddable":true,"href":"https:\/\/www.inverseteams.com\/es\/wp-json\/wp\/v2\/product_cat?post=209235"},{"taxonomy":"product_tag","embeddable":true,"href":"https:\/\/www.inverseteams.com\/es\/wp-json\/wp\/v2\/product_tag?post=209235"},{"taxonomy":"custom_category","embeddable":true,"href":"https:\/\/www.inverseteams.com\/es\/wp-json\/wp\/v2\/custom_category?post=209235"},{"taxonomy":"range","embeddable":true,"href":"https:\/\/www.inverseteams.com\/es\/wp-json\/wp\/v2\/range?post=209235"}],"curies":[{"name":"wp","href":"https:\/\/api.w.org\/{rel}","templated":true}]}}