{"id":209199,"date":"2024-07-26T12:19:14","date_gmt":"2024-07-26T12:19:14","guid":{"rendered":"https:\/\/www.inverseteams.com\/?post_type=product&#038;p=209199"},"modified":"2026-02-16T10:57:38","modified_gmt":"2026-02-16T09:57:38","slug":"maillot-ciclista-con-luz-de-seguridad-antares-25-mujer","status":"publish","type":"product","link":"https:\/\/www.inverseteams.com\/es\/producto\/maillot-ciclista-con-luz-de-seguridad-antares-25-mujer\/","title":{"rendered":"Maillot ciclista con luz de seguridad ANTARES 25 (MUJER)"},"content":{"rendered":"<p>En la zona de los bolsillos incorpora una luz LED de seguridad extraible. \u00c9sta tiene 2 modos de iluminaci\u00f3n: fijo y parpadeo. Con una potencia de 150 lumens, su rango de visibilidad m\u00e1ximo es de 20 metros. Tiene una duraci\u00f3n de 2 a 4 horas y es f\u00e1cilmente recargable por USB 3.0.<br \/>\nEl nuevo maillot ANTARES es perfecto para disfrutar del ciclismo con total seguridad durante los momentos de poca luz.<br \/>\nEl cuerpo est\u00e1 confeccionado con el tejido t\u00e9rmico SUPERROUBAIX que mantiene el calor corporal y facilita la evacuaci\u00f3n del sudor. Tendr\u00e1s una sensaci\u00f3n de confort total y tu piel estar\u00e1 seca durante todas las horas de ejercicio. Como novedad, esta evoluci\u00f3n del maillot ANTARES incorpora en la zona del pecho el tejido AEROTECH-FAST, una membrana hidrof\u00edlica y termoreguladora de gran elasticidad que protege de la humedad y el viento. Su patronaje SLIM FIT permite que el maillot ciclista est\u00e9 bien arrapado al cuerpo para maximizar sus caracter\u00edsticas t\u00e9cnicas y mejorar la aerodin\u00e1mica. Tiene una cremallera integral con sistema antipull que te permitir\u00e1 pon\u00e9rtelo y quit\u00e1rtelo f\u00e1cilmente y podr\u00e1s regular la ventilaci\u00f3n durante el ejercicio.<br \/>\nLas mangas montadas AERO se adaptan perfectamente al brazo y a todas las posiciones. Est\u00e1n cosidas con costuras planas para evitar rozaduras. El tejido CYCLON, con el que est\u00e1n fabricadas, es altamente transpirable. El pu\u00f1o el\u00e1stico se ajusta muy bien al brazo y evita la entrada de aire.<br \/>\nEn la cintura tiene una banda el\u00e1stica con un grip de silicona antiderrapante en el interior para mantener el maillot bien arrapado al cuerpo. En la zona lumbar incorpora 4 bolsillos abiertos (3 + 1). Tambi\u00e9n tiene varias zonas fabricadas con tejido reflectante para aumentar tu seguridad en la carretera. Disfruta del ciclismo sin preocupaciones.<\/p>\n","protected":false},"excerpt":{"rendered":"<p>En la zona de los bolsillos incorpora una luz LED de seguridad extraible. \u00c9sta tiene 2 modos de iluminaci\u00f3n: fijo y parpadeo. Con una potencia de 150 lumens, su rango de visibilidad m\u00e1ximo es de 20 metros. Tiene una duraci\u00f3n de 2 a 4 horas y es f\u00e1cilmente recargable por USB 3.0.<br \/>\nEl nuevo maillot ANTARES es perfecto para disfrutar del ciclismo con total seguridad durante los momentos de poca luz.<br \/>\nEl cuerpo est\u00e1 confeccionado con el tejido t\u00e9rmico SUPERROUBAIX que mantiene el calor corporal y facilita la evacuaci\u00f3n del sudor. Tendr\u00e1s una sensaci\u00f3n de confort total y tu piel estar\u00e1 seca durante todas las horas de ejercicio. Como novedad, esta evoluci\u00f3n del maillot ANTARES incorpora en la zona del pecho el tejido AEROTECH-FAST, una membrana hidrof\u00edlica y termoreguladora de gran elasticidad que protege de la humedad y el viento. Su patronaje SLIM FIT permite que el maillot ciclista est\u00e9 bien arrapado al cuerpo para maximizar sus caracter\u00edsticas t\u00e9cnicas y mejorar la aerodin\u00e1mica. Tiene una cremallera integral con sistema antipull que te permitir\u00e1 pon\u00e9rtelo y quit\u00e1rtelo f\u00e1cilmente y podr\u00e1s regular la ventilaci\u00f3n durante el ejercicio.<br \/>\nLas mangas montadas AERO se adaptan perfectamente al brazo y a todas las posiciones. Est\u00e1n cosidas con costuras planas para evitar rozaduras. El tejido CYCLON, con el que est\u00e1n fabricadas, es altamente transpirable. El pu\u00f1o el\u00e1stico se ajusta muy bien al brazo y evita la entrada de aire.<br \/>\nEn la cintura tiene una banda el\u00e1stica con un grip de silicona antiderrapante en el interior para mantener el maillot bien arrapado al cuerpo. En la zona lumbar incorpora 4 bolsillos abiertos (3 + 1). Tambi\u00e9n tiene varias zonas fabricadas con tejido reflectante para aumentar tu seguridad en la carretera. Disfruta del ciclismo sin preocupaciones.<\/p>\n","protected":false},"featured_media":271121,"comment_status":"closed","ping_status":"closed","template":"","meta":{"_acf_changed":false},"product_brand":[],"product_cat":[132,1091,7174],"product_tag":[],"custom_category":[],"range":[],"class_list":{"0":"post-209199","1":"product","2":"type-product","3":"status-publish","4":"has-post-thumbnail","6":"product_cat-ciclismo","7":"product_cat-maillot-ciclismo","8":"product_cat-b2b","9":"pa_climatologia-frio","10":"pa_deporte-gravel","11":"pa_deporte-ciclismo","12":"pa_genero-mujer","13":"pa_patronaje-fit","14":"pa_talla-s","15":"pa_talla-m","16":"pa_talla-l","17":"pa_talla-xl","18":"pa_talla-xs","19":"pa_tipo-de-prenda-maillot-manga-larga","21":"first","22":"instock","23":"taxable","24":"shipping-taxable","25":"purchasable","26":"product-type-variable","27":"has-default-attributes"},"acf":[],"yoast_head":"<!-- This site is optimized with the Yoast SEO plugin v27.3 - https:\/\/yoast.com\/product\/yoast-seo-wordpress\/ -->\n<title>Maillot ciclista con luz de seguridad ANTARES 25<\/title>\n<meta name=\"description\" content=\"Maillot ciclismo con luz LED de seguridad. Disfruta del ciclismo con total seguridad. Dise\u00f1ado y patentado por INVERSE.\" \/>\n<meta name=\"robots\" content=\"index, follow, max-snippet:-1, max-image-preview:large, max-video-preview:-1\" \/>\n<link rel=\"canonical\" href=\"https:\/\/www.inverseteams.com\/es\/producto\/maillot-ciclista-con-luz-de-seguridad-antares-25-mujer\/\" \/>\n<meta property=\"og:locale\" content=\"es_ES\" \/>\n<meta property=\"og:type\" content=\"article\" \/>\n<meta property=\"og:title\" content=\"Maillot ciclista con luz de seguridad ANTARES 25\" \/>\n<meta property=\"og:description\" content=\"Maillot ciclismo con luz LED de seguridad. Disfruta del ciclismo con total seguridad. Dise\u00f1ado y patentado por INVERSE.\" \/>\n<meta property=\"og:url\" content=\"https:\/\/www.inverseteams.com\/es\/producto\/maillot-ciclista-con-luz-de-seguridad-antares-25-mujer\/\" \/>\n<meta property=\"og:site_name\" content=\"Inverseteams\" \/>\n<meta property=\"article:publisher\" content=\"https:\/\/www.facebook.com\/inverseteams\" \/>\n<meta property=\"article:modified_time\" content=\"2026-02-16T09:57:38+00:00\" \/>\n<meta property=\"og:image\" content=\"https:\/\/www.inverseteams.com\/wp-content\/uploads\/INVERSE-MAILLOT-MUJER-ANTARES-BLACK-001.jpg\" \/>\n\t<meta property=\"og:image:width\" content=\"1500\" \/>\n\t<meta property=\"og:image:height\" content=\"1612\" \/>\n\t<meta property=\"og:image:type\" content=\"image\/jpeg\" \/>\n<meta name=\"twitter:card\" content=\"summary_large_image\" \/>\n<meta name=\"twitter:label1\" content=\"Tiempo de lectura\" \/>\n\t<meta name=\"twitter:data1\" content=\"2 minuto\" \/>\n<script type=\"application\/ld+json\" class=\"yoast-schema-graph\">{\"@context\":\"https:\\\/\\\/schema.org\",\"@graph\":[{\"@type\":\"WebPage\",\"@id\":\"https:\\\/\\\/www.inverseteams.com\\\/es\\\/producto\\\/maillot-ciclista-con-luz-de-seguridad-antares-25-mujer\\\/\",\"url\":\"https:\\\/\\\/www.inverseteams.com\\\/es\\\/producto\\\/maillot-ciclista-con-luz-de-seguridad-antares-25-mujer\\\/\",\"name\":\"Maillot ciclista con luz de seguridad ANTARES 25\",\"isPartOf\":{\"@id\":\"https:\\\/\\\/www.inverseteams.com\\\/es\\\/#website\"},\"primaryImageOfPage\":{\"@id\":\"https:\\\/\\\/www.inverseteams.com\\\/es\\\/producto\\\/maillot-ciclista-con-luz-de-seguridad-antares-25-mujer\\\/#primaryimage\"},\"image\":{\"@id\":\"https:\\\/\\\/www.inverseteams.com\\\/es\\\/producto\\\/maillot-ciclista-con-luz-de-seguridad-antares-25-mujer\\\/#primaryimage\"},\"thumbnailUrl\":\"https:\\\/\\\/www.inverseteams.com\\\/wp-content\\\/uploads\\\/INVERSE-MAILLOT-MUJER-ANTARES-BLACK-001.jpg\",\"datePublished\":\"2024-07-26T12:19:14+00:00\",\"dateModified\":\"2026-02-16T09:57:38+00:00\",\"description\":\"Maillot ciclismo con luz LED de seguridad. Disfruta del ciclismo con total seguridad. Dise\u00f1ado y patentado por INVERSE.\",\"breadcrumb\":{\"@id\":\"https:\\\/\\\/www.inverseteams.com\\\/es\\\/producto\\\/maillot-ciclista-con-luz-de-seguridad-antares-25-mujer\\\/#breadcrumb\"},\"inLanguage\":\"es\",\"potentialAction\":[{\"@type\":\"ReadAction\",\"target\":[\"https:\\\/\\\/www.inverseteams.com\\\/es\\\/producto\\\/maillot-ciclista-con-luz-de-seguridad-antares-25-mujer\\\/\"]}]},{\"@type\":\"ImageObject\",\"inLanguage\":\"es\",\"@id\":\"https:\\\/\\\/www.inverseteams.com\\\/es\\\/producto\\\/maillot-ciclista-con-luz-de-seguridad-antares-25-mujer\\\/#primaryimage\",\"url\":\"https:\\\/\\\/www.inverseteams.com\\\/wp-content\\\/uploads\\\/INVERSE-MAILLOT-MUJER-ANTARES-BLACK-001.jpg\",\"contentUrl\":\"https:\\\/\\\/www.inverseteams.com\\\/wp-content\\\/uploads\\\/INVERSE-MAILLOT-MUJER-ANTARES-BLACK-001.jpg\",\"width\":1500,\"height\":1612,\"caption\":\"maillot ciclismo antares mujer inverse\"},{\"@type\":\"BreadcrumbList\",\"@id\":\"https:\\\/\\\/www.inverseteams.com\\\/es\\\/producto\\\/maillot-ciclista-con-luz-de-seguridad-antares-25-mujer\\\/#breadcrumb\",\"itemListElement\":[{\"@type\":\"ListItem\",\"position\":1,\"name\":\"Portada\",\"item\":\"https:\\\/\\\/www.inverseteams.com\\\/es\\\/\"},{\"@type\":\"ListItem\",\"position\":2,\"name\":\"Tienda\",\"item\":\"https:\\\/\\\/www.inverseteams.com\\\/es\\\/tienda\\\/\"},{\"@type\":\"ListItem\",\"position\":3,\"name\":\"Maillot ciclista con luz de seguridad ANTARES 25 (MUJER)\"}]},{\"@type\":\"WebSite\",\"@id\":\"https:\\\/\\\/www.inverseteams.com\\\/es\\\/#website\",\"url\":\"https:\\\/\\\/www.inverseteams.com\\\/es\\\/\",\"name\":\"Inverseteams\",\"description\":\"Tu marca de ropa deportiva personalizada\",\"publisher\":{\"@id\":\"https:\\\/\\\/www.inverseteams.com\\\/es\\\/#organization\"},\"potentialAction\":[{\"@type\":\"SearchAction\",\"target\":{\"@type\":\"EntryPoint\",\"urlTemplate\":\"https:\\\/\\\/www.inverseteams.com\\\/es\\\/?s={search_term_string}\"},\"query-input\":{\"@type\":\"PropertyValueSpecification\",\"valueRequired\":true,\"valueName\":\"search_term_string\"}}],\"inLanguage\":\"es\"},{\"@type\":\"Organization\",\"@id\":\"https:\\\/\\\/www.inverseteams.com\\\/es\\\/#organization\",\"name\":\"Inverse Teams\",\"url\":\"https:\\\/\\\/www.inverseteams.com\\\/es\\\/\",\"logo\":{\"@type\":\"ImageObject\",\"inLanguage\":\"es\",\"@id\":\"https:\\\/\\\/www.inverseteams.com\\\/es\\\/#\\\/schema\\\/logo\\\/image\\\/\",\"url\":\"https:\\\/\\\/www.inverseteams.com\\\/wp-content\\\/uploads\\\/2021\\\/03\\\/logo-inverse-teams.png\",\"contentUrl\":\"https:\\\/\\\/www.inverseteams.com\\\/wp-content\\\/uploads\\\/2021\\\/03\\\/logo-inverse-teams.png\",\"width\":294,\"height\":99,\"caption\":\"Inverse Teams\"},\"image\":{\"@id\":\"https:\\\/\\\/www.inverseteams.com\\\/es\\\/#\\\/schema\\\/logo\\\/image\\\/\"},\"sameAs\":[\"https:\\\/\\\/www.facebook.com\\\/inverseteams\",\"http:\\\/\\\/instagram.com\\\/inverseteams\",\"https:\\\/\\\/www.linkedin.com\\\/company\\\/inverse-cirosport-s-l-?trk=job_view_topcard_company_name\",\"http:\\\/\\\/www.pinterest.com\\\/inverseteams\\\/\",\"http:\\\/\\\/www.youtube.com\\\/user\\\/inverseteams?feature=watch\"]}]}<\/script>\n<!-- \/ Yoast SEO plugin. -->","yoast_head_json":{"title":"Maillot ciclista con luz de seguridad ANTARES 25","description":"Maillot ciclismo con luz LED de seguridad. Disfruta del ciclismo con total seguridad. Dise\u00f1ado y patentado por INVERSE.","robots":{"index":"index","follow":"follow","max-snippet":"max-snippet:-1","max-image-preview":"max-image-preview:large","max-video-preview":"max-video-preview:-1"},"canonical":"https:\/\/www.inverseteams.com\/es\/producto\/maillot-ciclista-con-luz-de-seguridad-antares-25-mujer\/","og_locale":"es_ES","og_type":"article","og_title":"Maillot ciclista con luz de seguridad ANTARES 25","og_description":"Maillot ciclismo con luz LED de seguridad. Disfruta del ciclismo con total seguridad. Dise\u00f1ado y patentado por INVERSE.","og_url":"https:\/\/www.inverseteams.com\/es\/producto\/maillot-ciclista-con-luz-de-seguridad-antares-25-mujer\/","og_site_name":"Inverseteams","article_publisher":"https:\/\/www.facebook.com\/inverseteams","article_modified_time":"2026-02-16T09:57:38+00:00","og_image":[{"width":1500,"height":1612,"url":"https:\/\/www.inverseteams.com\/wp-content\/uploads\/INVERSE-MAILLOT-MUJER-ANTARES-BLACK-001.jpg","type":"image\/jpeg"}],"twitter_card":"summary_large_image","twitter_misc":{"Tiempo de lectura":"2 minuto"},"schema":{"@context":"https:\/\/schema.org","@graph":[{"@type":"WebPage","@id":"https:\/\/www.inverseteams.com\/es\/producto\/maillot-ciclista-con-luz-de-seguridad-antares-25-mujer\/","url":"https:\/\/www.inverseteams.com\/es\/producto\/maillot-ciclista-con-luz-de-seguridad-antares-25-mujer\/","name":"Maillot ciclista con luz de seguridad ANTARES 25","isPartOf":{"@id":"https:\/\/www.inverseteams.com\/es\/#website"},"primaryImageOfPage":{"@id":"https:\/\/www.inverseteams.com\/es\/producto\/maillot-ciclista-con-luz-de-seguridad-antares-25-mujer\/#primaryimage"},"image":{"@id":"https:\/\/www.inverseteams.com\/es\/producto\/maillot-ciclista-con-luz-de-seguridad-antares-25-mujer\/#primaryimage"},"thumbnailUrl":"https:\/\/www.inverseteams.com\/wp-content\/uploads\/INVERSE-MAILLOT-MUJER-ANTARES-BLACK-001.jpg","datePublished":"2024-07-26T12:19:14+00:00","dateModified":"2026-02-16T09:57:38+00:00","description":"Maillot ciclismo con luz LED de seguridad. Disfruta del ciclismo con total seguridad. Dise\u00f1ado y patentado por INVERSE.","breadcrumb":{"@id":"https:\/\/www.inverseteams.com\/es\/producto\/maillot-ciclista-con-luz-de-seguridad-antares-25-mujer\/#breadcrumb"},"inLanguage":"es","potentialAction":[{"@type":"ReadAction","target":["https:\/\/www.inverseteams.com\/es\/producto\/maillot-ciclista-con-luz-de-seguridad-antares-25-mujer\/"]}]},{"@type":"ImageObject","inLanguage":"es","@id":"https:\/\/www.inverseteams.com\/es\/producto\/maillot-ciclista-con-luz-de-seguridad-antares-25-mujer\/#primaryimage","url":"https:\/\/www.inverseteams.com\/wp-content\/uploads\/INVERSE-MAILLOT-MUJER-ANTARES-BLACK-001.jpg","contentUrl":"https:\/\/www.inverseteams.com\/wp-content\/uploads\/INVERSE-MAILLOT-MUJER-ANTARES-BLACK-001.jpg","width":1500,"height":1612,"caption":"maillot ciclismo antares mujer inverse"},{"@type":"BreadcrumbList","@id":"https:\/\/www.inverseteams.com\/es\/producto\/maillot-ciclista-con-luz-de-seguridad-antares-25-mujer\/#breadcrumb","itemListElement":[{"@type":"ListItem","position":1,"name":"Portada","item":"https:\/\/www.inverseteams.com\/es\/"},{"@type":"ListItem","position":2,"name":"Tienda","item":"https:\/\/www.inverseteams.com\/es\/tienda\/"},{"@type":"ListItem","position":3,"name":"Maillot ciclista con luz de seguridad ANTARES 25 (MUJER)"}]},{"@type":"WebSite","@id":"https:\/\/www.inverseteams.com\/es\/#website","url":"https:\/\/www.inverseteams.com\/es\/","name":"Inverseteams","description":"Tu marca de ropa deportiva personalizada","publisher":{"@id":"https:\/\/www.inverseteams.com\/es\/#organization"},"potentialAction":[{"@type":"SearchAction","target":{"@type":"EntryPoint","urlTemplate":"https:\/\/www.inverseteams.com\/es\/?s={search_term_string}"},"query-input":{"@type":"PropertyValueSpecification","valueRequired":true,"valueName":"search_term_string"}}],"inLanguage":"es"},{"@type":"Organization","@id":"https:\/\/www.inverseteams.com\/es\/#organization","name":"Inverse Teams","url":"https:\/\/www.inverseteams.com\/es\/","logo":{"@type":"ImageObject","inLanguage":"es","@id":"https:\/\/www.inverseteams.com\/es\/#\/schema\/logo\/image\/","url":"https:\/\/www.inverseteams.com\/wp-content\/uploads\/2021\/03\/logo-inverse-teams.png","contentUrl":"https:\/\/www.inverseteams.com\/wp-content\/uploads\/2021\/03\/logo-inverse-teams.png","width":294,"height":99,"caption":"Inverse Teams"},"image":{"@id":"https:\/\/www.inverseteams.com\/es\/#\/schema\/logo\/image\/"},"sameAs":["https:\/\/www.facebook.com\/inverseteams","http:\/\/instagram.com\/inverseteams","https:\/\/www.linkedin.com\/company\/inverse-cirosport-s-l-?trk=job_view_topcard_company_name","http:\/\/www.pinterest.com\/inverseteams\/","http:\/\/www.youtube.com\/user\/inverseteams?feature=watch"]}]}},"_links":{"self":[{"href":"https:\/\/www.inverseteams.com\/es\/wp-json\/wp\/v2\/product\/209199","targetHints":{"allow":["GET"]}}],"collection":[{"href":"https:\/\/www.inverseteams.com\/es\/wp-json\/wp\/v2\/product"}],"about":[{"href":"https:\/\/www.inverseteams.com\/es\/wp-json\/wp\/v2\/types\/product"}],"replies":[{"embeddable":true,"href":"https:\/\/www.inverseteams.com\/es\/wp-json\/wp\/v2\/comments?post=209199"}],"wp:featuredmedia":[{"embeddable":true,"href":"https:\/\/www.inverseteams.com\/es\/wp-json\/wp\/v2\/media\/271121"}],"wp:attachment":[{"href":"https:\/\/www.inverseteams.com\/es\/wp-json\/wp\/v2\/media?parent=209199"}],"wp:term":[{"taxonomy":"product_brand","embeddable":true,"href":"https:\/\/www.inverseteams.com\/es\/wp-json\/wp\/v2\/product_brand?post=209199"},{"taxonomy":"product_cat","embeddable":true,"href":"https:\/\/www.inverseteams.com\/es\/wp-json\/wp\/v2\/product_cat?post=209199"},{"taxonomy":"product_tag","embeddable":true,"href":"https:\/\/www.inverseteams.com\/es\/wp-json\/wp\/v2\/product_tag?post=209199"},{"taxonomy":"custom_category","embeddable":true,"href":"https:\/\/www.inverseteams.com\/es\/wp-json\/wp\/v2\/custom_category?post=209199"},{"taxonomy":"range","embeddable":true,"href":"https:\/\/www.inverseteams.com\/es\/wp-json\/wp\/v2\/range?post=209199"}],"curies":[{"name":"wp","href":"https:\/\/api.w.org\/{rel}","templated":true}]}}