{"id":189317,"date":"2024-02-29T19:24:04","date_gmt":"2024-02-29T19:24:04","guid":{"rendered":"https:\/\/www.inverseteams.com\/?post_type=product&#038;p=189317"},"modified":"2025-02-13T06:46:15","modified_gmt":"2025-02-13T06:46:15","slug":"maillot-symbiosis-gea-rubus-unisex","status":"publish","type":"product","link":"https:\/\/www.inverseteams.com\/es\/producto\/maillot-symbiosis-gea-rubus-unisex\/","title":{"rendered":"Maillot SYMBIOSIS GEA RUBUS (UNISEX)"},"content":{"rendered":"<p>Tintados con el proceso Naturdyes\u00ae Technology. Todos los productos que intervienen en el tintado son 100% naturales, de origen vegetal y mineral. No generan ning\u00fan residuo t\u00f3xico. Esta t\u00e9cnica consume un 70% menos de agua que un proceso convencional. Adem\u00e1s, al tintar a baja temperatura conseguimos una eficiencia energ\u00e9tica mayor y disminuimos la huella de carbono.<br \/>\nMaillot ciclista ultraligero confeccionado con el tejido AIRFLOW que se caracteriza por su estructura abierta y por ser extremadamente transpirable. Expulsar\u00e1s r\u00e1pidamente el sudor y tu piel estar\u00e1 fresca y seca para que puedas rendir al m\u00e1ximo.<br \/>\nEl cuello redondo y el\u00e1stico se adapta a todas las posiciones y te permite hacer ejercicio durante horas sin ninguna molestia. En la cintura, para que el maillot est\u00e9 bien arrapado al cuerpo, tiene una banda de silicona en el interior.<br \/>\nEn la zona lumbar incorpora 3 bolsillos posteriores con el sistema de seguridad ISP. Adem\u00e1s tambi\u00e9n tiene un bolsillo con cremallera para poder guardar con total seguridad tus objetos de valor.<\/p>\n","protected":false},"excerpt":{"rendered":"<p>Tintados con el proceso Naturdyes\u00ae Technology. Todos los productos que intervienen en el tintado son 100% naturales, de origen vegetal y mineral. No generan ning\u00fan residuo t\u00f3xico. Esta t\u00e9cnica consume un 70% menos de agua que un proceso convencional. Adem\u00e1s, al tintar a baja temperatura conseguimos una eficiencia energ\u00e9tica mayor y disminuimos la huella de carbono.<br \/>\nMaillot ciclista ultraligero confeccionado con el tejido AIRFLOW que se caracteriza por su estructura abierta y por ser extremadamente transpirable. Expulsar\u00e1s r\u00e1pidamente el sudor y tu piel estar\u00e1 fresca y seca para que puedas rendir al m\u00e1ximo.<br \/>\nEl cuello redondo y el\u00e1stico se adapta a todas las posiciones y te permite hacer ejercicio durante horas sin ninguna molestia. En la cintura, para que el maillot est\u00e9 bien arrapado al cuerpo, tiene una banda de silicona en el interior.<br \/>\nEn la zona lumbar incorpora 3 bolsillos posteriores con el sistema de seguridad ISP. Adem\u00e1s tambi\u00e9n tiene un bolsillo con cremallera para poder guardar con total seguridad tus objetos de valor.<\/p>\n","protected":false},"featured_media":188717,"comment_status":"closed","ping_status":"closed","template":"","meta":{"_acf_changed":false},"product_brand":[],"product_cat":[1091,7174,132,9946],"product_tag":[],"custom_category":[],"range":[],"class_list":{"0":"post-189317","1":"product","2":"type-product","3":"status-publish","4":"has-post-thumbnail","6":"product_cat-maillot-ciclismo","7":"product_cat-b2b","8":"product_cat-ciclismo","9":"product_cat-gravel","10":"pa_climatologia-calor","11":"pa_deporte-gravel","12":"pa_deporte-ciclismo","13":"pa_genero-hombre","14":"pa_genero-mujer","15":"pa_patronaje-regular","16":"pa_talla-m","17":"pa_talla-l","18":"pa_talla-xl","19":"pa_talla-xxl","20":"pa_talla-xs","21":"pa_talla-s","22":"pa_tipo-de-prenda-maillot-manga-corta","24":"first","25":"outofstock","26":"taxable","27":"shipping-taxable","28":"purchasable","29":"product-type-variable","30":"has-default-attributes"},"acf":[],"yoast_head":"<!-- This site is optimized with the Yoast SEO plugin v27.5 - https:\/\/yoast.com\/product\/yoast-seo-wordpress\/ -->\n<title>Maillot SYMBIOSIS GEA RUBUS (UNISEX) | Inverseteams<\/title>\n<meta name=\"description\" content=\"Tintados con el proceso Naturdyes\u00ae Technology. Todos los productos que intervienen en el tintado son 100% naturales, de origen vegetal y mineral. No generan ning\u00fan residuo t\u00f3xico. Esta t\u00e9cnica consume un 70% menos de agua que un proceso convencional. Adem\u00e1s, al tintar a baja temperatura conseguimos una eficiencia energ\u00e9tica mayor y disminuimos la huella de carbono. Maillot ciclista ultraligero confeccionado con el tejido AIRFLOW que se caracteriza por su estructura abierta y por ser extremadamente transpirable. Expulsar\u00e1s r\u00e1pidamente el sudor y tu piel estar\u00e1 fresca y seca para que puedas rendir al m\u00e1ximo. El cuello redondo y el\u00e1stico se adapta a todas las posiciones y te permite hacer ejercicio durante horas sin ninguna molestia. En la cintura, para que el maillot est\u00e9 bien arrapado al cuerpo, tiene una banda de silicona en el interior. En la zona lumbar incorpora 3 bolsillos posteriores con el sistema de seguridad ISP. Adem\u00e1s tambi\u00e9n tiene un bolsillo con cremallera para poder guardar con total seguridad tus objetos de valor.\" \/>\n<meta name=\"robots\" content=\"index, follow, max-snippet:-1, max-image-preview:large, max-video-preview:-1\" \/>\n<link rel=\"canonical\" href=\"https:\/\/www.inverseteams.com\/es\/producto\/maillot-symbiosis-gea-rubus-unisex\/\" \/>\n<meta property=\"og:locale\" content=\"es_ES\" \/>\n<meta property=\"og:type\" content=\"article\" \/>\n<meta property=\"og:title\" content=\"Maillot SYMBIOSIS GEA RUBUS (UNISEX) | Inverseteams\" \/>\n<meta property=\"og:description\" content=\"Tintados con el proceso Naturdyes\u00ae Technology. Todos los productos que intervienen en el tintado son 100% naturales, de origen vegetal y mineral. No generan ning\u00fan residuo t\u00f3xico. Esta t\u00e9cnica consume un 70% menos de agua que un proceso convencional. Adem\u00e1s, al tintar a baja temperatura conseguimos una eficiencia energ\u00e9tica mayor y disminuimos la huella de carbono. Maillot ciclista ultraligero confeccionado con el tejido AIRFLOW que se caracteriza por su estructura abierta y por ser extremadamente transpirable. Expulsar\u00e1s r\u00e1pidamente el sudor y tu piel estar\u00e1 fresca y seca para que puedas rendir al m\u00e1ximo. El cuello redondo y el\u00e1stico se adapta a todas las posiciones y te permite hacer ejercicio durante horas sin ninguna molestia. En la cintura, para que el maillot est\u00e9 bien arrapado al cuerpo, tiene una banda de silicona en el interior. En la zona lumbar incorpora 3 bolsillos posteriores con el sistema de seguridad ISP. Adem\u00e1s tambi\u00e9n tiene un bolsillo con cremallera para poder guardar con total seguridad tus objetos de valor.\" \/>\n<meta property=\"og:url\" content=\"https:\/\/www.inverseteams.com\/es\/producto\/maillot-symbiosis-gea-rubus-unisex\/\" \/>\n<meta property=\"og:site_name\" content=\"Inverseteams\" \/>\n<meta property=\"article:publisher\" content=\"https:\/\/www.facebook.com\/inverseteams\" \/>\n<meta property=\"article:modified_time\" content=\"2025-02-13T06:46:15+00:00\" \/>\n<meta property=\"og:image\" content=\"https:\/\/www.inverseteams.com\/wp-content\/uploads\/MAILLOT-ECOLOGICO-SYMBIOSIS-GEA-RUBUS-1.jpg\" \/>\n\t<meta property=\"og:image:width\" content=\"1500\" \/>\n\t<meta property=\"og:image:height\" content=\"1612\" \/>\n\t<meta property=\"og:image:type\" content=\"image\/jpeg\" \/>\n<meta name=\"twitter:card\" content=\"summary_large_image\" \/>\n<meta name=\"twitter:label1\" content=\"Tiempo de lectura\" \/>\n\t<meta name=\"twitter:data1\" content=\"1 minuto\" \/>\n<script type=\"application\/ld+json\" class=\"yoast-schema-graph\">{\"@context\":\"https:\\\/\\\/schema.org\",\"@graph\":[{\"@type\":\"WebPage\",\"@id\":\"https:\\\/\\\/www.inverseteams.com\\\/es\\\/producto\\\/maillot-symbiosis-gea-rubus-unisex\\\/\",\"url\":\"https:\\\/\\\/www.inverseteams.com\\\/es\\\/producto\\\/maillot-symbiosis-gea-rubus-unisex\\\/\",\"name\":\"Maillot SYMBIOSIS GEA RUBUS (UNISEX) | Inverseteams\",\"isPartOf\":{\"@id\":\"https:\\\/\\\/www.inverseteams.com\\\/es\\\/#website\"},\"primaryImageOfPage\":{\"@id\":\"https:\\\/\\\/www.inverseteams.com\\\/es\\\/producto\\\/maillot-symbiosis-gea-rubus-unisex\\\/#primaryimage\"},\"image\":{\"@id\":\"https:\\\/\\\/www.inverseteams.com\\\/es\\\/producto\\\/maillot-symbiosis-gea-rubus-unisex\\\/#primaryimage\"},\"thumbnailUrl\":\"https:\\\/\\\/www.inverseteams.com\\\/wp-content\\\/uploads\\\/MAILLOT-ECOLOGICO-SYMBIOSIS-GEA-RUBUS-1.jpg\",\"datePublished\":\"2024-02-29T19:24:04+00:00\",\"dateModified\":\"2025-02-13T06:46:15+00:00\",\"description\":\"Tintados con el proceso Naturdyes\u00ae Technology. Todos los productos que intervienen en el tintado son 100% naturales, de origen vegetal y mineral. No generan ning\u00fan residuo t\u00f3xico. Esta t\u00e9cnica consume un 70% menos de agua que un proceso convencional. Adem\u00e1s, al tintar a baja temperatura conseguimos una eficiencia energ\u00e9tica mayor y disminuimos la huella de carbono. Maillot ciclista ultraligero confeccionado con el tejido AIRFLOW que se caracteriza por su estructura abierta y por ser extremadamente transpirable. Expulsar\u00e1s r\u00e1pidamente el sudor y tu piel estar\u00e1 fresca y seca para que puedas rendir al m\u00e1ximo. El cuello redondo y el\u00e1stico se adapta a todas las posiciones y te permite hacer ejercicio durante horas sin ninguna molestia. En la cintura, para que el maillot est\u00e9 bien arrapado al cuerpo, tiene una banda de silicona en el interior. En la zona lumbar incorpora 3 bolsillos posteriores con el sistema de seguridad ISP. Adem\u00e1s tambi\u00e9n tiene un bolsillo con cremallera para poder guardar con total seguridad tus objetos de valor.\",\"breadcrumb\":{\"@id\":\"https:\\\/\\\/www.inverseteams.com\\\/es\\\/producto\\\/maillot-symbiosis-gea-rubus-unisex\\\/#breadcrumb\"},\"inLanguage\":\"es\",\"potentialAction\":[{\"@type\":\"ReadAction\",\"target\":[\"https:\\\/\\\/www.inverseteams.com\\\/es\\\/producto\\\/maillot-symbiosis-gea-rubus-unisex\\\/\"]}]},{\"@type\":\"ImageObject\",\"inLanguage\":\"es\",\"@id\":\"https:\\\/\\\/www.inverseteams.com\\\/es\\\/producto\\\/maillot-symbiosis-gea-rubus-unisex\\\/#primaryimage\",\"url\":\"https:\\\/\\\/www.inverseteams.com\\\/wp-content\\\/uploads\\\/MAILLOT-ECOLOGICO-SYMBIOSIS-GEA-RUBUS-1.jpg\",\"contentUrl\":\"https:\\\/\\\/www.inverseteams.com\\\/wp-content\\\/uploads\\\/MAILLOT-ECOLOGICO-SYMBIOSIS-GEA-RUBUS-1.jpg\",\"width\":1500,\"height\":1612,\"caption\":\"Maillot SYMBIOSIS GEA RUBUS\"},{\"@type\":\"BreadcrumbList\",\"@id\":\"https:\\\/\\\/www.inverseteams.com\\\/es\\\/producto\\\/maillot-symbiosis-gea-rubus-unisex\\\/#breadcrumb\",\"itemListElement\":[{\"@type\":\"ListItem\",\"position\":1,\"name\":\"Portada\",\"item\":\"https:\\\/\\\/www.inverseteams.com\\\/es\\\/\"},{\"@type\":\"ListItem\",\"position\":2,\"name\":\"Tienda\",\"item\":\"https:\\\/\\\/www.inverseteams.com\\\/es\\\/tienda\\\/\"},{\"@type\":\"ListItem\",\"position\":3,\"name\":\"Maillot SYMBIOSIS GEA RUBUS (UNISEX)\"}]},{\"@type\":\"WebSite\",\"@id\":\"https:\\\/\\\/www.inverseteams.com\\\/es\\\/#website\",\"url\":\"https:\\\/\\\/www.inverseteams.com\\\/es\\\/\",\"name\":\"Inverseteams\",\"description\":\"Tu marca de ropa deportiva personalizada\",\"publisher\":{\"@id\":\"https:\\\/\\\/www.inverseteams.com\\\/es\\\/#organization\"},\"potentialAction\":[{\"@type\":\"SearchAction\",\"target\":{\"@type\":\"EntryPoint\",\"urlTemplate\":\"https:\\\/\\\/www.inverseteams.com\\\/es\\\/?s={search_term_string}\"},\"query-input\":{\"@type\":\"PropertyValueSpecification\",\"valueRequired\":true,\"valueName\":\"search_term_string\"}}],\"inLanguage\":\"es\"},{\"@type\":\"Organization\",\"@id\":\"https:\\\/\\\/www.inverseteams.com\\\/es\\\/#organization\",\"name\":\"Inverse Teams\",\"url\":\"https:\\\/\\\/www.inverseteams.com\\\/es\\\/\",\"logo\":{\"@type\":\"ImageObject\",\"inLanguage\":\"es\",\"@id\":\"https:\\\/\\\/www.inverseteams.com\\\/es\\\/#\\\/schema\\\/logo\\\/image\\\/\",\"url\":\"https:\\\/\\\/www.inverseteams.com\\\/wp-content\\\/uploads\\\/2021\\\/03\\\/logo-inverse-teams.png\",\"contentUrl\":\"https:\\\/\\\/www.inverseteams.com\\\/wp-content\\\/uploads\\\/2021\\\/03\\\/logo-inverse-teams.png\",\"width\":294,\"height\":99,\"caption\":\"Inverse Teams\"},\"image\":{\"@id\":\"https:\\\/\\\/www.inverseteams.com\\\/es\\\/#\\\/schema\\\/logo\\\/image\\\/\"},\"sameAs\":[\"https:\\\/\\\/www.facebook.com\\\/inverseteams\",\"http:\\\/\\\/instagram.com\\\/inverseteams\",\"https:\\\/\\\/www.linkedin.com\\\/company\\\/inverse-cirosport-s-l-?trk=job_view_topcard_company_name\",\"http:\\\/\\\/www.pinterest.com\\\/inverseteams\\\/\",\"http:\\\/\\\/www.youtube.com\\\/user\\\/inverseteams?feature=watch\"]}]}<\/script>\n<!-- \/ Yoast SEO plugin. -->","yoast_head_json":{"title":"Maillot SYMBIOSIS GEA RUBUS (UNISEX) | Inverseteams","description":"Tintados con el proceso Naturdyes\u00ae Technology. Todos los productos que intervienen en el tintado son 100% naturales, de origen vegetal y mineral. No generan ning\u00fan residuo t\u00f3xico. Esta t\u00e9cnica consume un 70% menos de agua que un proceso convencional. Adem\u00e1s, al tintar a baja temperatura conseguimos una eficiencia energ\u00e9tica mayor y disminuimos la huella de carbono. Maillot ciclista ultraligero confeccionado con el tejido AIRFLOW que se caracteriza por su estructura abierta y por ser extremadamente transpirable. Expulsar\u00e1s r\u00e1pidamente el sudor y tu piel estar\u00e1 fresca y seca para que puedas rendir al m\u00e1ximo. El cuello redondo y el\u00e1stico se adapta a todas las posiciones y te permite hacer ejercicio durante horas sin ninguna molestia. En la cintura, para que el maillot est\u00e9 bien arrapado al cuerpo, tiene una banda de silicona en el interior. En la zona lumbar incorpora 3 bolsillos posteriores con el sistema de seguridad ISP. Adem\u00e1s tambi\u00e9n tiene un bolsillo con cremallera para poder guardar con total seguridad tus objetos de valor.","robots":{"index":"index","follow":"follow","max-snippet":"max-snippet:-1","max-image-preview":"max-image-preview:large","max-video-preview":"max-video-preview:-1"},"canonical":"https:\/\/www.inverseteams.com\/es\/producto\/maillot-symbiosis-gea-rubus-unisex\/","og_locale":"es_ES","og_type":"article","og_title":"Maillot SYMBIOSIS GEA RUBUS (UNISEX) | Inverseteams","og_description":"Tintados con el proceso Naturdyes\u00ae Technology. Todos los productos que intervienen en el tintado son 100% naturales, de origen vegetal y mineral. No generan ning\u00fan residuo t\u00f3xico. Esta t\u00e9cnica consume un 70% menos de agua que un proceso convencional. Adem\u00e1s, al tintar a baja temperatura conseguimos una eficiencia energ\u00e9tica mayor y disminuimos la huella de carbono. Maillot ciclista ultraligero confeccionado con el tejido AIRFLOW que se caracteriza por su estructura abierta y por ser extremadamente transpirable. Expulsar\u00e1s r\u00e1pidamente el sudor y tu piel estar\u00e1 fresca y seca para que puedas rendir al m\u00e1ximo. El cuello redondo y el\u00e1stico se adapta a todas las posiciones y te permite hacer ejercicio durante horas sin ninguna molestia. En la cintura, para que el maillot est\u00e9 bien arrapado al cuerpo, tiene una banda de silicona en el interior. En la zona lumbar incorpora 3 bolsillos posteriores con el sistema de seguridad ISP. Adem\u00e1s tambi\u00e9n tiene un bolsillo con cremallera para poder guardar con total seguridad tus objetos de valor.","og_url":"https:\/\/www.inverseteams.com\/es\/producto\/maillot-symbiosis-gea-rubus-unisex\/","og_site_name":"Inverseteams","article_publisher":"https:\/\/www.facebook.com\/inverseteams","article_modified_time":"2025-02-13T06:46:15+00:00","og_image":[{"width":1500,"height":1612,"url":"https:\/\/www.inverseteams.com\/wp-content\/uploads\/MAILLOT-ECOLOGICO-SYMBIOSIS-GEA-RUBUS-1.jpg","type":"image\/jpeg"}],"twitter_card":"summary_large_image","twitter_misc":{"Tiempo de lectura":"1 minuto"},"schema":{"@context":"https:\/\/schema.org","@graph":[{"@type":"WebPage","@id":"https:\/\/www.inverseteams.com\/es\/producto\/maillot-symbiosis-gea-rubus-unisex\/","url":"https:\/\/www.inverseteams.com\/es\/producto\/maillot-symbiosis-gea-rubus-unisex\/","name":"Maillot SYMBIOSIS GEA RUBUS (UNISEX) | Inverseteams","isPartOf":{"@id":"https:\/\/www.inverseteams.com\/es\/#website"},"primaryImageOfPage":{"@id":"https:\/\/www.inverseteams.com\/es\/producto\/maillot-symbiosis-gea-rubus-unisex\/#primaryimage"},"image":{"@id":"https:\/\/www.inverseteams.com\/es\/producto\/maillot-symbiosis-gea-rubus-unisex\/#primaryimage"},"thumbnailUrl":"https:\/\/www.inverseteams.com\/wp-content\/uploads\/MAILLOT-ECOLOGICO-SYMBIOSIS-GEA-RUBUS-1.jpg","datePublished":"2024-02-29T19:24:04+00:00","dateModified":"2025-02-13T06:46:15+00:00","description":"Tintados con el proceso Naturdyes\u00ae Technology. Todos los productos que intervienen en el tintado son 100% naturales, de origen vegetal y mineral. No generan ning\u00fan residuo t\u00f3xico. Esta t\u00e9cnica consume un 70% menos de agua que un proceso convencional. Adem\u00e1s, al tintar a baja temperatura conseguimos una eficiencia energ\u00e9tica mayor y disminuimos la huella de carbono. Maillot ciclista ultraligero confeccionado con el tejido AIRFLOW que se caracteriza por su estructura abierta y por ser extremadamente transpirable. Expulsar\u00e1s r\u00e1pidamente el sudor y tu piel estar\u00e1 fresca y seca para que puedas rendir al m\u00e1ximo. El cuello redondo y el\u00e1stico se adapta a todas las posiciones y te permite hacer ejercicio durante horas sin ninguna molestia. En la cintura, para que el maillot est\u00e9 bien arrapado al cuerpo, tiene una banda de silicona en el interior. En la zona lumbar incorpora 3 bolsillos posteriores con el sistema de seguridad ISP. Adem\u00e1s tambi\u00e9n tiene un bolsillo con cremallera para poder guardar con total seguridad tus objetos de valor.","breadcrumb":{"@id":"https:\/\/www.inverseteams.com\/es\/producto\/maillot-symbiosis-gea-rubus-unisex\/#breadcrumb"},"inLanguage":"es","potentialAction":[{"@type":"ReadAction","target":["https:\/\/www.inverseteams.com\/es\/producto\/maillot-symbiosis-gea-rubus-unisex\/"]}]},{"@type":"ImageObject","inLanguage":"es","@id":"https:\/\/www.inverseteams.com\/es\/producto\/maillot-symbiosis-gea-rubus-unisex\/#primaryimage","url":"https:\/\/www.inverseteams.com\/wp-content\/uploads\/MAILLOT-ECOLOGICO-SYMBIOSIS-GEA-RUBUS-1.jpg","contentUrl":"https:\/\/www.inverseteams.com\/wp-content\/uploads\/MAILLOT-ECOLOGICO-SYMBIOSIS-GEA-RUBUS-1.jpg","width":1500,"height":1612,"caption":"Maillot SYMBIOSIS GEA RUBUS"},{"@type":"BreadcrumbList","@id":"https:\/\/www.inverseteams.com\/es\/producto\/maillot-symbiosis-gea-rubus-unisex\/#breadcrumb","itemListElement":[{"@type":"ListItem","position":1,"name":"Portada","item":"https:\/\/www.inverseteams.com\/es\/"},{"@type":"ListItem","position":2,"name":"Tienda","item":"https:\/\/www.inverseteams.com\/es\/tienda\/"},{"@type":"ListItem","position":3,"name":"Maillot SYMBIOSIS GEA RUBUS (UNISEX)"}]},{"@type":"WebSite","@id":"https:\/\/www.inverseteams.com\/es\/#website","url":"https:\/\/www.inverseteams.com\/es\/","name":"Inverseteams","description":"Tu marca de ropa deportiva personalizada","publisher":{"@id":"https:\/\/www.inverseteams.com\/es\/#organization"},"potentialAction":[{"@type":"SearchAction","target":{"@type":"EntryPoint","urlTemplate":"https:\/\/www.inverseteams.com\/es\/?s={search_term_string}"},"query-input":{"@type":"PropertyValueSpecification","valueRequired":true,"valueName":"search_term_string"}}],"inLanguage":"es"},{"@type":"Organization","@id":"https:\/\/www.inverseteams.com\/es\/#organization","name":"Inverse Teams","url":"https:\/\/www.inverseteams.com\/es\/","logo":{"@type":"ImageObject","inLanguage":"es","@id":"https:\/\/www.inverseteams.com\/es\/#\/schema\/logo\/image\/","url":"https:\/\/www.inverseteams.com\/wp-content\/uploads\/2021\/03\/logo-inverse-teams.png","contentUrl":"https:\/\/www.inverseteams.com\/wp-content\/uploads\/2021\/03\/logo-inverse-teams.png","width":294,"height":99,"caption":"Inverse Teams"},"image":{"@id":"https:\/\/www.inverseteams.com\/es\/#\/schema\/logo\/image\/"},"sameAs":["https:\/\/www.facebook.com\/inverseteams","http:\/\/instagram.com\/inverseteams","https:\/\/www.linkedin.com\/company\/inverse-cirosport-s-l-?trk=job_view_topcard_company_name","http:\/\/www.pinterest.com\/inverseteams\/","http:\/\/www.youtube.com\/user\/inverseteams?feature=watch"]}]}},"_links":{"self":[{"href":"https:\/\/www.inverseteams.com\/es\/wp-json\/wp\/v2\/product\/189317","targetHints":{"allow":["GET"]}}],"collection":[{"href":"https:\/\/www.inverseteams.com\/es\/wp-json\/wp\/v2\/product"}],"about":[{"href":"https:\/\/www.inverseteams.com\/es\/wp-json\/wp\/v2\/types\/product"}],"replies":[{"embeddable":true,"href":"https:\/\/www.inverseteams.com\/es\/wp-json\/wp\/v2\/comments?post=189317"}],"wp:featuredmedia":[{"embeddable":true,"href":"https:\/\/www.inverseteams.com\/es\/wp-json\/wp\/v2\/media\/188717"}],"wp:attachment":[{"href":"https:\/\/www.inverseteams.com\/es\/wp-json\/wp\/v2\/media?parent=189317"}],"wp:term":[{"taxonomy":"product_brand","embeddable":true,"href":"https:\/\/www.inverseteams.com\/es\/wp-json\/wp\/v2\/product_brand?post=189317"},{"taxonomy":"product_cat","embeddable":true,"href":"https:\/\/www.inverseteams.com\/es\/wp-json\/wp\/v2\/product_cat?post=189317"},{"taxonomy":"product_tag","embeddable":true,"href":"https:\/\/www.inverseteams.com\/es\/wp-json\/wp\/v2\/product_tag?post=189317"},{"taxonomy":"custom_category","embeddable":true,"href":"https:\/\/www.inverseteams.com\/es\/wp-json\/wp\/v2\/custom_category?post=189317"},{"taxonomy":"range","embeddable":true,"href":"https:\/\/www.inverseteams.com\/es\/wp-json\/wp\/v2\/range?post=189317"}],"curies":[{"name":"wp","href":"https:\/\/api.w.org\/{rel}","templated":true}]}}