{"id":189310,"date":"2024-02-29T19:22:02","date_gmt":"2024-02-29T19:22:02","guid":{"rendered":"https:\/\/www.inverseteams.com\/?post_type=product&#038;p=189310"},"modified":"2026-03-23T13:04:12","modified_gmt":"2026-03-23T12:04:12","slug":"maillot-symbiosis-genesis-indigo-unisex","status":"publish","type":"product","link":"https:\/\/www.inverseteams.com\/es\/producto\/maillot-symbiosis-genesis-indigo-unisex\/","title":{"rendered":"Maillot SYMBIOSIS GENESIS INDIGO (UNISEX)"},"content":{"rendered":"<p>Tintados con el proceso Naturdyes\u00ae Technology. Todos los productos que intervienen en el tintado son 100% naturales, de origen vegetal y mineral. No generan ning\u00fan residuo t\u00f3xico. Esta t\u00e9cnica consume un 70% menos de agua que un proceso convencional. Adem\u00e1s, al tintar a baja temperatura conseguimos una eficiencia energ\u00e9tica mayor y disminuimos la huella de carbono.<br \/>\nLos laterales y algunas zonas de la espalda est\u00e1n confeccionadas con el tejido COOLGRID de rejilla. As\u00ed expulsar\u00e1s r\u00e1pidamente el sudor y tu piel estar\u00e1 fresca y seca. El resto de la espalda est\u00e1 compuesta del tejido SQUAD, que tambi\u00e9n es muy transpirable, pero su estructura no es tan abierta para protegerte de los rayos del sol.<br \/>\nLos 3 tejidos que componen el maillot ciclista destacan por su ligereza y elasticidad. Se adaptan muy bien al cuerpo y a todas los posiciones y movimientos. Su tacto suave y agradable te encantar\u00e1.<br \/>\nSu cuello ergon\u00f3mico se adapta perfectamente y evita la entrada de aire. Tiene una cremallera integral con el sistema antipull. En la cintura, para que el maillot est\u00e9 bien arrapado al cuerpo, tiene una banda el\u00e1stica con un grip de silicona en el interior.<br \/>\nEn la zona lumbar incorpora 3 bolsillos dobles. Los interiores incorporan el sistema de seguridad ISP y los exteriores son el\u00e1sticos y tienen un grip interior.<\/p>\n","protected":false},"excerpt":{"rendered":"<p>Tintados con el proceso Naturdyes\u00ae Technology. Todos los productos que intervienen en el tintado son 100% naturales, de origen vegetal y mineral. No generan ning\u00fan residuo t\u00f3xico. Esta t\u00e9cnica consume un 70% menos de agua que un proceso convencional. Adem\u00e1s, al tintar a baja temperatura conseguimos una eficiencia energ\u00e9tica mayor y disminuimos la huella de carbono.<br \/>\nLos laterales y algunas zonas de la espalda est\u00e1n confeccionadas con el tejido COOLGRID de rejilla. As\u00ed expulsar\u00e1s r\u00e1pidamente el sudor y tu piel estar\u00e1 fresca y seca. El resto de la espalda est\u00e1 compuesta del tejido SQUAD, que tambi\u00e9n es muy transpirable, pero su estructura no es tan abierta para protegerte de los rayos del sol.<br \/>\nLos 3 tejidos que componen el maillot ciclista destacan por su ligereza y elasticidad. Se adaptan muy bien al cuerpo y a todas los posiciones y movimientos. Su tacto suave y agradable te encantar\u00e1.<br \/>\nSu cuello ergon\u00f3mico se adapta perfectamente y evita la entrada de aire. Tiene una cremallera integral con el sistema antipull. En la cintura, para que el maillot est\u00e9 bien arrapado al cuerpo, tiene una banda el\u00e1stica con un grip de silicona en el interior.<br \/>\nEn la zona lumbar incorpora 3 bolsillos dobles. Los interiores incorporan el sistema de seguridad ISP y los exteriores son el\u00e1sticos y tienen un grip interior.<\/p>\n","protected":false},"featured_media":188772,"comment_status":"closed","ping_status":"closed","template":"","meta":{"_acf_changed":false},"product_brand":[],"product_cat":[132,1091,9946,7174],"product_tag":[],"custom_category":[],"range":[],"class_list":{"0":"post-189310","1":"product","2":"type-product","3":"status-publish","4":"has-post-thumbnail","6":"product_cat-ciclismo","7":"product_cat-maillot-ciclismo","8":"product_cat-gravel","9":"product_cat-b2b","10":"pa_climatologia-calor","11":"pa_deporte-ciclismo","12":"pa_deporte-gravel","13":"pa_genero-hombre","14":"pa_genero-mujer","15":"pa_patronaje-regular","16":"pa_talla-s","17":"pa_talla-m","18":"pa_talla-l","19":"pa_talla-xl","20":"pa_talla-xxl","21":"pa_talla-xs","22":"pa_tipo-de-prenda-maillot-manga-corta","24":"first","25":"outofstock","26":"taxable","27":"shipping-taxable","28":"purchasable","29":"product-type-variable","30":"has-default-attributes"},"acf":[],"yoast_head":"<!-- This site is optimized with the Yoast SEO plugin v27.3 - https:\/\/yoast.com\/product\/yoast-seo-wordpress\/ -->\n<title>Maillot SYMBIOSIS GENESIS INDIGO (UNISEX) | Inverseteams<\/title>\n<meta name=\"description\" content=\"Tintados con el proceso Naturdyes\u00ae Technology. Todos los productos que intervienen en el tintado son 100% naturales, de origen vegetal y mineral. No generan ning\u00fan residuo t\u00f3xico. Esta t\u00e9cnica consume un 70% menos de agua que un proceso convencional. Adem\u00e1s, al tintar a baja temperatura conseguimos una eficiencia energ\u00e9tica mayor y disminuimos la huella de carbono. Los laterales y algunas zonas de la espalda est\u00e1n confeccionadas con el tejido COOLGRID de rejilla. As\u00ed expulsar\u00e1s r\u00e1pidamente el sudor y tu piel estar\u00e1 fresca y seca. El resto de la espalda est\u00e1 compuesta del tejido SQUAD, que tambi\u00e9n es muy transpirable, pero su estructura no es tan abierta para protegerte de los rayos del sol. Los 3 tejidos que componen el maillot ciclista destacan por su ligereza y elasticidad. Se adaptan muy bien al cuerpo y a todas los posiciones y movimientos. Su tacto suave y agradable te encantar\u00e1. Su cuello ergon\u00f3mico se adapta perfectamente y evita la entrada de aire. Tiene una cremallera integral con el sistema antipull. En la cintura, para que el maillot est\u00e9 bien arrapado al cuerpo, tiene una banda el\u00e1stica con un grip de silicona en el interior. En la zona lumbar incorpora 3 bolsillos dobles. Los interiores incorporan el sistema de seguridad ISP y los exteriores son el\u00e1sticos y tienen un grip interior.\" \/>\n<meta name=\"robots\" content=\"index, follow, max-snippet:-1, max-image-preview:large, max-video-preview:-1\" \/>\n<link rel=\"canonical\" href=\"https:\/\/www.inverseteams.com\/es\/producto\/maillot-symbiosis-genesis-indigo-unisex\/\" \/>\n<meta property=\"og:locale\" content=\"es_ES\" \/>\n<meta property=\"og:type\" content=\"article\" \/>\n<meta property=\"og:title\" content=\"Maillot SYMBIOSIS GENESIS INDIGO (UNISEX) | Inverseteams\" \/>\n<meta property=\"og:description\" content=\"Tintados con el proceso Naturdyes\u00ae Technology. Todos los productos que intervienen en el tintado son 100% naturales, de origen vegetal y mineral. No generan ning\u00fan residuo t\u00f3xico. Esta t\u00e9cnica consume un 70% menos de agua que un proceso convencional. Adem\u00e1s, al tintar a baja temperatura conseguimos una eficiencia energ\u00e9tica mayor y disminuimos la huella de carbono. Los laterales y algunas zonas de la espalda est\u00e1n confeccionadas con el tejido COOLGRID de rejilla. As\u00ed expulsar\u00e1s r\u00e1pidamente el sudor y tu piel estar\u00e1 fresca y seca. El resto de la espalda est\u00e1 compuesta del tejido SQUAD, que tambi\u00e9n es muy transpirable, pero su estructura no es tan abierta para protegerte de los rayos del sol. Los 3 tejidos que componen el maillot ciclista destacan por su ligereza y elasticidad. Se adaptan muy bien al cuerpo y a todas los posiciones y movimientos. Su tacto suave y agradable te encantar\u00e1. Su cuello ergon\u00f3mico se adapta perfectamente y evita la entrada de aire. Tiene una cremallera integral con el sistema antipull. En la cintura, para que el maillot est\u00e9 bien arrapado al cuerpo, tiene una banda el\u00e1stica con un grip de silicona en el interior. En la zona lumbar incorpora 3 bolsillos dobles. Los interiores incorporan el sistema de seguridad ISP y los exteriores son el\u00e1sticos y tienen un grip interior.\" \/>\n<meta property=\"og:url\" content=\"https:\/\/www.inverseteams.com\/es\/producto\/maillot-symbiosis-genesis-indigo-unisex\/\" \/>\n<meta property=\"og:site_name\" content=\"Inverseteams\" \/>\n<meta property=\"article:publisher\" content=\"https:\/\/www.facebook.com\/inverseteams\" \/>\n<meta property=\"article:modified_time\" content=\"2026-03-23T12:04:12+00:00\" \/>\n<meta property=\"og:image\" content=\"https:\/\/www.inverseteams.com\/wp-content\/uploads\/MAILLOT-ECOLOGICO-SYMBIOSIS-GENESIS-INDIGO-1.jpg\" \/>\n\t<meta property=\"og:image:width\" content=\"1500\" \/>\n\t<meta property=\"og:image:height\" content=\"1612\" \/>\n\t<meta property=\"og:image:type\" content=\"image\/jpeg\" \/>\n<meta name=\"twitter:card\" content=\"summary_large_image\" \/>\n<meta name=\"twitter:label1\" content=\"Tiempo de lectura\" \/>\n\t<meta name=\"twitter:data1\" content=\"2 minuto\" \/>\n<script type=\"application\/ld+json\" class=\"yoast-schema-graph\">{\"@context\":\"https:\\\/\\\/schema.org\",\"@graph\":[{\"@type\":\"WebPage\",\"@id\":\"https:\\\/\\\/www.inverseteams.com\\\/es\\\/producto\\\/maillot-symbiosis-genesis-indigo-unisex\\\/\",\"url\":\"https:\\\/\\\/www.inverseteams.com\\\/es\\\/producto\\\/maillot-symbiosis-genesis-indigo-unisex\\\/\",\"name\":\"Maillot SYMBIOSIS GENESIS INDIGO (UNISEX) | Inverseteams\",\"isPartOf\":{\"@id\":\"https:\\\/\\\/www.inverseteams.com\\\/es\\\/#website\"},\"primaryImageOfPage\":{\"@id\":\"https:\\\/\\\/www.inverseteams.com\\\/es\\\/producto\\\/maillot-symbiosis-genesis-indigo-unisex\\\/#primaryimage\"},\"image\":{\"@id\":\"https:\\\/\\\/www.inverseteams.com\\\/es\\\/producto\\\/maillot-symbiosis-genesis-indigo-unisex\\\/#primaryimage\"},\"thumbnailUrl\":\"https:\\\/\\\/www.inverseteams.com\\\/wp-content\\\/uploads\\\/MAILLOT-ECOLOGICO-SYMBIOSIS-GENESIS-INDIGO-1.jpg\",\"datePublished\":\"2024-02-29T19:22:02+00:00\",\"dateModified\":\"2026-03-23T12:04:12+00:00\",\"description\":\"Tintados con el proceso Naturdyes\u00ae Technology. Todos los productos que intervienen en el tintado son 100% naturales, de origen vegetal y mineral. No generan ning\u00fan residuo t\u00f3xico. Esta t\u00e9cnica consume un 70% menos de agua que un proceso convencional. Adem\u00e1s, al tintar a baja temperatura conseguimos una eficiencia energ\u00e9tica mayor y disminuimos la huella de carbono. Los laterales y algunas zonas de la espalda est\u00e1n confeccionadas con el tejido COOLGRID de rejilla. As\u00ed expulsar\u00e1s r\u00e1pidamente el sudor y tu piel estar\u00e1 fresca y seca. El resto de la espalda est\u00e1 compuesta del tejido SQUAD, que tambi\u00e9n es muy transpirable, pero su estructura no es tan abierta para protegerte de los rayos del sol. Los 3 tejidos que componen el maillot ciclista destacan por su ligereza y elasticidad. Se adaptan muy bien al cuerpo y a todas los posiciones y movimientos. Su tacto suave y agradable te encantar\u00e1. Su cuello ergon\u00f3mico se adapta perfectamente y evita la entrada de aire. Tiene una cremallera integral con el sistema antipull. En la cintura, para que el maillot est\u00e9 bien arrapado al cuerpo, tiene una banda el\u00e1stica con un grip de silicona en el interior. En la zona lumbar incorpora 3 bolsillos dobles. Los interiores incorporan el sistema de seguridad ISP y los exteriores son el\u00e1sticos y tienen un grip interior.\",\"breadcrumb\":{\"@id\":\"https:\\\/\\\/www.inverseteams.com\\\/es\\\/producto\\\/maillot-symbiosis-genesis-indigo-unisex\\\/#breadcrumb\"},\"inLanguage\":\"es\",\"potentialAction\":[{\"@type\":\"ReadAction\",\"target\":[\"https:\\\/\\\/www.inverseteams.com\\\/es\\\/producto\\\/maillot-symbiosis-genesis-indigo-unisex\\\/\"]}]},{\"@type\":\"ImageObject\",\"inLanguage\":\"es\",\"@id\":\"https:\\\/\\\/www.inverseteams.com\\\/es\\\/producto\\\/maillot-symbiosis-genesis-indigo-unisex\\\/#primaryimage\",\"url\":\"https:\\\/\\\/www.inverseteams.com\\\/wp-content\\\/uploads\\\/MAILLOT-ECOLOGICO-SYMBIOSIS-GENESIS-INDIGO-1.jpg\",\"contentUrl\":\"https:\\\/\\\/www.inverseteams.com\\\/wp-content\\\/uploads\\\/MAILLOT-ECOLOGICO-SYMBIOSIS-GENESIS-INDIGO-1.jpg\",\"width\":1500,\"height\":1612,\"caption\":\"Maillot SYMBIOSIS GENESIS INDIGO\"},{\"@type\":\"BreadcrumbList\",\"@id\":\"https:\\\/\\\/www.inverseteams.com\\\/es\\\/producto\\\/maillot-symbiosis-genesis-indigo-unisex\\\/#breadcrumb\",\"itemListElement\":[{\"@type\":\"ListItem\",\"position\":1,\"name\":\"Portada\",\"item\":\"https:\\\/\\\/www.inverseteams.com\\\/es\\\/\"},{\"@type\":\"ListItem\",\"position\":2,\"name\":\"Tienda\",\"item\":\"https:\\\/\\\/www.inverseteams.com\\\/es\\\/tienda\\\/\"},{\"@type\":\"ListItem\",\"position\":3,\"name\":\"Maillot SYMBIOSIS GENESIS INDIGO (UNISEX)\"}]},{\"@type\":\"WebSite\",\"@id\":\"https:\\\/\\\/www.inverseteams.com\\\/es\\\/#website\",\"url\":\"https:\\\/\\\/www.inverseteams.com\\\/es\\\/\",\"name\":\"Inverseteams\",\"description\":\"Tu marca de ropa deportiva personalizada\",\"publisher\":{\"@id\":\"https:\\\/\\\/www.inverseteams.com\\\/es\\\/#organization\"},\"potentialAction\":[{\"@type\":\"SearchAction\",\"target\":{\"@type\":\"EntryPoint\",\"urlTemplate\":\"https:\\\/\\\/www.inverseteams.com\\\/es\\\/?s={search_term_string}\"},\"query-input\":{\"@type\":\"PropertyValueSpecification\",\"valueRequired\":true,\"valueName\":\"search_term_string\"}}],\"inLanguage\":\"es\"},{\"@type\":\"Organization\",\"@id\":\"https:\\\/\\\/www.inverseteams.com\\\/es\\\/#organization\",\"name\":\"Inverse Teams\",\"url\":\"https:\\\/\\\/www.inverseteams.com\\\/es\\\/\",\"logo\":{\"@type\":\"ImageObject\",\"inLanguage\":\"es\",\"@id\":\"https:\\\/\\\/www.inverseteams.com\\\/es\\\/#\\\/schema\\\/logo\\\/image\\\/\",\"url\":\"http:\\\/\\\/www.inverseteams.com\\\/wp-content\\\/uploads\\\/2021\\\/03\\\/logo-inverse-teams.png\",\"contentUrl\":\"http:\\\/\\\/www.inverseteams.com\\\/wp-content\\\/uploads\\\/2021\\\/03\\\/logo-inverse-teams.png\",\"width\":294,\"height\":99,\"caption\":\"Inverse Teams\"},\"image\":{\"@id\":\"https:\\\/\\\/www.inverseteams.com\\\/es\\\/#\\\/schema\\\/logo\\\/image\\\/\"},\"sameAs\":[\"https:\\\/\\\/www.facebook.com\\\/inverseteams\",\"http:\\\/\\\/instagram.com\\\/inverseteams\",\"https:\\\/\\\/www.linkedin.com\\\/company\\\/inverse-cirosport-s-l-?trk=job_view_topcard_company_name\",\"http:\\\/\\\/www.pinterest.com\\\/inverseteams\\\/\",\"http:\\\/\\\/www.youtube.com\\\/user\\\/inverseteams?feature=watch\"]}]}<\/script>\n<!-- \/ Yoast SEO plugin. -->","yoast_head_json":{"title":"Maillot SYMBIOSIS GENESIS INDIGO (UNISEX) | Inverseteams","description":"Tintados con el proceso Naturdyes\u00ae Technology. Todos los productos que intervienen en el tintado son 100% naturales, de origen vegetal y mineral. No generan ning\u00fan residuo t\u00f3xico. Esta t\u00e9cnica consume un 70% menos de agua que un proceso convencional. Adem\u00e1s, al tintar a baja temperatura conseguimos una eficiencia energ\u00e9tica mayor y disminuimos la huella de carbono. Los laterales y algunas zonas de la espalda est\u00e1n confeccionadas con el tejido COOLGRID de rejilla. As\u00ed expulsar\u00e1s r\u00e1pidamente el sudor y tu piel estar\u00e1 fresca y seca. El resto de la espalda est\u00e1 compuesta del tejido SQUAD, que tambi\u00e9n es muy transpirable, pero su estructura no es tan abierta para protegerte de los rayos del sol. Los 3 tejidos que componen el maillot ciclista destacan por su ligereza y elasticidad. Se adaptan muy bien al cuerpo y a todas los posiciones y movimientos. Su tacto suave y agradable te encantar\u00e1. Su cuello ergon\u00f3mico se adapta perfectamente y evita la entrada de aire. Tiene una cremallera integral con el sistema antipull. En la cintura, para que el maillot est\u00e9 bien arrapado al cuerpo, tiene una banda el\u00e1stica con un grip de silicona en el interior. En la zona lumbar incorpora 3 bolsillos dobles. Los interiores incorporan el sistema de seguridad ISP y los exteriores son el\u00e1sticos y tienen un grip interior.","robots":{"index":"index","follow":"follow","max-snippet":"max-snippet:-1","max-image-preview":"max-image-preview:large","max-video-preview":"max-video-preview:-1"},"canonical":"https:\/\/www.inverseteams.com\/es\/producto\/maillot-symbiosis-genesis-indigo-unisex\/","og_locale":"es_ES","og_type":"article","og_title":"Maillot SYMBIOSIS GENESIS INDIGO (UNISEX) | Inverseteams","og_description":"Tintados con el proceso Naturdyes\u00ae Technology. Todos los productos que intervienen en el tintado son 100% naturales, de origen vegetal y mineral. No generan ning\u00fan residuo t\u00f3xico. Esta t\u00e9cnica consume un 70% menos de agua que un proceso convencional. Adem\u00e1s, al tintar a baja temperatura conseguimos una eficiencia energ\u00e9tica mayor y disminuimos la huella de carbono. Los laterales y algunas zonas de la espalda est\u00e1n confeccionadas con el tejido COOLGRID de rejilla. As\u00ed expulsar\u00e1s r\u00e1pidamente el sudor y tu piel estar\u00e1 fresca y seca. El resto de la espalda est\u00e1 compuesta del tejido SQUAD, que tambi\u00e9n es muy transpirable, pero su estructura no es tan abierta para protegerte de los rayos del sol. Los 3 tejidos que componen el maillot ciclista destacan por su ligereza y elasticidad. Se adaptan muy bien al cuerpo y a todas los posiciones y movimientos. Su tacto suave y agradable te encantar\u00e1. Su cuello ergon\u00f3mico se adapta perfectamente y evita la entrada de aire. Tiene una cremallera integral con el sistema antipull. En la cintura, para que el maillot est\u00e9 bien arrapado al cuerpo, tiene una banda el\u00e1stica con un grip de silicona en el interior. En la zona lumbar incorpora 3 bolsillos dobles. Los interiores incorporan el sistema de seguridad ISP y los exteriores son el\u00e1sticos y tienen un grip interior.","og_url":"https:\/\/www.inverseteams.com\/es\/producto\/maillot-symbiosis-genesis-indigo-unisex\/","og_site_name":"Inverseteams","article_publisher":"https:\/\/www.facebook.com\/inverseteams","article_modified_time":"2026-03-23T12:04:12+00:00","og_image":[{"width":1500,"height":1612,"url":"https:\/\/www.inverseteams.com\/wp-content\/uploads\/MAILLOT-ECOLOGICO-SYMBIOSIS-GENESIS-INDIGO-1.jpg","type":"image\/jpeg"}],"twitter_card":"summary_large_image","twitter_misc":{"Tiempo de lectura":"2 minuto"},"schema":{"@context":"https:\/\/schema.org","@graph":[{"@type":"WebPage","@id":"https:\/\/www.inverseteams.com\/es\/producto\/maillot-symbiosis-genesis-indigo-unisex\/","url":"https:\/\/www.inverseteams.com\/es\/producto\/maillot-symbiosis-genesis-indigo-unisex\/","name":"Maillot SYMBIOSIS GENESIS INDIGO (UNISEX) | Inverseteams","isPartOf":{"@id":"https:\/\/www.inverseteams.com\/es\/#website"},"primaryImageOfPage":{"@id":"https:\/\/www.inverseteams.com\/es\/producto\/maillot-symbiosis-genesis-indigo-unisex\/#primaryimage"},"image":{"@id":"https:\/\/www.inverseteams.com\/es\/producto\/maillot-symbiosis-genesis-indigo-unisex\/#primaryimage"},"thumbnailUrl":"https:\/\/www.inverseteams.com\/wp-content\/uploads\/MAILLOT-ECOLOGICO-SYMBIOSIS-GENESIS-INDIGO-1.jpg","datePublished":"2024-02-29T19:22:02+00:00","dateModified":"2026-03-23T12:04:12+00:00","description":"Tintados con el proceso Naturdyes\u00ae Technology. Todos los productos que intervienen en el tintado son 100% naturales, de origen vegetal y mineral. No generan ning\u00fan residuo t\u00f3xico. Esta t\u00e9cnica consume un 70% menos de agua que un proceso convencional. Adem\u00e1s, al tintar a baja temperatura conseguimos una eficiencia energ\u00e9tica mayor y disminuimos la huella de carbono. Los laterales y algunas zonas de la espalda est\u00e1n confeccionadas con el tejido COOLGRID de rejilla. As\u00ed expulsar\u00e1s r\u00e1pidamente el sudor y tu piel estar\u00e1 fresca y seca. El resto de la espalda est\u00e1 compuesta del tejido SQUAD, que tambi\u00e9n es muy transpirable, pero su estructura no es tan abierta para protegerte de los rayos del sol. Los 3 tejidos que componen el maillot ciclista destacan por su ligereza y elasticidad. Se adaptan muy bien al cuerpo y a todas los posiciones y movimientos. Su tacto suave y agradable te encantar\u00e1. Su cuello ergon\u00f3mico se adapta perfectamente y evita la entrada de aire. Tiene una cremallera integral con el sistema antipull. En la cintura, para que el maillot est\u00e9 bien arrapado al cuerpo, tiene una banda el\u00e1stica con un grip de silicona en el interior. En la zona lumbar incorpora 3 bolsillos dobles. Los interiores incorporan el sistema de seguridad ISP y los exteriores son el\u00e1sticos y tienen un grip interior.","breadcrumb":{"@id":"https:\/\/www.inverseteams.com\/es\/producto\/maillot-symbiosis-genesis-indigo-unisex\/#breadcrumb"},"inLanguage":"es","potentialAction":[{"@type":"ReadAction","target":["https:\/\/www.inverseteams.com\/es\/producto\/maillot-symbiosis-genesis-indigo-unisex\/"]}]},{"@type":"ImageObject","inLanguage":"es","@id":"https:\/\/www.inverseteams.com\/es\/producto\/maillot-symbiosis-genesis-indigo-unisex\/#primaryimage","url":"https:\/\/www.inverseteams.com\/wp-content\/uploads\/MAILLOT-ECOLOGICO-SYMBIOSIS-GENESIS-INDIGO-1.jpg","contentUrl":"https:\/\/www.inverseteams.com\/wp-content\/uploads\/MAILLOT-ECOLOGICO-SYMBIOSIS-GENESIS-INDIGO-1.jpg","width":1500,"height":1612,"caption":"Maillot SYMBIOSIS GENESIS INDIGO"},{"@type":"BreadcrumbList","@id":"https:\/\/www.inverseteams.com\/es\/producto\/maillot-symbiosis-genesis-indigo-unisex\/#breadcrumb","itemListElement":[{"@type":"ListItem","position":1,"name":"Portada","item":"https:\/\/www.inverseteams.com\/es\/"},{"@type":"ListItem","position":2,"name":"Tienda","item":"https:\/\/www.inverseteams.com\/es\/tienda\/"},{"@type":"ListItem","position":3,"name":"Maillot SYMBIOSIS GENESIS INDIGO (UNISEX)"}]},{"@type":"WebSite","@id":"https:\/\/www.inverseteams.com\/es\/#website","url":"https:\/\/www.inverseteams.com\/es\/","name":"Inverseteams","description":"Tu marca de ropa deportiva personalizada","publisher":{"@id":"https:\/\/www.inverseteams.com\/es\/#organization"},"potentialAction":[{"@type":"SearchAction","target":{"@type":"EntryPoint","urlTemplate":"https:\/\/www.inverseteams.com\/es\/?s={search_term_string}"},"query-input":{"@type":"PropertyValueSpecification","valueRequired":true,"valueName":"search_term_string"}}],"inLanguage":"es"},{"@type":"Organization","@id":"https:\/\/www.inverseteams.com\/es\/#organization","name":"Inverse Teams","url":"https:\/\/www.inverseteams.com\/es\/","logo":{"@type":"ImageObject","inLanguage":"es","@id":"https:\/\/www.inverseteams.com\/es\/#\/schema\/logo\/image\/","url":"https:\/\/www.inverseteams.com\/wp-content\/uploads\/2021\/03\/logo-inverse-teams.png","contentUrl":"https:\/\/www.inverseteams.com\/wp-content\/uploads\/2021\/03\/logo-inverse-teams.png","width":294,"height":99,"caption":"Inverse Teams"},"image":{"@id":"https:\/\/www.inverseteams.com\/es\/#\/schema\/logo\/image\/"},"sameAs":["https:\/\/www.facebook.com\/inverseteams","http:\/\/instagram.com\/inverseteams","https:\/\/www.linkedin.com\/company\/inverse-cirosport-s-l-?trk=job_view_topcard_company_name","http:\/\/www.pinterest.com\/inverseteams\/","http:\/\/www.youtube.com\/user\/inverseteams?feature=watch"]}]}},"_links":{"self":[{"href":"https:\/\/www.inverseteams.com\/es\/wp-json\/wp\/v2\/product\/189310","targetHints":{"allow":["GET"]}}],"collection":[{"href":"https:\/\/www.inverseteams.com\/es\/wp-json\/wp\/v2\/product"}],"about":[{"href":"https:\/\/www.inverseteams.com\/es\/wp-json\/wp\/v2\/types\/product"}],"replies":[{"embeddable":true,"href":"https:\/\/www.inverseteams.com\/es\/wp-json\/wp\/v2\/comments?post=189310"}],"wp:featuredmedia":[{"embeddable":true,"href":"https:\/\/www.inverseteams.com\/es\/wp-json\/wp\/v2\/media\/188772"}],"wp:attachment":[{"href":"https:\/\/www.inverseteams.com\/es\/wp-json\/wp\/v2\/media?parent=189310"}],"wp:term":[{"taxonomy":"product_brand","embeddable":true,"href":"https:\/\/www.inverseteams.com\/es\/wp-json\/wp\/v2\/product_brand?post=189310"},{"taxonomy":"product_cat","embeddable":true,"href":"https:\/\/www.inverseteams.com\/es\/wp-json\/wp\/v2\/product_cat?post=189310"},{"taxonomy":"product_tag","embeddable":true,"href":"https:\/\/www.inverseteams.com\/es\/wp-json\/wp\/v2\/product_tag?post=189310"},{"taxonomy":"custom_category","embeddable":true,"href":"https:\/\/www.inverseteams.com\/es\/wp-json\/wp\/v2\/custom_category?post=189310"},{"taxonomy":"range","embeddable":true,"href":"https:\/\/www.inverseteams.com\/es\/wp-json\/wp\/v2\/range?post=189310"}],"curies":[{"name":"wp","href":"https:\/\/api.w.org\/{rel}","templated":true}]}}