{"id":18833,"date":"2021-05-27T08:10:59","date_gmt":"2021-05-27T08:10:59","guid":{"rendered":"https:\/\/www.inverseteams.com\/product\/maillot-ciclista-manga-corta-espana-hombre\/"},"modified":"2025-05-22T00:02:09","modified_gmt":"2025-05-22T00:02:09","slug":"maillot-ciclista-manga-corta-espana-hombre","status":"publish","type":"product","link":"https:\/\/www.inverseteams.com\/es\/producto\/maillot-ciclista-manga-corta-espana-hombre\/","title":{"rendered":"Maillot ciclismo hombre manga corta ESPA\u00d1A"},"content":{"rendered":"<p>Maillot ciclismo hombre t\u00e9cnico ligero que se adapta perfectamente al cuerpo y te permite disfrutar del ciclismo durante los d\u00edas soleados regulando la temperatura corporal gracias al tratamiento Dual Confort System de su tejido. \u00c9ste evitar\u00e1 un sobrecalentamiento de la piel y te permitir\u00e1 rendir al m\u00e1ximo.<br \/>\nA la vez combina diferentes tecnolog\u00edas para que siempre se mantenga en la posici\u00f3n ideal. Al final de las mangas tiene una banda el\u00e1stica microperforada con un grip de silicona hipoalerg\u00e9nica para que siempre se mantengan bien arrapadas al brazo. En la cintura tiene un ribete que ajustar\u00e1 el maillot a tu cuerpo. \u00c9ste incorpora unas l\u00edneas reflectantes 360\u00ba que aumentar\u00e1n tu seguridad ya que reflejar\u00e1n la luz de los veh\u00edculos.<br \/>\nEn la zona lumbar incorpora 3 bolsillos con el nuevo sistema de Seguridad ISP \u2013 Inverse Safe Pocket \u2013 donde podr\u00e1s guardar cualquier objeto sin miedo a perderlo. Disfruta del ciclismo sin preocupaciones.<br \/>\nLa forma anat\u00f3mica del cuello permite que \u00e9ste se adapte a la posici\u00f3n ciclista sin molestar y evitando que entre el aire. Adem\u00e1s, la estructura de sus tejidos garantizan un buen flujo del viento para aumentar la aerodin\u00e1mica y optimizar todo tu esfuerzo.<\/p>\n","protected":false},"excerpt":{"rendered":"<p>Maillot ciclismo hombre t\u00e9cnico ligero que se adapta perfectamente al cuerpo y te permite disfrutar del ciclismo durante los d\u00edas soleados regulando la temperatura corporal gracias al tratamiento Dual Confort System de su tejido. \u00c9ste evitar\u00e1 un sobrecalentamiento de la piel y te permitir\u00e1 rendir al m\u00e1ximo.<br \/>\nA la vez combina diferentes tecnolog\u00edas para que siempre se mantenga en la posici\u00f3n ideal. Al final de las mangas tiene una banda el\u00e1stica microperforada con un grip de silicona hipoalerg\u00e9nica para que siempre se mantengan bien arrapadas al brazo. En la cintura tiene un ribete que ajustar\u00e1 el maillot a tu cuerpo. \u00c9ste incorpora unas l\u00edneas reflectantes 360\u00ba que aumentar\u00e1n tu seguridad ya que reflejar\u00e1n la luz de los veh\u00edculos.<br \/>\nEn la zona lumbar incorpora 3 bolsillos con el nuevo sistema de Seguridad ISP \u2013 Inverse Safe Pocket \u2013 donde podr\u00e1s guardar cualquier objeto sin miedo a perderlo. Disfruta del ciclismo sin preocupaciones.<br \/>\nLa forma anat\u00f3mica del cuello permite que \u00e9ste se adapte a la posici\u00f3n ciclista sin molestar y evitando que entre el aire. Adem\u00e1s, la estructura de sus tejidos garantizan un buen flujo del viento para aumentar la aerodin\u00e1mica y optimizar todo tu esfuerzo.<\/p>\n","protected":false},"featured_media":18225,"comment_status":"closed","ping_status":"closed","template":"","meta":{"_acf_changed":false},"product_brand":[],"product_cat":[132,1091,1077,7174],"product_tag":[],"custom_category":[],"range":[],"class_list":{"0":"post-18833","1":"product","2":"type-product","3":"status-publish","4":"has-post-thumbnail","6":"product_cat-ciclismo","7":"product_cat-maillot-ciclismo","8":"product_cat-hombre","9":"product_cat-b2b","10":"pa_climatologia-calor","11":"pa_deporte-ciclismo","12":"pa_genero-hombre","13":"pa_patronaje-regular","14":"pa_talla-s","15":"pa_talla-m","16":"pa_talla-l","17":"pa_talla-xl","18":"pa_talla-xxl","19":"pa_tipo-de-prenda-maillot-manga-corta","21":"first","22":"outofstock","23":"taxable","24":"shipping-taxable","25":"product-type-variable","26":"has-default-attributes"},"acf":[],"yoast_head":"<!-- This site is optimized with the Yoast SEO plugin v27.2 - https:\/\/yoast.com\/product\/yoast-seo-wordpress\/ -->\n<title>Maillot ciclismo hombre manga corta ESPA\u00d1A<\/title>\n<meta name=\"description\" content=\"Maillot ciclismo hombre t\u00e9cnico ligero ESPA\u00d1A que se adapta perfectamente al cuerpo y permite regular la temperatura corporal gracias a Dual Confort System.\" \/>\n<meta name=\"robots\" content=\"index, follow, max-snippet:-1, max-image-preview:large, max-video-preview:-1\" \/>\n<link rel=\"canonical\" href=\"https:\/\/www.inverseteams.com\/es\/producto\/maillot-ciclista-manga-corta-espana-hombre\/\" \/>\n<meta property=\"og:locale\" content=\"es_ES\" \/>\n<meta property=\"og:type\" content=\"article\" \/>\n<meta property=\"og:title\" content=\"Maillot ciclismo hombre manga corta ESPA\u00d1A\" \/>\n<meta property=\"og:description\" content=\"Maillot ciclismo hombre t\u00e9cnico ligero ESPA\u00d1A que se adapta perfectamente al cuerpo y permite regular la temperatura corporal gracias a Dual Confort System.\" \/>\n<meta property=\"og:url\" content=\"https:\/\/www.inverseteams.com\/es\/producto\/maillot-ciclista-manga-corta-espana-hombre\/\" \/>\n<meta property=\"og:site_name\" content=\"Inverseteams\" \/>\n<meta property=\"article:publisher\" content=\"https:\/\/www.facebook.com\/inverseteams\" \/>\n<meta property=\"article:modified_time\" content=\"2025-05-22T00:02:09+00:00\" \/>\n<meta property=\"og:image\" content=\"https:\/\/www.inverseteams.com\/wp-content\/uploads\/MAILLOT-CICLISTA-ESPANA-HOMBRE-1.jpg\" \/>\n\t<meta property=\"og:image:width\" content=\"3222\" \/>\n\t<meta property=\"og:image:height\" content=\"3462\" \/>\n\t<meta property=\"og:image:type\" content=\"image\/jpeg\" \/>\n<meta name=\"twitter:card\" content=\"summary_large_image\" \/>\n<meta name=\"twitter:label1\" content=\"Tiempo de lectura\" \/>\n\t<meta name=\"twitter:data1\" content=\"2 minuto\" \/>\n<script type=\"application\/ld+json\" class=\"yoast-schema-graph\">{\"@context\":\"https:\/\/schema.org\",\"@graph\":[{\"@type\":\"WebPage\",\"@id\":\"https:\/\/www.inverseteams.com\/es\/producto\/maillot-ciclista-manga-corta-espana-hombre\/\",\"url\":\"https:\/\/www.inverseteams.com\/es\/producto\/maillot-ciclista-manga-corta-espana-hombre\/\",\"name\":\"Maillot ciclismo hombre manga corta ESPA\u00d1A\",\"isPartOf\":{\"@id\":\"https:\/\/www.inverseteams.com\/es\/#website\"},\"primaryImageOfPage\":{\"@id\":\"https:\/\/www.inverseteams.com\/es\/producto\/maillot-ciclista-manga-corta-espana-hombre\/#primaryimage\"},\"image\":{\"@id\":\"https:\/\/www.inverseteams.com\/es\/producto\/maillot-ciclista-manga-corta-espana-hombre\/#primaryimage\"},\"thumbnailUrl\":\"https:\/\/www.inverseteams.com\/wp-content\/uploads\/MAILLOT-CICLISTA-ESPANA-HOMBRE-1.jpg\",\"datePublished\":\"2021-05-27T08:10:59+00:00\",\"dateModified\":\"2025-05-22T00:02:09+00:00\",\"description\":\"Maillot ciclismo hombre t\u00e9cnico ligero ESPA\u00d1A que se adapta perfectamente al cuerpo y permite regular la temperatura corporal gracias a Dual Confort System.\",\"breadcrumb\":{\"@id\":\"https:\/\/www.inverseteams.com\/es\/producto\/maillot-ciclista-manga-corta-espana-hombre\/#breadcrumb\"},\"inLanguage\":\"es\",\"potentialAction\":[{\"@type\":\"ReadAction\",\"target\":[\"https:\/\/www.inverseteams.com\/es\/producto\/maillot-ciclista-manga-corta-espana-hombre\/\"]}]},{\"@type\":\"ImageObject\",\"inLanguage\":\"es\",\"@id\":\"https:\/\/www.inverseteams.com\/es\/producto\/maillot-ciclista-manga-corta-espana-hombre\/#primaryimage\",\"url\":\"https:\/\/www.inverseteams.com\/wp-content\/uploads\/MAILLOT-CICLISTA-ESPANA-HOMBRE-1.jpg\",\"contentUrl\":\"https:\/\/www.inverseteams.com\/wp-content\/uploads\/MAILLOT-CICLISTA-ESPANA-HOMBRE-1.jpg\",\"width\":3222,\"height\":3462,\"caption\":\"Maillot ciclista Espa\u00f1a\"},{\"@type\":\"BreadcrumbList\",\"@id\":\"https:\/\/www.inverseteams.com\/es\/producto\/maillot-ciclista-manga-corta-espana-hombre\/#breadcrumb\",\"itemListElement\":[{\"@type\":\"ListItem\",\"position\":1,\"name\":\"Portada\",\"item\":\"https:\/\/www.inverseteams.com\/es\/\"},{\"@type\":\"ListItem\",\"position\":2,\"name\":\"Tienda\",\"item\":\"https:\/\/www.inverseteams.com\/es\/tienda\/\"},{\"@type\":\"ListItem\",\"position\":3,\"name\":\"Maillot ciclismo hombre manga corta ESPA\u00d1A\"}]},{\"@type\":\"WebSite\",\"@id\":\"https:\/\/www.inverseteams.com\/es\/#website\",\"url\":\"https:\/\/www.inverseteams.com\/es\/\",\"name\":\"Inverseteams\",\"description\":\"Tu marca de ropa deportiva personalizada\",\"publisher\":{\"@id\":\"https:\/\/www.inverseteams.com\/es\/#organization\"},\"potentialAction\":[{\"@type\":\"SearchAction\",\"target\":{\"@type\":\"EntryPoint\",\"urlTemplate\":\"https:\/\/www.inverseteams.com\/es\/?s={search_term_string}\"},\"query-input\":{\"@type\":\"PropertyValueSpecification\",\"valueRequired\":true,\"valueName\":\"search_term_string\"}}],\"inLanguage\":\"es\"},{\"@type\":\"Organization\",\"@id\":\"https:\/\/www.inverseteams.com\/es\/#organization\",\"name\":\"Inverse Teams\",\"url\":\"https:\/\/www.inverseteams.com\/es\/\",\"logo\":{\"@type\":\"ImageObject\",\"inLanguage\":\"es\",\"@id\":\"https:\/\/www.inverseteams.com\/es\/#\/schema\/logo\/image\/\",\"url\":\"https:\/\/www.inverseteams.com\/wp-content\/uploads\/2021\/03\/logo-inverse-teams.png\",\"contentUrl\":\"https:\/\/www.inverseteams.com\/wp-content\/uploads\/2021\/03\/logo-inverse-teams.png\",\"width\":294,\"height\":99,\"caption\":\"Inverse Teams\"},\"image\":{\"@id\":\"https:\/\/www.inverseteams.com\/es\/#\/schema\/logo\/image\/\"},\"sameAs\":[\"https:\/\/www.facebook.com\/inverseteams\",\"http:\/\/instagram.com\/inverseteams\",\"https:\/\/www.linkedin.com\/company\/inverse-cirosport-s-l-?trk=job_view_topcard_company_name\",\"http:\/\/www.pinterest.com\/inverseteams\/\",\"http:\/\/www.youtube.com\/user\/inverseteams?feature=watch\"]}]}<\/script>\n<!-- \/ Yoast SEO plugin. -->","yoast_head_json":{"title":"Maillot ciclismo hombre manga corta ESPA\u00d1A","description":"Maillot ciclismo hombre t\u00e9cnico ligero ESPA\u00d1A que se adapta perfectamente al cuerpo y permite regular la temperatura corporal gracias a Dual Confort System.","robots":{"index":"index","follow":"follow","max-snippet":"max-snippet:-1","max-image-preview":"max-image-preview:large","max-video-preview":"max-video-preview:-1"},"canonical":"https:\/\/www.inverseteams.com\/es\/producto\/maillot-ciclista-manga-corta-espana-hombre\/","og_locale":"es_ES","og_type":"article","og_title":"Maillot ciclismo hombre manga corta ESPA\u00d1A","og_description":"Maillot ciclismo hombre t\u00e9cnico ligero ESPA\u00d1A que se adapta perfectamente al cuerpo y permite regular la temperatura corporal gracias a Dual Confort System.","og_url":"https:\/\/www.inverseteams.com\/es\/producto\/maillot-ciclista-manga-corta-espana-hombre\/","og_site_name":"Inverseteams","article_publisher":"https:\/\/www.facebook.com\/inverseteams","article_modified_time":"2025-05-22T00:02:09+00:00","og_image":[{"width":3222,"height":3462,"url":"https:\/\/www.inverseteams.com\/wp-content\/uploads\/MAILLOT-CICLISTA-ESPANA-HOMBRE-1.jpg","type":"image\/jpeg"}],"twitter_card":"summary_large_image","twitter_misc":{"Tiempo de lectura":"2 minuto"},"schema":{"@context":"https:\/\/schema.org","@graph":[{"@type":"WebPage","@id":"https:\/\/www.inverseteams.com\/es\/producto\/maillot-ciclista-manga-corta-espana-hombre\/","url":"https:\/\/www.inverseteams.com\/es\/producto\/maillot-ciclista-manga-corta-espana-hombre\/","name":"Maillot ciclismo hombre manga corta ESPA\u00d1A","isPartOf":{"@id":"https:\/\/www.inverseteams.com\/es\/#website"},"primaryImageOfPage":{"@id":"https:\/\/www.inverseteams.com\/es\/producto\/maillot-ciclista-manga-corta-espana-hombre\/#primaryimage"},"image":{"@id":"https:\/\/www.inverseteams.com\/es\/producto\/maillot-ciclista-manga-corta-espana-hombre\/#primaryimage"},"thumbnailUrl":"https:\/\/www.inverseteams.com\/wp-content\/uploads\/MAILLOT-CICLISTA-ESPANA-HOMBRE-1.jpg","datePublished":"2021-05-27T08:10:59+00:00","dateModified":"2025-05-22T00:02:09+00:00","description":"Maillot ciclismo hombre t\u00e9cnico ligero ESPA\u00d1A que se adapta perfectamente al cuerpo y permite regular la temperatura corporal gracias a Dual Confort System.","breadcrumb":{"@id":"https:\/\/www.inverseteams.com\/es\/producto\/maillot-ciclista-manga-corta-espana-hombre\/#breadcrumb"},"inLanguage":"es","potentialAction":[{"@type":"ReadAction","target":["https:\/\/www.inverseteams.com\/es\/producto\/maillot-ciclista-manga-corta-espana-hombre\/"]}]},{"@type":"ImageObject","inLanguage":"es","@id":"https:\/\/www.inverseteams.com\/es\/producto\/maillot-ciclista-manga-corta-espana-hombre\/#primaryimage","url":"https:\/\/www.inverseteams.com\/wp-content\/uploads\/MAILLOT-CICLISTA-ESPANA-HOMBRE-1.jpg","contentUrl":"https:\/\/www.inverseteams.com\/wp-content\/uploads\/MAILLOT-CICLISTA-ESPANA-HOMBRE-1.jpg","width":3222,"height":3462,"caption":"Maillot ciclista Espa\u00f1a"},{"@type":"BreadcrumbList","@id":"https:\/\/www.inverseteams.com\/es\/producto\/maillot-ciclista-manga-corta-espana-hombre\/#breadcrumb","itemListElement":[{"@type":"ListItem","position":1,"name":"Portada","item":"https:\/\/www.inverseteams.com\/es\/"},{"@type":"ListItem","position":2,"name":"Tienda","item":"https:\/\/www.inverseteams.com\/es\/tienda\/"},{"@type":"ListItem","position":3,"name":"Maillot ciclismo hombre manga corta ESPA\u00d1A"}]},{"@type":"WebSite","@id":"https:\/\/www.inverseteams.com\/es\/#website","url":"https:\/\/www.inverseteams.com\/es\/","name":"Inverseteams","description":"Tu marca de ropa deportiva personalizada","publisher":{"@id":"https:\/\/www.inverseteams.com\/es\/#organization"},"potentialAction":[{"@type":"SearchAction","target":{"@type":"EntryPoint","urlTemplate":"https:\/\/www.inverseteams.com\/es\/?s={search_term_string}"},"query-input":{"@type":"PropertyValueSpecification","valueRequired":true,"valueName":"search_term_string"}}],"inLanguage":"es"},{"@type":"Organization","@id":"https:\/\/www.inverseteams.com\/es\/#organization","name":"Inverse Teams","url":"https:\/\/www.inverseteams.com\/es\/","logo":{"@type":"ImageObject","inLanguage":"es","@id":"https:\/\/www.inverseteams.com\/es\/#\/schema\/logo\/image\/","url":"https:\/\/www.inverseteams.com\/wp-content\/uploads\/2021\/03\/logo-inverse-teams.png","contentUrl":"https:\/\/www.inverseteams.com\/wp-content\/uploads\/2021\/03\/logo-inverse-teams.png","width":294,"height":99,"caption":"Inverse Teams"},"image":{"@id":"https:\/\/www.inverseteams.com\/es\/#\/schema\/logo\/image\/"},"sameAs":["https:\/\/www.facebook.com\/inverseteams","http:\/\/instagram.com\/inverseteams","https:\/\/www.linkedin.com\/company\/inverse-cirosport-s-l-?trk=job_view_topcard_company_name","http:\/\/www.pinterest.com\/inverseteams\/","http:\/\/www.youtube.com\/user\/inverseteams?feature=watch"]}]}},"_links":{"self":[{"href":"https:\/\/www.inverseteams.com\/es\/wp-json\/wp\/v2\/product\/18833","targetHints":{"allow":["GET"]}}],"collection":[{"href":"https:\/\/www.inverseteams.com\/es\/wp-json\/wp\/v2\/product"}],"about":[{"href":"https:\/\/www.inverseteams.com\/es\/wp-json\/wp\/v2\/types\/product"}],"replies":[{"embeddable":true,"href":"https:\/\/www.inverseteams.com\/es\/wp-json\/wp\/v2\/comments?post=18833"}],"wp:featuredmedia":[{"embeddable":true,"href":"https:\/\/www.inverseteams.com\/es\/wp-json\/wp\/v2\/media\/18225"}],"wp:attachment":[{"href":"https:\/\/www.inverseteams.com\/es\/wp-json\/wp\/v2\/media?parent=18833"}],"wp:term":[{"taxonomy":"product_brand","embeddable":true,"href":"https:\/\/www.inverseteams.com\/es\/wp-json\/wp\/v2\/product_brand?post=18833"},{"taxonomy":"product_cat","embeddable":true,"href":"https:\/\/www.inverseteams.com\/es\/wp-json\/wp\/v2\/product_cat?post=18833"},{"taxonomy":"product_tag","embeddable":true,"href":"https:\/\/www.inverseteams.com\/es\/wp-json\/wp\/v2\/product_tag?post=18833"},{"taxonomy":"custom_category","embeddable":true,"href":"https:\/\/www.inverseteams.com\/es\/wp-json\/wp\/v2\/custom_category?post=18833"},{"taxonomy":"range","embeddable":true,"href":"https:\/\/www.inverseteams.com\/es\/wp-json\/wp\/v2\/range?post=18833"}],"curies":[{"name":"wp","href":"https:\/\/api.w.org\/{rel}","templated":true}]}}