{"id":188131,"date":"2024-02-27T09:55:30","date_gmt":"2024-02-27T09:55:30","guid":{"rendered":"https:\/\/www.inverseteams.com\/?post_type=product&#038;p=188131"},"modified":"2026-02-16T11:21:49","modified_gmt":"2026-02-16T10:21:49","slug":"maillot-ciclismo-manga-corta-draco-grove-hombre","status":"publish","type":"product","link":"https:\/\/www.inverseteams.com\/es\/producto\/maillot-ciclismo-manga-corta-draco-grove-hombre\/","title":{"rendered":"Maillot ciclismo manga corta DRACO GROVE (HOMBRE)"},"content":{"rendered":"<p>Maillot t\u00e9cnico s\u00faper ligero ideal para la competici\u00f3n y los entrenamientos. Con un corte y patronaje muy ajustado se arrapar\u00e1 a tu cuerpo y te permitir\u00e1 rendir al m\u00e1ximo. Gracias a la elasticidad y estructura de sus tejidos el aire se deslizar\u00e1 f\u00e1cilmente a tu alrededor y tu aerodin\u00e1mica ser\u00e1 envidiable. En la cintura tiene una banda el\u00e1stica con un grip interior.<br \/>\nEn la zona lumbar incorpora 3 bolsillos con el nuevo sistema de Seguridad ISP \u2013 Inverse Safe Pocket \u2013 donde podr\u00e1s guardar un chaleco o barritas nutritivas sin miedo a perderlas. Adicionalmente tiene un cuarto bolsillo con cremallera para que guardes tus objetos m\u00e1s preciados. Disfruta del ciclismo sin preocupaciones.<br \/>\nEl cuello bajo y anat\u00f3mico estar\u00e1 siempre en contacto con tu cuerpo sin provocar molestias y evitando la entrada de aire. La estructura de los filamentos de los tejidos garantiza una total expulsi\u00f3n del sudor. Tendr\u00e1s la piel fresca y seca incluso en los momentos de m\u00e1s calor. Tu seguridad es muy importante para nosotros. Por eso, hemos a\u00f1adido sobre los bolsillos unos elementos reflectantes para aumentar tu visibilidad en la carretera.<\/p>\n","protected":false},"excerpt":{"rendered":"<p>Maillot t\u00e9cnico s\u00faper ligero ideal para la competici\u00f3n y los entrenamientos. Con un corte y patronaje muy ajustado se arrapar\u00e1 a tu cuerpo y te permitir\u00e1 rendir al m\u00e1ximo. Gracias a la elasticidad y estructura de sus tejidos el aire se deslizar\u00e1 f\u00e1cilmente a tu alrededor y tu aerodin\u00e1mica ser\u00e1 envidiable. En la cintura tiene una banda el\u00e1stica con un grip interior.<br \/>\nEn la zona lumbar incorpora 3 bolsillos con el nuevo sistema de Seguridad ISP \u2013 Inverse Safe Pocket \u2013 donde podr\u00e1s guardar un chaleco o barritas nutritivas sin miedo a perderlas. Adicionalmente tiene un cuarto bolsillo con cremallera para que guardes tus objetos m\u00e1s preciados. Disfruta del ciclismo sin preocupaciones.<br \/>\nEl cuello bajo y anat\u00f3mico estar\u00e1 siempre en contacto con tu cuerpo sin provocar molestias y evitando la entrada de aire. La estructura de los filamentos de los tejidos garantiza una total expulsi\u00f3n del sudor. Tendr\u00e1s la piel fresca y seca incluso en los momentos de m\u00e1s calor. Tu seguridad es muy importante para nosotros. Por eso, hemos a\u00f1adido sobre los bolsillos unos elementos reflectantes para aumentar tu visibilidad en la carretera.<\/p>\n","protected":false},"featured_media":187841,"comment_status":"closed","ping_status":"closed","template":"","meta":{"_acf_changed":false},"product_brand":[],"product_cat":[132,1091,7174],"product_tag":[],"custom_category":[],"range":[],"class_list":{"0":"post-188131","1":"product","2":"type-product","3":"status-publish","4":"has-post-thumbnail","6":"product_cat-ciclismo","7":"product_cat-maillot-ciclismo","8":"product_cat-b2b","9":"pa_climatologia-calor","10":"pa_deporte-ciclismo","11":"pa_genero-hombre","12":"pa_patronaje-fit","13":"pa_talla-l","14":"pa_talla-xl","15":"pa_talla-xxl","16":"pa_talla-s","17":"pa_talla-m","18":"pa_tipo-de-prenda-maillot-manga-corta","20":"first","21":"instock","22":"taxable","23":"shipping-taxable","24":"purchasable","25":"product-type-variable","26":"has-default-attributes"},"acf":[],"yoast_head":"<!-- This site is optimized with the Yoast SEO plugin v27.3 - https:\/\/yoast.com\/product\/yoast-seo-wordpress\/ -->\n<title>Maillot ciclismo manga corta DRACO GROVE (HOMBRE) | Inverseteams<\/title>\n<meta name=\"description\" content=\"Maillot t\u00e9cnico s\u00faper ligero ideal para la competici\u00f3n y los entrenamientos. Con un corte y patronaje muy ajustado se arrapar\u00e1 a tu cuerpo y te permitir\u00e1 rendir al m\u00e1ximo. Gracias a la elasticidad y estructura de sus tejidos el aire se deslizar\u00e1 f\u00e1cilmente a tu alrededor y tu aerodin\u00e1mica ser\u00e1 envidiable. En la cintura tiene una banda el\u00e1stica con un grip interior. En la zona lumbar incorpora 3 bolsillos con el nuevo sistema de Seguridad ISP \u2013 Inverse Safe Pocket \u2013 donde podr\u00e1s guardar un chaleco o barritas nutritivas sin miedo a perderlas. Adicionalmente tiene un cuarto bolsillo con cremallera para que guardes tus objetos m\u00e1s preciados. Disfruta del ciclismo sin preocupaciones. El cuello bajo y anat\u00f3mico estar\u00e1 siempre en contacto con tu cuerpo sin provocar molestias y evitando la entrada de aire. La estructura de los filamentos de los tejidos garantiza una total expulsi\u00f3n del sudor. Tendr\u00e1s la piel fresca y seca incluso en los momentos de m\u00e1s calor. Tu seguridad es muy importante para nosotros. Por eso, hemos a\u00f1adido sobre los bolsillos unos elementos reflectantes para aumentar tu visibilidad en la carretera.\" \/>\n<meta name=\"robots\" content=\"index, follow, max-snippet:-1, max-image-preview:large, max-video-preview:-1\" \/>\n<link rel=\"canonical\" href=\"https:\/\/www.inverseteams.com\/es\/producto\/maillot-ciclismo-manga-corta-draco-grove-hombre\/\" \/>\n<meta property=\"og:locale\" content=\"es_ES\" \/>\n<meta property=\"og:type\" content=\"article\" \/>\n<meta property=\"og:title\" content=\"Maillot ciclismo manga corta DRACO GROVE (HOMBRE) | Inverseteams\" \/>\n<meta property=\"og:description\" content=\"Maillot t\u00e9cnico s\u00faper ligero ideal para la competici\u00f3n y los entrenamientos. Con un corte y patronaje muy ajustado se arrapar\u00e1 a tu cuerpo y te permitir\u00e1 rendir al m\u00e1ximo. Gracias a la elasticidad y estructura de sus tejidos el aire se deslizar\u00e1 f\u00e1cilmente a tu alrededor y tu aerodin\u00e1mica ser\u00e1 envidiable. En la cintura tiene una banda el\u00e1stica con un grip interior. En la zona lumbar incorpora 3 bolsillos con el nuevo sistema de Seguridad ISP \u2013 Inverse Safe Pocket \u2013 donde podr\u00e1s guardar un chaleco o barritas nutritivas sin miedo a perderlas. Adicionalmente tiene un cuarto bolsillo con cremallera para que guardes tus objetos m\u00e1s preciados. Disfruta del ciclismo sin preocupaciones. El cuello bajo y anat\u00f3mico estar\u00e1 siempre en contacto con tu cuerpo sin provocar molestias y evitando la entrada de aire. La estructura de los filamentos de los tejidos garantiza una total expulsi\u00f3n del sudor. Tendr\u00e1s la piel fresca y seca incluso en los momentos de m\u00e1s calor. Tu seguridad es muy importante para nosotros. Por eso, hemos a\u00f1adido sobre los bolsillos unos elementos reflectantes para aumentar tu visibilidad en la carretera.\" \/>\n<meta property=\"og:url\" content=\"https:\/\/www.inverseteams.com\/es\/producto\/maillot-ciclismo-manga-corta-draco-grove-hombre\/\" \/>\n<meta property=\"og:site_name\" content=\"Inverseteams\" \/>\n<meta property=\"article:publisher\" content=\"https:\/\/www.facebook.com\/inverseteams\" \/>\n<meta property=\"article:modified_time\" content=\"2026-02-16T10:21:49+00:00\" \/>\n<meta property=\"og:image\" content=\"https:\/\/www.inverseteams.com\/wp-content\/uploads\/MAILLOT-CICLISMO-VERANO-DRACO-GROVE-1.jpg\" \/>\n\t<meta property=\"og:image:width\" content=\"1500\" \/>\n\t<meta property=\"og:image:height\" content=\"1612\" \/>\n\t<meta property=\"og:image:type\" content=\"image\/jpeg\" \/>\n<meta name=\"twitter:card\" content=\"summary_large_image\" \/>\n<meta name=\"twitter:label1\" content=\"Tiempo de lectura\" \/>\n\t<meta name=\"twitter:data1\" content=\"2 minuto\" \/>\n<script type=\"application\/ld+json\" class=\"yoast-schema-graph\">{\"@context\":\"https:\\\/\\\/schema.org\",\"@graph\":[{\"@type\":\"WebPage\",\"@id\":\"https:\\\/\\\/www.inverseteams.com\\\/es\\\/producto\\\/maillot-ciclismo-manga-corta-draco-grove-hombre\\\/\",\"url\":\"https:\\\/\\\/www.inverseteams.com\\\/es\\\/producto\\\/maillot-ciclismo-manga-corta-draco-grove-hombre\\\/\",\"name\":\"Maillot ciclismo manga corta DRACO GROVE (HOMBRE) | Inverseteams\",\"isPartOf\":{\"@id\":\"https:\\\/\\\/www.inverseteams.com\\\/es\\\/#website\"},\"primaryImageOfPage\":{\"@id\":\"https:\\\/\\\/www.inverseteams.com\\\/es\\\/producto\\\/maillot-ciclismo-manga-corta-draco-grove-hombre\\\/#primaryimage\"},\"image\":{\"@id\":\"https:\\\/\\\/www.inverseteams.com\\\/es\\\/producto\\\/maillot-ciclismo-manga-corta-draco-grove-hombre\\\/#primaryimage\"},\"thumbnailUrl\":\"https:\\\/\\\/www.inverseteams.com\\\/wp-content\\\/uploads\\\/MAILLOT-CICLISMO-VERANO-DRACO-GROVE-1.jpg\",\"datePublished\":\"2024-02-27T09:55:30+00:00\",\"dateModified\":\"2026-02-16T10:21:49+00:00\",\"description\":\"Maillot t\u00e9cnico s\u00faper ligero ideal para la competici\u00f3n y los entrenamientos. Con un corte y patronaje muy ajustado se arrapar\u00e1 a tu cuerpo y te permitir\u00e1 rendir al m\u00e1ximo. Gracias a la elasticidad y estructura de sus tejidos el aire se deslizar\u00e1 f\u00e1cilmente a tu alrededor y tu aerodin\u00e1mica ser\u00e1 envidiable. En la cintura tiene una banda el\u00e1stica con un grip interior. En la zona lumbar incorpora 3 bolsillos con el nuevo sistema de Seguridad ISP \u2013 Inverse Safe Pocket \u2013 donde podr\u00e1s guardar un chaleco o barritas nutritivas sin miedo a perderlas. Adicionalmente tiene un cuarto bolsillo con cremallera para que guardes tus objetos m\u00e1s preciados. Disfruta del ciclismo sin preocupaciones. El cuello bajo y anat\u00f3mico estar\u00e1 siempre en contacto con tu cuerpo sin provocar molestias y evitando la entrada de aire. La estructura de los filamentos de los tejidos garantiza una total expulsi\u00f3n del sudor. Tendr\u00e1s la piel fresca y seca incluso en los momentos de m\u00e1s calor. Tu seguridad es muy importante para nosotros. Por eso, hemos a\u00f1adido sobre los bolsillos unos elementos reflectantes para aumentar tu visibilidad en la carretera.\",\"breadcrumb\":{\"@id\":\"https:\\\/\\\/www.inverseteams.com\\\/es\\\/producto\\\/maillot-ciclismo-manga-corta-draco-grove-hombre\\\/#breadcrumb\"},\"inLanguage\":\"es\",\"potentialAction\":[{\"@type\":\"ReadAction\",\"target\":[\"https:\\\/\\\/www.inverseteams.com\\\/es\\\/producto\\\/maillot-ciclismo-manga-corta-draco-grove-hombre\\\/\"]}]},{\"@type\":\"ImageObject\",\"inLanguage\":\"es\",\"@id\":\"https:\\\/\\\/www.inverseteams.com\\\/es\\\/producto\\\/maillot-ciclismo-manga-corta-draco-grove-hombre\\\/#primaryimage\",\"url\":\"https:\\\/\\\/www.inverseteams.com\\\/wp-content\\\/uploads\\\/MAILLOT-CICLISMO-VERANO-DRACO-GROVE-1.jpg\",\"contentUrl\":\"https:\\\/\\\/www.inverseteams.com\\\/wp-content\\\/uploads\\\/MAILLOT-CICLISMO-VERANO-DRACO-GROVE-1.jpg\",\"width\":1500,\"height\":1612,\"caption\":\"Maillot ciclismo manga corta DRACO GROVE\"},{\"@type\":\"BreadcrumbList\",\"@id\":\"https:\\\/\\\/www.inverseteams.com\\\/es\\\/producto\\\/maillot-ciclismo-manga-corta-draco-grove-hombre\\\/#breadcrumb\",\"itemListElement\":[{\"@type\":\"ListItem\",\"position\":1,\"name\":\"Portada\",\"item\":\"https:\\\/\\\/www.inverseteams.com\\\/es\\\/\"},{\"@type\":\"ListItem\",\"position\":2,\"name\":\"Tienda\",\"item\":\"https:\\\/\\\/www.inverseteams.com\\\/es\\\/tienda\\\/\"},{\"@type\":\"ListItem\",\"position\":3,\"name\":\"Maillot ciclismo manga corta DRACO GROVE (HOMBRE)\"}]},{\"@type\":\"WebSite\",\"@id\":\"https:\\\/\\\/www.inverseteams.com\\\/es\\\/#website\",\"url\":\"https:\\\/\\\/www.inverseteams.com\\\/es\\\/\",\"name\":\"Inverseteams\",\"description\":\"Tu marca de ropa deportiva personalizada\",\"publisher\":{\"@id\":\"https:\\\/\\\/www.inverseteams.com\\\/es\\\/#organization\"},\"potentialAction\":[{\"@type\":\"SearchAction\",\"target\":{\"@type\":\"EntryPoint\",\"urlTemplate\":\"https:\\\/\\\/www.inverseteams.com\\\/es\\\/?s={search_term_string}\"},\"query-input\":{\"@type\":\"PropertyValueSpecification\",\"valueRequired\":true,\"valueName\":\"search_term_string\"}}],\"inLanguage\":\"es\"},{\"@type\":\"Organization\",\"@id\":\"https:\\\/\\\/www.inverseteams.com\\\/es\\\/#organization\",\"name\":\"Inverse Teams\",\"url\":\"https:\\\/\\\/www.inverseteams.com\\\/es\\\/\",\"logo\":{\"@type\":\"ImageObject\",\"inLanguage\":\"es\",\"@id\":\"https:\\\/\\\/www.inverseteams.com\\\/es\\\/#\\\/schema\\\/logo\\\/image\\\/\",\"url\":\"http:\\\/\\\/www.inverseteams.com\\\/wp-content\\\/uploads\\\/2021\\\/03\\\/logo-inverse-teams.png\",\"contentUrl\":\"http:\\\/\\\/www.inverseteams.com\\\/wp-content\\\/uploads\\\/2021\\\/03\\\/logo-inverse-teams.png\",\"width\":294,\"height\":99,\"caption\":\"Inverse Teams\"},\"image\":{\"@id\":\"https:\\\/\\\/www.inverseteams.com\\\/es\\\/#\\\/schema\\\/logo\\\/image\\\/\"},\"sameAs\":[\"https:\\\/\\\/www.facebook.com\\\/inverseteams\",\"http:\\\/\\\/instagram.com\\\/inverseteams\",\"https:\\\/\\\/www.linkedin.com\\\/company\\\/inverse-cirosport-s-l-?trk=job_view_topcard_company_name\",\"http:\\\/\\\/www.pinterest.com\\\/inverseteams\\\/\",\"http:\\\/\\\/www.youtube.com\\\/user\\\/inverseteams?feature=watch\"]}]}<\/script>\n<!-- \/ Yoast SEO plugin. -->","yoast_head_json":{"title":"Maillot ciclismo manga corta DRACO GROVE (HOMBRE) | Inverseteams","description":"Maillot t\u00e9cnico s\u00faper ligero ideal para la competici\u00f3n y los entrenamientos. Con un corte y patronaje muy ajustado se arrapar\u00e1 a tu cuerpo y te permitir\u00e1 rendir al m\u00e1ximo. Gracias a la elasticidad y estructura de sus tejidos el aire se deslizar\u00e1 f\u00e1cilmente a tu alrededor y tu aerodin\u00e1mica ser\u00e1 envidiable. En la cintura tiene una banda el\u00e1stica con un grip interior. En la zona lumbar incorpora 3 bolsillos con el nuevo sistema de Seguridad ISP \u2013 Inverse Safe Pocket \u2013 donde podr\u00e1s guardar un chaleco o barritas nutritivas sin miedo a perderlas. Adicionalmente tiene un cuarto bolsillo con cremallera para que guardes tus objetos m\u00e1s preciados. Disfruta del ciclismo sin preocupaciones. El cuello bajo y anat\u00f3mico estar\u00e1 siempre en contacto con tu cuerpo sin provocar molestias y evitando la entrada de aire. La estructura de los filamentos de los tejidos garantiza una total expulsi\u00f3n del sudor. Tendr\u00e1s la piel fresca y seca incluso en los momentos de m\u00e1s calor. Tu seguridad es muy importante para nosotros. Por eso, hemos a\u00f1adido sobre los bolsillos unos elementos reflectantes para aumentar tu visibilidad en la carretera.","robots":{"index":"index","follow":"follow","max-snippet":"max-snippet:-1","max-image-preview":"max-image-preview:large","max-video-preview":"max-video-preview:-1"},"canonical":"https:\/\/www.inverseteams.com\/es\/producto\/maillot-ciclismo-manga-corta-draco-grove-hombre\/","og_locale":"es_ES","og_type":"article","og_title":"Maillot ciclismo manga corta DRACO GROVE (HOMBRE) | Inverseteams","og_description":"Maillot t\u00e9cnico s\u00faper ligero ideal para la competici\u00f3n y los entrenamientos. Con un corte y patronaje muy ajustado se arrapar\u00e1 a tu cuerpo y te permitir\u00e1 rendir al m\u00e1ximo. Gracias a la elasticidad y estructura de sus tejidos el aire se deslizar\u00e1 f\u00e1cilmente a tu alrededor y tu aerodin\u00e1mica ser\u00e1 envidiable. En la cintura tiene una banda el\u00e1stica con un grip interior. En la zona lumbar incorpora 3 bolsillos con el nuevo sistema de Seguridad ISP \u2013 Inverse Safe Pocket \u2013 donde podr\u00e1s guardar un chaleco o barritas nutritivas sin miedo a perderlas. Adicionalmente tiene un cuarto bolsillo con cremallera para que guardes tus objetos m\u00e1s preciados. Disfruta del ciclismo sin preocupaciones. El cuello bajo y anat\u00f3mico estar\u00e1 siempre en contacto con tu cuerpo sin provocar molestias y evitando la entrada de aire. La estructura de los filamentos de los tejidos garantiza una total expulsi\u00f3n del sudor. Tendr\u00e1s la piel fresca y seca incluso en los momentos de m\u00e1s calor. Tu seguridad es muy importante para nosotros. Por eso, hemos a\u00f1adido sobre los bolsillos unos elementos reflectantes para aumentar tu visibilidad en la carretera.","og_url":"https:\/\/www.inverseteams.com\/es\/producto\/maillot-ciclismo-manga-corta-draco-grove-hombre\/","og_site_name":"Inverseteams","article_publisher":"https:\/\/www.facebook.com\/inverseteams","article_modified_time":"2026-02-16T10:21:49+00:00","og_image":[{"width":1500,"height":1612,"url":"https:\/\/www.inverseteams.com\/wp-content\/uploads\/MAILLOT-CICLISMO-VERANO-DRACO-GROVE-1.jpg","type":"image\/jpeg"}],"twitter_card":"summary_large_image","twitter_misc":{"Tiempo de lectura":"2 minuto"},"schema":{"@context":"https:\/\/schema.org","@graph":[{"@type":"WebPage","@id":"https:\/\/www.inverseteams.com\/es\/producto\/maillot-ciclismo-manga-corta-draco-grove-hombre\/","url":"https:\/\/www.inverseteams.com\/es\/producto\/maillot-ciclismo-manga-corta-draco-grove-hombre\/","name":"Maillot ciclismo manga corta DRACO GROVE (HOMBRE) | Inverseteams","isPartOf":{"@id":"https:\/\/www.inverseteams.com\/es\/#website"},"primaryImageOfPage":{"@id":"https:\/\/www.inverseteams.com\/es\/producto\/maillot-ciclismo-manga-corta-draco-grove-hombre\/#primaryimage"},"image":{"@id":"https:\/\/www.inverseteams.com\/es\/producto\/maillot-ciclismo-manga-corta-draco-grove-hombre\/#primaryimage"},"thumbnailUrl":"https:\/\/www.inverseteams.com\/wp-content\/uploads\/MAILLOT-CICLISMO-VERANO-DRACO-GROVE-1.jpg","datePublished":"2024-02-27T09:55:30+00:00","dateModified":"2026-02-16T10:21:49+00:00","description":"Maillot t\u00e9cnico s\u00faper ligero ideal para la competici\u00f3n y los entrenamientos. Con un corte y patronaje muy ajustado se arrapar\u00e1 a tu cuerpo y te permitir\u00e1 rendir al m\u00e1ximo. Gracias a la elasticidad y estructura de sus tejidos el aire se deslizar\u00e1 f\u00e1cilmente a tu alrededor y tu aerodin\u00e1mica ser\u00e1 envidiable. En la cintura tiene una banda el\u00e1stica con un grip interior. En la zona lumbar incorpora 3 bolsillos con el nuevo sistema de Seguridad ISP \u2013 Inverse Safe Pocket \u2013 donde podr\u00e1s guardar un chaleco o barritas nutritivas sin miedo a perderlas. Adicionalmente tiene un cuarto bolsillo con cremallera para que guardes tus objetos m\u00e1s preciados. Disfruta del ciclismo sin preocupaciones. El cuello bajo y anat\u00f3mico estar\u00e1 siempre en contacto con tu cuerpo sin provocar molestias y evitando la entrada de aire. La estructura de los filamentos de los tejidos garantiza una total expulsi\u00f3n del sudor. Tendr\u00e1s la piel fresca y seca incluso en los momentos de m\u00e1s calor. Tu seguridad es muy importante para nosotros. Por eso, hemos a\u00f1adido sobre los bolsillos unos elementos reflectantes para aumentar tu visibilidad en la carretera.","breadcrumb":{"@id":"https:\/\/www.inverseteams.com\/es\/producto\/maillot-ciclismo-manga-corta-draco-grove-hombre\/#breadcrumb"},"inLanguage":"es","potentialAction":[{"@type":"ReadAction","target":["https:\/\/www.inverseteams.com\/es\/producto\/maillot-ciclismo-manga-corta-draco-grove-hombre\/"]}]},{"@type":"ImageObject","inLanguage":"es","@id":"https:\/\/www.inverseteams.com\/es\/producto\/maillot-ciclismo-manga-corta-draco-grove-hombre\/#primaryimage","url":"https:\/\/www.inverseteams.com\/wp-content\/uploads\/MAILLOT-CICLISMO-VERANO-DRACO-GROVE-1.jpg","contentUrl":"https:\/\/www.inverseteams.com\/wp-content\/uploads\/MAILLOT-CICLISMO-VERANO-DRACO-GROVE-1.jpg","width":1500,"height":1612,"caption":"Maillot ciclismo manga corta DRACO GROVE"},{"@type":"BreadcrumbList","@id":"https:\/\/www.inverseteams.com\/es\/producto\/maillot-ciclismo-manga-corta-draco-grove-hombre\/#breadcrumb","itemListElement":[{"@type":"ListItem","position":1,"name":"Portada","item":"https:\/\/www.inverseteams.com\/es\/"},{"@type":"ListItem","position":2,"name":"Tienda","item":"https:\/\/www.inverseteams.com\/es\/tienda\/"},{"@type":"ListItem","position":3,"name":"Maillot ciclismo manga corta DRACO GROVE (HOMBRE)"}]},{"@type":"WebSite","@id":"https:\/\/www.inverseteams.com\/es\/#website","url":"https:\/\/www.inverseteams.com\/es\/","name":"Inverseteams","description":"Tu marca de ropa deportiva personalizada","publisher":{"@id":"https:\/\/www.inverseteams.com\/es\/#organization"},"potentialAction":[{"@type":"SearchAction","target":{"@type":"EntryPoint","urlTemplate":"https:\/\/www.inverseteams.com\/es\/?s={search_term_string}"},"query-input":{"@type":"PropertyValueSpecification","valueRequired":true,"valueName":"search_term_string"}}],"inLanguage":"es"},{"@type":"Organization","@id":"https:\/\/www.inverseteams.com\/es\/#organization","name":"Inverse Teams","url":"https:\/\/www.inverseteams.com\/es\/","logo":{"@type":"ImageObject","inLanguage":"es","@id":"https:\/\/www.inverseteams.com\/es\/#\/schema\/logo\/image\/","url":"https:\/\/www.inverseteams.com\/wp-content\/uploads\/2021\/03\/logo-inverse-teams.png","contentUrl":"https:\/\/www.inverseteams.com\/wp-content\/uploads\/2021\/03\/logo-inverse-teams.png","width":294,"height":99,"caption":"Inverse Teams"},"image":{"@id":"https:\/\/www.inverseteams.com\/es\/#\/schema\/logo\/image\/"},"sameAs":["https:\/\/www.facebook.com\/inverseteams","http:\/\/instagram.com\/inverseteams","https:\/\/www.linkedin.com\/company\/inverse-cirosport-s-l-?trk=job_view_topcard_company_name","http:\/\/www.pinterest.com\/inverseteams\/","http:\/\/www.youtube.com\/user\/inverseteams?feature=watch"]}]}},"_links":{"self":[{"href":"https:\/\/www.inverseteams.com\/es\/wp-json\/wp\/v2\/product\/188131","targetHints":{"allow":["GET"]}}],"collection":[{"href":"https:\/\/www.inverseteams.com\/es\/wp-json\/wp\/v2\/product"}],"about":[{"href":"https:\/\/www.inverseteams.com\/es\/wp-json\/wp\/v2\/types\/product"}],"replies":[{"embeddable":true,"href":"https:\/\/www.inverseteams.com\/es\/wp-json\/wp\/v2\/comments?post=188131"}],"wp:featuredmedia":[{"embeddable":true,"href":"https:\/\/www.inverseteams.com\/es\/wp-json\/wp\/v2\/media\/187841"}],"wp:attachment":[{"href":"https:\/\/www.inverseteams.com\/es\/wp-json\/wp\/v2\/media?parent=188131"}],"wp:term":[{"taxonomy":"product_brand","embeddable":true,"href":"https:\/\/www.inverseteams.com\/es\/wp-json\/wp\/v2\/product_brand?post=188131"},{"taxonomy":"product_cat","embeddable":true,"href":"https:\/\/www.inverseteams.com\/es\/wp-json\/wp\/v2\/product_cat?post=188131"},{"taxonomy":"product_tag","embeddable":true,"href":"https:\/\/www.inverseteams.com\/es\/wp-json\/wp\/v2\/product_tag?post=188131"},{"taxonomy":"custom_category","embeddable":true,"href":"https:\/\/www.inverseteams.com\/es\/wp-json\/wp\/v2\/custom_category?post=188131"},{"taxonomy":"range","embeddable":true,"href":"https:\/\/www.inverseteams.com\/es\/wp-json\/wp\/v2\/range?post=188131"}],"curies":[{"name":"wp","href":"https:\/\/api.w.org\/{rel}","templated":true}]}}