{"id":18664,"date":"2021-05-26T11:22:30","date_gmt":"2021-05-26T11:22:30","guid":{"rendered":"https:\/\/www.inverseteams.com\/product\/culotte-ciclista-espana-mujer\/"},"modified":"2025-05-22T00:02:06","modified_gmt":"2025-05-22T00:02:06","slug":"culotte-ciclista-espana-mujer","status":"publish","type":"product","link":"https:\/\/www.inverseteams.com\/es\/producto\/culotte-ciclista-espana-mujer\/","title":{"rendered":"Culotte ciclismo mujer ESPA\u00d1A"},"content":{"rendered":"<p>Culotte ciclismo mujer ideal para los entrenos y la competici\u00f3n. Su elasticidad y ligereza te permitir\u00e1n una gran libertad de movimientos. Los paneles del culotte ciclista est\u00e1n dise\u00f1ados para que se adapten perfectamente a las diferentes posiciones del pedaleo. No notar\u00e1s ninguna resistencia. Los tirantes de rejilla te ayudar\u00e1n a evacuar r\u00e1pidamente el sudor y a sentirte fresco y seco en todo momento.<br \/>\nAl final de las piernas tiene una banda el\u00e1stica microperforada con un grip de silicona hipoalerg\u00e9nica en su interior. \u00c9sta evita que aumente la sudoraci\u00f3n y mantiene la prenda bien sujeta a la pierna. En el exterior tiene unas l\u00edneas reflectantes 360\u00ba que aumentar\u00e1n tu seguridad ya que reflejar\u00e1n la luz de los veh\u00edculos.<br \/>\nIncorpora la badana IN19 confeccionada con el tejido antibacteriano COOLMAX que expulsa la humedad y minimiza el riesgo de irritaci\u00f3n de la piel. Est\u00e1 compuesta por 3 densidades y se adaptar\u00e1 a tu anatom\u00eda y estilo de pedaleo.<\/p>\n","protected":false},"excerpt":{"rendered":"<p>Culotte ciclismo mujer ideal para los entrenos y la competici\u00f3n. Su elasticidad y ligereza te permitir\u00e1n una gran libertad de movimientos. Los paneles del culotte ciclista est\u00e1n dise\u00f1ados para que se adapten perfectamente a las diferentes posiciones del pedaleo. No notar\u00e1s ninguna resistencia. Los tirantes de rejilla te ayudar\u00e1n a evacuar r\u00e1pidamente el sudor y a sentirte fresco y seco en todo momento.<br \/>\nAl final de las piernas tiene una banda el\u00e1stica microperforada con un grip de silicona hipoalerg\u00e9nica en su interior. \u00c9sta evita que aumente la sudoraci\u00f3n y mantiene la prenda bien sujeta a la pierna. En el exterior tiene unas l\u00edneas reflectantes 360\u00ba que aumentar\u00e1n tu seguridad ya que reflejar\u00e1n la luz de los veh\u00edculos.<br \/>\nIncorpora la badana IN19 confeccionada con el tejido antibacteriano COOLMAX que expulsa la humedad y minimiza el riesgo de irritaci\u00f3n de la piel. Est\u00e1 compuesta por 3 densidades y se adaptar\u00e1 a tu anatom\u00eda y estilo de pedaleo.<\/p>\n","protected":false},"featured_media":18277,"comment_status":"closed","ping_status":"closed","template":"","meta":{"_acf_changed":false},"product_brand":[],"product_cat":[132,2769,1078,7174],"product_tag":[],"custom_category":[],"range":[],"class_list":{"0":"post-18664","1":"product","2":"type-product","3":"status-publish","4":"has-post-thumbnail","6":"product_cat-ciclismo","7":"product_cat-culotte-ciclismo","8":"product_cat-mujer","9":"product_cat-b2b","10":"pa_climatologia-temperatura-templada","11":"pa_climatologia-calor","12":"pa_deporte-ciclismo","13":"pa_genero-mujer","14":"pa_patronaje-fit","15":"pa_talla-s","16":"pa_talla-m","17":"pa_talla-l","18":"pa_talla-xs","19":"pa_tipo-de-prenda-culotte-corto","21":"first","22":"outofstock","23":"taxable","24":"shipping-taxable","25":"product-type-variable","26":"has-default-attributes"},"acf":[],"yoast_head":"<!-- This site is optimized with the Yoast SEO plugin v27.3 - https:\/\/yoast.com\/product\/yoast-seo-wordpress\/ -->\n<title>Culotte ciclismo mujer ESPA\u00d1A<\/title>\n<meta name=\"description\" content=\"Culotte ciclismo mujer ESPA\u00d1A ideal para los entrenos y la competici\u00f3n. Su elasticidad y ligereza te permitir\u00e1n una gran libertad de movimientos.\" \/>\n<meta name=\"robots\" content=\"index, follow, max-snippet:-1, max-image-preview:large, max-video-preview:-1\" \/>\n<link rel=\"canonical\" href=\"https:\/\/www.inverseteams.com\/es\/producto\/culotte-ciclista-espana-mujer\/\" \/>\n<meta property=\"og:locale\" content=\"es_ES\" \/>\n<meta property=\"og:type\" content=\"article\" \/>\n<meta property=\"og:title\" content=\"Culotte ciclismo mujer ESPA\u00d1A\" \/>\n<meta property=\"og:description\" content=\"Culotte ciclismo mujer ESPA\u00d1A ideal para los entrenos y la competici\u00f3n. Su elasticidad y ligereza te permitir\u00e1n una gran libertad de movimientos.\" \/>\n<meta property=\"og:url\" content=\"https:\/\/www.inverseteams.com\/es\/producto\/culotte-ciclista-espana-mujer\/\" \/>\n<meta property=\"og:site_name\" content=\"Inverseteams\" \/>\n<meta property=\"article:publisher\" content=\"https:\/\/www.facebook.com\/inverseteams\" \/>\n<meta property=\"article:modified_time\" content=\"2025-05-22T00:02:06+00:00\" \/>\n<meta property=\"og:image\" content=\"https:\/\/www.inverseteams.com\/wp-content\/uploads\/CULOTTE-CICLISTA-ESPANA-MUJER-1.jpg\" \/>\n\t<meta property=\"og:image:width\" content=\"3222\" \/>\n\t<meta property=\"og:image:height\" content=\"3462\" \/>\n\t<meta property=\"og:image:type\" content=\"image\/jpeg\" \/>\n<meta name=\"twitter:card\" content=\"summary_large_image\" \/>\n<meta name=\"twitter:label1\" content=\"Tiempo de lectura\" \/>\n\t<meta name=\"twitter:data1\" content=\"1 minuto\" \/>\n<script type=\"application\/ld+json\" class=\"yoast-schema-graph\">{\"@context\":\"https:\\\/\\\/schema.org\",\"@graph\":[{\"@type\":\"WebPage\",\"@id\":\"https:\\\/\\\/www.inverseteams.com\\\/es\\\/producto\\\/culotte-ciclista-espana-mujer\\\/\",\"url\":\"https:\\\/\\\/www.inverseteams.com\\\/es\\\/producto\\\/culotte-ciclista-espana-mujer\\\/\",\"name\":\"Culotte ciclismo mujer ESPA\u00d1A\",\"isPartOf\":{\"@id\":\"https:\\\/\\\/www.inverseteams.com\\\/es\\\/#website\"},\"primaryImageOfPage\":{\"@id\":\"https:\\\/\\\/www.inverseteams.com\\\/es\\\/producto\\\/culotte-ciclista-espana-mujer\\\/#primaryimage\"},\"image\":{\"@id\":\"https:\\\/\\\/www.inverseteams.com\\\/es\\\/producto\\\/culotte-ciclista-espana-mujer\\\/#primaryimage\"},\"thumbnailUrl\":\"https:\\\/\\\/www.inverseteams.com\\\/wp-content\\\/uploads\\\/CULOTTE-CICLISTA-ESPANA-MUJER-1.jpg\",\"datePublished\":\"2021-05-26T11:22:30+00:00\",\"dateModified\":\"2025-05-22T00:02:06+00:00\",\"description\":\"Culotte ciclismo mujer ESPA\u00d1A ideal para los entrenos y la competici\u00f3n. Su elasticidad y ligereza te permitir\u00e1n una gran libertad de movimientos.\",\"breadcrumb\":{\"@id\":\"https:\\\/\\\/www.inverseteams.com\\\/es\\\/producto\\\/culotte-ciclista-espana-mujer\\\/#breadcrumb\"},\"inLanguage\":\"es\",\"potentialAction\":[{\"@type\":\"ReadAction\",\"target\":[\"https:\\\/\\\/www.inverseteams.com\\\/es\\\/producto\\\/culotte-ciclista-espana-mujer\\\/\"]}]},{\"@type\":\"ImageObject\",\"inLanguage\":\"es\",\"@id\":\"https:\\\/\\\/www.inverseteams.com\\\/es\\\/producto\\\/culotte-ciclista-espana-mujer\\\/#primaryimage\",\"url\":\"https:\\\/\\\/www.inverseteams.com\\\/wp-content\\\/uploads\\\/CULOTTE-CICLISTA-ESPANA-MUJER-1.jpg\",\"contentUrl\":\"https:\\\/\\\/www.inverseteams.com\\\/wp-content\\\/uploads\\\/CULOTTE-CICLISTA-ESPANA-MUJER-1.jpg\",\"width\":3222,\"height\":3462,\"caption\":\"Culotte ciclista Espa\u00f1a\"},{\"@type\":\"BreadcrumbList\",\"@id\":\"https:\\\/\\\/www.inverseteams.com\\\/es\\\/producto\\\/culotte-ciclista-espana-mujer\\\/#breadcrumb\",\"itemListElement\":[{\"@type\":\"ListItem\",\"position\":1,\"name\":\"Portada\",\"item\":\"https:\\\/\\\/www.inverseteams.com\\\/es\\\/\"},{\"@type\":\"ListItem\",\"position\":2,\"name\":\"Tienda\",\"item\":\"https:\\\/\\\/www.inverseteams.com\\\/es\\\/tienda\\\/\"},{\"@type\":\"ListItem\",\"position\":3,\"name\":\"Culotte ciclismo mujer ESPA\u00d1A\"}]},{\"@type\":\"WebSite\",\"@id\":\"https:\\\/\\\/www.inverseteams.com\\\/es\\\/#website\",\"url\":\"https:\\\/\\\/www.inverseteams.com\\\/es\\\/\",\"name\":\"Inverseteams\",\"description\":\"Tu marca de ropa deportiva personalizada\",\"publisher\":{\"@id\":\"https:\\\/\\\/www.inverseteams.com\\\/es\\\/#organization\"},\"potentialAction\":[{\"@type\":\"SearchAction\",\"target\":{\"@type\":\"EntryPoint\",\"urlTemplate\":\"https:\\\/\\\/www.inverseteams.com\\\/es\\\/?s={search_term_string}\"},\"query-input\":{\"@type\":\"PropertyValueSpecification\",\"valueRequired\":true,\"valueName\":\"search_term_string\"}}],\"inLanguage\":\"es\"},{\"@type\":\"Organization\",\"@id\":\"https:\\\/\\\/www.inverseteams.com\\\/es\\\/#organization\",\"name\":\"Inverse Teams\",\"url\":\"https:\\\/\\\/www.inverseteams.com\\\/es\\\/\",\"logo\":{\"@type\":\"ImageObject\",\"inLanguage\":\"es\",\"@id\":\"https:\\\/\\\/www.inverseteams.com\\\/es\\\/#\\\/schema\\\/logo\\\/image\\\/\",\"url\":\"http:\\\/\\\/www.inverseteams.com\\\/wp-content\\\/uploads\\\/2021\\\/03\\\/logo-inverse-teams.png\",\"contentUrl\":\"http:\\\/\\\/www.inverseteams.com\\\/wp-content\\\/uploads\\\/2021\\\/03\\\/logo-inverse-teams.png\",\"width\":294,\"height\":99,\"caption\":\"Inverse Teams\"},\"image\":{\"@id\":\"https:\\\/\\\/www.inverseteams.com\\\/es\\\/#\\\/schema\\\/logo\\\/image\\\/\"},\"sameAs\":[\"https:\\\/\\\/www.facebook.com\\\/inverseteams\",\"http:\\\/\\\/instagram.com\\\/inverseteams\",\"https:\\\/\\\/www.linkedin.com\\\/company\\\/inverse-cirosport-s-l-?trk=job_view_topcard_company_name\",\"http:\\\/\\\/www.pinterest.com\\\/inverseteams\\\/\",\"http:\\\/\\\/www.youtube.com\\\/user\\\/inverseteams?feature=watch\"]}]}<\/script>\n<!-- \/ Yoast SEO plugin. -->","yoast_head_json":{"title":"Culotte ciclismo mujer ESPA\u00d1A","description":"Culotte ciclismo mujer ESPA\u00d1A ideal para los entrenos y la competici\u00f3n. Su elasticidad y ligereza te permitir\u00e1n una gran libertad de movimientos.","robots":{"index":"index","follow":"follow","max-snippet":"max-snippet:-1","max-image-preview":"max-image-preview:large","max-video-preview":"max-video-preview:-1"},"canonical":"https:\/\/www.inverseteams.com\/es\/producto\/culotte-ciclista-espana-mujer\/","og_locale":"es_ES","og_type":"article","og_title":"Culotte ciclismo mujer ESPA\u00d1A","og_description":"Culotte ciclismo mujer ESPA\u00d1A ideal para los entrenos y la competici\u00f3n. Su elasticidad y ligereza te permitir\u00e1n una gran libertad de movimientos.","og_url":"https:\/\/www.inverseteams.com\/es\/producto\/culotte-ciclista-espana-mujer\/","og_site_name":"Inverseteams","article_publisher":"https:\/\/www.facebook.com\/inverseteams","article_modified_time":"2025-05-22T00:02:06+00:00","og_image":[{"width":3222,"height":3462,"url":"https:\/\/www.inverseteams.com\/wp-content\/uploads\/CULOTTE-CICLISTA-ESPANA-MUJER-1.jpg","type":"image\/jpeg"}],"twitter_card":"summary_large_image","twitter_misc":{"Tiempo de lectura":"1 minuto"},"schema":{"@context":"https:\/\/schema.org","@graph":[{"@type":"WebPage","@id":"https:\/\/www.inverseteams.com\/es\/producto\/culotte-ciclista-espana-mujer\/","url":"https:\/\/www.inverseteams.com\/es\/producto\/culotte-ciclista-espana-mujer\/","name":"Culotte ciclismo mujer ESPA\u00d1A","isPartOf":{"@id":"https:\/\/www.inverseteams.com\/es\/#website"},"primaryImageOfPage":{"@id":"https:\/\/www.inverseteams.com\/es\/producto\/culotte-ciclista-espana-mujer\/#primaryimage"},"image":{"@id":"https:\/\/www.inverseteams.com\/es\/producto\/culotte-ciclista-espana-mujer\/#primaryimage"},"thumbnailUrl":"https:\/\/www.inverseteams.com\/wp-content\/uploads\/CULOTTE-CICLISTA-ESPANA-MUJER-1.jpg","datePublished":"2021-05-26T11:22:30+00:00","dateModified":"2025-05-22T00:02:06+00:00","description":"Culotte ciclismo mujer ESPA\u00d1A ideal para los entrenos y la competici\u00f3n. Su elasticidad y ligereza te permitir\u00e1n una gran libertad de movimientos.","breadcrumb":{"@id":"https:\/\/www.inverseteams.com\/es\/producto\/culotte-ciclista-espana-mujer\/#breadcrumb"},"inLanguage":"es","potentialAction":[{"@type":"ReadAction","target":["https:\/\/www.inverseteams.com\/es\/producto\/culotte-ciclista-espana-mujer\/"]}]},{"@type":"ImageObject","inLanguage":"es","@id":"https:\/\/www.inverseteams.com\/es\/producto\/culotte-ciclista-espana-mujer\/#primaryimage","url":"https:\/\/www.inverseteams.com\/wp-content\/uploads\/CULOTTE-CICLISTA-ESPANA-MUJER-1.jpg","contentUrl":"https:\/\/www.inverseteams.com\/wp-content\/uploads\/CULOTTE-CICLISTA-ESPANA-MUJER-1.jpg","width":3222,"height":3462,"caption":"Culotte ciclista Espa\u00f1a"},{"@type":"BreadcrumbList","@id":"https:\/\/www.inverseteams.com\/es\/producto\/culotte-ciclista-espana-mujer\/#breadcrumb","itemListElement":[{"@type":"ListItem","position":1,"name":"Portada","item":"https:\/\/www.inverseteams.com\/es\/"},{"@type":"ListItem","position":2,"name":"Tienda","item":"https:\/\/www.inverseteams.com\/es\/tienda\/"},{"@type":"ListItem","position":3,"name":"Culotte ciclismo mujer ESPA\u00d1A"}]},{"@type":"WebSite","@id":"https:\/\/www.inverseteams.com\/es\/#website","url":"https:\/\/www.inverseteams.com\/es\/","name":"Inverseteams","description":"Tu marca de ropa deportiva personalizada","publisher":{"@id":"https:\/\/www.inverseteams.com\/es\/#organization"},"potentialAction":[{"@type":"SearchAction","target":{"@type":"EntryPoint","urlTemplate":"https:\/\/www.inverseteams.com\/es\/?s={search_term_string}"},"query-input":{"@type":"PropertyValueSpecification","valueRequired":true,"valueName":"search_term_string"}}],"inLanguage":"es"},{"@type":"Organization","@id":"https:\/\/www.inverseteams.com\/es\/#organization","name":"Inverse Teams","url":"https:\/\/www.inverseteams.com\/es\/","logo":{"@type":"ImageObject","inLanguage":"es","@id":"https:\/\/www.inverseteams.com\/es\/#\/schema\/logo\/image\/","url":"https:\/\/www.inverseteams.com\/wp-content\/uploads\/2021\/03\/logo-inverse-teams.png","contentUrl":"https:\/\/www.inverseteams.com\/wp-content\/uploads\/2021\/03\/logo-inverse-teams.png","width":294,"height":99,"caption":"Inverse Teams"},"image":{"@id":"https:\/\/www.inverseteams.com\/es\/#\/schema\/logo\/image\/"},"sameAs":["https:\/\/www.facebook.com\/inverseteams","http:\/\/instagram.com\/inverseteams","https:\/\/www.linkedin.com\/company\/inverse-cirosport-s-l-?trk=job_view_topcard_company_name","http:\/\/www.pinterest.com\/inverseteams\/","http:\/\/www.youtube.com\/user\/inverseteams?feature=watch"]}]}},"_links":{"self":[{"href":"https:\/\/www.inverseteams.com\/es\/wp-json\/wp\/v2\/product\/18664","targetHints":{"allow":["GET"]}}],"collection":[{"href":"https:\/\/www.inverseteams.com\/es\/wp-json\/wp\/v2\/product"}],"about":[{"href":"https:\/\/www.inverseteams.com\/es\/wp-json\/wp\/v2\/types\/product"}],"replies":[{"embeddable":true,"href":"https:\/\/www.inverseteams.com\/es\/wp-json\/wp\/v2\/comments?post=18664"}],"wp:featuredmedia":[{"embeddable":true,"href":"https:\/\/www.inverseteams.com\/es\/wp-json\/wp\/v2\/media\/18277"}],"wp:attachment":[{"href":"https:\/\/www.inverseteams.com\/es\/wp-json\/wp\/v2\/media?parent=18664"}],"wp:term":[{"taxonomy":"product_brand","embeddable":true,"href":"https:\/\/www.inverseteams.com\/es\/wp-json\/wp\/v2\/product_brand?post=18664"},{"taxonomy":"product_cat","embeddable":true,"href":"https:\/\/www.inverseteams.com\/es\/wp-json\/wp\/v2\/product_cat?post=18664"},{"taxonomy":"product_tag","embeddable":true,"href":"https:\/\/www.inverseteams.com\/es\/wp-json\/wp\/v2\/product_tag?post=18664"},{"taxonomy":"custom_category","embeddable":true,"href":"https:\/\/www.inverseteams.com\/es\/wp-json\/wp\/v2\/custom_category?post=18664"},{"taxonomy":"range","embeddable":true,"href":"https:\/\/www.inverseteams.com\/es\/wp-json\/wp\/v2\/range?post=18664"}],"curies":[{"name":"wp","href":"https:\/\/api.w.org\/{rel}","templated":true}]}}