{"id":168099,"date":"2023-11-09T13:19:16","date_gmt":"2023-11-09T13:19:16","guid":{"rendered":"https:\/\/www.inverseteams.com\/product\/camiseta-running-sin-mangas-offroad-hombre\/"},"modified":"2023-12-27T13:55:44","modified_gmt":"2023-12-27T13:55:44","slug":"camiseta-running-sin-mangas-offroad-hombre","status":"publish","type":"product","link":"https:\/\/www.inverseteams.com\/es\/producto\/camiseta-running-sin-mangas-offroad-hombre\/","title":{"rendered":"Camiseta running sin mangas OFFROAD (HOMBRE)"},"content":{"rendered":"<p>Su tejido de estructura abierta asegura una r\u00e1pida expulsi\u00f3n de la humedad corporal, dejando la piel seca y fresca. Adem\u00e1s, tiene una alta capacidad de secado y podr\u00e1s correr de manera confortable. Este tejido tambi\u00e9n destaca por su resistencia a los enganchones. Podr\u00e1s disfrutar del deporte tanto por el asfalto como por la monta\u00f1a.<br \/>\nSu patronaje, ligereza y suavidad te har\u00e1n sentir muy confortable durante el entreno o la competici\u00f3n. La nueva camiseta de running te ayudar\u00e1 a optimizar tus esfuerzos y a disfrutar del deporte al aire libre.<\/p>\n","protected":false},"excerpt":{"rendered":"<p>Su tejido de estructura abierta asegura una r\u00e1pida expulsi\u00f3n de la humedad corporal, dejando la piel seca y fresca. Adem\u00e1s, tiene una alta capacidad de secado y podr\u00e1s correr de manera confortable. Este tejido tambi\u00e9n destaca por su resistencia a los enganchones. Podr\u00e1s disfrutar del deporte tanto por el asfalto como por la monta\u00f1a.<br \/>\nSu patronaje, ligereza y suavidad te har\u00e1n sentir muy confortable durante el entreno o la competici\u00f3n. La nueva camiseta de running te ayudar\u00e1 a optimizar tus esfuerzos y a disfrutar del deporte al aire libre.<\/p>\n","protected":false},"featured_media":168081,"comment_status":"closed","ping_status":"closed","template":"","meta":{"_acf_changed":false},"product_brand":[],"product_cat":[15],"product_tag":[],"custom_category":[2604,1365,1390],"range":[10875],"class_list":{"0":"post-168099","1":"product","2":"type-product","3":"status-publish","4":"has-post-thumbnail","6":"product_cat-uncategorized","7":"pa_climatologia-calor","8":"pa_deporte-running","9":"pa_genero-hombre","10":"pa_patronaje-regular","11":"pa_tipo-de-prenda-camiseta","12":"custom_category-camiseta-running-personalizada","13":"custom_category-deporte","14":"custom_category-ropa-de-running-personalizada","15":"range-offroad","17":"first","18":"instock","19":"product-type-custom"},"acf":[],"yoast_head":"<!-- This site is optimized with the Yoast SEO plugin v27.3 - https:\/\/yoast.com\/product\/yoast-seo-wordpress\/ -->\n<title>Camiseta running sin mangas OFFROAD (HOMBRE) | Inverseteams<\/title>\n<meta name=\"description\" content=\"Su tejido de estructura abierta asegura una r\u00e1pida expulsi\u00f3n de la humedad corporal, dejando la piel seca y fresca. Adem\u00e1s, tiene una alta capacidad de secado y podr\u00e1s correr de manera confortable. Este tejido tambi\u00e9n destaca por su resistencia a los enganchones. Podr\u00e1s disfrutar del deporte tanto por el asfalto como por la monta\u00f1a. Su patronaje, ligereza y suavidad te har\u00e1n sentir muy confortable durante el entreno o la competici\u00f3n. La nueva camiseta de running te ayudar\u00e1 a optimizar tus esfuerzos y a disfrutar del deporte al aire libre.\" \/>\n<meta name=\"robots\" content=\"index, follow, max-snippet:-1, max-image-preview:large, max-video-preview:-1\" \/>\n<link rel=\"canonical\" href=\"https:\/\/www.inverseteams.com\/es\/producto\/camiseta-running-sin-mangas-offroad-hombre\/\" \/>\n<meta property=\"og:locale\" content=\"es_ES\" \/>\n<meta property=\"og:type\" content=\"article\" \/>\n<meta property=\"og:title\" content=\"Camiseta running sin mangas OFFROAD (HOMBRE) | Inverseteams\" \/>\n<meta property=\"og:description\" content=\"Su tejido de estructura abierta asegura una r\u00e1pida expulsi\u00f3n de la humedad corporal, dejando la piel seca y fresca. Adem\u00e1s, tiene una alta capacidad de secado y podr\u00e1s correr de manera confortable. Este tejido tambi\u00e9n destaca por su resistencia a los enganchones. Podr\u00e1s disfrutar del deporte tanto por el asfalto como por la monta\u00f1a. Su patronaje, ligereza y suavidad te har\u00e1n sentir muy confortable durante el entreno o la competici\u00f3n. La nueva camiseta de running te ayudar\u00e1 a optimizar tus esfuerzos y a disfrutar del deporte al aire libre.\" \/>\n<meta property=\"og:url\" content=\"https:\/\/www.inverseteams.com\/es\/producto\/camiseta-running-sin-mangas-offroad-hombre\/\" \/>\n<meta property=\"og:site_name\" content=\"Inverseteams\" \/>\n<meta property=\"article:publisher\" content=\"https:\/\/www.facebook.com\/inverseteams\" \/>\n<meta property=\"article:modified_time\" content=\"2023-12-27T13:55:44+00:00\" \/>\n<meta property=\"og:image\" content=\"https:\/\/www.inverseteams.com\/wp-content\/uploads\/CAMISETA-SM-OFFROAD-1.jpg\" \/>\n\t<meta property=\"og:image:width\" content=\"3222\" \/>\n\t<meta property=\"og:image:height\" content=\"3462\" \/>\n\t<meta property=\"og:image:type\" content=\"image\/jpeg\" \/>\n<meta name=\"twitter:card\" content=\"summary_large_image\" \/>\n<meta name=\"twitter:label1\" content=\"Tiempo de lectura\" \/>\n\t<meta name=\"twitter:data1\" content=\"1 minuto\" \/>\n<script type=\"application\/ld+json\" class=\"yoast-schema-graph\">{\"@context\":\"https:\\\/\\\/schema.org\",\"@graph\":[{\"@type\":\"WebPage\",\"@id\":\"https:\\\/\\\/www.inverseteams.com\\\/es\\\/producto\\\/camiseta-running-sin-mangas-offroad-hombre\\\/\",\"url\":\"https:\\\/\\\/www.inverseteams.com\\\/es\\\/producto\\\/camiseta-running-sin-mangas-offroad-hombre\\\/\",\"name\":\"Camiseta running sin mangas OFFROAD (HOMBRE) | Inverseteams\",\"isPartOf\":{\"@id\":\"https:\\\/\\\/www.inverseteams.com\\\/es\\\/#website\"},\"primaryImageOfPage\":{\"@id\":\"https:\\\/\\\/www.inverseteams.com\\\/es\\\/producto\\\/camiseta-running-sin-mangas-offroad-hombre\\\/#primaryimage\"},\"image\":{\"@id\":\"https:\\\/\\\/www.inverseteams.com\\\/es\\\/producto\\\/camiseta-running-sin-mangas-offroad-hombre\\\/#primaryimage\"},\"thumbnailUrl\":\"https:\\\/\\\/www.inverseteams.com\\\/wp-content\\\/uploads\\\/CAMISETA-SM-OFFROAD-1.jpg\",\"datePublished\":\"2023-11-09T13:19:16+00:00\",\"dateModified\":\"2023-12-27T13:55:44+00:00\",\"description\":\"Su tejido de estructura abierta asegura una r\u00e1pida expulsi\u00f3n de la humedad corporal, dejando la piel seca y fresca. Adem\u00e1s, tiene una alta capacidad de secado y podr\u00e1s correr de manera confortable. Este tejido tambi\u00e9n destaca por su resistencia a los enganchones. Podr\u00e1s disfrutar del deporte tanto por el asfalto como por la monta\u00f1a. Su patronaje, ligereza y suavidad te har\u00e1n sentir muy confortable durante el entreno o la competici\u00f3n. La nueva camiseta de running te ayudar\u00e1 a optimizar tus esfuerzos y a disfrutar del deporte al aire libre.\",\"breadcrumb\":{\"@id\":\"https:\\\/\\\/www.inverseteams.com\\\/es\\\/producto\\\/camiseta-running-sin-mangas-offroad-hombre\\\/#breadcrumb\"},\"inLanguage\":\"es\",\"potentialAction\":[{\"@type\":\"ReadAction\",\"target\":[\"https:\\\/\\\/www.inverseteams.com\\\/es\\\/producto\\\/camiseta-running-sin-mangas-offroad-hombre\\\/\"]}]},{\"@type\":\"ImageObject\",\"inLanguage\":\"es\",\"@id\":\"https:\\\/\\\/www.inverseteams.com\\\/es\\\/producto\\\/camiseta-running-sin-mangas-offroad-hombre\\\/#primaryimage\",\"url\":\"https:\\\/\\\/www.inverseteams.com\\\/wp-content\\\/uploads\\\/CAMISETA-SM-OFFROAD-1.jpg\",\"contentUrl\":\"https:\\\/\\\/www.inverseteams.com\\\/wp-content\\\/uploads\\\/CAMISETA-SM-OFFROAD-1.jpg\",\"width\":3222,\"height\":3462,\"caption\":\"Camiseta sin mangas running hombre OFFROAD personalizada\"},{\"@type\":\"BreadcrumbList\",\"@id\":\"https:\\\/\\\/www.inverseteams.com\\\/es\\\/producto\\\/camiseta-running-sin-mangas-offroad-hombre\\\/#breadcrumb\",\"itemListElement\":[{\"@type\":\"ListItem\",\"position\":1,\"name\":\"Portada\",\"item\":\"https:\\\/\\\/www.inverseteams.com\\\/es\\\/\"},{\"@type\":\"ListItem\",\"position\":2,\"name\":\"Tienda\",\"item\":\"https:\\\/\\\/www.inverseteams.com\\\/es\\\/tienda\\\/\"},{\"@type\":\"ListItem\",\"position\":3,\"name\":\"Camiseta running sin mangas OFFROAD (HOMBRE)\"}]},{\"@type\":\"WebSite\",\"@id\":\"https:\\\/\\\/www.inverseteams.com\\\/es\\\/#website\",\"url\":\"https:\\\/\\\/www.inverseteams.com\\\/es\\\/\",\"name\":\"Inverseteams\",\"description\":\"Tu marca de ropa deportiva personalizada\",\"publisher\":{\"@id\":\"https:\\\/\\\/www.inverseteams.com\\\/es\\\/#organization\"},\"potentialAction\":[{\"@type\":\"SearchAction\",\"target\":{\"@type\":\"EntryPoint\",\"urlTemplate\":\"https:\\\/\\\/www.inverseteams.com\\\/es\\\/?s={search_term_string}\"},\"query-input\":{\"@type\":\"PropertyValueSpecification\",\"valueRequired\":true,\"valueName\":\"search_term_string\"}}],\"inLanguage\":\"es\"},{\"@type\":\"Organization\",\"@id\":\"https:\\\/\\\/www.inverseteams.com\\\/es\\\/#organization\",\"name\":\"Inverse Teams\",\"url\":\"https:\\\/\\\/www.inverseteams.com\\\/es\\\/\",\"logo\":{\"@type\":\"ImageObject\",\"inLanguage\":\"es\",\"@id\":\"https:\\\/\\\/www.inverseteams.com\\\/es\\\/#\\\/schema\\\/logo\\\/image\\\/\",\"url\":\"http:\\\/\\\/www.inverseteams.com\\\/wp-content\\\/uploads\\\/2021\\\/03\\\/logo-inverse-teams.png\",\"contentUrl\":\"http:\\\/\\\/www.inverseteams.com\\\/wp-content\\\/uploads\\\/2021\\\/03\\\/logo-inverse-teams.png\",\"width\":294,\"height\":99,\"caption\":\"Inverse Teams\"},\"image\":{\"@id\":\"https:\\\/\\\/www.inverseteams.com\\\/es\\\/#\\\/schema\\\/logo\\\/image\\\/\"},\"sameAs\":[\"https:\\\/\\\/www.facebook.com\\\/inverseteams\",\"http:\\\/\\\/instagram.com\\\/inverseteams\",\"https:\\\/\\\/www.linkedin.com\\\/company\\\/inverse-cirosport-s-l-?trk=job_view_topcard_company_name\",\"http:\\\/\\\/www.pinterest.com\\\/inverseteams\\\/\",\"http:\\\/\\\/www.youtube.com\\\/user\\\/inverseteams?feature=watch\"]}]}<\/script>\n<!-- \/ Yoast SEO plugin. -->","yoast_head_json":{"title":"Camiseta running sin mangas OFFROAD (HOMBRE) | Inverseteams","description":"Su tejido de estructura abierta asegura una r\u00e1pida expulsi\u00f3n de la humedad corporal, dejando la piel seca y fresca. Adem\u00e1s, tiene una alta capacidad de secado y podr\u00e1s correr de manera confortable. Este tejido tambi\u00e9n destaca por su resistencia a los enganchones. Podr\u00e1s disfrutar del deporte tanto por el asfalto como por la monta\u00f1a. Su patronaje, ligereza y suavidad te har\u00e1n sentir muy confortable durante el entreno o la competici\u00f3n. La nueva camiseta de running te ayudar\u00e1 a optimizar tus esfuerzos y a disfrutar del deporte al aire libre.","robots":{"index":"index","follow":"follow","max-snippet":"max-snippet:-1","max-image-preview":"max-image-preview:large","max-video-preview":"max-video-preview:-1"},"canonical":"https:\/\/www.inverseteams.com\/es\/producto\/camiseta-running-sin-mangas-offroad-hombre\/","og_locale":"es_ES","og_type":"article","og_title":"Camiseta running sin mangas OFFROAD (HOMBRE) | Inverseteams","og_description":"Su tejido de estructura abierta asegura una r\u00e1pida expulsi\u00f3n de la humedad corporal, dejando la piel seca y fresca. Adem\u00e1s, tiene una alta capacidad de secado y podr\u00e1s correr de manera confortable. Este tejido tambi\u00e9n destaca por su resistencia a los enganchones. Podr\u00e1s disfrutar del deporte tanto por el asfalto como por la monta\u00f1a. Su patronaje, ligereza y suavidad te har\u00e1n sentir muy confortable durante el entreno o la competici\u00f3n. La nueva camiseta de running te ayudar\u00e1 a optimizar tus esfuerzos y a disfrutar del deporte al aire libre.","og_url":"https:\/\/www.inverseteams.com\/es\/producto\/camiseta-running-sin-mangas-offroad-hombre\/","og_site_name":"Inverseteams","article_publisher":"https:\/\/www.facebook.com\/inverseteams","article_modified_time":"2023-12-27T13:55:44+00:00","og_image":[{"width":3222,"height":3462,"url":"https:\/\/www.inverseteams.com\/wp-content\/uploads\/CAMISETA-SM-OFFROAD-1.jpg","type":"image\/jpeg"}],"twitter_card":"summary_large_image","twitter_misc":{"Tiempo de lectura":"1 minuto"},"schema":{"@context":"https:\/\/schema.org","@graph":[{"@type":"WebPage","@id":"https:\/\/www.inverseteams.com\/es\/producto\/camiseta-running-sin-mangas-offroad-hombre\/","url":"https:\/\/www.inverseteams.com\/es\/producto\/camiseta-running-sin-mangas-offroad-hombre\/","name":"Camiseta running sin mangas OFFROAD (HOMBRE) | Inverseteams","isPartOf":{"@id":"https:\/\/www.inverseteams.com\/es\/#website"},"primaryImageOfPage":{"@id":"https:\/\/www.inverseteams.com\/es\/producto\/camiseta-running-sin-mangas-offroad-hombre\/#primaryimage"},"image":{"@id":"https:\/\/www.inverseteams.com\/es\/producto\/camiseta-running-sin-mangas-offroad-hombre\/#primaryimage"},"thumbnailUrl":"https:\/\/www.inverseteams.com\/wp-content\/uploads\/CAMISETA-SM-OFFROAD-1.jpg","datePublished":"2023-11-09T13:19:16+00:00","dateModified":"2023-12-27T13:55:44+00:00","description":"Su tejido de estructura abierta asegura una r\u00e1pida expulsi\u00f3n de la humedad corporal, dejando la piel seca y fresca. Adem\u00e1s, tiene una alta capacidad de secado y podr\u00e1s correr de manera confortable. Este tejido tambi\u00e9n destaca por su resistencia a los enganchones. Podr\u00e1s disfrutar del deporte tanto por el asfalto como por la monta\u00f1a. Su patronaje, ligereza y suavidad te har\u00e1n sentir muy confortable durante el entreno o la competici\u00f3n. La nueva camiseta de running te ayudar\u00e1 a optimizar tus esfuerzos y a disfrutar del deporte al aire libre.","breadcrumb":{"@id":"https:\/\/www.inverseteams.com\/es\/producto\/camiseta-running-sin-mangas-offroad-hombre\/#breadcrumb"},"inLanguage":"es","potentialAction":[{"@type":"ReadAction","target":["https:\/\/www.inverseteams.com\/es\/producto\/camiseta-running-sin-mangas-offroad-hombre\/"]}]},{"@type":"ImageObject","inLanguage":"es","@id":"https:\/\/www.inverseteams.com\/es\/producto\/camiseta-running-sin-mangas-offroad-hombre\/#primaryimage","url":"https:\/\/www.inverseteams.com\/wp-content\/uploads\/CAMISETA-SM-OFFROAD-1.jpg","contentUrl":"https:\/\/www.inverseteams.com\/wp-content\/uploads\/CAMISETA-SM-OFFROAD-1.jpg","width":3222,"height":3462,"caption":"Camiseta sin mangas running hombre OFFROAD personalizada"},{"@type":"BreadcrumbList","@id":"https:\/\/www.inverseteams.com\/es\/producto\/camiseta-running-sin-mangas-offroad-hombre\/#breadcrumb","itemListElement":[{"@type":"ListItem","position":1,"name":"Portada","item":"https:\/\/www.inverseteams.com\/es\/"},{"@type":"ListItem","position":2,"name":"Tienda","item":"https:\/\/www.inverseteams.com\/es\/tienda\/"},{"@type":"ListItem","position":3,"name":"Camiseta running sin mangas OFFROAD (HOMBRE)"}]},{"@type":"WebSite","@id":"https:\/\/www.inverseteams.com\/es\/#website","url":"https:\/\/www.inverseteams.com\/es\/","name":"Inverseteams","description":"Tu marca de ropa deportiva personalizada","publisher":{"@id":"https:\/\/www.inverseteams.com\/es\/#organization"},"potentialAction":[{"@type":"SearchAction","target":{"@type":"EntryPoint","urlTemplate":"https:\/\/www.inverseteams.com\/es\/?s={search_term_string}"},"query-input":{"@type":"PropertyValueSpecification","valueRequired":true,"valueName":"search_term_string"}}],"inLanguage":"es"},{"@type":"Organization","@id":"https:\/\/www.inverseteams.com\/es\/#organization","name":"Inverse Teams","url":"https:\/\/www.inverseteams.com\/es\/","logo":{"@type":"ImageObject","inLanguage":"es","@id":"https:\/\/www.inverseteams.com\/es\/#\/schema\/logo\/image\/","url":"https:\/\/www.inverseteams.com\/wp-content\/uploads\/2021\/03\/logo-inverse-teams.png","contentUrl":"https:\/\/www.inverseteams.com\/wp-content\/uploads\/2021\/03\/logo-inverse-teams.png","width":294,"height":99,"caption":"Inverse Teams"},"image":{"@id":"https:\/\/www.inverseteams.com\/es\/#\/schema\/logo\/image\/"},"sameAs":["https:\/\/www.facebook.com\/inverseteams","http:\/\/instagram.com\/inverseteams","https:\/\/www.linkedin.com\/company\/inverse-cirosport-s-l-?trk=job_view_topcard_company_name","http:\/\/www.pinterest.com\/inverseteams\/","http:\/\/www.youtube.com\/user\/inverseteams?feature=watch"]}]}},"_links":{"self":[{"href":"https:\/\/www.inverseteams.com\/es\/wp-json\/wp\/v2\/product\/168099","targetHints":{"allow":["GET"]}}],"collection":[{"href":"https:\/\/www.inverseteams.com\/es\/wp-json\/wp\/v2\/product"}],"about":[{"href":"https:\/\/www.inverseteams.com\/es\/wp-json\/wp\/v2\/types\/product"}],"replies":[{"embeddable":true,"href":"https:\/\/www.inverseteams.com\/es\/wp-json\/wp\/v2\/comments?post=168099"}],"wp:featuredmedia":[{"embeddable":true,"href":"https:\/\/www.inverseteams.com\/es\/wp-json\/wp\/v2\/media\/168081"}],"wp:attachment":[{"href":"https:\/\/www.inverseteams.com\/es\/wp-json\/wp\/v2\/media?parent=168099"}],"wp:term":[{"taxonomy":"product_brand","embeddable":true,"href":"https:\/\/www.inverseteams.com\/es\/wp-json\/wp\/v2\/product_brand?post=168099"},{"taxonomy":"product_cat","embeddable":true,"href":"https:\/\/www.inverseteams.com\/es\/wp-json\/wp\/v2\/product_cat?post=168099"},{"taxonomy":"product_tag","embeddable":true,"href":"https:\/\/www.inverseteams.com\/es\/wp-json\/wp\/v2\/product_tag?post=168099"},{"taxonomy":"custom_category","embeddable":true,"href":"https:\/\/www.inverseteams.com\/es\/wp-json\/wp\/v2\/custom_category?post=168099"},{"taxonomy":"range","embeddable":true,"href":"https:\/\/www.inverseteams.com\/es\/wp-json\/wp\/v2\/range?post=168099"}],"curies":[{"name":"wp","href":"https:\/\/api.w.org\/{rel}","templated":true}]}}