{"id":167933,"date":"2023-11-08T15:12:51","date_gmt":"2023-11-08T15:12:51","guid":{"rendered":"https:\/\/www.inverseteams.com\/product\/culotte-cargo-tracker\/"},"modified":"2024-01-18T11:40:27","modified_gmt":"2024-01-18T11:40:27","slug":"culotte-cargo-tracker","status":"publish","type":"product","link":"https:\/\/www.inverseteams.com\/es\/producto\/culotte-cargo-tracker\/","title":{"rendered":"Culotte cargo TRACKER"},"content":{"rendered":"<p>Culotte ideal para disfrutar de largas excursiones. Su elasticidad y ligereza te permitir\u00e1n una gran libertad de movimientos. Los paneles del culotte cargo personalizado est\u00e1n dise\u00f1ados para que se adapten perfectamente a las diferentes posiciones del pedaleo. No notar\u00e1s ninguna resistencia. Los tirantes planos microperforados te ayudar\u00e1n a evacuar el sudor y a sentirte fresco y seco en todo momento. \u00c9stos distribuyen el peso de forma equilibrada para que puedas gozar de largas sesiones de ciclismo sin molestias.<br \/>\nAl final de las piernas tiene una banda el\u00e1stica anat\u00f3mica con un grip de silicona hipoalerg\u00e9nica en su interior. \u00c9sta evita que aumente la sudoraci\u00f3n y mantiene la prenda bien sujeta a la pierna. En la parte trasera de cada pierna tiene una pieza reflectante para aumentar tu seguridad en la carretera.<br \/>\nEl culotte de gravel tiene 2 bolsillos en la zona lumbar y 1 bolsillo en cada lateral para que puedas almacenar todo lo necesario para afrontar largas traves\u00edas.<br \/>\nDescubre tu faceta m\u00e1s viajera y aventurera con este culotte cargo dise\u00f1ado para los amantes del gravel.<\/p>\n","protected":false},"excerpt":{"rendered":"<p>Culotte ideal para disfrutar de largas excursiones. Su elasticidad y ligereza te permitir\u00e1n una gran libertad de movimientos. Los paneles del culotte cargo personalizado est\u00e1n dise\u00f1ados para que se adapten perfectamente a las diferentes posiciones del pedaleo. No notar\u00e1s ninguna resistencia. Los tirantes planos microperforados te ayudar\u00e1n a evacuar el sudor y a sentirte fresco y seco en todo momento. \u00c9stos distribuyen el peso de forma equilibrada para que puedas gozar de largas sesiones de ciclismo sin molestias.<br \/>\nAl final de las piernas tiene una banda el\u00e1stica anat\u00f3mica con un grip de silicona hipoalerg\u00e9nica en su interior. \u00c9sta evita que aumente la sudoraci\u00f3n y mantiene la prenda bien sujeta a la pierna. En la parte trasera de cada pierna tiene una pieza reflectante para aumentar tu seguridad en la carretera.<br \/>\nEl culotte de gravel tiene 2 bolsillos en la zona lumbar y 1 bolsillo en cada lateral para que puedas almacenar todo lo necesario para afrontar largas traves\u00edas.<br \/>\nDescubre tu faceta m\u00e1s viajera y aventurera con este culotte cargo dise\u00f1ado para los amantes del gravel.<\/p>\n","protected":false},"featured_media":167830,"comment_status":"closed","ping_status":"closed","template":"","meta":{"_acf_changed":false},"product_brand":[],"product_cat":[15],"product_tag":[],"custom_category":[1365,10870,10858],"range":[10854],"class_list":{"0":"post-167933","1":"product","2":"type-product","3":"status-publish","4":"has-post-thumbnail","6":"product_cat-uncategorized","7":"pa_climatologia-calor","8":"pa_climatologia-temperatura-templada","9":"pa_deporte-gravel","10":"pa_genero-hombre","11":"pa_genero-mujer","12":"pa_patronaje-fit","13":"pa_tipo-de-prenda-culotte-corto","14":"custom_category-deporte","15":"custom_category-culotte-bikepacking-personalizado","16":"custom_category-ropa-bikepacking-personalizada","17":"range-tracker","19":"first","20":"instock","21":"product-type-custom"},"acf":[],"yoast_head":"<!-- This site is optimized with the Yoast SEO plugin v27.3 - https:\/\/yoast.com\/product\/yoast-seo-wordpress\/ -->\n<title>Culotte cargo TRACKER | Inverseteams<\/title>\n<meta name=\"description\" content=\"Culotte ideal para disfrutar de largas excursiones. Su elasticidad y ligereza te permitir\u00e1n una gran libertad de movimientos. Los paneles del culotte cargo personalizado est\u00e1n dise\u00f1ados para que se adapten perfectamente a las diferentes posiciones del pedaleo. No notar\u00e1s ninguna resistencia. Los tirantes planos microperforados te ayudar\u00e1n a evacuar el sudor y a sentirte fresco y seco en todo momento. \u00c9stos distribuyen el peso de forma equilibrada para que puedas gozar de largas sesiones de ciclismo sin molestias. Al final de las piernas tiene una banda el\u00e1stica anat\u00f3mica con un grip de silicona hipoalerg\u00e9nica en su interior. \u00c9sta evita que aumente la sudoraci\u00f3n y mantiene la prenda bien sujeta a la pierna. En la parte trasera de cada pierna tiene una pieza reflectante para aumentar tu seguridad en la carretera. El culotte de gravel tiene 2 bolsillos en la zona lumbar y 1 bolsillo en cada lateral para que puedas almacenar todo lo necesario para afrontar largas traves\u00edas. Descubre tu faceta m\u00e1s viajera y aventurera con este culotte cargo dise\u00f1ado para los amantes del gravel.\" \/>\n<meta name=\"robots\" content=\"index, follow, max-snippet:-1, max-image-preview:large, max-video-preview:-1\" \/>\n<link rel=\"canonical\" href=\"https:\/\/www.inverseteams.com\/es\/producto\/culotte-cargo-tracker\/\" \/>\n<meta property=\"og:locale\" content=\"es_ES\" \/>\n<meta property=\"og:type\" content=\"article\" \/>\n<meta property=\"og:title\" content=\"Culotte cargo TRACKER | Inverseteams\" \/>\n<meta property=\"og:description\" content=\"Culotte ideal para disfrutar de largas excursiones. Su elasticidad y ligereza te permitir\u00e1n una gran libertad de movimientos. Los paneles del culotte cargo personalizado est\u00e1n dise\u00f1ados para que se adapten perfectamente a las diferentes posiciones del pedaleo. No notar\u00e1s ninguna resistencia. Los tirantes planos microperforados te ayudar\u00e1n a evacuar el sudor y a sentirte fresco y seco en todo momento. \u00c9stos distribuyen el peso de forma equilibrada para que puedas gozar de largas sesiones de ciclismo sin molestias. Al final de las piernas tiene una banda el\u00e1stica anat\u00f3mica con un grip de silicona hipoalerg\u00e9nica en su interior. \u00c9sta evita que aumente la sudoraci\u00f3n y mantiene la prenda bien sujeta a la pierna. En la parte trasera de cada pierna tiene una pieza reflectante para aumentar tu seguridad en la carretera. El culotte de gravel tiene 2 bolsillos en la zona lumbar y 1 bolsillo en cada lateral para que puedas almacenar todo lo necesario para afrontar largas traves\u00edas. Descubre tu faceta m\u00e1s viajera y aventurera con este culotte cargo dise\u00f1ado para los amantes del gravel.\" \/>\n<meta property=\"og:url\" content=\"https:\/\/www.inverseteams.com\/es\/producto\/culotte-cargo-tracker\/\" \/>\n<meta property=\"og:site_name\" content=\"Inverseteams\" \/>\n<meta property=\"article:publisher\" content=\"https:\/\/www.facebook.com\/inverseteams\" \/>\n<meta property=\"article:modified_time\" content=\"2024-01-18T11:40:27+00:00\" \/>\n<meta property=\"og:image\" content=\"https:\/\/www.inverseteams.com\/wp-content\/uploads\/CULOTTE-CT-CARGO-TRACKER-1.jpg\" \/>\n\t<meta property=\"og:image:width\" content=\"3222\" \/>\n\t<meta property=\"og:image:height\" content=\"3462\" \/>\n\t<meta property=\"og:image:type\" content=\"image\/jpeg\" \/>\n<meta name=\"twitter:card\" content=\"summary_large_image\" \/>\n<meta name=\"twitter:label1\" content=\"Tiempo de lectura\" \/>\n\t<meta name=\"twitter:data1\" content=\"1 minuto\" \/>\n<script type=\"application\/ld+json\" class=\"yoast-schema-graph\">{\"@context\":\"https:\\\/\\\/schema.org\",\"@graph\":[{\"@type\":\"WebPage\",\"@id\":\"https:\\\/\\\/www.inverseteams.com\\\/es\\\/producto\\\/culotte-cargo-tracker\\\/\",\"url\":\"https:\\\/\\\/www.inverseteams.com\\\/es\\\/producto\\\/culotte-cargo-tracker\\\/\",\"name\":\"Culotte cargo TRACKER | Inverseteams\",\"isPartOf\":{\"@id\":\"https:\\\/\\\/www.inverseteams.com\\\/es\\\/#website\"},\"primaryImageOfPage\":{\"@id\":\"https:\\\/\\\/www.inverseteams.com\\\/es\\\/producto\\\/culotte-cargo-tracker\\\/#primaryimage\"},\"image\":{\"@id\":\"https:\\\/\\\/www.inverseteams.com\\\/es\\\/producto\\\/culotte-cargo-tracker\\\/#primaryimage\"},\"thumbnailUrl\":\"https:\\\/\\\/www.inverseteams.com\\\/wp-content\\\/uploads\\\/CULOTTE-CT-CARGO-TRACKER-1.jpg\",\"datePublished\":\"2023-11-08T15:12:51+00:00\",\"dateModified\":\"2024-01-18T11:40:27+00:00\",\"description\":\"Culotte ideal para disfrutar de largas excursiones. Su elasticidad y ligereza te permitir\u00e1n una gran libertad de movimientos. Los paneles del culotte cargo personalizado est\u00e1n dise\u00f1ados para que se adapten perfectamente a las diferentes posiciones del pedaleo. No notar\u00e1s ninguna resistencia. Los tirantes planos microperforados te ayudar\u00e1n a evacuar el sudor y a sentirte fresco y seco en todo momento. \u00c9stos distribuyen el peso de forma equilibrada para que puedas gozar de largas sesiones de ciclismo sin molestias. Al final de las piernas tiene una banda el\u00e1stica anat\u00f3mica con un grip de silicona hipoalerg\u00e9nica en su interior. \u00c9sta evita que aumente la sudoraci\u00f3n y mantiene la prenda bien sujeta a la pierna. En la parte trasera de cada pierna tiene una pieza reflectante para aumentar tu seguridad en la carretera. El culotte de gravel tiene 2 bolsillos en la zona lumbar y 1 bolsillo en cada lateral para que puedas almacenar todo lo necesario para afrontar largas traves\u00edas. Descubre tu faceta m\u00e1s viajera y aventurera con este culotte cargo dise\u00f1ado para los amantes del gravel.\",\"breadcrumb\":{\"@id\":\"https:\\\/\\\/www.inverseteams.com\\\/es\\\/producto\\\/culotte-cargo-tracker\\\/#breadcrumb\"},\"inLanguage\":\"es\",\"potentialAction\":[{\"@type\":\"ReadAction\",\"target\":[\"https:\\\/\\\/www.inverseteams.com\\\/es\\\/producto\\\/culotte-cargo-tracker\\\/\"]}]},{\"@type\":\"ImageObject\",\"inLanguage\":\"es\",\"@id\":\"https:\\\/\\\/www.inverseteams.com\\\/es\\\/producto\\\/culotte-cargo-tracker\\\/#primaryimage\",\"url\":\"https:\\\/\\\/www.inverseteams.com\\\/wp-content\\\/uploads\\\/CULOTTE-CT-CARGO-TRACKER-1.jpg\",\"contentUrl\":\"https:\\\/\\\/www.inverseteams.com\\\/wp-content\\\/uploads\\\/CULOTTE-CT-CARGO-TRACKER-1.jpg\",\"width\":3222,\"height\":3462,\"caption\":\"Culotte cargo gravel personalizado\"},{\"@type\":\"BreadcrumbList\",\"@id\":\"https:\\\/\\\/www.inverseteams.com\\\/es\\\/producto\\\/culotte-cargo-tracker\\\/#breadcrumb\",\"itemListElement\":[{\"@type\":\"ListItem\",\"position\":1,\"name\":\"Portada\",\"item\":\"https:\\\/\\\/www.inverseteams.com\\\/es\\\/\"},{\"@type\":\"ListItem\",\"position\":2,\"name\":\"Tienda\",\"item\":\"https:\\\/\\\/www.inverseteams.com\\\/es\\\/tienda\\\/\"},{\"@type\":\"ListItem\",\"position\":3,\"name\":\"Culotte cargo TRACKER\"}]},{\"@type\":\"WebSite\",\"@id\":\"https:\\\/\\\/www.inverseteams.com\\\/es\\\/#website\",\"url\":\"https:\\\/\\\/www.inverseteams.com\\\/es\\\/\",\"name\":\"Inverseteams\",\"description\":\"Tu marca de ropa deportiva personalizada\",\"publisher\":{\"@id\":\"https:\\\/\\\/www.inverseteams.com\\\/es\\\/#organization\"},\"potentialAction\":[{\"@type\":\"SearchAction\",\"target\":{\"@type\":\"EntryPoint\",\"urlTemplate\":\"https:\\\/\\\/www.inverseteams.com\\\/es\\\/?s={search_term_string}\"},\"query-input\":{\"@type\":\"PropertyValueSpecification\",\"valueRequired\":true,\"valueName\":\"search_term_string\"}}],\"inLanguage\":\"es\"},{\"@type\":\"Organization\",\"@id\":\"https:\\\/\\\/www.inverseteams.com\\\/es\\\/#organization\",\"name\":\"Inverse Teams\",\"url\":\"https:\\\/\\\/www.inverseteams.com\\\/es\\\/\",\"logo\":{\"@type\":\"ImageObject\",\"inLanguage\":\"es\",\"@id\":\"https:\\\/\\\/www.inverseteams.com\\\/es\\\/#\\\/schema\\\/logo\\\/image\\\/\",\"url\":\"http:\\\/\\\/www.inverseteams.com\\\/wp-content\\\/uploads\\\/2021\\\/03\\\/logo-inverse-teams.png\",\"contentUrl\":\"http:\\\/\\\/www.inverseteams.com\\\/wp-content\\\/uploads\\\/2021\\\/03\\\/logo-inverse-teams.png\",\"width\":294,\"height\":99,\"caption\":\"Inverse Teams\"},\"image\":{\"@id\":\"https:\\\/\\\/www.inverseteams.com\\\/es\\\/#\\\/schema\\\/logo\\\/image\\\/\"},\"sameAs\":[\"https:\\\/\\\/www.facebook.com\\\/inverseteams\",\"http:\\\/\\\/instagram.com\\\/inverseteams\",\"https:\\\/\\\/www.linkedin.com\\\/company\\\/inverse-cirosport-s-l-?trk=job_view_topcard_company_name\",\"http:\\\/\\\/www.pinterest.com\\\/inverseteams\\\/\",\"http:\\\/\\\/www.youtube.com\\\/user\\\/inverseteams?feature=watch\"]}]}<\/script>\n<!-- \/ Yoast SEO plugin. -->","yoast_head_json":{"title":"Culotte cargo TRACKER | Inverseteams","description":"Culotte ideal para disfrutar de largas excursiones. Su elasticidad y ligereza te permitir\u00e1n una gran libertad de movimientos. Los paneles del culotte cargo personalizado est\u00e1n dise\u00f1ados para que se adapten perfectamente a las diferentes posiciones del pedaleo. No notar\u00e1s ninguna resistencia. Los tirantes planos microperforados te ayudar\u00e1n a evacuar el sudor y a sentirte fresco y seco en todo momento. \u00c9stos distribuyen el peso de forma equilibrada para que puedas gozar de largas sesiones de ciclismo sin molestias. Al final de las piernas tiene una banda el\u00e1stica anat\u00f3mica con un grip de silicona hipoalerg\u00e9nica en su interior. \u00c9sta evita que aumente la sudoraci\u00f3n y mantiene la prenda bien sujeta a la pierna. En la parte trasera de cada pierna tiene una pieza reflectante para aumentar tu seguridad en la carretera. El culotte de gravel tiene 2 bolsillos en la zona lumbar y 1 bolsillo en cada lateral para que puedas almacenar todo lo necesario para afrontar largas traves\u00edas. Descubre tu faceta m\u00e1s viajera y aventurera con este culotte cargo dise\u00f1ado para los amantes del gravel.","robots":{"index":"index","follow":"follow","max-snippet":"max-snippet:-1","max-image-preview":"max-image-preview:large","max-video-preview":"max-video-preview:-1"},"canonical":"https:\/\/www.inverseteams.com\/es\/producto\/culotte-cargo-tracker\/","og_locale":"es_ES","og_type":"article","og_title":"Culotte cargo TRACKER | Inverseteams","og_description":"Culotte ideal para disfrutar de largas excursiones. Su elasticidad y ligereza te permitir\u00e1n una gran libertad de movimientos. Los paneles del culotte cargo personalizado est\u00e1n dise\u00f1ados para que se adapten perfectamente a las diferentes posiciones del pedaleo. No notar\u00e1s ninguna resistencia. Los tirantes planos microperforados te ayudar\u00e1n a evacuar el sudor y a sentirte fresco y seco en todo momento. \u00c9stos distribuyen el peso de forma equilibrada para que puedas gozar de largas sesiones de ciclismo sin molestias. Al final de las piernas tiene una banda el\u00e1stica anat\u00f3mica con un grip de silicona hipoalerg\u00e9nica en su interior. \u00c9sta evita que aumente la sudoraci\u00f3n y mantiene la prenda bien sujeta a la pierna. En la parte trasera de cada pierna tiene una pieza reflectante para aumentar tu seguridad en la carretera. El culotte de gravel tiene 2 bolsillos en la zona lumbar y 1 bolsillo en cada lateral para que puedas almacenar todo lo necesario para afrontar largas traves\u00edas. Descubre tu faceta m\u00e1s viajera y aventurera con este culotte cargo dise\u00f1ado para los amantes del gravel.","og_url":"https:\/\/www.inverseteams.com\/es\/producto\/culotte-cargo-tracker\/","og_site_name":"Inverseteams","article_publisher":"https:\/\/www.facebook.com\/inverseteams","article_modified_time":"2024-01-18T11:40:27+00:00","og_image":[{"width":3222,"height":3462,"url":"https:\/\/www.inverseteams.com\/wp-content\/uploads\/CULOTTE-CT-CARGO-TRACKER-1.jpg","type":"image\/jpeg"}],"twitter_card":"summary_large_image","twitter_misc":{"Tiempo de lectura":"1 minuto"},"schema":{"@context":"https:\/\/schema.org","@graph":[{"@type":"WebPage","@id":"https:\/\/www.inverseteams.com\/es\/producto\/culotte-cargo-tracker\/","url":"https:\/\/www.inverseteams.com\/es\/producto\/culotte-cargo-tracker\/","name":"Culotte cargo TRACKER | Inverseteams","isPartOf":{"@id":"https:\/\/www.inverseteams.com\/es\/#website"},"primaryImageOfPage":{"@id":"https:\/\/www.inverseteams.com\/es\/producto\/culotte-cargo-tracker\/#primaryimage"},"image":{"@id":"https:\/\/www.inverseteams.com\/es\/producto\/culotte-cargo-tracker\/#primaryimage"},"thumbnailUrl":"https:\/\/www.inverseteams.com\/wp-content\/uploads\/CULOTTE-CT-CARGO-TRACKER-1.jpg","datePublished":"2023-11-08T15:12:51+00:00","dateModified":"2024-01-18T11:40:27+00:00","description":"Culotte ideal para disfrutar de largas excursiones. Su elasticidad y ligereza te permitir\u00e1n una gran libertad de movimientos. Los paneles del culotte cargo personalizado est\u00e1n dise\u00f1ados para que se adapten perfectamente a las diferentes posiciones del pedaleo. No notar\u00e1s ninguna resistencia. Los tirantes planos microperforados te ayudar\u00e1n a evacuar el sudor y a sentirte fresco y seco en todo momento. \u00c9stos distribuyen el peso de forma equilibrada para que puedas gozar de largas sesiones de ciclismo sin molestias. Al final de las piernas tiene una banda el\u00e1stica anat\u00f3mica con un grip de silicona hipoalerg\u00e9nica en su interior. \u00c9sta evita que aumente la sudoraci\u00f3n y mantiene la prenda bien sujeta a la pierna. En la parte trasera de cada pierna tiene una pieza reflectante para aumentar tu seguridad en la carretera. El culotte de gravel tiene 2 bolsillos en la zona lumbar y 1 bolsillo en cada lateral para que puedas almacenar todo lo necesario para afrontar largas traves\u00edas. Descubre tu faceta m\u00e1s viajera y aventurera con este culotte cargo dise\u00f1ado para los amantes del gravel.","breadcrumb":{"@id":"https:\/\/www.inverseteams.com\/es\/producto\/culotte-cargo-tracker\/#breadcrumb"},"inLanguage":"es","potentialAction":[{"@type":"ReadAction","target":["https:\/\/www.inverseteams.com\/es\/producto\/culotte-cargo-tracker\/"]}]},{"@type":"ImageObject","inLanguage":"es","@id":"https:\/\/www.inverseteams.com\/es\/producto\/culotte-cargo-tracker\/#primaryimage","url":"https:\/\/www.inverseteams.com\/wp-content\/uploads\/CULOTTE-CT-CARGO-TRACKER-1.jpg","contentUrl":"https:\/\/www.inverseteams.com\/wp-content\/uploads\/CULOTTE-CT-CARGO-TRACKER-1.jpg","width":3222,"height":3462,"caption":"Culotte cargo gravel personalizado"},{"@type":"BreadcrumbList","@id":"https:\/\/www.inverseteams.com\/es\/producto\/culotte-cargo-tracker\/#breadcrumb","itemListElement":[{"@type":"ListItem","position":1,"name":"Portada","item":"https:\/\/www.inverseteams.com\/es\/"},{"@type":"ListItem","position":2,"name":"Tienda","item":"https:\/\/www.inverseteams.com\/es\/tienda\/"},{"@type":"ListItem","position":3,"name":"Culotte cargo TRACKER"}]},{"@type":"WebSite","@id":"https:\/\/www.inverseteams.com\/es\/#website","url":"https:\/\/www.inverseteams.com\/es\/","name":"Inverseteams","description":"Tu marca de ropa deportiva personalizada","publisher":{"@id":"https:\/\/www.inverseteams.com\/es\/#organization"},"potentialAction":[{"@type":"SearchAction","target":{"@type":"EntryPoint","urlTemplate":"https:\/\/www.inverseteams.com\/es\/?s={search_term_string}"},"query-input":{"@type":"PropertyValueSpecification","valueRequired":true,"valueName":"search_term_string"}}],"inLanguage":"es"},{"@type":"Organization","@id":"https:\/\/www.inverseteams.com\/es\/#organization","name":"Inverse Teams","url":"https:\/\/www.inverseteams.com\/es\/","logo":{"@type":"ImageObject","inLanguage":"es","@id":"https:\/\/www.inverseteams.com\/es\/#\/schema\/logo\/image\/","url":"https:\/\/www.inverseteams.com\/wp-content\/uploads\/2021\/03\/logo-inverse-teams.png","contentUrl":"https:\/\/www.inverseteams.com\/wp-content\/uploads\/2021\/03\/logo-inverse-teams.png","width":294,"height":99,"caption":"Inverse Teams"},"image":{"@id":"https:\/\/www.inverseteams.com\/es\/#\/schema\/logo\/image\/"},"sameAs":["https:\/\/www.facebook.com\/inverseteams","http:\/\/instagram.com\/inverseteams","https:\/\/www.linkedin.com\/company\/inverse-cirosport-s-l-?trk=job_view_topcard_company_name","http:\/\/www.pinterest.com\/inverseteams\/","http:\/\/www.youtube.com\/user\/inverseteams?feature=watch"]}]}},"_links":{"self":[{"href":"https:\/\/www.inverseteams.com\/es\/wp-json\/wp\/v2\/product\/167933","targetHints":{"allow":["GET"]}}],"collection":[{"href":"https:\/\/www.inverseteams.com\/es\/wp-json\/wp\/v2\/product"}],"about":[{"href":"https:\/\/www.inverseteams.com\/es\/wp-json\/wp\/v2\/types\/product"}],"replies":[{"embeddable":true,"href":"https:\/\/www.inverseteams.com\/es\/wp-json\/wp\/v2\/comments?post=167933"}],"wp:featuredmedia":[{"embeddable":true,"href":"https:\/\/www.inverseteams.com\/es\/wp-json\/wp\/v2\/media\/167830"}],"wp:attachment":[{"href":"https:\/\/www.inverseteams.com\/es\/wp-json\/wp\/v2\/media?parent=167933"}],"wp:term":[{"taxonomy":"product_brand","embeddable":true,"href":"https:\/\/www.inverseteams.com\/es\/wp-json\/wp\/v2\/product_brand?post=167933"},{"taxonomy":"product_cat","embeddable":true,"href":"https:\/\/www.inverseteams.com\/es\/wp-json\/wp\/v2\/product_cat?post=167933"},{"taxonomy":"product_tag","embeddable":true,"href":"https:\/\/www.inverseteams.com\/es\/wp-json\/wp\/v2\/product_tag?post=167933"},{"taxonomy":"custom_category","embeddable":true,"href":"https:\/\/www.inverseteams.com\/es\/wp-json\/wp\/v2\/custom_category?post=167933"},{"taxonomy":"range","embeddable":true,"href":"https:\/\/www.inverseteams.com\/es\/wp-json\/wp\/v2\/range?post=167933"}],"curies":[{"name":"wp","href":"https:\/\/api.w.org\/{rel}","templated":true}]}}