{"id":167932,"date":"2023-11-08T15:12:51","date_gmt":"2023-11-08T15:12:51","guid":{"rendered":"https:\/\/www.inverseteams.com\/product\/camiseta-manga-corta-mujer-tracker\/"},"modified":"2024-07-24T12:16:14","modified_gmt":"2024-07-24T12:16:14","slug":"camiseta-manga-corta-mujer-tracker","status":"publish","type":"product","link":"https:\/\/www.inverseteams.com\/es\/producto\/camiseta-manga-corta-mujer-tracker\/","title":{"rendered":"Camiseta manga corta mujer TRACKER"},"content":{"rendered":"<p>Camiseta s\u00faper transpirable con un patronaje holgado, perfecta para disfrutar de largas rutas.<br \/>\nEst\u00e1 confeccionada con un tejido de estructura abierta muy resistente que, adem\u00e1s, ayuda a expulsar rapidamente el sudor. Los hombros est\u00e1n reforzados con una pieza antiabrasi\u00f3n de tejido PAPUA. Sentir\u00e1s un confort total.<br \/>\nEn la espalda tiene un bolsillo con cremallera para que puedas guardar cualquier objeto sin miedo a perderlo.<br \/>\nDescubre tu faceta m\u00e1s viajera y aventurera con esta camiseta dise\u00f1ada para las amantes del gravel.<\/p>\n","protected":false},"excerpt":{"rendered":"<p>Camiseta s\u00faper transpirable con un patronaje holgado, perfecta para disfrutar de largas rutas.<br \/>\nEst\u00e1 confeccionada con un tejido de estructura abierta muy resistente que, adem\u00e1s, ayuda a expulsar rapidamente el sudor. Los hombros est\u00e1n reforzados con una pieza antiabrasi\u00f3n de tejido PAPUA. Sentir\u00e1s un confort total.<br \/>\nEn la espalda tiene un bolsillo con cremallera para que puedas guardar cualquier objeto sin miedo a perderlo.<br \/>\nDescubre tu faceta m\u00e1s viajera y aventurera con esta camiseta dise\u00f1ada para las amantes del gravel.<\/p>\n","protected":false},"featured_media":167805,"comment_status":"closed","ping_status":"closed","template":"","meta":{"_acf_changed":false},"product_brand":[],"product_cat":[15],"product_tag":[],"custom_category":[10866,1365,10858],"range":[10854],"class_list":{"0":"post-167932","1":"product","2":"type-product","3":"status-publish","4":"has-post-thumbnail","6":"product_cat-uncategorized","7":"pa_climatologia-calor","8":"pa_deporte-gravel","9":"pa_genero-mujer","10":"pa_patronaje-casual","11":"pa_tipo-de-prenda-camiseta","12":"custom_category-camiseta-bikepacking-personalizada","13":"custom_category-deporte","14":"custom_category-ropa-bikepacking-personalizada","15":"range-tracker","17":"first","18":"instock","19":"product-type-custom"},"acf":[],"yoast_head":"<!-- This site is optimized with the Yoast SEO plugin v27.3 - https:\/\/yoast.com\/product\/yoast-seo-wordpress\/ -->\n<title>Camiseta manga corta mujer TRACKER | Inverseteams<\/title>\n<meta name=\"description\" content=\"Camiseta s\u00faper transpirable con un patronaje holgado, perfecta para disfrutar de largas rutas. Est\u00e1 confeccionada con un tejido de estructura abierta muy resistente que, adem\u00e1s, ayuda a expulsar rapidamente el sudor. Los hombros est\u00e1n reforzados con una pieza antiabrasi\u00f3n de tejido PAPUA. Sentir\u00e1s un confort total. En la espalda tiene un bolsillo con cremallera para que puedas guardar cualquier objeto sin miedo a perderlo. Descubre tu faceta m\u00e1s viajera y aventurera con esta camiseta dise\u00f1ada para las amantes del gravel.\" \/>\n<meta name=\"robots\" content=\"index, follow, max-snippet:-1, max-image-preview:large, max-video-preview:-1\" \/>\n<link rel=\"canonical\" href=\"https:\/\/www.inverseteams.com\/es\/producto\/camiseta-manga-corta-mujer-tracker\/\" \/>\n<meta property=\"og:locale\" content=\"es_ES\" \/>\n<meta property=\"og:type\" content=\"article\" \/>\n<meta property=\"og:title\" content=\"Camiseta manga corta mujer TRACKER | Inverseteams\" \/>\n<meta property=\"og:description\" content=\"Camiseta s\u00faper transpirable con un patronaje holgado, perfecta para disfrutar de largas rutas. Est\u00e1 confeccionada con un tejido de estructura abierta muy resistente que, adem\u00e1s, ayuda a expulsar rapidamente el sudor. Los hombros est\u00e1n reforzados con una pieza antiabrasi\u00f3n de tejido PAPUA. Sentir\u00e1s un confort total. En la espalda tiene un bolsillo con cremallera para que puedas guardar cualquier objeto sin miedo a perderlo. Descubre tu faceta m\u00e1s viajera y aventurera con esta camiseta dise\u00f1ada para las amantes del gravel.\" \/>\n<meta property=\"og:url\" content=\"https:\/\/www.inverseteams.com\/es\/producto\/camiseta-manga-corta-mujer-tracker\/\" \/>\n<meta property=\"og:site_name\" content=\"Inverseteams\" \/>\n<meta property=\"article:publisher\" content=\"https:\/\/www.facebook.com\/inverseteams\" \/>\n<meta property=\"article:modified_time\" content=\"2024-07-24T12:16:14+00:00\" \/>\n<meta property=\"og:image\" content=\"https:\/\/www.inverseteams.com\/wp-content\/uploads\/CAMISETA-MC-MUJER-TRACKER-1.jpg\" \/>\n\t<meta property=\"og:image:width\" content=\"3222\" \/>\n\t<meta property=\"og:image:height\" content=\"3462\" \/>\n\t<meta property=\"og:image:type\" content=\"image\/jpeg\" \/>\n<meta name=\"twitter:card\" content=\"summary_large_image\" \/>\n<meta name=\"twitter:label1\" content=\"Tiempo de lectura\" \/>\n\t<meta name=\"twitter:data1\" content=\"1 minuto\" \/>\n<script type=\"application\/ld+json\" class=\"yoast-schema-graph\">{\"@context\":\"https:\\\/\\\/schema.org\",\"@graph\":[{\"@type\":\"WebPage\",\"@id\":\"https:\\\/\\\/www.inverseteams.com\\\/es\\\/producto\\\/camiseta-manga-corta-mujer-tracker\\\/\",\"url\":\"https:\\\/\\\/www.inverseteams.com\\\/es\\\/producto\\\/camiseta-manga-corta-mujer-tracker\\\/\",\"name\":\"Camiseta manga corta mujer TRACKER | Inverseteams\",\"isPartOf\":{\"@id\":\"https:\\\/\\\/www.inverseteams.com\\\/es\\\/#website\"},\"primaryImageOfPage\":{\"@id\":\"https:\\\/\\\/www.inverseteams.com\\\/es\\\/producto\\\/camiseta-manga-corta-mujer-tracker\\\/#primaryimage\"},\"image\":{\"@id\":\"https:\\\/\\\/www.inverseteams.com\\\/es\\\/producto\\\/camiseta-manga-corta-mujer-tracker\\\/#primaryimage\"},\"thumbnailUrl\":\"https:\\\/\\\/www.inverseteams.com\\\/wp-content\\\/uploads\\\/CAMISETA-MC-MUJER-TRACKER-1.jpg\",\"datePublished\":\"2023-11-08T15:12:51+00:00\",\"dateModified\":\"2024-07-24T12:16:14+00:00\",\"description\":\"Camiseta s\u00faper transpirable con un patronaje holgado, perfecta para disfrutar de largas rutas. Est\u00e1 confeccionada con un tejido de estructura abierta muy resistente que, adem\u00e1s, ayuda a expulsar rapidamente el sudor. Los hombros est\u00e1n reforzados con una pieza antiabrasi\u00f3n de tejido PAPUA. Sentir\u00e1s un confort total. En la espalda tiene un bolsillo con cremallera para que puedas guardar cualquier objeto sin miedo a perderlo. Descubre tu faceta m\u00e1s viajera y aventurera con esta camiseta dise\u00f1ada para las amantes del gravel.\",\"breadcrumb\":{\"@id\":\"https:\\\/\\\/www.inverseteams.com\\\/es\\\/producto\\\/camiseta-manga-corta-mujer-tracker\\\/#breadcrumb\"},\"inLanguage\":\"es\",\"potentialAction\":[{\"@type\":\"ReadAction\",\"target\":[\"https:\\\/\\\/www.inverseteams.com\\\/es\\\/producto\\\/camiseta-manga-corta-mujer-tracker\\\/\"]}]},{\"@type\":\"ImageObject\",\"inLanguage\":\"es\",\"@id\":\"https:\\\/\\\/www.inverseteams.com\\\/es\\\/producto\\\/camiseta-manga-corta-mujer-tracker\\\/#primaryimage\",\"url\":\"https:\\\/\\\/www.inverseteams.com\\\/wp-content\\\/uploads\\\/CAMISETA-MC-MUJER-TRACKER-1.jpg\",\"contentUrl\":\"https:\\\/\\\/www.inverseteams.com\\\/wp-content\\\/uploads\\\/CAMISETA-MC-MUJER-TRACKER-1.jpg\",\"width\":3222,\"height\":3462,\"caption\":\"Camiseta manga corta gravel mujer\"},{\"@type\":\"BreadcrumbList\",\"@id\":\"https:\\\/\\\/www.inverseteams.com\\\/es\\\/producto\\\/camiseta-manga-corta-mujer-tracker\\\/#breadcrumb\",\"itemListElement\":[{\"@type\":\"ListItem\",\"position\":1,\"name\":\"Portada\",\"item\":\"https:\\\/\\\/www.inverseteams.com\\\/es\\\/\"},{\"@type\":\"ListItem\",\"position\":2,\"name\":\"Tienda\",\"item\":\"https:\\\/\\\/www.inverseteams.com\\\/es\\\/tienda\\\/\"},{\"@type\":\"ListItem\",\"position\":3,\"name\":\"Camiseta manga corta mujer TRACKER\"}]},{\"@type\":\"WebSite\",\"@id\":\"https:\\\/\\\/www.inverseteams.com\\\/es\\\/#website\",\"url\":\"https:\\\/\\\/www.inverseteams.com\\\/es\\\/\",\"name\":\"Inverseteams\",\"description\":\"Tu marca de ropa deportiva personalizada\",\"publisher\":{\"@id\":\"https:\\\/\\\/www.inverseteams.com\\\/es\\\/#organization\"},\"potentialAction\":[{\"@type\":\"SearchAction\",\"target\":{\"@type\":\"EntryPoint\",\"urlTemplate\":\"https:\\\/\\\/www.inverseteams.com\\\/es\\\/?s={search_term_string}\"},\"query-input\":{\"@type\":\"PropertyValueSpecification\",\"valueRequired\":true,\"valueName\":\"search_term_string\"}}],\"inLanguage\":\"es\"},{\"@type\":\"Organization\",\"@id\":\"https:\\\/\\\/www.inverseteams.com\\\/es\\\/#organization\",\"name\":\"Inverse Teams\",\"url\":\"https:\\\/\\\/www.inverseteams.com\\\/es\\\/\",\"logo\":{\"@type\":\"ImageObject\",\"inLanguage\":\"es\",\"@id\":\"https:\\\/\\\/www.inverseteams.com\\\/es\\\/#\\\/schema\\\/logo\\\/image\\\/\",\"url\":\"https:\\\/\\\/www.inverseteams.com\\\/wp-content\\\/uploads\\\/2021\\\/03\\\/logo-inverse-teams.png\",\"contentUrl\":\"https:\\\/\\\/www.inverseteams.com\\\/wp-content\\\/uploads\\\/2021\\\/03\\\/logo-inverse-teams.png\",\"width\":294,\"height\":99,\"caption\":\"Inverse Teams\"},\"image\":{\"@id\":\"https:\\\/\\\/www.inverseteams.com\\\/es\\\/#\\\/schema\\\/logo\\\/image\\\/\"},\"sameAs\":[\"https:\\\/\\\/www.facebook.com\\\/inverseteams\",\"http:\\\/\\\/instagram.com\\\/inverseteams\",\"https:\\\/\\\/www.linkedin.com\\\/company\\\/inverse-cirosport-s-l-?trk=job_view_topcard_company_name\",\"http:\\\/\\\/www.pinterest.com\\\/inverseteams\\\/\",\"http:\\\/\\\/www.youtube.com\\\/user\\\/inverseteams?feature=watch\"]}]}<\/script>\n<!-- \/ Yoast SEO plugin. -->","yoast_head_json":{"title":"Camiseta manga corta mujer TRACKER | Inverseteams","description":"Camiseta s\u00faper transpirable con un patronaje holgado, perfecta para disfrutar de largas rutas. Est\u00e1 confeccionada con un tejido de estructura abierta muy resistente que, adem\u00e1s, ayuda a expulsar rapidamente el sudor. Los hombros est\u00e1n reforzados con una pieza antiabrasi\u00f3n de tejido PAPUA. Sentir\u00e1s un confort total. En la espalda tiene un bolsillo con cremallera para que puedas guardar cualquier objeto sin miedo a perderlo. Descubre tu faceta m\u00e1s viajera y aventurera con esta camiseta dise\u00f1ada para las amantes del gravel.","robots":{"index":"index","follow":"follow","max-snippet":"max-snippet:-1","max-image-preview":"max-image-preview:large","max-video-preview":"max-video-preview:-1"},"canonical":"https:\/\/www.inverseteams.com\/es\/producto\/camiseta-manga-corta-mujer-tracker\/","og_locale":"es_ES","og_type":"article","og_title":"Camiseta manga corta mujer TRACKER | Inverseteams","og_description":"Camiseta s\u00faper transpirable con un patronaje holgado, perfecta para disfrutar de largas rutas. Est\u00e1 confeccionada con un tejido de estructura abierta muy resistente que, adem\u00e1s, ayuda a expulsar rapidamente el sudor. Los hombros est\u00e1n reforzados con una pieza antiabrasi\u00f3n de tejido PAPUA. Sentir\u00e1s un confort total. En la espalda tiene un bolsillo con cremallera para que puedas guardar cualquier objeto sin miedo a perderlo. Descubre tu faceta m\u00e1s viajera y aventurera con esta camiseta dise\u00f1ada para las amantes del gravel.","og_url":"https:\/\/www.inverseteams.com\/es\/producto\/camiseta-manga-corta-mujer-tracker\/","og_site_name":"Inverseteams","article_publisher":"https:\/\/www.facebook.com\/inverseteams","article_modified_time":"2024-07-24T12:16:14+00:00","og_image":[{"width":3222,"height":3462,"url":"https:\/\/www.inverseteams.com\/wp-content\/uploads\/CAMISETA-MC-MUJER-TRACKER-1.jpg","type":"image\/jpeg"}],"twitter_card":"summary_large_image","twitter_misc":{"Tiempo de lectura":"1 minuto"},"schema":{"@context":"https:\/\/schema.org","@graph":[{"@type":"WebPage","@id":"https:\/\/www.inverseteams.com\/es\/producto\/camiseta-manga-corta-mujer-tracker\/","url":"https:\/\/www.inverseteams.com\/es\/producto\/camiseta-manga-corta-mujer-tracker\/","name":"Camiseta manga corta mujer TRACKER | Inverseteams","isPartOf":{"@id":"https:\/\/www.inverseteams.com\/es\/#website"},"primaryImageOfPage":{"@id":"https:\/\/www.inverseteams.com\/es\/producto\/camiseta-manga-corta-mujer-tracker\/#primaryimage"},"image":{"@id":"https:\/\/www.inverseteams.com\/es\/producto\/camiseta-manga-corta-mujer-tracker\/#primaryimage"},"thumbnailUrl":"https:\/\/www.inverseteams.com\/wp-content\/uploads\/CAMISETA-MC-MUJER-TRACKER-1.jpg","datePublished":"2023-11-08T15:12:51+00:00","dateModified":"2024-07-24T12:16:14+00:00","description":"Camiseta s\u00faper transpirable con un patronaje holgado, perfecta para disfrutar de largas rutas. Est\u00e1 confeccionada con un tejido de estructura abierta muy resistente que, adem\u00e1s, ayuda a expulsar rapidamente el sudor. Los hombros est\u00e1n reforzados con una pieza antiabrasi\u00f3n de tejido PAPUA. Sentir\u00e1s un confort total. En la espalda tiene un bolsillo con cremallera para que puedas guardar cualquier objeto sin miedo a perderlo. Descubre tu faceta m\u00e1s viajera y aventurera con esta camiseta dise\u00f1ada para las amantes del gravel.","breadcrumb":{"@id":"https:\/\/www.inverseteams.com\/es\/producto\/camiseta-manga-corta-mujer-tracker\/#breadcrumb"},"inLanguage":"es","potentialAction":[{"@type":"ReadAction","target":["https:\/\/www.inverseteams.com\/es\/producto\/camiseta-manga-corta-mujer-tracker\/"]}]},{"@type":"ImageObject","inLanguage":"es","@id":"https:\/\/www.inverseteams.com\/es\/producto\/camiseta-manga-corta-mujer-tracker\/#primaryimage","url":"https:\/\/www.inverseteams.com\/wp-content\/uploads\/CAMISETA-MC-MUJER-TRACKER-1.jpg","contentUrl":"https:\/\/www.inverseteams.com\/wp-content\/uploads\/CAMISETA-MC-MUJER-TRACKER-1.jpg","width":3222,"height":3462,"caption":"Camiseta manga corta gravel mujer"},{"@type":"BreadcrumbList","@id":"https:\/\/www.inverseteams.com\/es\/producto\/camiseta-manga-corta-mujer-tracker\/#breadcrumb","itemListElement":[{"@type":"ListItem","position":1,"name":"Portada","item":"https:\/\/www.inverseteams.com\/es\/"},{"@type":"ListItem","position":2,"name":"Tienda","item":"https:\/\/www.inverseteams.com\/es\/tienda\/"},{"@type":"ListItem","position":3,"name":"Camiseta manga corta mujer TRACKER"}]},{"@type":"WebSite","@id":"https:\/\/www.inverseteams.com\/es\/#website","url":"https:\/\/www.inverseteams.com\/es\/","name":"Inverseteams","description":"Tu marca de ropa deportiva personalizada","publisher":{"@id":"https:\/\/www.inverseteams.com\/es\/#organization"},"potentialAction":[{"@type":"SearchAction","target":{"@type":"EntryPoint","urlTemplate":"https:\/\/www.inverseteams.com\/es\/?s={search_term_string}"},"query-input":{"@type":"PropertyValueSpecification","valueRequired":true,"valueName":"search_term_string"}}],"inLanguage":"es"},{"@type":"Organization","@id":"https:\/\/www.inverseteams.com\/es\/#organization","name":"Inverse Teams","url":"https:\/\/www.inverseteams.com\/es\/","logo":{"@type":"ImageObject","inLanguage":"es","@id":"https:\/\/www.inverseteams.com\/es\/#\/schema\/logo\/image\/","url":"https:\/\/www.inverseteams.com\/wp-content\/uploads\/2021\/03\/logo-inverse-teams.png","contentUrl":"https:\/\/www.inverseteams.com\/wp-content\/uploads\/2021\/03\/logo-inverse-teams.png","width":294,"height":99,"caption":"Inverse Teams"},"image":{"@id":"https:\/\/www.inverseteams.com\/es\/#\/schema\/logo\/image\/"},"sameAs":["https:\/\/www.facebook.com\/inverseteams","http:\/\/instagram.com\/inverseteams","https:\/\/www.linkedin.com\/company\/inverse-cirosport-s-l-?trk=job_view_topcard_company_name","http:\/\/www.pinterest.com\/inverseteams\/","http:\/\/www.youtube.com\/user\/inverseteams?feature=watch"]}]}},"_links":{"self":[{"href":"https:\/\/www.inverseteams.com\/es\/wp-json\/wp\/v2\/product\/167932","targetHints":{"allow":["GET"]}}],"collection":[{"href":"https:\/\/www.inverseteams.com\/es\/wp-json\/wp\/v2\/product"}],"about":[{"href":"https:\/\/www.inverseteams.com\/es\/wp-json\/wp\/v2\/types\/product"}],"replies":[{"embeddable":true,"href":"https:\/\/www.inverseteams.com\/es\/wp-json\/wp\/v2\/comments?post=167932"}],"wp:featuredmedia":[{"embeddable":true,"href":"https:\/\/www.inverseteams.com\/es\/wp-json\/wp\/v2\/media\/167805"}],"wp:attachment":[{"href":"https:\/\/www.inverseteams.com\/es\/wp-json\/wp\/v2\/media?parent=167932"}],"wp:term":[{"taxonomy":"product_brand","embeddable":true,"href":"https:\/\/www.inverseteams.com\/es\/wp-json\/wp\/v2\/product_brand?post=167932"},{"taxonomy":"product_cat","embeddable":true,"href":"https:\/\/www.inverseteams.com\/es\/wp-json\/wp\/v2\/product_cat?post=167932"},{"taxonomy":"product_tag","embeddable":true,"href":"https:\/\/www.inverseteams.com\/es\/wp-json\/wp\/v2\/product_tag?post=167932"},{"taxonomy":"custom_category","embeddable":true,"href":"https:\/\/www.inverseteams.com\/es\/wp-json\/wp\/v2\/custom_category?post=167932"},{"taxonomy":"range","embeddable":true,"href":"https:\/\/www.inverseteams.com\/es\/wp-json\/wp\/v2\/range?post=167932"}],"curies":[{"name":"wp","href":"https:\/\/api.w.org\/{rel}","templated":true}]}}