{"id":167930,"date":"2023-11-08T15:12:51","date_gmt":"2023-11-08T15:12:51","guid":{"rendered":"https:\/\/www.inverseteams.com\/product\/maillot-tirantes-mujer-tracker\/"},"modified":"2024-07-24T12:15:45","modified_gmt":"2024-07-24T12:15:45","slug":"maillot-tirantes-mujer-tracker","status":"publish","type":"product","link":"https:\/\/www.inverseteams.com\/es\/producto\/maillot-tirantes-mujer-tracker\/","title":{"rendered":"Maillot tirantes mujer TRACKER"},"content":{"rendered":"<p>Maillot s\u00faper transpirable con un patronaje un poco m\u00e1s holgado que los maillots ciclistas convencionales, perfecto para disfrutar de largas rutas. Destaca po lo novedoso de su dise\u00f1o sin cremallera.<br \/>\nLos laterales est\u00e1n confeccionados con un tejido de estructura abierta muy resistente a la abrasi\u00f3n que, adem\u00e1s, ayuda a expulsar rapidamente el sudor. El tejido principal, ECO RACE, se caracteriza por ser fresco,\u00a0 suave y tener un tacto muy agradable. Sentir\u00e1s un confort total.<br \/>\nEn la cintura tiene una banda de silicona antideslizante que evita que el maillot se mueva durante el pedaleo.<br \/>\nEn la zona lumbar incorpora 3 bolsillos con el nuevo sistema de Seguridad ISP \u2013 Inverse Safe Pocket \u2013 donde podr\u00e1s guardar cualquier objeto sin miedo a perderlo. Disfruta del ciclismo sin preocupaciones. Tambi\u00e9n tiene 2 bolsillos extras en los laterales para que puedas almacenar todo lo necesario para afrontar largas traves\u00edas.<br \/>\nDescubre tu faceta m\u00e1s viajera y aventurera con este maillot dise\u00f1ado para las amantes del gravel.<\/p>\n","protected":false},"excerpt":{"rendered":"<p>Maillot s\u00faper transpirable con un patronaje un poco m\u00e1s holgado que los maillots ciclistas convencionales, perfecto para disfrutar de largas rutas. Destaca po lo novedoso de su dise\u00f1o sin cremallera.<br \/>\nLos laterales est\u00e1n confeccionados con un tejido de estructura abierta muy resistente a la abrasi\u00f3n que, adem\u00e1s, ayuda a expulsar rapidamente el sudor. El tejido principal, ECO RACE, se caracteriza por ser fresco,\u00a0 suave y tener un tacto muy agradable. Sentir\u00e1s un confort total.<br \/>\nEn la cintura tiene una banda de silicona antideslizante que evita que el maillot se mueva durante el pedaleo.<br \/>\nEn la zona lumbar incorpora 3 bolsillos con el nuevo sistema de Seguridad ISP \u2013 Inverse Safe Pocket \u2013 donde podr\u00e1s guardar cualquier objeto sin miedo a perderlo. Disfruta del ciclismo sin preocupaciones. Tambi\u00e9n tiene 2 bolsillos extras en los laterales para que puedas almacenar todo lo necesario para afrontar largas traves\u00edas.<br \/>\nDescubre tu faceta m\u00e1s viajera y aventurera con este maillot dise\u00f1ado para las amantes del gravel.<\/p>\n","protected":false},"featured_media":167910,"comment_status":"closed","ping_status":"closed","template":"","meta":{"_acf_changed":false},"product_brand":[],"product_cat":[15],"product_tag":[],"custom_category":[10862,1365,10858],"range":[10854],"class_list":{"0":"post-167930","1":"product","2":"type-product","3":"status-publish","4":"has-post-thumbnail","6":"product_cat-uncategorized","7":"pa_climatologia-calor","8":"pa_deporte-gravel","9":"pa_genero-mujer","10":"pa_patronaje-casual","11":"pa_tipo-de-prenda-maillot-manga-corta","12":"custom_category-maillot-gravel-personalizado","13":"custom_category-deporte","14":"custom_category-ropa-gravel-personalizada","15":"range-tracker","17":"first","18":"instock","19":"product-type-custom"},"acf":[],"yoast_head":"<!-- This site is optimized with the Yoast SEO plugin v27.3 - https:\/\/yoast.com\/product\/yoast-seo-wordpress\/ -->\n<title>Maillot tirantes mujer TRACKER | Inverseteams<\/title>\n<meta name=\"description\" content=\"Maillot s\u00faper transpirable con un patronaje un poco m\u00e1s holgado que los maillots ciclistas convencionales, perfecto para disfrutar de largas rutas. Destaca po lo novedoso de su dise\u00f1o sin cremallera. Los laterales est\u00e1n confeccionados con un tejido de estructura abierta muy resistente a la abrasi\u00f3n que, adem\u00e1s, ayuda a expulsar rapidamente el sudor. El tejido principal, ECO RACE, se caracteriza por ser fresco,\u00a0 suave y tener un tacto muy agradable. Sentir\u00e1s un confort total. En la cintura tiene una banda de silicona antideslizante que evita que el maillot se mueva durante el pedaleo. En la zona lumbar incorpora 3 bolsillos con el nuevo sistema de Seguridad ISP \u2013 Inverse Safe Pocket \u2013 donde podr\u00e1s guardar cualquier objeto sin miedo a perderlo. Disfruta del ciclismo sin preocupaciones. Tambi\u00e9n tiene 2 bolsillos extras en los laterales para que puedas almacenar todo lo necesario para afrontar largas traves\u00edas. Descubre tu faceta m\u00e1s viajera y aventurera con este maillot dise\u00f1ado para las amantes del gravel.\" \/>\n<meta name=\"robots\" content=\"index, follow, max-snippet:-1, max-image-preview:large, max-video-preview:-1\" \/>\n<link rel=\"canonical\" href=\"https:\/\/www.inverseteams.com\/es\/producto\/maillot-tirantes-mujer-tracker\/\" \/>\n<meta property=\"og:locale\" content=\"es_ES\" \/>\n<meta property=\"og:type\" content=\"article\" \/>\n<meta property=\"og:title\" content=\"Maillot tirantes mujer TRACKER | Inverseteams\" \/>\n<meta property=\"og:description\" content=\"Maillot s\u00faper transpirable con un patronaje un poco m\u00e1s holgado que los maillots ciclistas convencionales, perfecto para disfrutar de largas rutas. Destaca po lo novedoso de su dise\u00f1o sin cremallera. Los laterales est\u00e1n confeccionados con un tejido de estructura abierta muy resistente a la abrasi\u00f3n que, adem\u00e1s, ayuda a expulsar rapidamente el sudor. El tejido principal, ECO RACE, se caracteriza por ser fresco,\u00a0 suave y tener un tacto muy agradable. Sentir\u00e1s un confort total. En la cintura tiene una banda de silicona antideslizante que evita que el maillot se mueva durante el pedaleo. En la zona lumbar incorpora 3 bolsillos con el nuevo sistema de Seguridad ISP \u2013 Inverse Safe Pocket \u2013 donde podr\u00e1s guardar cualquier objeto sin miedo a perderlo. Disfruta del ciclismo sin preocupaciones. Tambi\u00e9n tiene 2 bolsillos extras en los laterales para que puedas almacenar todo lo necesario para afrontar largas traves\u00edas. Descubre tu faceta m\u00e1s viajera y aventurera con este maillot dise\u00f1ado para las amantes del gravel.\" \/>\n<meta property=\"og:url\" content=\"https:\/\/www.inverseteams.com\/es\/producto\/maillot-tirantes-mujer-tracker\/\" \/>\n<meta property=\"og:site_name\" content=\"Inverseteams\" \/>\n<meta property=\"article:publisher\" content=\"https:\/\/www.facebook.com\/inverseteams\" \/>\n<meta property=\"article:modified_time\" content=\"2024-07-24T12:15:45+00:00\" \/>\n<meta property=\"og:image\" content=\"https:\/\/www.inverseteams.com\/wp-content\/uploads\/MAILLOT-CT-MUJER-TRACKER-1.jpg\" \/>\n\t<meta property=\"og:image:width\" content=\"3222\" \/>\n\t<meta property=\"og:image:height\" content=\"3462\" \/>\n\t<meta property=\"og:image:type\" content=\"image\/jpeg\" \/>\n<meta name=\"twitter:card\" content=\"summary_large_image\" \/>\n<meta name=\"twitter:label1\" content=\"Tiempo de lectura\" \/>\n\t<meta name=\"twitter:data1\" content=\"1 minuto\" \/>\n<script type=\"application\/ld+json\" class=\"yoast-schema-graph\">{\"@context\":\"https:\\\/\\\/schema.org\",\"@graph\":[{\"@type\":\"WebPage\",\"@id\":\"https:\\\/\\\/www.inverseteams.com\\\/es\\\/producto\\\/maillot-tirantes-mujer-tracker\\\/\",\"url\":\"https:\\\/\\\/www.inverseteams.com\\\/es\\\/producto\\\/maillot-tirantes-mujer-tracker\\\/\",\"name\":\"Maillot tirantes mujer TRACKER | Inverseteams\",\"isPartOf\":{\"@id\":\"https:\\\/\\\/www.inverseteams.com\\\/es\\\/#website\"},\"primaryImageOfPage\":{\"@id\":\"https:\\\/\\\/www.inverseteams.com\\\/es\\\/producto\\\/maillot-tirantes-mujer-tracker\\\/#primaryimage\"},\"image\":{\"@id\":\"https:\\\/\\\/www.inverseteams.com\\\/es\\\/producto\\\/maillot-tirantes-mujer-tracker\\\/#primaryimage\"},\"thumbnailUrl\":\"https:\\\/\\\/www.inverseteams.com\\\/wp-content\\\/uploads\\\/MAILLOT-CT-MUJER-TRACKER-1.jpg\",\"datePublished\":\"2023-11-08T15:12:51+00:00\",\"dateModified\":\"2024-07-24T12:15:45+00:00\",\"description\":\"Maillot s\u00faper transpirable con un patronaje un poco m\u00e1s holgado que los maillots ciclistas convencionales, perfecto para disfrutar de largas rutas. Destaca po lo novedoso de su dise\u00f1o sin cremallera. Los laterales est\u00e1n confeccionados con un tejido de estructura abierta muy resistente a la abrasi\u00f3n que, adem\u00e1s, ayuda a expulsar rapidamente el sudor. El tejido principal, ECO RACE, se caracteriza por ser fresco,\u00a0 suave y tener un tacto muy agradable. Sentir\u00e1s un confort total. En la cintura tiene una banda de silicona antideslizante que evita que el maillot se mueva durante el pedaleo. En la zona lumbar incorpora 3 bolsillos con el nuevo sistema de Seguridad ISP \u2013 Inverse Safe Pocket \u2013 donde podr\u00e1s guardar cualquier objeto sin miedo a perderlo. Disfruta del ciclismo sin preocupaciones. Tambi\u00e9n tiene 2 bolsillos extras en los laterales para que puedas almacenar todo lo necesario para afrontar largas traves\u00edas. Descubre tu faceta m\u00e1s viajera y aventurera con este maillot dise\u00f1ado para las amantes del gravel.\",\"breadcrumb\":{\"@id\":\"https:\\\/\\\/www.inverseteams.com\\\/es\\\/producto\\\/maillot-tirantes-mujer-tracker\\\/#breadcrumb\"},\"inLanguage\":\"es\",\"potentialAction\":[{\"@type\":\"ReadAction\",\"target\":[\"https:\\\/\\\/www.inverseteams.com\\\/es\\\/producto\\\/maillot-tirantes-mujer-tracker\\\/\"]}]},{\"@type\":\"ImageObject\",\"inLanguage\":\"es\",\"@id\":\"https:\\\/\\\/www.inverseteams.com\\\/es\\\/producto\\\/maillot-tirantes-mujer-tracker\\\/#primaryimage\",\"url\":\"https:\\\/\\\/www.inverseteams.com\\\/wp-content\\\/uploads\\\/MAILLOT-CT-MUJER-TRACKER-1.jpg\",\"contentUrl\":\"https:\\\/\\\/www.inverseteams.com\\\/wp-content\\\/uploads\\\/MAILLOT-CT-MUJER-TRACKER-1.jpg\",\"width\":3222,\"height\":3462,\"caption\":\"Maillot manga corta gravel mujer\"},{\"@type\":\"BreadcrumbList\",\"@id\":\"https:\\\/\\\/www.inverseteams.com\\\/es\\\/producto\\\/maillot-tirantes-mujer-tracker\\\/#breadcrumb\",\"itemListElement\":[{\"@type\":\"ListItem\",\"position\":1,\"name\":\"Portada\",\"item\":\"https:\\\/\\\/www.inverseteams.com\\\/es\\\/\"},{\"@type\":\"ListItem\",\"position\":2,\"name\":\"Tienda\",\"item\":\"https:\\\/\\\/www.inverseteams.com\\\/es\\\/tienda\\\/\"},{\"@type\":\"ListItem\",\"position\":3,\"name\":\"Maillot tirantes mujer TRACKER\"}]},{\"@type\":\"WebSite\",\"@id\":\"https:\\\/\\\/www.inverseteams.com\\\/es\\\/#website\",\"url\":\"https:\\\/\\\/www.inverseteams.com\\\/es\\\/\",\"name\":\"Inverseteams\",\"description\":\"Tu marca de ropa deportiva personalizada\",\"publisher\":{\"@id\":\"https:\\\/\\\/www.inverseteams.com\\\/es\\\/#organization\"},\"potentialAction\":[{\"@type\":\"SearchAction\",\"target\":{\"@type\":\"EntryPoint\",\"urlTemplate\":\"https:\\\/\\\/www.inverseteams.com\\\/es\\\/?s={search_term_string}\"},\"query-input\":{\"@type\":\"PropertyValueSpecification\",\"valueRequired\":true,\"valueName\":\"search_term_string\"}}],\"inLanguage\":\"es\"},{\"@type\":\"Organization\",\"@id\":\"https:\\\/\\\/www.inverseteams.com\\\/es\\\/#organization\",\"name\":\"Inverse Teams\",\"url\":\"https:\\\/\\\/www.inverseteams.com\\\/es\\\/\",\"logo\":{\"@type\":\"ImageObject\",\"inLanguage\":\"es\",\"@id\":\"https:\\\/\\\/www.inverseteams.com\\\/es\\\/#\\\/schema\\\/logo\\\/image\\\/\",\"url\":\"http:\\\/\\\/www.inverseteams.com\\\/wp-content\\\/uploads\\\/2021\\\/03\\\/logo-inverse-teams.png\",\"contentUrl\":\"http:\\\/\\\/www.inverseteams.com\\\/wp-content\\\/uploads\\\/2021\\\/03\\\/logo-inverse-teams.png\",\"width\":294,\"height\":99,\"caption\":\"Inverse Teams\"},\"image\":{\"@id\":\"https:\\\/\\\/www.inverseteams.com\\\/es\\\/#\\\/schema\\\/logo\\\/image\\\/\"},\"sameAs\":[\"https:\\\/\\\/www.facebook.com\\\/inverseteams\",\"http:\\\/\\\/instagram.com\\\/inverseteams\",\"https:\\\/\\\/www.linkedin.com\\\/company\\\/inverse-cirosport-s-l-?trk=job_view_topcard_company_name\",\"http:\\\/\\\/www.pinterest.com\\\/inverseteams\\\/\",\"http:\\\/\\\/www.youtube.com\\\/user\\\/inverseteams?feature=watch\"]}]}<\/script>\n<!-- \/ Yoast SEO plugin. -->","yoast_head_json":{"title":"Maillot tirantes mujer TRACKER | Inverseteams","description":"Maillot s\u00faper transpirable con un patronaje un poco m\u00e1s holgado que los maillots ciclistas convencionales, perfecto para disfrutar de largas rutas. Destaca po lo novedoso de su dise\u00f1o sin cremallera. Los laterales est\u00e1n confeccionados con un tejido de estructura abierta muy resistente a la abrasi\u00f3n que, adem\u00e1s, ayuda a expulsar rapidamente el sudor. El tejido principal, ECO RACE, se caracteriza por ser fresco,\u00a0 suave y tener un tacto muy agradable. Sentir\u00e1s un confort total. En la cintura tiene una banda de silicona antideslizante que evita que el maillot se mueva durante el pedaleo. En la zona lumbar incorpora 3 bolsillos con el nuevo sistema de Seguridad ISP \u2013 Inverse Safe Pocket \u2013 donde podr\u00e1s guardar cualquier objeto sin miedo a perderlo. Disfruta del ciclismo sin preocupaciones. Tambi\u00e9n tiene 2 bolsillos extras en los laterales para que puedas almacenar todo lo necesario para afrontar largas traves\u00edas. Descubre tu faceta m\u00e1s viajera y aventurera con este maillot dise\u00f1ado para las amantes del gravel.","robots":{"index":"index","follow":"follow","max-snippet":"max-snippet:-1","max-image-preview":"max-image-preview:large","max-video-preview":"max-video-preview:-1"},"canonical":"https:\/\/www.inverseteams.com\/es\/producto\/maillot-tirantes-mujer-tracker\/","og_locale":"es_ES","og_type":"article","og_title":"Maillot tirantes mujer TRACKER | Inverseteams","og_description":"Maillot s\u00faper transpirable con un patronaje un poco m\u00e1s holgado que los maillots ciclistas convencionales, perfecto para disfrutar de largas rutas. Destaca po lo novedoso de su dise\u00f1o sin cremallera. Los laterales est\u00e1n confeccionados con un tejido de estructura abierta muy resistente a la abrasi\u00f3n que, adem\u00e1s, ayuda a expulsar rapidamente el sudor. El tejido principal, ECO RACE, se caracteriza por ser fresco,\u00a0 suave y tener un tacto muy agradable. Sentir\u00e1s un confort total. En la cintura tiene una banda de silicona antideslizante que evita que el maillot se mueva durante el pedaleo. En la zona lumbar incorpora 3 bolsillos con el nuevo sistema de Seguridad ISP \u2013 Inverse Safe Pocket \u2013 donde podr\u00e1s guardar cualquier objeto sin miedo a perderlo. Disfruta del ciclismo sin preocupaciones. Tambi\u00e9n tiene 2 bolsillos extras en los laterales para que puedas almacenar todo lo necesario para afrontar largas traves\u00edas. Descubre tu faceta m\u00e1s viajera y aventurera con este maillot dise\u00f1ado para las amantes del gravel.","og_url":"https:\/\/www.inverseteams.com\/es\/producto\/maillot-tirantes-mujer-tracker\/","og_site_name":"Inverseteams","article_publisher":"https:\/\/www.facebook.com\/inverseteams","article_modified_time":"2024-07-24T12:15:45+00:00","og_image":[{"width":3222,"height":3462,"url":"https:\/\/www.inverseteams.com\/wp-content\/uploads\/MAILLOT-CT-MUJER-TRACKER-1.jpg","type":"image\/jpeg"}],"twitter_card":"summary_large_image","twitter_misc":{"Tiempo de lectura":"1 minuto"},"schema":{"@context":"https:\/\/schema.org","@graph":[{"@type":"WebPage","@id":"https:\/\/www.inverseteams.com\/es\/producto\/maillot-tirantes-mujer-tracker\/","url":"https:\/\/www.inverseteams.com\/es\/producto\/maillot-tirantes-mujer-tracker\/","name":"Maillot tirantes mujer TRACKER | Inverseteams","isPartOf":{"@id":"https:\/\/www.inverseteams.com\/es\/#website"},"primaryImageOfPage":{"@id":"https:\/\/www.inverseteams.com\/es\/producto\/maillot-tirantes-mujer-tracker\/#primaryimage"},"image":{"@id":"https:\/\/www.inverseteams.com\/es\/producto\/maillot-tirantes-mujer-tracker\/#primaryimage"},"thumbnailUrl":"https:\/\/www.inverseteams.com\/wp-content\/uploads\/MAILLOT-CT-MUJER-TRACKER-1.jpg","datePublished":"2023-11-08T15:12:51+00:00","dateModified":"2024-07-24T12:15:45+00:00","description":"Maillot s\u00faper transpirable con un patronaje un poco m\u00e1s holgado que los maillots ciclistas convencionales, perfecto para disfrutar de largas rutas. Destaca po lo novedoso de su dise\u00f1o sin cremallera. Los laterales est\u00e1n confeccionados con un tejido de estructura abierta muy resistente a la abrasi\u00f3n que, adem\u00e1s, ayuda a expulsar rapidamente el sudor. El tejido principal, ECO RACE, se caracteriza por ser fresco,\u00a0 suave y tener un tacto muy agradable. Sentir\u00e1s un confort total. En la cintura tiene una banda de silicona antideslizante que evita que el maillot se mueva durante el pedaleo. En la zona lumbar incorpora 3 bolsillos con el nuevo sistema de Seguridad ISP \u2013 Inverse Safe Pocket \u2013 donde podr\u00e1s guardar cualquier objeto sin miedo a perderlo. Disfruta del ciclismo sin preocupaciones. Tambi\u00e9n tiene 2 bolsillos extras en los laterales para que puedas almacenar todo lo necesario para afrontar largas traves\u00edas. Descubre tu faceta m\u00e1s viajera y aventurera con este maillot dise\u00f1ado para las amantes del gravel.","breadcrumb":{"@id":"https:\/\/www.inverseteams.com\/es\/producto\/maillot-tirantes-mujer-tracker\/#breadcrumb"},"inLanguage":"es","potentialAction":[{"@type":"ReadAction","target":["https:\/\/www.inverseteams.com\/es\/producto\/maillot-tirantes-mujer-tracker\/"]}]},{"@type":"ImageObject","inLanguage":"es","@id":"https:\/\/www.inverseteams.com\/es\/producto\/maillot-tirantes-mujer-tracker\/#primaryimage","url":"https:\/\/www.inverseteams.com\/wp-content\/uploads\/MAILLOT-CT-MUJER-TRACKER-1.jpg","contentUrl":"https:\/\/www.inverseteams.com\/wp-content\/uploads\/MAILLOT-CT-MUJER-TRACKER-1.jpg","width":3222,"height":3462,"caption":"Maillot manga corta gravel mujer"},{"@type":"BreadcrumbList","@id":"https:\/\/www.inverseteams.com\/es\/producto\/maillot-tirantes-mujer-tracker\/#breadcrumb","itemListElement":[{"@type":"ListItem","position":1,"name":"Portada","item":"https:\/\/www.inverseteams.com\/es\/"},{"@type":"ListItem","position":2,"name":"Tienda","item":"https:\/\/www.inverseteams.com\/es\/tienda\/"},{"@type":"ListItem","position":3,"name":"Maillot tirantes mujer TRACKER"}]},{"@type":"WebSite","@id":"https:\/\/www.inverseteams.com\/es\/#website","url":"https:\/\/www.inverseteams.com\/es\/","name":"Inverseteams","description":"Tu marca de ropa deportiva personalizada","publisher":{"@id":"https:\/\/www.inverseteams.com\/es\/#organization"},"potentialAction":[{"@type":"SearchAction","target":{"@type":"EntryPoint","urlTemplate":"https:\/\/www.inverseteams.com\/es\/?s={search_term_string}"},"query-input":{"@type":"PropertyValueSpecification","valueRequired":true,"valueName":"search_term_string"}}],"inLanguage":"es"},{"@type":"Organization","@id":"https:\/\/www.inverseteams.com\/es\/#organization","name":"Inverse Teams","url":"https:\/\/www.inverseteams.com\/es\/","logo":{"@type":"ImageObject","inLanguage":"es","@id":"https:\/\/www.inverseteams.com\/es\/#\/schema\/logo\/image\/","url":"https:\/\/www.inverseteams.com\/wp-content\/uploads\/2021\/03\/logo-inverse-teams.png","contentUrl":"https:\/\/www.inverseteams.com\/wp-content\/uploads\/2021\/03\/logo-inverse-teams.png","width":294,"height":99,"caption":"Inverse Teams"},"image":{"@id":"https:\/\/www.inverseteams.com\/es\/#\/schema\/logo\/image\/"},"sameAs":["https:\/\/www.facebook.com\/inverseteams","http:\/\/instagram.com\/inverseteams","https:\/\/www.linkedin.com\/company\/inverse-cirosport-s-l-?trk=job_view_topcard_company_name","http:\/\/www.pinterest.com\/inverseteams\/","http:\/\/www.youtube.com\/user\/inverseteams?feature=watch"]}]}},"_links":{"self":[{"href":"https:\/\/www.inverseteams.com\/es\/wp-json\/wp\/v2\/product\/167930","targetHints":{"allow":["GET"]}}],"collection":[{"href":"https:\/\/www.inverseteams.com\/es\/wp-json\/wp\/v2\/product"}],"about":[{"href":"https:\/\/www.inverseteams.com\/es\/wp-json\/wp\/v2\/types\/product"}],"replies":[{"embeddable":true,"href":"https:\/\/www.inverseteams.com\/es\/wp-json\/wp\/v2\/comments?post=167930"}],"wp:featuredmedia":[{"embeddable":true,"href":"https:\/\/www.inverseteams.com\/es\/wp-json\/wp\/v2\/media\/167910"}],"wp:attachment":[{"href":"https:\/\/www.inverseteams.com\/es\/wp-json\/wp\/v2\/media?parent=167930"}],"wp:term":[{"taxonomy":"product_brand","embeddable":true,"href":"https:\/\/www.inverseteams.com\/es\/wp-json\/wp\/v2\/product_brand?post=167930"},{"taxonomy":"product_cat","embeddable":true,"href":"https:\/\/www.inverseteams.com\/es\/wp-json\/wp\/v2\/product_cat?post=167930"},{"taxonomy":"product_tag","embeddable":true,"href":"https:\/\/www.inverseteams.com\/es\/wp-json\/wp\/v2\/product_tag?post=167930"},{"taxonomy":"custom_category","embeddable":true,"href":"https:\/\/www.inverseteams.com\/es\/wp-json\/wp\/v2\/custom_category?post=167930"},{"taxonomy":"range","embeddable":true,"href":"https:\/\/www.inverseteams.com\/es\/wp-json\/wp\/v2\/range?post=167930"}],"curies":[{"name":"wp","href":"https:\/\/api.w.org\/{rel}","templated":true}]}}