{"id":140668,"date":"2023-09-30T07:56:30","date_gmt":"2023-09-30T07:56:30","guid":{"rendered":"https:\/\/www.inverseteams.com\/?post_type=product&#038;p=140668"},"modified":"2026-02-16T11:23:46","modified_gmt":"2026-02-16T10:23:46","slug":"chaqueta-ciclista-con-luz-de-seguridad-antares-mujer","status":"publish","type":"product","link":"https:\/\/www.inverseteams.com\/es\/producto\/chaqueta-ciclista-con-luz-de-seguridad-antares-mujer\/","title":{"rendered":"Chaqueta ciclista con luz de seguridad ANTARES (MUJER)"},"content":{"rendered":"<p>En la zona de los bolsillos incorpora una luz LED de seguridad extraible. \u00c9sta tiene 2 modos de iluminaci\u00f3n: fijo y parpadeo. Con una potencia de 150 lumens, su rango de visibilidad m\u00e1ximo es de 20 metros. Tiene una duraci\u00f3n de 2 a 4 horas y es f\u00e1cilmente recargable por USB 3.0.<br \/>\nLa nueva chaqueta ANTARES es perfecta para disfrutar del ciclismo con total seguridad durante los momentos de poca luz.<br \/>\nChaqueta ciclista t\u00e9rmica dise\u00f1ada con un patr\u00f3n original e innovador que mejora la aerodin\u00e1mica sobre la bicicleta. Su tejido de membrana impermeable se caracteriza por su alta transpirabilidad y permite expulsar el sudor hacia el exterior para que la piel est\u00e9 siempre seca. Su elasticidad permite que la chaqueta se adapte perfectamente al cuerpo durante el pedaleo y deja fluir f\u00e1cilmente el aire para aumentar la aerodin\u00e1mica. Tiene una cremallera integral con sistema antipull que te permitir\u00e1 pon\u00e9rtela y quit\u00e1rtela f\u00e1cilmente y podr\u00e1s regular la ventilaci\u00f3n durante el ejercicio.<br \/>\nLas mangas se adaptan a todas las posiciones y est\u00e1n confeccionadas con costuras planas. El pu\u00f1o cortado a l\u00e1ser se ajusta muy bien al brazo y evita la entrada de aire.<br \/>\nEn un lateral tiene el bolsillo ECO-TECH de rejilla para que puedas guardar los residuos que generes. Adem\u00e1s, en la zona lumbar incorpora 3 bolsillos de gran capacidad donde podr\u00e1s guardar cualquier objeto sin miedo a perderlo. En la cintura tiene una banda el\u00e1stica con un grip de silicona antiderrapante en el interior para mantener el maillot bien arrapado al cuerpo. Tambi\u00e9n tiene varios detalles reflectantes para aumentar tu seguridad en la carretera. Disfruta del ciclismo sin preocupaciones.<\/p>\n","protected":false},"excerpt":{"rendered":"<p>En la zona de los bolsillos incorpora una luz LED de seguridad extraible. \u00c9sta tiene 2 modos de iluminaci\u00f3n: fijo y parpadeo. Con una potencia de 150 lumens, su rango de visibilidad m\u00e1ximo es de 20 metros. Tiene una duraci\u00f3n de 2 a 4 horas y es f\u00e1cilmente recargable por USB 3.0.<br \/>\nLa nueva chaqueta ANTARES es perfecta para disfrutar del ciclismo con total seguridad durante los momentos de poca luz.<br \/>\nChaqueta ciclista t\u00e9rmica dise\u00f1ada con un patr\u00f3n original e innovador que mejora la aerodin\u00e1mica sobre la bicicleta. Su tejido de membrana impermeable se caracteriza por su alta transpirabilidad y permite expulsar el sudor hacia el exterior para que la piel est\u00e9 siempre seca. Su elasticidad permite que la chaqueta se adapte perfectamente al cuerpo durante el pedaleo y deja fluir f\u00e1cilmente el aire para aumentar la aerodin\u00e1mica. Tiene una cremallera integral con sistema antipull que te permitir\u00e1 pon\u00e9rtela y quit\u00e1rtela f\u00e1cilmente y podr\u00e1s regular la ventilaci\u00f3n durante el ejercicio.<br \/>\nLas mangas se adaptan a todas las posiciones y est\u00e1n confeccionadas con costuras planas. El pu\u00f1o cortado a l\u00e1ser se ajusta muy bien al brazo y evita la entrada de aire.<br \/>\nEn un lateral tiene el bolsillo ECO-TECH de rejilla para que puedas guardar los residuos que generes. Adem\u00e1s, en la zona lumbar incorpora 3 bolsillos de gran capacidad donde podr\u00e1s guardar cualquier objeto sin miedo a perderlo. En la cintura tiene una banda el\u00e1stica con un grip de silicona antiderrapante en el interior para mantener el maillot bien arrapado al cuerpo. Tambi\u00e9n tiene varios detalles reflectantes para aumentar tu seguridad en la carretera. Disfruta del ciclismo sin preocupaciones.<\/p>\n","protected":false},"featured_media":140677,"comment_status":"closed","ping_status":"closed","template":"","meta":{"_acf_changed":false},"product_brand":[],"product_cat":[9946,2761,7174],"product_tag":[],"custom_category":[],"range":[],"class_list":{"0":"post-140668","1":"product","2":"type-product","3":"status-publish","4":"has-post-thumbnail","6":"product_cat-gravel","7":"product_cat-chaqueta-ciclismo","8":"product_cat-b2b","9":"product_shipping_class-envio-centralizado-a-suiza","10":"pa_climatologia-frio","11":"pa_climatologia-viento","12":"pa_climatologia-lluvia","13":"pa_deporte-ciclismo","14":"pa_deporte-gravel","15":"pa_genero-mujer","16":"pa_patronaje-fit","17":"pa_talla-l","18":"pa_talla-xl","19":"pa_talla-xs","20":"pa_talla-s","21":"pa_talla-m","22":"pa_tipo-de-prenda-chaqueta","24":"first","25":"instock","26":"taxable","27":"shipping-taxable","28":"purchasable","29":"product-type-variable","30":"has-default-attributes"},"acf":[],"yoast_head":"<!-- This site is optimized with the Yoast SEO plugin v27.3 - https:\/\/yoast.com\/product\/yoast-seo-wordpress\/ -->\n<title>Chaqueta ciclista con luz de seguridad ANTARES (MUJER) | Inverseteams<\/title>\n<meta name=\"description\" content=\"En la zona de los bolsillos incorpora una luz LED de seguridad extraible. \u00c9sta tiene 2 modos de iluminaci\u00f3n: fijo y parpadeo. Con una potencia de 150 lumens, su rango de visibilidad m\u00e1ximo es de 20 metros. Tiene una duraci\u00f3n de 2 a 4 horas y es f\u00e1cilmente recargable por USB 3.0. La nueva chaqueta ANTARES es perfecta para disfrutar del ciclismo con total seguridad durante los momentos de poca luz. Chaqueta ciclista t\u00e9rmica dise\u00f1ada con un patr\u00f3n original e innovador que mejora la aerodin\u00e1mica sobre la bicicleta. Su tejido de membrana impermeable se caracteriza por su alta transpirabilidad y permite expulsar el sudor hacia el exterior para que la piel est\u00e9 siempre seca. Su elasticidad permite que la chaqueta se adapte perfectamente al cuerpo durante el pedaleo y deja fluir f\u00e1cilmente el aire para aumentar la aerodin\u00e1mica. Tiene una cremallera integral con sistema antipull que te permitir\u00e1 pon\u00e9rtela y quit\u00e1rtela f\u00e1cilmente y podr\u00e1s regular la ventilaci\u00f3n durante el ejercicio. Las mangas se adaptan a todas las posiciones y est\u00e1n confeccionadas con costuras planas. El pu\u00f1o cortado a l\u00e1ser se ajusta muy bien al brazo y evita la entrada de aire. En un lateral tiene el bolsillo ECO-TECH de rejilla para que puedas guardar los residuos que generes. Adem\u00e1s, en la zona lumbar incorpora 3 bolsillos de gran capacidad donde podr\u00e1s guardar cualquier objeto sin miedo a perderlo. En la cintura tiene una banda el\u00e1stica con un grip de silicona antiderrapante en el interior para mantener el maillot bien arrapado al cuerpo. Tambi\u00e9n tiene varios detalles reflectantes para aumentar tu seguridad en la carretera. Disfruta del ciclismo sin preocupaciones.\" \/>\n<meta name=\"robots\" content=\"index, follow, max-snippet:-1, max-image-preview:large, max-video-preview:-1\" \/>\n<link rel=\"canonical\" href=\"https:\/\/www.inverseteams.com\/es\/producto\/chaqueta-ciclista-con-luz-de-seguridad-antares-mujer\/\" \/>\n<meta property=\"og:locale\" content=\"es_ES\" \/>\n<meta property=\"og:type\" content=\"article\" \/>\n<meta property=\"og:title\" content=\"Chaqueta ciclista con luz de seguridad ANTARES (MUJER) | Inverseteams\" \/>\n<meta property=\"og:description\" content=\"En la zona de los bolsillos incorpora una luz LED de seguridad extraible. \u00c9sta tiene 2 modos de iluminaci\u00f3n: fijo y parpadeo. Con una potencia de 150 lumens, su rango de visibilidad m\u00e1ximo es de 20 metros. Tiene una duraci\u00f3n de 2 a 4 horas y es f\u00e1cilmente recargable por USB 3.0. La nueva chaqueta ANTARES es perfecta para disfrutar del ciclismo con total seguridad durante los momentos de poca luz. Chaqueta ciclista t\u00e9rmica dise\u00f1ada con un patr\u00f3n original e innovador que mejora la aerodin\u00e1mica sobre la bicicleta. Su tejido de membrana impermeable se caracteriza por su alta transpirabilidad y permite expulsar el sudor hacia el exterior para que la piel est\u00e9 siempre seca. Su elasticidad permite que la chaqueta se adapte perfectamente al cuerpo durante el pedaleo y deja fluir f\u00e1cilmente el aire para aumentar la aerodin\u00e1mica. Tiene una cremallera integral con sistema antipull que te permitir\u00e1 pon\u00e9rtela y quit\u00e1rtela f\u00e1cilmente y podr\u00e1s regular la ventilaci\u00f3n durante el ejercicio. Las mangas se adaptan a todas las posiciones y est\u00e1n confeccionadas con costuras planas. El pu\u00f1o cortado a l\u00e1ser se ajusta muy bien al brazo y evita la entrada de aire. En un lateral tiene el bolsillo ECO-TECH de rejilla para que puedas guardar los residuos que generes. Adem\u00e1s, en la zona lumbar incorpora 3 bolsillos de gran capacidad donde podr\u00e1s guardar cualquier objeto sin miedo a perderlo. En la cintura tiene una banda el\u00e1stica con un grip de silicona antiderrapante en el interior para mantener el maillot bien arrapado al cuerpo. Tambi\u00e9n tiene varios detalles reflectantes para aumentar tu seguridad en la carretera. Disfruta del ciclismo sin preocupaciones.\" \/>\n<meta property=\"og:url\" content=\"https:\/\/www.inverseteams.com\/es\/producto\/chaqueta-ciclista-con-luz-de-seguridad-antares-mujer\/\" \/>\n<meta property=\"og:site_name\" content=\"Inverseteams\" \/>\n<meta property=\"article:publisher\" content=\"https:\/\/www.facebook.com\/inverseteams\" \/>\n<meta property=\"article:modified_time\" content=\"2026-02-16T10:23:46+00:00\" \/>\n<meta property=\"og:image\" content=\"https:\/\/www.inverseteams.com\/wp-content\/uploads\/INVERSE-CHAQUETA-ANTARES-MUJER-1.jpg\" \/>\n\t<meta property=\"og:image:width\" content=\"3000\" \/>\n\t<meta property=\"og:image:height\" content=\"3223\" \/>\n\t<meta property=\"og:image:type\" content=\"image\/jpeg\" \/>\n<meta name=\"twitter:card\" content=\"summary_large_image\" \/>\n<meta name=\"twitter:label1\" content=\"Tiempo de lectura\" \/>\n\t<meta name=\"twitter:data1\" content=\"2 minuto\" \/>\n<script type=\"application\/ld+json\" class=\"yoast-schema-graph\">{\"@context\":\"https:\\\/\\\/schema.org\",\"@graph\":[{\"@type\":\"WebPage\",\"@id\":\"https:\\\/\\\/www.inverseteams.com\\\/es\\\/producto\\\/chaqueta-ciclista-con-luz-de-seguridad-antares-mujer\\\/\",\"url\":\"https:\\\/\\\/www.inverseteams.com\\\/es\\\/producto\\\/chaqueta-ciclista-con-luz-de-seguridad-antares-mujer\\\/\",\"name\":\"Chaqueta ciclista con luz de seguridad ANTARES (MUJER) | Inverseteams\",\"isPartOf\":{\"@id\":\"https:\\\/\\\/www.inverseteams.com\\\/es\\\/#website\"},\"primaryImageOfPage\":{\"@id\":\"https:\\\/\\\/www.inverseteams.com\\\/es\\\/producto\\\/chaqueta-ciclista-con-luz-de-seguridad-antares-mujer\\\/#primaryimage\"},\"image\":{\"@id\":\"https:\\\/\\\/www.inverseteams.com\\\/es\\\/producto\\\/chaqueta-ciclista-con-luz-de-seguridad-antares-mujer\\\/#primaryimage\"},\"thumbnailUrl\":\"https:\\\/\\\/www.inverseteams.com\\\/wp-content\\\/uploads\\\/INVERSE-CHAQUETA-ANTARES-MUJER-1.jpg\",\"datePublished\":\"2023-09-30T07:56:30+00:00\",\"dateModified\":\"2026-02-16T10:23:46+00:00\",\"description\":\"En la zona de los bolsillos incorpora una luz LED de seguridad extraible. \u00c9sta tiene 2 modos de iluminaci\u00f3n: fijo y parpadeo. Con una potencia de 150 lumens, su rango de visibilidad m\u00e1ximo es de 20 metros. Tiene una duraci\u00f3n de 2 a 4 horas y es f\u00e1cilmente recargable por USB 3.0. La nueva chaqueta ANTARES es perfecta para disfrutar del ciclismo con total seguridad durante los momentos de poca luz. Chaqueta ciclista t\u00e9rmica dise\u00f1ada con un patr\u00f3n original e innovador que mejora la aerodin\u00e1mica sobre la bicicleta. Su tejido de membrana impermeable se caracteriza por su alta transpirabilidad y permite expulsar el sudor hacia el exterior para que la piel est\u00e9 siempre seca. Su elasticidad permite que la chaqueta se adapte perfectamente al cuerpo durante el pedaleo y deja fluir f\u00e1cilmente el aire para aumentar la aerodin\u00e1mica. Tiene una cremallera integral con sistema antipull que te permitir\u00e1 pon\u00e9rtela y quit\u00e1rtela f\u00e1cilmente y podr\u00e1s regular la ventilaci\u00f3n durante el ejercicio. Las mangas se adaptan a todas las posiciones y est\u00e1n confeccionadas con costuras planas. El pu\u00f1o cortado a l\u00e1ser se ajusta muy bien al brazo y evita la entrada de aire. En un lateral tiene el bolsillo ECO-TECH de rejilla para que puedas guardar los residuos que generes. Adem\u00e1s, en la zona lumbar incorpora 3 bolsillos de gran capacidad donde podr\u00e1s guardar cualquier objeto sin miedo a perderlo. En la cintura tiene una banda el\u00e1stica con un grip de silicona antiderrapante en el interior para mantener el maillot bien arrapado al cuerpo. Tambi\u00e9n tiene varios detalles reflectantes para aumentar tu seguridad en la carretera. Disfruta del ciclismo sin preocupaciones.\",\"breadcrumb\":{\"@id\":\"https:\\\/\\\/www.inverseteams.com\\\/es\\\/producto\\\/chaqueta-ciclista-con-luz-de-seguridad-antares-mujer\\\/#breadcrumb\"},\"inLanguage\":\"es\",\"potentialAction\":[{\"@type\":\"ReadAction\",\"target\":[\"https:\\\/\\\/www.inverseteams.com\\\/es\\\/producto\\\/chaqueta-ciclista-con-luz-de-seguridad-antares-mujer\\\/\"]}]},{\"@type\":\"ImageObject\",\"inLanguage\":\"es\",\"@id\":\"https:\\\/\\\/www.inverseteams.com\\\/es\\\/producto\\\/chaqueta-ciclista-con-luz-de-seguridad-antares-mujer\\\/#primaryimage\",\"url\":\"https:\\\/\\\/www.inverseteams.com\\\/wp-content\\\/uploads\\\/INVERSE-CHAQUETA-ANTARES-MUJER-1.jpg\",\"contentUrl\":\"https:\\\/\\\/www.inverseteams.com\\\/wp-content\\\/uploads\\\/INVERSE-CHAQUETA-ANTARES-MUJER-1.jpg\",\"width\":3000,\"height\":3223,\"caption\":\"Chaqueta ciclista con luz de seguridad ANTARES (MUJER)\"},{\"@type\":\"BreadcrumbList\",\"@id\":\"https:\\\/\\\/www.inverseteams.com\\\/es\\\/producto\\\/chaqueta-ciclista-con-luz-de-seguridad-antares-mujer\\\/#breadcrumb\",\"itemListElement\":[{\"@type\":\"ListItem\",\"position\":1,\"name\":\"Portada\",\"item\":\"https:\\\/\\\/www.inverseteams.com\\\/es\\\/\"},{\"@type\":\"ListItem\",\"position\":2,\"name\":\"Tienda\",\"item\":\"https:\\\/\\\/www.inverseteams.com\\\/es\\\/tienda\\\/\"},{\"@type\":\"ListItem\",\"position\":3,\"name\":\"Chaqueta ciclista con luz de seguridad ANTARES (MUJER)\"}]},{\"@type\":\"WebSite\",\"@id\":\"https:\\\/\\\/www.inverseteams.com\\\/es\\\/#website\",\"url\":\"https:\\\/\\\/www.inverseteams.com\\\/es\\\/\",\"name\":\"Inverseteams\",\"description\":\"Tu marca de ropa deportiva personalizada\",\"publisher\":{\"@id\":\"https:\\\/\\\/www.inverseteams.com\\\/es\\\/#organization\"},\"potentialAction\":[{\"@type\":\"SearchAction\",\"target\":{\"@type\":\"EntryPoint\",\"urlTemplate\":\"https:\\\/\\\/www.inverseteams.com\\\/es\\\/?s={search_term_string}\"},\"query-input\":{\"@type\":\"PropertyValueSpecification\",\"valueRequired\":true,\"valueName\":\"search_term_string\"}}],\"inLanguage\":\"es\"},{\"@type\":\"Organization\",\"@id\":\"https:\\\/\\\/www.inverseteams.com\\\/es\\\/#organization\",\"name\":\"Inverse Teams\",\"url\":\"https:\\\/\\\/www.inverseteams.com\\\/es\\\/\",\"logo\":{\"@type\":\"ImageObject\",\"inLanguage\":\"es\",\"@id\":\"https:\\\/\\\/www.inverseteams.com\\\/es\\\/#\\\/schema\\\/logo\\\/image\\\/\",\"url\":\"http:\\\/\\\/www.inverseteams.com\\\/wp-content\\\/uploads\\\/2021\\\/03\\\/logo-inverse-teams.png\",\"contentUrl\":\"http:\\\/\\\/www.inverseteams.com\\\/wp-content\\\/uploads\\\/2021\\\/03\\\/logo-inverse-teams.png\",\"width\":294,\"height\":99,\"caption\":\"Inverse Teams\"},\"image\":{\"@id\":\"https:\\\/\\\/www.inverseteams.com\\\/es\\\/#\\\/schema\\\/logo\\\/image\\\/\"},\"sameAs\":[\"https:\\\/\\\/www.facebook.com\\\/inverseteams\",\"http:\\\/\\\/instagram.com\\\/inverseteams\",\"https:\\\/\\\/www.linkedin.com\\\/company\\\/inverse-cirosport-s-l-?trk=job_view_topcard_company_name\",\"http:\\\/\\\/www.pinterest.com\\\/inverseteams\\\/\",\"http:\\\/\\\/www.youtube.com\\\/user\\\/inverseteams?feature=watch\"]}]}<\/script>\n<!-- \/ Yoast SEO plugin. -->","yoast_head_json":{"title":"Chaqueta ciclista con luz de seguridad ANTARES (MUJER) | Inverseteams","description":"En la zona de los bolsillos incorpora una luz LED de seguridad extraible. \u00c9sta tiene 2 modos de iluminaci\u00f3n: fijo y parpadeo. Con una potencia de 150 lumens, su rango de visibilidad m\u00e1ximo es de 20 metros. Tiene una duraci\u00f3n de 2 a 4 horas y es f\u00e1cilmente recargable por USB 3.0. La nueva chaqueta ANTARES es perfecta para disfrutar del ciclismo con total seguridad durante los momentos de poca luz. Chaqueta ciclista t\u00e9rmica dise\u00f1ada con un patr\u00f3n original e innovador que mejora la aerodin\u00e1mica sobre la bicicleta. Su tejido de membrana impermeable se caracteriza por su alta transpirabilidad y permite expulsar el sudor hacia el exterior para que la piel est\u00e9 siempre seca. Su elasticidad permite que la chaqueta se adapte perfectamente al cuerpo durante el pedaleo y deja fluir f\u00e1cilmente el aire para aumentar la aerodin\u00e1mica. Tiene una cremallera integral con sistema antipull que te permitir\u00e1 pon\u00e9rtela y quit\u00e1rtela f\u00e1cilmente y podr\u00e1s regular la ventilaci\u00f3n durante el ejercicio. Las mangas se adaptan a todas las posiciones y est\u00e1n confeccionadas con costuras planas. El pu\u00f1o cortado a l\u00e1ser se ajusta muy bien al brazo y evita la entrada de aire. En un lateral tiene el bolsillo ECO-TECH de rejilla para que puedas guardar los residuos que generes. Adem\u00e1s, en la zona lumbar incorpora 3 bolsillos de gran capacidad donde podr\u00e1s guardar cualquier objeto sin miedo a perderlo. En la cintura tiene una banda el\u00e1stica con un grip de silicona antiderrapante en el interior para mantener el maillot bien arrapado al cuerpo. Tambi\u00e9n tiene varios detalles reflectantes para aumentar tu seguridad en la carretera. Disfruta del ciclismo sin preocupaciones.","robots":{"index":"index","follow":"follow","max-snippet":"max-snippet:-1","max-image-preview":"max-image-preview:large","max-video-preview":"max-video-preview:-1"},"canonical":"https:\/\/www.inverseteams.com\/es\/producto\/chaqueta-ciclista-con-luz-de-seguridad-antares-mujer\/","og_locale":"es_ES","og_type":"article","og_title":"Chaqueta ciclista con luz de seguridad ANTARES (MUJER) | Inverseteams","og_description":"En la zona de los bolsillos incorpora una luz LED de seguridad extraible. \u00c9sta tiene 2 modos de iluminaci\u00f3n: fijo y parpadeo. Con una potencia de 150 lumens, su rango de visibilidad m\u00e1ximo es de 20 metros. Tiene una duraci\u00f3n de 2 a 4 horas y es f\u00e1cilmente recargable por USB 3.0. La nueva chaqueta ANTARES es perfecta para disfrutar del ciclismo con total seguridad durante los momentos de poca luz. Chaqueta ciclista t\u00e9rmica dise\u00f1ada con un patr\u00f3n original e innovador que mejora la aerodin\u00e1mica sobre la bicicleta. Su tejido de membrana impermeable se caracteriza por su alta transpirabilidad y permite expulsar el sudor hacia el exterior para que la piel est\u00e9 siempre seca. Su elasticidad permite que la chaqueta se adapte perfectamente al cuerpo durante el pedaleo y deja fluir f\u00e1cilmente el aire para aumentar la aerodin\u00e1mica. Tiene una cremallera integral con sistema antipull que te permitir\u00e1 pon\u00e9rtela y quit\u00e1rtela f\u00e1cilmente y podr\u00e1s regular la ventilaci\u00f3n durante el ejercicio. Las mangas se adaptan a todas las posiciones y est\u00e1n confeccionadas con costuras planas. El pu\u00f1o cortado a l\u00e1ser se ajusta muy bien al brazo y evita la entrada de aire. En un lateral tiene el bolsillo ECO-TECH de rejilla para que puedas guardar los residuos que generes. Adem\u00e1s, en la zona lumbar incorpora 3 bolsillos de gran capacidad donde podr\u00e1s guardar cualquier objeto sin miedo a perderlo. En la cintura tiene una banda el\u00e1stica con un grip de silicona antiderrapante en el interior para mantener el maillot bien arrapado al cuerpo. Tambi\u00e9n tiene varios detalles reflectantes para aumentar tu seguridad en la carretera. Disfruta del ciclismo sin preocupaciones.","og_url":"https:\/\/www.inverseteams.com\/es\/producto\/chaqueta-ciclista-con-luz-de-seguridad-antares-mujer\/","og_site_name":"Inverseteams","article_publisher":"https:\/\/www.facebook.com\/inverseteams","article_modified_time":"2026-02-16T10:23:46+00:00","og_image":[{"width":3000,"height":3223,"url":"https:\/\/www.inverseteams.com\/wp-content\/uploads\/INVERSE-CHAQUETA-ANTARES-MUJER-1.jpg","type":"image\/jpeg"}],"twitter_card":"summary_large_image","twitter_misc":{"Tiempo de lectura":"2 minuto"},"schema":{"@context":"https:\/\/schema.org","@graph":[{"@type":"WebPage","@id":"https:\/\/www.inverseteams.com\/es\/producto\/chaqueta-ciclista-con-luz-de-seguridad-antares-mujer\/","url":"https:\/\/www.inverseteams.com\/es\/producto\/chaqueta-ciclista-con-luz-de-seguridad-antares-mujer\/","name":"Chaqueta ciclista con luz de seguridad ANTARES (MUJER) | Inverseteams","isPartOf":{"@id":"https:\/\/www.inverseteams.com\/es\/#website"},"primaryImageOfPage":{"@id":"https:\/\/www.inverseteams.com\/es\/producto\/chaqueta-ciclista-con-luz-de-seguridad-antares-mujer\/#primaryimage"},"image":{"@id":"https:\/\/www.inverseteams.com\/es\/producto\/chaqueta-ciclista-con-luz-de-seguridad-antares-mujer\/#primaryimage"},"thumbnailUrl":"https:\/\/www.inverseteams.com\/wp-content\/uploads\/INVERSE-CHAQUETA-ANTARES-MUJER-1.jpg","datePublished":"2023-09-30T07:56:30+00:00","dateModified":"2026-02-16T10:23:46+00:00","description":"En la zona de los bolsillos incorpora una luz LED de seguridad extraible. \u00c9sta tiene 2 modos de iluminaci\u00f3n: fijo y parpadeo. Con una potencia de 150 lumens, su rango de visibilidad m\u00e1ximo es de 20 metros. Tiene una duraci\u00f3n de 2 a 4 horas y es f\u00e1cilmente recargable por USB 3.0. La nueva chaqueta ANTARES es perfecta para disfrutar del ciclismo con total seguridad durante los momentos de poca luz. Chaqueta ciclista t\u00e9rmica dise\u00f1ada con un patr\u00f3n original e innovador que mejora la aerodin\u00e1mica sobre la bicicleta. Su tejido de membrana impermeable se caracteriza por su alta transpirabilidad y permite expulsar el sudor hacia el exterior para que la piel est\u00e9 siempre seca. Su elasticidad permite que la chaqueta se adapte perfectamente al cuerpo durante el pedaleo y deja fluir f\u00e1cilmente el aire para aumentar la aerodin\u00e1mica. Tiene una cremallera integral con sistema antipull que te permitir\u00e1 pon\u00e9rtela y quit\u00e1rtela f\u00e1cilmente y podr\u00e1s regular la ventilaci\u00f3n durante el ejercicio. Las mangas se adaptan a todas las posiciones y est\u00e1n confeccionadas con costuras planas. El pu\u00f1o cortado a l\u00e1ser se ajusta muy bien al brazo y evita la entrada de aire. En un lateral tiene el bolsillo ECO-TECH de rejilla para que puedas guardar los residuos que generes. Adem\u00e1s, en la zona lumbar incorpora 3 bolsillos de gran capacidad donde podr\u00e1s guardar cualquier objeto sin miedo a perderlo. En la cintura tiene una banda el\u00e1stica con un grip de silicona antiderrapante en el interior para mantener el maillot bien arrapado al cuerpo. Tambi\u00e9n tiene varios detalles reflectantes para aumentar tu seguridad en la carretera. Disfruta del ciclismo sin preocupaciones.","breadcrumb":{"@id":"https:\/\/www.inverseteams.com\/es\/producto\/chaqueta-ciclista-con-luz-de-seguridad-antares-mujer\/#breadcrumb"},"inLanguage":"es","potentialAction":[{"@type":"ReadAction","target":["https:\/\/www.inverseteams.com\/es\/producto\/chaqueta-ciclista-con-luz-de-seguridad-antares-mujer\/"]}]},{"@type":"ImageObject","inLanguage":"es","@id":"https:\/\/www.inverseteams.com\/es\/producto\/chaqueta-ciclista-con-luz-de-seguridad-antares-mujer\/#primaryimage","url":"https:\/\/www.inverseteams.com\/wp-content\/uploads\/INVERSE-CHAQUETA-ANTARES-MUJER-1.jpg","contentUrl":"https:\/\/www.inverseteams.com\/wp-content\/uploads\/INVERSE-CHAQUETA-ANTARES-MUJER-1.jpg","width":3000,"height":3223,"caption":"Chaqueta ciclista con luz de seguridad ANTARES (MUJER)"},{"@type":"BreadcrumbList","@id":"https:\/\/www.inverseteams.com\/es\/producto\/chaqueta-ciclista-con-luz-de-seguridad-antares-mujer\/#breadcrumb","itemListElement":[{"@type":"ListItem","position":1,"name":"Portada","item":"https:\/\/www.inverseteams.com\/es\/"},{"@type":"ListItem","position":2,"name":"Tienda","item":"https:\/\/www.inverseteams.com\/es\/tienda\/"},{"@type":"ListItem","position":3,"name":"Chaqueta ciclista con luz de seguridad ANTARES (MUJER)"}]},{"@type":"WebSite","@id":"https:\/\/www.inverseteams.com\/es\/#website","url":"https:\/\/www.inverseteams.com\/es\/","name":"Inverseteams","description":"Tu marca de ropa deportiva personalizada","publisher":{"@id":"https:\/\/www.inverseteams.com\/es\/#organization"},"potentialAction":[{"@type":"SearchAction","target":{"@type":"EntryPoint","urlTemplate":"https:\/\/www.inverseteams.com\/es\/?s={search_term_string}"},"query-input":{"@type":"PropertyValueSpecification","valueRequired":true,"valueName":"search_term_string"}}],"inLanguage":"es"},{"@type":"Organization","@id":"https:\/\/www.inverseteams.com\/es\/#organization","name":"Inverse Teams","url":"https:\/\/www.inverseteams.com\/es\/","logo":{"@type":"ImageObject","inLanguage":"es","@id":"https:\/\/www.inverseteams.com\/es\/#\/schema\/logo\/image\/","url":"https:\/\/www.inverseteams.com\/wp-content\/uploads\/2021\/03\/logo-inverse-teams.png","contentUrl":"https:\/\/www.inverseteams.com\/wp-content\/uploads\/2021\/03\/logo-inverse-teams.png","width":294,"height":99,"caption":"Inverse Teams"},"image":{"@id":"https:\/\/www.inverseteams.com\/es\/#\/schema\/logo\/image\/"},"sameAs":["https:\/\/www.facebook.com\/inverseteams","http:\/\/instagram.com\/inverseteams","https:\/\/www.linkedin.com\/company\/inverse-cirosport-s-l-?trk=job_view_topcard_company_name","http:\/\/www.pinterest.com\/inverseteams\/","http:\/\/www.youtube.com\/user\/inverseteams?feature=watch"]}]}},"_links":{"self":[{"href":"https:\/\/www.inverseteams.com\/es\/wp-json\/wp\/v2\/product\/140668","targetHints":{"allow":["GET"]}}],"collection":[{"href":"https:\/\/www.inverseteams.com\/es\/wp-json\/wp\/v2\/product"}],"about":[{"href":"https:\/\/www.inverseteams.com\/es\/wp-json\/wp\/v2\/types\/product"}],"replies":[{"embeddable":true,"href":"https:\/\/www.inverseteams.com\/es\/wp-json\/wp\/v2\/comments?post=140668"}],"wp:featuredmedia":[{"embeddable":true,"href":"https:\/\/www.inverseteams.com\/es\/wp-json\/wp\/v2\/media\/140677"}],"wp:attachment":[{"href":"https:\/\/www.inverseteams.com\/es\/wp-json\/wp\/v2\/media?parent=140668"}],"wp:term":[{"taxonomy":"product_brand","embeddable":true,"href":"https:\/\/www.inverseteams.com\/es\/wp-json\/wp\/v2\/product_brand?post=140668"},{"taxonomy":"product_cat","embeddable":true,"href":"https:\/\/www.inverseteams.com\/es\/wp-json\/wp\/v2\/product_cat?post=140668"},{"taxonomy":"product_tag","embeddable":true,"href":"https:\/\/www.inverseteams.com\/es\/wp-json\/wp\/v2\/product_tag?post=140668"},{"taxonomy":"custom_category","embeddable":true,"href":"https:\/\/www.inverseteams.com\/es\/wp-json\/wp\/v2\/custom_category?post=140668"},{"taxonomy":"range","embeddable":true,"href":"https:\/\/www.inverseteams.com\/es\/wp-json\/wp\/v2\/range?post=140668"}],"curies":[{"name":"wp","href":"https:\/\/api.w.org\/{rel}","templated":true}]}}