{"id":135201,"date":"2023-07-20T10:19:10","date_gmt":"2023-07-20T10:19:10","guid":{"rendered":"https:\/\/www.inverseteams.com\/?post_type=product&#038;p=135201"},"modified":"2024-06-14T09:46:53","modified_gmt":"2024-06-14T09:46:53","slug":"chaleco-ciclista-reversible-pure-tech-green-hombre","status":"publish","type":"product","link":"https:\/\/www.inverseteams.com\/es\/producto\/chaleco-ciclista-reversible-pure-tech-green-hombre\/","title":{"rendered":"Chaleco ciclista reversible PURE TECH GREEN (HOMBRE)"},"content":{"rendered":"<p>El equipo de desarrollo de Inverse ha creado este innovador chaleco ciclista reversible para multiplicar tus dise\u00f1os y ser la envidia de la grupeta.<br \/>\nGracias a su tejido con membrana bidireccional, sus propiedades son las mismas por ambos lados. Es muy ligero, cortavientos e impermeable. Ideal para los descensos y los d\u00edas de climatolog\u00eda variable.<br \/>\nMedia espalda est\u00e1 confeccionada con un tejido de rejilla para aumentar la transpirabilidad. Al ser tan fino y ligero lo podr\u00e1s guardar f\u00e1cilmente en el bolsillo del maillot cuando no lo necesite. Tiene una cremallera integral con sistema antipull que te permitir\u00e1 regular la ventilaci\u00f3n durante el ejercicio.<br \/>\nLas sisas est\u00e1n acabadas con un ribete el\u00e1stico para que el chaleco se ajuste al cuerpo y evitar la entrada de aire y aumentar la aerodin\u00e1mica. En la zona lumbar tiene 2 aperturas para que puedas acceder r\u00e1pida y f\u00e1cilmente a los bolsillos del maillot ciclista.<br \/>\nEn la cintura tiene una banda el\u00e1stica con un grip de silicona antiderrapante en el interior para mantener el maillot bien arrapado al cuerpo. Tambi\u00e9n tiene un ribete refletante para aumentar tu seguridad en la carretera. Disfruta del ciclismo sin preocupaciones.<\/p>\n","protected":false},"excerpt":{"rendered":"<p>El equipo de desarrollo de Inverse ha creado este innovador chaleco ciclista reversible para multiplicar tus dise\u00f1os y ser la envidia de la grupeta.<br \/>\nGracias a su tejido con membrana bidireccional, sus propiedades son las mismas por ambos lados. Es muy ligero, cortavientos e impermeable. Ideal para los descensos y los d\u00edas de climatolog\u00eda variable.<br \/>\nMedia espalda est\u00e1 confeccionada con un tejido de rejilla para aumentar la transpirabilidad. Al ser tan fino y ligero lo podr\u00e1s guardar f\u00e1cilmente en el bolsillo del maillot cuando no lo necesite. Tiene una cremallera integral con sistema antipull que te permitir\u00e1 regular la ventilaci\u00f3n durante el ejercicio.<br \/>\nLas sisas est\u00e1n acabadas con un ribete el\u00e1stico para que el chaleco se ajuste al cuerpo y evitar la entrada de aire y aumentar la aerodin\u00e1mica. En la zona lumbar tiene 2 aperturas para que puedas acceder r\u00e1pida y f\u00e1cilmente a los bolsillos del maillot ciclista.<br \/>\nEn la cintura tiene una banda el\u00e1stica con un grip de silicona antiderrapante en el interior para mantener el maillot bien arrapado al cuerpo. Tambi\u00e9n tiene un ribete refletante para aumentar tu seguridad en la carretera. Disfruta del ciclismo sin preocupaciones.<\/p>\n","protected":false},"featured_media":170843,"comment_status":"closed","ping_status":"closed","template":"","meta":{"_acf_changed":false},"product_brand":[],"product_cat":[1095,7174],"product_tag":[],"custom_category":[],"range":[],"class_list":{"0":"post-135201","1":"product","2":"type-product","3":"status-publish","4":"has-post-thumbnail","6":"product_cat-chaleco-ciclismo","7":"product_cat-b2b","8":"pa_climatologia-temperatura-templada","9":"pa_climatologia-viento","10":"pa_climatologia-lluvia","11":"pa_deporte-ciclismo","12":"pa_genero-hombre","13":"pa_patronaje-regular","14":"pa_talla-xl","15":"pa_talla-xxl","16":"pa_talla-s","17":"pa_talla-m","18":"pa_talla-l","19":"pa_tipo-de-prenda-chaleco","21":"first","22":"outofstock","23":"taxable","24":"shipping-taxable","25":"purchasable","26":"product-type-variable","27":"has-default-attributes"},"acf":[],"yoast_head":"<!-- This site is optimized with the Yoast SEO plugin v27.3 - https:\/\/yoast.com\/product\/yoast-seo-wordpress\/ -->\n<title>Chaleco ciclista reversible PURE TECH GREEN (HOMBRE) | Inverseteams<\/title>\n<meta name=\"description\" content=\"El equipo de desarrollo de Inverse ha creado este innovador chaleco ciclista reversible para multiplicar tus dise\u00f1os y ser la envidia de la grupeta. Gracias a su tejido con membrana bidireccional, sus propiedades son las mismas por ambos lados. Es muy ligero, cortavientos e impermeable. Ideal para los descensos y los d\u00edas de climatolog\u00eda variable. Media espalda est\u00e1 confeccionada con un tejido de rejilla para aumentar la transpirabilidad. Al ser tan fino y ligero lo podr\u00e1s guardar f\u00e1cilmente en el bolsillo del maillot cuando no lo necesite. Tiene una cremallera integral con sistema antipull que te permitir\u00e1 regular la ventilaci\u00f3n durante el ejercicio. Las sisas est\u00e1n acabadas con un ribete el\u00e1stico para que el chaleco se ajuste al cuerpo y evitar la entrada de aire y aumentar la aerodin\u00e1mica. En la zona lumbar tiene 2 aperturas para que puedas acceder r\u00e1pida y f\u00e1cilmente a los bolsillos del maillot ciclista. En la cintura tiene una banda el\u00e1stica con un grip de silicona antiderrapante en el interior para mantener el maillot bien arrapado al cuerpo. Tambi\u00e9n tiene un ribete refletante para aumentar tu seguridad en la carretera. Disfruta del ciclismo sin preocupaciones.\" \/>\n<meta name=\"robots\" content=\"index, follow, max-snippet:-1, max-image-preview:large, max-video-preview:-1\" \/>\n<link rel=\"canonical\" href=\"https:\/\/www.inverseteams.com\/es\/producto\/chaleco-ciclista-reversible-pure-tech-green-hombre\/\" \/>\n<meta property=\"og:locale\" content=\"es_ES\" \/>\n<meta property=\"og:type\" content=\"article\" \/>\n<meta property=\"og:title\" content=\"Chaleco ciclista reversible PURE TECH GREEN (HOMBRE) | Inverseteams\" \/>\n<meta property=\"og:description\" content=\"El equipo de desarrollo de Inverse ha creado este innovador chaleco ciclista reversible para multiplicar tus dise\u00f1os y ser la envidia de la grupeta. Gracias a su tejido con membrana bidireccional, sus propiedades son las mismas por ambos lados. Es muy ligero, cortavientos e impermeable. Ideal para los descensos y los d\u00edas de climatolog\u00eda variable. Media espalda est\u00e1 confeccionada con un tejido de rejilla para aumentar la transpirabilidad. Al ser tan fino y ligero lo podr\u00e1s guardar f\u00e1cilmente en el bolsillo del maillot cuando no lo necesite. Tiene una cremallera integral con sistema antipull que te permitir\u00e1 regular la ventilaci\u00f3n durante el ejercicio. Las sisas est\u00e1n acabadas con un ribete el\u00e1stico para que el chaleco se ajuste al cuerpo y evitar la entrada de aire y aumentar la aerodin\u00e1mica. En la zona lumbar tiene 2 aperturas para que puedas acceder r\u00e1pida y f\u00e1cilmente a los bolsillos del maillot ciclista. En la cintura tiene una banda el\u00e1stica con un grip de silicona antiderrapante en el interior para mantener el maillot bien arrapado al cuerpo. Tambi\u00e9n tiene un ribete refletante para aumentar tu seguridad en la carretera. Disfruta del ciclismo sin preocupaciones.\" \/>\n<meta property=\"og:url\" content=\"https:\/\/www.inverseteams.com\/es\/producto\/chaleco-ciclista-reversible-pure-tech-green-hombre\/\" \/>\n<meta property=\"og:site_name\" content=\"Inverseteams\" \/>\n<meta property=\"article:publisher\" content=\"https:\/\/www.facebook.com\/inverseteams\" \/>\n<meta property=\"article:modified_time\" content=\"2024-06-14T09:46:53+00:00\" \/>\n<meta property=\"og:image\" content=\"https:\/\/www.inverseteams.com\/wp-content\/uploads\/CHALECO-CICLISTA-REVERSIBLE-PURE-TECH-HOMBRE-GREEN-1-2.jpg\" \/>\n\t<meta property=\"og:image:width\" content=\"3000\" \/>\n\t<meta property=\"og:image:height\" content=\"3223\" \/>\n\t<meta property=\"og:image:type\" content=\"image\/jpeg\" \/>\n<meta name=\"twitter:card\" content=\"summary_large_image\" \/>\n<meta name=\"twitter:label1\" content=\"Tiempo de lectura\" \/>\n\t<meta name=\"twitter:data1\" content=\"1 minuto\" \/>\n<script type=\"application\/ld+json\" class=\"yoast-schema-graph\">{\"@context\":\"https:\\\/\\\/schema.org\",\"@graph\":[{\"@type\":\"WebPage\",\"@id\":\"https:\\\/\\\/www.inverseteams.com\\\/es\\\/producto\\\/chaleco-ciclista-reversible-pure-tech-green-hombre\\\/\",\"url\":\"https:\\\/\\\/www.inverseteams.com\\\/es\\\/producto\\\/chaleco-ciclista-reversible-pure-tech-green-hombre\\\/\",\"name\":\"Chaleco ciclista reversible PURE TECH GREEN (HOMBRE) | Inverseteams\",\"isPartOf\":{\"@id\":\"https:\\\/\\\/www.inverseteams.com\\\/es\\\/#website\"},\"primaryImageOfPage\":{\"@id\":\"https:\\\/\\\/www.inverseteams.com\\\/es\\\/producto\\\/chaleco-ciclista-reversible-pure-tech-green-hombre\\\/#primaryimage\"},\"image\":{\"@id\":\"https:\\\/\\\/www.inverseteams.com\\\/es\\\/producto\\\/chaleco-ciclista-reversible-pure-tech-green-hombre\\\/#primaryimage\"},\"thumbnailUrl\":\"https:\\\/\\\/www.inverseteams.com\\\/wp-content\\\/uploads\\\/CHALECO-CICLISTA-REVERSIBLE-PURE-TECH-HOMBRE-GREEN-1-2.jpg\",\"datePublished\":\"2023-07-20T10:19:10+00:00\",\"dateModified\":\"2024-06-14T09:46:53+00:00\",\"description\":\"El equipo de desarrollo de Inverse ha creado este innovador chaleco ciclista reversible para multiplicar tus dise\u00f1os y ser la envidia de la grupeta. Gracias a su tejido con membrana bidireccional, sus propiedades son las mismas por ambos lados. Es muy ligero, cortavientos e impermeable. Ideal para los descensos y los d\u00edas de climatolog\u00eda variable. Media espalda est\u00e1 confeccionada con un tejido de rejilla para aumentar la transpirabilidad. Al ser tan fino y ligero lo podr\u00e1s guardar f\u00e1cilmente en el bolsillo del maillot cuando no lo necesite. Tiene una cremallera integral con sistema antipull que te permitir\u00e1 regular la ventilaci\u00f3n durante el ejercicio. Las sisas est\u00e1n acabadas con un ribete el\u00e1stico para que el chaleco se ajuste al cuerpo y evitar la entrada de aire y aumentar la aerodin\u00e1mica. En la zona lumbar tiene 2 aperturas para que puedas acceder r\u00e1pida y f\u00e1cilmente a los bolsillos del maillot ciclista. En la cintura tiene una banda el\u00e1stica con un grip de silicona antiderrapante en el interior para mantener el maillot bien arrapado al cuerpo. Tambi\u00e9n tiene un ribete refletante para aumentar tu seguridad en la carretera. Disfruta del ciclismo sin preocupaciones.\",\"breadcrumb\":{\"@id\":\"https:\\\/\\\/www.inverseteams.com\\\/es\\\/producto\\\/chaleco-ciclista-reversible-pure-tech-green-hombre\\\/#breadcrumb\"},\"inLanguage\":\"es\",\"potentialAction\":[{\"@type\":\"ReadAction\",\"target\":[\"https:\\\/\\\/www.inverseteams.com\\\/es\\\/producto\\\/chaleco-ciclista-reversible-pure-tech-green-hombre\\\/\"]}]},{\"@type\":\"ImageObject\",\"inLanguage\":\"es\",\"@id\":\"https:\\\/\\\/www.inverseteams.com\\\/es\\\/producto\\\/chaleco-ciclista-reversible-pure-tech-green-hombre\\\/#primaryimage\",\"url\":\"https:\\\/\\\/www.inverseteams.com\\\/wp-content\\\/uploads\\\/CHALECO-CICLISTA-REVERSIBLE-PURE-TECH-HOMBRE-GREEN-1-2.jpg\",\"contentUrl\":\"https:\\\/\\\/www.inverseteams.com\\\/wp-content\\\/uploads\\\/CHALECO-CICLISTA-REVERSIBLE-PURE-TECH-HOMBRE-GREEN-1-2.jpg\",\"width\":3000,\"height\":3223,\"caption\":\"chaleco ciclista reversible hombre\"},{\"@type\":\"BreadcrumbList\",\"@id\":\"https:\\\/\\\/www.inverseteams.com\\\/es\\\/producto\\\/chaleco-ciclista-reversible-pure-tech-green-hombre\\\/#breadcrumb\",\"itemListElement\":[{\"@type\":\"ListItem\",\"position\":1,\"name\":\"Portada\",\"item\":\"https:\\\/\\\/www.inverseteams.com\\\/es\\\/\"},{\"@type\":\"ListItem\",\"position\":2,\"name\":\"Tienda\",\"item\":\"https:\\\/\\\/www.inverseteams.com\\\/es\\\/tienda\\\/\"},{\"@type\":\"ListItem\",\"position\":3,\"name\":\"Chaleco ciclista reversible PURE TECH GREEN (HOMBRE)\"}]},{\"@type\":\"WebSite\",\"@id\":\"https:\\\/\\\/www.inverseteams.com\\\/es\\\/#website\",\"url\":\"https:\\\/\\\/www.inverseteams.com\\\/es\\\/\",\"name\":\"Inverseteams\",\"description\":\"Tu marca de ropa deportiva personalizada\",\"publisher\":{\"@id\":\"https:\\\/\\\/www.inverseteams.com\\\/es\\\/#organization\"},\"potentialAction\":[{\"@type\":\"SearchAction\",\"target\":{\"@type\":\"EntryPoint\",\"urlTemplate\":\"https:\\\/\\\/www.inverseteams.com\\\/es\\\/?s={search_term_string}\"},\"query-input\":{\"@type\":\"PropertyValueSpecification\",\"valueRequired\":true,\"valueName\":\"search_term_string\"}}],\"inLanguage\":\"es\"},{\"@type\":\"Organization\",\"@id\":\"https:\\\/\\\/www.inverseteams.com\\\/es\\\/#organization\",\"name\":\"Inverse Teams\",\"url\":\"https:\\\/\\\/www.inverseteams.com\\\/es\\\/\",\"logo\":{\"@type\":\"ImageObject\",\"inLanguage\":\"es\",\"@id\":\"https:\\\/\\\/www.inverseteams.com\\\/es\\\/#\\\/schema\\\/logo\\\/image\\\/\",\"url\":\"http:\\\/\\\/www.inverseteams.com\\\/wp-content\\\/uploads\\\/2021\\\/03\\\/logo-inverse-teams.png\",\"contentUrl\":\"http:\\\/\\\/www.inverseteams.com\\\/wp-content\\\/uploads\\\/2021\\\/03\\\/logo-inverse-teams.png\",\"width\":294,\"height\":99,\"caption\":\"Inverse Teams\"},\"image\":{\"@id\":\"https:\\\/\\\/www.inverseteams.com\\\/es\\\/#\\\/schema\\\/logo\\\/image\\\/\"},\"sameAs\":[\"https:\\\/\\\/www.facebook.com\\\/inverseteams\",\"http:\\\/\\\/instagram.com\\\/inverseteams\",\"https:\\\/\\\/www.linkedin.com\\\/company\\\/inverse-cirosport-s-l-?trk=job_view_topcard_company_name\",\"http:\\\/\\\/www.pinterest.com\\\/inverseteams\\\/\",\"http:\\\/\\\/www.youtube.com\\\/user\\\/inverseteams?feature=watch\"]}]}<\/script>\n<!-- \/ Yoast SEO plugin. -->","yoast_head_json":{"title":"Chaleco ciclista reversible PURE TECH GREEN (HOMBRE) | Inverseteams","description":"El equipo de desarrollo de Inverse ha creado este innovador chaleco ciclista reversible para multiplicar tus dise\u00f1os y ser la envidia de la grupeta. Gracias a su tejido con membrana bidireccional, sus propiedades son las mismas por ambos lados. Es muy ligero, cortavientos e impermeable. Ideal para los descensos y los d\u00edas de climatolog\u00eda variable. Media espalda est\u00e1 confeccionada con un tejido de rejilla para aumentar la transpirabilidad. Al ser tan fino y ligero lo podr\u00e1s guardar f\u00e1cilmente en el bolsillo del maillot cuando no lo necesite. Tiene una cremallera integral con sistema antipull que te permitir\u00e1 regular la ventilaci\u00f3n durante el ejercicio. Las sisas est\u00e1n acabadas con un ribete el\u00e1stico para que el chaleco se ajuste al cuerpo y evitar la entrada de aire y aumentar la aerodin\u00e1mica. En la zona lumbar tiene 2 aperturas para que puedas acceder r\u00e1pida y f\u00e1cilmente a los bolsillos del maillot ciclista. En la cintura tiene una banda el\u00e1stica con un grip de silicona antiderrapante en el interior para mantener el maillot bien arrapado al cuerpo. Tambi\u00e9n tiene un ribete refletante para aumentar tu seguridad en la carretera. Disfruta del ciclismo sin preocupaciones.","robots":{"index":"index","follow":"follow","max-snippet":"max-snippet:-1","max-image-preview":"max-image-preview:large","max-video-preview":"max-video-preview:-1"},"canonical":"https:\/\/www.inverseteams.com\/es\/producto\/chaleco-ciclista-reversible-pure-tech-green-hombre\/","og_locale":"es_ES","og_type":"article","og_title":"Chaleco ciclista reversible PURE TECH GREEN (HOMBRE) | Inverseteams","og_description":"El equipo de desarrollo de Inverse ha creado este innovador chaleco ciclista reversible para multiplicar tus dise\u00f1os y ser la envidia de la grupeta. Gracias a su tejido con membrana bidireccional, sus propiedades son las mismas por ambos lados. Es muy ligero, cortavientos e impermeable. Ideal para los descensos y los d\u00edas de climatolog\u00eda variable. Media espalda est\u00e1 confeccionada con un tejido de rejilla para aumentar la transpirabilidad. Al ser tan fino y ligero lo podr\u00e1s guardar f\u00e1cilmente en el bolsillo del maillot cuando no lo necesite. Tiene una cremallera integral con sistema antipull que te permitir\u00e1 regular la ventilaci\u00f3n durante el ejercicio. Las sisas est\u00e1n acabadas con un ribete el\u00e1stico para que el chaleco se ajuste al cuerpo y evitar la entrada de aire y aumentar la aerodin\u00e1mica. En la zona lumbar tiene 2 aperturas para que puedas acceder r\u00e1pida y f\u00e1cilmente a los bolsillos del maillot ciclista. En la cintura tiene una banda el\u00e1stica con un grip de silicona antiderrapante en el interior para mantener el maillot bien arrapado al cuerpo. Tambi\u00e9n tiene un ribete refletante para aumentar tu seguridad en la carretera. Disfruta del ciclismo sin preocupaciones.","og_url":"https:\/\/www.inverseteams.com\/es\/producto\/chaleco-ciclista-reversible-pure-tech-green-hombre\/","og_site_name":"Inverseteams","article_publisher":"https:\/\/www.facebook.com\/inverseteams","article_modified_time":"2024-06-14T09:46:53+00:00","og_image":[{"width":3000,"height":3223,"url":"https:\/\/www.inverseteams.com\/wp-content\/uploads\/CHALECO-CICLISTA-REVERSIBLE-PURE-TECH-HOMBRE-GREEN-1-2.jpg","type":"image\/jpeg"}],"twitter_card":"summary_large_image","twitter_misc":{"Tiempo de lectura":"1 minuto"},"schema":{"@context":"https:\/\/schema.org","@graph":[{"@type":"WebPage","@id":"https:\/\/www.inverseteams.com\/es\/producto\/chaleco-ciclista-reversible-pure-tech-green-hombre\/","url":"https:\/\/www.inverseteams.com\/es\/producto\/chaleco-ciclista-reversible-pure-tech-green-hombre\/","name":"Chaleco ciclista reversible PURE TECH GREEN (HOMBRE) | Inverseteams","isPartOf":{"@id":"https:\/\/www.inverseteams.com\/es\/#website"},"primaryImageOfPage":{"@id":"https:\/\/www.inverseteams.com\/es\/producto\/chaleco-ciclista-reversible-pure-tech-green-hombre\/#primaryimage"},"image":{"@id":"https:\/\/www.inverseteams.com\/es\/producto\/chaleco-ciclista-reversible-pure-tech-green-hombre\/#primaryimage"},"thumbnailUrl":"https:\/\/www.inverseteams.com\/wp-content\/uploads\/CHALECO-CICLISTA-REVERSIBLE-PURE-TECH-HOMBRE-GREEN-1-2.jpg","datePublished":"2023-07-20T10:19:10+00:00","dateModified":"2024-06-14T09:46:53+00:00","description":"El equipo de desarrollo de Inverse ha creado este innovador chaleco ciclista reversible para multiplicar tus dise\u00f1os y ser la envidia de la grupeta. Gracias a su tejido con membrana bidireccional, sus propiedades son las mismas por ambos lados. Es muy ligero, cortavientos e impermeable. Ideal para los descensos y los d\u00edas de climatolog\u00eda variable. Media espalda est\u00e1 confeccionada con un tejido de rejilla para aumentar la transpirabilidad. Al ser tan fino y ligero lo podr\u00e1s guardar f\u00e1cilmente en el bolsillo del maillot cuando no lo necesite. Tiene una cremallera integral con sistema antipull que te permitir\u00e1 regular la ventilaci\u00f3n durante el ejercicio. Las sisas est\u00e1n acabadas con un ribete el\u00e1stico para que el chaleco se ajuste al cuerpo y evitar la entrada de aire y aumentar la aerodin\u00e1mica. En la zona lumbar tiene 2 aperturas para que puedas acceder r\u00e1pida y f\u00e1cilmente a los bolsillos del maillot ciclista. En la cintura tiene una banda el\u00e1stica con un grip de silicona antiderrapante en el interior para mantener el maillot bien arrapado al cuerpo. Tambi\u00e9n tiene un ribete refletante para aumentar tu seguridad en la carretera. Disfruta del ciclismo sin preocupaciones.","breadcrumb":{"@id":"https:\/\/www.inverseteams.com\/es\/producto\/chaleco-ciclista-reversible-pure-tech-green-hombre\/#breadcrumb"},"inLanguage":"es","potentialAction":[{"@type":"ReadAction","target":["https:\/\/www.inverseteams.com\/es\/producto\/chaleco-ciclista-reversible-pure-tech-green-hombre\/"]}]},{"@type":"ImageObject","inLanguage":"es","@id":"https:\/\/www.inverseteams.com\/es\/producto\/chaleco-ciclista-reversible-pure-tech-green-hombre\/#primaryimage","url":"https:\/\/www.inverseteams.com\/wp-content\/uploads\/CHALECO-CICLISTA-REVERSIBLE-PURE-TECH-HOMBRE-GREEN-1-2.jpg","contentUrl":"https:\/\/www.inverseteams.com\/wp-content\/uploads\/CHALECO-CICLISTA-REVERSIBLE-PURE-TECH-HOMBRE-GREEN-1-2.jpg","width":3000,"height":3223,"caption":"chaleco ciclista reversible hombre"},{"@type":"BreadcrumbList","@id":"https:\/\/www.inverseteams.com\/es\/producto\/chaleco-ciclista-reversible-pure-tech-green-hombre\/#breadcrumb","itemListElement":[{"@type":"ListItem","position":1,"name":"Portada","item":"https:\/\/www.inverseteams.com\/es\/"},{"@type":"ListItem","position":2,"name":"Tienda","item":"https:\/\/www.inverseteams.com\/es\/tienda\/"},{"@type":"ListItem","position":3,"name":"Chaleco ciclista reversible PURE TECH GREEN (HOMBRE)"}]},{"@type":"WebSite","@id":"https:\/\/www.inverseteams.com\/es\/#website","url":"https:\/\/www.inverseteams.com\/es\/","name":"Inverseteams","description":"Tu marca de ropa deportiva personalizada","publisher":{"@id":"https:\/\/www.inverseteams.com\/es\/#organization"},"potentialAction":[{"@type":"SearchAction","target":{"@type":"EntryPoint","urlTemplate":"https:\/\/www.inverseteams.com\/es\/?s={search_term_string}"},"query-input":{"@type":"PropertyValueSpecification","valueRequired":true,"valueName":"search_term_string"}}],"inLanguage":"es"},{"@type":"Organization","@id":"https:\/\/www.inverseteams.com\/es\/#organization","name":"Inverse Teams","url":"https:\/\/www.inverseteams.com\/es\/","logo":{"@type":"ImageObject","inLanguage":"es","@id":"https:\/\/www.inverseteams.com\/es\/#\/schema\/logo\/image\/","url":"https:\/\/www.inverseteams.com\/wp-content\/uploads\/2021\/03\/logo-inverse-teams.png","contentUrl":"https:\/\/www.inverseteams.com\/wp-content\/uploads\/2021\/03\/logo-inverse-teams.png","width":294,"height":99,"caption":"Inverse Teams"},"image":{"@id":"https:\/\/www.inverseteams.com\/es\/#\/schema\/logo\/image\/"},"sameAs":["https:\/\/www.facebook.com\/inverseteams","http:\/\/instagram.com\/inverseteams","https:\/\/www.linkedin.com\/company\/inverse-cirosport-s-l-?trk=job_view_topcard_company_name","http:\/\/www.pinterest.com\/inverseteams\/","http:\/\/www.youtube.com\/user\/inverseteams?feature=watch"]}]}},"_links":{"self":[{"href":"https:\/\/www.inverseteams.com\/es\/wp-json\/wp\/v2\/product\/135201","targetHints":{"allow":["GET"]}}],"collection":[{"href":"https:\/\/www.inverseteams.com\/es\/wp-json\/wp\/v2\/product"}],"about":[{"href":"https:\/\/www.inverseteams.com\/es\/wp-json\/wp\/v2\/types\/product"}],"replies":[{"embeddable":true,"href":"https:\/\/www.inverseteams.com\/es\/wp-json\/wp\/v2\/comments?post=135201"}],"wp:featuredmedia":[{"embeddable":true,"href":"https:\/\/www.inverseteams.com\/es\/wp-json\/wp\/v2\/media\/170843"}],"wp:attachment":[{"href":"https:\/\/www.inverseteams.com\/es\/wp-json\/wp\/v2\/media?parent=135201"}],"wp:term":[{"taxonomy":"product_brand","embeddable":true,"href":"https:\/\/www.inverseteams.com\/es\/wp-json\/wp\/v2\/product_brand?post=135201"},{"taxonomy":"product_cat","embeddable":true,"href":"https:\/\/www.inverseteams.com\/es\/wp-json\/wp\/v2\/product_cat?post=135201"},{"taxonomy":"product_tag","embeddable":true,"href":"https:\/\/www.inverseteams.com\/es\/wp-json\/wp\/v2\/product_tag?post=135201"},{"taxonomy":"custom_category","embeddable":true,"href":"https:\/\/www.inverseteams.com\/es\/wp-json\/wp\/v2\/custom_category?post=135201"},{"taxonomy":"range","embeddable":true,"href":"https:\/\/www.inverseteams.com\/es\/wp-json\/wp\/v2\/range?post=135201"}],"curies":[{"name":"wp","href":"https:\/\/api.w.org\/{rel}","templated":true}]}}