{"id":135171,"date":"2023-07-20T10:16:15","date_gmt":"2023-07-20T10:16:15","guid":{"rendered":"https:\/\/www.inverseteams.com\/?post_type=product&#038;p=135171"},"modified":"2024-09-24T16:49:05","modified_gmt":"2024-09-24T16:49:05","slug":"culotte-largo-ciclista-pure-fenix-antracita","status":"publish","type":"product","link":"https:\/\/www.inverseteams.com\/es\/producto\/culotte-largo-ciclista-pure-fenix-antracita\/","title":{"rendered":"Culotte largo ciclista PURE GREX ANTRACITA"},"content":{"rendered":"<p>Extraordinario pantal\u00f3n de ciclismo de alta gama ideal para combatir el fr\u00edo y poder disfrutar del ciclismo durante el invierno. El tejido SUPERROUBAIX que lo compone retiene el calor corporal y mantiene la compresi\u00f3n muscular necesaria para retardar la fatiga. Su elasticidad te permitir\u00e1 una gran libertad de movimientos. Los paneles del pantal\u00f3n ciclista est\u00e1n dise\u00f1ados para que se adapten perfectamente a las diferentes posiciones del pedaleo. No notar\u00e1s ninguna molestia.<br \/>\nLos tirantes de espuma con refuerzo posterior distribuyen adecuadamente el peso para evitar lesiones y as\u00ed podr\u00e1s disfrutar del ciclismo durante horas.<br \/>\nAl final de las piernas tiene una banda el\u00e1stica con un grip de silicona hipoalerg\u00e9nica en su interior. \u00c9sta mantiene la prenda bien sujeta a la pierna. En la zona posterior tiene un detalle reflectante que aumentar\u00e1 tu seguridad ya que reflejar\u00e1 la luz de los veh\u00edculos.<br \/>\nEquipado con la badana ECOLOGICAL NICE de elastic interface compuesta de 3 densidades que se adaptar\u00e1 a tu anatom\u00eda y estilo de pedaleo.<\/p>\n","protected":false},"excerpt":{"rendered":"<p>Extraordinario pantal\u00f3n de ciclismo de alta gama ideal para combatir el fr\u00edo y poder disfrutar del ciclismo durante el invierno. El tejido SUPERROUBAIX que lo compone retiene el calor corporal y mantiene la compresi\u00f3n muscular necesaria para retardar la fatiga. Su elasticidad te permitir\u00e1 una gran libertad de movimientos. Los paneles del pantal\u00f3n ciclista est\u00e1n dise\u00f1ados para que se adapten perfectamente a las diferentes posiciones del pedaleo. No notar\u00e1s ninguna molestia.<br \/>\nLos tirantes de espuma con refuerzo posterior distribuyen adecuadamente el peso para evitar lesiones y as\u00ed podr\u00e1s disfrutar del ciclismo durante horas.<br \/>\nAl final de las piernas tiene una banda el\u00e1stica con un grip de silicona hipoalerg\u00e9nica en su interior. \u00c9sta mantiene la prenda bien sujeta a la pierna. En la zona posterior tiene un detalle reflectante que aumentar\u00e1 tu seguridad ya que reflejar\u00e1 la luz de los veh\u00edculos.<br \/>\nEquipado con la badana ECOLOGICAL NICE de elastic interface compuesta de 3 densidades que se adaptar\u00e1 a tu anatom\u00eda y estilo de pedaleo.<\/p>\n","protected":false},"featured_media":142501,"comment_status":"closed","ping_status":"closed","template":"","meta":{"_acf_changed":false},"product_brand":[],"product_cat":[2769,2775,7174],"product_tag":[],"custom_category":[],"range":[],"class_list":{"0":"post-135171","1":"product","2":"type-product","3":"status-publish","4":"has-post-thumbnail","6":"product_cat-culotte-ciclismo","7":"product_cat-pantalon-ciclismo","8":"product_cat-b2b","9":"pa_climatologia-frio","10":"pa_deporte-ciclismo","11":"pa_genero-hombre","12":"pa_genero-mujer","13":"pa_patronaje-fit","14":"pa_talla-s","15":"pa_talla-m","16":"pa_talla-l","17":"pa_talla-xl","18":"pa_talla-xxl","19":"pa_talla-xs","20":"pa_tipo-de-prenda-culotte-largo","22":"first","23":"outofstock","24":"taxable","25":"shipping-taxable","26":"purchasable","27":"product-type-variable","28":"has-default-attributes"},"acf":[],"yoast_head":"<!-- This site is optimized with the Yoast SEO plugin v27.3 - https:\/\/yoast.com\/product\/yoast-seo-wordpress\/ -->\n<title>Culotte largo ciclista PURE GREX ANTRACITA | Inverseteams<\/title>\n<meta name=\"description\" content=\"Extraordinario pantal\u00f3n de ciclismo de alta gama ideal para combatir el fr\u00edo y poder disfrutar del ciclismo durante el invierno. El tejido SUPERROUBAIX que lo compone retiene el calor corporal y mantiene la compresi\u00f3n muscular necesaria para retardar la fatiga. Su elasticidad te permitir\u00e1 una gran libertad de movimientos. Los paneles del pantal\u00f3n ciclista est\u00e1n dise\u00f1ados para que se adapten perfectamente a las diferentes posiciones del pedaleo. No notar\u00e1s ninguna molestia. Los tirantes de espuma con refuerzo posterior distribuyen adecuadamente el peso para evitar lesiones y as\u00ed podr\u00e1s disfrutar del ciclismo durante horas. Al final de las piernas tiene una banda el\u00e1stica con un grip de silicona hipoalerg\u00e9nica en su interior. \u00c9sta mantiene la prenda bien sujeta a la pierna. En la zona posterior tiene un detalle reflectante que aumentar\u00e1 tu seguridad ya que reflejar\u00e1 la luz de los veh\u00edculos. Equipado con la badana ECOLOGICAL NICE de elastic interface compuesta de 3 densidades que se adaptar\u00e1 a tu anatom\u00eda y estilo de pedaleo.\" \/>\n<meta name=\"robots\" content=\"index, follow, max-snippet:-1, max-image-preview:large, max-video-preview:-1\" \/>\n<link rel=\"canonical\" href=\"https:\/\/www.inverseteams.com\/es\/producto\/culotte-largo-ciclista-pure-fenix-antracita\/\" \/>\n<meta property=\"og:locale\" content=\"es_ES\" \/>\n<meta property=\"og:type\" content=\"article\" \/>\n<meta property=\"og:title\" content=\"Culotte largo ciclista PURE GREX ANTRACITA | Inverseteams\" \/>\n<meta property=\"og:description\" content=\"Extraordinario pantal\u00f3n de ciclismo de alta gama ideal para combatir el fr\u00edo y poder disfrutar del ciclismo durante el invierno. El tejido SUPERROUBAIX que lo compone retiene el calor corporal y mantiene la compresi\u00f3n muscular necesaria para retardar la fatiga. Su elasticidad te permitir\u00e1 una gran libertad de movimientos. Los paneles del pantal\u00f3n ciclista est\u00e1n dise\u00f1ados para que se adapten perfectamente a las diferentes posiciones del pedaleo. No notar\u00e1s ninguna molestia. Los tirantes de espuma con refuerzo posterior distribuyen adecuadamente el peso para evitar lesiones y as\u00ed podr\u00e1s disfrutar del ciclismo durante horas. Al final de las piernas tiene una banda el\u00e1stica con un grip de silicona hipoalerg\u00e9nica en su interior. \u00c9sta mantiene la prenda bien sujeta a la pierna. En la zona posterior tiene un detalle reflectante que aumentar\u00e1 tu seguridad ya que reflejar\u00e1 la luz de los veh\u00edculos. Equipado con la badana ECOLOGICAL NICE de elastic interface compuesta de 3 densidades que se adaptar\u00e1 a tu anatom\u00eda y estilo de pedaleo.\" \/>\n<meta property=\"og:url\" content=\"https:\/\/www.inverseteams.com\/es\/producto\/culotte-largo-ciclista-pure-fenix-antracita\/\" \/>\n<meta property=\"og:site_name\" content=\"Inverseteams\" \/>\n<meta property=\"article:publisher\" content=\"https:\/\/www.facebook.com\/inverseteams\" \/>\n<meta property=\"article:modified_time\" content=\"2024-09-24T16:49:05+00:00\" \/>\n<meta property=\"og:image\" content=\"https:\/\/www.inverseteams.com\/wp-content\/uploads\/CULOTTE-LARGO-CICLISMO-PURE-ANTRACITA-1.jpg\" \/>\n\t<meta property=\"og:image:width\" content=\"3000\" \/>\n\t<meta property=\"og:image:height\" content=\"3223\" \/>\n\t<meta property=\"og:image:type\" content=\"image\/jpeg\" \/>\n<meta name=\"twitter:card\" content=\"summary_large_image\" \/>\n<meta name=\"twitter:label1\" content=\"Tiempo de lectura\" \/>\n\t<meta name=\"twitter:data1\" content=\"1 minuto\" \/>\n<script type=\"application\/ld+json\" class=\"yoast-schema-graph\">{\"@context\":\"https:\\\/\\\/schema.org\",\"@graph\":[{\"@type\":\"WebPage\",\"@id\":\"https:\\\/\\\/www.inverseteams.com\\\/es\\\/producto\\\/culotte-largo-ciclista-pure-fenix-antracita\\\/\",\"url\":\"https:\\\/\\\/www.inverseteams.com\\\/es\\\/producto\\\/culotte-largo-ciclista-pure-fenix-antracita\\\/\",\"name\":\"Culotte largo ciclista PURE GREX ANTRACITA | Inverseteams\",\"isPartOf\":{\"@id\":\"https:\\\/\\\/www.inverseteams.com\\\/es\\\/#website\"},\"primaryImageOfPage\":{\"@id\":\"https:\\\/\\\/www.inverseteams.com\\\/es\\\/producto\\\/culotte-largo-ciclista-pure-fenix-antracita\\\/#primaryimage\"},\"image\":{\"@id\":\"https:\\\/\\\/www.inverseteams.com\\\/es\\\/producto\\\/culotte-largo-ciclista-pure-fenix-antracita\\\/#primaryimage\"},\"thumbnailUrl\":\"https:\\\/\\\/www.inverseteams.com\\\/wp-content\\\/uploads\\\/CULOTTE-LARGO-CICLISMO-PURE-ANTRACITA-1.jpg\",\"datePublished\":\"2023-07-20T10:16:15+00:00\",\"dateModified\":\"2024-09-24T16:49:05+00:00\",\"description\":\"Extraordinario pantal\u00f3n de ciclismo de alta gama ideal para combatir el fr\u00edo y poder disfrutar del ciclismo durante el invierno. El tejido SUPERROUBAIX que lo compone retiene el calor corporal y mantiene la compresi\u00f3n muscular necesaria para retardar la fatiga. Su elasticidad te permitir\u00e1 una gran libertad de movimientos. Los paneles del pantal\u00f3n ciclista est\u00e1n dise\u00f1ados para que se adapten perfectamente a las diferentes posiciones del pedaleo. No notar\u00e1s ninguna molestia. Los tirantes de espuma con refuerzo posterior distribuyen adecuadamente el peso para evitar lesiones y as\u00ed podr\u00e1s disfrutar del ciclismo durante horas. Al final de las piernas tiene una banda el\u00e1stica con un grip de silicona hipoalerg\u00e9nica en su interior. \u00c9sta mantiene la prenda bien sujeta a la pierna. En la zona posterior tiene un detalle reflectante que aumentar\u00e1 tu seguridad ya que reflejar\u00e1 la luz de los veh\u00edculos. Equipado con la badana ECOLOGICAL NICE de elastic interface compuesta de 3 densidades que se adaptar\u00e1 a tu anatom\u00eda y estilo de pedaleo.\",\"breadcrumb\":{\"@id\":\"https:\\\/\\\/www.inverseteams.com\\\/es\\\/producto\\\/culotte-largo-ciclista-pure-fenix-antracita\\\/#breadcrumb\"},\"inLanguage\":\"es\",\"potentialAction\":[{\"@type\":\"ReadAction\",\"target\":[\"https:\\\/\\\/www.inverseteams.com\\\/es\\\/producto\\\/culotte-largo-ciclista-pure-fenix-antracita\\\/\"]}]},{\"@type\":\"ImageObject\",\"inLanguage\":\"es\",\"@id\":\"https:\\\/\\\/www.inverseteams.com\\\/es\\\/producto\\\/culotte-largo-ciclista-pure-fenix-antracita\\\/#primaryimage\",\"url\":\"https:\\\/\\\/www.inverseteams.com\\\/wp-content\\\/uploads\\\/CULOTTE-LARGO-CICLISMO-PURE-ANTRACITA-1.jpg\",\"contentUrl\":\"https:\\\/\\\/www.inverseteams.com\\\/wp-content\\\/uploads\\\/CULOTTE-LARGO-CICLISMO-PURE-ANTRACITA-1.jpg\",\"width\":3000,\"height\":3223,\"caption\":\"culotte ciclista invierno antracita\"},{\"@type\":\"BreadcrumbList\",\"@id\":\"https:\\\/\\\/www.inverseteams.com\\\/es\\\/producto\\\/culotte-largo-ciclista-pure-fenix-antracita\\\/#breadcrumb\",\"itemListElement\":[{\"@type\":\"ListItem\",\"position\":1,\"name\":\"Portada\",\"item\":\"https:\\\/\\\/www.inverseteams.com\\\/es\\\/\"},{\"@type\":\"ListItem\",\"position\":2,\"name\":\"Tienda\",\"item\":\"https:\\\/\\\/www.inverseteams.com\\\/es\\\/tienda\\\/\"},{\"@type\":\"ListItem\",\"position\":3,\"name\":\"Culotte largo ciclista PURE GREX ANTRACITA\"}]},{\"@type\":\"WebSite\",\"@id\":\"https:\\\/\\\/www.inverseteams.com\\\/es\\\/#website\",\"url\":\"https:\\\/\\\/www.inverseteams.com\\\/es\\\/\",\"name\":\"Inverseteams\",\"description\":\"Tu marca de ropa deportiva personalizada\",\"publisher\":{\"@id\":\"https:\\\/\\\/www.inverseteams.com\\\/es\\\/#organization\"},\"potentialAction\":[{\"@type\":\"SearchAction\",\"target\":{\"@type\":\"EntryPoint\",\"urlTemplate\":\"https:\\\/\\\/www.inverseteams.com\\\/es\\\/?s={search_term_string}\"},\"query-input\":{\"@type\":\"PropertyValueSpecification\",\"valueRequired\":true,\"valueName\":\"search_term_string\"}}],\"inLanguage\":\"es\"},{\"@type\":\"Organization\",\"@id\":\"https:\\\/\\\/www.inverseteams.com\\\/es\\\/#organization\",\"name\":\"Inverse Teams\",\"url\":\"https:\\\/\\\/www.inverseteams.com\\\/es\\\/\",\"logo\":{\"@type\":\"ImageObject\",\"inLanguage\":\"es\",\"@id\":\"https:\\\/\\\/www.inverseteams.com\\\/es\\\/#\\\/schema\\\/logo\\\/image\\\/\",\"url\":\"http:\\\/\\\/www.inverseteams.com\\\/wp-content\\\/uploads\\\/2021\\\/03\\\/logo-inverse-teams.png\",\"contentUrl\":\"http:\\\/\\\/www.inverseteams.com\\\/wp-content\\\/uploads\\\/2021\\\/03\\\/logo-inverse-teams.png\",\"width\":294,\"height\":99,\"caption\":\"Inverse Teams\"},\"image\":{\"@id\":\"https:\\\/\\\/www.inverseteams.com\\\/es\\\/#\\\/schema\\\/logo\\\/image\\\/\"},\"sameAs\":[\"https:\\\/\\\/www.facebook.com\\\/inverseteams\",\"http:\\\/\\\/instagram.com\\\/inverseteams\",\"https:\\\/\\\/www.linkedin.com\\\/company\\\/inverse-cirosport-s-l-?trk=job_view_topcard_company_name\",\"http:\\\/\\\/www.pinterest.com\\\/inverseteams\\\/\",\"http:\\\/\\\/www.youtube.com\\\/user\\\/inverseteams?feature=watch\"]}]}<\/script>\n<!-- \/ Yoast SEO plugin. -->","yoast_head_json":{"title":"Culotte largo ciclista PURE GREX ANTRACITA | Inverseteams","description":"Extraordinario pantal\u00f3n de ciclismo de alta gama ideal para combatir el fr\u00edo y poder disfrutar del ciclismo durante el invierno. El tejido SUPERROUBAIX que lo compone retiene el calor corporal y mantiene la compresi\u00f3n muscular necesaria para retardar la fatiga. Su elasticidad te permitir\u00e1 una gran libertad de movimientos. Los paneles del pantal\u00f3n ciclista est\u00e1n dise\u00f1ados para que se adapten perfectamente a las diferentes posiciones del pedaleo. No notar\u00e1s ninguna molestia. Los tirantes de espuma con refuerzo posterior distribuyen adecuadamente el peso para evitar lesiones y as\u00ed podr\u00e1s disfrutar del ciclismo durante horas. Al final de las piernas tiene una banda el\u00e1stica con un grip de silicona hipoalerg\u00e9nica en su interior. \u00c9sta mantiene la prenda bien sujeta a la pierna. En la zona posterior tiene un detalle reflectante que aumentar\u00e1 tu seguridad ya que reflejar\u00e1 la luz de los veh\u00edculos. Equipado con la badana ECOLOGICAL NICE de elastic interface compuesta de 3 densidades que se adaptar\u00e1 a tu anatom\u00eda y estilo de pedaleo.","robots":{"index":"index","follow":"follow","max-snippet":"max-snippet:-1","max-image-preview":"max-image-preview:large","max-video-preview":"max-video-preview:-1"},"canonical":"https:\/\/www.inverseteams.com\/es\/producto\/culotte-largo-ciclista-pure-fenix-antracita\/","og_locale":"es_ES","og_type":"article","og_title":"Culotte largo ciclista PURE GREX ANTRACITA | Inverseteams","og_description":"Extraordinario pantal\u00f3n de ciclismo de alta gama ideal para combatir el fr\u00edo y poder disfrutar del ciclismo durante el invierno. El tejido SUPERROUBAIX que lo compone retiene el calor corporal y mantiene la compresi\u00f3n muscular necesaria para retardar la fatiga. Su elasticidad te permitir\u00e1 una gran libertad de movimientos. Los paneles del pantal\u00f3n ciclista est\u00e1n dise\u00f1ados para que se adapten perfectamente a las diferentes posiciones del pedaleo. No notar\u00e1s ninguna molestia. Los tirantes de espuma con refuerzo posterior distribuyen adecuadamente el peso para evitar lesiones y as\u00ed podr\u00e1s disfrutar del ciclismo durante horas. Al final de las piernas tiene una banda el\u00e1stica con un grip de silicona hipoalerg\u00e9nica en su interior. \u00c9sta mantiene la prenda bien sujeta a la pierna. En la zona posterior tiene un detalle reflectante que aumentar\u00e1 tu seguridad ya que reflejar\u00e1 la luz de los veh\u00edculos. Equipado con la badana ECOLOGICAL NICE de elastic interface compuesta de 3 densidades que se adaptar\u00e1 a tu anatom\u00eda y estilo de pedaleo.","og_url":"https:\/\/www.inverseteams.com\/es\/producto\/culotte-largo-ciclista-pure-fenix-antracita\/","og_site_name":"Inverseteams","article_publisher":"https:\/\/www.facebook.com\/inverseteams","article_modified_time":"2024-09-24T16:49:05+00:00","og_image":[{"width":3000,"height":3223,"url":"https:\/\/www.inverseteams.com\/wp-content\/uploads\/CULOTTE-LARGO-CICLISMO-PURE-ANTRACITA-1.jpg","type":"image\/jpeg"}],"twitter_card":"summary_large_image","twitter_misc":{"Tiempo de lectura":"1 minuto"},"schema":{"@context":"https:\/\/schema.org","@graph":[{"@type":"WebPage","@id":"https:\/\/www.inverseteams.com\/es\/producto\/culotte-largo-ciclista-pure-fenix-antracita\/","url":"https:\/\/www.inverseteams.com\/es\/producto\/culotte-largo-ciclista-pure-fenix-antracita\/","name":"Culotte largo ciclista PURE GREX ANTRACITA | Inverseteams","isPartOf":{"@id":"https:\/\/www.inverseteams.com\/es\/#website"},"primaryImageOfPage":{"@id":"https:\/\/www.inverseteams.com\/es\/producto\/culotte-largo-ciclista-pure-fenix-antracita\/#primaryimage"},"image":{"@id":"https:\/\/www.inverseteams.com\/es\/producto\/culotte-largo-ciclista-pure-fenix-antracita\/#primaryimage"},"thumbnailUrl":"https:\/\/www.inverseteams.com\/wp-content\/uploads\/CULOTTE-LARGO-CICLISMO-PURE-ANTRACITA-1.jpg","datePublished":"2023-07-20T10:16:15+00:00","dateModified":"2024-09-24T16:49:05+00:00","description":"Extraordinario pantal\u00f3n de ciclismo de alta gama ideal para combatir el fr\u00edo y poder disfrutar del ciclismo durante el invierno. El tejido SUPERROUBAIX que lo compone retiene el calor corporal y mantiene la compresi\u00f3n muscular necesaria para retardar la fatiga. Su elasticidad te permitir\u00e1 una gran libertad de movimientos. Los paneles del pantal\u00f3n ciclista est\u00e1n dise\u00f1ados para que se adapten perfectamente a las diferentes posiciones del pedaleo. No notar\u00e1s ninguna molestia. Los tirantes de espuma con refuerzo posterior distribuyen adecuadamente el peso para evitar lesiones y as\u00ed podr\u00e1s disfrutar del ciclismo durante horas. Al final de las piernas tiene una banda el\u00e1stica con un grip de silicona hipoalerg\u00e9nica en su interior. \u00c9sta mantiene la prenda bien sujeta a la pierna. En la zona posterior tiene un detalle reflectante que aumentar\u00e1 tu seguridad ya que reflejar\u00e1 la luz de los veh\u00edculos. Equipado con la badana ECOLOGICAL NICE de elastic interface compuesta de 3 densidades que se adaptar\u00e1 a tu anatom\u00eda y estilo de pedaleo.","breadcrumb":{"@id":"https:\/\/www.inverseteams.com\/es\/producto\/culotte-largo-ciclista-pure-fenix-antracita\/#breadcrumb"},"inLanguage":"es","potentialAction":[{"@type":"ReadAction","target":["https:\/\/www.inverseteams.com\/es\/producto\/culotte-largo-ciclista-pure-fenix-antracita\/"]}]},{"@type":"ImageObject","inLanguage":"es","@id":"https:\/\/www.inverseteams.com\/es\/producto\/culotte-largo-ciclista-pure-fenix-antracita\/#primaryimage","url":"https:\/\/www.inverseteams.com\/wp-content\/uploads\/CULOTTE-LARGO-CICLISMO-PURE-ANTRACITA-1.jpg","contentUrl":"https:\/\/www.inverseteams.com\/wp-content\/uploads\/CULOTTE-LARGO-CICLISMO-PURE-ANTRACITA-1.jpg","width":3000,"height":3223,"caption":"culotte ciclista invierno antracita"},{"@type":"BreadcrumbList","@id":"https:\/\/www.inverseteams.com\/es\/producto\/culotte-largo-ciclista-pure-fenix-antracita\/#breadcrumb","itemListElement":[{"@type":"ListItem","position":1,"name":"Portada","item":"https:\/\/www.inverseteams.com\/es\/"},{"@type":"ListItem","position":2,"name":"Tienda","item":"https:\/\/www.inverseteams.com\/es\/tienda\/"},{"@type":"ListItem","position":3,"name":"Culotte largo ciclista PURE GREX ANTRACITA"}]},{"@type":"WebSite","@id":"https:\/\/www.inverseteams.com\/es\/#website","url":"https:\/\/www.inverseteams.com\/es\/","name":"Inverseteams","description":"Tu marca de ropa deportiva personalizada","publisher":{"@id":"https:\/\/www.inverseteams.com\/es\/#organization"},"potentialAction":[{"@type":"SearchAction","target":{"@type":"EntryPoint","urlTemplate":"https:\/\/www.inverseteams.com\/es\/?s={search_term_string}"},"query-input":{"@type":"PropertyValueSpecification","valueRequired":true,"valueName":"search_term_string"}}],"inLanguage":"es"},{"@type":"Organization","@id":"https:\/\/www.inverseteams.com\/es\/#organization","name":"Inverse Teams","url":"https:\/\/www.inverseteams.com\/es\/","logo":{"@type":"ImageObject","inLanguage":"es","@id":"https:\/\/www.inverseteams.com\/es\/#\/schema\/logo\/image\/","url":"https:\/\/www.inverseteams.com\/wp-content\/uploads\/2021\/03\/logo-inverse-teams.png","contentUrl":"https:\/\/www.inverseteams.com\/wp-content\/uploads\/2021\/03\/logo-inverse-teams.png","width":294,"height":99,"caption":"Inverse Teams"},"image":{"@id":"https:\/\/www.inverseteams.com\/es\/#\/schema\/logo\/image\/"},"sameAs":["https:\/\/www.facebook.com\/inverseteams","http:\/\/instagram.com\/inverseteams","https:\/\/www.linkedin.com\/company\/inverse-cirosport-s-l-?trk=job_view_topcard_company_name","http:\/\/www.pinterest.com\/inverseteams\/","http:\/\/www.youtube.com\/user\/inverseteams?feature=watch"]}]}},"_links":{"self":[{"href":"https:\/\/www.inverseteams.com\/es\/wp-json\/wp\/v2\/product\/135171","targetHints":{"allow":["GET"]}}],"collection":[{"href":"https:\/\/www.inverseteams.com\/es\/wp-json\/wp\/v2\/product"}],"about":[{"href":"https:\/\/www.inverseteams.com\/es\/wp-json\/wp\/v2\/types\/product"}],"replies":[{"embeddable":true,"href":"https:\/\/www.inverseteams.com\/es\/wp-json\/wp\/v2\/comments?post=135171"}],"wp:featuredmedia":[{"embeddable":true,"href":"https:\/\/www.inverseteams.com\/es\/wp-json\/wp\/v2\/media\/142501"}],"wp:attachment":[{"href":"https:\/\/www.inverseteams.com\/es\/wp-json\/wp\/v2\/media?parent=135171"}],"wp:term":[{"taxonomy":"product_brand","embeddable":true,"href":"https:\/\/www.inverseteams.com\/es\/wp-json\/wp\/v2\/product_brand?post=135171"},{"taxonomy":"product_cat","embeddable":true,"href":"https:\/\/www.inverseteams.com\/es\/wp-json\/wp\/v2\/product_cat?post=135171"},{"taxonomy":"product_tag","embeddable":true,"href":"https:\/\/www.inverseteams.com\/es\/wp-json\/wp\/v2\/product_tag?post=135171"},{"taxonomy":"custom_category","embeddable":true,"href":"https:\/\/www.inverseteams.com\/es\/wp-json\/wp\/v2\/custom_category?post=135171"},{"taxonomy":"range","embeddable":true,"href":"https:\/\/www.inverseteams.com\/es\/wp-json\/wp\/v2\/range?post=135171"}],"curies":[{"name":"wp","href":"https:\/\/api.w.org\/{rel}","templated":true}]}}