{"id":135027,"date":"2023-07-20T10:01:29","date_gmt":"2023-07-20T10:01:29","guid":{"rendered":"https:\/\/www.inverseteams.com\/?post_type=product&#038;p=135027"},"modified":"2025-07-17T15:02:12","modified_gmt":"2025-07-17T15:02:12","slug":"maillot-ciclista-manga-larga-slim-slate-hombre","status":"publish","type":"product","link":"https:\/\/www.inverseteams.com\/es\/producto\/maillot-ciclista-manga-larga-slim-slate-hombre\/","title":{"rendered":"Maillot ciclista manga larga SUBLIM SLIM SLATE (HOMBRE)"},"content":{"rendered":"<p>Como novedad respecto a ediciones anteriores, tiene una banda el\u00e1stica en los pu\u00f1os y en la cintura para mantener el maillot ciclista bien ajustado al cuerpo.<br \/>\nEl tejido interior es suave y agradable. Aporta sensaci\u00f3n t\u00e9rmica y de calidez en los d\u00edas de m\u00e1s bajas temperaturas. Se combina con un tejido m\u00e1s transpirable en los paneles laterales y en la espalda que evita que el sudor se acumule. Tendr\u00e1s una sensaci\u00f3n de confort total.<br \/>\nLas mangas montadas estan cosidas con costuras planas para evitar rozaduras. El cuello est\u00e1 fabricado con un tejido suave y transpirable y en el interior tiene una cinta plana antiroces. En la zona lumbar incorpora 3 bolsillos con el nuevo sistema de Seguridad ISP \u2013 Inverse Safe Pocket \u2013 donde podr\u00e1s guardar cualquier objeto sin miedo a perderlo. Tambi\u00e9n tiene varios detalles reflectantes para aumentar tu seguridad en la carretera.<\/p>\n","protected":false},"excerpt":{"rendered":"<p>Como novedad respecto a ediciones anteriores, tiene una banda el\u00e1stica en los pu\u00f1os y en la cintura para mantener el maillot ciclista bien ajustado al cuerpo.<br \/>\nEl tejido interior es suave y agradable. Aporta sensaci\u00f3n t\u00e9rmica y de calidez en los d\u00edas de m\u00e1s bajas temperaturas. Se combina con un tejido m\u00e1s transpirable en los paneles laterales y en la espalda que evita que el sudor se acumule. Tendr\u00e1s una sensaci\u00f3n de confort total.<br \/>\nLas mangas montadas estan cosidas con costuras planas para evitar rozaduras. El cuello est\u00e1 fabricado con un tejido suave y transpirable y en el interior tiene una cinta plana antiroces. En la zona lumbar incorpora 3 bolsillos con el nuevo sistema de Seguridad ISP \u2013 Inverse Safe Pocket \u2013 donde podr\u00e1s guardar cualquier objeto sin miedo a perderlo. Tambi\u00e9n tiene varios detalles reflectantes para aumentar tu seguridad en la carretera.<\/p>\n","protected":false},"featured_media":142774,"comment_status":"closed","ping_status":"closed","template":"","meta":{"_acf_changed":false},"product_brand":[],"product_cat":[1193,2829,1085,7174],"product_tag":[],"custom_category":[],"range":[],"class_list":{"0":"post-135027","1":"product","2":"type-product","3":"status-publish","4":"has-post-thumbnail","6":"product_cat-ciclismo-outlet","7":"product_cat-maillot-ciclista-ciclismo-outlet","8":"product_cat-outlet","9":"product_cat-b2b","10":"pa_climatologia-frio","11":"pa_deporte-ciclismo","12":"pa_genero-hombre","13":"pa_patronaje-fit","14":"pa_talla-xxl","15":"pa_talla-s","16":"pa_talla-m","17":"pa_talla-l","18":"pa_talla-xl","19":"pa_tipo-de-prenda-maillot-manga-larga","21":"first","22":"outofstock","23":"sale","24":"taxable","25":"shipping-taxable","26":"purchasable","27":"product-type-variable","28":"has-default-attributes"},"acf":[],"yoast_head":"<!-- This site is optimized with the Yoast SEO plugin v27.3 - https:\/\/yoast.com\/product\/yoast-seo-wordpress\/ -->\n<title>Maillot ciclista manga larga SUBLIM SLIM SLATE (HOMBRE) | Inverseteams<\/title>\n<meta name=\"description\" content=\"Como novedad respecto a ediciones anteriores, tiene una banda el\u00e1stica en los pu\u00f1os y en la cintura para mantener el maillot ciclista bien ajustado al cuerpo. El tejido interior es suave y agradable. Aporta sensaci\u00f3n t\u00e9rmica y de calidez en los d\u00edas de m\u00e1s bajas temperaturas. Se combina con un tejido m\u00e1s transpirable en los paneles laterales y en la espalda que evita que el sudor se acumule. Tendr\u00e1s una sensaci\u00f3n de confort total. Las mangas montadas estan cosidas con costuras planas para evitar rozaduras. El cuello est\u00e1 fabricado con un tejido suave y transpirable y en el interior tiene una cinta plana antiroces. En la zona lumbar incorpora 3 bolsillos con el nuevo sistema de Seguridad ISP \u2013 Inverse Safe Pocket \u2013 donde podr\u00e1s guardar cualquier objeto sin miedo a perderlo. Tambi\u00e9n tiene varios detalles reflectantes para aumentar tu seguridad en la carretera.\" \/>\n<meta name=\"robots\" content=\"index, follow, max-snippet:-1, max-image-preview:large, max-video-preview:-1\" \/>\n<link rel=\"canonical\" href=\"https:\/\/www.inverseteams.com\/es\/producto\/maillot-ciclista-manga-larga-slim-slate-hombre\/\" \/>\n<meta property=\"og:locale\" content=\"es_ES\" \/>\n<meta property=\"og:type\" content=\"article\" \/>\n<meta property=\"og:title\" content=\"Maillot ciclista manga larga SUBLIM SLIM SLATE (HOMBRE) | Inverseteams\" \/>\n<meta property=\"og:description\" content=\"Como novedad respecto a ediciones anteriores, tiene una banda el\u00e1stica en los pu\u00f1os y en la cintura para mantener el maillot ciclista bien ajustado al cuerpo. El tejido interior es suave y agradable. Aporta sensaci\u00f3n t\u00e9rmica y de calidez en los d\u00edas de m\u00e1s bajas temperaturas. Se combina con un tejido m\u00e1s transpirable en los paneles laterales y en la espalda que evita que el sudor se acumule. Tendr\u00e1s una sensaci\u00f3n de confort total. Las mangas montadas estan cosidas con costuras planas para evitar rozaduras. El cuello est\u00e1 fabricado con un tejido suave y transpirable y en el interior tiene una cinta plana antiroces. En la zona lumbar incorpora 3 bolsillos con el nuevo sistema de Seguridad ISP \u2013 Inverse Safe Pocket \u2013 donde podr\u00e1s guardar cualquier objeto sin miedo a perderlo. Tambi\u00e9n tiene varios detalles reflectantes para aumentar tu seguridad en la carretera.\" \/>\n<meta property=\"og:url\" content=\"https:\/\/www.inverseteams.com\/es\/producto\/maillot-ciclista-manga-larga-slim-slate-hombre\/\" \/>\n<meta property=\"og:site_name\" content=\"Inverseteams\" \/>\n<meta property=\"article:publisher\" content=\"https:\/\/www.facebook.com\/inverseteams\" \/>\n<meta property=\"article:modified_time\" content=\"2025-07-17T15:02:12+00:00\" \/>\n<meta property=\"og:image\" content=\"https:\/\/www.inverseteams.com\/wp-content\/uploads\/MAILLOT-CICLISTA-ML-SLIM-SLATE-1-1.jpg\" \/>\n\t<meta property=\"og:image:width\" content=\"3000\" \/>\n\t<meta property=\"og:image:height\" content=\"3223\" \/>\n\t<meta property=\"og:image:type\" content=\"image\/jpeg\" \/>\n<meta name=\"twitter:card\" content=\"summary_large_image\" \/>\n<meta name=\"twitter:label1\" content=\"Tiempo de lectura\" \/>\n\t<meta name=\"twitter:data1\" content=\"1 minuto\" \/>\n<script type=\"application\/ld+json\" class=\"yoast-schema-graph\">{\"@context\":\"https:\\\/\\\/schema.org\",\"@graph\":[{\"@type\":\"WebPage\",\"@id\":\"https:\\\/\\\/www.inverseteams.com\\\/es\\\/producto\\\/maillot-ciclista-manga-larga-slim-slate-hombre\\\/\",\"url\":\"https:\\\/\\\/www.inverseteams.com\\\/es\\\/producto\\\/maillot-ciclista-manga-larga-slim-slate-hombre\\\/\",\"name\":\"Maillot ciclista manga larga SUBLIM SLIM SLATE (HOMBRE) | Inverseteams\",\"isPartOf\":{\"@id\":\"https:\\\/\\\/www.inverseteams.com\\\/es\\\/#website\"},\"primaryImageOfPage\":{\"@id\":\"https:\\\/\\\/www.inverseteams.com\\\/es\\\/producto\\\/maillot-ciclista-manga-larga-slim-slate-hombre\\\/#primaryimage\"},\"image\":{\"@id\":\"https:\\\/\\\/www.inverseteams.com\\\/es\\\/producto\\\/maillot-ciclista-manga-larga-slim-slate-hombre\\\/#primaryimage\"},\"thumbnailUrl\":\"https:\\\/\\\/www.inverseteams.com\\\/wp-content\\\/uploads\\\/MAILLOT-CICLISTA-ML-SLIM-SLATE-1-1.jpg\",\"datePublished\":\"2023-07-20T10:01:29+00:00\",\"dateModified\":\"2025-07-17T15:02:12+00:00\",\"description\":\"Como novedad respecto a ediciones anteriores, tiene una banda el\u00e1stica en los pu\u00f1os y en la cintura para mantener el maillot ciclista bien ajustado al cuerpo. El tejido interior es suave y agradable. Aporta sensaci\u00f3n t\u00e9rmica y de calidez en los d\u00edas de m\u00e1s bajas temperaturas. Se combina con un tejido m\u00e1s transpirable en los paneles laterales y en la espalda que evita que el sudor se acumule. Tendr\u00e1s una sensaci\u00f3n de confort total. Las mangas montadas estan cosidas con costuras planas para evitar rozaduras. El cuello est\u00e1 fabricado con un tejido suave y transpirable y en el interior tiene una cinta plana antiroces. En la zona lumbar incorpora 3 bolsillos con el nuevo sistema de Seguridad ISP \u2013 Inverse Safe Pocket \u2013 donde podr\u00e1s guardar cualquier objeto sin miedo a perderlo. Tambi\u00e9n tiene varios detalles reflectantes para aumentar tu seguridad en la carretera.\",\"breadcrumb\":{\"@id\":\"https:\\\/\\\/www.inverseteams.com\\\/es\\\/producto\\\/maillot-ciclista-manga-larga-slim-slate-hombre\\\/#breadcrumb\"},\"inLanguage\":\"es\",\"potentialAction\":[{\"@type\":\"ReadAction\",\"target\":[\"https:\\\/\\\/www.inverseteams.com\\\/es\\\/producto\\\/maillot-ciclista-manga-larga-slim-slate-hombre\\\/\"]}]},{\"@type\":\"ImageObject\",\"inLanguage\":\"es\",\"@id\":\"https:\\\/\\\/www.inverseteams.com\\\/es\\\/producto\\\/maillot-ciclista-manga-larga-slim-slate-hombre\\\/#primaryimage\",\"url\":\"https:\\\/\\\/www.inverseteams.com\\\/wp-content\\\/uploads\\\/MAILLOT-CICLISTA-ML-SLIM-SLATE-1-1.jpg\",\"contentUrl\":\"https:\\\/\\\/www.inverseteams.com\\\/wp-content\\\/uploads\\\/MAILLOT-CICLISTA-ML-SLIM-SLATE-1-1.jpg\",\"width\":3000,\"height\":3223,\"caption\":\"MAILLOT CICLISMO MANGA LARGA INVERSE\"},{\"@type\":\"BreadcrumbList\",\"@id\":\"https:\\\/\\\/www.inverseteams.com\\\/es\\\/producto\\\/maillot-ciclista-manga-larga-slim-slate-hombre\\\/#breadcrumb\",\"itemListElement\":[{\"@type\":\"ListItem\",\"position\":1,\"name\":\"Portada\",\"item\":\"https:\\\/\\\/www.inverseteams.com\\\/es\\\/\"},{\"@type\":\"ListItem\",\"position\":2,\"name\":\"Tienda\",\"item\":\"https:\\\/\\\/www.inverseteams.com\\\/es\\\/tienda\\\/\"},{\"@type\":\"ListItem\",\"position\":3,\"name\":\"Maillot ciclista manga larga SUBLIM SLIM SLATE (HOMBRE)\"}]},{\"@type\":\"WebSite\",\"@id\":\"https:\\\/\\\/www.inverseteams.com\\\/es\\\/#website\",\"url\":\"https:\\\/\\\/www.inverseteams.com\\\/es\\\/\",\"name\":\"Inverseteams\",\"description\":\"Tu marca de ropa deportiva personalizada\",\"publisher\":{\"@id\":\"https:\\\/\\\/www.inverseteams.com\\\/es\\\/#organization\"},\"potentialAction\":[{\"@type\":\"SearchAction\",\"target\":{\"@type\":\"EntryPoint\",\"urlTemplate\":\"https:\\\/\\\/www.inverseteams.com\\\/es\\\/?s={search_term_string}\"},\"query-input\":{\"@type\":\"PropertyValueSpecification\",\"valueRequired\":true,\"valueName\":\"search_term_string\"}}],\"inLanguage\":\"es\"},{\"@type\":\"Organization\",\"@id\":\"https:\\\/\\\/www.inverseteams.com\\\/es\\\/#organization\",\"name\":\"Inverse Teams\",\"url\":\"https:\\\/\\\/www.inverseteams.com\\\/es\\\/\",\"logo\":{\"@type\":\"ImageObject\",\"inLanguage\":\"es\",\"@id\":\"https:\\\/\\\/www.inverseteams.com\\\/es\\\/#\\\/schema\\\/logo\\\/image\\\/\",\"url\":\"http:\\\/\\\/www.inverseteams.com\\\/wp-content\\\/uploads\\\/2021\\\/03\\\/logo-inverse-teams.png\",\"contentUrl\":\"http:\\\/\\\/www.inverseteams.com\\\/wp-content\\\/uploads\\\/2021\\\/03\\\/logo-inverse-teams.png\",\"width\":294,\"height\":99,\"caption\":\"Inverse Teams\"},\"image\":{\"@id\":\"https:\\\/\\\/www.inverseteams.com\\\/es\\\/#\\\/schema\\\/logo\\\/image\\\/\"},\"sameAs\":[\"https:\\\/\\\/www.facebook.com\\\/inverseteams\",\"http:\\\/\\\/instagram.com\\\/inverseteams\",\"https:\\\/\\\/www.linkedin.com\\\/company\\\/inverse-cirosport-s-l-?trk=job_view_topcard_company_name\",\"http:\\\/\\\/www.pinterest.com\\\/inverseteams\\\/\",\"http:\\\/\\\/www.youtube.com\\\/user\\\/inverseteams?feature=watch\"]}]}<\/script>\n<!-- \/ Yoast SEO plugin. -->","yoast_head_json":{"title":"Maillot ciclista manga larga SUBLIM SLIM SLATE (HOMBRE) | Inverseteams","description":"Como novedad respecto a ediciones anteriores, tiene una banda el\u00e1stica en los pu\u00f1os y en la cintura para mantener el maillot ciclista bien ajustado al cuerpo. El tejido interior es suave y agradable. Aporta sensaci\u00f3n t\u00e9rmica y de calidez en los d\u00edas de m\u00e1s bajas temperaturas. Se combina con un tejido m\u00e1s transpirable en los paneles laterales y en la espalda que evita que el sudor se acumule. Tendr\u00e1s una sensaci\u00f3n de confort total. Las mangas montadas estan cosidas con costuras planas para evitar rozaduras. El cuello est\u00e1 fabricado con un tejido suave y transpirable y en el interior tiene una cinta plana antiroces. En la zona lumbar incorpora 3 bolsillos con el nuevo sistema de Seguridad ISP \u2013 Inverse Safe Pocket \u2013 donde podr\u00e1s guardar cualquier objeto sin miedo a perderlo. Tambi\u00e9n tiene varios detalles reflectantes para aumentar tu seguridad en la carretera.","robots":{"index":"index","follow":"follow","max-snippet":"max-snippet:-1","max-image-preview":"max-image-preview:large","max-video-preview":"max-video-preview:-1"},"canonical":"https:\/\/www.inverseteams.com\/es\/producto\/maillot-ciclista-manga-larga-slim-slate-hombre\/","og_locale":"es_ES","og_type":"article","og_title":"Maillot ciclista manga larga SUBLIM SLIM SLATE (HOMBRE) | Inverseteams","og_description":"Como novedad respecto a ediciones anteriores, tiene una banda el\u00e1stica en los pu\u00f1os y en la cintura para mantener el maillot ciclista bien ajustado al cuerpo. El tejido interior es suave y agradable. Aporta sensaci\u00f3n t\u00e9rmica y de calidez en los d\u00edas de m\u00e1s bajas temperaturas. Se combina con un tejido m\u00e1s transpirable en los paneles laterales y en la espalda que evita que el sudor se acumule. Tendr\u00e1s una sensaci\u00f3n de confort total. Las mangas montadas estan cosidas con costuras planas para evitar rozaduras. El cuello est\u00e1 fabricado con un tejido suave y transpirable y en el interior tiene una cinta plana antiroces. En la zona lumbar incorpora 3 bolsillos con el nuevo sistema de Seguridad ISP \u2013 Inverse Safe Pocket \u2013 donde podr\u00e1s guardar cualquier objeto sin miedo a perderlo. Tambi\u00e9n tiene varios detalles reflectantes para aumentar tu seguridad en la carretera.","og_url":"https:\/\/www.inverseteams.com\/es\/producto\/maillot-ciclista-manga-larga-slim-slate-hombre\/","og_site_name":"Inverseteams","article_publisher":"https:\/\/www.facebook.com\/inverseteams","article_modified_time":"2025-07-17T15:02:12+00:00","og_image":[{"width":3000,"height":3223,"url":"https:\/\/www.inverseteams.com\/wp-content\/uploads\/MAILLOT-CICLISTA-ML-SLIM-SLATE-1-1.jpg","type":"image\/jpeg"}],"twitter_card":"summary_large_image","twitter_misc":{"Tiempo de lectura":"1 minuto"},"schema":{"@context":"https:\/\/schema.org","@graph":[{"@type":"WebPage","@id":"https:\/\/www.inverseteams.com\/es\/producto\/maillot-ciclista-manga-larga-slim-slate-hombre\/","url":"https:\/\/www.inverseteams.com\/es\/producto\/maillot-ciclista-manga-larga-slim-slate-hombre\/","name":"Maillot ciclista manga larga SUBLIM SLIM SLATE (HOMBRE) | Inverseteams","isPartOf":{"@id":"https:\/\/www.inverseteams.com\/es\/#website"},"primaryImageOfPage":{"@id":"https:\/\/www.inverseteams.com\/es\/producto\/maillot-ciclista-manga-larga-slim-slate-hombre\/#primaryimage"},"image":{"@id":"https:\/\/www.inverseteams.com\/es\/producto\/maillot-ciclista-manga-larga-slim-slate-hombre\/#primaryimage"},"thumbnailUrl":"https:\/\/www.inverseteams.com\/wp-content\/uploads\/MAILLOT-CICLISTA-ML-SLIM-SLATE-1-1.jpg","datePublished":"2023-07-20T10:01:29+00:00","dateModified":"2025-07-17T15:02:12+00:00","description":"Como novedad respecto a ediciones anteriores, tiene una banda el\u00e1stica en los pu\u00f1os y en la cintura para mantener el maillot ciclista bien ajustado al cuerpo. El tejido interior es suave y agradable. Aporta sensaci\u00f3n t\u00e9rmica y de calidez en los d\u00edas de m\u00e1s bajas temperaturas. Se combina con un tejido m\u00e1s transpirable en los paneles laterales y en la espalda que evita que el sudor se acumule. Tendr\u00e1s una sensaci\u00f3n de confort total. Las mangas montadas estan cosidas con costuras planas para evitar rozaduras. El cuello est\u00e1 fabricado con un tejido suave y transpirable y en el interior tiene una cinta plana antiroces. En la zona lumbar incorpora 3 bolsillos con el nuevo sistema de Seguridad ISP \u2013 Inverse Safe Pocket \u2013 donde podr\u00e1s guardar cualquier objeto sin miedo a perderlo. Tambi\u00e9n tiene varios detalles reflectantes para aumentar tu seguridad en la carretera.","breadcrumb":{"@id":"https:\/\/www.inverseteams.com\/es\/producto\/maillot-ciclista-manga-larga-slim-slate-hombre\/#breadcrumb"},"inLanguage":"es","potentialAction":[{"@type":"ReadAction","target":["https:\/\/www.inverseteams.com\/es\/producto\/maillot-ciclista-manga-larga-slim-slate-hombre\/"]}]},{"@type":"ImageObject","inLanguage":"es","@id":"https:\/\/www.inverseteams.com\/es\/producto\/maillot-ciclista-manga-larga-slim-slate-hombre\/#primaryimage","url":"https:\/\/www.inverseteams.com\/wp-content\/uploads\/MAILLOT-CICLISTA-ML-SLIM-SLATE-1-1.jpg","contentUrl":"https:\/\/www.inverseteams.com\/wp-content\/uploads\/MAILLOT-CICLISTA-ML-SLIM-SLATE-1-1.jpg","width":3000,"height":3223,"caption":"MAILLOT CICLISMO MANGA LARGA INVERSE"},{"@type":"BreadcrumbList","@id":"https:\/\/www.inverseteams.com\/es\/producto\/maillot-ciclista-manga-larga-slim-slate-hombre\/#breadcrumb","itemListElement":[{"@type":"ListItem","position":1,"name":"Portada","item":"https:\/\/www.inverseteams.com\/es\/"},{"@type":"ListItem","position":2,"name":"Tienda","item":"https:\/\/www.inverseteams.com\/es\/tienda\/"},{"@type":"ListItem","position":3,"name":"Maillot ciclista manga larga SUBLIM SLIM SLATE (HOMBRE)"}]},{"@type":"WebSite","@id":"https:\/\/www.inverseteams.com\/es\/#website","url":"https:\/\/www.inverseteams.com\/es\/","name":"Inverseteams","description":"Tu marca de ropa deportiva personalizada","publisher":{"@id":"https:\/\/www.inverseteams.com\/es\/#organization"},"potentialAction":[{"@type":"SearchAction","target":{"@type":"EntryPoint","urlTemplate":"https:\/\/www.inverseteams.com\/es\/?s={search_term_string}"},"query-input":{"@type":"PropertyValueSpecification","valueRequired":true,"valueName":"search_term_string"}}],"inLanguage":"es"},{"@type":"Organization","@id":"https:\/\/www.inverseteams.com\/es\/#organization","name":"Inverse Teams","url":"https:\/\/www.inverseteams.com\/es\/","logo":{"@type":"ImageObject","inLanguage":"es","@id":"https:\/\/www.inverseteams.com\/es\/#\/schema\/logo\/image\/","url":"https:\/\/www.inverseteams.com\/wp-content\/uploads\/2021\/03\/logo-inverse-teams.png","contentUrl":"https:\/\/www.inverseteams.com\/wp-content\/uploads\/2021\/03\/logo-inverse-teams.png","width":294,"height":99,"caption":"Inverse Teams"},"image":{"@id":"https:\/\/www.inverseteams.com\/es\/#\/schema\/logo\/image\/"},"sameAs":["https:\/\/www.facebook.com\/inverseteams","http:\/\/instagram.com\/inverseteams","https:\/\/www.linkedin.com\/company\/inverse-cirosport-s-l-?trk=job_view_topcard_company_name","http:\/\/www.pinterest.com\/inverseteams\/","http:\/\/www.youtube.com\/user\/inverseteams?feature=watch"]}]}},"_links":{"self":[{"href":"https:\/\/www.inverseteams.com\/es\/wp-json\/wp\/v2\/product\/135027","targetHints":{"allow":["GET"]}}],"collection":[{"href":"https:\/\/www.inverseteams.com\/es\/wp-json\/wp\/v2\/product"}],"about":[{"href":"https:\/\/www.inverseteams.com\/es\/wp-json\/wp\/v2\/types\/product"}],"replies":[{"embeddable":true,"href":"https:\/\/www.inverseteams.com\/es\/wp-json\/wp\/v2\/comments?post=135027"}],"wp:featuredmedia":[{"embeddable":true,"href":"https:\/\/www.inverseteams.com\/es\/wp-json\/wp\/v2\/media\/142774"}],"wp:attachment":[{"href":"https:\/\/www.inverseteams.com\/es\/wp-json\/wp\/v2\/media?parent=135027"}],"wp:term":[{"taxonomy":"product_brand","embeddable":true,"href":"https:\/\/www.inverseteams.com\/es\/wp-json\/wp\/v2\/product_brand?post=135027"},{"taxonomy":"product_cat","embeddable":true,"href":"https:\/\/www.inverseteams.com\/es\/wp-json\/wp\/v2\/product_cat?post=135027"},{"taxonomy":"product_tag","embeddable":true,"href":"https:\/\/www.inverseteams.com\/es\/wp-json\/wp\/v2\/product_tag?post=135027"},{"taxonomy":"custom_category","embeddable":true,"href":"https:\/\/www.inverseteams.com\/es\/wp-json\/wp\/v2\/custom_category?post=135027"},{"taxonomy":"range","embeddable":true,"href":"https:\/\/www.inverseteams.com\/es\/wp-json\/wp\/v2\/range?post=135027"}],"curies":[{"name":"wp","href":"https:\/\/api.w.org\/{rel}","templated":true}]}}