{"id":13103,"date":"2021-05-13T08:07:23","date_gmt":"2021-05-13T08:07:23","guid":{"rendered":"https:\/\/new.inverseteams.ddev.site\/product\/mono-de-triatlon-tuvalu-royal\/"},"modified":"2024-10-01T07:18:05","modified_gmt":"2024-10-01T07:18:05","slug":"mono-de-triatlon-tuvalu-royal","status":"publish","type":"product","link":"https:\/\/www.inverseteams.com\/es\/producto\/mono-de-triatlon-tuvalu-royal\/","title":{"rendered":"Mono de triatl\u00f3n TUVALU ROYAL"},"content":{"rendered":"<p>La elasticidad y ligereza de su tejido te permitir\u00e1 una total libertad de movimientos y no sentir\u00e1s ninguna molestia durante las diferentes etapas del triatl\u00f3n. Su acabado de Tefl\u00f3n repele el agua y te ayuda a deslizarte por el agua con m\u00e1s facilidad y a secarte r\u00e1pidamente durante la transici\u00f3n.<br \/>\nEl cuello y las sisas est\u00e1n finalizadas con el ribete Evolution. Es fino y suave y no provoca ning\u00fan tipo de rozadura. Adem\u00e1s, es el\u00e1stico y se adapta perfectamente al cuerpo para evitar lo m\u00e1ximo posible la entrada de agua durante la nataci\u00f3n o de aire durante el ciclismo.<br \/>\nLa cremallera el\u00e1stica se adapta a todas las posiciones sin incomodarte. En la zona lumbar hay un bolsillo el\u00e1stico de rejilla que expulsa r\u00e1pidamente el agua y es muy \u00fatil para guardar las barritas nutritivas. Al final de las piernas tiene una banda el\u00e1stica con un grip de silicona hipoalerg\u00e9nica en su interior que mantiene la prenda bien sujeta a la pierna.<br \/>\nTodos los paneles que conforman el mono de triatl\u00f3n han sido dise\u00f1ados para adaptarse a todas las posiciones y optimizar tu rendimiento. Las costuras planas que los unen son super resistentes y adem\u00e1s aportan un dise\u00f1o muy atractivo a la prenda.<br \/>\nFinalmente hay que destacar su badana de Elastic Interface dise\u00f1ada especialmente para no absorber el agua y con la forma ideal para proteger durante el ciclismo y no incomodar a la hora de correr.<\/p>\n","protected":false},"excerpt":{"rendered":"<p>La elasticidad y ligereza de su tejido te permitir\u00e1 una total libertad de movimientos y no sentir\u00e1s ninguna molestia durante las diferentes etapas del triatl\u00f3n. Su acabado de Tefl\u00f3n repele el agua y te ayuda a deslizarte por el agua con m\u00e1s facilidad y a secarte r\u00e1pidamente durante la transici\u00f3n.<br \/>\nEl cuello y las sisas est\u00e1n finalizadas con el ribete Evolution. Es fino y suave y no provoca ning\u00fan tipo de rozadura. Adem\u00e1s, es el\u00e1stico y se adapta perfectamente al cuerpo para evitar lo m\u00e1ximo posible la entrada de agua durante la nataci\u00f3n o de aire durante el ciclismo.<br \/>\nLa cremallera el\u00e1stica se adapta a todas las posiciones sin incomodarte. En la zona lumbar hay un bolsillo el\u00e1stico de rejilla que expulsa r\u00e1pidamente el agua y es muy \u00fatil para guardar las barritas nutritivas. Al final de las piernas tiene una banda el\u00e1stica con un grip de silicona hipoalerg\u00e9nica en su interior que mantiene la prenda bien sujeta a la pierna.<br \/>\nTodos los paneles que conforman el mono de triatl\u00f3n han sido dise\u00f1ados para adaptarse a todas las posiciones y optimizar tu rendimiento. Las costuras planas que los unen son super resistentes y adem\u00e1s aportan un dise\u00f1o muy atractivo a la prenda.<br \/>\nFinalmente hay que destacar su badana de Elastic Interface dise\u00f1ada especialmente para no absorber el agua y con la forma ideal para proteger durante el ciclismo y no incomodar a la hora de correr.<\/p>\n","protected":false},"featured_media":13132,"comment_status":"closed","ping_status":"closed","template":"","meta":{"_acf_changed":false},"product_brand":[],"product_cat":[2827,1194,1085],"product_tag":[],"custom_category":[],"range":[],"class_list":{"0":"post-13103","1":"product","2":"type-product","3":"status-publish","4":"has-post-thumbnail","6":"product_cat-mono-triatlon-triatlon-outlet","7":"product_cat-triatlon-outlet","8":"product_cat-outlet","9":"pa_climatologia-calor","10":"pa_deporte-triatlon","11":"pa_genero-hombre","12":"pa_patronaje-fit","13":"pa_talla-xl","14":"pa_talla-s","15":"pa_talla-m","16":"pa_talla-l","17":"pa_tipo-de-prenda-trimono","19":"first","20":"outofstock","21":"sale","22":"taxable","23":"shipping-taxable","24":"purchasable","25":"product-type-variable","26":"has-default-attributes"},"acf":[],"yoast_head":"<!-- This site is optimized with the Yoast SEO plugin v27.3 - https:\/\/yoast.com\/product\/yoast-seo-wordpress\/ -->\n<title>Mono de triatl\u00f3n TUVALU ROYAL<\/title>\n<meta name=\"description\" content=\"La elasticidad y ligereza de su tejido te permitir\u00e1 una total libertad de movimientos y no sentir\u00e1s ninguna molestia durante las diferentes etapas del triatl\u00f3n. Su acabado de Tefl\u00f3n repele el agua y te ayuda a deslizarte por el agua con m\u00e1s facilidad y a secarte r\u00e1pidamente durante la transici\u00f3n. El cuello y las sisas est\u00e1n finalizadas con el ribete Evolution. Es fino y suave y no provoca ning\u00fan tipo de rozadura. Adem\u00e1s, es el\u00e1stico y se adapta perfectamente al cuerpo para evitar lo m\u00e1ximo posible la entrada de agua durante la nataci\u00f3n o de aire durante el ciclismo. La cremallera el\u00e1stica se adapta a todas las posiciones sin incomodarte. En la zona lumbar hay un bolsillo el\u00e1stico de rejilla que expulsa r\u00e1pidamente el agua y es muy \u00fatil para guardar las barritas nutritivas. Al final de las piernas tiene una banda el\u00e1stica con un grip de silicona hipoalerg\u00e9nica en su interior que mantiene la prenda bien sujeta a la pierna. Todos los paneles que conforman el mono de triatl\u00f3n han sido dise\u00f1ados para adaptarse a todas las posiciones y optimizar tu rendimiento. Las costuras planas que los unen son super resistentes y adem\u00e1s aportan un dise\u00f1o muy atractivo a la prenda. Finalmente hay que destacar su badana de Elastic Interface dise\u00f1ada especialmente para no absorber el agua y con la forma ideal para proteger durante el ciclismo y no incomodar a la hora de correr.\" \/>\n<meta name=\"robots\" content=\"index, follow, max-snippet:-1, max-image-preview:large, max-video-preview:-1\" \/>\n<link rel=\"canonical\" href=\"https:\/\/www.inverseteams.com\/es\/producto\/mono-de-triatlon-tuvalu-royal\/\" \/>\n<meta property=\"og:locale\" content=\"es_ES\" \/>\n<meta property=\"og:type\" content=\"article\" \/>\n<meta property=\"og:title\" content=\"Mono de triatl\u00f3n TUVALU ROYAL\" \/>\n<meta property=\"og:description\" content=\"La elasticidad y ligereza de su tejido te permitir\u00e1 una total libertad de movimientos y no sentir\u00e1s ninguna molestia durante las diferentes etapas del triatl\u00f3n. Su acabado de Tefl\u00f3n repele el agua y te ayuda a deslizarte por el agua con m\u00e1s facilidad y a secarte r\u00e1pidamente durante la transici\u00f3n. El cuello y las sisas est\u00e1n finalizadas con el ribete Evolution. Es fino y suave y no provoca ning\u00fan tipo de rozadura. Adem\u00e1s, es el\u00e1stico y se adapta perfectamente al cuerpo para evitar lo m\u00e1ximo posible la entrada de agua durante la nataci\u00f3n o de aire durante el ciclismo. La cremallera el\u00e1stica se adapta a todas las posiciones sin incomodarte. En la zona lumbar hay un bolsillo el\u00e1stico de rejilla que expulsa r\u00e1pidamente el agua y es muy \u00fatil para guardar las barritas nutritivas. Al final de las piernas tiene una banda el\u00e1stica con un grip de silicona hipoalerg\u00e9nica en su interior que mantiene la prenda bien sujeta a la pierna. Todos los paneles que conforman el mono de triatl\u00f3n han sido dise\u00f1ados para adaptarse a todas las posiciones y optimizar tu rendimiento. Las costuras planas que los unen son super resistentes y adem\u00e1s aportan un dise\u00f1o muy atractivo a la prenda. Finalmente hay que destacar su badana de Elastic Interface dise\u00f1ada especialmente para no absorber el agua y con la forma ideal para proteger durante el ciclismo y no incomodar a la hora de correr.\" \/>\n<meta property=\"og:url\" content=\"https:\/\/www.inverseteams.com\/es\/producto\/mono-de-triatlon-tuvalu-royal\/\" \/>\n<meta property=\"og:site_name\" content=\"Inverseteams\" \/>\n<meta property=\"article:publisher\" content=\"https:\/\/www.facebook.com\/inverseteams\" \/>\n<meta property=\"article:modified_time\" content=\"2024-10-01T07:18:05+00:00\" \/>\n<meta property=\"og:image\" content=\"https:\/\/www.inverseteams.com\/wp-content\/uploads\/MONO-TRIATLON-TUVALU-ROYAL-1.jpg\" \/>\n\t<meta property=\"og:image:width\" content=\"3222\" \/>\n\t<meta property=\"og:image:height\" content=\"3462\" \/>\n\t<meta property=\"og:image:type\" content=\"image\/jpeg\" \/>\n<meta name=\"twitter:card\" content=\"summary_large_image\" \/>\n<meta name=\"twitter:label1\" content=\"Tiempo de lectura\" \/>\n\t<meta name=\"twitter:data1\" content=\"2 minuto\" \/>\n<script type=\"application\/ld+json\" class=\"yoast-schema-graph\">{\"@context\":\"https:\\\/\\\/schema.org\",\"@graph\":[{\"@type\":\"WebPage\",\"@id\":\"https:\\\/\\\/www.inverseteams.com\\\/es\\\/producto\\\/mono-de-triatlon-tuvalu-royal\\\/\",\"url\":\"https:\\\/\\\/www.inverseteams.com\\\/es\\\/producto\\\/mono-de-triatlon-tuvalu-royal\\\/\",\"name\":\"Mono de triatl\u00f3n TUVALU ROYAL\",\"isPartOf\":{\"@id\":\"https:\\\/\\\/www.inverseteams.com\\\/es\\\/#website\"},\"primaryImageOfPage\":{\"@id\":\"https:\\\/\\\/www.inverseteams.com\\\/es\\\/producto\\\/mono-de-triatlon-tuvalu-royal\\\/#primaryimage\"},\"image\":{\"@id\":\"https:\\\/\\\/www.inverseteams.com\\\/es\\\/producto\\\/mono-de-triatlon-tuvalu-royal\\\/#primaryimage\"},\"thumbnailUrl\":\"https:\\\/\\\/www.inverseteams.com\\\/wp-content\\\/uploads\\\/MONO-TRIATLON-TUVALU-ROYAL-1.jpg\",\"datePublished\":\"2021-05-13T08:07:23+00:00\",\"dateModified\":\"2024-10-01T07:18:05+00:00\",\"description\":\"La elasticidad y ligereza de su tejido te permitir\u00e1 una total libertad de movimientos y no sentir\u00e1s ninguna molestia durante las diferentes etapas del triatl\u00f3n. Su acabado de Tefl\u00f3n repele el agua y te ayuda a deslizarte por el agua con m\u00e1s facilidad y a secarte r\u00e1pidamente durante la transici\u00f3n. El cuello y las sisas est\u00e1n finalizadas con el ribete Evolution. Es fino y suave y no provoca ning\u00fan tipo de rozadura. Adem\u00e1s, es el\u00e1stico y se adapta perfectamente al cuerpo para evitar lo m\u00e1ximo posible la entrada de agua durante la nataci\u00f3n o de aire durante el ciclismo. La cremallera el\u00e1stica se adapta a todas las posiciones sin incomodarte. En la zona lumbar hay un bolsillo el\u00e1stico de rejilla que expulsa r\u00e1pidamente el agua y es muy \u00fatil para guardar las barritas nutritivas. Al final de las piernas tiene una banda el\u00e1stica con un grip de silicona hipoalerg\u00e9nica en su interior que mantiene la prenda bien sujeta a la pierna. Todos los paneles que conforman el mono de triatl\u00f3n han sido dise\u00f1ados para adaptarse a todas las posiciones y optimizar tu rendimiento. Las costuras planas que los unen son super resistentes y adem\u00e1s aportan un dise\u00f1o muy atractivo a la prenda. Finalmente hay que destacar su badana de Elastic Interface dise\u00f1ada especialmente para no absorber el agua y con la forma ideal para proteger durante el ciclismo y no incomodar a la hora de correr.\",\"breadcrumb\":{\"@id\":\"https:\\\/\\\/www.inverseteams.com\\\/es\\\/producto\\\/mono-de-triatlon-tuvalu-royal\\\/#breadcrumb\"},\"inLanguage\":\"es\",\"potentialAction\":[{\"@type\":\"ReadAction\",\"target\":[\"https:\\\/\\\/www.inverseteams.com\\\/es\\\/producto\\\/mono-de-triatlon-tuvalu-royal\\\/\"]}]},{\"@type\":\"ImageObject\",\"inLanguage\":\"es\",\"@id\":\"https:\\\/\\\/www.inverseteams.com\\\/es\\\/producto\\\/mono-de-triatlon-tuvalu-royal\\\/#primaryimage\",\"url\":\"https:\\\/\\\/www.inverseteams.com\\\/wp-content\\\/uploads\\\/MONO-TRIATLON-TUVALU-ROYAL-1.jpg\",\"contentUrl\":\"https:\\\/\\\/www.inverseteams.com\\\/wp-content\\\/uploads\\\/MONO-TRIATLON-TUVALU-ROYAL-1.jpg\",\"width\":3222,\"height\":3462,\"caption\":\"Mono triatl\u00f3n TUVALU ROYAL\"},{\"@type\":\"BreadcrumbList\",\"@id\":\"https:\\\/\\\/www.inverseteams.com\\\/es\\\/producto\\\/mono-de-triatlon-tuvalu-royal\\\/#breadcrumb\",\"itemListElement\":[{\"@type\":\"ListItem\",\"position\":1,\"name\":\"Portada\",\"item\":\"https:\\\/\\\/www.inverseteams.com\\\/es\\\/\"},{\"@type\":\"ListItem\",\"position\":2,\"name\":\"Tienda\",\"item\":\"https:\\\/\\\/www.inverseteams.com\\\/es\\\/tienda\\\/\"},{\"@type\":\"ListItem\",\"position\":3,\"name\":\"Mono de triatl\u00f3n TUVALU ROYAL\"}]},{\"@type\":\"WebSite\",\"@id\":\"https:\\\/\\\/www.inverseteams.com\\\/es\\\/#website\",\"url\":\"https:\\\/\\\/www.inverseteams.com\\\/es\\\/\",\"name\":\"Inverseteams\",\"description\":\"Tu marca de ropa deportiva personalizada\",\"publisher\":{\"@id\":\"https:\\\/\\\/www.inverseteams.com\\\/es\\\/#organization\"},\"potentialAction\":[{\"@type\":\"SearchAction\",\"target\":{\"@type\":\"EntryPoint\",\"urlTemplate\":\"https:\\\/\\\/www.inverseteams.com\\\/es\\\/?s={search_term_string}\"},\"query-input\":{\"@type\":\"PropertyValueSpecification\",\"valueRequired\":true,\"valueName\":\"search_term_string\"}}],\"inLanguage\":\"es\"},{\"@type\":\"Organization\",\"@id\":\"https:\\\/\\\/www.inverseteams.com\\\/es\\\/#organization\",\"name\":\"Inverse Teams\",\"url\":\"https:\\\/\\\/www.inverseteams.com\\\/es\\\/\",\"logo\":{\"@type\":\"ImageObject\",\"inLanguage\":\"es\",\"@id\":\"https:\\\/\\\/www.inverseteams.com\\\/es\\\/#\\\/schema\\\/logo\\\/image\\\/\",\"url\":\"http:\\\/\\\/www.inverseteams.com\\\/wp-content\\\/uploads\\\/2021\\\/03\\\/logo-inverse-teams.png\",\"contentUrl\":\"http:\\\/\\\/www.inverseteams.com\\\/wp-content\\\/uploads\\\/2021\\\/03\\\/logo-inverse-teams.png\",\"width\":294,\"height\":99,\"caption\":\"Inverse Teams\"},\"image\":{\"@id\":\"https:\\\/\\\/www.inverseteams.com\\\/es\\\/#\\\/schema\\\/logo\\\/image\\\/\"},\"sameAs\":[\"https:\\\/\\\/www.facebook.com\\\/inverseteams\",\"http:\\\/\\\/instagram.com\\\/inverseteams\",\"https:\\\/\\\/www.linkedin.com\\\/company\\\/inverse-cirosport-s-l-?trk=job_view_topcard_company_name\",\"http:\\\/\\\/www.pinterest.com\\\/inverseteams\\\/\",\"http:\\\/\\\/www.youtube.com\\\/user\\\/inverseteams?feature=watch\"]}]}<\/script>\n<!-- \/ Yoast SEO plugin. -->","yoast_head_json":{"title":"Mono de triatl\u00f3n TUVALU ROYAL","description":"La elasticidad y ligereza de su tejido te permitir\u00e1 una total libertad de movimientos y no sentir\u00e1s ninguna molestia durante las diferentes etapas del triatl\u00f3n. Su acabado de Tefl\u00f3n repele el agua y te ayuda a deslizarte por el agua con m\u00e1s facilidad y a secarte r\u00e1pidamente durante la transici\u00f3n. El cuello y las sisas est\u00e1n finalizadas con el ribete Evolution. Es fino y suave y no provoca ning\u00fan tipo de rozadura. Adem\u00e1s, es el\u00e1stico y se adapta perfectamente al cuerpo para evitar lo m\u00e1ximo posible la entrada de agua durante la nataci\u00f3n o de aire durante el ciclismo. La cremallera el\u00e1stica se adapta a todas las posiciones sin incomodarte. En la zona lumbar hay un bolsillo el\u00e1stico de rejilla que expulsa r\u00e1pidamente el agua y es muy \u00fatil para guardar las barritas nutritivas. Al final de las piernas tiene una banda el\u00e1stica con un grip de silicona hipoalerg\u00e9nica en su interior que mantiene la prenda bien sujeta a la pierna. Todos los paneles que conforman el mono de triatl\u00f3n han sido dise\u00f1ados para adaptarse a todas las posiciones y optimizar tu rendimiento. Las costuras planas que los unen son super resistentes y adem\u00e1s aportan un dise\u00f1o muy atractivo a la prenda. Finalmente hay que destacar su badana de Elastic Interface dise\u00f1ada especialmente para no absorber el agua y con la forma ideal para proteger durante el ciclismo y no incomodar a la hora de correr.","robots":{"index":"index","follow":"follow","max-snippet":"max-snippet:-1","max-image-preview":"max-image-preview:large","max-video-preview":"max-video-preview:-1"},"canonical":"https:\/\/www.inverseteams.com\/es\/producto\/mono-de-triatlon-tuvalu-royal\/","og_locale":"es_ES","og_type":"article","og_title":"Mono de triatl\u00f3n TUVALU ROYAL","og_description":"La elasticidad y ligereza de su tejido te permitir\u00e1 una total libertad de movimientos y no sentir\u00e1s ninguna molestia durante las diferentes etapas del triatl\u00f3n. Su acabado de Tefl\u00f3n repele el agua y te ayuda a deslizarte por el agua con m\u00e1s facilidad y a secarte r\u00e1pidamente durante la transici\u00f3n. El cuello y las sisas est\u00e1n finalizadas con el ribete Evolution. Es fino y suave y no provoca ning\u00fan tipo de rozadura. Adem\u00e1s, es el\u00e1stico y se adapta perfectamente al cuerpo para evitar lo m\u00e1ximo posible la entrada de agua durante la nataci\u00f3n o de aire durante el ciclismo. La cremallera el\u00e1stica se adapta a todas las posiciones sin incomodarte. En la zona lumbar hay un bolsillo el\u00e1stico de rejilla que expulsa r\u00e1pidamente el agua y es muy \u00fatil para guardar las barritas nutritivas. Al final de las piernas tiene una banda el\u00e1stica con un grip de silicona hipoalerg\u00e9nica en su interior que mantiene la prenda bien sujeta a la pierna. Todos los paneles que conforman el mono de triatl\u00f3n han sido dise\u00f1ados para adaptarse a todas las posiciones y optimizar tu rendimiento. Las costuras planas que los unen son super resistentes y adem\u00e1s aportan un dise\u00f1o muy atractivo a la prenda. Finalmente hay que destacar su badana de Elastic Interface dise\u00f1ada especialmente para no absorber el agua y con la forma ideal para proteger durante el ciclismo y no incomodar a la hora de correr.","og_url":"https:\/\/www.inverseteams.com\/es\/producto\/mono-de-triatlon-tuvalu-royal\/","og_site_name":"Inverseteams","article_publisher":"https:\/\/www.facebook.com\/inverseteams","article_modified_time":"2024-10-01T07:18:05+00:00","og_image":[{"width":3222,"height":3462,"url":"https:\/\/www.inverseteams.com\/wp-content\/uploads\/MONO-TRIATLON-TUVALU-ROYAL-1.jpg","type":"image\/jpeg"}],"twitter_card":"summary_large_image","twitter_misc":{"Tiempo de lectura":"2 minuto"},"schema":{"@context":"https:\/\/schema.org","@graph":[{"@type":"WebPage","@id":"https:\/\/www.inverseteams.com\/es\/producto\/mono-de-triatlon-tuvalu-royal\/","url":"https:\/\/www.inverseteams.com\/es\/producto\/mono-de-triatlon-tuvalu-royal\/","name":"Mono de triatl\u00f3n TUVALU ROYAL","isPartOf":{"@id":"https:\/\/www.inverseteams.com\/es\/#website"},"primaryImageOfPage":{"@id":"https:\/\/www.inverseteams.com\/es\/producto\/mono-de-triatlon-tuvalu-royal\/#primaryimage"},"image":{"@id":"https:\/\/www.inverseteams.com\/es\/producto\/mono-de-triatlon-tuvalu-royal\/#primaryimage"},"thumbnailUrl":"https:\/\/www.inverseteams.com\/wp-content\/uploads\/MONO-TRIATLON-TUVALU-ROYAL-1.jpg","datePublished":"2021-05-13T08:07:23+00:00","dateModified":"2024-10-01T07:18:05+00:00","description":"La elasticidad y ligereza de su tejido te permitir\u00e1 una total libertad de movimientos y no sentir\u00e1s ninguna molestia durante las diferentes etapas del triatl\u00f3n. Su acabado de Tefl\u00f3n repele el agua y te ayuda a deslizarte por el agua con m\u00e1s facilidad y a secarte r\u00e1pidamente durante la transici\u00f3n. El cuello y las sisas est\u00e1n finalizadas con el ribete Evolution. Es fino y suave y no provoca ning\u00fan tipo de rozadura. Adem\u00e1s, es el\u00e1stico y se adapta perfectamente al cuerpo para evitar lo m\u00e1ximo posible la entrada de agua durante la nataci\u00f3n o de aire durante el ciclismo. La cremallera el\u00e1stica se adapta a todas las posiciones sin incomodarte. En la zona lumbar hay un bolsillo el\u00e1stico de rejilla que expulsa r\u00e1pidamente el agua y es muy \u00fatil para guardar las barritas nutritivas. Al final de las piernas tiene una banda el\u00e1stica con un grip de silicona hipoalerg\u00e9nica en su interior que mantiene la prenda bien sujeta a la pierna. Todos los paneles que conforman el mono de triatl\u00f3n han sido dise\u00f1ados para adaptarse a todas las posiciones y optimizar tu rendimiento. Las costuras planas que los unen son super resistentes y adem\u00e1s aportan un dise\u00f1o muy atractivo a la prenda. Finalmente hay que destacar su badana de Elastic Interface dise\u00f1ada especialmente para no absorber el agua y con la forma ideal para proteger durante el ciclismo y no incomodar a la hora de correr.","breadcrumb":{"@id":"https:\/\/www.inverseteams.com\/es\/producto\/mono-de-triatlon-tuvalu-royal\/#breadcrumb"},"inLanguage":"es","potentialAction":[{"@type":"ReadAction","target":["https:\/\/www.inverseteams.com\/es\/producto\/mono-de-triatlon-tuvalu-royal\/"]}]},{"@type":"ImageObject","inLanguage":"es","@id":"https:\/\/www.inverseteams.com\/es\/producto\/mono-de-triatlon-tuvalu-royal\/#primaryimage","url":"https:\/\/www.inverseteams.com\/wp-content\/uploads\/MONO-TRIATLON-TUVALU-ROYAL-1.jpg","contentUrl":"https:\/\/www.inverseteams.com\/wp-content\/uploads\/MONO-TRIATLON-TUVALU-ROYAL-1.jpg","width":3222,"height":3462,"caption":"Mono triatl\u00f3n TUVALU ROYAL"},{"@type":"BreadcrumbList","@id":"https:\/\/www.inverseteams.com\/es\/producto\/mono-de-triatlon-tuvalu-royal\/#breadcrumb","itemListElement":[{"@type":"ListItem","position":1,"name":"Portada","item":"https:\/\/www.inverseteams.com\/es\/"},{"@type":"ListItem","position":2,"name":"Tienda","item":"https:\/\/www.inverseteams.com\/es\/tienda\/"},{"@type":"ListItem","position":3,"name":"Mono de triatl\u00f3n TUVALU ROYAL"}]},{"@type":"WebSite","@id":"https:\/\/www.inverseteams.com\/es\/#website","url":"https:\/\/www.inverseteams.com\/es\/","name":"Inverseteams","description":"Tu marca de ropa deportiva personalizada","publisher":{"@id":"https:\/\/www.inverseteams.com\/es\/#organization"},"potentialAction":[{"@type":"SearchAction","target":{"@type":"EntryPoint","urlTemplate":"https:\/\/www.inverseteams.com\/es\/?s={search_term_string}"},"query-input":{"@type":"PropertyValueSpecification","valueRequired":true,"valueName":"search_term_string"}}],"inLanguage":"es"},{"@type":"Organization","@id":"https:\/\/www.inverseteams.com\/es\/#organization","name":"Inverse Teams","url":"https:\/\/www.inverseteams.com\/es\/","logo":{"@type":"ImageObject","inLanguage":"es","@id":"https:\/\/www.inverseteams.com\/es\/#\/schema\/logo\/image\/","url":"https:\/\/www.inverseteams.com\/wp-content\/uploads\/2021\/03\/logo-inverse-teams.png","contentUrl":"https:\/\/www.inverseteams.com\/wp-content\/uploads\/2021\/03\/logo-inverse-teams.png","width":294,"height":99,"caption":"Inverse Teams"},"image":{"@id":"https:\/\/www.inverseteams.com\/es\/#\/schema\/logo\/image\/"},"sameAs":["https:\/\/www.facebook.com\/inverseteams","http:\/\/instagram.com\/inverseteams","https:\/\/www.linkedin.com\/company\/inverse-cirosport-s-l-?trk=job_view_topcard_company_name","http:\/\/www.pinterest.com\/inverseteams\/","http:\/\/www.youtube.com\/user\/inverseteams?feature=watch"]}]}},"_links":{"self":[{"href":"https:\/\/www.inverseteams.com\/es\/wp-json\/wp\/v2\/product\/13103","targetHints":{"allow":["GET"]}}],"collection":[{"href":"https:\/\/www.inverseteams.com\/es\/wp-json\/wp\/v2\/product"}],"about":[{"href":"https:\/\/www.inverseteams.com\/es\/wp-json\/wp\/v2\/types\/product"}],"replies":[{"embeddable":true,"href":"https:\/\/www.inverseteams.com\/es\/wp-json\/wp\/v2\/comments?post=13103"}],"wp:featuredmedia":[{"embeddable":true,"href":"https:\/\/www.inverseteams.com\/es\/wp-json\/wp\/v2\/media\/13132"}],"wp:attachment":[{"href":"https:\/\/www.inverseteams.com\/es\/wp-json\/wp\/v2\/media?parent=13103"}],"wp:term":[{"taxonomy":"product_brand","embeddable":true,"href":"https:\/\/www.inverseteams.com\/es\/wp-json\/wp\/v2\/product_brand?post=13103"},{"taxonomy":"product_cat","embeddable":true,"href":"https:\/\/www.inverseteams.com\/es\/wp-json\/wp\/v2\/product_cat?post=13103"},{"taxonomy":"product_tag","embeddable":true,"href":"https:\/\/www.inverseteams.com\/es\/wp-json\/wp\/v2\/product_tag?post=13103"},{"taxonomy":"custom_category","embeddable":true,"href":"https:\/\/www.inverseteams.com\/es\/wp-json\/wp\/v2\/custom_category?post=13103"},{"taxonomy":"range","embeddable":true,"href":"https:\/\/www.inverseteams.com\/es\/wp-json\/wp\/v2\/range?post=13103"}],"curies":[{"name":"wp","href":"https:\/\/api.w.org\/{rel}","templated":true}]}}