{"id":127038,"date":"2023-04-19T12:38:59","date_gmt":"2023-04-19T12:38:59","guid":{"rendered":"https:\/\/www.inverseteams.com\/?post_type=product&#038;p=127038"},"modified":"2025-05-22T00:01:50","modified_gmt":"2025-05-22T00:01:50","slug":"sobrecamisa-impermeable-detroit","status":"publish","type":"product","link":"https:\/\/www.inverseteams.com\/es\/producto\/sobrecamisa-impermeable-detroit\/","title":{"rendered":"Sobrecamisa impermeable DETROIT"},"content":{"rendered":"<p>Tejidos de \u00faltima generaci\u00f3n y elegancia unidos en esta camisa deportiva.<br \/>\nEl tejido de membrana es paraviento e impermeable. Evita la p\u00e9rdida de calor corporal y gracias a la pieza de ventilaci\u00f3n bajo la axila no aumenta tu sudoraci\u00f3n. En la zona lumbar tiene unos amplios bolsillos donde podr\u00e1s guardar todo lo que necesites. \u00c9stos tienen una tapeta para evitar que entre agua. El ribete de la cintura ajusta la prenda al cuerpo y evita la entrada de aire. Los cierres con botones del bolsillo y los pu\u00f1os le dan el toque original y elegante que buscas.<\/p>\n","protected":false},"excerpt":{"rendered":"<p>Tejidos de \u00faltima generaci\u00f3n y elegancia unidos en esta camisa deportiva.<br \/>\nEl tejido de membrana es paraviento e impermeable. Evita la p\u00e9rdida de calor corporal y gracias a la pieza de ventilaci\u00f3n bajo la axila no aumenta tu sudoraci\u00f3n. En la zona lumbar tiene unos amplios bolsillos donde podr\u00e1s guardar todo lo que necesites. \u00c9stos tienen una tapeta para evitar que entre agua. El ribete de la cintura ajusta la prenda al cuerpo y evita la entrada de aire. Los cierres con botones del bolsillo y los pu\u00f1os le dan el toque original y elegante que buscas.<\/p>\n","protected":false},"featured_media":126886,"comment_status":"closed","ping_status":"closed","template":"","meta":{"_acf_changed":false},"product_brand":[],"product_cat":[9946,9958,7174],"product_tag":[],"custom_category":[],"range":[],"class_list":{"0":"post-127038","1":"product","2":"type-product","3":"status-publish","4":"has-post-thumbnail","6":"product_cat-gravel","7":"product_cat-sobrecamisa-2","8":"product_cat-b2b","9":"pa_climatologia-frio","10":"pa_climatologia-temperatura-templada","11":"pa_climatologia-viento","12":"pa_climatologia-lluvia","13":"pa_deporte-lifestyle","14":"pa_genero-hombre","15":"pa_patronaje-casual","16":"pa_talla-s","17":"pa_talla-m","18":"pa_talla-l","19":"pa_talla-xl","20":"pa_talla-xxl","21":"pa_talla-3xl","22":"pa_tipo-de-prenda-sobrecamisa","24":"first","25":"outofstock","26":"taxable","27":"shipping-taxable","28":"product-type-variable","29":"has-default-attributes"},"acf":[],"yoast_head":"<!-- This site is optimized with the Yoast SEO plugin v27.3 - https:\/\/yoast.com\/product\/yoast-seo-wordpress\/ -->\n<title>Sobrecamisa impermeable DETROIT | Inverseteams<\/title>\n<meta name=\"description\" content=\"Sobrecamisa ideal para protegerte del viento, la humedad y la lluvia de camino al trabajo o durante las escapadas en BTT o GRAVEL.\" \/>\n<meta name=\"robots\" content=\"index, follow, max-snippet:-1, max-image-preview:large, max-video-preview:-1\" \/>\n<link rel=\"canonical\" href=\"https:\/\/www.inverseteams.com\/es\/producto\/sobrecamisa-impermeable-detroit\/\" \/>\n<meta property=\"og:locale\" content=\"es_ES\" \/>\n<meta property=\"og:type\" content=\"article\" \/>\n<meta property=\"og:title\" content=\"Sobrecamisa impermeable DETROIT | Inverseteams\" \/>\n<meta property=\"og:description\" content=\"Sobrecamisa ideal para protegerte del viento, la humedad y la lluvia de camino al trabajo o durante las escapadas en BTT o GRAVEL.\" \/>\n<meta property=\"og:url\" content=\"https:\/\/www.inverseteams.com\/es\/producto\/sobrecamisa-impermeable-detroit\/\" \/>\n<meta property=\"og:site_name\" content=\"Inverseteams\" \/>\n<meta property=\"article:publisher\" content=\"https:\/\/www.facebook.com\/inverseteams\" \/>\n<meta property=\"article:modified_time\" content=\"2025-05-22T00:01:50+00:00\" \/>\n<meta property=\"og:image\" content=\"https:\/\/www.inverseteams.com\/wp-content\/uploads\/SOBRECAMISA-IMPERMEABLE-DETROIT-1.jpg\" \/>\n\t<meta property=\"og:image:width\" content=\"3000\" \/>\n\t<meta property=\"og:image:height\" content=\"3223\" \/>\n\t<meta property=\"og:image:type\" content=\"image\/jpeg\" \/>\n<meta name=\"twitter:card\" content=\"summary_large_image\" \/>\n<meta name=\"twitter:label1\" content=\"Tiempo de lectura\" \/>\n\t<meta name=\"twitter:data1\" content=\"1 minuto\" \/>\n<script type=\"application\/ld+json\" class=\"yoast-schema-graph\">{\"@context\":\"https:\\\/\\\/schema.org\",\"@graph\":[{\"@type\":\"WebPage\",\"@id\":\"https:\\\/\\\/www.inverseteams.com\\\/es\\\/producto\\\/sobrecamisa-impermeable-detroit\\\/\",\"url\":\"https:\\\/\\\/www.inverseteams.com\\\/es\\\/producto\\\/sobrecamisa-impermeable-detroit\\\/\",\"name\":\"Sobrecamisa impermeable DETROIT | Inverseteams\",\"isPartOf\":{\"@id\":\"https:\\\/\\\/www.inverseteams.com\\\/es\\\/#website\"},\"primaryImageOfPage\":{\"@id\":\"https:\\\/\\\/www.inverseteams.com\\\/es\\\/producto\\\/sobrecamisa-impermeable-detroit\\\/#primaryimage\"},\"image\":{\"@id\":\"https:\\\/\\\/www.inverseteams.com\\\/es\\\/producto\\\/sobrecamisa-impermeable-detroit\\\/#primaryimage\"},\"thumbnailUrl\":\"https:\\\/\\\/www.inverseteams.com\\\/wp-content\\\/uploads\\\/SOBRECAMISA-IMPERMEABLE-DETROIT-1.jpg\",\"datePublished\":\"2023-04-19T12:38:59+00:00\",\"dateModified\":\"2025-05-22T00:01:50+00:00\",\"description\":\"Sobrecamisa ideal para protegerte del viento, la humedad y la lluvia de camino al trabajo o durante las escapadas en BTT o GRAVEL.\",\"breadcrumb\":{\"@id\":\"https:\\\/\\\/www.inverseteams.com\\\/es\\\/producto\\\/sobrecamisa-impermeable-detroit\\\/#breadcrumb\"},\"inLanguage\":\"es\",\"potentialAction\":[{\"@type\":\"ReadAction\",\"target\":[\"https:\\\/\\\/www.inverseteams.com\\\/es\\\/producto\\\/sobrecamisa-impermeable-detroit\\\/\"]}]},{\"@type\":\"ImageObject\",\"inLanguage\":\"es\",\"@id\":\"https:\\\/\\\/www.inverseteams.com\\\/es\\\/producto\\\/sobrecamisa-impermeable-detroit\\\/#primaryimage\",\"url\":\"https:\\\/\\\/www.inverseteams.com\\\/wp-content\\\/uploads\\\/SOBRECAMISA-IMPERMEABLE-DETROIT-1.jpg\",\"contentUrl\":\"https:\\\/\\\/www.inverseteams.com\\\/wp-content\\\/uploads\\\/SOBRECAMISA-IMPERMEABLE-DETROIT-1.jpg\",\"width\":3000,\"height\":3223,\"caption\":\"Sobrecamisa impermeable DETROIT\"},{\"@type\":\"BreadcrumbList\",\"@id\":\"https:\\\/\\\/www.inverseteams.com\\\/es\\\/producto\\\/sobrecamisa-impermeable-detroit\\\/#breadcrumb\",\"itemListElement\":[{\"@type\":\"ListItem\",\"position\":1,\"name\":\"Portada\",\"item\":\"https:\\\/\\\/www.inverseteams.com\\\/es\\\/\"},{\"@type\":\"ListItem\",\"position\":2,\"name\":\"Tienda\",\"item\":\"https:\\\/\\\/www.inverseteams.com\\\/es\\\/tienda\\\/\"},{\"@type\":\"ListItem\",\"position\":3,\"name\":\"Sobrecamisa impermeable DETROIT\"}]},{\"@type\":\"WebSite\",\"@id\":\"https:\\\/\\\/www.inverseteams.com\\\/es\\\/#website\",\"url\":\"https:\\\/\\\/www.inverseteams.com\\\/es\\\/\",\"name\":\"Inverseteams\",\"description\":\"Tu marca de ropa deportiva personalizada\",\"publisher\":{\"@id\":\"https:\\\/\\\/www.inverseteams.com\\\/es\\\/#organization\"},\"potentialAction\":[{\"@type\":\"SearchAction\",\"target\":{\"@type\":\"EntryPoint\",\"urlTemplate\":\"https:\\\/\\\/www.inverseteams.com\\\/es\\\/?s={search_term_string}\"},\"query-input\":{\"@type\":\"PropertyValueSpecification\",\"valueRequired\":true,\"valueName\":\"search_term_string\"}}],\"inLanguage\":\"es\"},{\"@type\":\"Organization\",\"@id\":\"https:\\\/\\\/www.inverseteams.com\\\/es\\\/#organization\",\"name\":\"Inverse Teams\",\"url\":\"https:\\\/\\\/www.inverseteams.com\\\/es\\\/\",\"logo\":{\"@type\":\"ImageObject\",\"inLanguage\":\"es\",\"@id\":\"https:\\\/\\\/www.inverseteams.com\\\/es\\\/#\\\/schema\\\/logo\\\/image\\\/\",\"url\":\"http:\\\/\\\/www.inverseteams.com\\\/wp-content\\\/uploads\\\/2021\\\/03\\\/logo-inverse-teams.png\",\"contentUrl\":\"http:\\\/\\\/www.inverseteams.com\\\/wp-content\\\/uploads\\\/2021\\\/03\\\/logo-inverse-teams.png\",\"width\":294,\"height\":99,\"caption\":\"Inverse Teams\"},\"image\":{\"@id\":\"https:\\\/\\\/www.inverseteams.com\\\/es\\\/#\\\/schema\\\/logo\\\/image\\\/\"},\"sameAs\":[\"https:\\\/\\\/www.facebook.com\\\/inverseteams\",\"http:\\\/\\\/instagram.com\\\/inverseteams\",\"https:\\\/\\\/www.linkedin.com\\\/company\\\/inverse-cirosport-s-l-?trk=job_view_topcard_company_name\",\"http:\\\/\\\/www.pinterest.com\\\/inverseteams\\\/\",\"http:\\\/\\\/www.youtube.com\\\/user\\\/inverseteams?feature=watch\"]}]}<\/script>\n<!-- \/ Yoast SEO plugin. -->","yoast_head_json":{"title":"Sobrecamisa impermeable DETROIT | Inverseteams","description":"Sobrecamisa ideal para protegerte del viento, la humedad y la lluvia de camino al trabajo o durante las escapadas en BTT o GRAVEL.","robots":{"index":"index","follow":"follow","max-snippet":"max-snippet:-1","max-image-preview":"max-image-preview:large","max-video-preview":"max-video-preview:-1"},"canonical":"https:\/\/www.inverseteams.com\/es\/producto\/sobrecamisa-impermeable-detroit\/","og_locale":"es_ES","og_type":"article","og_title":"Sobrecamisa impermeable DETROIT | Inverseteams","og_description":"Sobrecamisa ideal para protegerte del viento, la humedad y la lluvia de camino al trabajo o durante las escapadas en BTT o GRAVEL.","og_url":"https:\/\/www.inverseteams.com\/es\/producto\/sobrecamisa-impermeable-detroit\/","og_site_name":"Inverseteams","article_publisher":"https:\/\/www.facebook.com\/inverseteams","article_modified_time":"2025-05-22T00:01:50+00:00","og_image":[{"width":3000,"height":3223,"url":"https:\/\/www.inverseteams.com\/wp-content\/uploads\/SOBRECAMISA-IMPERMEABLE-DETROIT-1.jpg","type":"image\/jpeg"}],"twitter_card":"summary_large_image","twitter_misc":{"Tiempo de lectura":"1 minuto"},"schema":{"@context":"https:\/\/schema.org","@graph":[{"@type":"WebPage","@id":"https:\/\/www.inverseteams.com\/es\/producto\/sobrecamisa-impermeable-detroit\/","url":"https:\/\/www.inverseteams.com\/es\/producto\/sobrecamisa-impermeable-detroit\/","name":"Sobrecamisa impermeable DETROIT | Inverseteams","isPartOf":{"@id":"https:\/\/www.inverseteams.com\/es\/#website"},"primaryImageOfPage":{"@id":"https:\/\/www.inverseteams.com\/es\/producto\/sobrecamisa-impermeable-detroit\/#primaryimage"},"image":{"@id":"https:\/\/www.inverseteams.com\/es\/producto\/sobrecamisa-impermeable-detroit\/#primaryimage"},"thumbnailUrl":"https:\/\/www.inverseteams.com\/wp-content\/uploads\/SOBRECAMISA-IMPERMEABLE-DETROIT-1.jpg","datePublished":"2023-04-19T12:38:59+00:00","dateModified":"2025-05-22T00:01:50+00:00","description":"Sobrecamisa ideal para protegerte del viento, la humedad y la lluvia de camino al trabajo o durante las escapadas en BTT o GRAVEL.","breadcrumb":{"@id":"https:\/\/www.inverseteams.com\/es\/producto\/sobrecamisa-impermeable-detroit\/#breadcrumb"},"inLanguage":"es","potentialAction":[{"@type":"ReadAction","target":["https:\/\/www.inverseteams.com\/es\/producto\/sobrecamisa-impermeable-detroit\/"]}]},{"@type":"ImageObject","inLanguage":"es","@id":"https:\/\/www.inverseteams.com\/es\/producto\/sobrecamisa-impermeable-detroit\/#primaryimage","url":"https:\/\/www.inverseteams.com\/wp-content\/uploads\/SOBRECAMISA-IMPERMEABLE-DETROIT-1.jpg","contentUrl":"https:\/\/www.inverseteams.com\/wp-content\/uploads\/SOBRECAMISA-IMPERMEABLE-DETROIT-1.jpg","width":3000,"height":3223,"caption":"Sobrecamisa impermeable DETROIT"},{"@type":"BreadcrumbList","@id":"https:\/\/www.inverseteams.com\/es\/producto\/sobrecamisa-impermeable-detroit\/#breadcrumb","itemListElement":[{"@type":"ListItem","position":1,"name":"Portada","item":"https:\/\/www.inverseteams.com\/es\/"},{"@type":"ListItem","position":2,"name":"Tienda","item":"https:\/\/www.inverseteams.com\/es\/tienda\/"},{"@type":"ListItem","position":3,"name":"Sobrecamisa impermeable DETROIT"}]},{"@type":"WebSite","@id":"https:\/\/www.inverseteams.com\/es\/#website","url":"https:\/\/www.inverseteams.com\/es\/","name":"Inverseteams","description":"Tu marca de ropa deportiva personalizada","publisher":{"@id":"https:\/\/www.inverseteams.com\/es\/#organization"},"potentialAction":[{"@type":"SearchAction","target":{"@type":"EntryPoint","urlTemplate":"https:\/\/www.inverseteams.com\/es\/?s={search_term_string}"},"query-input":{"@type":"PropertyValueSpecification","valueRequired":true,"valueName":"search_term_string"}}],"inLanguage":"es"},{"@type":"Organization","@id":"https:\/\/www.inverseteams.com\/es\/#organization","name":"Inverse Teams","url":"https:\/\/www.inverseteams.com\/es\/","logo":{"@type":"ImageObject","inLanguage":"es","@id":"https:\/\/www.inverseteams.com\/es\/#\/schema\/logo\/image\/","url":"https:\/\/www.inverseteams.com\/wp-content\/uploads\/2021\/03\/logo-inverse-teams.png","contentUrl":"https:\/\/www.inverseteams.com\/wp-content\/uploads\/2021\/03\/logo-inverse-teams.png","width":294,"height":99,"caption":"Inverse Teams"},"image":{"@id":"https:\/\/www.inverseteams.com\/es\/#\/schema\/logo\/image\/"},"sameAs":["https:\/\/www.facebook.com\/inverseteams","http:\/\/instagram.com\/inverseteams","https:\/\/www.linkedin.com\/company\/inverse-cirosport-s-l-?trk=job_view_topcard_company_name","http:\/\/www.pinterest.com\/inverseteams\/","http:\/\/www.youtube.com\/user\/inverseteams?feature=watch"]}]}},"_links":{"self":[{"href":"https:\/\/www.inverseteams.com\/es\/wp-json\/wp\/v2\/product\/127038","targetHints":{"allow":["GET"]}}],"collection":[{"href":"https:\/\/www.inverseteams.com\/es\/wp-json\/wp\/v2\/product"}],"about":[{"href":"https:\/\/www.inverseteams.com\/es\/wp-json\/wp\/v2\/types\/product"}],"replies":[{"embeddable":true,"href":"https:\/\/www.inverseteams.com\/es\/wp-json\/wp\/v2\/comments?post=127038"}],"wp:featuredmedia":[{"embeddable":true,"href":"https:\/\/www.inverseteams.com\/es\/wp-json\/wp\/v2\/media\/126886"}],"wp:attachment":[{"href":"https:\/\/www.inverseteams.com\/es\/wp-json\/wp\/v2\/media?parent=127038"}],"wp:term":[{"taxonomy":"product_brand","embeddable":true,"href":"https:\/\/www.inverseteams.com\/es\/wp-json\/wp\/v2\/product_brand?post=127038"},{"taxonomy":"product_cat","embeddable":true,"href":"https:\/\/www.inverseteams.com\/es\/wp-json\/wp\/v2\/product_cat?post=127038"},{"taxonomy":"product_tag","embeddable":true,"href":"https:\/\/www.inverseteams.com\/es\/wp-json\/wp\/v2\/product_tag?post=127038"},{"taxonomy":"custom_category","embeddable":true,"href":"https:\/\/www.inverseteams.com\/es\/wp-json\/wp\/v2\/custom_category?post=127038"},{"taxonomy":"range","embeddable":true,"href":"https:\/\/www.inverseteams.com\/es\/wp-json\/wp\/v2\/range?post=127038"}],"curies":[{"name":"wp","href":"https:\/\/api.w.org\/{rel}","templated":true}]}}