{"id":126970,"date":"2023-04-19T13:03:09","date_gmt":"2023-04-19T13:03:09","guid":{"rendered":"https:\/\/www.inverseteams.com\/?post_type=product&#038;p=126970"},"modified":"2025-07-18T09:43:46","modified_gmt":"2025-07-18T09:43:46","slug":"camiseta-manga-corta-berlin-ocre","status":"publish","type":"product","link":"https:\/\/www.inverseteams.com\/es\/producto\/camiseta-manga-corta-berlin-ocre\/","title":{"rendered":"Camiseta manga corta BERLIN OCRE"},"content":{"rendered":"<p>La camiseta BERLIN es muy c\u00f3moda, ligera y transpirable, dise\u00f1ada con los mejores tejidos t\u00e9cnicos. Con un corte elegante y relajado y con la longitud perfecta para que te sientas muy a gusto sobre la bici. Es una camiseta muy vers\u00e1til, perfecta para disfrutar del enduro, el descenso, el gravel o de los paseos relajados por tu pueblo.<br \/>\nLa parte superior de la manga y los bolsillos est\u00e1n confeccionados con un tejido antiabrasi\u00f3n y antipeeling. El resto de la camiseta combina 2 tejidos el\u00e1sticos y muy transpirables que se adaptan muy bien a todas las posiciones. El tejido de los laterales y el interior de las mangas es de estructura abierta para que tu piel est\u00e9 siempre fresca y seca.<\/p>\n","protected":false},"excerpt":{"rendered":"<p>La camiseta BERLIN es muy c\u00f3moda, ligera y transpirable, dise\u00f1ada con los mejores tejidos t\u00e9cnicos. Con un corte elegante y relajado y con la longitud perfecta para que te sientas muy a gusto sobre la bici. Es una camiseta muy vers\u00e1til, perfecta para disfrutar del enduro, el descenso, el gravel o de los paseos relajados por tu pueblo.<br \/>\nLa parte superior de la manga y los bolsillos est\u00e1n confeccionados con un tejido antiabrasi\u00f3n y antipeeling. El resto de la camiseta combina 2 tejidos el\u00e1sticos y muy transpirables que se adaptan muy bien a todas las posiciones. El tejido de los laterales y el interior de las mangas es de estructura abierta para que tu piel est\u00e9 siempre fresca y seca.<\/p>\n","protected":false},"featured_media":126650,"comment_status":"closed","ping_status":"closed","template":"","meta":{"_acf_changed":false},"product_brand":[],"product_cat":[9946,9950,7174],"product_tag":[],"custom_category":[],"range":[],"class_list":{"0":"post-126970","1":"product","2":"type-product","3":"status-publish","4":"has-post-thumbnail","6":"product_cat-gravel","7":"product_cat-camiseta","8":"product_cat-b2b","9":"pa_climatologia-calor","10":"pa_deporte-lifestyle","11":"pa_genero-hombre","12":"pa_patronaje-casual","13":"pa_talla-s","14":"pa_talla-m","15":"pa_talla-l","16":"pa_talla-xl","17":"pa_talla-xxl","18":"pa_talla-3xl","19":"pa_tipo-de-prenda-camiseta","21":"first","22":"outofstock","23":"taxable","24":"shipping-taxable","25":"purchasable","26":"product-type-variable","27":"has-default-attributes"},"acf":[],"yoast_head":"<!-- This site is optimized with the Yoast SEO plugin v27.3 - https:\/\/yoast.com\/product\/yoast-seo-wordpress\/ -->\n<title>Camiseta manga corta BERLIN OCRE | Inverseteams<\/title>\n<meta name=\"description\" content=\"Camiseta manga corta deportiva perfecta para el gravel, btt o salir a pasear relajadamente por la monta\u00f1a.\" \/>\n<meta name=\"robots\" content=\"index, follow, max-snippet:-1, max-image-preview:large, max-video-preview:-1\" \/>\n<link rel=\"canonical\" href=\"https:\/\/www.inverseteams.com\/es\/producto\/camiseta-manga-corta-berlin-ocre\/\" \/>\n<meta property=\"og:locale\" content=\"es_ES\" \/>\n<meta property=\"og:type\" content=\"article\" \/>\n<meta property=\"og:title\" content=\"Camiseta manga corta BERLIN OCRE | Inverseteams\" \/>\n<meta property=\"og:description\" content=\"Camiseta manga corta deportiva perfecta para el gravel, btt o salir a pasear relajadamente por la monta\u00f1a.\" \/>\n<meta property=\"og:url\" content=\"https:\/\/www.inverseteams.com\/es\/producto\/camiseta-manga-corta-berlin-ocre\/\" \/>\n<meta property=\"og:site_name\" content=\"Inverseteams\" \/>\n<meta property=\"article:publisher\" content=\"https:\/\/www.facebook.com\/inverseteams\" \/>\n<meta property=\"article:modified_time\" content=\"2025-07-18T09:43:46+00:00\" \/>\n<meta property=\"og:image\" content=\"https:\/\/www.inverseteams.com\/wp-content\/uploads\/CAMISETA-MANGA-CORTA-BERLIN-OCRE-1.jpg\" \/>\n\t<meta property=\"og:image:width\" content=\"3000\" \/>\n\t<meta property=\"og:image:height\" content=\"3223\" \/>\n\t<meta property=\"og:image:type\" content=\"image\/jpeg\" \/>\n<meta name=\"twitter:card\" content=\"summary_large_image\" \/>\n<meta name=\"twitter:label1\" content=\"Tiempo de lectura\" \/>\n\t<meta name=\"twitter:data1\" content=\"1 minuto\" \/>\n<script type=\"application\/ld+json\" class=\"yoast-schema-graph\">{\"@context\":\"https:\\\/\\\/schema.org\",\"@graph\":[{\"@type\":\"WebPage\",\"@id\":\"https:\\\/\\\/www.inverseteams.com\\\/es\\\/producto\\\/camiseta-manga-corta-berlin-ocre\\\/\",\"url\":\"https:\\\/\\\/www.inverseteams.com\\\/es\\\/producto\\\/camiseta-manga-corta-berlin-ocre\\\/\",\"name\":\"Camiseta manga corta BERLIN OCRE | Inverseteams\",\"isPartOf\":{\"@id\":\"https:\\\/\\\/www.inverseteams.com\\\/es\\\/#website\"},\"primaryImageOfPage\":{\"@id\":\"https:\\\/\\\/www.inverseteams.com\\\/es\\\/producto\\\/camiseta-manga-corta-berlin-ocre\\\/#primaryimage\"},\"image\":{\"@id\":\"https:\\\/\\\/www.inverseteams.com\\\/es\\\/producto\\\/camiseta-manga-corta-berlin-ocre\\\/#primaryimage\"},\"thumbnailUrl\":\"https:\\\/\\\/www.inverseteams.com\\\/wp-content\\\/uploads\\\/CAMISETA-MANGA-CORTA-BERLIN-OCRE-1.jpg\",\"datePublished\":\"2023-04-19T13:03:09+00:00\",\"dateModified\":\"2025-07-18T09:43:46+00:00\",\"description\":\"Camiseta manga corta deportiva perfecta para el gravel, btt o salir a pasear relajadamente por la monta\u00f1a.\",\"breadcrumb\":{\"@id\":\"https:\\\/\\\/www.inverseteams.com\\\/es\\\/producto\\\/camiseta-manga-corta-berlin-ocre\\\/#breadcrumb\"},\"inLanguage\":\"es\",\"potentialAction\":[{\"@type\":\"ReadAction\",\"target\":[\"https:\\\/\\\/www.inverseteams.com\\\/es\\\/producto\\\/camiseta-manga-corta-berlin-ocre\\\/\"]}]},{\"@type\":\"ImageObject\",\"inLanguage\":\"es\",\"@id\":\"https:\\\/\\\/www.inverseteams.com\\\/es\\\/producto\\\/camiseta-manga-corta-berlin-ocre\\\/#primaryimage\",\"url\":\"https:\\\/\\\/www.inverseteams.com\\\/wp-content\\\/uploads\\\/CAMISETA-MANGA-CORTA-BERLIN-OCRE-1.jpg\",\"contentUrl\":\"https:\\\/\\\/www.inverseteams.com\\\/wp-content\\\/uploads\\\/CAMISETA-MANGA-CORTA-BERLIN-OCRE-1.jpg\",\"width\":3000,\"height\":3223,\"caption\":\"camiseta manga corta gravel enduro casual BERLIN OCRE\"},{\"@type\":\"BreadcrumbList\",\"@id\":\"https:\\\/\\\/www.inverseteams.com\\\/es\\\/producto\\\/camiseta-manga-corta-berlin-ocre\\\/#breadcrumb\",\"itemListElement\":[{\"@type\":\"ListItem\",\"position\":1,\"name\":\"Portada\",\"item\":\"https:\\\/\\\/www.inverseteams.com\\\/es\\\/\"},{\"@type\":\"ListItem\",\"position\":2,\"name\":\"Tienda\",\"item\":\"https:\\\/\\\/www.inverseteams.com\\\/es\\\/tienda\\\/\"},{\"@type\":\"ListItem\",\"position\":3,\"name\":\"Camiseta manga corta BERLIN OCRE\"}]},{\"@type\":\"WebSite\",\"@id\":\"https:\\\/\\\/www.inverseteams.com\\\/es\\\/#website\",\"url\":\"https:\\\/\\\/www.inverseteams.com\\\/es\\\/\",\"name\":\"Inverseteams\",\"description\":\"Tu marca de ropa deportiva personalizada\",\"publisher\":{\"@id\":\"https:\\\/\\\/www.inverseteams.com\\\/es\\\/#organization\"},\"potentialAction\":[{\"@type\":\"SearchAction\",\"target\":{\"@type\":\"EntryPoint\",\"urlTemplate\":\"https:\\\/\\\/www.inverseteams.com\\\/es\\\/?s={search_term_string}\"},\"query-input\":{\"@type\":\"PropertyValueSpecification\",\"valueRequired\":true,\"valueName\":\"search_term_string\"}}],\"inLanguage\":\"es\"},{\"@type\":\"Organization\",\"@id\":\"https:\\\/\\\/www.inverseteams.com\\\/es\\\/#organization\",\"name\":\"Inverse Teams\",\"url\":\"https:\\\/\\\/www.inverseteams.com\\\/es\\\/\",\"logo\":{\"@type\":\"ImageObject\",\"inLanguage\":\"es\",\"@id\":\"https:\\\/\\\/www.inverseteams.com\\\/es\\\/#\\\/schema\\\/logo\\\/image\\\/\",\"url\":\"http:\\\/\\\/www.inverseteams.com\\\/wp-content\\\/uploads\\\/2021\\\/03\\\/logo-inverse-teams.png\",\"contentUrl\":\"http:\\\/\\\/www.inverseteams.com\\\/wp-content\\\/uploads\\\/2021\\\/03\\\/logo-inverse-teams.png\",\"width\":294,\"height\":99,\"caption\":\"Inverse Teams\"},\"image\":{\"@id\":\"https:\\\/\\\/www.inverseteams.com\\\/es\\\/#\\\/schema\\\/logo\\\/image\\\/\"},\"sameAs\":[\"https:\\\/\\\/www.facebook.com\\\/inverseteams\",\"http:\\\/\\\/instagram.com\\\/inverseteams\",\"https:\\\/\\\/www.linkedin.com\\\/company\\\/inverse-cirosport-s-l-?trk=job_view_topcard_company_name\",\"http:\\\/\\\/www.pinterest.com\\\/inverseteams\\\/\",\"http:\\\/\\\/www.youtube.com\\\/user\\\/inverseteams?feature=watch\"]}]}<\/script>\n<!-- \/ Yoast SEO plugin. -->","yoast_head_json":{"title":"Camiseta manga corta BERLIN OCRE | Inverseteams","description":"Camiseta manga corta deportiva perfecta para el gravel, btt o salir a pasear relajadamente por la monta\u00f1a.","robots":{"index":"index","follow":"follow","max-snippet":"max-snippet:-1","max-image-preview":"max-image-preview:large","max-video-preview":"max-video-preview:-1"},"canonical":"https:\/\/www.inverseteams.com\/es\/producto\/camiseta-manga-corta-berlin-ocre\/","og_locale":"es_ES","og_type":"article","og_title":"Camiseta manga corta BERLIN OCRE | Inverseteams","og_description":"Camiseta manga corta deportiva perfecta para el gravel, btt o salir a pasear relajadamente por la monta\u00f1a.","og_url":"https:\/\/www.inverseteams.com\/es\/producto\/camiseta-manga-corta-berlin-ocre\/","og_site_name":"Inverseteams","article_publisher":"https:\/\/www.facebook.com\/inverseteams","article_modified_time":"2025-07-18T09:43:46+00:00","og_image":[{"width":3000,"height":3223,"url":"https:\/\/www.inverseteams.com\/wp-content\/uploads\/CAMISETA-MANGA-CORTA-BERLIN-OCRE-1.jpg","type":"image\/jpeg"}],"twitter_card":"summary_large_image","twitter_misc":{"Tiempo de lectura":"1 minuto"},"schema":{"@context":"https:\/\/schema.org","@graph":[{"@type":"WebPage","@id":"https:\/\/www.inverseteams.com\/es\/producto\/camiseta-manga-corta-berlin-ocre\/","url":"https:\/\/www.inverseteams.com\/es\/producto\/camiseta-manga-corta-berlin-ocre\/","name":"Camiseta manga corta BERLIN OCRE | Inverseteams","isPartOf":{"@id":"https:\/\/www.inverseteams.com\/es\/#website"},"primaryImageOfPage":{"@id":"https:\/\/www.inverseteams.com\/es\/producto\/camiseta-manga-corta-berlin-ocre\/#primaryimage"},"image":{"@id":"https:\/\/www.inverseteams.com\/es\/producto\/camiseta-manga-corta-berlin-ocre\/#primaryimage"},"thumbnailUrl":"https:\/\/www.inverseteams.com\/wp-content\/uploads\/CAMISETA-MANGA-CORTA-BERLIN-OCRE-1.jpg","datePublished":"2023-04-19T13:03:09+00:00","dateModified":"2025-07-18T09:43:46+00:00","description":"Camiseta manga corta deportiva perfecta para el gravel, btt o salir a pasear relajadamente por la monta\u00f1a.","breadcrumb":{"@id":"https:\/\/www.inverseteams.com\/es\/producto\/camiseta-manga-corta-berlin-ocre\/#breadcrumb"},"inLanguage":"es","potentialAction":[{"@type":"ReadAction","target":["https:\/\/www.inverseteams.com\/es\/producto\/camiseta-manga-corta-berlin-ocre\/"]}]},{"@type":"ImageObject","inLanguage":"es","@id":"https:\/\/www.inverseteams.com\/es\/producto\/camiseta-manga-corta-berlin-ocre\/#primaryimage","url":"https:\/\/www.inverseteams.com\/wp-content\/uploads\/CAMISETA-MANGA-CORTA-BERLIN-OCRE-1.jpg","contentUrl":"https:\/\/www.inverseteams.com\/wp-content\/uploads\/CAMISETA-MANGA-CORTA-BERLIN-OCRE-1.jpg","width":3000,"height":3223,"caption":"camiseta manga corta gravel enduro casual BERLIN OCRE"},{"@type":"BreadcrumbList","@id":"https:\/\/www.inverseteams.com\/es\/producto\/camiseta-manga-corta-berlin-ocre\/#breadcrumb","itemListElement":[{"@type":"ListItem","position":1,"name":"Portada","item":"https:\/\/www.inverseteams.com\/es\/"},{"@type":"ListItem","position":2,"name":"Tienda","item":"https:\/\/www.inverseteams.com\/es\/tienda\/"},{"@type":"ListItem","position":3,"name":"Camiseta manga corta BERLIN OCRE"}]},{"@type":"WebSite","@id":"https:\/\/www.inverseteams.com\/es\/#website","url":"https:\/\/www.inverseteams.com\/es\/","name":"Inverseteams","description":"Tu marca de ropa deportiva personalizada","publisher":{"@id":"https:\/\/www.inverseteams.com\/es\/#organization"},"potentialAction":[{"@type":"SearchAction","target":{"@type":"EntryPoint","urlTemplate":"https:\/\/www.inverseteams.com\/es\/?s={search_term_string}"},"query-input":{"@type":"PropertyValueSpecification","valueRequired":true,"valueName":"search_term_string"}}],"inLanguage":"es"},{"@type":"Organization","@id":"https:\/\/www.inverseteams.com\/es\/#organization","name":"Inverse Teams","url":"https:\/\/www.inverseteams.com\/es\/","logo":{"@type":"ImageObject","inLanguage":"es","@id":"https:\/\/www.inverseteams.com\/es\/#\/schema\/logo\/image\/","url":"https:\/\/www.inverseteams.com\/wp-content\/uploads\/2021\/03\/logo-inverse-teams.png","contentUrl":"https:\/\/www.inverseteams.com\/wp-content\/uploads\/2021\/03\/logo-inverse-teams.png","width":294,"height":99,"caption":"Inverse Teams"},"image":{"@id":"https:\/\/www.inverseteams.com\/es\/#\/schema\/logo\/image\/"},"sameAs":["https:\/\/www.facebook.com\/inverseteams","http:\/\/instagram.com\/inverseteams","https:\/\/www.linkedin.com\/company\/inverse-cirosport-s-l-?trk=job_view_topcard_company_name","http:\/\/www.pinterest.com\/inverseteams\/","http:\/\/www.youtube.com\/user\/inverseteams?feature=watch"]}]}},"_links":{"self":[{"href":"https:\/\/www.inverseteams.com\/es\/wp-json\/wp\/v2\/product\/126970","targetHints":{"allow":["GET"]}}],"collection":[{"href":"https:\/\/www.inverseteams.com\/es\/wp-json\/wp\/v2\/product"}],"about":[{"href":"https:\/\/www.inverseteams.com\/es\/wp-json\/wp\/v2\/types\/product"}],"replies":[{"embeddable":true,"href":"https:\/\/www.inverseteams.com\/es\/wp-json\/wp\/v2\/comments?post=126970"}],"wp:featuredmedia":[{"embeddable":true,"href":"https:\/\/www.inverseteams.com\/es\/wp-json\/wp\/v2\/media\/126650"}],"wp:attachment":[{"href":"https:\/\/www.inverseteams.com\/es\/wp-json\/wp\/v2\/media?parent=126970"}],"wp:term":[{"taxonomy":"product_brand","embeddable":true,"href":"https:\/\/www.inverseteams.com\/es\/wp-json\/wp\/v2\/product_brand?post=126970"},{"taxonomy":"product_cat","embeddable":true,"href":"https:\/\/www.inverseteams.com\/es\/wp-json\/wp\/v2\/product_cat?post=126970"},{"taxonomy":"product_tag","embeddable":true,"href":"https:\/\/www.inverseteams.com\/es\/wp-json\/wp\/v2\/product_tag?post=126970"},{"taxonomy":"custom_category","embeddable":true,"href":"https:\/\/www.inverseteams.com\/es\/wp-json\/wp\/v2\/custom_category?post=126970"},{"taxonomy":"range","embeddable":true,"href":"https:\/\/www.inverseteams.com\/es\/wp-json\/wp\/v2\/range?post=126970"}],"curies":[{"name":"wp","href":"https:\/\/api.w.org\/{rel}","templated":true}]}}