{"id":11464,"date":"2021-05-13T07:56:12","date_gmt":"2021-05-13T07:56:12","guid":{"rendered":"https:\/\/new.inverseteams.ddev.site\/product\/falda-trail-camu\/"},"modified":"2023-06-29T13:15:43","modified_gmt":"2023-06-29T13:15:43","slug":"falda-trail-camu","status":"publish","type":"product","link":"https:\/\/www.inverseteams.com\/es\/producto\/falda-trail-camu\/","title":{"rendered":"Falda trail CAMU"},"content":{"rendered":"<p>Confeccionada con un tejido ligero y resistente a la abrasi\u00f3n, la falda ULTRA es ideal para correr por la monta\u00f1a durante largas sesiones de entrenamiento o competici\u00f3n.<br \/>\nEn la zona posterior tiene 2 bolsillos el\u00e1sticos de rejilla y 1 bolsillo con cremallera donde podr\u00e1s guardar cualquier objeto sin miedo a perderlo, podr\u00e1s correr sin preocupaciones. Adem\u00e1s, en la cintura, tiene una goma el\u00e1stica que se ajusta muy bien al cuerpo y mantiene el pantal\u00f3n bien sujeto sin molestar<br \/>\nEl short el\u00e1stico interior se mantiene siempre bien arrapado a las piernas y te har\u00e1 sentir confortable en todo momento. \u00c9ste tiene una banda el\u00e1stica microperforada con un grip de silicona hipoalerg\u00e9nica en su interior que evita que aumente la sudoraci\u00f3n y mantiene la prenda bien sujeta.<\/p>\n","protected":false},"excerpt":{"rendered":"<p>Confeccionada con un tejido ligero y resistente a la abrasi\u00f3n, la falda ULTRA es ideal para correr por la monta\u00f1a durante largas sesiones de entrenamiento o competici\u00f3n.<br \/>\nEn la zona posterior tiene 2 bolsillos el\u00e1sticos de rejilla y 1 bolsillo con cremallera donde podr\u00e1s guardar cualquier objeto sin miedo a perderlo, podr\u00e1s correr sin preocupaciones. Adem\u00e1s, en la cintura, tiene una goma el\u00e1stica que se ajusta muy bien al cuerpo y mantiene el pantal\u00f3n bien sujeto sin molestar<br \/>\nEl short el\u00e1stico interior se mantiene siempre bien arrapado a las piernas y te har\u00e1 sentir confortable en todo momento. \u00c9ste tiene una banda el\u00e1stica microperforada con un grip de silicona hipoalerg\u00e9nica en su interior que evita que aumente la sudoraci\u00f3n y mantiene la prenda bien sujeta.<\/p>\n","protected":false},"featured_media":11481,"comment_status":"closed","ping_status":"closed","template":"","meta":{"_acf_changed":false},"product_brand":[],"product_cat":[2826,1078,1196,1085],"product_tag":[],"custom_category":[],"range":[],"class_list":{"0":"post-11464","1":"product","2":"type-product","3":"status-publish","4":"has-post-thumbnail","6":"product_cat-falda-trail-trail-outlet","7":"product_cat-mujer","8":"product_cat-trail-outlet","9":"product_cat-outlet","10":"pa_climatologia-calor","11":"pa_deporte-trail","12":"pa_genero-mujer","13":"pa_patronaje-regular","14":"pa_talla-l","15":"pa_talla-xl","16":"pa_talla-s","17":"pa_talla-m","18":"pa_tipo-de-prenda-falda-trail","20":"first","21":"outofstock","22":"sale","23":"taxable","24":"shipping-taxable","25":"purchasable","26":"product-type-variable","27":"has-default-attributes"},"acf":[],"yoast_head":"<!-- This site is optimized with the Yoast SEO plugin v27.2 - https:\/\/yoast.com\/product\/yoast-seo-wordpress\/ -->\n<title>Falda trail CAMU<\/title>\n<meta name=\"description\" content=\"Confeccionada con un tejido ligero y resistente a la abrasi\u00f3n, la falda ULTRA es ideal para correr por la monta\u00f1a durante largas sesiones de entrenamiento o competici\u00f3n. En la zona posterior tiene 2 bolsillos el\u00e1sticos de rejilla y 1 bolsillo con cremallera donde podr\u00e1s guardar cualquier objeto sin miedo a perderlo, podr\u00e1s correr sin preocupaciones. Adem\u00e1s, en la cintura, tiene una goma el\u00e1stica que se ajusta muy bien al cuerpo y mantiene el pantal\u00f3n bien sujeto sin molestar El short el\u00e1stico interior se mantiene siempre bien arrapado a las piernas y te har\u00e1 sentir confortable en todo momento. \u00c9ste tiene una banda el\u00e1stica microperforada con un grip de silicona hipoalerg\u00e9nica en su interior que evita que aumente la sudoraci\u00f3n y mantiene la prenda bien sujeta.\" \/>\n<meta name=\"robots\" content=\"index, follow, max-snippet:-1, max-image-preview:large, max-video-preview:-1\" \/>\n<link rel=\"canonical\" href=\"https:\/\/www.inverseteams.com\/es\/producto\/falda-trail-camu\/\" \/>\n<meta property=\"og:locale\" content=\"es_ES\" \/>\n<meta property=\"og:type\" content=\"article\" \/>\n<meta property=\"og:title\" content=\"Falda trail CAMU\" \/>\n<meta property=\"og:description\" content=\"Confeccionada con un tejido ligero y resistente a la abrasi\u00f3n, la falda ULTRA es ideal para correr por la monta\u00f1a durante largas sesiones de entrenamiento o competici\u00f3n. En la zona posterior tiene 2 bolsillos el\u00e1sticos de rejilla y 1 bolsillo con cremallera donde podr\u00e1s guardar cualquier objeto sin miedo a perderlo, podr\u00e1s correr sin preocupaciones. Adem\u00e1s, en la cintura, tiene una goma el\u00e1stica que se ajusta muy bien al cuerpo y mantiene el pantal\u00f3n bien sujeto sin molestar El short el\u00e1stico interior se mantiene siempre bien arrapado a las piernas y te har\u00e1 sentir confortable en todo momento. \u00c9ste tiene una banda el\u00e1stica microperforada con un grip de silicona hipoalerg\u00e9nica en su interior que evita que aumente la sudoraci\u00f3n y mantiene la prenda bien sujeta.\" \/>\n<meta property=\"og:url\" content=\"https:\/\/www.inverseteams.com\/es\/producto\/falda-trail-camu\/\" \/>\n<meta property=\"og:site_name\" content=\"Inverseteams\" \/>\n<meta property=\"article:publisher\" content=\"https:\/\/www.facebook.com\/inverseteams\" \/>\n<meta property=\"article:modified_time\" content=\"2023-06-29T13:15:43+00:00\" \/>\n<meta property=\"og:image\" content=\"https:\/\/www.inverseteams.com\/wp-content\/uploads\/FALDA-TRAIL-CAMU-1.jpg\" \/>\n\t<meta property=\"og:image:width\" content=\"3222\" \/>\n\t<meta property=\"og:image:height\" content=\"3462\" \/>\n\t<meta property=\"og:image:type\" content=\"image\/jpeg\" \/>\n<meta name=\"twitter:card\" content=\"summary_large_image\" \/>\n<meta name=\"twitter:label1\" content=\"Tiempo de lectura\" \/>\n\t<meta name=\"twitter:data1\" content=\"1 minuto\" \/>\n<script type=\"application\/ld+json\" class=\"yoast-schema-graph\">{\"@context\":\"https:\/\/schema.org\",\"@graph\":[{\"@type\":\"WebPage\",\"@id\":\"https:\/\/www.inverseteams.com\/es\/producto\/falda-trail-camu\/\",\"url\":\"https:\/\/www.inverseteams.com\/es\/producto\/falda-trail-camu\/\",\"name\":\"Falda trail CAMU\",\"isPartOf\":{\"@id\":\"https:\/\/www.inverseteams.com\/es\/#website\"},\"primaryImageOfPage\":{\"@id\":\"https:\/\/www.inverseteams.com\/es\/producto\/falda-trail-camu\/#primaryimage\"},\"image\":{\"@id\":\"https:\/\/www.inverseteams.com\/es\/producto\/falda-trail-camu\/#primaryimage\"},\"thumbnailUrl\":\"https:\/\/www.inverseteams.com\/wp-content\/uploads\/FALDA-TRAIL-CAMU-1.jpg\",\"datePublished\":\"2021-05-13T07:56:12+00:00\",\"dateModified\":\"2023-06-29T13:15:43+00:00\",\"description\":\"Confeccionada con un tejido ligero y resistente a la abrasi\u00f3n, la falda ULTRA es ideal para correr por la monta\u00f1a durante largas sesiones de entrenamiento o competici\u00f3n. En la zona posterior tiene 2 bolsillos el\u00e1sticos de rejilla y 1 bolsillo con cremallera donde podr\u00e1s guardar cualquier objeto sin miedo a perderlo, podr\u00e1s correr sin preocupaciones. Adem\u00e1s, en la cintura, tiene una goma el\u00e1stica que se ajusta muy bien al cuerpo y mantiene el pantal\u00f3n bien sujeto sin molestar El short el\u00e1stico interior se mantiene siempre bien arrapado a las piernas y te har\u00e1 sentir confortable en todo momento. \u00c9ste tiene una banda el\u00e1stica microperforada con un grip de silicona hipoalerg\u00e9nica en su interior que evita que aumente la sudoraci\u00f3n y mantiene la prenda bien sujeta.\",\"breadcrumb\":{\"@id\":\"https:\/\/www.inverseteams.com\/es\/producto\/falda-trail-camu\/#breadcrumb\"},\"inLanguage\":\"es\",\"potentialAction\":[{\"@type\":\"ReadAction\",\"target\":[\"https:\/\/www.inverseteams.com\/es\/producto\/falda-trail-camu\/\"]}]},{\"@type\":\"ImageObject\",\"inLanguage\":\"es\",\"@id\":\"https:\/\/www.inverseteams.com\/es\/producto\/falda-trail-camu\/#primaryimage\",\"url\":\"https:\/\/www.inverseteams.com\/wp-content\/uploads\/FALDA-TRAIL-CAMU-1.jpg\",\"contentUrl\":\"https:\/\/www.inverseteams.com\/wp-content\/uploads\/FALDA-TRAIL-CAMU-1.jpg\",\"width\":3222,\"height\":3462,\"caption\":\"Falda trail running CAMU\"},{\"@type\":\"BreadcrumbList\",\"@id\":\"https:\/\/www.inverseteams.com\/es\/producto\/falda-trail-camu\/#breadcrumb\",\"itemListElement\":[{\"@type\":\"ListItem\",\"position\":1,\"name\":\"Portada\",\"item\":\"https:\/\/www.inverseteams.com\/es\/\"},{\"@type\":\"ListItem\",\"position\":2,\"name\":\"Tienda\",\"item\":\"https:\/\/www.inverseteams.com\/es\/tienda\/\"},{\"@type\":\"ListItem\",\"position\":3,\"name\":\"Falda trail CAMU\"}]},{\"@type\":\"WebSite\",\"@id\":\"https:\/\/www.inverseteams.com\/es\/#website\",\"url\":\"https:\/\/www.inverseteams.com\/es\/\",\"name\":\"Inverseteams\",\"description\":\"Tu marca de ropa deportiva personalizada\",\"publisher\":{\"@id\":\"https:\/\/www.inverseteams.com\/es\/#organization\"},\"potentialAction\":[{\"@type\":\"SearchAction\",\"target\":{\"@type\":\"EntryPoint\",\"urlTemplate\":\"https:\/\/www.inverseteams.com\/es\/?s={search_term_string}\"},\"query-input\":{\"@type\":\"PropertyValueSpecification\",\"valueRequired\":true,\"valueName\":\"search_term_string\"}}],\"inLanguage\":\"es\"},{\"@type\":\"Organization\",\"@id\":\"https:\/\/www.inverseteams.com\/es\/#organization\",\"name\":\"Inverse Teams\",\"url\":\"https:\/\/www.inverseteams.com\/es\/\",\"logo\":{\"@type\":\"ImageObject\",\"inLanguage\":\"es\",\"@id\":\"https:\/\/www.inverseteams.com\/es\/#\/schema\/logo\/image\/\",\"url\":\"https:\/\/www.inverseteams.com\/wp-content\/uploads\/2021\/03\/logo-inverse-teams.png\",\"contentUrl\":\"https:\/\/www.inverseteams.com\/wp-content\/uploads\/2021\/03\/logo-inverse-teams.png\",\"width\":294,\"height\":99,\"caption\":\"Inverse Teams\"},\"image\":{\"@id\":\"https:\/\/www.inverseteams.com\/es\/#\/schema\/logo\/image\/\"},\"sameAs\":[\"https:\/\/www.facebook.com\/inverseteams\",\"http:\/\/instagram.com\/inverseteams\",\"https:\/\/www.linkedin.com\/company\/inverse-cirosport-s-l-?trk=job_view_topcard_company_name\",\"http:\/\/www.pinterest.com\/inverseteams\/\",\"http:\/\/www.youtube.com\/user\/inverseteams?feature=watch\"]}]}<\/script>\n<!-- \/ Yoast SEO plugin. -->","yoast_head_json":{"title":"Falda trail CAMU","description":"Confeccionada con un tejido ligero y resistente a la abrasi\u00f3n, la falda ULTRA es ideal para correr por la monta\u00f1a durante largas sesiones de entrenamiento o competici\u00f3n. En la zona posterior tiene 2 bolsillos el\u00e1sticos de rejilla y 1 bolsillo con cremallera donde podr\u00e1s guardar cualquier objeto sin miedo a perderlo, podr\u00e1s correr sin preocupaciones. Adem\u00e1s, en la cintura, tiene una goma el\u00e1stica que se ajusta muy bien al cuerpo y mantiene el pantal\u00f3n bien sujeto sin molestar El short el\u00e1stico interior se mantiene siempre bien arrapado a las piernas y te har\u00e1 sentir confortable en todo momento. \u00c9ste tiene una banda el\u00e1stica microperforada con un grip de silicona hipoalerg\u00e9nica en su interior que evita que aumente la sudoraci\u00f3n y mantiene la prenda bien sujeta.","robots":{"index":"index","follow":"follow","max-snippet":"max-snippet:-1","max-image-preview":"max-image-preview:large","max-video-preview":"max-video-preview:-1"},"canonical":"https:\/\/www.inverseteams.com\/es\/producto\/falda-trail-camu\/","og_locale":"es_ES","og_type":"article","og_title":"Falda trail CAMU","og_description":"Confeccionada con un tejido ligero y resistente a la abrasi\u00f3n, la falda ULTRA es ideal para correr por la monta\u00f1a durante largas sesiones de entrenamiento o competici\u00f3n. En la zona posterior tiene 2 bolsillos el\u00e1sticos de rejilla y 1 bolsillo con cremallera donde podr\u00e1s guardar cualquier objeto sin miedo a perderlo, podr\u00e1s correr sin preocupaciones. Adem\u00e1s, en la cintura, tiene una goma el\u00e1stica que se ajusta muy bien al cuerpo y mantiene el pantal\u00f3n bien sujeto sin molestar El short el\u00e1stico interior se mantiene siempre bien arrapado a las piernas y te har\u00e1 sentir confortable en todo momento. \u00c9ste tiene una banda el\u00e1stica microperforada con un grip de silicona hipoalerg\u00e9nica en su interior que evita que aumente la sudoraci\u00f3n y mantiene la prenda bien sujeta.","og_url":"https:\/\/www.inverseteams.com\/es\/producto\/falda-trail-camu\/","og_site_name":"Inverseteams","article_publisher":"https:\/\/www.facebook.com\/inverseteams","article_modified_time":"2023-06-29T13:15:43+00:00","og_image":[{"width":3222,"height":3462,"url":"https:\/\/www.inverseteams.com\/wp-content\/uploads\/FALDA-TRAIL-CAMU-1.jpg","type":"image\/jpeg"}],"twitter_card":"summary_large_image","twitter_misc":{"Tiempo de lectura":"1 minuto"},"schema":{"@context":"https:\/\/schema.org","@graph":[{"@type":"WebPage","@id":"https:\/\/www.inverseteams.com\/es\/producto\/falda-trail-camu\/","url":"https:\/\/www.inverseteams.com\/es\/producto\/falda-trail-camu\/","name":"Falda trail CAMU","isPartOf":{"@id":"https:\/\/www.inverseteams.com\/es\/#website"},"primaryImageOfPage":{"@id":"https:\/\/www.inverseteams.com\/es\/producto\/falda-trail-camu\/#primaryimage"},"image":{"@id":"https:\/\/www.inverseteams.com\/es\/producto\/falda-trail-camu\/#primaryimage"},"thumbnailUrl":"https:\/\/www.inverseteams.com\/wp-content\/uploads\/FALDA-TRAIL-CAMU-1.jpg","datePublished":"2021-05-13T07:56:12+00:00","dateModified":"2023-06-29T13:15:43+00:00","description":"Confeccionada con un tejido ligero y resistente a la abrasi\u00f3n, la falda ULTRA es ideal para correr por la monta\u00f1a durante largas sesiones de entrenamiento o competici\u00f3n. En la zona posterior tiene 2 bolsillos el\u00e1sticos de rejilla y 1 bolsillo con cremallera donde podr\u00e1s guardar cualquier objeto sin miedo a perderlo, podr\u00e1s correr sin preocupaciones. Adem\u00e1s, en la cintura, tiene una goma el\u00e1stica que se ajusta muy bien al cuerpo y mantiene el pantal\u00f3n bien sujeto sin molestar El short el\u00e1stico interior se mantiene siempre bien arrapado a las piernas y te har\u00e1 sentir confortable en todo momento. \u00c9ste tiene una banda el\u00e1stica microperforada con un grip de silicona hipoalerg\u00e9nica en su interior que evita que aumente la sudoraci\u00f3n y mantiene la prenda bien sujeta.","breadcrumb":{"@id":"https:\/\/www.inverseteams.com\/es\/producto\/falda-trail-camu\/#breadcrumb"},"inLanguage":"es","potentialAction":[{"@type":"ReadAction","target":["https:\/\/www.inverseteams.com\/es\/producto\/falda-trail-camu\/"]}]},{"@type":"ImageObject","inLanguage":"es","@id":"https:\/\/www.inverseteams.com\/es\/producto\/falda-trail-camu\/#primaryimage","url":"https:\/\/www.inverseteams.com\/wp-content\/uploads\/FALDA-TRAIL-CAMU-1.jpg","contentUrl":"https:\/\/www.inverseteams.com\/wp-content\/uploads\/FALDA-TRAIL-CAMU-1.jpg","width":3222,"height":3462,"caption":"Falda trail running CAMU"},{"@type":"BreadcrumbList","@id":"https:\/\/www.inverseteams.com\/es\/producto\/falda-trail-camu\/#breadcrumb","itemListElement":[{"@type":"ListItem","position":1,"name":"Portada","item":"https:\/\/www.inverseteams.com\/es\/"},{"@type":"ListItem","position":2,"name":"Tienda","item":"https:\/\/www.inverseteams.com\/es\/tienda\/"},{"@type":"ListItem","position":3,"name":"Falda trail CAMU"}]},{"@type":"WebSite","@id":"https:\/\/www.inverseteams.com\/es\/#website","url":"https:\/\/www.inverseteams.com\/es\/","name":"Inverseteams","description":"Tu marca de ropa deportiva personalizada","publisher":{"@id":"https:\/\/www.inverseteams.com\/es\/#organization"},"potentialAction":[{"@type":"SearchAction","target":{"@type":"EntryPoint","urlTemplate":"https:\/\/www.inverseteams.com\/es\/?s={search_term_string}"},"query-input":{"@type":"PropertyValueSpecification","valueRequired":true,"valueName":"search_term_string"}}],"inLanguage":"es"},{"@type":"Organization","@id":"https:\/\/www.inverseteams.com\/es\/#organization","name":"Inverse Teams","url":"https:\/\/www.inverseteams.com\/es\/","logo":{"@type":"ImageObject","inLanguage":"es","@id":"https:\/\/www.inverseteams.com\/es\/#\/schema\/logo\/image\/","url":"https:\/\/www.inverseteams.com\/wp-content\/uploads\/2021\/03\/logo-inverse-teams.png","contentUrl":"https:\/\/www.inverseteams.com\/wp-content\/uploads\/2021\/03\/logo-inverse-teams.png","width":294,"height":99,"caption":"Inverse Teams"},"image":{"@id":"https:\/\/www.inverseteams.com\/es\/#\/schema\/logo\/image\/"},"sameAs":["https:\/\/www.facebook.com\/inverseteams","http:\/\/instagram.com\/inverseteams","https:\/\/www.linkedin.com\/company\/inverse-cirosport-s-l-?trk=job_view_topcard_company_name","http:\/\/www.pinterest.com\/inverseteams\/","http:\/\/www.youtube.com\/user\/inverseteams?feature=watch"]}]}},"_links":{"self":[{"href":"https:\/\/www.inverseteams.com\/es\/wp-json\/wp\/v2\/product\/11464","targetHints":{"allow":["GET"]}}],"collection":[{"href":"https:\/\/www.inverseteams.com\/es\/wp-json\/wp\/v2\/product"}],"about":[{"href":"https:\/\/www.inverseteams.com\/es\/wp-json\/wp\/v2\/types\/product"}],"replies":[{"embeddable":true,"href":"https:\/\/www.inverseteams.com\/es\/wp-json\/wp\/v2\/comments?post=11464"}],"wp:featuredmedia":[{"embeddable":true,"href":"https:\/\/www.inverseteams.com\/es\/wp-json\/wp\/v2\/media\/11481"}],"wp:attachment":[{"href":"https:\/\/www.inverseteams.com\/es\/wp-json\/wp\/v2\/media?parent=11464"}],"wp:term":[{"taxonomy":"product_brand","embeddable":true,"href":"https:\/\/www.inverseteams.com\/es\/wp-json\/wp\/v2\/product_brand?post=11464"},{"taxonomy":"product_cat","embeddable":true,"href":"https:\/\/www.inverseteams.com\/es\/wp-json\/wp\/v2\/product_cat?post=11464"},{"taxonomy":"product_tag","embeddable":true,"href":"https:\/\/www.inverseteams.com\/es\/wp-json\/wp\/v2\/product_tag?post=11464"},{"taxonomy":"custom_category","embeddable":true,"href":"https:\/\/www.inverseteams.com\/es\/wp-json\/wp\/v2\/custom_category?post=11464"},{"taxonomy":"range","embeddable":true,"href":"https:\/\/www.inverseteams.com\/es\/wp-json\/wp\/v2\/range?post=11464"}],"curies":[{"name":"wp","href":"https:\/\/api.w.org\/{rel}","templated":true}]}}