{"id":114078,"date":"2022-12-30T13:56:27","date_gmt":"2022-12-30T13:56:27","guid":{"rendered":"https:\/\/www.inverseteams.com\/product\/camiseta-manga-larga-oslo\/"},"modified":"2023-11-08T14:23:26","modified_gmt":"2023-11-08T14:23:26","slug":"camiseta-manga-larga-oslo-personalizable","status":"publish","type":"product","link":"https:\/\/www.inverseteams.com\/es\/producto\/camiseta-manga-larga-oslo-personalizable\/","title":{"rendered":"Camiseta manga larga OSLO personalizable"},"content":{"rendered":"<p>La camiseta manga larga personalitzable OSLO es muy c\u00f3moda, ligera y transpirable, dise\u00f1ada con los mejores tejidos t\u00e9cnicos. La manga est\u00e1 confeccionada con un tejido antiabrasi\u00f3n y antipeeling que evita que se enganche. El resto de la camiseta combina 2 tejidos el\u00e1sticos y muy transpirables que se adaptan perfectamente a todas las posiciones durante el pedaleo. El tejido de los laterales y el interior de las mangas es de estructura abierta que evac\u00faa r\u00e1pidamente el sudor, para que tu piel est\u00e9 siempre fresca y seca durante m\u00e1s tiempo.<\/p>\n","protected":false},"excerpt":{"rendered":"<p>La camiseta manga larga personalitzable OSLO es muy c\u00f3moda, ligera y transpirable, dise\u00f1ada con los mejores tejidos t\u00e9cnicos. La manga est\u00e1 confeccionada con un tejido antiabrasi\u00f3n y antipeeling que evita que se enganche. El resto de la camiseta combina 2 tejidos el\u00e1sticos y muy transpirables que se adaptan perfectamente a todas las posiciones durante el pedaleo. El tejido de los laterales y el interior de las mangas es de estructura abierta que evac\u00faa r\u00e1pidamente el sudor, para que tu piel est\u00e9 siempre fresca y seca durante m\u00e1s tiempo.<\/p>\n","protected":false},"featured_media":113985,"comment_status":"closed","ping_status":"closed","template":"","meta":{"_acf_changed":false},"product_brand":[],"product_cat":[15],"product_tag":[],"custom_category":[10866,1365,10858],"range":[9312],"class_list":{"0":"post-114078","1":"product","2":"type-product","3":"status-publish","4":"has-post-thumbnail","6":"product_cat-uncategorized","7":"pa_climatologia-calor","8":"pa_climatologia-temperatura-templada","9":"pa_deporte-lifestyle","10":"pa_genero-mujer","11":"pa_genero-hombre","12":"pa_patronaje-casual","13":"pa_tipo-de-prenda-camiseta","14":"custom_category-camiseta-gravel-personalizada","15":"custom_category-deporte","16":"custom_category-ropa-gravel-personalizada","17":"range-regeneration","19":"first","20":"instock","21":"product-type-custom"},"acf":[],"yoast_head":"<!-- This site is optimized with the Yoast SEO plugin v27.3 - https:\/\/yoast.com\/product\/yoast-seo-wordpress\/ -->\n<title>Camiseta manga larga personalizada LIFESTYLE | INVERSE<\/title>\n<meta name=\"description\" content=\"Camiseta manga larga personalizable. Perfecta para el enduro y el gravel. Crearemos un dise\u00f1o exclusivo para ti. Solicita presupuesto!\" \/>\n<meta name=\"robots\" content=\"index, follow, max-snippet:-1, max-image-preview:large, max-video-preview:-1\" \/>\n<link rel=\"canonical\" href=\"https:\/\/www.inverseteams.com\/es\/producto\/camiseta-manga-larga-oslo-personalizable\/\" \/>\n<meta property=\"og:locale\" content=\"es_ES\" \/>\n<meta property=\"og:type\" content=\"article\" \/>\n<meta property=\"og:title\" content=\"Camiseta manga larga personalizada LIFESTYLE | INVERSE\" \/>\n<meta property=\"og:description\" content=\"Camiseta manga larga personalizable. Perfecta para el enduro y el gravel. Crearemos un dise\u00f1o exclusivo para ti. Solicita presupuesto!\" \/>\n<meta property=\"og:url\" content=\"https:\/\/www.inverseteams.com\/es\/producto\/camiseta-manga-larga-oslo-personalizable\/\" \/>\n<meta property=\"og:site_name\" content=\"Inverseteams\" \/>\n<meta property=\"article:publisher\" content=\"https:\/\/www.facebook.com\/inverseteams\" \/>\n<meta property=\"article:modified_time\" content=\"2023-11-08T14:23:26+00:00\" \/>\n<meta property=\"og:image\" content=\"https:\/\/www.inverseteams.com\/wp-content\/uploads\/CAMISETA-MANGA-LARGA-PERSONALIZABLE-OSLO-1.jpg\" \/>\n\t<meta property=\"og:image:width\" content=\"3222\" \/>\n\t<meta property=\"og:image:height\" content=\"3462\" \/>\n\t<meta property=\"og:image:type\" content=\"image\/jpeg\" \/>\n<meta name=\"twitter:card\" content=\"summary_large_image\" \/>\n<meta name=\"twitter:label1\" content=\"Tiempo de lectura\" \/>\n\t<meta name=\"twitter:data1\" content=\"1 minuto\" \/>\n<script type=\"application\/ld+json\" class=\"yoast-schema-graph\">{\"@context\":\"https:\\\/\\\/schema.org\",\"@graph\":[{\"@type\":\"WebPage\",\"@id\":\"https:\\\/\\\/www.inverseteams.com\\\/es\\\/producto\\\/camiseta-manga-larga-oslo-personalizable\\\/\",\"url\":\"https:\\\/\\\/www.inverseteams.com\\\/es\\\/producto\\\/camiseta-manga-larga-oslo-personalizable\\\/\",\"name\":\"Camiseta manga larga personalizada LIFESTYLE | INVERSE\",\"isPartOf\":{\"@id\":\"https:\\\/\\\/www.inverseteams.com\\\/es\\\/#website\"},\"primaryImageOfPage\":{\"@id\":\"https:\\\/\\\/www.inverseteams.com\\\/es\\\/producto\\\/camiseta-manga-larga-oslo-personalizable\\\/#primaryimage\"},\"image\":{\"@id\":\"https:\\\/\\\/www.inverseteams.com\\\/es\\\/producto\\\/camiseta-manga-larga-oslo-personalizable\\\/#primaryimage\"},\"thumbnailUrl\":\"https:\\\/\\\/www.inverseteams.com\\\/wp-content\\\/uploads\\\/CAMISETA-MANGA-LARGA-PERSONALIZABLE-OSLO-1.jpg\",\"datePublished\":\"2022-12-30T13:56:27+00:00\",\"dateModified\":\"2023-11-08T14:23:26+00:00\",\"description\":\"Camiseta manga larga personalizable. Perfecta para el enduro y el gravel. Crearemos un dise\u00f1o exclusivo para ti. Solicita presupuesto!\",\"breadcrumb\":{\"@id\":\"https:\\\/\\\/www.inverseteams.com\\\/es\\\/producto\\\/camiseta-manga-larga-oslo-personalizable\\\/#breadcrumb\"},\"inLanguage\":\"es\",\"potentialAction\":[{\"@type\":\"ReadAction\",\"target\":[\"https:\\\/\\\/www.inverseteams.com\\\/es\\\/producto\\\/camiseta-manga-larga-oslo-personalizable\\\/\"]}]},{\"@type\":\"ImageObject\",\"inLanguage\":\"es\",\"@id\":\"https:\\\/\\\/www.inverseteams.com\\\/es\\\/producto\\\/camiseta-manga-larga-oslo-personalizable\\\/#primaryimage\",\"url\":\"https:\\\/\\\/www.inverseteams.com\\\/wp-content\\\/uploads\\\/CAMISETA-MANGA-LARGA-PERSONALIZABLE-OSLO-1.jpg\",\"contentUrl\":\"https:\\\/\\\/www.inverseteams.com\\\/wp-content\\\/uploads\\\/CAMISETA-MANGA-LARGA-PERSONALIZABLE-OSLO-1.jpg\",\"width\":3222,\"height\":3462,\"caption\":\"Camiseta manga larga personalizable OSLO\"},{\"@type\":\"BreadcrumbList\",\"@id\":\"https:\\\/\\\/www.inverseteams.com\\\/es\\\/producto\\\/camiseta-manga-larga-oslo-personalizable\\\/#breadcrumb\",\"itemListElement\":[{\"@type\":\"ListItem\",\"position\":1,\"name\":\"Portada\",\"item\":\"https:\\\/\\\/www.inverseteams.com\\\/es\\\/\"},{\"@type\":\"ListItem\",\"position\":2,\"name\":\"Tienda\",\"item\":\"https:\\\/\\\/www.inverseteams.com\\\/es\\\/tienda\\\/\"},{\"@type\":\"ListItem\",\"position\":3,\"name\":\"Camiseta manga larga OSLO personalizable\"}]},{\"@type\":\"WebSite\",\"@id\":\"https:\\\/\\\/www.inverseteams.com\\\/es\\\/#website\",\"url\":\"https:\\\/\\\/www.inverseteams.com\\\/es\\\/\",\"name\":\"Inverseteams\",\"description\":\"Tu marca de ropa deportiva personalizada\",\"publisher\":{\"@id\":\"https:\\\/\\\/www.inverseteams.com\\\/es\\\/#organization\"},\"potentialAction\":[{\"@type\":\"SearchAction\",\"target\":{\"@type\":\"EntryPoint\",\"urlTemplate\":\"https:\\\/\\\/www.inverseteams.com\\\/es\\\/?s={search_term_string}\"},\"query-input\":{\"@type\":\"PropertyValueSpecification\",\"valueRequired\":true,\"valueName\":\"search_term_string\"}}],\"inLanguage\":\"es\"},{\"@type\":\"Organization\",\"@id\":\"https:\\\/\\\/www.inverseteams.com\\\/es\\\/#organization\",\"name\":\"Inverse Teams\",\"url\":\"https:\\\/\\\/www.inverseteams.com\\\/es\\\/\",\"logo\":{\"@type\":\"ImageObject\",\"inLanguage\":\"es\",\"@id\":\"https:\\\/\\\/www.inverseteams.com\\\/es\\\/#\\\/schema\\\/logo\\\/image\\\/\",\"url\":\"http:\\\/\\\/www.inverseteams.com\\\/wp-content\\\/uploads\\\/2021\\\/03\\\/logo-inverse-teams.png\",\"contentUrl\":\"http:\\\/\\\/www.inverseteams.com\\\/wp-content\\\/uploads\\\/2021\\\/03\\\/logo-inverse-teams.png\",\"width\":294,\"height\":99,\"caption\":\"Inverse Teams\"},\"image\":{\"@id\":\"https:\\\/\\\/www.inverseteams.com\\\/es\\\/#\\\/schema\\\/logo\\\/image\\\/\"},\"sameAs\":[\"https:\\\/\\\/www.facebook.com\\\/inverseteams\",\"http:\\\/\\\/instagram.com\\\/inverseteams\",\"https:\\\/\\\/www.linkedin.com\\\/company\\\/inverse-cirosport-s-l-?trk=job_view_topcard_company_name\",\"http:\\\/\\\/www.pinterest.com\\\/inverseteams\\\/\",\"http:\\\/\\\/www.youtube.com\\\/user\\\/inverseteams?feature=watch\"]}]}<\/script>\n<!-- \/ Yoast SEO plugin. -->","yoast_head_json":{"title":"Camiseta manga larga personalizada LIFESTYLE | INVERSE","description":"Camiseta manga larga personalizable. Perfecta para el enduro y el gravel. Crearemos un dise\u00f1o exclusivo para ti. Solicita presupuesto!","robots":{"index":"index","follow":"follow","max-snippet":"max-snippet:-1","max-image-preview":"max-image-preview:large","max-video-preview":"max-video-preview:-1"},"canonical":"https:\/\/www.inverseteams.com\/es\/producto\/camiseta-manga-larga-oslo-personalizable\/","og_locale":"es_ES","og_type":"article","og_title":"Camiseta manga larga personalizada LIFESTYLE | INVERSE","og_description":"Camiseta manga larga personalizable. Perfecta para el enduro y el gravel. Crearemos un dise\u00f1o exclusivo para ti. Solicita presupuesto!","og_url":"https:\/\/www.inverseteams.com\/es\/producto\/camiseta-manga-larga-oslo-personalizable\/","og_site_name":"Inverseteams","article_publisher":"https:\/\/www.facebook.com\/inverseteams","article_modified_time":"2023-11-08T14:23:26+00:00","og_image":[{"width":3222,"height":3462,"url":"https:\/\/www.inverseteams.com\/wp-content\/uploads\/CAMISETA-MANGA-LARGA-PERSONALIZABLE-OSLO-1.jpg","type":"image\/jpeg"}],"twitter_card":"summary_large_image","twitter_misc":{"Tiempo de lectura":"1 minuto"},"schema":{"@context":"https:\/\/schema.org","@graph":[{"@type":"WebPage","@id":"https:\/\/www.inverseteams.com\/es\/producto\/camiseta-manga-larga-oslo-personalizable\/","url":"https:\/\/www.inverseteams.com\/es\/producto\/camiseta-manga-larga-oslo-personalizable\/","name":"Camiseta manga larga personalizada LIFESTYLE | INVERSE","isPartOf":{"@id":"https:\/\/www.inverseteams.com\/es\/#website"},"primaryImageOfPage":{"@id":"https:\/\/www.inverseteams.com\/es\/producto\/camiseta-manga-larga-oslo-personalizable\/#primaryimage"},"image":{"@id":"https:\/\/www.inverseteams.com\/es\/producto\/camiseta-manga-larga-oslo-personalizable\/#primaryimage"},"thumbnailUrl":"https:\/\/www.inverseteams.com\/wp-content\/uploads\/CAMISETA-MANGA-LARGA-PERSONALIZABLE-OSLO-1.jpg","datePublished":"2022-12-30T13:56:27+00:00","dateModified":"2023-11-08T14:23:26+00:00","description":"Camiseta manga larga personalizable. Perfecta para el enduro y el gravel. Crearemos un dise\u00f1o exclusivo para ti. Solicita presupuesto!","breadcrumb":{"@id":"https:\/\/www.inverseteams.com\/es\/producto\/camiseta-manga-larga-oslo-personalizable\/#breadcrumb"},"inLanguage":"es","potentialAction":[{"@type":"ReadAction","target":["https:\/\/www.inverseteams.com\/es\/producto\/camiseta-manga-larga-oslo-personalizable\/"]}]},{"@type":"ImageObject","inLanguage":"es","@id":"https:\/\/www.inverseteams.com\/es\/producto\/camiseta-manga-larga-oslo-personalizable\/#primaryimage","url":"https:\/\/www.inverseteams.com\/wp-content\/uploads\/CAMISETA-MANGA-LARGA-PERSONALIZABLE-OSLO-1.jpg","contentUrl":"https:\/\/www.inverseteams.com\/wp-content\/uploads\/CAMISETA-MANGA-LARGA-PERSONALIZABLE-OSLO-1.jpg","width":3222,"height":3462,"caption":"Camiseta manga larga personalizable OSLO"},{"@type":"BreadcrumbList","@id":"https:\/\/www.inverseteams.com\/es\/producto\/camiseta-manga-larga-oslo-personalizable\/#breadcrumb","itemListElement":[{"@type":"ListItem","position":1,"name":"Portada","item":"https:\/\/www.inverseteams.com\/es\/"},{"@type":"ListItem","position":2,"name":"Tienda","item":"https:\/\/www.inverseteams.com\/es\/tienda\/"},{"@type":"ListItem","position":3,"name":"Camiseta manga larga OSLO personalizable"}]},{"@type":"WebSite","@id":"https:\/\/www.inverseteams.com\/es\/#website","url":"https:\/\/www.inverseteams.com\/es\/","name":"Inverseteams","description":"Tu marca de ropa deportiva personalizada","publisher":{"@id":"https:\/\/www.inverseteams.com\/es\/#organization"},"potentialAction":[{"@type":"SearchAction","target":{"@type":"EntryPoint","urlTemplate":"https:\/\/www.inverseteams.com\/es\/?s={search_term_string}"},"query-input":{"@type":"PropertyValueSpecification","valueRequired":true,"valueName":"search_term_string"}}],"inLanguage":"es"},{"@type":"Organization","@id":"https:\/\/www.inverseteams.com\/es\/#organization","name":"Inverse Teams","url":"https:\/\/www.inverseteams.com\/es\/","logo":{"@type":"ImageObject","inLanguage":"es","@id":"https:\/\/www.inverseteams.com\/es\/#\/schema\/logo\/image\/","url":"https:\/\/www.inverseteams.com\/wp-content\/uploads\/2021\/03\/logo-inverse-teams.png","contentUrl":"https:\/\/www.inverseteams.com\/wp-content\/uploads\/2021\/03\/logo-inverse-teams.png","width":294,"height":99,"caption":"Inverse Teams"},"image":{"@id":"https:\/\/www.inverseteams.com\/es\/#\/schema\/logo\/image\/"},"sameAs":["https:\/\/www.facebook.com\/inverseteams","http:\/\/instagram.com\/inverseteams","https:\/\/www.linkedin.com\/company\/inverse-cirosport-s-l-?trk=job_view_topcard_company_name","http:\/\/www.pinterest.com\/inverseteams\/","http:\/\/www.youtube.com\/user\/inverseteams?feature=watch"]}]}},"_links":{"self":[{"href":"https:\/\/www.inverseteams.com\/es\/wp-json\/wp\/v2\/product\/114078","targetHints":{"allow":["GET"]}}],"collection":[{"href":"https:\/\/www.inverseteams.com\/es\/wp-json\/wp\/v2\/product"}],"about":[{"href":"https:\/\/www.inverseteams.com\/es\/wp-json\/wp\/v2\/types\/product"}],"replies":[{"embeddable":true,"href":"https:\/\/www.inverseteams.com\/es\/wp-json\/wp\/v2\/comments?post=114078"}],"wp:featuredmedia":[{"embeddable":true,"href":"https:\/\/www.inverseteams.com\/es\/wp-json\/wp\/v2\/media\/113985"}],"wp:attachment":[{"href":"https:\/\/www.inverseteams.com\/es\/wp-json\/wp\/v2\/media?parent=114078"}],"wp:term":[{"taxonomy":"product_brand","embeddable":true,"href":"https:\/\/www.inverseteams.com\/es\/wp-json\/wp\/v2\/product_brand?post=114078"},{"taxonomy":"product_cat","embeddable":true,"href":"https:\/\/www.inverseteams.com\/es\/wp-json\/wp\/v2\/product_cat?post=114078"},{"taxonomy":"product_tag","embeddable":true,"href":"https:\/\/www.inverseteams.com\/es\/wp-json\/wp\/v2\/product_tag?post=114078"},{"taxonomy":"custom_category","embeddable":true,"href":"https:\/\/www.inverseteams.com\/es\/wp-json\/wp\/v2\/custom_category?post=114078"},{"taxonomy":"range","embeddable":true,"href":"https:\/\/www.inverseteams.com\/es\/wp-json\/wp\/v2\/range?post=114078"}],"curies":[{"name":"wp","href":"https:\/\/api.w.org\/{rel}","templated":true}]}}