{"id":113013,"date":"2022-12-20T12:09:12","date_gmt":"2022-12-20T12:09:12","guid":{"rendered":"https:\/\/www.inverseteams.com\/?post_type=product&#038;p=113013"},"modified":"2026-02-24T14:26:27","modified_gmt":"2026-02-24T13:26:27","slug":"chaqueta-ciclismo-hombre-oncic-6","status":"publish","type":"product","link":"https:\/\/www.inverseteams.com\/es\/producto\/chaqueta-ciclismo-hombre-oncic-6\/","title":{"rendered":"Chaqueta ciclismo hombre ONCIC 6"},"content":{"rendered":"<p>Chaqueta ciclismo hombre perfecta para protegerte del fr\u00edo. El tejido AEROTECH est\u00e1 compuesto de 3 membranas. La capa exterior act\u00faa como barrera para evitar que el agua penetre. La capa interna ayuda a evacuar el sudor y a mantener el calor corporal. Tendr\u00e1s la piel seca y evitar\u00e1s un sobrecalentamiento para poder rendir al m\u00e1ximo. Los laterales son el\u00e1sticos y se adaptan a cualquier posici\u00f3n sobre la bici sin oponer resistencia. El cuello anat\u00f3mico se ajusta muy bien al cuerpo sin causarte molestias y evita la entrada de aire. Esta chaqueta de ciclismo combina diferentes tecnolog\u00edas para que siempre se mantenga en la posici\u00f3n ideal. Al final de las mangas tiene un pu\u00f1o que se ajusta muy bien al brazo y evita que entre aire. En la parte posterior de la cintura tiene una banda el\u00e1stica con un grip de silicona que mantendr\u00e1 la chaqueta en su posici\u00f3n ideal. En la zona frontal tiene un ribete muy fino que ajusta la prenda al cuerpo y no molesta en la posici\u00f3n ciclista. En la zona lumbar incorpora 3 bolsillos con el nuevo sistema de Seguridad ISP \u2013 Inverse Safe Pocket \u2013 donde podr\u00e1s guardar cualquier objeto sin miedo a perderlo. Disfruta del ciclismo sin preocupaciones.<\/p>\n","protected":false},"excerpt":{"rendered":"<p>Chaqueta ciclismo hombre perfecta para protegerte del fr\u00edo. El tejido AEROTECH est\u00e1 compuesto de 3 membranas. La capa exterior act\u00faa como barrera para evitar que el agua penetre. La capa interna ayuda a evacuar el sudor y a mantener el calor corporal. Tendr\u00e1s la piel seca y evitar\u00e1s un sobrecalentamiento para poder rendir al m\u00e1ximo. Los laterales son el\u00e1sticos y se adaptan a cualquier posici\u00f3n sobre la bici sin oponer resistencia. El cuello anat\u00f3mico se ajusta muy bien al cuerpo sin causarte molestias y evita la entrada de aire. Esta chaqueta de ciclismo combina diferentes tecnolog\u00edas para que siempre se mantenga en la posici\u00f3n ideal. Al final de las mangas tiene un pu\u00f1o que se ajusta muy bien al brazo y evita que entre aire. En la parte posterior de la cintura tiene una banda el\u00e1stica con un grip de silicona que mantendr\u00e1 la chaqueta en su posici\u00f3n ideal. En la zona frontal tiene un ribete muy fino que ajusta la prenda al cuerpo y no molesta en la posici\u00f3n ciclista. En la zona lumbar incorpora 3 bolsillos con el nuevo sistema de Seguridad ISP \u2013 Inverse Safe Pocket \u2013 donde podr\u00e1s guardar cualquier objeto sin miedo a perderlo. Disfruta del ciclismo sin preocupaciones.<\/p>\n","protected":false},"featured_media":37554,"comment_status":"closed","ping_status":"closed","template":"","meta":{"_acf_changed":false},"product_brand":[],"product_cat":[1193,1077,1085],"product_tag":[],"custom_category":[],"range":[],"class_list":{"0":"post-113013","1":"product","2":"type-product","3":"status-publish","4":"has-post-thumbnail","6":"product_cat-ciclismo-outlet","7":"product_cat-hombre","8":"product_cat-outlet","9":"pa_climatologia-lluvia","10":"pa_climatologia-frio","11":"pa_climatologia-viento","12":"pa_deporte-ciclismo","13":"pa_genero-hombre","14":"pa_patronaje-regular","15":"pa_talla-s","16":"pa_talla-m","17":"pa_talla-l","18":"pa_talla-xl","19":"pa_talla-xxl","20":"pa_tipo-de-prenda-chaqueta","22":"first","23":"outofstock","24":"sale","25":"taxable","26":"shipping-taxable","27":"purchasable","28":"product-type-variable","29":"has-default-attributes"},"acf":[],"yoast_head":"<!-- This site is optimized with the Yoast SEO plugin v27.3 - https:\/\/yoast.com\/product\/yoast-seo-wordpress\/ -->\n<title>Chaqueta ciclismo hombre ONCIC 6<\/title>\n<meta name=\"description\" content=\"Chaqueta ciclismo hombre ONCIC 6 perfecta para protegerte del fr\u00edo que combina diferentes tecnolog\u00edas El tejido AEROTECH est\u00e1 compuesto de 3 membranas.\" \/>\n<meta name=\"robots\" content=\"index, follow, max-snippet:-1, max-image-preview:large, max-video-preview:-1\" \/>\n<link rel=\"canonical\" href=\"https:\/\/www.inverseteams.com\/es\/producto\/chaqueta-ciclismo-hombre-oncic-6\/\" \/>\n<meta property=\"og:locale\" content=\"es_ES\" \/>\n<meta property=\"og:type\" content=\"article\" \/>\n<meta property=\"og:title\" content=\"Chaqueta ciclismo hombre ONCIC 7\" \/>\n<meta property=\"og:description\" content=\"Chaqueta ciclismo hombre ONCIC 7 perfecta para protegerte del fr\u00edo que combina diferentes tecnolog\u00edas El tejido AEROTECH est\u00e1 compuesto de 3 membranas.\" \/>\n<meta property=\"og:url\" content=\"https:\/\/www.inverseteams.com\/es\/producto\/chaqueta-ciclismo-hombre-oncic-6\/\" \/>\n<meta property=\"og:site_name\" content=\"Inverseteams\" \/>\n<meta property=\"article:publisher\" content=\"https:\/\/www.facebook.com\/inverseteams\" \/>\n<meta property=\"article:modified_time\" content=\"2026-02-24T13:26:27+00:00\" \/>\n<meta property=\"og:image\" content=\"https:\/\/www.inverseteams.com\/wp-content\/uploads\/CHAQUETA-CICLISTA-ONCIC6-1.jpg\" \/>\n\t<meta property=\"og:image:width\" content=\"3222\" \/>\n\t<meta property=\"og:image:height\" content=\"3462\" \/>\n\t<meta property=\"og:image:type\" content=\"image\/jpeg\" \/>\n<meta name=\"twitter:card\" content=\"summary_large_image\" \/>\n<meta name=\"twitter:label1\" content=\"Tiempo de lectura\" \/>\n\t<meta name=\"twitter:data1\" content=\"2 minuto\" \/>\n<script type=\"application\/ld+json\" class=\"yoast-schema-graph\">{\"@context\":\"https:\\\/\\\/schema.org\",\"@graph\":[{\"@type\":\"WebPage\",\"@id\":\"https:\\\/\\\/www.inverseteams.com\\\/es\\\/producto\\\/chaqueta-ciclismo-hombre-oncic-6\\\/\",\"url\":\"https:\\\/\\\/www.inverseteams.com\\\/es\\\/producto\\\/chaqueta-ciclismo-hombre-oncic-6\\\/\",\"name\":\"Chaqueta ciclismo hombre ONCIC 6\",\"isPartOf\":{\"@id\":\"https:\\\/\\\/www.inverseteams.com\\\/es\\\/#website\"},\"primaryImageOfPage\":{\"@id\":\"https:\\\/\\\/www.inverseteams.com\\\/es\\\/producto\\\/chaqueta-ciclismo-hombre-oncic-6\\\/#primaryimage\"},\"image\":{\"@id\":\"https:\\\/\\\/www.inverseteams.com\\\/es\\\/producto\\\/chaqueta-ciclismo-hombre-oncic-6\\\/#primaryimage\"},\"thumbnailUrl\":\"https:\\\/\\\/www.inverseteams.com\\\/wp-content\\\/uploads\\\/CHAQUETA-CICLISTA-ONCIC6-1.jpg\",\"datePublished\":\"2022-12-20T12:09:12+00:00\",\"dateModified\":\"2026-02-24T13:26:27+00:00\",\"description\":\"Chaqueta ciclismo hombre ONCIC 6 perfecta para protegerte del fr\u00edo que combina diferentes tecnolog\u00edas El tejido AEROTECH est\u00e1 compuesto de 3 membranas.\",\"breadcrumb\":{\"@id\":\"https:\\\/\\\/www.inverseteams.com\\\/es\\\/producto\\\/chaqueta-ciclismo-hombre-oncic-6\\\/#breadcrumb\"},\"inLanguage\":\"es\",\"potentialAction\":[{\"@type\":\"ReadAction\",\"target\":[\"https:\\\/\\\/www.inverseteams.com\\\/es\\\/producto\\\/chaqueta-ciclismo-hombre-oncic-6\\\/\"]}]},{\"@type\":\"ImageObject\",\"inLanguage\":\"es\",\"@id\":\"https:\\\/\\\/www.inverseteams.com\\\/es\\\/producto\\\/chaqueta-ciclismo-hombre-oncic-6\\\/#primaryimage\",\"url\":\"https:\\\/\\\/www.inverseteams.com\\\/wp-content\\\/uploads\\\/CHAQUETA-CICLISTA-ONCIC6-1.jpg\",\"contentUrl\":\"https:\\\/\\\/www.inverseteams.com\\\/wp-content\\\/uploads\\\/CHAQUETA-CICLISTA-ONCIC6-1.jpg\",\"width\":3222,\"height\":3462,\"caption\":\"Chaqueta ciclista ONCIC 6\"},{\"@type\":\"BreadcrumbList\",\"@id\":\"https:\\\/\\\/www.inverseteams.com\\\/es\\\/producto\\\/chaqueta-ciclismo-hombre-oncic-6\\\/#breadcrumb\",\"itemListElement\":[{\"@type\":\"ListItem\",\"position\":1,\"name\":\"Portada\",\"item\":\"https:\\\/\\\/www.inverseteams.com\\\/es\\\/\"},{\"@type\":\"ListItem\",\"position\":2,\"name\":\"Tienda\",\"item\":\"https:\\\/\\\/www.inverseteams.com\\\/es\\\/tienda\\\/\"},{\"@type\":\"ListItem\",\"position\":3,\"name\":\"Chaqueta ciclismo hombre ONCIC 6\"}]},{\"@type\":\"WebSite\",\"@id\":\"https:\\\/\\\/www.inverseteams.com\\\/es\\\/#website\",\"url\":\"https:\\\/\\\/www.inverseteams.com\\\/es\\\/\",\"name\":\"Inverseteams\",\"description\":\"Tu marca de ropa deportiva personalizada\",\"publisher\":{\"@id\":\"https:\\\/\\\/www.inverseteams.com\\\/es\\\/#organization\"},\"potentialAction\":[{\"@type\":\"SearchAction\",\"target\":{\"@type\":\"EntryPoint\",\"urlTemplate\":\"https:\\\/\\\/www.inverseteams.com\\\/es\\\/?s={search_term_string}\"},\"query-input\":{\"@type\":\"PropertyValueSpecification\",\"valueRequired\":true,\"valueName\":\"search_term_string\"}}],\"inLanguage\":\"es\"},{\"@type\":\"Organization\",\"@id\":\"https:\\\/\\\/www.inverseteams.com\\\/es\\\/#organization\",\"name\":\"Inverse Teams\",\"url\":\"https:\\\/\\\/www.inverseteams.com\\\/es\\\/\",\"logo\":{\"@type\":\"ImageObject\",\"inLanguage\":\"es\",\"@id\":\"https:\\\/\\\/www.inverseteams.com\\\/es\\\/#\\\/schema\\\/logo\\\/image\\\/\",\"url\":\"http:\\\/\\\/www.inverseteams.com\\\/wp-content\\\/uploads\\\/2021\\\/03\\\/logo-inverse-teams.png\",\"contentUrl\":\"http:\\\/\\\/www.inverseteams.com\\\/wp-content\\\/uploads\\\/2021\\\/03\\\/logo-inverse-teams.png\",\"width\":294,\"height\":99,\"caption\":\"Inverse Teams\"},\"image\":{\"@id\":\"https:\\\/\\\/www.inverseteams.com\\\/es\\\/#\\\/schema\\\/logo\\\/image\\\/\"},\"sameAs\":[\"https:\\\/\\\/www.facebook.com\\\/inverseteams\",\"http:\\\/\\\/instagram.com\\\/inverseteams\",\"https:\\\/\\\/www.linkedin.com\\\/company\\\/inverse-cirosport-s-l-?trk=job_view_topcard_company_name\",\"http:\\\/\\\/www.pinterest.com\\\/inverseteams\\\/\",\"http:\\\/\\\/www.youtube.com\\\/user\\\/inverseteams?feature=watch\"]}]}<\/script>\n<!-- \/ Yoast SEO plugin. -->","yoast_head_json":{"title":"Chaqueta ciclismo hombre ONCIC 6","description":"Chaqueta ciclismo hombre ONCIC 6 perfecta para protegerte del fr\u00edo que combina diferentes tecnolog\u00edas El tejido AEROTECH est\u00e1 compuesto de 3 membranas.","robots":{"index":"index","follow":"follow","max-snippet":"max-snippet:-1","max-image-preview":"max-image-preview:large","max-video-preview":"max-video-preview:-1"},"canonical":"https:\/\/www.inverseteams.com\/es\/producto\/chaqueta-ciclismo-hombre-oncic-6\/","og_locale":"es_ES","og_type":"article","og_title":"Chaqueta ciclismo hombre ONCIC 7","og_description":"Chaqueta ciclismo hombre ONCIC 7 perfecta para protegerte del fr\u00edo que combina diferentes tecnolog\u00edas El tejido AEROTECH est\u00e1 compuesto de 3 membranas.","og_url":"https:\/\/www.inverseteams.com\/es\/producto\/chaqueta-ciclismo-hombre-oncic-6\/","og_site_name":"Inverseteams","article_publisher":"https:\/\/www.facebook.com\/inverseteams","article_modified_time":"2026-02-24T13:26:27+00:00","og_image":[{"width":3222,"height":3462,"url":"https:\/\/www.inverseteams.com\/wp-content\/uploads\/CHAQUETA-CICLISTA-ONCIC6-1.jpg","type":"image\/jpeg"}],"twitter_card":"summary_large_image","twitter_misc":{"Tiempo de lectura":"2 minuto"},"schema":{"@context":"https:\/\/schema.org","@graph":[{"@type":"WebPage","@id":"https:\/\/www.inverseteams.com\/es\/producto\/chaqueta-ciclismo-hombre-oncic-6\/","url":"https:\/\/www.inverseteams.com\/es\/producto\/chaqueta-ciclismo-hombre-oncic-6\/","name":"Chaqueta ciclismo hombre ONCIC 6","isPartOf":{"@id":"https:\/\/www.inverseteams.com\/es\/#website"},"primaryImageOfPage":{"@id":"https:\/\/www.inverseteams.com\/es\/producto\/chaqueta-ciclismo-hombre-oncic-6\/#primaryimage"},"image":{"@id":"https:\/\/www.inverseteams.com\/es\/producto\/chaqueta-ciclismo-hombre-oncic-6\/#primaryimage"},"thumbnailUrl":"https:\/\/www.inverseteams.com\/wp-content\/uploads\/CHAQUETA-CICLISTA-ONCIC6-1.jpg","datePublished":"2022-12-20T12:09:12+00:00","dateModified":"2026-02-24T13:26:27+00:00","description":"Chaqueta ciclismo hombre ONCIC 6 perfecta para protegerte del fr\u00edo que combina diferentes tecnolog\u00edas El tejido AEROTECH est\u00e1 compuesto de 3 membranas.","breadcrumb":{"@id":"https:\/\/www.inverseteams.com\/es\/producto\/chaqueta-ciclismo-hombre-oncic-6\/#breadcrumb"},"inLanguage":"es","potentialAction":[{"@type":"ReadAction","target":["https:\/\/www.inverseteams.com\/es\/producto\/chaqueta-ciclismo-hombre-oncic-6\/"]}]},{"@type":"ImageObject","inLanguage":"es","@id":"https:\/\/www.inverseteams.com\/es\/producto\/chaqueta-ciclismo-hombre-oncic-6\/#primaryimage","url":"https:\/\/www.inverseteams.com\/wp-content\/uploads\/CHAQUETA-CICLISTA-ONCIC6-1.jpg","contentUrl":"https:\/\/www.inverseteams.com\/wp-content\/uploads\/CHAQUETA-CICLISTA-ONCIC6-1.jpg","width":3222,"height":3462,"caption":"Chaqueta ciclista ONCIC 6"},{"@type":"BreadcrumbList","@id":"https:\/\/www.inverseteams.com\/es\/producto\/chaqueta-ciclismo-hombre-oncic-6\/#breadcrumb","itemListElement":[{"@type":"ListItem","position":1,"name":"Portada","item":"https:\/\/www.inverseteams.com\/es\/"},{"@type":"ListItem","position":2,"name":"Tienda","item":"https:\/\/www.inverseteams.com\/es\/tienda\/"},{"@type":"ListItem","position":3,"name":"Chaqueta ciclismo hombre ONCIC 6"}]},{"@type":"WebSite","@id":"https:\/\/www.inverseteams.com\/es\/#website","url":"https:\/\/www.inverseteams.com\/es\/","name":"Inverseteams","description":"Tu marca de ropa deportiva personalizada","publisher":{"@id":"https:\/\/www.inverseteams.com\/es\/#organization"},"potentialAction":[{"@type":"SearchAction","target":{"@type":"EntryPoint","urlTemplate":"https:\/\/www.inverseteams.com\/es\/?s={search_term_string}"},"query-input":{"@type":"PropertyValueSpecification","valueRequired":true,"valueName":"search_term_string"}}],"inLanguage":"es"},{"@type":"Organization","@id":"https:\/\/www.inverseteams.com\/es\/#organization","name":"Inverse Teams","url":"https:\/\/www.inverseteams.com\/es\/","logo":{"@type":"ImageObject","inLanguage":"es","@id":"https:\/\/www.inverseteams.com\/es\/#\/schema\/logo\/image\/","url":"https:\/\/www.inverseteams.com\/wp-content\/uploads\/2021\/03\/logo-inverse-teams.png","contentUrl":"https:\/\/www.inverseteams.com\/wp-content\/uploads\/2021\/03\/logo-inverse-teams.png","width":294,"height":99,"caption":"Inverse Teams"},"image":{"@id":"https:\/\/www.inverseteams.com\/es\/#\/schema\/logo\/image\/"},"sameAs":["https:\/\/www.facebook.com\/inverseteams","http:\/\/instagram.com\/inverseteams","https:\/\/www.linkedin.com\/company\/inverse-cirosport-s-l-?trk=job_view_topcard_company_name","http:\/\/www.pinterest.com\/inverseteams\/","http:\/\/www.youtube.com\/user\/inverseteams?feature=watch"]}]}},"_links":{"self":[{"href":"https:\/\/www.inverseteams.com\/es\/wp-json\/wp\/v2\/product\/113013","targetHints":{"allow":["GET"]}}],"collection":[{"href":"https:\/\/www.inverseteams.com\/es\/wp-json\/wp\/v2\/product"}],"about":[{"href":"https:\/\/www.inverseteams.com\/es\/wp-json\/wp\/v2\/types\/product"}],"replies":[{"embeddable":true,"href":"https:\/\/www.inverseteams.com\/es\/wp-json\/wp\/v2\/comments?post=113013"}],"wp:featuredmedia":[{"embeddable":true,"href":"https:\/\/www.inverseteams.com\/es\/wp-json\/wp\/v2\/media\/37554"}],"wp:attachment":[{"href":"https:\/\/www.inverseteams.com\/es\/wp-json\/wp\/v2\/media?parent=113013"}],"wp:term":[{"taxonomy":"product_brand","embeddable":true,"href":"https:\/\/www.inverseteams.com\/es\/wp-json\/wp\/v2\/product_brand?post=113013"},{"taxonomy":"product_cat","embeddable":true,"href":"https:\/\/www.inverseteams.com\/es\/wp-json\/wp\/v2\/product_cat?post=113013"},{"taxonomy":"product_tag","embeddable":true,"href":"https:\/\/www.inverseteams.com\/es\/wp-json\/wp\/v2\/product_tag?post=113013"},{"taxonomy":"custom_category","embeddable":true,"href":"https:\/\/www.inverseteams.com\/es\/wp-json\/wp\/v2\/custom_category?post=113013"},{"taxonomy":"range","embeddable":true,"href":"https:\/\/www.inverseteams.com\/es\/wp-json\/wp\/v2\/range?post=113013"}],"curies":[{"name":"wp","href":"https:\/\/api.w.org\/{rel}","templated":true}]}}