{"id":112103,"date":"2022-12-13T13:25:11","date_gmt":"2022-12-13T13:25:11","guid":{"rendered":"https:\/\/www.inverseteams.com\/product\/cinta-orejera-termica\/"},"modified":"2022-12-13T13:25:11","modified_gmt":"2022-12-13T13:25:11","slug":"cinta-orejera-termica","status":"publish","type":"product","link":"https:\/\/www.inverseteams.com\/es\/producto\/cinta-orejera-termica\/","title":{"rendered":"Cinta orejera t\u00e9rmica"},"content":{"rendered":"<p>La cinta orejera t\u00e9rmica est\u00e1 compuesta de SUPERROUBAIX y protege del fr\u00edo las orejas. El proceso de sublimaci\u00f3n garantiza que los colores no pierdan intensidad con el uso y el paso del tiempo. Las tintas usadas para la personalizaci\u00f3n son ecol\u00f3gicas.<\/p>\n","protected":false},"excerpt":{"rendered":"<p>La cinta orejera t\u00e9rmica est\u00e1 compuesta de SUPERROUBAIX y protege del fr\u00edo las orejas. El proceso de sublimaci\u00f3n garantiza que los colores no pierdan intensidad con el uso y el paso del tiempo. Las tintas usadas para la personalizaci\u00f3n son ecol\u00f3gicas.<\/p>\n","protected":false},"featured_media":112009,"comment_status":"closed","ping_status":"open","template":"","meta":{"_acf_changed":false},"product_brand":[],"product_cat":[15],"product_tag":[],"custom_category":[1365,9137,9085],"range":[9015],"class_list":{"0":"post-112103","1":"product","2":"type-product","3":"status-publish","4":"has-post-thumbnail","6":"product_cat-uncategorized","7":"pa_climatologia-frio","8":"pa_deporte-ciclismo","9":"pa_deporte-running","10":"pa_deporte-trail","11":"pa_deporte-esqui","12":"pa_genero-infantil","13":"pa_genero-hombre","14":"pa_genero-mujer","15":"pa_patronaje-regular","16":"pa_tipo-de-prenda-orejera","17":"custom_category-deporte","18":"custom_category-orejeras-personalizadas","19":"custom_category-accesorios-deportivos-personalizados","20":"range-para-la-cabeza","22":"first","23":"instock","24":"product-type-custom"},"acf":[],"yoast_head":"<!-- This site is optimized with the Yoast SEO plugin v27.2 - https:\/\/yoast.com\/product\/yoast-seo-wordpress\/ -->\n<title>Cinta orejera t\u00e9rmica<\/title>\n<meta name=\"description\" content=\"La cinta orejera t\u00e9rmica est\u00e1 compuesta de SUPERROUBAIX y protege del fr\u00edo las orejas. El proceso de sublimaci\u00f3n garantiza que los colores no pierdan intensidad con el uso y el paso del tiempo. Las tintas usadas para la personalizaci\u00f3n son ecol\u00f3gicas.\" \/>\n<meta name=\"robots\" content=\"index, follow, max-snippet:-1, max-image-preview:large, max-video-preview:-1\" \/>\n<link rel=\"canonical\" href=\"https:\/\/www.inverseteams.com\/es\/producto\/cinta-orejera-termica\/\" \/>\n<meta property=\"og:locale\" content=\"es_ES\" \/>\n<meta property=\"og:type\" content=\"article\" \/>\n<meta property=\"og:title\" content=\"Cinta orejera t\u00e9rmica\" \/>\n<meta property=\"og:description\" content=\"La cinta orejera t\u00e9rmica est\u00e1 compuesta de SUPERROUBAIX y protege del fr\u00edo las orejas. El proceso de sublimaci\u00f3n garantiza que los colores no pierdan intensidad con el uso y el paso del tiempo. Las tintas usadas para la personalizaci\u00f3n son ecol\u00f3gicas.\" \/>\n<meta property=\"og:url\" content=\"https:\/\/www.inverseteams.com\/es\/producto\/cinta-orejera-termica\/\" \/>\n<meta property=\"og:site_name\" content=\"Inverseteams\" \/>\n<meta property=\"article:publisher\" content=\"https:\/\/www.facebook.com\/inverseteams\" \/>\n<meta property=\"og:image\" content=\"https:\/\/www.inverseteams.com\/wp-content\/uploads\/CINTA-OREJERA-TERMICA-1.jpg\" \/>\n\t<meta property=\"og:image:width\" content=\"3000\" \/>\n\t<meta property=\"og:image:height\" content=\"3223\" \/>\n\t<meta property=\"og:image:type\" content=\"image\/jpeg\" \/>\n<meta name=\"twitter:card\" content=\"summary_large_image\" \/>\n<script type=\"application\/ld+json\" class=\"yoast-schema-graph\">{\"@context\":\"https:\/\/schema.org\",\"@graph\":[{\"@type\":\"WebPage\",\"@id\":\"https:\/\/www.inverseteams.com\/es\/producto\/cinta-orejera-termica\/\",\"url\":\"https:\/\/www.inverseteams.com\/es\/producto\/cinta-orejera-termica\/\",\"name\":\"Cinta orejera t\u00e9rmica\",\"isPartOf\":{\"@id\":\"https:\/\/www.inverseteams.com\/es\/#website\"},\"primaryImageOfPage\":{\"@id\":\"https:\/\/www.inverseteams.com\/es\/producto\/cinta-orejera-termica\/#primaryimage\"},\"image\":{\"@id\":\"https:\/\/www.inverseteams.com\/es\/producto\/cinta-orejera-termica\/#primaryimage\"},\"thumbnailUrl\":\"https:\/\/www.inverseteams.com\/wp-content\/uploads\/CINTA-OREJERA-TERMICA-1.jpg\",\"datePublished\":\"2022-12-13T13:25:11+00:00\",\"description\":\"La cinta orejera t\u00e9rmica est\u00e1 compuesta de SUPERROUBAIX y protege del fr\u00edo las orejas. El proceso de sublimaci\u00f3n garantiza que los colores no pierdan intensidad con el uso y el paso del tiempo. Las tintas usadas para la personalizaci\u00f3n son ecol\u00f3gicas.\",\"breadcrumb\":{\"@id\":\"https:\/\/www.inverseteams.com\/es\/producto\/cinta-orejera-termica\/#breadcrumb\"},\"inLanguage\":\"es\",\"potentialAction\":[{\"@type\":\"ReadAction\",\"target\":[\"https:\/\/www.inverseteams.com\/es\/producto\/cinta-orejera-termica\/\"]}]},{\"@type\":\"ImageObject\",\"inLanguage\":\"es\",\"@id\":\"https:\/\/www.inverseteams.com\/es\/producto\/cinta-orejera-termica\/#primaryimage\",\"url\":\"https:\/\/www.inverseteams.com\/wp-content\/uploads\/CINTA-OREJERA-TERMICA-1.jpg\",\"contentUrl\":\"https:\/\/www.inverseteams.com\/wp-content\/uploads\/CINTA-OREJERA-TERMICA-1.jpg\",\"width\":3000,\"height\":3223,\"caption\":\"Cinta orejera t\u00e9rmica personalizable\"},{\"@type\":\"BreadcrumbList\",\"@id\":\"https:\/\/www.inverseteams.com\/es\/producto\/cinta-orejera-termica\/#breadcrumb\",\"itemListElement\":[{\"@type\":\"ListItem\",\"position\":1,\"name\":\"Portada\",\"item\":\"https:\/\/www.inverseteams.com\/es\/\"},{\"@type\":\"ListItem\",\"position\":2,\"name\":\"Tienda\",\"item\":\"https:\/\/www.inverseteams.com\/es\/tienda\/\"},{\"@type\":\"ListItem\",\"position\":3,\"name\":\"Cinta orejera t\u00e9rmica\"}]},{\"@type\":\"WebSite\",\"@id\":\"https:\/\/www.inverseteams.com\/es\/#website\",\"url\":\"https:\/\/www.inverseteams.com\/es\/\",\"name\":\"Inverseteams\",\"description\":\"Tu marca de ropa deportiva personalizada\",\"publisher\":{\"@id\":\"https:\/\/www.inverseteams.com\/es\/#organization\"},\"potentialAction\":[{\"@type\":\"SearchAction\",\"target\":{\"@type\":\"EntryPoint\",\"urlTemplate\":\"https:\/\/www.inverseteams.com\/es\/?s={search_term_string}\"},\"query-input\":{\"@type\":\"PropertyValueSpecification\",\"valueRequired\":true,\"valueName\":\"search_term_string\"}}],\"inLanguage\":\"es\"},{\"@type\":\"Organization\",\"@id\":\"https:\/\/www.inverseteams.com\/es\/#organization\",\"name\":\"Inverse Teams\",\"url\":\"https:\/\/www.inverseteams.com\/es\/\",\"logo\":{\"@type\":\"ImageObject\",\"inLanguage\":\"es\",\"@id\":\"https:\/\/www.inverseteams.com\/es\/#\/schema\/logo\/image\/\",\"url\":\"https:\/\/www.inverseteams.com\/wp-content\/uploads\/2021\/03\/logo-inverse-teams.png\",\"contentUrl\":\"https:\/\/www.inverseteams.com\/wp-content\/uploads\/2021\/03\/logo-inverse-teams.png\",\"width\":294,\"height\":99,\"caption\":\"Inverse Teams\"},\"image\":{\"@id\":\"https:\/\/www.inverseteams.com\/es\/#\/schema\/logo\/image\/\"},\"sameAs\":[\"https:\/\/www.facebook.com\/inverseteams\",\"http:\/\/instagram.com\/inverseteams\",\"https:\/\/www.linkedin.com\/company\/inverse-cirosport-s-l-?trk=job_view_topcard_company_name\",\"http:\/\/www.pinterest.com\/inverseteams\/\",\"http:\/\/www.youtube.com\/user\/inverseteams?feature=watch\"]}]}<\/script>\n<!-- \/ Yoast SEO plugin. -->","yoast_head_json":{"title":"Cinta orejera t\u00e9rmica","description":"La cinta orejera t\u00e9rmica est\u00e1 compuesta de SUPERROUBAIX y protege del fr\u00edo las orejas. El proceso de sublimaci\u00f3n garantiza que los colores no pierdan intensidad con el uso y el paso del tiempo. Las tintas usadas para la personalizaci\u00f3n son ecol\u00f3gicas.","robots":{"index":"index","follow":"follow","max-snippet":"max-snippet:-1","max-image-preview":"max-image-preview:large","max-video-preview":"max-video-preview:-1"},"canonical":"https:\/\/www.inverseteams.com\/es\/producto\/cinta-orejera-termica\/","og_locale":"es_ES","og_type":"article","og_title":"Cinta orejera t\u00e9rmica","og_description":"La cinta orejera t\u00e9rmica est\u00e1 compuesta de SUPERROUBAIX y protege del fr\u00edo las orejas. El proceso de sublimaci\u00f3n garantiza que los colores no pierdan intensidad con el uso y el paso del tiempo. Las tintas usadas para la personalizaci\u00f3n son ecol\u00f3gicas.","og_url":"https:\/\/www.inverseteams.com\/es\/producto\/cinta-orejera-termica\/","og_site_name":"Inverseteams","article_publisher":"https:\/\/www.facebook.com\/inverseteams","og_image":[{"width":3000,"height":3223,"url":"https:\/\/www.inverseteams.com\/wp-content\/uploads\/CINTA-OREJERA-TERMICA-1.jpg","type":"image\/jpeg"}],"twitter_card":"summary_large_image","schema":{"@context":"https:\/\/schema.org","@graph":[{"@type":"WebPage","@id":"https:\/\/www.inverseteams.com\/es\/producto\/cinta-orejera-termica\/","url":"https:\/\/www.inverseteams.com\/es\/producto\/cinta-orejera-termica\/","name":"Cinta orejera t\u00e9rmica","isPartOf":{"@id":"https:\/\/www.inverseteams.com\/es\/#website"},"primaryImageOfPage":{"@id":"https:\/\/www.inverseteams.com\/es\/producto\/cinta-orejera-termica\/#primaryimage"},"image":{"@id":"https:\/\/www.inverseteams.com\/es\/producto\/cinta-orejera-termica\/#primaryimage"},"thumbnailUrl":"https:\/\/www.inverseteams.com\/wp-content\/uploads\/CINTA-OREJERA-TERMICA-1.jpg","datePublished":"2022-12-13T13:25:11+00:00","description":"La cinta orejera t\u00e9rmica est\u00e1 compuesta de SUPERROUBAIX y protege del fr\u00edo las orejas. El proceso de sublimaci\u00f3n garantiza que los colores no pierdan intensidad con el uso y el paso del tiempo. Las tintas usadas para la personalizaci\u00f3n son ecol\u00f3gicas.","breadcrumb":{"@id":"https:\/\/www.inverseteams.com\/es\/producto\/cinta-orejera-termica\/#breadcrumb"},"inLanguage":"es","potentialAction":[{"@type":"ReadAction","target":["https:\/\/www.inverseteams.com\/es\/producto\/cinta-orejera-termica\/"]}]},{"@type":"ImageObject","inLanguage":"es","@id":"https:\/\/www.inverseteams.com\/es\/producto\/cinta-orejera-termica\/#primaryimage","url":"https:\/\/www.inverseteams.com\/wp-content\/uploads\/CINTA-OREJERA-TERMICA-1.jpg","contentUrl":"https:\/\/www.inverseteams.com\/wp-content\/uploads\/CINTA-OREJERA-TERMICA-1.jpg","width":3000,"height":3223,"caption":"Cinta orejera t\u00e9rmica personalizable"},{"@type":"BreadcrumbList","@id":"https:\/\/www.inverseteams.com\/es\/producto\/cinta-orejera-termica\/#breadcrumb","itemListElement":[{"@type":"ListItem","position":1,"name":"Portada","item":"https:\/\/www.inverseteams.com\/es\/"},{"@type":"ListItem","position":2,"name":"Tienda","item":"https:\/\/www.inverseteams.com\/es\/tienda\/"},{"@type":"ListItem","position":3,"name":"Cinta orejera t\u00e9rmica"}]},{"@type":"WebSite","@id":"https:\/\/www.inverseteams.com\/es\/#website","url":"https:\/\/www.inverseteams.com\/es\/","name":"Inverseteams","description":"Tu marca de ropa deportiva personalizada","publisher":{"@id":"https:\/\/www.inverseteams.com\/es\/#organization"},"potentialAction":[{"@type":"SearchAction","target":{"@type":"EntryPoint","urlTemplate":"https:\/\/www.inverseteams.com\/es\/?s={search_term_string}"},"query-input":{"@type":"PropertyValueSpecification","valueRequired":true,"valueName":"search_term_string"}}],"inLanguage":"es"},{"@type":"Organization","@id":"https:\/\/www.inverseteams.com\/es\/#organization","name":"Inverse Teams","url":"https:\/\/www.inverseteams.com\/es\/","logo":{"@type":"ImageObject","inLanguage":"es","@id":"https:\/\/www.inverseteams.com\/es\/#\/schema\/logo\/image\/","url":"https:\/\/www.inverseteams.com\/wp-content\/uploads\/2021\/03\/logo-inverse-teams.png","contentUrl":"https:\/\/www.inverseteams.com\/wp-content\/uploads\/2021\/03\/logo-inverse-teams.png","width":294,"height":99,"caption":"Inverse Teams"},"image":{"@id":"https:\/\/www.inverseteams.com\/es\/#\/schema\/logo\/image\/"},"sameAs":["https:\/\/www.facebook.com\/inverseteams","http:\/\/instagram.com\/inverseteams","https:\/\/www.linkedin.com\/company\/inverse-cirosport-s-l-?trk=job_view_topcard_company_name","http:\/\/www.pinterest.com\/inverseteams\/","http:\/\/www.youtube.com\/user\/inverseteams?feature=watch"]}]}},"_links":{"self":[{"href":"https:\/\/www.inverseteams.com\/es\/wp-json\/wp\/v2\/product\/112103","targetHints":{"allow":["GET"]}}],"collection":[{"href":"https:\/\/www.inverseteams.com\/es\/wp-json\/wp\/v2\/product"}],"about":[{"href":"https:\/\/www.inverseteams.com\/es\/wp-json\/wp\/v2\/types\/product"}],"replies":[{"embeddable":true,"href":"https:\/\/www.inverseteams.com\/es\/wp-json\/wp\/v2\/comments?post=112103"}],"wp:featuredmedia":[{"embeddable":true,"href":"https:\/\/www.inverseteams.com\/es\/wp-json\/wp\/v2\/media\/112009"}],"wp:attachment":[{"href":"https:\/\/www.inverseteams.com\/es\/wp-json\/wp\/v2\/media?parent=112103"}],"wp:term":[{"taxonomy":"product_brand","embeddable":true,"href":"https:\/\/www.inverseteams.com\/es\/wp-json\/wp\/v2\/product_brand?post=112103"},{"taxonomy":"product_cat","embeddable":true,"href":"https:\/\/www.inverseteams.com\/es\/wp-json\/wp\/v2\/product_cat?post=112103"},{"taxonomy":"product_tag","embeddable":true,"href":"https:\/\/www.inverseteams.com\/es\/wp-json\/wp\/v2\/product_tag?post=112103"},{"taxonomy":"custom_category","embeddable":true,"href":"https:\/\/www.inverseteams.com\/es\/wp-json\/wp\/v2\/custom_category?post=112103"},{"taxonomy":"range","embeddable":true,"href":"https:\/\/www.inverseteams.com\/es\/wp-json\/wp\/v2\/range?post=112103"}],"curies":[{"name":"wp","href":"https:\/\/api.w.org\/{rel}","templated":true}]}}