{"id":112100,"date":"2022-12-13T13:24:57","date_gmt":"2022-12-13T13:24:57","guid":{"rendered":"https:\/\/www.inverseteams.com\/product\/botin-lycra\/"},"modified":"2022-12-13T13:25:02","modified_gmt":"2022-12-13T13:25:02","slug":"botin-lycra","status":"publish","type":"product","link":"https:\/\/www.inverseteams.com\/es\/producto\/botin-lycra\/","title":{"rendered":"Bot\u00edn LYCRA"},"content":{"rendered":"<p>El bot\u00edn de verano est\u00e1 compuesto de LYCRA. Su principal funci\u00f3n es la de mejorar la aerodin\u00e1mica, y en caso de personalizarlo con colores vivos aumentar\u00e1s tu visibilidad en la carretera. El proceso de sublimaci\u00f3n garantiza que los colores no pierdan intensidad con el uso y el paso del tiempo. Las tintas usadas para la personalizaci\u00f3n son ecol\u00f3gicas.<\/p>\n","protected":false},"excerpt":{"rendered":"<p>El bot\u00edn de verano est\u00e1 compuesto de LYCRA. Su principal funci\u00f3n es la de mejorar la aerodin\u00e1mica, y en caso de personalizarlo con colores vivos aumentar\u00e1s tu visibilidad en la carretera. El proceso de sublimaci\u00f3n garantiza que los colores no pierdan intensidad con el uso y el paso del tiempo. Las tintas usadas para la personalizaci\u00f3n son ecol\u00f3gicas.<\/p>\n","protected":false},"featured_media":111848,"comment_status":"closed","ping_status":"open","template":"","meta":{"_acf_changed":false},"product_brand":[],"product_cat":[15],"product_tag":[],"custom_category":[1365,9125,9085],"range":[9014],"class_list":{"0":"post-112100","1":"product","2":"type-product","3":"status-publish","4":"has-post-thumbnail","6":"product_cat-uncategorized","7":"pa_climatologia-calor","8":"pa_climatologia-temperatura-templada","9":"pa_deporte-ciclismo","10":"pa_genero-hombre","11":"pa_genero-mujer","12":"pa_genero-infantil","13":"pa_patronaje-fit","14":"pa_tipo-de-prenda-botines","15":"custom_category-deporte","16":"custom_category-botines-personalizados","17":"custom_category-accesorios-deportivos-personalizados","18":"range-calentadores","20":"first","21":"instock","22":"product-type-custom"},"acf":[],"yoast_head":"<!-- This site is optimized with the Yoast SEO plugin v27.2 - https:\/\/yoast.com\/product\/yoast-seo-wordpress\/ -->\n<title>Bot\u00edn LYCRA<\/title>\n<meta name=\"description\" content=\"El bot\u00edn de verano est\u00e1 compuesto de LYCRA. Su principal funci\u00f3n es la de mejorar la aerodin\u00e1mica, y en caso de personalizarlo con colores vivos aumentar\u00e1s tu visibilidad en la carretera. El proceso de sublimaci\u00f3n garantiza que los colores no pierdan intensidad con el uso y el paso del tiempo. Las tintas usadas para la personalizaci\u00f3n son ecol\u00f3gicas.\" \/>\n<meta name=\"robots\" content=\"index, follow, max-snippet:-1, max-image-preview:large, max-video-preview:-1\" \/>\n<link rel=\"canonical\" href=\"https:\/\/www.inverseteams.com\/es\/producto\/botin-lycra\/\" \/>\n<meta property=\"og:locale\" content=\"es_ES\" \/>\n<meta property=\"og:type\" content=\"article\" \/>\n<meta property=\"og:title\" content=\"Bot\u00edn LYCRA\" \/>\n<meta property=\"og:description\" content=\"El bot\u00edn de verano est\u00e1 compuesto de LYCRA. Su principal funci\u00f3n es la de mejorar la aerodin\u00e1mica, y en caso de personalizarlo con colores vivos aumentar\u00e1s tu visibilidad en la carretera. El proceso de sublimaci\u00f3n garantiza que los colores no pierdan intensidad con el uso y el paso del tiempo. Las tintas usadas para la personalizaci\u00f3n son ecol\u00f3gicas.\" \/>\n<meta property=\"og:url\" content=\"https:\/\/www.inverseteams.com\/es\/producto\/botin-lycra\/\" \/>\n<meta property=\"og:site_name\" content=\"Inverseteams\" \/>\n<meta property=\"article:publisher\" content=\"https:\/\/www.facebook.com\/inverseteams\" \/>\n<meta property=\"article:modified_time\" content=\"2022-12-13T13:25:02+00:00\" \/>\n<meta property=\"og:image\" content=\"https:\/\/www.inverseteams.com\/wp-content\/uploads\/BOTIN-CICLISMO-LYCRA-PERSONALIZADO-1.jpg\" \/>\n\t<meta property=\"og:image:width\" content=\"3000\" \/>\n\t<meta property=\"og:image:height\" content=\"3223\" \/>\n\t<meta property=\"og:image:type\" content=\"image\/jpeg\" \/>\n<meta name=\"twitter:card\" content=\"summary_large_image\" \/>\n<script type=\"application\/ld+json\" class=\"yoast-schema-graph\">{\"@context\":\"https:\/\/schema.org\",\"@graph\":[{\"@type\":\"WebPage\",\"@id\":\"https:\/\/www.inverseteams.com\/es\/producto\/botin-lycra\/\",\"url\":\"https:\/\/www.inverseteams.com\/es\/producto\/botin-lycra\/\",\"name\":\"Bot\u00edn LYCRA\",\"isPartOf\":{\"@id\":\"https:\/\/www.inverseteams.com\/es\/#website\"},\"primaryImageOfPage\":{\"@id\":\"https:\/\/www.inverseteams.com\/es\/producto\/botin-lycra\/#primaryimage\"},\"image\":{\"@id\":\"https:\/\/www.inverseteams.com\/es\/producto\/botin-lycra\/#primaryimage\"},\"thumbnailUrl\":\"https:\/\/www.inverseteams.com\/wp-content\/uploads\/BOTIN-CICLISMO-LYCRA-PERSONALIZADO-1.jpg\",\"datePublished\":\"2022-12-13T13:24:57+00:00\",\"dateModified\":\"2022-12-13T13:25:02+00:00\",\"description\":\"El bot\u00edn de verano est\u00e1 compuesto de LYCRA. Su principal funci\u00f3n es la de mejorar la aerodin\u00e1mica, y en caso de personalizarlo con colores vivos aumentar\u00e1s tu visibilidad en la carretera. El proceso de sublimaci\u00f3n garantiza que los colores no pierdan intensidad con el uso y el paso del tiempo. Las tintas usadas para la personalizaci\u00f3n son ecol\u00f3gicas.\",\"breadcrumb\":{\"@id\":\"https:\/\/www.inverseteams.com\/es\/producto\/botin-lycra\/#breadcrumb\"},\"inLanguage\":\"es\",\"potentialAction\":[{\"@type\":\"ReadAction\",\"target\":[\"https:\/\/www.inverseteams.com\/es\/producto\/botin-lycra\/\"]}]},{\"@type\":\"ImageObject\",\"inLanguage\":\"es\",\"@id\":\"https:\/\/www.inverseteams.com\/es\/producto\/botin-lycra\/#primaryimage\",\"url\":\"https:\/\/www.inverseteams.com\/wp-content\/uploads\/BOTIN-CICLISMO-LYCRA-PERSONALIZADO-1.jpg\",\"contentUrl\":\"https:\/\/www.inverseteams.com\/wp-content\/uploads\/BOTIN-CICLISMO-LYCRA-PERSONALIZADO-1.jpg\",\"width\":3000,\"height\":3223,\"caption\":\"Bot\u00edn ciclismo personalizado\"},{\"@type\":\"BreadcrumbList\",\"@id\":\"https:\/\/www.inverseteams.com\/es\/producto\/botin-lycra\/#breadcrumb\",\"itemListElement\":[{\"@type\":\"ListItem\",\"position\":1,\"name\":\"Portada\",\"item\":\"https:\/\/www.inverseteams.com\/es\/\"},{\"@type\":\"ListItem\",\"position\":2,\"name\":\"Tienda\",\"item\":\"https:\/\/www.inverseteams.com\/es\/tienda\/\"},{\"@type\":\"ListItem\",\"position\":3,\"name\":\"Bot\u00edn LYCRA\"}]},{\"@type\":\"WebSite\",\"@id\":\"https:\/\/www.inverseteams.com\/es\/#website\",\"url\":\"https:\/\/www.inverseteams.com\/es\/\",\"name\":\"Inverseteams\",\"description\":\"Tu marca de ropa deportiva personalizada\",\"publisher\":{\"@id\":\"https:\/\/www.inverseteams.com\/es\/#organization\"},\"potentialAction\":[{\"@type\":\"SearchAction\",\"target\":{\"@type\":\"EntryPoint\",\"urlTemplate\":\"https:\/\/www.inverseteams.com\/es\/?s={search_term_string}\"},\"query-input\":{\"@type\":\"PropertyValueSpecification\",\"valueRequired\":true,\"valueName\":\"search_term_string\"}}],\"inLanguage\":\"es\"},{\"@type\":\"Organization\",\"@id\":\"https:\/\/www.inverseteams.com\/es\/#organization\",\"name\":\"Inverse Teams\",\"url\":\"https:\/\/www.inverseteams.com\/es\/\",\"logo\":{\"@type\":\"ImageObject\",\"inLanguage\":\"es\",\"@id\":\"https:\/\/www.inverseteams.com\/es\/#\/schema\/logo\/image\/\",\"url\":\"https:\/\/www.inverseteams.com\/wp-content\/uploads\/2021\/03\/logo-inverse-teams.png\",\"contentUrl\":\"https:\/\/www.inverseteams.com\/wp-content\/uploads\/2021\/03\/logo-inverse-teams.png\",\"width\":294,\"height\":99,\"caption\":\"Inverse Teams\"},\"image\":{\"@id\":\"https:\/\/www.inverseteams.com\/es\/#\/schema\/logo\/image\/\"},\"sameAs\":[\"https:\/\/www.facebook.com\/inverseteams\",\"http:\/\/instagram.com\/inverseteams\",\"https:\/\/www.linkedin.com\/company\/inverse-cirosport-s-l-?trk=job_view_topcard_company_name\",\"http:\/\/www.pinterest.com\/inverseteams\/\",\"http:\/\/www.youtube.com\/user\/inverseteams?feature=watch\"]}]}<\/script>\n<!-- \/ Yoast SEO plugin. -->","yoast_head_json":{"title":"Bot\u00edn LYCRA","description":"El bot\u00edn de verano est\u00e1 compuesto de LYCRA. Su principal funci\u00f3n es la de mejorar la aerodin\u00e1mica, y en caso de personalizarlo con colores vivos aumentar\u00e1s tu visibilidad en la carretera. El proceso de sublimaci\u00f3n garantiza que los colores no pierdan intensidad con el uso y el paso del tiempo. Las tintas usadas para la personalizaci\u00f3n son ecol\u00f3gicas.","robots":{"index":"index","follow":"follow","max-snippet":"max-snippet:-1","max-image-preview":"max-image-preview:large","max-video-preview":"max-video-preview:-1"},"canonical":"https:\/\/www.inverseteams.com\/es\/producto\/botin-lycra\/","og_locale":"es_ES","og_type":"article","og_title":"Bot\u00edn LYCRA","og_description":"El bot\u00edn de verano est\u00e1 compuesto de LYCRA. Su principal funci\u00f3n es la de mejorar la aerodin\u00e1mica, y en caso de personalizarlo con colores vivos aumentar\u00e1s tu visibilidad en la carretera. El proceso de sublimaci\u00f3n garantiza que los colores no pierdan intensidad con el uso y el paso del tiempo. Las tintas usadas para la personalizaci\u00f3n son ecol\u00f3gicas.","og_url":"https:\/\/www.inverseteams.com\/es\/producto\/botin-lycra\/","og_site_name":"Inverseteams","article_publisher":"https:\/\/www.facebook.com\/inverseteams","article_modified_time":"2022-12-13T13:25:02+00:00","og_image":[{"width":3000,"height":3223,"url":"https:\/\/www.inverseteams.com\/wp-content\/uploads\/BOTIN-CICLISMO-LYCRA-PERSONALIZADO-1.jpg","type":"image\/jpeg"}],"twitter_card":"summary_large_image","schema":{"@context":"https:\/\/schema.org","@graph":[{"@type":"WebPage","@id":"https:\/\/www.inverseteams.com\/es\/producto\/botin-lycra\/","url":"https:\/\/www.inverseteams.com\/es\/producto\/botin-lycra\/","name":"Bot\u00edn LYCRA","isPartOf":{"@id":"https:\/\/www.inverseteams.com\/es\/#website"},"primaryImageOfPage":{"@id":"https:\/\/www.inverseteams.com\/es\/producto\/botin-lycra\/#primaryimage"},"image":{"@id":"https:\/\/www.inverseteams.com\/es\/producto\/botin-lycra\/#primaryimage"},"thumbnailUrl":"https:\/\/www.inverseteams.com\/wp-content\/uploads\/BOTIN-CICLISMO-LYCRA-PERSONALIZADO-1.jpg","datePublished":"2022-12-13T13:24:57+00:00","dateModified":"2022-12-13T13:25:02+00:00","description":"El bot\u00edn de verano est\u00e1 compuesto de LYCRA. Su principal funci\u00f3n es la de mejorar la aerodin\u00e1mica, y en caso de personalizarlo con colores vivos aumentar\u00e1s tu visibilidad en la carretera. El proceso de sublimaci\u00f3n garantiza que los colores no pierdan intensidad con el uso y el paso del tiempo. Las tintas usadas para la personalizaci\u00f3n son ecol\u00f3gicas.","breadcrumb":{"@id":"https:\/\/www.inverseteams.com\/es\/producto\/botin-lycra\/#breadcrumb"},"inLanguage":"es","potentialAction":[{"@type":"ReadAction","target":["https:\/\/www.inverseteams.com\/es\/producto\/botin-lycra\/"]}]},{"@type":"ImageObject","inLanguage":"es","@id":"https:\/\/www.inverseteams.com\/es\/producto\/botin-lycra\/#primaryimage","url":"https:\/\/www.inverseteams.com\/wp-content\/uploads\/BOTIN-CICLISMO-LYCRA-PERSONALIZADO-1.jpg","contentUrl":"https:\/\/www.inverseteams.com\/wp-content\/uploads\/BOTIN-CICLISMO-LYCRA-PERSONALIZADO-1.jpg","width":3000,"height":3223,"caption":"Bot\u00edn ciclismo personalizado"},{"@type":"BreadcrumbList","@id":"https:\/\/www.inverseteams.com\/es\/producto\/botin-lycra\/#breadcrumb","itemListElement":[{"@type":"ListItem","position":1,"name":"Portada","item":"https:\/\/www.inverseteams.com\/es\/"},{"@type":"ListItem","position":2,"name":"Tienda","item":"https:\/\/www.inverseteams.com\/es\/tienda\/"},{"@type":"ListItem","position":3,"name":"Bot\u00edn LYCRA"}]},{"@type":"WebSite","@id":"https:\/\/www.inverseteams.com\/es\/#website","url":"https:\/\/www.inverseteams.com\/es\/","name":"Inverseteams","description":"Tu marca de ropa deportiva personalizada","publisher":{"@id":"https:\/\/www.inverseteams.com\/es\/#organization"},"potentialAction":[{"@type":"SearchAction","target":{"@type":"EntryPoint","urlTemplate":"https:\/\/www.inverseteams.com\/es\/?s={search_term_string}"},"query-input":{"@type":"PropertyValueSpecification","valueRequired":true,"valueName":"search_term_string"}}],"inLanguage":"es"},{"@type":"Organization","@id":"https:\/\/www.inverseteams.com\/es\/#organization","name":"Inverse Teams","url":"https:\/\/www.inverseteams.com\/es\/","logo":{"@type":"ImageObject","inLanguage":"es","@id":"https:\/\/www.inverseteams.com\/es\/#\/schema\/logo\/image\/","url":"https:\/\/www.inverseteams.com\/wp-content\/uploads\/2021\/03\/logo-inverse-teams.png","contentUrl":"https:\/\/www.inverseteams.com\/wp-content\/uploads\/2021\/03\/logo-inverse-teams.png","width":294,"height":99,"caption":"Inverse Teams"},"image":{"@id":"https:\/\/www.inverseteams.com\/es\/#\/schema\/logo\/image\/"},"sameAs":["https:\/\/www.facebook.com\/inverseteams","http:\/\/instagram.com\/inverseteams","https:\/\/www.linkedin.com\/company\/inverse-cirosport-s-l-?trk=job_view_topcard_company_name","http:\/\/www.pinterest.com\/inverseteams\/","http:\/\/www.youtube.com\/user\/inverseteams?feature=watch"]}]}},"_links":{"self":[{"href":"https:\/\/www.inverseteams.com\/es\/wp-json\/wp\/v2\/product\/112100","targetHints":{"allow":["GET"]}}],"collection":[{"href":"https:\/\/www.inverseteams.com\/es\/wp-json\/wp\/v2\/product"}],"about":[{"href":"https:\/\/www.inverseteams.com\/es\/wp-json\/wp\/v2\/types\/product"}],"replies":[{"embeddable":true,"href":"https:\/\/www.inverseteams.com\/es\/wp-json\/wp\/v2\/comments?post=112100"}],"wp:featuredmedia":[{"embeddable":true,"href":"https:\/\/www.inverseteams.com\/es\/wp-json\/wp\/v2\/media\/111848"}],"wp:attachment":[{"href":"https:\/\/www.inverseteams.com\/es\/wp-json\/wp\/v2\/media?parent=112100"}],"wp:term":[{"taxonomy":"product_brand","embeddable":true,"href":"https:\/\/www.inverseteams.com\/es\/wp-json\/wp\/v2\/product_brand?post=112100"},{"taxonomy":"product_cat","embeddable":true,"href":"https:\/\/www.inverseteams.com\/es\/wp-json\/wp\/v2\/product_cat?post=112100"},{"taxonomy":"product_tag","embeddable":true,"href":"https:\/\/www.inverseteams.com\/es\/wp-json\/wp\/v2\/product_tag?post=112100"},{"taxonomy":"custom_category","embeddable":true,"href":"https:\/\/www.inverseteams.com\/es\/wp-json\/wp\/v2\/custom_category?post=112100"},{"taxonomy":"range","embeddable":true,"href":"https:\/\/www.inverseteams.com\/es\/wp-json\/wp\/v2\/range?post=112100"}],"curies":[{"name":"wp","href":"https:\/\/api.w.org\/{rel}","templated":true}]}}