{"id":112094,"date":"2022-12-13T13:24:39","date_gmt":"2022-12-13T13:24:39","guid":{"rendered":"https:\/\/www.inverseteams.com\/product\/guante-ciclismo-mtb\/"},"modified":"2022-12-13T13:24:44","modified_gmt":"2022-12-13T13:24:44","slug":"guante-ciclismo-mtb","status":"publish","type":"product","link":"https:\/\/www.inverseteams.com\/es\/producto\/guante-ciclismo-mtb\/","title":{"rendered":"Guante ciclismo MTB"},"content":{"rendered":"<p>Guantes largos de ciclismo ideales para el mountain bike. La palma est\u00e1 confeccionada con un tejido antideslizante y est\u00e1 reforzada con gel en algunas zonas clave para mejorar el confort. La parte superior es de LYCRA para un ajuste total a la mano, y garantiza una absorci\u00f3n y transpirabilidad ideales dejando la piel seca y fresca. El guante se ajusta perfectamente con un cierre de velcro en la mu\u00f1eca. El dedo \u00edndice est\u00e1 adaptado para poder tocar las pantallas de los smartphone. El proceso de sublimaci\u00f3n garantiza que los colores no pierdan intensidad con el uso y el paso del tiempo. Las tintas usadas para la personalizaci\u00f3n son ecol\u00f3gicas.<\/p>\n","protected":false},"excerpt":{"rendered":"<p>Guantes largos de ciclismo ideales para el mountain bike. La palma est\u00e1 confeccionada con un tejido antideslizante y est\u00e1 reforzada con gel en algunas zonas clave para mejorar el confort. La parte superior es de LYCRA para un ajuste total a la mano, y garantiza una absorci\u00f3n y transpirabilidad ideales dejando la piel seca y fresca. El guante se ajusta perfectamente con un cierre de velcro en la mu\u00f1eca. El dedo \u00edndice est\u00e1 adaptado para poder tocar las pantallas de los smartphone. El proceso de sublimaci\u00f3n garantiza que los colores no pierdan intensidad con el uso y el paso del tiempo. Las tintas usadas para la personalizaci\u00f3n son ecol\u00f3gicas.<\/p>\n","protected":false},"featured_media":111968,"comment_status":"closed","ping_status":"open","template":"","meta":{"_acf_changed":false},"product_brand":[],"product_cat":[15],"product_tag":[],"custom_category":[9089,1365,9085],"range":[9013],"class_list":{"0":"post-112094","1":"product","2":"type-product","3":"status-publish","4":"has-post-thumbnail","6":"product_cat-uncategorized","7":"pa_climatologia-calor","8":"pa_climatologia-temperatura-templada","9":"pa_deporte-ciclismo","10":"pa_deporte-all-mountain","11":"pa_genero-hombre","12":"pa_genero-mujer","13":"pa_genero-infantil","14":"pa_patronaje-fit","15":"pa_tipo-de-prenda-guantes","16":"custom_category-guantes-ciclismo-personalizados","17":"custom_category-deporte","18":"custom_category-accesorios-deportivos-personalizados","19":"range-guantes","21":"first","22":"instock","23":"product-type-custom"},"acf":[],"yoast_head":"<!-- This site is optimized with the Yoast SEO plugin v27.3 - https:\/\/yoast.com\/product\/yoast-seo-wordpress\/ -->\n<title>Guante ciclismo MTB<\/title>\n<meta name=\"description\" content=\"Guantes largos de ciclismo ideales para el mountain bike. La palma est\u00e1 confeccionada con un tejido antideslizante y est\u00e1 reforzada con gel en algunas zonas clave para mejorar el confort. La parte superior es de LYCRA para un ajuste total a la mano, y garantiza una absorci\u00f3n y transpirabilidad ideales dejando la piel seca y fresca. El guante se ajusta perfectamente con un cierre de velcro en la mu\u00f1eca. El dedo \u00edndice est\u00e1 adaptado para poder tocar las pantallas de los smartphone. El proceso de sublimaci\u00f3n garantiza que los colores no pierdan intensidad con el uso y el paso del tiempo. Las tintas usadas para la personalizaci\u00f3n son ecol\u00f3gicas.\" \/>\n<meta name=\"robots\" content=\"index, follow, max-snippet:-1, max-image-preview:large, max-video-preview:-1\" \/>\n<link rel=\"canonical\" href=\"https:\/\/www.inverseteams.com\/es\/producto\/guante-ciclismo-mtb\/\" \/>\n<meta property=\"og:locale\" content=\"es_ES\" \/>\n<meta property=\"og:type\" content=\"article\" \/>\n<meta property=\"og:title\" content=\"Guante ciclismo MTB\" \/>\n<meta property=\"og:description\" content=\"Guantes largos de ciclismo ideales para el mountain bike. La palma est\u00e1 confeccionada con un tejido antideslizante y est\u00e1 reforzada con gel en algunas zonas clave para mejorar el confort. La parte superior es de LYCRA para un ajuste total a la mano, y garantiza una absorci\u00f3n y transpirabilidad ideales dejando la piel seca y fresca. El guante se ajusta perfectamente con un cierre de velcro en la mu\u00f1eca. El dedo \u00edndice est\u00e1 adaptado para poder tocar las pantallas de los smartphone. El proceso de sublimaci\u00f3n garantiza que los colores no pierdan intensidad con el uso y el paso del tiempo. Las tintas usadas para la personalizaci\u00f3n son ecol\u00f3gicas.\" \/>\n<meta property=\"og:url\" content=\"https:\/\/www.inverseteams.com\/es\/producto\/guante-ciclismo-mtb\/\" \/>\n<meta property=\"og:site_name\" content=\"Inverseteams\" \/>\n<meta property=\"article:publisher\" content=\"https:\/\/www.facebook.com\/inverseteams\" \/>\n<meta property=\"article:modified_time\" content=\"2022-12-13T13:24:44+00:00\" \/>\n<meta property=\"og:image\" content=\"https:\/\/www.inverseteams.com\/wp-content\/uploads\/GUANTES-MTB-PERSONALIZADOS-1.jpg\" \/>\n\t<meta property=\"og:image:width\" content=\"3000\" \/>\n\t<meta property=\"og:image:height\" content=\"3223\" \/>\n\t<meta property=\"og:image:type\" content=\"image\/jpeg\" \/>\n<meta name=\"twitter:card\" content=\"summary_large_image\" \/>\n<meta name=\"twitter:label1\" content=\"Tiempo de lectura\" \/>\n\t<meta name=\"twitter:data1\" content=\"1 minuto\" \/>\n<script type=\"application\/ld+json\" class=\"yoast-schema-graph\">{\"@context\":\"https:\\\/\\\/schema.org\",\"@graph\":[{\"@type\":\"WebPage\",\"@id\":\"https:\\\/\\\/www.inverseteams.com\\\/es\\\/producto\\\/guante-ciclismo-mtb\\\/\",\"url\":\"https:\\\/\\\/www.inverseteams.com\\\/es\\\/producto\\\/guante-ciclismo-mtb\\\/\",\"name\":\"Guante ciclismo MTB\",\"isPartOf\":{\"@id\":\"https:\\\/\\\/www.inverseteams.com\\\/es\\\/#website\"},\"primaryImageOfPage\":{\"@id\":\"https:\\\/\\\/www.inverseteams.com\\\/es\\\/producto\\\/guante-ciclismo-mtb\\\/#primaryimage\"},\"image\":{\"@id\":\"https:\\\/\\\/www.inverseteams.com\\\/es\\\/producto\\\/guante-ciclismo-mtb\\\/#primaryimage\"},\"thumbnailUrl\":\"https:\\\/\\\/www.inverseteams.com\\\/wp-content\\\/uploads\\\/GUANTES-MTB-PERSONALIZADOS-1.jpg\",\"datePublished\":\"2022-12-13T13:24:39+00:00\",\"dateModified\":\"2022-12-13T13:24:44+00:00\",\"description\":\"Guantes largos de ciclismo ideales para el mountain bike. La palma est\u00e1 confeccionada con un tejido antideslizante y est\u00e1 reforzada con gel en algunas zonas clave para mejorar el confort. La parte superior es de LYCRA para un ajuste total a la mano, y garantiza una absorci\u00f3n y transpirabilidad ideales dejando la piel seca y fresca. El guante se ajusta perfectamente con un cierre de velcro en la mu\u00f1eca. El dedo \u00edndice est\u00e1 adaptado para poder tocar las pantallas de los smartphone. El proceso de sublimaci\u00f3n garantiza que los colores no pierdan intensidad con el uso y el paso del tiempo. Las tintas usadas para la personalizaci\u00f3n son ecol\u00f3gicas.\",\"breadcrumb\":{\"@id\":\"https:\\\/\\\/www.inverseteams.com\\\/es\\\/producto\\\/guante-ciclismo-mtb\\\/#breadcrumb\"},\"inLanguage\":\"es\",\"potentialAction\":[{\"@type\":\"ReadAction\",\"target\":[\"https:\\\/\\\/www.inverseteams.com\\\/es\\\/producto\\\/guante-ciclismo-mtb\\\/\"]}]},{\"@type\":\"ImageObject\",\"inLanguage\":\"es\",\"@id\":\"https:\\\/\\\/www.inverseteams.com\\\/es\\\/producto\\\/guante-ciclismo-mtb\\\/#primaryimage\",\"url\":\"https:\\\/\\\/www.inverseteams.com\\\/wp-content\\\/uploads\\\/GUANTES-MTB-PERSONALIZADOS-1.jpg\",\"contentUrl\":\"https:\\\/\\\/www.inverseteams.com\\\/wp-content\\\/uploads\\\/GUANTES-MTB-PERSONALIZADOS-1.jpg\",\"width\":3000,\"height\":3223,\"caption\":\"Guantes ciclismo MTB personalizados\"},{\"@type\":\"BreadcrumbList\",\"@id\":\"https:\\\/\\\/www.inverseteams.com\\\/es\\\/producto\\\/guante-ciclismo-mtb\\\/#breadcrumb\",\"itemListElement\":[{\"@type\":\"ListItem\",\"position\":1,\"name\":\"Portada\",\"item\":\"https:\\\/\\\/www.inverseteams.com\\\/es\\\/\"},{\"@type\":\"ListItem\",\"position\":2,\"name\":\"Tienda\",\"item\":\"https:\\\/\\\/www.inverseteams.com\\\/es\\\/tienda\\\/\"},{\"@type\":\"ListItem\",\"position\":3,\"name\":\"Guante ciclismo MTB\"}]},{\"@type\":\"WebSite\",\"@id\":\"https:\\\/\\\/www.inverseteams.com\\\/es\\\/#website\",\"url\":\"https:\\\/\\\/www.inverseteams.com\\\/es\\\/\",\"name\":\"Inverseteams\",\"description\":\"Tu marca de ropa deportiva personalizada\",\"publisher\":{\"@id\":\"https:\\\/\\\/www.inverseteams.com\\\/es\\\/#organization\"},\"potentialAction\":[{\"@type\":\"SearchAction\",\"target\":{\"@type\":\"EntryPoint\",\"urlTemplate\":\"https:\\\/\\\/www.inverseteams.com\\\/es\\\/?s={search_term_string}\"},\"query-input\":{\"@type\":\"PropertyValueSpecification\",\"valueRequired\":true,\"valueName\":\"search_term_string\"}}],\"inLanguage\":\"es\"},{\"@type\":\"Organization\",\"@id\":\"https:\\\/\\\/www.inverseteams.com\\\/es\\\/#organization\",\"name\":\"Inverse Teams\",\"url\":\"https:\\\/\\\/www.inverseteams.com\\\/es\\\/\",\"logo\":{\"@type\":\"ImageObject\",\"inLanguage\":\"es\",\"@id\":\"https:\\\/\\\/www.inverseteams.com\\\/es\\\/#\\\/schema\\\/logo\\\/image\\\/\",\"url\":\"http:\\\/\\\/www.inverseteams.com\\\/wp-content\\\/uploads\\\/2021\\\/03\\\/logo-inverse-teams.png\",\"contentUrl\":\"http:\\\/\\\/www.inverseteams.com\\\/wp-content\\\/uploads\\\/2021\\\/03\\\/logo-inverse-teams.png\",\"width\":294,\"height\":99,\"caption\":\"Inverse Teams\"},\"image\":{\"@id\":\"https:\\\/\\\/www.inverseteams.com\\\/es\\\/#\\\/schema\\\/logo\\\/image\\\/\"},\"sameAs\":[\"https:\\\/\\\/www.facebook.com\\\/inverseteams\",\"http:\\\/\\\/instagram.com\\\/inverseteams\",\"https:\\\/\\\/www.linkedin.com\\\/company\\\/inverse-cirosport-s-l-?trk=job_view_topcard_company_name\",\"http:\\\/\\\/www.pinterest.com\\\/inverseteams\\\/\",\"http:\\\/\\\/www.youtube.com\\\/user\\\/inverseteams?feature=watch\"]}]}<\/script>\n<!-- \/ Yoast SEO plugin. -->","yoast_head_json":{"title":"Guante ciclismo MTB","description":"Guantes largos de ciclismo ideales para el mountain bike. La palma est\u00e1 confeccionada con un tejido antideslizante y est\u00e1 reforzada con gel en algunas zonas clave para mejorar el confort. La parte superior es de LYCRA para un ajuste total a la mano, y garantiza una absorci\u00f3n y transpirabilidad ideales dejando la piel seca y fresca. El guante se ajusta perfectamente con un cierre de velcro en la mu\u00f1eca. El dedo \u00edndice est\u00e1 adaptado para poder tocar las pantallas de los smartphone. El proceso de sublimaci\u00f3n garantiza que los colores no pierdan intensidad con el uso y el paso del tiempo. Las tintas usadas para la personalizaci\u00f3n son ecol\u00f3gicas.","robots":{"index":"index","follow":"follow","max-snippet":"max-snippet:-1","max-image-preview":"max-image-preview:large","max-video-preview":"max-video-preview:-1"},"canonical":"https:\/\/www.inverseteams.com\/es\/producto\/guante-ciclismo-mtb\/","og_locale":"es_ES","og_type":"article","og_title":"Guante ciclismo MTB","og_description":"Guantes largos de ciclismo ideales para el mountain bike. La palma est\u00e1 confeccionada con un tejido antideslizante y est\u00e1 reforzada con gel en algunas zonas clave para mejorar el confort. La parte superior es de LYCRA para un ajuste total a la mano, y garantiza una absorci\u00f3n y transpirabilidad ideales dejando la piel seca y fresca. El guante se ajusta perfectamente con un cierre de velcro en la mu\u00f1eca. El dedo \u00edndice est\u00e1 adaptado para poder tocar las pantallas de los smartphone. El proceso de sublimaci\u00f3n garantiza que los colores no pierdan intensidad con el uso y el paso del tiempo. Las tintas usadas para la personalizaci\u00f3n son ecol\u00f3gicas.","og_url":"https:\/\/www.inverseteams.com\/es\/producto\/guante-ciclismo-mtb\/","og_site_name":"Inverseteams","article_publisher":"https:\/\/www.facebook.com\/inverseteams","article_modified_time":"2022-12-13T13:24:44+00:00","og_image":[{"width":3000,"height":3223,"url":"https:\/\/www.inverseteams.com\/wp-content\/uploads\/GUANTES-MTB-PERSONALIZADOS-1.jpg","type":"image\/jpeg"}],"twitter_card":"summary_large_image","twitter_misc":{"Tiempo de lectura":"1 minuto"},"schema":{"@context":"https:\/\/schema.org","@graph":[{"@type":"WebPage","@id":"https:\/\/www.inverseteams.com\/es\/producto\/guante-ciclismo-mtb\/","url":"https:\/\/www.inverseteams.com\/es\/producto\/guante-ciclismo-mtb\/","name":"Guante ciclismo MTB","isPartOf":{"@id":"https:\/\/www.inverseteams.com\/es\/#website"},"primaryImageOfPage":{"@id":"https:\/\/www.inverseteams.com\/es\/producto\/guante-ciclismo-mtb\/#primaryimage"},"image":{"@id":"https:\/\/www.inverseteams.com\/es\/producto\/guante-ciclismo-mtb\/#primaryimage"},"thumbnailUrl":"https:\/\/www.inverseteams.com\/wp-content\/uploads\/GUANTES-MTB-PERSONALIZADOS-1.jpg","datePublished":"2022-12-13T13:24:39+00:00","dateModified":"2022-12-13T13:24:44+00:00","description":"Guantes largos de ciclismo ideales para el mountain bike. La palma est\u00e1 confeccionada con un tejido antideslizante y est\u00e1 reforzada con gel en algunas zonas clave para mejorar el confort. La parte superior es de LYCRA para un ajuste total a la mano, y garantiza una absorci\u00f3n y transpirabilidad ideales dejando la piel seca y fresca. El guante se ajusta perfectamente con un cierre de velcro en la mu\u00f1eca. El dedo \u00edndice est\u00e1 adaptado para poder tocar las pantallas de los smartphone. El proceso de sublimaci\u00f3n garantiza que los colores no pierdan intensidad con el uso y el paso del tiempo. Las tintas usadas para la personalizaci\u00f3n son ecol\u00f3gicas.","breadcrumb":{"@id":"https:\/\/www.inverseteams.com\/es\/producto\/guante-ciclismo-mtb\/#breadcrumb"},"inLanguage":"es","potentialAction":[{"@type":"ReadAction","target":["https:\/\/www.inverseteams.com\/es\/producto\/guante-ciclismo-mtb\/"]}]},{"@type":"ImageObject","inLanguage":"es","@id":"https:\/\/www.inverseteams.com\/es\/producto\/guante-ciclismo-mtb\/#primaryimage","url":"https:\/\/www.inverseteams.com\/wp-content\/uploads\/GUANTES-MTB-PERSONALIZADOS-1.jpg","contentUrl":"https:\/\/www.inverseteams.com\/wp-content\/uploads\/GUANTES-MTB-PERSONALIZADOS-1.jpg","width":3000,"height":3223,"caption":"Guantes ciclismo MTB personalizados"},{"@type":"BreadcrumbList","@id":"https:\/\/www.inverseteams.com\/es\/producto\/guante-ciclismo-mtb\/#breadcrumb","itemListElement":[{"@type":"ListItem","position":1,"name":"Portada","item":"https:\/\/www.inverseteams.com\/es\/"},{"@type":"ListItem","position":2,"name":"Tienda","item":"https:\/\/www.inverseteams.com\/es\/tienda\/"},{"@type":"ListItem","position":3,"name":"Guante ciclismo MTB"}]},{"@type":"WebSite","@id":"https:\/\/www.inverseteams.com\/es\/#website","url":"https:\/\/www.inverseteams.com\/es\/","name":"Inverseteams","description":"Tu marca de ropa deportiva personalizada","publisher":{"@id":"https:\/\/www.inverseteams.com\/es\/#organization"},"potentialAction":[{"@type":"SearchAction","target":{"@type":"EntryPoint","urlTemplate":"https:\/\/www.inverseteams.com\/es\/?s={search_term_string}"},"query-input":{"@type":"PropertyValueSpecification","valueRequired":true,"valueName":"search_term_string"}}],"inLanguage":"es"},{"@type":"Organization","@id":"https:\/\/www.inverseteams.com\/es\/#organization","name":"Inverse Teams","url":"https:\/\/www.inverseteams.com\/es\/","logo":{"@type":"ImageObject","inLanguage":"es","@id":"https:\/\/www.inverseteams.com\/es\/#\/schema\/logo\/image\/","url":"https:\/\/www.inverseteams.com\/wp-content\/uploads\/2021\/03\/logo-inverse-teams.png","contentUrl":"https:\/\/www.inverseteams.com\/wp-content\/uploads\/2021\/03\/logo-inverse-teams.png","width":294,"height":99,"caption":"Inverse Teams"},"image":{"@id":"https:\/\/www.inverseteams.com\/es\/#\/schema\/logo\/image\/"},"sameAs":["https:\/\/www.facebook.com\/inverseteams","http:\/\/instagram.com\/inverseteams","https:\/\/www.linkedin.com\/company\/inverse-cirosport-s-l-?trk=job_view_topcard_company_name","http:\/\/www.pinterest.com\/inverseteams\/","http:\/\/www.youtube.com\/user\/inverseteams?feature=watch"]}]}},"_links":{"self":[{"href":"https:\/\/www.inverseteams.com\/es\/wp-json\/wp\/v2\/product\/112094","targetHints":{"allow":["GET"]}}],"collection":[{"href":"https:\/\/www.inverseteams.com\/es\/wp-json\/wp\/v2\/product"}],"about":[{"href":"https:\/\/www.inverseteams.com\/es\/wp-json\/wp\/v2\/types\/product"}],"replies":[{"embeddable":true,"href":"https:\/\/www.inverseteams.com\/es\/wp-json\/wp\/v2\/comments?post=112094"}],"wp:featuredmedia":[{"embeddable":true,"href":"https:\/\/www.inverseteams.com\/es\/wp-json\/wp\/v2\/media\/111968"}],"wp:attachment":[{"href":"https:\/\/www.inverseteams.com\/es\/wp-json\/wp\/v2\/media?parent=112094"}],"wp:term":[{"taxonomy":"product_brand","embeddable":true,"href":"https:\/\/www.inverseteams.com\/es\/wp-json\/wp\/v2\/product_brand?post=112094"},{"taxonomy":"product_cat","embeddable":true,"href":"https:\/\/www.inverseteams.com\/es\/wp-json\/wp\/v2\/product_cat?post=112094"},{"taxonomy":"product_tag","embeddable":true,"href":"https:\/\/www.inverseteams.com\/es\/wp-json\/wp\/v2\/product_tag?post=112094"},{"taxonomy":"custom_category","embeddable":true,"href":"https:\/\/www.inverseteams.com\/es\/wp-json\/wp\/v2\/custom_category?post=112094"},{"taxonomy":"range","embeddable":true,"href":"https:\/\/www.inverseteams.com\/es\/wp-json\/wp\/v2\/range?post=112094"}],"curies":[{"name":"wp","href":"https:\/\/api.w.org\/{rel}","templated":true}]}}