{"id":601,"date":"2021-02-01T08:56:15","date_gmt":"2021-02-01T08:56:15","guid":{"rendered":"https:\/\/new.inverseteams.ddev.site\/?page_id=601"},"modified":"2021-02-01T09:34:31","modified_gmt":"2021-02-01T09:34:31","slug":"canvio-de-talla","status":"publish","type":"page","link":"https:\/\/www.inverseteams.com\/es\/canvio-de-talla\/","title":{"rendered":"Canvio de talla"},"content":{"rendered":"\n<p>Si quiere cambiar un art\u00edculo porque no se ajusta a su talla, tiene que solicitarlo mandando un correo electr\u00f3nico a atencionalcliente@inverseshop.com especificando la referencia del contrato de compra, la cuant\u00eda del mismo, adjuntando copia de la factura e indicando la talla que ha comprado y la que quiere que le enviemos. Por motivos de higiene no se podr\u00e1n devolver ni cambiar productos que se comprendan como ropa interior as\u00ed como bienes consumibles.<\/p>\n\n\n<div class=\"wrapper-heading\">\n<h2 class=\"wp-block-heading\">Condiciones de embalaje<\/h2>\n<\/div>\n\n\n<p>1. El producto debe estar en el mismo estado en que se entreg\u00f3 y deber\u00e1 conservar, en la medida de lo posible, su embalaje y etiquetado original. En ning\u00fan caso aceptaremos un producto que haya sido usado por el cliente o con el embalaje original deteriorado. <\/p>\n\n\n\n<p>2. Prepare la misma caja o sobre que le hemos enviado, o en su defecto en alg\u00fan formato similar que garantice la devoluci\u00f3n en perfecto estado. Incluya en el etiquetado exterior los datos del domicilio de entrega del paquete: <\/p>\n\n\n\n<p>CIRO SPORT S.L. <\/p>\n\n\n\n<p>Carrer Congost, 16 <\/p>\n\n\n\n<p>Pol. Ind. Can Magarola <\/p>\n\n\n\n<p>08100 Mollet del Vall\u00e8s (SPAIN) <\/p>\n\n\n\n<p>3. Debe incluirse una copia de la confirmaci\u00f3n de la devoluci\u00f3n, que le enviaremos por correo electr\u00f3nico. <\/p>\n\n\n\n<p>4. CIRO SPORT se encargar\u00e1 de dar aviso a SEUR o DHL para la recogida del producto Tras recoger la prenda en su domicilio, y una vez que esta llegue a CIRO SPORT, procederemos a comprobar que est\u00e1n en perfecto estado, y gestionaremos el envio de la nueva prenda. Todo este proceso tiene un tiempo variable en funci\u00f3n del domicilio de compra del producto. <\/p>\n\n\n\n<p>Si tiene dudas sobre un cambio en concreto puede ponerse en contacto con nuestro centro de Atenci\u00f3n al Cliente en el correo atencionalcliente@inverseshop.com, o en los tel\u00e9fonos 00 34 935 795 021 (desde el extranjero) y 935 795 021(desde Espa\u00f1a).<\/p>\n","protected":false},"excerpt":{"rendered":"<p>Si quiere cambiar un art\u00edculo porque no se ajusta a su talla, tiene que solicitarlo mandando un correo electr\u00f3nico a atencionalcliente@inverseshop.com especificando la referencia del contrato de compra, la cuant\u00eda del mismo, adjuntando copia de la factura e indicando la talla que ha comprado y la que quiere que le enviemos. Por motivos de higiene [&hellip;]<\/p>\n","protected":false},"author":1,"featured_media":0,"parent":0,"menu_order":0,"comment_status":"closed","ping_status":"closed","template":"page-templates\/page-atencion-cliente.php","meta":{"_acf_changed":false,"footnotes":""},"class_list":["post-601","page","type-page","status-publish","hentry"],"acf":[],"yoast_head":"<!-- This site is optimized with the Yoast SEO plugin v27.5 - https:\/\/yoast.com\/product\/yoast-seo-wordpress\/ -->\n<title>Canvio de talla | Inverseteams<\/title>\n<meta name=\"robots\" content=\"index, follow, max-snippet:-1, max-image-preview:large, max-video-preview:-1\" \/>\n<link rel=\"canonical\" href=\"https:\/\/www.inverseteams.com\/es\/canvio-de-talla\/\" \/>\n<meta property=\"og:locale\" content=\"es_ES\" \/>\n<meta property=\"og:type\" content=\"article\" \/>\n<meta property=\"og:title\" content=\"Canvio de talla | Inverseteams\" \/>\n<meta property=\"og:description\" content=\"Si quiere cambiar un art\u00edculo porque no se ajusta a su talla, tiene que solicitarlo mandando un correo electr\u00f3nico a atencionalcliente@inverseshop.com especificando la referencia del contrato de compra, la cuant\u00eda del mismo, adjuntando copia de la factura e indicando la talla que ha comprado y la que quiere que le enviemos. Por motivos de higiene [&hellip;]\" \/>\n<meta property=\"og:url\" content=\"https:\/\/www.inverseteams.com\/es\/canvio-de-talla\/\" \/>\n<meta property=\"og:site_name\" content=\"Inverseteams\" \/>\n<meta property=\"article:publisher\" content=\"https:\/\/www.facebook.com\/inverseteams\" \/>\n<meta property=\"article:modified_time\" content=\"2021-02-01T09:34:31+00:00\" \/>\n<meta name=\"twitter:card\" content=\"summary_large_image\" \/>\n<meta name=\"twitter:label1\" content=\"Tiempo de lectura\" \/>\n\t<meta name=\"twitter:data1\" content=\"2 minuto\" \/>\n<script type=\"application\/ld+json\" class=\"yoast-schema-graph\">{\"@context\":\"https:\\\/\\\/schema.org\",\"@graph\":[{\"@type\":\"WebPage\",\"@id\":\"https:\\\/\\\/www.inverseteams.com\\\/es\\\/canvio-de-talla\\\/\",\"url\":\"https:\\\/\\\/www.inverseteams.com\\\/es\\\/canvio-de-talla\\\/\",\"name\":\"Canvio de talla | Inverseteams\",\"isPartOf\":{\"@id\":\"https:\\\/\\\/www.inverseteams.com\\\/es\\\/#website\"},\"datePublished\":\"2021-02-01T08:56:15+00:00\",\"dateModified\":\"2021-02-01T09:34:31+00:00\",\"breadcrumb\":{\"@id\":\"https:\\\/\\\/www.inverseteams.com\\\/es\\\/canvio-de-talla\\\/#breadcrumb\"},\"inLanguage\":\"es\",\"potentialAction\":[{\"@type\":\"ReadAction\",\"target\":[\"https:\\\/\\\/www.inverseteams.com\\\/es\\\/canvio-de-talla\\\/\"]}]},{\"@type\":\"BreadcrumbList\",\"@id\":\"https:\\\/\\\/www.inverseteams.com\\\/es\\\/canvio-de-talla\\\/#breadcrumb\",\"itemListElement\":[{\"@type\":\"ListItem\",\"position\":1,\"name\":\"Portada\",\"item\":\"https:\\\/\\\/www.inverseteams.com\\\/es\\\/\"},{\"@type\":\"ListItem\",\"position\":2,\"name\":\"Canvio de talla\"}]},{\"@type\":\"WebSite\",\"@id\":\"https:\\\/\\\/www.inverseteams.com\\\/es\\\/#website\",\"url\":\"https:\\\/\\\/www.inverseteams.com\\\/es\\\/\",\"name\":\"Inverseteams\",\"description\":\"Tu marca de ropa deportiva personalizada\",\"publisher\":{\"@id\":\"https:\\\/\\\/www.inverseteams.com\\\/es\\\/#organization\"},\"potentialAction\":[{\"@type\":\"SearchAction\",\"target\":{\"@type\":\"EntryPoint\",\"urlTemplate\":\"https:\\\/\\\/www.inverseteams.com\\\/es\\\/?s={search_term_string}\"},\"query-input\":{\"@type\":\"PropertyValueSpecification\",\"valueRequired\":true,\"valueName\":\"search_term_string\"}}],\"inLanguage\":\"es\"},{\"@type\":\"Organization\",\"@id\":\"https:\\\/\\\/www.inverseteams.com\\\/es\\\/#organization\",\"name\":\"Inverse Teams\",\"url\":\"https:\\\/\\\/www.inverseteams.com\\\/es\\\/\",\"logo\":{\"@type\":\"ImageObject\",\"inLanguage\":\"es\",\"@id\":\"https:\\\/\\\/www.inverseteams.com\\\/es\\\/#\\\/schema\\\/logo\\\/image\\\/\",\"url\":\"https:\\\/\\\/www.inverseteams.com\\\/wp-content\\\/uploads\\\/2021\\\/03\\\/logo-inverse-teams.png\",\"contentUrl\":\"https:\\\/\\\/www.inverseteams.com\\\/wp-content\\\/uploads\\\/2021\\\/03\\\/logo-inverse-teams.png\",\"width\":294,\"height\":99,\"caption\":\"Inverse Teams\"},\"image\":{\"@id\":\"https:\\\/\\\/www.inverseteams.com\\\/es\\\/#\\\/schema\\\/logo\\\/image\\\/\"},\"sameAs\":[\"https:\\\/\\\/www.facebook.com\\\/inverseteams\",\"http:\\\/\\\/instagram.com\\\/inverseteams\",\"https:\\\/\\\/www.linkedin.com\\\/company\\\/inverse-cirosport-s-l-?trk=job_view_topcard_company_name\",\"http:\\\/\\\/www.pinterest.com\\\/inverseteams\\\/\",\"http:\\\/\\\/www.youtube.com\\\/user\\\/inverseteams?feature=watch\"]}]}<\/script>\n<!-- \/ Yoast SEO plugin. -->","yoast_head_json":{"title":"Canvio de talla | Inverseteams","robots":{"index":"index","follow":"follow","max-snippet":"max-snippet:-1","max-image-preview":"max-image-preview:large","max-video-preview":"max-video-preview:-1"},"canonical":"https:\/\/www.inverseteams.com\/es\/canvio-de-talla\/","og_locale":"es_ES","og_type":"article","og_title":"Canvio de talla | Inverseteams","og_description":"Si quiere cambiar un art\u00edculo porque no se ajusta a su talla, tiene que solicitarlo mandando un correo electr\u00f3nico a atencionalcliente@inverseshop.com especificando la referencia del contrato de compra, la cuant\u00eda del mismo, adjuntando copia de la factura e indicando la talla que ha comprado y la que quiere que le enviemos. Por motivos de higiene [&hellip;]","og_url":"https:\/\/www.inverseteams.com\/es\/canvio-de-talla\/","og_site_name":"Inverseteams","article_publisher":"https:\/\/www.facebook.com\/inverseteams","article_modified_time":"2021-02-01T09:34:31+00:00","twitter_card":"summary_large_image","twitter_misc":{"Tiempo de lectura":"2 minuto"},"schema":{"@context":"https:\/\/schema.org","@graph":[{"@type":"WebPage","@id":"https:\/\/www.inverseteams.com\/es\/canvio-de-talla\/","url":"https:\/\/www.inverseteams.com\/es\/canvio-de-talla\/","name":"Canvio de talla | Inverseteams","isPartOf":{"@id":"https:\/\/www.inverseteams.com\/es\/#website"},"datePublished":"2021-02-01T08:56:15+00:00","dateModified":"2021-02-01T09:34:31+00:00","breadcrumb":{"@id":"https:\/\/www.inverseteams.com\/es\/canvio-de-talla\/#breadcrumb"},"inLanguage":"es","potentialAction":[{"@type":"ReadAction","target":["https:\/\/www.inverseteams.com\/es\/canvio-de-talla\/"]}]},{"@type":"BreadcrumbList","@id":"https:\/\/www.inverseteams.com\/es\/canvio-de-talla\/#breadcrumb","itemListElement":[{"@type":"ListItem","position":1,"name":"Portada","item":"https:\/\/www.inverseteams.com\/es\/"},{"@type":"ListItem","position":2,"name":"Canvio de talla"}]},{"@type":"WebSite","@id":"https:\/\/www.inverseteams.com\/es\/#website","url":"https:\/\/www.inverseteams.com\/es\/","name":"Inverseteams","description":"Tu marca de ropa deportiva personalizada","publisher":{"@id":"https:\/\/www.inverseteams.com\/es\/#organization"},"potentialAction":[{"@type":"SearchAction","target":{"@type":"EntryPoint","urlTemplate":"https:\/\/www.inverseteams.com\/es\/?s={search_term_string}"},"query-input":{"@type":"PropertyValueSpecification","valueRequired":true,"valueName":"search_term_string"}}],"inLanguage":"es"},{"@type":"Organization","@id":"https:\/\/www.inverseteams.com\/es\/#organization","name":"Inverse Teams","url":"https:\/\/www.inverseteams.com\/es\/","logo":{"@type":"ImageObject","inLanguage":"es","@id":"https:\/\/www.inverseteams.com\/es\/#\/schema\/logo\/image\/","url":"https:\/\/www.inverseteams.com\/wp-content\/uploads\/2021\/03\/logo-inverse-teams.png","contentUrl":"https:\/\/www.inverseteams.com\/wp-content\/uploads\/2021\/03\/logo-inverse-teams.png","width":294,"height":99,"caption":"Inverse Teams"},"image":{"@id":"https:\/\/www.inverseteams.com\/es\/#\/schema\/logo\/image\/"},"sameAs":["https:\/\/www.facebook.com\/inverseteams","http:\/\/instagram.com\/inverseteams","https:\/\/www.linkedin.com\/company\/inverse-cirosport-s-l-?trk=job_view_topcard_company_name","http:\/\/www.pinterest.com\/inverseteams\/","http:\/\/www.youtube.com\/user\/inverseteams?feature=watch"]}]}},"_links":{"self":[{"href":"https:\/\/www.inverseteams.com\/es\/wp-json\/wp\/v2\/pages\/601","targetHints":{"allow":["GET"]}}],"collection":[{"href":"https:\/\/www.inverseteams.com\/es\/wp-json\/wp\/v2\/pages"}],"about":[{"href":"https:\/\/www.inverseteams.com\/es\/wp-json\/wp\/v2\/types\/page"}],"author":[{"embeddable":true,"href":"https:\/\/www.inverseteams.com\/es\/wp-json\/wp\/v2\/users\/1"}],"replies":[{"embeddable":true,"href":"https:\/\/www.inverseteams.com\/es\/wp-json\/wp\/v2\/comments?post=601"}],"version-history":[{"count":0,"href":"https:\/\/www.inverseteams.com\/es\/wp-json\/wp\/v2\/pages\/601\/revisions"}],"wp:attachment":[{"href":"https:\/\/www.inverseteams.com\/es\/wp-json\/wp\/v2\/media?parent=601"}],"curies":[{"name":"wp","href":"https:\/\/api.w.org\/{rel}","templated":true}]}}