{"id":271,"date":"2021-01-18T15:58:39","date_gmt":"2021-01-18T15:58:39","guid":{"rendered":"https:\/\/new.inverseteams.ddev.site\/?page_id=271"},"modified":"2023-10-23T12:21:33","modified_gmt":"2023-10-23T12:21:33","slug":"aviso-legal","status":"publish","type":"page","link":"https:\/\/www.inverseteams.com\/es\/aviso-legal\/","title":{"rendered":"Aviso legal"},"content":{"rendered":"<div class=\"wrapper-heading\">\n<h2 class=\"wp-block-heading\">1.- Datos identificativos.<\/h2>\n<\/div>\n\n\n<p>Esta p\u00e1gina Web es titularidad de CIRO SPORT, S.L (en adelante, CIRO SPORT), entidad debidamente inscrita en el Registro Mercantil de Barcelona, Tomo 21610, Folio 123, Hoja B-25.183, Inscripci\u00f3n 1\u00aa, con domicilio social en la Calle Congost n\u00ba 16, 08100 Mollet del Vall\u00e8s (Barcelona) y con C.I.F. B-59940973. Puede contactar con la entidad por cualquiera de los siguientes medios:<\/p>\n\n\n\n<p><strong>Tel\u00e9fono Atenci\u00f3n al Cliente:<\/strong><br>Desde el extranjero: 00 34 935 795 021<br>Desde Espa\u00f1a: 935 795 021<\/p>\n\n\n\n<p><strong>Fax:<\/strong><br>Desde el extranjero: 00 34 935 937 344<br>Desde Espa\u00f1a: 935 937 344<\/p>\n\n\n\n<p><strong>Correo electr\u00f3nico:<\/strong><br><a href=\"mailto:atencionalcliente@inverseteams.com\">atencionalcliente@inverseteams.com<\/a><\/p>\n\n\n<div class=\"wrapper-heading\">\n<h2 class=\"wp-block-heading\">2.- T\u00e9rminos y condiciones de utilizaci\u00f3n de esta p\u00e1gina Web.<\/h2>\n<\/div>\n\n<div class=\"wrapper-heading\">\n<h3 class=\"wp-block-heading\">2.1 Introducci\u00f3n.<\/h3>\n<\/div>\n\n\n<p>2.1.1.- El acceso a este sitio Web, as\u00ed como la utilizaci\u00f3n de las funcionalidades (en adelante, Servicios) y contenidos (en adelante, Contenidos) que en ella se ofrecen atribuye a quien lo haga la condici\u00f3n de USUARIO e implica la aceptaci\u00f3n de todas las condiciones incluidas en este Aviso Legal. Si el USUARIO decide no aceptar cualquiera de las referidas normas o manifiesta alg\u00fan tipo de reserva, debe abstenerse de acceder al sitio Web o utilizar sus Servicios y Contenidos.<\/p>\n\n\n\n<p>2.1.2.- El acceso y\/o la utilizaci\u00f3n de ciertos Contenidos o Servicios pueden encontrarse sometidos a condiciones o reglas de uso especiales que, seg\u00fan los casos, pueden sustituir, completar o modificar el presente Aviso Legal. Si existiese contradicci\u00f3n entre las condiciones o reglas de uso especiales y el Aviso legal, tendr\u00e1n aplicaci\u00f3n preferente las de uso especial, por lo que tambi\u00e9n deben ser le\u00eddas y aceptadas por EL USUARIO.<\/p>\n\n\n\n<p>2.1.3.- El presente Aviso Legal y el resto de condiciones existentes en el Sitio Web podr\u00e1n ser modificadas o sustituidas en cualquier momento. Las nuevas condiciones sustituir\u00e1n, completar\u00e1n o modificar\u00e1n las actuales desde el mismo momento en que sean publicadas en el Sitio Web o por cualquier otro medio que permita al USUARIO conocerlas.<\/p>\n\n\n<div class=\"wrapper-heading\">\n<h3 class=\"wp-block-heading\">2.2 Servicios ofrecidos al USUARIO.<\/h3>\n<\/div>\n\n\n<p>2.2.1.- En este Sitio Web, el USUARIO podr\u00e1 tener acceso, entre otros, a los siguientes Contenidos y Servicios:<\/p>\n\n\n\n<ul class=\"wp-block-list\">\n<li>Compra online de ropa t\u00e9cnica CIRO SPORT<\/li>\n\n\n\n<li>Informaci\u00f3n y noticias sobre temas deportivos, publicaciones o cualesquiera otros aspectos relacionados con la tem\u00e1tica principal del Sitio Web<\/li>\n\n\n\n<li>Contenidos elaborados por profesionales especializados<\/li>\n\n\n\n<li>Directorio de direcciones recomendadas (links)<\/li>\n\n\n\n<li>Foros de Opini\u00f3n sobre productos<\/li>\n\n\n\n<li>Resoluci\u00f3n de consultas t\u00e9cnicas sobre materiales de confecci\u00f3n de productos t\u00e9cnicos<\/li>\n\n\n\n<li>Adquisici\u00f3n de productos ofrecidos a sus clientes por CIRO SPORT u otras sociedades de su Grupo empresarial<\/li>\n\n\n\n<li>Acceso a juegos, promociones, descuentos, sorteos y concursos ofrecidos por CIRO SPORT y otras empresas validadas por CIRO SPORT<\/li>\n<\/ul>\n\n\n\n<p>2.2.2.- CIRO SPORT se reserva la facultad de modificar, suspender, cancelar o restringir el Contenido o los Servicios del Sitio Web, sus v\u00ednculos o la informaci\u00f3n obtenida a trav\u00e9s de \u00e9l, sin necesidad de previo aviso.<\/p>\n\n\n<div class=\"wrapper-heading\">\n<h3 class=\"wp-block-heading\">2.3 Condiciones generales de uso.<\/h3>\n<\/div>\n\n\n<p>2.3.1.- La informaci\u00f3n contenida en el Sitio Web y los productos y servicios ofrecidos a trav\u00e9s de \u00e9l est\u00e1n destinados, principalmente, a personas f\u00edsicas o jur\u00eddicas, p\u00fablicas y privadas, con residencia en Espa\u00f1a y\/o la Uni\u00f3n Europea y\/o que accedan desde Espa\u00f1a y\/o la Uni\u00f3n Europea, por lo que CIRO SPORT declina toda responsabilidad por las consecuencias que pudieran derivarse del acceso efectuado desde jurisdicciones donde la distribuci\u00f3n o uso de dichos elementos pudieran ser contrarios a la normativa existente en ese pa\u00eds.<\/p>\n\n\n\n<p>2.3.2.- Los Contenidos y Servicios ofrecidos a trav\u00e9s de este Sitio Web est\u00e1n destinados a su uso por personas mayores de edad. Queda prohibido la compra de productos a menores de edad sin consentimiento de sus responsables legales. De las compras efectuadas por menores falseando datos responder\u00e1n sus responsables legales seg\u00fan la legislaci\u00f3n espa\u00f1ola y europea.<\/p>\n\n\n\n<p>2.3.3.- El acceso al Sitio Web implica la aceptaci\u00f3n por el USUARIO de las condiciones de tratamiento de sus datos de car\u00e1cter personal que se describen en la Pol\u00edtica de Privacidad.<\/p>\n\n\n\n<p>En todo caso, el USUARIO podr\u00e1 desistir de acceder a los Contenidos o darse de baja en los Servicios.<\/p>\n\n\n\n<p>2.3.4.- CIRO SPORT obtiene los Contenidos incluidos en el Sitio Web de fuentes consideradas como fiables. No obstante, no se puede garantizar que en todo momento sea exacta, completa y actualizada. Por ello, CIRO SPORT declina expresamente cualquier responsabilidad por error u omisi\u00f3n en la informaci\u00f3n contenida en este Sitio Web.<\/p>\n\n\n\n<p>2.3.5.- Pese a que CIRO SPORT hace todos los esfuerzos que son razonables para que los Contenidos y Servicios ofrecidos a trav\u00e9s de este Sitio Web se encuentren disponibles permanentemente, el Usuario debe tener en cuenta que pueden existir interrupciones o limitaciones de acceso o uso derivadas de hechos accidentales e imprevistos o de la realizaci\u00f3n de acciones necesarias para llevar a cabo operaciones de mejora, mantenimiento o an\u00e1logas.<\/p>\n\n\n\n<p>2.3.6.- El coste de l\u00ednea telef\u00f3nica que genere para el USUARIO la utilizaci\u00f3n del Sitio Web y cualesquiera otros gastos distintos del mero acceso a este y su puesta a disposici\u00f3n de los USUARIOS, correr\u00e1n exclusivamente por cuenta de estos.<\/p>\n\n\n\n<p>2.3.7 El acceso a determinados Contenidos o el uso de ciertos Servicios del Sitio Web pueden hacer necesario que el USUARIO deba descargar en su equipo aplicaciones inform\u00e1ticas. Ello se realizar\u00e1 bajo la exclusiva responsabilidad del USUARIO, sin que pueda exigirse a CIRO SPORT responsabilidad alguna derivada de dichas acciones.<\/p>\n","protected":false},"excerpt":{"rendered":"<p>1.- Datos identificativos. Esta p\u00e1gina Web es titularidad de CIRO SPORT, S.L (en adelante, CIRO SPORT), entidad debidamente inscrita en el Registro Mercantil de Barcelona, Tomo 21610, Folio 123, Hoja B-25.183, Inscripci\u00f3n 1\u00aa, con domicilio social en la Calle Congost n\u00ba 16, 08100 Mollet del Vall\u00e8s (Barcelona) y con C.I.F. B-59940973. Puede contactar con la [&hellip;]<\/p>\n","protected":false},"author":1,"featured_media":0,"parent":0,"menu_order":0,"comment_status":"closed","ping_status":"closed","template":"page-templates\/page-one-column.php","meta":{"_acf_changed":false,"footnotes":""},"class_list":["post-271","page","type-page","status-publish","hentry"],"acf":[],"yoast_head":"<!-- This site is optimized with the Yoast SEO plugin v27.5 - https:\/\/yoast.com\/product\/yoast-seo-wordpress\/ -->\n<title>Aviso legal | Inverseteams<\/title>\n<meta name=\"robots\" content=\"index, follow, max-snippet:-1, max-image-preview:large, max-video-preview:-1\" \/>\n<link rel=\"canonical\" href=\"https:\/\/www.inverseteams.com\/es\/aviso-legal\/\" \/>\n<meta property=\"og:locale\" content=\"es_ES\" \/>\n<meta property=\"og:type\" content=\"article\" \/>\n<meta property=\"og:title\" content=\"Aviso legal | Inverseteams\" \/>\n<meta property=\"og:description\" content=\"1.- Datos identificativos. Esta p\u00e1gina Web es titularidad de CIRO SPORT, S.L (en adelante, CIRO SPORT), entidad debidamente inscrita en el Registro Mercantil de Barcelona, Tomo 21610, Folio 123, Hoja B-25.183, Inscripci\u00f3n 1\u00aa, con domicilio social en la Calle Congost n\u00ba 16, 08100 Mollet del Vall\u00e8s (Barcelona) y con C.I.F. B-59940973. Puede contactar con la [&hellip;]\" \/>\n<meta property=\"og:url\" content=\"https:\/\/www.inverseteams.com\/es\/aviso-legal\/\" \/>\n<meta property=\"og:site_name\" content=\"Inverseteams\" \/>\n<meta property=\"article:publisher\" content=\"https:\/\/www.facebook.com\/inverseteams\" \/>\n<meta property=\"article:modified_time\" content=\"2023-10-23T12:21:33+00:00\" \/>\n<meta name=\"twitter:card\" content=\"summary_large_image\" \/>\n<meta name=\"twitter:label1\" content=\"Tiempo de lectura\" \/>\n\t<meta name=\"twitter:data1\" content=\"4 minuto\" \/>\n<script type=\"application\/ld+json\" class=\"yoast-schema-graph\">{\"@context\":\"https:\\\/\\\/schema.org\",\"@graph\":[{\"@type\":\"WebPage\",\"@id\":\"https:\\\/\\\/www.inverseteams.com\\\/es\\\/aviso-legal\\\/\",\"url\":\"https:\\\/\\\/www.inverseteams.com\\\/es\\\/aviso-legal\\\/\",\"name\":\"Aviso legal | Inverseteams\",\"isPartOf\":{\"@id\":\"https:\\\/\\\/www.inverseteams.com\\\/es\\\/#website\"},\"datePublished\":\"2021-01-18T15:58:39+00:00\",\"dateModified\":\"2023-10-23T12:21:33+00:00\",\"breadcrumb\":{\"@id\":\"https:\\\/\\\/www.inverseteams.com\\\/es\\\/aviso-legal\\\/#breadcrumb\"},\"inLanguage\":\"es\",\"potentialAction\":[{\"@type\":\"ReadAction\",\"target\":[\"https:\\\/\\\/www.inverseteams.com\\\/es\\\/aviso-legal\\\/\"]}]},{\"@type\":\"BreadcrumbList\",\"@id\":\"https:\\\/\\\/www.inverseteams.com\\\/es\\\/aviso-legal\\\/#breadcrumb\",\"itemListElement\":[{\"@type\":\"ListItem\",\"position\":1,\"name\":\"Portada\",\"item\":\"https:\\\/\\\/www.inverseteams.com\\\/es\\\/\"},{\"@type\":\"ListItem\",\"position\":2,\"name\":\"Aviso legal\"}]},{\"@type\":\"WebSite\",\"@id\":\"https:\\\/\\\/www.inverseteams.com\\\/es\\\/#website\",\"url\":\"https:\\\/\\\/www.inverseteams.com\\\/es\\\/\",\"name\":\"Inverseteams\",\"description\":\"Tu marca de ropa deportiva personalizada\",\"publisher\":{\"@id\":\"https:\\\/\\\/www.inverseteams.com\\\/es\\\/#organization\"},\"potentialAction\":[{\"@type\":\"SearchAction\",\"target\":{\"@type\":\"EntryPoint\",\"urlTemplate\":\"https:\\\/\\\/www.inverseteams.com\\\/es\\\/?s={search_term_string}\"},\"query-input\":{\"@type\":\"PropertyValueSpecification\",\"valueRequired\":true,\"valueName\":\"search_term_string\"}}],\"inLanguage\":\"es\"},{\"@type\":\"Organization\",\"@id\":\"https:\\\/\\\/www.inverseteams.com\\\/es\\\/#organization\",\"name\":\"Inverse Teams\",\"url\":\"https:\\\/\\\/www.inverseteams.com\\\/es\\\/\",\"logo\":{\"@type\":\"ImageObject\",\"inLanguage\":\"es\",\"@id\":\"https:\\\/\\\/www.inverseteams.com\\\/es\\\/#\\\/schema\\\/logo\\\/image\\\/\",\"url\":\"https:\\\/\\\/www.inverseteams.com\\\/wp-content\\\/uploads\\\/2021\\\/03\\\/logo-inverse-teams.png\",\"contentUrl\":\"https:\\\/\\\/www.inverseteams.com\\\/wp-content\\\/uploads\\\/2021\\\/03\\\/logo-inverse-teams.png\",\"width\":294,\"height\":99,\"caption\":\"Inverse Teams\"},\"image\":{\"@id\":\"https:\\\/\\\/www.inverseteams.com\\\/es\\\/#\\\/schema\\\/logo\\\/image\\\/\"},\"sameAs\":[\"https:\\\/\\\/www.facebook.com\\\/inverseteams\",\"http:\\\/\\\/instagram.com\\\/inverseteams\",\"https:\\\/\\\/www.linkedin.com\\\/company\\\/inverse-cirosport-s-l-?trk=job_view_topcard_company_name\",\"http:\\\/\\\/www.pinterest.com\\\/inverseteams\\\/\",\"http:\\\/\\\/www.youtube.com\\\/user\\\/inverseteams?feature=watch\"]}]}<\/script>\n<!-- \/ Yoast SEO plugin. -->","yoast_head_json":{"title":"Aviso legal | Inverseteams","robots":{"index":"index","follow":"follow","max-snippet":"max-snippet:-1","max-image-preview":"max-image-preview:large","max-video-preview":"max-video-preview:-1"},"canonical":"https:\/\/www.inverseteams.com\/es\/aviso-legal\/","og_locale":"es_ES","og_type":"article","og_title":"Aviso legal | Inverseteams","og_description":"1.- Datos identificativos. Esta p\u00e1gina Web es titularidad de CIRO SPORT, S.L (en adelante, CIRO SPORT), entidad debidamente inscrita en el Registro Mercantil de Barcelona, Tomo 21610, Folio 123, Hoja B-25.183, Inscripci\u00f3n 1\u00aa, con domicilio social en la Calle Congost n\u00ba 16, 08100 Mollet del Vall\u00e8s (Barcelona) y con C.I.F. B-59940973. Puede contactar con la [&hellip;]","og_url":"https:\/\/www.inverseteams.com\/es\/aviso-legal\/","og_site_name":"Inverseteams","article_publisher":"https:\/\/www.facebook.com\/inverseteams","article_modified_time":"2023-10-23T12:21:33+00:00","twitter_card":"summary_large_image","twitter_misc":{"Tiempo de lectura":"4 minuto"},"schema":{"@context":"https:\/\/schema.org","@graph":[{"@type":"WebPage","@id":"https:\/\/www.inverseteams.com\/es\/aviso-legal\/","url":"https:\/\/www.inverseteams.com\/es\/aviso-legal\/","name":"Aviso legal | Inverseteams","isPartOf":{"@id":"https:\/\/www.inverseteams.com\/es\/#website"},"datePublished":"2021-01-18T15:58:39+00:00","dateModified":"2023-10-23T12:21:33+00:00","breadcrumb":{"@id":"https:\/\/www.inverseteams.com\/es\/aviso-legal\/#breadcrumb"},"inLanguage":"es","potentialAction":[{"@type":"ReadAction","target":["https:\/\/www.inverseteams.com\/es\/aviso-legal\/"]}]},{"@type":"BreadcrumbList","@id":"https:\/\/www.inverseteams.com\/es\/aviso-legal\/#breadcrumb","itemListElement":[{"@type":"ListItem","position":1,"name":"Portada","item":"https:\/\/www.inverseteams.com\/es\/"},{"@type":"ListItem","position":2,"name":"Aviso legal"}]},{"@type":"WebSite","@id":"https:\/\/www.inverseteams.com\/es\/#website","url":"https:\/\/www.inverseteams.com\/es\/","name":"Inverseteams","description":"Tu marca de ropa deportiva personalizada","publisher":{"@id":"https:\/\/www.inverseteams.com\/es\/#organization"},"potentialAction":[{"@type":"SearchAction","target":{"@type":"EntryPoint","urlTemplate":"https:\/\/www.inverseteams.com\/es\/?s={search_term_string}"},"query-input":{"@type":"PropertyValueSpecification","valueRequired":true,"valueName":"search_term_string"}}],"inLanguage":"es"},{"@type":"Organization","@id":"https:\/\/www.inverseteams.com\/es\/#organization","name":"Inverse Teams","url":"https:\/\/www.inverseteams.com\/es\/","logo":{"@type":"ImageObject","inLanguage":"es","@id":"https:\/\/www.inverseteams.com\/es\/#\/schema\/logo\/image\/","url":"https:\/\/www.inverseteams.com\/wp-content\/uploads\/2021\/03\/logo-inverse-teams.png","contentUrl":"https:\/\/www.inverseteams.com\/wp-content\/uploads\/2021\/03\/logo-inverse-teams.png","width":294,"height":99,"caption":"Inverse Teams"},"image":{"@id":"https:\/\/www.inverseteams.com\/es\/#\/schema\/logo\/image\/"},"sameAs":["https:\/\/www.facebook.com\/inverseteams","http:\/\/instagram.com\/inverseteams","https:\/\/www.linkedin.com\/company\/inverse-cirosport-s-l-?trk=job_view_topcard_company_name","http:\/\/www.pinterest.com\/inverseteams\/","http:\/\/www.youtube.com\/user\/inverseteams?feature=watch"]}]}},"_links":{"self":[{"href":"https:\/\/www.inverseteams.com\/es\/wp-json\/wp\/v2\/pages\/271","targetHints":{"allow":["GET"]}}],"collection":[{"href":"https:\/\/www.inverseteams.com\/es\/wp-json\/wp\/v2\/pages"}],"about":[{"href":"https:\/\/www.inverseteams.com\/es\/wp-json\/wp\/v2\/types\/page"}],"author":[{"embeddable":true,"href":"https:\/\/www.inverseteams.com\/es\/wp-json\/wp\/v2\/users\/1"}],"replies":[{"embeddable":true,"href":"https:\/\/www.inverseteams.com\/es\/wp-json\/wp\/v2\/comments?post=271"}],"version-history":[{"count":0,"href":"https:\/\/www.inverseteams.com\/es\/wp-json\/wp\/v2\/pages\/271\/revisions"}],"wp:attachment":[{"href":"https:\/\/www.inverseteams.com\/es\/wp-json\/wp\/v2\/media?parent=271"}],"curies":[{"name":"wp","href":"https:\/\/api.w.org\/{rel}","templated":true}]}}