{"id":246,"date":"2021-01-18T15:51:22","date_gmt":"2021-01-18T15:51:22","guid":{"rendered":"https:\/\/new.inverseteams.ddev.site\/?page_id=246"},"modified":"2025-05-22T10:03:59","modified_gmt":"2025-05-22T10:03:59","slug":"terminos-de-entrega-y-envio","status":"publish","type":"page","link":"https:\/\/www.inverseteams.com\/es\/terminos-de-entrega-y-envio\/","title":{"rendered":"T\u00e9rminos de entrega y env\u00edo"},"content":{"rendered":"<div class=\"wrapper-classic-paragraph\">\n<p>Sabemos que te encanta nuestra ropa deportiva, por eso queremos que tu pedido te llegue de la mejor manera posible. Nos comprometemos a ofrecerte un env\u00edo seguro, r\u00e1pido y fiable. Por eso, nos hemos asociado con las mejores empresas de transporte para garantizar que tus productos lleguen en las mejores condiciones. A continuaci\u00f3n, te explicamos nuestra pol\u00edtica de env\u00edo y los tiempos de tr\u00e1nsito.<\/p>\n<p><strong> Proceso de env\u00edo<\/strong><\/p>\n<ul>\n<li>Una vez completada tu compra, tu pedido se procesar\u00e1 en un plazo de 1 a 3 d\u00edas laborables, excepto para pedidos en tiendas privadas y productos personalizables.<\/li>\n<li>Los pedidos realizados en fin de semana o festivos se procesar\u00e1n el siguiente d\u00eda laborable.<\/li>\n<li>Todos los pedidos se env\u00edan desde nuestro almac\u00e9n en Barcelona, \u200b\u200bEspa\u00f1a.<\/li>\n<\/ul>\n<p><strong>Env\u00edos a Espa\u00f1a &amp; Portugal<\/strong><\/p>\n<ul>\n<li><strong>Env\u00edo gratuito<\/strong> en pedidos superiores a <strong>50 \u20ac<\/strong> (excepto Canarias).<\/li>\n<li><strong>Gastos de env\u00edo<\/strong>:\n<ul>\n<li>Espa\u00f1a peninsular (excepto Canarias, Ceuta y Melilla): <strong>6 \u20ac + IVA<\/strong><\/li>\n<li>Portugal: <strong>9 \u20ac + IVA<\/strong><\/li>\n<li>Canarias: <strong>15 \u20ac<\/strong><\/li>\n<li>Ceuta y Melilla: <strong>6 \u20ac<\/strong><\/li>\n<\/ul>\n<\/li>\n<li><strong>Plazo de entrega estimado: de 2 a 4 d\u00edas laborables<\/strong><\/li>\n<\/ul>\n<p><strong>Env\u00edos dentro de la Uni\u00f3n Europea (pa\u00edses de la UE)<\/strong><\/p>\n<ul>\n<li><strong>Env\u00edo gratuito<\/strong> en pedidos superiores a <strong>150 \u20ac<\/strong><\/li>\n<li>El IVA est\u00e1 incluido en el precio de compra.<\/li>\n<li><strong>Gastos de env\u00edo: 12 \u20ac + IVA<\/strong><\/li>\n<li><strong>Plazo de entrega estimado: de 3 a 6 d\u00edas laborables<\/strong><\/li>\n<\/ul>\n<p><strong>Env\u00edos a pa\u00edses europeos fuera de la UE (p. ej., Noruega, Suiza, Islandia, etc.)<\/strong><\/p>\n<ul>\n<li><strong>Gastos de env\u00edo: 25 \u20ac<\/strong><\/li>\n<li>Los precios no incluyen IVA.<\/li>\n<li>Solo se facturar\u00e1 el precio neto de los art\u00edculos adquiridos.<\/li>\n<li><strong>Tenga en cuenta<\/strong> que los <strong>impuestos, aranceles y cargos adicionales<\/strong> se aplicar\u00e1n cuando la mercanc\u00eda llegue al pa\u00eds de destino. Esto puede variar seg\u00fan el pa\u00eds. <strong>Estos impuestos y tasas locales son responsabilidad del comprador<\/strong> y la empresa de transporte los solicitar\u00e1 antes de la entrega del producto.<\/li>\n<li>Si el comprador se niega a pagar los impuestos, el pedido ser\u00e1 devuelto a nuestros almacenes y la empresa reembolsar\u00e1 el importe del producto <strong>menos los gastos de env\u00edo<\/strong>.<\/li>\n<li>Si desea saber qu\u00e9 impuestos y tasas se aplican en su pa\u00eds, p\u00f3ngase en contacto con su oficina de aduanas local.<\/li>\n<li><strong>Plazo de entrega estimado: de 5 a 8 d\u00edas laborables<\/strong> (los tr\u00e1mites aduaneros pueden causar retrasos ajenos a nuestra voluntad).<\/li>\n<\/ul>\n<p><strong>Env\u00edos internacionales (resto del mundo)<\/strong><\/p>\n<ul>\n<li><strong>Gastos de env\u00edo: 50 \u20ac<\/strong><\/li>\n<li>Los precios no incluyen IVA.<\/li>\n<li><strong>Tenga en cuenta<\/strong> que los <strong>impuestos, aranceles aduaneros y tasas adicionales<\/strong> se aplicar\u00e1n cuando la mercanc\u00eda llegue al pa\u00eds de destino, que pueden variar seg\u00fan el pa\u00eds. <strong>Estos impuestos y tasas locales son responsabilidad del comprador<\/strong> y la empresa de transporte los solicitar\u00e1 antes de la entrega del producto.<\/li>\n<li>Si el comprador se niega a pagar los impuestos, el pedido ser\u00e1 devuelto a nuestros almacenes y la empresa reembolsar\u00e1 el importe del producto <strong>menos los gastos de env\u00edo<\/strong>.<\/li>\n<li>Si desea saber qu\u00e9 impuestos y tasas se aplican en su pa\u00eds, p\u00f3ngase en contacto con su oficina de aduanas local.<\/li>\n<li><strong>Tiempo estimado de entrega: 7 a 12 d\u00edas h\u00e1biles<\/strong> (pueden aplicarse demoras en la aduana)<\/li>\n<\/ul>\n<p>Los productos ofertados a trav\u00e9s del SITIO estar\u00e1n disponibles mientras CIRO SPORT los tenga en stock. El CLIENTE ser\u00e1 informado en todo caso de esta circunstancia.\u00a0 Si eventualmente un producto adquirido por el CLIENTE no estuviese disponible, se le comunicar\u00e1 dicha circunstancia y se le ofrecer\u00e1 un nuevo plazo de entrega. Si no fuese posible entregarle el producto adquirido, se ofrecer\u00e1 al CLIENTE la posibilidad de anular la compra si lo desea.<\/p>\n<p>Para m\u00e1s informaci\u00f3n consulte las<a href=\"\/condiciones-de-contratacion\/\"> Condiciones de Contrataci\u00f3n de CIRO SPORT S.L.\u00a0<\/a><\/p>\n<\/div>","protected":false},"excerpt":{"rendered":"<p>Sabemos que te encanta nuestra ropa deportiva, por eso queremos que tu pedido te llegue de la mejor manera posible. Nos comprometemos a ofrecerte un env\u00edo seguro, r\u00e1pido y fiable. Por eso, nos hemos asociado con las mejores empresas de transporte para garantizar que tus productos lleguen en las mejores condiciones. A continuaci\u00f3n, te explicamos [&hellip;]<\/p>\n","protected":false},"author":1,"featured_media":0,"parent":0,"menu_order":0,"comment_status":"closed","ping_status":"closed","template":"page-templates\/page-tabs.php","meta":{"_acf_changed":false,"footnotes":""},"class_list":["post-246","page","type-page","status-publish","hentry"],"acf":[],"yoast_head":"<!-- This site is optimized with the Yoast SEO plugin v27.3 - https:\/\/yoast.com\/product\/yoast-seo-wordpress\/ -->\n<title>T\u00e9rminos de entrega y env\u00edo | Inverseteams<\/title>\n<meta name=\"robots\" content=\"index, follow, max-snippet:-1, max-image-preview:large, max-video-preview:-1\" \/>\n<link rel=\"canonical\" href=\"https:\/\/www.inverseteams.com\/es\/terminos-de-entrega-y-envio\/\" \/>\n<meta property=\"og:locale\" content=\"es_ES\" \/>\n<meta property=\"og:type\" content=\"article\" \/>\n<meta property=\"og:title\" content=\"T\u00e9rminos de entrega y env\u00edo | Inverseteams\" \/>\n<meta property=\"og:description\" content=\"Sabemos que te encanta nuestra ropa deportiva, por eso queremos que tu pedido te llegue de la mejor manera posible. Nos comprometemos a ofrecerte un env\u00edo seguro, r\u00e1pido y fiable. Por eso, nos hemos asociado con las mejores empresas de transporte para garantizar que tus productos lleguen en las mejores condiciones. A continuaci\u00f3n, te explicamos [&hellip;]\" \/>\n<meta property=\"og:url\" content=\"https:\/\/www.inverseteams.com\/es\/terminos-de-entrega-y-envio\/\" \/>\n<meta property=\"og:site_name\" content=\"Inverseteams\" \/>\n<meta property=\"article:publisher\" content=\"https:\/\/www.facebook.com\/inverseteams\" \/>\n<meta property=\"article:modified_time\" content=\"2025-05-22T10:03:59+00:00\" \/>\n<meta name=\"twitter:card\" content=\"summary_large_image\" \/>\n<meta name=\"twitter:label1\" content=\"Tiempo de lectura\" \/>\n\t<meta name=\"twitter:data1\" content=\"3 minuto\" \/>\n<script type=\"application\/ld+json\" class=\"yoast-schema-graph\">{\"@context\":\"https:\\\/\\\/schema.org\",\"@graph\":[{\"@type\":\"WebPage\",\"@id\":\"https:\\\/\\\/www.inverseteams.com\\\/es\\\/terminos-de-entrega-y-envio\\\/\",\"url\":\"https:\\\/\\\/www.inverseteams.com\\\/es\\\/terminos-de-entrega-y-envio\\\/\",\"name\":\"T\u00e9rminos de entrega y env\u00edo | Inverseteams\",\"isPartOf\":{\"@id\":\"https:\\\/\\\/www.inverseteams.com\\\/es\\\/#website\"},\"datePublished\":\"2021-01-18T15:51:22+00:00\",\"dateModified\":\"2025-05-22T10:03:59+00:00\",\"breadcrumb\":{\"@id\":\"https:\\\/\\\/www.inverseteams.com\\\/es\\\/terminos-de-entrega-y-envio\\\/#breadcrumb\"},\"inLanguage\":\"es\",\"potentialAction\":[{\"@type\":\"ReadAction\",\"target\":[\"https:\\\/\\\/www.inverseteams.com\\\/es\\\/terminos-de-entrega-y-envio\\\/\"]}]},{\"@type\":\"BreadcrumbList\",\"@id\":\"https:\\\/\\\/www.inverseteams.com\\\/es\\\/terminos-de-entrega-y-envio\\\/#breadcrumb\",\"itemListElement\":[{\"@type\":\"ListItem\",\"position\":1,\"name\":\"Portada\",\"item\":\"https:\\\/\\\/www.inverseteams.com\\\/es\\\/\"},{\"@type\":\"ListItem\",\"position\":2,\"name\":\"T\u00e9rminos de entrega y env\u00edo\"}]},{\"@type\":\"WebSite\",\"@id\":\"https:\\\/\\\/www.inverseteams.com\\\/es\\\/#website\",\"url\":\"https:\\\/\\\/www.inverseteams.com\\\/es\\\/\",\"name\":\"Inverseteams\",\"description\":\"Tu marca de ropa deportiva personalizada\",\"publisher\":{\"@id\":\"https:\\\/\\\/www.inverseteams.com\\\/es\\\/#organization\"},\"potentialAction\":[{\"@type\":\"SearchAction\",\"target\":{\"@type\":\"EntryPoint\",\"urlTemplate\":\"https:\\\/\\\/www.inverseteams.com\\\/es\\\/?s={search_term_string}\"},\"query-input\":{\"@type\":\"PropertyValueSpecification\",\"valueRequired\":true,\"valueName\":\"search_term_string\"}}],\"inLanguage\":\"es\"},{\"@type\":\"Organization\",\"@id\":\"https:\\\/\\\/www.inverseteams.com\\\/es\\\/#organization\",\"name\":\"Inverse Teams\",\"url\":\"https:\\\/\\\/www.inverseteams.com\\\/es\\\/\",\"logo\":{\"@type\":\"ImageObject\",\"inLanguage\":\"es\",\"@id\":\"https:\\\/\\\/www.inverseteams.com\\\/es\\\/#\\\/schema\\\/logo\\\/image\\\/\",\"url\":\"https:\\\/\\\/www.inverseteams.com\\\/wp-content\\\/uploads\\\/2021\\\/03\\\/logo-inverse-teams.png\",\"contentUrl\":\"https:\\\/\\\/www.inverseteams.com\\\/wp-content\\\/uploads\\\/2021\\\/03\\\/logo-inverse-teams.png\",\"width\":294,\"height\":99,\"caption\":\"Inverse Teams\"},\"image\":{\"@id\":\"https:\\\/\\\/www.inverseteams.com\\\/es\\\/#\\\/schema\\\/logo\\\/image\\\/\"},\"sameAs\":[\"https:\\\/\\\/www.facebook.com\\\/inverseteams\",\"http:\\\/\\\/instagram.com\\\/inverseteams\",\"https:\\\/\\\/www.linkedin.com\\\/company\\\/inverse-cirosport-s-l-?trk=job_view_topcard_company_name\",\"http:\\\/\\\/www.pinterest.com\\\/inverseteams\\\/\",\"http:\\\/\\\/www.youtube.com\\\/user\\\/inverseteams?feature=watch\"]}]}<\/script>\n<!-- \/ Yoast SEO plugin. -->","yoast_head_json":{"title":"T\u00e9rminos de entrega y env\u00edo | Inverseteams","robots":{"index":"index","follow":"follow","max-snippet":"max-snippet:-1","max-image-preview":"max-image-preview:large","max-video-preview":"max-video-preview:-1"},"canonical":"https:\/\/www.inverseteams.com\/es\/terminos-de-entrega-y-envio\/","og_locale":"es_ES","og_type":"article","og_title":"T\u00e9rminos de entrega y env\u00edo | Inverseteams","og_description":"Sabemos que te encanta nuestra ropa deportiva, por eso queremos que tu pedido te llegue de la mejor manera posible. Nos comprometemos a ofrecerte un env\u00edo seguro, r\u00e1pido y fiable. Por eso, nos hemos asociado con las mejores empresas de transporte para garantizar que tus productos lleguen en las mejores condiciones. A continuaci\u00f3n, te explicamos [&hellip;]","og_url":"https:\/\/www.inverseteams.com\/es\/terminos-de-entrega-y-envio\/","og_site_name":"Inverseteams","article_publisher":"https:\/\/www.facebook.com\/inverseteams","article_modified_time":"2025-05-22T10:03:59+00:00","twitter_card":"summary_large_image","twitter_misc":{"Tiempo de lectura":"3 minuto"},"schema":{"@context":"https:\/\/schema.org","@graph":[{"@type":"WebPage","@id":"https:\/\/www.inverseteams.com\/es\/terminos-de-entrega-y-envio\/","url":"https:\/\/www.inverseteams.com\/es\/terminos-de-entrega-y-envio\/","name":"T\u00e9rminos de entrega y env\u00edo | Inverseteams","isPartOf":{"@id":"https:\/\/www.inverseteams.com\/es\/#website"},"datePublished":"2021-01-18T15:51:22+00:00","dateModified":"2025-05-22T10:03:59+00:00","breadcrumb":{"@id":"https:\/\/www.inverseteams.com\/es\/terminos-de-entrega-y-envio\/#breadcrumb"},"inLanguage":"es","potentialAction":[{"@type":"ReadAction","target":["https:\/\/www.inverseteams.com\/es\/terminos-de-entrega-y-envio\/"]}]},{"@type":"BreadcrumbList","@id":"https:\/\/www.inverseteams.com\/es\/terminos-de-entrega-y-envio\/#breadcrumb","itemListElement":[{"@type":"ListItem","position":1,"name":"Portada","item":"https:\/\/www.inverseteams.com\/es\/"},{"@type":"ListItem","position":2,"name":"T\u00e9rminos de entrega y env\u00edo"}]},{"@type":"WebSite","@id":"https:\/\/www.inverseteams.com\/es\/#website","url":"https:\/\/www.inverseteams.com\/es\/","name":"Inverseteams","description":"Tu marca de ropa deportiva personalizada","publisher":{"@id":"https:\/\/www.inverseteams.com\/es\/#organization"},"potentialAction":[{"@type":"SearchAction","target":{"@type":"EntryPoint","urlTemplate":"https:\/\/www.inverseteams.com\/es\/?s={search_term_string}"},"query-input":{"@type":"PropertyValueSpecification","valueRequired":true,"valueName":"search_term_string"}}],"inLanguage":"es"},{"@type":"Organization","@id":"https:\/\/www.inverseteams.com\/es\/#organization","name":"Inverse Teams","url":"https:\/\/www.inverseteams.com\/es\/","logo":{"@type":"ImageObject","inLanguage":"es","@id":"https:\/\/www.inverseteams.com\/es\/#\/schema\/logo\/image\/","url":"https:\/\/www.inverseteams.com\/wp-content\/uploads\/2021\/03\/logo-inverse-teams.png","contentUrl":"https:\/\/www.inverseteams.com\/wp-content\/uploads\/2021\/03\/logo-inverse-teams.png","width":294,"height":99,"caption":"Inverse Teams"},"image":{"@id":"https:\/\/www.inverseteams.com\/es\/#\/schema\/logo\/image\/"},"sameAs":["https:\/\/www.facebook.com\/inverseteams","http:\/\/instagram.com\/inverseteams","https:\/\/www.linkedin.com\/company\/inverse-cirosport-s-l-?trk=job_view_topcard_company_name","http:\/\/www.pinterest.com\/inverseteams\/","http:\/\/www.youtube.com\/user\/inverseteams?feature=watch"]}]}},"_links":{"self":[{"href":"https:\/\/www.inverseteams.com\/es\/wp-json\/wp\/v2\/pages\/246","targetHints":{"allow":["GET"]}}],"collection":[{"href":"https:\/\/www.inverseteams.com\/es\/wp-json\/wp\/v2\/pages"}],"about":[{"href":"https:\/\/www.inverseteams.com\/es\/wp-json\/wp\/v2\/types\/page"}],"author":[{"embeddable":true,"href":"https:\/\/www.inverseteams.com\/es\/wp-json\/wp\/v2\/users\/1"}],"replies":[{"embeddable":true,"href":"https:\/\/www.inverseteams.com\/es\/wp-json\/wp\/v2\/comments?post=246"}],"version-history":[{"count":0,"href":"https:\/\/www.inverseteams.com\/es\/wp-json\/wp\/v2\/pages\/246\/revisions"}],"wp:attachment":[{"href":"https:\/\/www.inverseteams.com\/es\/wp-json\/wp\/v2\/media?parent=246"}],"curies":[{"name":"wp","href":"https:\/\/api.w.org\/{rel}","templated":true}]}}