{"id":244,"date":"2021-01-18T15:50:43","date_gmt":"2021-01-18T15:50:43","guid":{"rendered":"https:\/\/new.inverseteams.ddev.site\/?page_id=244"},"modified":"2025-04-14T12:55:06","modified_gmt":"2025-04-14T12:55:06","slug":"cuidado-mantenimiento-y-lavado","status":"publish","type":"page","link":"https:\/\/www.inverseteams.com\/es\/cuidado-mantenimiento-y-lavado\/","title":{"rendered":"Cuidado, mantenimiento y lavado"},"content":{"rendered":"\n<div class=\"wp-block-group has-pale-grey-background-color has-background\"><div class=\"wp-block-group__inner-container is-layout-flow wp-block-group-is-layout-flow\">\n<div class=\"wp-block-columns is-layout-flex wp-container-core-columns-is-layout-9d6595d7 wp-block-columns-is-layout-flex\">\n<div class=\"wp-block-column is-layout-flow wp-block-column-is-layout-flow\"><div class=\"wrapper-classic-paragraph\">\n<h2 id=\"block-085c7199-ea3a-4f07-a939-61a49b00df11\" class=\"block-editor-rich-text__editable block-editor-block-list__block wp-block is-selected is-hovered rich-text\" tabindex=\"0\" role=\"group\" contenteditable=\"true\" aria-multiline=\"true\" aria-label=\"Bloque: Encabezado\" data-block=\"085c7199-ea3a-4f07-a939-61a49b00df11\" data-type=\"core\/heading\" data-title=\"Encabezado\">En Inverse queremos que alargues todo lo posible la vida de tu ropa<\/h2>\n<p>Sabemos que aprovechas al m\u00e1ximo nuestras equipaciones y que les das un uso intenso y prolongado.<br><br>La ropa deportiva t\u00e9cnica se caracteriza por estar fabricada con tejidos espec\u00edficos para los deportistas con varias capacidades como repeler el agua, mantener la temperatura corporal, aumentar la transpirabilidad \u2026<br><br>El sudor y la suciedad que se acumula sobre el tejido neutraliza sus propiedades y evita una correcta transpirabilidad.<br><br>Para hacer un buen mantenimiento de las equipaciones t\u00e9cnicas te damos unos consejos muy \u00fatiles.<\/p>\n<\/div><\/div>\n\n\n\n<div class=\"wp-block-column is-layout-flow wp-block-column-is-layout-flow\">\n<figure class=\"wp-block-image size-full\"><img loading=\"lazy\" decoding=\"async\" width=\"1080\" height=\"1080\" src=\"https:\/\/www.inverseteams.com\/wp-content\/uploads\/INVERSE_CUIDADO-MANTENIMIENTO-ROPA-DEPORTE-001-1.jpg\" alt=\"\" class=\"wp-image-253754\" srcset=\"https:\/\/www.inverseteams.com\/wp-content\/uploads\/INVERSE_CUIDADO-MANTENIMIENTO-ROPA-DEPORTE-001-1.jpg 1080w, https:\/\/www.inverseteams.com\/wp-content\/uploads\/INVERSE_CUIDADO-MANTENIMIENTO-ROPA-DEPORTE-001-1-300x300.jpg 300w, https:\/\/www.inverseteams.com\/wp-content\/uploads\/INVERSE_CUIDADO-MANTENIMIENTO-ROPA-DEPORTE-001-1-1024x1024.jpg 1024w, https:\/\/www.inverseteams.com\/wp-content\/uploads\/INVERSE_CUIDADO-MANTENIMIENTO-ROPA-DEPORTE-001-1-150x150.jpg 150w, https:\/\/www.inverseteams.com\/wp-content\/uploads\/INVERSE_CUIDADO-MANTENIMIENTO-ROPA-DEPORTE-001-1-768x768.jpg 768w, https:\/\/www.inverseteams.com\/wp-content\/uploads\/INVERSE_CUIDADO-MANTENIMIENTO-ROPA-DEPORTE-001-1-860x860.jpg 860w, https:\/\/www.inverseteams.com\/wp-content\/uploads\/INVERSE_CUIDADO-MANTENIMIENTO-ROPA-DEPORTE-001-1-420x420.jpg 420w, https:\/\/www.inverseteams.com\/wp-content\/uploads\/INVERSE_CUIDADO-MANTENIMIENTO-ROPA-DEPORTE-001-1-100x100.jpg 100w, https:\/\/www.inverseteams.com\/wp-content\/uploads\/INVERSE_CUIDADO-MANTENIMIENTO-ROPA-DEPORTE-001-1-50x50.jpg 50w, https:\/\/www.inverseteams.com\/wp-content\/uploads\/INVERSE_CUIDADO-MANTENIMIENTO-ROPA-DEPORTE-001-1-64x64.jpg 64w\" sizes=\"auto, (max-width: 1080px) 100vw, 1080px\" \/><\/figure>\n<\/div>\n<\/div>\n<\/div><\/div>\n\n\n<div class=\"wrapper-classic-paragraph\">\n<h2 id=\"block-1698cfc3-4127-4ab0-a18f-cee1674ec91c\" class=\"block-editor-rich-text__editable block-editor-block-list__block wp-block is-selected is-hovered rich-text\" tabindex=\"0\" role=\"group\" contenteditable=\"true\" aria-multiline=\"true\" aria-label=\"Bloque: Encabezado\" data-block=\"1698cfc3-4127-4ab0-a18f-cee1674ec91c\" data-type=\"core\/heading\" data-title=\"Encabezado\">Consejos y recomendaciones<\/h2>\n<\/div>\n\n<div class=\"wrapper-table\">\n<figure class=\"wp-block-table is-style-table-borders\"><table><tbody><tr><td>Antes de hacer deporte<\/td><td>Evita el contacto de la ropa con cremas de protecci\u00f3n solar, l\u00edquidos&nbsp;bals\u00e1micos&nbsp;o los t\u00edpicos productos de calentamiento. Estos productos contienen sustancias qu\u00edmicas que pueden deteriorar r\u00e1pidamente los tejidos t\u00e9cnicos.<\/td><\/tr><tr><td>Despu\u00e9s de hacer deporte<\/td><td>Es importante lavar la ropa r\u00e1pidamente despu\u00e9s de hacer deporte. Nunca se tiene que dejar guardada dentro de una bolsa sin transpiraci\u00f3n. En caso de no poderla lavar inmediatamente es importante dejarla en un espacio abierto y remojarla con agua.<\/td><\/tr><tr><td>Mantenimiento y lavado<\/td><td>&#8211; Gira la ropa del rev\u00e9s antes de lavarla<br>&#8211; Cierra todas las cremalleras y botones<br>&#8211; Lava la ropa a m\u00e1quina o a mano sin pasar de los 30 \u00b0C. Nunca lavar en seco.<br>&#8211; Utiliza jabones l\u00edquidos y neutros.<br>&#8211; No uses nunca lej\u00eda, suavizantes o blanqueadores.<br>&#8211; Te recomendamos el uso de bolsas de lavado que caso de hacerlo a m\u00e1quina<br>&#8211; Enjuaga abundantemente con agua para retirar cualquier rastro de detergente<br>&#8211; Est\u00e1 contraindicado el centrifugado de la ropa. Tampoco se tiene que escurrir ni frotar para sacar el exceso de agua.<br>&#8211; No utilices la secadora. La ropa se tiene que colocar en horizontal o tendido en la sombra, nunca al sol.<br>&#8211; No planches la ropa t\u00e9cnica de deporte.<br><br>Sigue siempre las instrucciones de las etiquetas que acompa\u00f1an nuestros productos y si tienes cualquier pregunta no dudes al ponerte en contacto con nosotros<\/td><\/tr><\/tbody><\/table><\/figure>\n<\/div>","protected":false},"excerpt":{"rendered":"<p>En Inverse queremos que alargues todo lo posible la vida de tu ropa Sabemos que aprovechas al m\u00e1ximo nuestras equipaciones y que les das un uso intenso y prolongado. La ropa deportiva t\u00e9cnica se caracteriza por estar fabricada con tejidos espec\u00edficos para los deportistas con varias capacidades como repeler el agua, mantener la temperatura corporal, [&hellip;]<\/p>\n","protected":false},"author":1,"featured_media":0,"parent":0,"menu_order":0,"comment_status":"closed","ping_status":"closed","template":"","meta":{"_acf_changed":false,"footnotes":""},"class_list":["post-244","page","type-page","status-publish","hentry"],"acf":[],"yoast_head":"<!-- This site is optimized with the Yoast SEO plugin v27.3 - https:\/\/yoast.com\/product\/yoast-seo-wordpress\/ -->\n<title>Cuidado, mantenimiento y lavado | Inverseteams<\/title>\n<meta name=\"robots\" content=\"index, follow, max-snippet:-1, max-image-preview:large, max-video-preview:-1\" \/>\n<link rel=\"canonical\" href=\"https:\/\/www.inverseteams.com\/es\/cuidado-mantenimiento-y-lavado\/\" \/>\n<meta property=\"og:locale\" content=\"es_ES\" \/>\n<meta property=\"og:type\" content=\"article\" \/>\n<meta property=\"og:title\" content=\"Cuidado, mantenimiento y lavado | Inverseteams\" \/>\n<meta property=\"og:description\" content=\"En Inverse queremos que alargues todo lo posible la vida de tu ropa Sabemos que aprovechas al m\u00e1ximo nuestras equipaciones y que les das un uso intenso y prolongado. La ropa deportiva t\u00e9cnica se caracteriza por estar fabricada con tejidos espec\u00edficos para los deportistas con varias capacidades como repeler el agua, mantener la temperatura corporal, [&hellip;]\" \/>\n<meta property=\"og:url\" content=\"https:\/\/www.inverseteams.com\/es\/cuidado-mantenimiento-y-lavado\/\" \/>\n<meta property=\"og:site_name\" content=\"Inverseteams\" \/>\n<meta property=\"article:publisher\" content=\"https:\/\/www.facebook.com\/inverseteams\" \/>\n<meta property=\"article:modified_time\" content=\"2025-04-14T12:55:06+00:00\" \/>\n<meta property=\"og:image\" content=\"https:\/\/www.inverseteams.com\/wp-content\/uploads\/INVERSE_CUIDADO-MANTENIMIENTO-ROPA-DEPORTE-001-1.jpg\" \/>\n<meta name=\"twitter:card\" content=\"summary_large_image\" \/>\n<meta name=\"twitter:label1\" content=\"Tiempo de lectura\" \/>\n\t<meta name=\"twitter:data1\" content=\"2 minuto\" \/>\n<script type=\"application\/ld+json\" class=\"yoast-schema-graph\">{\"@context\":\"https:\\\/\\\/schema.org\",\"@graph\":[{\"@type\":\"WebPage\",\"@id\":\"https:\\\/\\\/www.inverseteams.com\\\/es\\\/cuidado-mantenimiento-y-lavado\\\/\",\"url\":\"https:\\\/\\\/www.inverseteams.com\\\/es\\\/cuidado-mantenimiento-y-lavado\\\/\",\"name\":\"Cuidado, mantenimiento y lavado | Inverseteams\",\"isPartOf\":{\"@id\":\"https:\\\/\\\/www.inverseteams.com\\\/es\\\/#website\"},\"primaryImageOfPage\":{\"@id\":\"https:\\\/\\\/www.inverseteams.com\\\/es\\\/cuidado-mantenimiento-y-lavado\\\/#primaryimage\"},\"image\":{\"@id\":\"https:\\\/\\\/www.inverseteams.com\\\/es\\\/cuidado-mantenimiento-y-lavado\\\/#primaryimage\"},\"thumbnailUrl\":\"https:\\\/\\\/www.inverseteams.com\\\/wp-content\\\/uploads\\\/INVERSE_CUIDADO-MANTENIMIENTO-ROPA-DEPORTE-001-1.jpg\",\"datePublished\":\"2021-01-18T15:50:43+00:00\",\"dateModified\":\"2025-04-14T12:55:06+00:00\",\"breadcrumb\":{\"@id\":\"https:\\\/\\\/www.inverseteams.com\\\/es\\\/cuidado-mantenimiento-y-lavado\\\/#breadcrumb\"},\"inLanguage\":\"es\",\"potentialAction\":[{\"@type\":\"ReadAction\",\"target\":[\"https:\\\/\\\/www.inverseteams.com\\\/es\\\/cuidado-mantenimiento-y-lavado\\\/\"]}]},{\"@type\":\"ImageObject\",\"inLanguage\":\"es\",\"@id\":\"https:\\\/\\\/www.inverseteams.com\\\/es\\\/cuidado-mantenimiento-y-lavado\\\/#primaryimage\",\"url\":\"https:\\\/\\\/www.inverseteams.com\\\/wp-content\\\/uploads\\\/INVERSE_CUIDADO-MANTENIMIENTO-ROPA-DEPORTE-001-1.jpg\",\"contentUrl\":\"https:\\\/\\\/www.inverseteams.com\\\/wp-content\\\/uploads\\\/INVERSE_CUIDADO-MANTENIMIENTO-ROPA-DEPORTE-001-1.jpg\"},{\"@type\":\"BreadcrumbList\",\"@id\":\"https:\\\/\\\/www.inverseteams.com\\\/es\\\/cuidado-mantenimiento-y-lavado\\\/#breadcrumb\",\"itemListElement\":[{\"@type\":\"ListItem\",\"position\":1,\"name\":\"Portada\",\"item\":\"https:\\\/\\\/www.inverseteams.com\\\/es\\\/\"},{\"@type\":\"ListItem\",\"position\":2,\"name\":\"Cuidado, mantenimiento y lavado\"}]},{\"@type\":\"WebSite\",\"@id\":\"https:\\\/\\\/www.inverseteams.com\\\/es\\\/#website\",\"url\":\"https:\\\/\\\/www.inverseteams.com\\\/es\\\/\",\"name\":\"Inverseteams\",\"description\":\"Tu marca de ropa deportiva personalizada\",\"publisher\":{\"@id\":\"https:\\\/\\\/www.inverseteams.com\\\/es\\\/#organization\"},\"potentialAction\":[{\"@type\":\"SearchAction\",\"target\":{\"@type\":\"EntryPoint\",\"urlTemplate\":\"https:\\\/\\\/www.inverseteams.com\\\/es\\\/?s={search_term_string}\"},\"query-input\":{\"@type\":\"PropertyValueSpecification\",\"valueRequired\":true,\"valueName\":\"search_term_string\"}}],\"inLanguage\":\"es\"},{\"@type\":\"Organization\",\"@id\":\"https:\\\/\\\/www.inverseteams.com\\\/es\\\/#organization\",\"name\":\"Inverse Teams\",\"url\":\"https:\\\/\\\/www.inverseteams.com\\\/es\\\/\",\"logo\":{\"@type\":\"ImageObject\",\"inLanguage\":\"es\",\"@id\":\"https:\\\/\\\/www.inverseteams.com\\\/es\\\/#\\\/schema\\\/logo\\\/image\\\/\",\"url\":\"https:\\\/\\\/www.inverseteams.com\\\/wp-content\\\/uploads\\\/2021\\\/03\\\/logo-inverse-teams.png\",\"contentUrl\":\"https:\\\/\\\/www.inverseteams.com\\\/wp-content\\\/uploads\\\/2021\\\/03\\\/logo-inverse-teams.png\",\"width\":294,\"height\":99,\"caption\":\"Inverse Teams\"},\"image\":{\"@id\":\"https:\\\/\\\/www.inverseteams.com\\\/es\\\/#\\\/schema\\\/logo\\\/image\\\/\"},\"sameAs\":[\"https:\\\/\\\/www.facebook.com\\\/inverseteams\",\"http:\\\/\\\/instagram.com\\\/inverseteams\",\"https:\\\/\\\/www.linkedin.com\\\/company\\\/inverse-cirosport-s-l-?trk=job_view_topcard_company_name\",\"http:\\\/\\\/www.pinterest.com\\\/inverseteams\\\/\",\"http:\\\/\\\/www.youtube.com\\\/user\\\/inverseteams?feature=watch\"]}]}<\/script>\n<!-- \/ Yoast SEO plugin. -->","yoast_head_json":{"title":"Cuidado, mantenimiento y lavado | Inverseteams","robots":{"index":"index","follow":"follow","max-snippet":"max-snippet:-1","max-image-preview":"max-image-preview:large","max-video-preview":"max-video-preview:-1"},"canonical":"https:\/\/www.inverseteams.com\/es\/cuidado-mantenimiento-y-lavado\/","og_locale":"es_ES","og_type":"article","og_title":"Cuidado, mantenimiento y lavado | Inverseteams","og_description":"En Inverse queremos que alargues todo lo posible la vida de tu ropa Sabemos que aprovechas al m\u00e1ximo nuestras equipaciones y que les das un uso intenso y prolongado. La ropa deportiva t\u00e9cnica se caracteriza por estar fabricada con tejidos espec\u00edficos para los deportistas con varias capacidades como repeler el agua, mantener la temperatura corporal, [&hellip;]","og_url":"https:\/\/www.inverseteams.com\/es\/cuidado-mantenimiento-y-lavado\/","og_site_name":"Inverseteams","article_publisher":"https:\/\/www.facebook.com\/inverseteams","article_modified_time":"2025-04-14T12:55:06+00:00","og_image":[{"url":"https:\/\/www.inverseteams.com\/wp-content\/uploads\/INVERSE_CUIDADO-MANTENIMIENTO-ROPA-DEPORTE-001-1.jpg","type":"","width":"","height":""}],"twitter_card":"summary_large_image","twitter_misc":{"Tiempo de lectura":"2 minuto"},"schema":{"@context":"https:\/\/schema.org","@graph":[{"@type":"WebPage","@id":"https:\/\/www.inverseteams.com\/es\/cuidado-mantenimiento-y-lavado\/","url":"https:\/\/www.inverseteams.com\/es\/cuidado-mantenimiento-y-lavado\/","name":"Cuidado, mantenimiento y lavado | Inverseteams","isPartOf":{"@id":"https:\/\/www.inverseteams.com\/es\/#website"},"primaryImageOfPage":{"@id":"https:\/\/www.inverseteams.com\/es\/cuidado-mantenimiento-y-lavado\/#primaryimage"},"image":{"@id":"https:\/\/www.inverseteams.com\/es\/cuidado-mantenimiento-y-lavado\/#primaryimage"},"thumbnailUrl":"https:\/\/www.inverseteams.com\/wp-content\/uploads\/INVERSE_CUIDADO-MANTENIMIENTO-ROPA-DEPORTE-001-1.jpg","datePublished":"2021-01-18T15:50:43+00:00","dateModified":"2025-04-14T12:55:06+00:00","breadcrumb":{"@id":"https:\/\/www.inverseteams.com\/es\/cuidado-mantenimiento-y-lavado\/#breadcrumb"},"inLanguage":"es","potentialAction":[{"@type":"ReadAction","target":["https:\/\/www.inverseteams.com\/es\/cuidado-mantenimiento-y-lavado\/"]}]},{"@type":"ImageObject","inLanguage":"es","@id":"https:\/\/www.inverseteams.com\/es\/cuidado-mantenimiento-y-lavado\/#primaryimage","url":"https:\/\/www.inverseteams.com\/wp-content\/uploads\/INVERSE_CUIDADO-MANTENIMIENTO-ROPA-DEPORTE-001-1.jpg","contentUrl":"https:\/\/www.inverseteams.com\/wp-content\/uploads\/INVERSE_CUIDADO-MANTENIMIENTO-ROPA-DEPORTE-001-1.jpg"},{"@type":"BreadcrumbList","@id":"https:\/\/www.inverseteams.com\/es\/cuidado-mantenimiento-y-lavado\/#breadcrumb","itemListElement":[{"@type":"ListItem","position":1,"name":"Portada","item":"https:\/\/www.inverseteams.com\/es\/"},{"@type":"ListItem","position":2,"name":"Cuidado, mantenimiento y lavado"}]},{"@type":"WebSite","@id":"https:\/\/www.inverseteams.com\/es\/#website","url":"https:\/\/www.inverseteams.com\/es\/","name":"Inverseteams","description":"Tu marca de ropa deportiva personalizada","publisher":{"@id":"https:\/\/www.inverseteams.com\/es\/#organization"},"potentialAction":[{"@type":"SearchAction","target":{"@type":"EntryPoint","urlTemplate":"https:\/\/www.inverseteams.com\/es\/?s={search_term_string}"},"query-input":{"@type":"PropertyValueSpecification","valueRequired":true,"valueName":"search_term_string"}}],"inLanguage":"es"},{"@type":"Organization","@id":"https:\/\/www.inverseteams.com\/es\/#organization","name":"Inverse Teams","url":"https:\/\/www.inverseteams.com\/es\/","logo":{"@type":"ImageObject","inLanguage":"es","@id":"https:\/\/www.inverseteams.com\/es\/#\/schema\/logo\/image\/","url":"https:\/\/www.inverseteams.com\/wp-content\/uploads\/2021\/03\/logo-inverse-teams.png","contentUrl":"https:\/\/www.inverseteams.com\/wp-content\/uploads\/2021\/03\/logo-inverse-teams.png","width":294,"height":99,"caption":"Inverse Teams"},"image":{"@id":"https:\/\/www.inverseteams.com\/es\/#\/schema\/logo\/image\/"},"sameAs":["https:\/\/www.facebook.com\/inverseteams","http:\/\/instagram.com\/inverseteams","https:\/\/www.linkedin.com\/company\/inverse-cirosport-s-l-?trk=job_view_topcard_company_name","http:\/\/www.pinterest.com\/inverseteams\/","http:\/\/www.youtube.com\/user\/inverseteams?feature=watch"]}]}},"_links":{"self":[{"href":"https:\/\/www.inverseteams.com\/es\/wp-json\/wp\/v2\/pages\/244","targetHints":{"allow":["GET"]}}],"collection":[{"href":"https:\/\/www.inverseteams.com\/es\/wp-json\/wp\/v2\/pages"}],"about":[{"href":"https:\/\/www.inverseteams.com\/es\/wp-json\/wp\/v2\/types\/page"}],"author":[{"embeddable":true,"href":"https:\/\/www.inverseteams.com\/es\/wp-json\/wp\/v2\/users\/1"}],"replies":[{"embeddable":true,"href":"https:\/\/www.inverseteams.com\/es\/wp-json\/wp\/v2\/comments?post=244"}],"version-history":[{"count":0,"href":"https:\/\/www.inverseteams.com\/es\/wp-json\/wp\/v2\/pages\/244\/revisions"}],"wp:attachment":[{"href":"https:\/\/www.inverseteams.com\/es\/wp-json\/wp\/v2\/media?parent=244"}],"curies":[{"name":"wp","href":"https:\/\/api.w.org\/{rel}","templated":true}]}}