{"id":223,"date":"2021-01-18T15:41:24","date_gmt":"2021-01-18T15:41:24","guid":{"rendered":"https:\/\/new.inverseteams.ddev.site\/?page_id=223"},"modified":"2022-03-10T08:18:11","modified_gmt":"2022-03-10T08:18:11","slug":"quienes-somos","status":"publish","type":"page","link":"https:\/\/www.inverseteams.com\/es\/quienes-somos\/","title":{"rendered":"Quienes somos"},"content":{"rendered":"\n<div class=\"wp-block-group has-pale-grey-background-color has-background\"><div class=\"wp-block-group__inner-container is-layout-flow wp-block-group-is-layout-flow\">\n<div class=\"wp-block-columns is-layout-flex wp-container-core-columns-is-layout-9d6595d7 wp-block-columns-is-layout-flex\">\n<div class=\"wp-block-column is-vertically-aligned-center is-layout-flow wp-block-column-is-layout-flow\"><div class=\"wrapper-classic-paragraph\">\n<h2 id=\"block-d683f20b-b723-4c4a-8924-e6a0414c0112\" class=\"block-editor-rich-text__editable block-editor-block-list__block wp-block is-selected is-hovered rich-text\" tabindex=\"0\" role=\"group\" contenteditable=\"true\" aria-multiline=\"true\" aria-label=\"Bloque: Encabezado\" data-block=\"d683f20b-b723-4c4a-8924-e6a0414c0112\" data-type=\"core\/heading\" data-title=\"Encabezado\">INVERSE naci\u00f3 como CIRO SPORT hace m\u00e1s de 50 a\u00f1os<\/h2>\n<p>Su fundador, Joaquim Sabat\u00e9 i Daus\u00e0 ten\u00eda una fuerte vinculaci\u00f3n con el deporte presidiendo el Esport Ciclista Barcelona. Durante su presidencia organiz\u00f3 m\u00e1s de 900 pruebas, entre ellas la Setmana Catalana de Ciclisme y la Escalada a Montju\u00efc. Esta vinculaci\u00f3n con el deporte le ayud\u00f3 a conocer a muchos ciclistas profesionales y a saber cu\u00e1les eran sus necesidades.<\/p>\n<p>La experiencia acumulada propici\u00f3 que en los a\u00f1os 90 se creara la marca INVERSE. \u00c9sta destaca por la alta calidad de sus prendas, elaboradas con materiales de \u00faltima generaci\u00f3n, y por la originalidad en el dise\u00f1o.<\/p>\n<p><a href=\"https:\/\/www.inverseteams.com\/es\/historia\/\">VER HISTORIA<\/a><\/p>\n<\/div><\/div>\n\n\n\n<div class=\"wp-block-column is-layout-flow wp-block-column-is-layout-flow\"> \n    <div class=\"block_slick_gallery\">\n                    <div class=\"item_gallery\">\n            \t<img loading=\"lazy\" decoding=\"async\" width=\"1200\" height=\"1200\" src=\"https:\/\/www.inverseteams.com\/wp-content\/uploads\/2021\/03\/Maillot-culotte-Cyclone-Inverse.jpg\" class=\"attachment-full size-full\" alt=\"Maillot culotte Cyclone Inverse\" srcset=\"https:\/\/www.inverseteams.com\/wp-content\/uploads\/2021\/03\/Maillot-culotte-Cyclone-Inverse.jpg 1200w, https:\/\/www.inverseteams.com\/wp-content\/uploads\/2021\/03\/Maillot-culotte-Cyclone-Inverse-300x300.jpg 300w, https:\/\/www.inverseteams.com\/wp-content\/uploads\/2021\/03\/Maillot-culotte-Cyclone-Inverse-1024x1024.jpg 1024w, https:\/\/www.inverseteams.com\/wp-content\/uploads\/2021\/03\/Maillot-culotte-Cyclone-Inverse-150x150.jpg 150w, https:\/\/www.inverseteams.com\/wp-content\/uploads\/2021\/03\/Maillot-culotte-Cyclone-Inverse-768x768.jpg 768w, https:\/\/www.inverseteams.com\/wp-content\/uploads\/2021\/03\/Maillot-culotte-Cyclone-Inverse-860x860.jpg 860w, https:\/\/www.inverseteams.com\/wp-content\/uploads\/2021\/03\/Maillot-culotte-Cyclone-Inverse-420x420.jpg 420w, https:\/\/www.inverseteams.com\/wp-content\/uploads\/2021\/03\/Maillot-culotte-Cyclone-Inverse-100x100.jpg 100w\" sizes=\"auto, (max-width: 1200px) 100vw, 1200px\" \/>            <\/div>\n            <\/div>\n<\/div>\n<\/div>\n<\/div><\/div>\n\n\n\n<div class=\"wp-block-group\"><div class=\"wp-block-group__inner-container is-layout-flow wp-block-group-is-layout-flow\">\n<div class=\"wp-block-columns is-layout-flex wp-container-core-columns-is-layout-9d6595d7 wp-block-columns-is-layout-flex\">\n<div class=\"wp-block-column is-layout-flow wp-block-column-is-layout-flow\"><div class=\"wrapper-classic-paragraph\">\n<h2 id=\"block-5b064d1d-b77a-4083-925a-2fdb10384e34\" class=\"block-editor-rich-text__editable block-editor-block-list__block wp-block is-selected is-hovered rich-text\" tabindex=\"0\" role=\"group\" contenteditable=\"true\" aria-multiline=\"true\" aria-label=\"Bloque: Encabezado\" data-block=\"5b064d1d-b77a-4083-925a-2fdb10384e34\" data-type=\"core\/heading\" data-title=\"Encabezado\">Inverse para ser m\u00e1s t\u00fa, para ser \u201cBe True\u201d.<\/h2>\n<h4>Inverse siempre ha apostado por la innovaci\u00f3n, adapt\u00e1ndose y dando respuesta a las necesidades reales de todos los deportistas, dise\u00f1ando y fabricando la ropa necesaria y adecuada para competir y disfrutar.<\/h4>\n<p><a href=\"https:\/\/www.inverseteams.com\/es\/distribuidores-i-agentes\/\">NUESTRA RED DE DISTRIBUIDORES Y AGENTES<\/a><\/p>\n<\/div><\/div>\n\n\n\n<div class=\"wp-block-column is-layout-flow wp-block-column-is-layout-flow\"><div class=\"wrapper-classic-paragraph\">\n<p class=\"p1\">En Inverse ponemos en el centro de nuestros pensamientos a todos los deportistas c\u00f3mo t\u00fa, y por ello nos hemos planteado el inicio de una nueva era, la era BE TRUE. Donde te vamos a ayudar a que marques tu propio estilo, a qu\u00e9 te sientas m\u00e1s t\u00fa y a que dejes huella en todo lo que hagas.<\/p>\n<p class=\"p1\">Por eso desde Inverse te empujamos a sacar tu verdadero yo, a ser fiel a ti mismo. Te ofrecemos dise\u00f1os que se adaptan a cada personalidad. Productos de calidad, con los que te sentir\u00e1s c\u00f3modo. C\u00f3modo con tu ropa y c\u00f3modo contigo mismo. Y predicamos con nuestro ejemplo. Una compa\u00f1\u00eda fiel a si misma. Con historia. Y con un equipo humano cercano que har\u00e1 que encuentres los productos que m\u00e1s empoderan tu verdadero yo.<\/p>\n<p class=\"p1\">En nuestra empresa se vive por y para los ciclistas, los triatletas, los atletas, los runners, los esquiadores y para todos los deportistas a los que les fabricamos su ropa deportiva; con patrones y tejidos espec\u00edficos para cada disciplina y modalidad deportiva con el objetivo de conseguir un rendimiento \u00f3ptimo en todo tipo de competici\u00f3n.<\/p>\n<p class=\"p1\">Para poder ofrecer el mejor servicio, nuestra marca cuenta con departamentos de dise\u00f1o, patronaje, estampaci\u00f3n, corte y confecci\u00f3n, que coordinados y supervisados por un exigente control de calidad, son capaces de crear prendas personalizadas y de colecci\u00f3n de gran confort y atractivas para que siempre disfrutes de tu pasi\u00f3n.<\/p>\n<p class=\"p1\">El esfuerzo y la perseverancia han conseguido que nuestra ropa est\u00e9 presente en m\u00e1s de 25 pa\u00edses. Esta importante expansi\u00f3n internacional nos ayuda a conocer cu\u00e1les son las nuevas tendencias y las prioridades de los deportistas de todo el mundo. As\u00ed podemos seguir ofreciendo una ropa que evoluciona y se ajusta siempre a tus verdaderas necesidades.<\/p>\n<\/div><\/div>\n<\/div>\n\n\n\n<p><\/p>\n<\/div><\/div>\n","protected":false},"excerpt":{"rendered":"<p>INVERSE naci\u00f3 como CIRO SPORT hace m\u00e1s de 50 a\u00f1os Su fundador, Joaquim Sabat\u00e9 i Daus\u00e0 ten\u00eda una fuerte vinculaci\u00f3n con el deporte presidiendo el Esport Ciclista Barcelona. Durante su presidencia organiz\u00f3 m\u00e1s de 900 pruebas, entre ellas la Setmana Catalana de Ciclisme y la Escalada a Montju\u00efc. Esta vinculaci\u00f3n con el deporte le ayud\u00f3 [&hellip;]<\/p>\n","protected":false},"author":1,"featured_media":0,"parent":0,"menu_order":0,"comment_status":"closed","ping_status":"closed","template":"","meta":{"_acf_changed":false,"footnotes":""},"class_list":["post-223","page","type-page","status-publish","hentry"],"acf":[],"yoast_head":"<!-- This site is optimized with the Yoast SEO plugin v27.5 - https:\/\/yoast.com\/product\/yoast-seo-wordpress\/ -->\n<title>Quienes somos | Inverseteams<\/title>\n<meta name=\"robots\" content=\"index, follow, max-snippet:-1, max-image-preview:large, max-video-preview:-1\" \/>\n<link rel=\"canonical\" href=\"https:\/\/www.inverseteams.com\/es\/quienes-somos\/\" \/>\n<meta property=\"og:locale\" content=\"es_ES\" \/>\n<meta property=\"og:type\" content=\"article\" \/>\n<meta property=\"og:title\" content=\"Quienes somos | Inverseteams\" \/>\n<meta property=\"og:description\" content=\"INVERSE naci\u00f3 como CIRO SPORT hace m\u00e1s de 50 a\u00f1os Su fundador, Joaquim Sabat\u00e9 i Daus\u00e0 ten\u00eda una fuerte vinculaci\u00f3n con el deporte presidiendo el Esport Ciclista Barcelona. Durante su presidencia organiz\u00f3 m\u00e1s de 900 pruebas, entre ellas la Setmana Catalana de Ciclisme y la Escalada a Montju\u00efc. Esta vinculaci\u00f3n con el deporte le ayud\u00f3 [&hellip;]\" \/>\n<meta property=\"og:url\" content=\"https:\/\/www.inverseteams.com\/es\/quienes-somos\/\" \/>\n<meta property=\"og:site_name\" content=\"Inverseteams\" \/>\n<meta property=\"article:publisher\" content=\"https:\/\/www.facebook.com\/inverseteams\" \/>\n<meta property=\"article:modified_time\" content=\"2022-03-10T08:18:11+00:00\" \/>\n<meta name=\"twitter:card\" content=\"summary_large_image\" \/>\n<meta name=\"twitter:label1\" content=\"Tiempo de lectura\" \/>\n\t<meta name=\"twitter:data1\" content=\"2 minuto\" \/>\n<script type=\"application\/ld+json\" class=\"yoast-schema-graph\">{\"@context\":\"https:\\\/\\\/schema.org\",\"@graph\":[{\"@type\":\"WebPage\",\"@id\":\"https:\\\/\\\/www.inverseteams.com\\\/es\\\/quienes-somos\\\/\",\"url\":\"https:\\\/\\\/www.inverseteams.com\\\/es\\\/quienes-somos\\\/\",\"name\":\"Quienes somos | Inverseteams\",\"isPartOf\":{\"@id\":\"https:\\\/\\\/www.inverseteams.com\\\/es\\\/#website\"},\"datePublished\":\"2021-01-18T15:41:24+00:00\",\"dateModified\":\"2022-03-10T08:18:11+00:00\",\"breadcrumb\":{\"@id\":\"https:\\\/\\\/www.inverseteams.com\\\/es\\\/quienes-somos\\\/#breadcrumb\"},\"inLanguage\":\"es\",\"potentialAction\":[{\"@type\":\"ReadAction\",\"target\":[\"https:\\\/\\\/www.inverseteams.com\\\/es\\\/quienes-somos\\\/\"]}]},{\"@type\":\"BreadcrumbList\",\"@id\":\"https:\\\/\\\/www.inverseteams.com\\\/es\\\/quienes-somos\\\/#breadcrumb\",\"itemListElement\":[{\"@type\":\"ListItem\",\"position\":1,\"name\":\"Portada\",\"item\":\"https:\\\/\\\/www.inverseteams.com\\\/es\\\/\"},{\"@type\":\"ListItem\",\"position\":2,\"name\":\"Quienes somos\"}]},{\"@type\":\"WebSite\",\"@id\":\"https:\\\/\\\/www.inverseteams.com\\\/es\\\/#website\",\"url\":\"https:\\\/\\\/www.inverseteams.com\\\/es\\\/\",\"name\":\"Inverseteams\",\"description\":\"Tu marca de ropa deportiva personalizada\",\"publisher\":{\"@id\":\"https:\\\/\\\/www.inverseteams.com\\\/es\\\/#organization\"},\"potentialAction\":[{\"@type\":\"SearchAction\",\"target\":{\"@type\":\"EntryPoint\",\"urlTemplate\":\"https:\\\/\\\/www.inverseteams.com\\\/es\\\/?s={search_term_string}\"},\"query-input\":{\"@type\":\"PropertyValueSpecification\",\"valueRequired\":true,\"valueName\":\"search_term_string\"}}],\"inLanguage\":\"es\"},{\"@type\":\"Organization\",\"@id\":\"https:\\\/\\\/www.inverseteams.com\\\/es\\\/#organization\",\"name\":\"Inverse Teams\",\"url\":\"https:\\\/\\\/www.inverseteams.com\\\/es\\\/\",\"logo\":{\"@type\":\"ImageObject\",\"inLanguage\":\"es\",\"@id\":\"https:\\\/\\\/www.inverseteams.com\\\/es\\\/#\\\/schema\\\/logo\\\/image\\\/\",\"url\":\"https:\\\/\\\/www.inverseteams.com\\\/wp-content\\\/uploads\\\/2021\\\/03\\\/logo-inverse-teams.png\",\"contentUrl\":\"https:\\\/\\\/www.inverseteams.com\\\/wp-content\\\/uploads\\\/2021\\\/03\\\/logo-inverse-teams.png\",\"width\":294,\"height\":99,\"caption\":\"Inverse Teams\"},\"image\":{\"@id\":\"https:\\\/\\\/www.inverseteams.com\\\/es\\\/#\\\/schema\\\/logo\\\/image\\\/\"},\"sameAs\":[\"https:\\\/\\\/www.facebook.com\\\/inverseteams\",\"http:\\\/\\\/instagram.com\\\/inverseteams\",\"https:\\\/\\\/www.linkedin.com\\\/company\\\/inverse-cirosport-s-l-?trk=job_view_topcard_company_name\",\"http:\\\/\\\/www.pinterest.com\\\/inverseteams\\\/\",\"http:\\\/\\\/www.youtube.com\\\/user\\\/inverseteams?feature=watch\"]}]}<\/script>\n<!-- \/ Yoast SEO plugin. -->","yoast_head_json":{"title":"Quienes somos | Inverseteams","robots":{"index":"index","follow":"follow","max-snippet":"max-snippet:-1","max-image-preview":"max-image-preview:large","max-video-preview":"max-video-preview:-1"},"canonical":"https:\/\/www.inverseteams.com\/es\/quienes-somos\/","og_locale":"es_ES","og_type":"article","og_title":"Quienes somos | Inverseteams","og_description":"INVERSE naci\u00f3 como CIRO SPORT hace m\u00e1s de 50 a\u00f1os Su fundador, Joaquim Sabat\u00e9 i Daus\u00e0 ten\u00eda una fuerte vinculaci\u00f3n con el deporte presidiendo el Esport Ciclista Barcelona. Durante su presidencia organiz\u00f3 m\u00e1s de 900 pruebas, entre ellas la Setmana Catalana de Ciclisme y la Escalada a Montju\u00efc. Esta vinculaci\u00f3n con el deporte le ayud\u00f3 [&hellip;]","og_url":"https:\/\/www.inverseteams.com\/es\/quienes-somos\/","og_site_name":"Inverseteams","article_publisher":"https:\/\/www.facebook.com\/inverseteams","article_modified_time":"2022-03-10T08:18:11+00:00","twitter_card":"summary_large_image","twitter_misc":{"Tiempo de lectura":"2 minuto"},"schema":{"@context":"https:\/\/schema.org","@graph":[{"@type":"WebPage","@id":"https:\/\/www.inverseteams.com\/es\/quienes-somos\/","url":"https:\/\/www.inverseteams.com\/es\/quienes-somos\/","name":"Quienes somos | Inverseteams","isPartOf":{"@id":"https:\/\/www.inverseteams.com\/es\/#website"},"datePublished":"2021-01-18T15:41:24+00:00","dateModified":"2022-03-10T08:18:11+00:00","breadcrumb":{"@id":"https:\/\/www.inverseteams.com\/es\/quienes-somos\/#breadcrumb"},"inLanguage":"es","potentialAction":[{"@type":"ReadAction","target":["https:\/\/www.inverseteams.com\/es\/quienes-somos\/"]}]},{"@type":"BreadcrumbList","@id":"https:\/\/www.inverseteams.com\/es\/quienes-somos\/#breadcrumb","itemListElement":[{"@type":"ListItem","position":1,"name":"Portada","item":"https:\/\/www.inverseteams.com\/es\/"},{"@type":"ListItem","position":2,"name":"Quienes somos"}]},{"@type":"WebSite","@id":"https:\/\/www.inverseteams.com\/es\/#website","url":"https:\/\/www.inverseteams.com\/es\/","name":"Inverseteams","description":"Tu marca de ropa deportiva personalizada","publisher":{"@id":"https:\/\/www.inverseteams.com\/es\/#organization"},"potentialAction":[{"@type":"SearchAction","target":{"@type":"EntryPoint","urlTemplate":"https:\/\/www.inverseteams.com\/es\/?s={search_term_string}"},"query-input":{"@type":"PropertyValueSpecification","valueRequired":true,"valueName":"search_term_string"}}],"inLanguage":"es"},{"@type":"Organization","@id":"https:\/\/www.inverseteams.com\/es\/#organization","name":"Inverse Teams","url":"https:\/\/www.inverseteams.com\/es\/","logo":{"@type":"ImageObject","inLanguage":"es","@id":"https:\/\/www.inverseteams.com\/es\/#\/schema\/logo\/image\/","url":"https:\/\/www.inverseteams.com\/wp-content\/uploads\/2021\/03\/logo-inverse-teams.png","contentUrl":"https:\/\/www.inverseteams.com\/wp-content\/uploads\/2021\/03\/logo-inverse-teams.png","width":294,"height":99,"caption":"Inverse Teams"},"image":{"@id":"https:\/\/www.inverseteams.com\/es\/#\/schema\/logo\/image\/"},"sameAs":["https:\/\/www.facebook.com\/inverseteams","http:\/\/instagram.com\/inverseteams","https:\/\/www.linkedin.com\/company\/inverse-cirosport-s-l-?trk=job_view_topcard_company_name","http:\/\/www.pinterest.com\/inverseteams\/","http:\/\/www.youtube.com\/user\/inverseteams?feature=watch"]}]}},"_links":{"self":[{"href":"https:\/\/www.inverseteams.com\/es\/wp-json\/wp\/v2\/pages\/223","targetHints":{"allow":["GET"]}}],"collection":[{"href":"https:\/\/www.inverseteams.com\/es\/wp-json\/wp\/v2\/pages"}],"about":[{"href":"https:\/\/www.inverseteams.com\/es\/wp-json\/wp\/v2\/types\/page"}],"author":[{"embeddable":true,"href":"https:\/\/www.inverseteams.com\/es\/wp-json\/wp\/v2\/users\/1"}],"replies":[{"embeddable":true,"href":"https:\/\/www.inverseteams.com\/es\/wp-json\/wp\/v2\/comments?post=223"}],"version-history":[{"count":0,"href":"https:\/\/www.inverseteams.com\/es\/wp-json\/wp\/v2\/pages\/223\/revisions"}],"wp:attachment":[{"href":"https:\/\/www.inverseteams.com\/es\/wp-json\/wp\/v2\/media?parent=223"}],"curies":[{"name":"wp","href":"https:\/\/api.w.org\/{rel}","templated":true}]}}