{"id":168872,"date":"2023-11-15T12:29:34","date_gmt":"2023-11-15T12:29:34","guid":{"rendered":"https:\/\/www.inverseteams.com\/?page_id=168872"},"modified":"2024-02-03T08:33:18","modified_gmt":"2024-02-03T08:33:18","slug":"responsabilidad-social-corporativa","status":"publish","type":"page","link":"https:\/\/www.inverseteams.com\/es\/responsabilidad-social-corporativa\/","title":{"rendered":"RESPONSABILIDAD SOCIAL CORPORATIVA"},"content":{"rendered":"\n<figure class=\"wp-block-image size-full\"><img loading=\"lazy\" decoding=\"async\" width=\"1920\" height=\"1249\" src=\"https:\/\/www.inverseteams.com\/wp-content\/uploads\/INVERSE-RESPONSABILIDAD-SOSTENIBILIDAD-001-1.jpg\" alt=\"Responsabilidad corporativa inverse. El deporte contribuye a hacer realidad el desarrollo y la paz, promoviendo tolerancia y respeto\" class=\"wp-image-180773\" srcset=\"https:\/\/www.inverseteams.com\/wp-content\/uploads\/INVERSE-RESPONSABILIDAD-SOSTENIBILIDAD-001-1.jpg 1920w, https:\/\/www.inverseteams.com\/wp-content\/uploads\/INVERSE-RESPONSABILIDAD-SOSTENIBILIDAD-001-1-300x195.jpg 300w, https:\/\/www.inverseteams.com\/wp-content\/uploads\/INVERSE-RESPONSABILIDAD-SOSTENIBILIDAD-001-1-1024x666.jpg 1024w, https:\/\/www.inverseteams.com\/wp-content\/uploads\/INVERSE-RESPONSABILIDAD-SOSTENIBILIDAD-001-1-768x500.jpg 768w, https:\/\/www.inverseteams.com\/wp-content\/uploads\/INVERSE-RESPONSABILIDAD-SOSTENIBILIDAD-001-1-1536x999.jpg 1536w, https:\/\/www.inverseteams.com\/wp-content\/uploads\/INVERSE-RESPONSABILIDAD-SOSTENIBILIDAD-001-1-420x273.jpg 420w, https:\/\/www.inverseteams.com\/wp-content\/uploads\/INVERSE-RESPONSABILIDAD-SOSTENIBILIDAD-001-1-64x42.jpg 64w\" sizes=\"auto, (max-width: 1920px) 100vw, 1920px\" \/><\/figure>\n\n\n\n<figure class=\"wp-block-image size-full\"><img loading=\"lazy\" decoding=\"async\" width=\"1920\" height=\"1115\" src=\"https:\/\/www.inverseteams.com\/wp-content\/uploads\/INVERSE-RESPONSABILIDAD-SOSTENIBILIDAD-002.jpg\" alt=\"Fomentamos el uso de materias primas sostenibles y \u00e9ticas durante el proceso de producci\u00f3n.\" class=\"wp-image-180735\" srcset=\"https:\/\/www.inverseteams.com\/wp-content\/uploads\/INVERSE-RESPONSABILIDAD-SOSTENIBILIDAD-002.jpg 1920w, https:\/\/www.inverseteams.com\/wp-content\/uploads\/INVERSE-RESPONSABILIDAD-SOSTENIBILIDAD-002-300x174.jpg 300w, https:\/\/www.inverseteams.com\/wp-content\/uploads\/INVERSE-RESPONSABILIDAD-SOSTENIBILIDAD-002-1024x595.jpg 1024w, https:\/\/www.inverseteams.com\/wp-content\/uploads\/INVERSE-RESPONSABILIDAD-SOSTENIBILIDAD-002-768x446.jpg 768w, https:\/\/www.inverseteams.com\/wp-content\/uploads\/INVERSE-RESPONSABILIDAD-SOSTENIBILIDAD-002-1536x892.jpg 1536w, https:\/\/www.inverseteams.com\/wp-content\/uploads\/INVERSE-RESPONSABILIDAD-SOSTENIBILIDAD-002-420x244.jpg 420w, https:\/\/www.inverseteams.com\/wp-content\/uploads\/INVERSE-RESPONSABILIDAD-SOSTENIBILIDAD-002-64x37.jpg 64w\" sizes=\"auto, (max-width: 1920px) 100vw, 1920px\" \/><\/figure>\n\n\n\n<figure class=\"wp-block-image size-full\"><img loading=\"lazy\" decoding=\"async\" width=\"1920\" height=\"1077\" src=\"https:\/\/www.inverseteams.com\/wp-content\/uploads\/INVERSE-RESPONSABILIDAD-SOSTENIBILIDAD-003.jpg\" alt=\"Papel transfer reciclado. Tintas de sublimaci\u00f3n cumplen norma OEKO-TEX. Packaging reciclado\" class=\"wp-image-180740\" srcset=\"https:\/\/www.inverseteams.com\/wp-content\/uploads\/INVERSE-RESPONSABILIDAD-SOSTENIBILIDAD-003.jpg 1920w, https:\/\/www.inverseteams.com\/wp-content\/uploads\/INVERSE-RESPONSABILIDAD-SOSTENIBILIDAD-003-300x168.jpg 300w, https:\/\/www.inverseteams.com\/wp-content\/uploads\/INVERSE-RESPONSABILIDAD-SOSTENIBILIDAD-003-1024x574.jpg 1024w, https:\/\/www.inverseteams.com\/wp-content\/uploads\/INVERSE-RESPONSABILIDAD-SOSTENIBILIDAD-003-768x431.jpg 768w, https:\/\/www.inverseteams.com\/wp-content\/uploads\/INVERSE-RESPONSABILIDAD-SOSTENIBILIDAD-003-1536x862.jpg 1536w, https:\/\/www.inverseteams.com\/wp-content\/uploads\/INVERSE-RESPONSABILIDAD-SOSTENIBILIDAD-003-420x236.jpg 420w, https:\/\/www.inverseteams.com\/wp-content\/uploads\/INVERSE-RESPONSABILIDAD-SOSTENIBILIDAD-003-64x36.jpg 64w\" sizes=\"auto, (max-width: 1920px) 100vw, 1920px\" \/><\/figure>\n\n\n\n<figure class=\"wp-block-image size-full\"><img loading=\"lazy\" decoding=\"async\" width=\"1920\" height=\"1080\" src=\"https:\/\/www.inverseteams.com\/wp-content\/uploads\/INVERSE-RESPONSABILIDAD-SOSTENIBILIDAD-004.jpg\" alt=\"Servicio de reparaci\u00f3n. Prendas deportivas respetuosas con el medio ambiente.\" class=\"wp-image-180745\" srcset=\"https:\/\/www.inverseteams.com\/wp-content\/uploads\/INVERSE-RESPONSABILIDAD-SOSTENIBILIDAD-004.jpg 1920w, https:\/\/www.inverseteams.com\/wp-content\/uploads\/INVERSE-RESPONSABILIDAD-SOSTENIBILIDAD-004-300x169.jpg 300w, https:\/\/www.inverseteams.com\/wp-content\/uploads\/INVERSE-RESPONSABILIDAD-SOSTENIBILIDAD-004-1024x576.jpg 1024w, https:\/\/www.inverseteams.com\/wp-content\/uploads\/INVERSE-RESPONSABILIDAD-SOSTENIBILIDAD-004-768x432.jpg 768w, https:\/\/www.inverseteams.com\/wp-content\/uploads\/INVERSE-RESPONSABILIDAD-SOSTENIBILIDAD-004-1536x864.jpg 1536w, https:\/\/www.inverseteams.com\/wp-content\/uploads\/INVERSE-RESPONSABILIDAD-SOSTENIBILIDAD-004-420x236.jpg 420w, https:\/\/www.inverseteams.com\/wp-content\/uploads\/INVERSE-RESPONSABILIDAD-SOSTENIBILIDAD-004-64x36.jpg 64w\" sizes=\"auto, (max-width: 1920px) 100vw, 1920px\" \/><\/figure>\n\n\n\n<figure class=\"wp-block-image size-full\"><img loading=\"lazy\" decoding=\"async\" width=\"1920\" height=\"1080\" src=\"https:\/\/www.inverseteams.com\/wp-content\/uploads\/INVERSE-RESPONSABILIDAD-SOSTENIBILIDAD-005.jpg\" alt=\"Fabricaci\u00f3n centralizada para reducir la huella de carbono. Iluminaci\u00f3n LED que mejora la eficiencia energ\u00e9tica.\" class=\"wp-image-180750\" srcset=\"https:\/\/www.inverseteams.com\/wp-content\/uploads\/INVERSE-RESPONSABILIDAD-SOSTENIBILIDAD-005.jpg 1920w, https:\/\/www.inverseteams.com\/wp-content\/uploads\/INVERSE-RESPONSABILIDAD-SOSTENIBILIDAD-005-300x169.jpg 300w, https:\/\/www.inverseteams.com\/wp-content\/uploads\/INVERSE-RESPONSABILIDAD-SOSTENIBILIDAD-005-1024x576.jpg 1024w, https:\/\/www.inverseteams.com\/wp-content\/uploads\/INVERSE-RESPONSABILIDAD-SOSTENIBILIDAD-005-768x432.jpg 768w, https:\/\/www.inverseteams.com\/wp-content\/uploads\/INVERSE-RESPONSABILIDAD-SOSTENIBILIDAD-005-1536x864.jpg 1536w, https:\/\/www.inverseteams.com\/wp-content\/uploads\/INVERSE-RESPONSABILIDAD-SOSTENIBILIDAD-005-420x236.jpg 420w, https:\/\/www.inverseteams.com\/wp-content\/uploads\/INVERSE-RESPONSABILIDAD-SOSTENIBILIDAD-005-64x36.jpg 64w\" sizes=\"auto, (max-width: 1920px) 100vw, 1920px\" \/><\/figure>\n\n\n\n<figure class=\"wp-block-image size-full\"><img loading=\"lazy\" decoding=\"async\" width=\"1920\" height=\"1081\" src=\"https:\/\/www.inverseteams.com\/wp-content\/uploads\/INVERSE-RESPONSABILIDAD-SOSTENIBILIDAD-006.jpg\" alt=\"Mantenemos los \u00edndices de ausencia muy bajos. Fomentamos el desarrollo de nuestros trabajadores.\" class=\"wp-image-180755\" srcset=\"https:\/\/www.inverseteams.com\/wp-content\/uploads\/INVERSE-RESPONSABILIDAD-SOSTENIBILIDAD-006.jpg 1920w, https:\/\/www.inverseteams.com\/wp-content\/uploads\/INVERSE-RESPONSABILIDAD-SOSTENIBILIDAD-006-300x169.jpg 300w, https:\/\/www.inverseteams.com\/wp-content\/uploads\/INVERSE-RESPONSABILIDAD-SOSTENIBILIDAD-006-1024x577.jpg 1024w, https:\/\/www.inverseteams.com\/wp-content\/uploads\/INVERSE-RESPONSABILIDAD-SOSTENIBILIDAD-006-768x432.jpg 768w, https:\/\/www.inverseteams.com\/wp-content\/uploads\/INVERSE-RESPONSABILIDAD-SOSTENIBILIDAD-006-1536x865.jpg 1536w, https:\/\/www.inverseteams.com\/wp-content\/uploads\/INVERSE-RESPONSABILIDAD-SOSTENIBILIDAD-006-420x236.jpg 420w, https:\/\/www.inverseteams.com\/wp-content\/uploads\/INVERSE-RESPONSABILIDAD-SOSTENIBILIDAD-006-64x36.jpg 64w\" sizes=\"auto, (max-width: 1920px) 100vw, 1920px\" \/><\/figure>\n\n\n\n<figure class=\"wp-block-image size-full\"><img loading=\"lazy\" decoding=\"async\" width=\"1920\" height=\"1087\" src=\"https:\/\/www.inverseteams.com\/wp-content\/uploads\/INVERSE-RESPONSABILIDAD-SOSTENIBILIDAD-006b.jpg\" alt=\"Inverse colabora con instituciones, clubes y asociaciones deportivas. Mantiene un contacto directo con los deportistas\" class=\"wp-image-180760\" srcset=\"https:\/\/www.inverseteams.com\/wp-content\/uploads\/INVERSE-RESPONSABILIDAD-SOSTENIBILIDAD-006b.jpg 1920w, https:\/\/www.inverseteams.com\/wp-content\/uploads\/INVERSE-RESPONSABILIDAD-SOSTENIBILIDAD-006b-300x170.jpg 300w, https:\/\/www.inverseteams.com\/wp-content\/uploads\/INVERSE-RESPONSABILIDAD-SOSTENIBILIDAD-006b-1024x580.jpg 1024w, https:\/\/www.inverseteams.com\/wp-content\/uploads\/INVERSE-RESPONSABILIDAD-SOSTENIBILIDAD-006b-768x435.jpg 768w, https:\/\/www.inverseteams.com\/wp-content\/uploads\/INVERSE-RESPONSABILIDAD-SOSTENIBILIDAD-006b-1536x870.jpg 1536w, https:\/\/www.inverseteams.com\/wp-content\/uploads\/INVERSE-RESPONSABILIDAD-SOSTENIBILIDAD-006b-420x238.jpg 420w, https:\/\/www.inverseteams.com\/wp-content\/uploads\/INVERSE-RESPONSABILIDAD-SOSTENIBILIDAD-006b-64x36.jpg 64w\" sizes=\"auto, (max-width: 1920px) 100vw, 1920px\" \/><\/figure>\n\n\n\n<figure class=\"wp-block-image size-full\"><img loading=\"lazy\" decoding=\"async\" width=\"1920\" height=\"1081\" src=\"https:\/\/www.inverseteams.com\/wp-content\/uploads\/INVERSE-RESPONSABILIDAD-SOSTENIBILIDAD-007.jpg\" alt=\"En 2020 Inverse fue la primera marca espa\u00f1ola en desarrollar mascarillas deportivas certificadas.\" class=\"wp-image-180765\" srcset=\"https:\/\/www.inverseteams.com\/wp-content\/uploads\/INVERSE-RESPONSABILIDAD-SOSTENIBILIDAD-007.jpg 1920w, https:\/\/www.inverseteams.com\/wp-content\/uploads\/INVERSE-RESPONSABILIDAD-SOSTENIBILIDAD-007-300x169.jpg 300w, https:\/\/www.inverseteams.com\/wp-content\/uploads\/INVERSE-RESPONSABILIDAD-SOSTENIBILIDAD-007-1024x577.jpg 1024w, https:\/\/www.inverseteams.com\/wp-content\/uploads\/INVERSE-RESPONSABILIDAD-SOSTENIBILIDAD-007-768x432.jpg 768w, https:\/\/www.inverseteams.com\/wp-content\/uploads\/INVERSE-RESPONSABILIDAD-SOSTENIBILIDAD-007-1536x865.jpg 1536w, https:\/\/www.inverseteams.com\/wp-content\/uploads\/INVERSE-RESPONSABILIDAD-SOSTENIBILIDAD-007-420x236.jpg 420w, https:\/\/www.inverseteams.com\/wp-content\/uploads\/INVERSE-RESPONSABILIDAD-SOSTENIBILIDAD-007-64x36.jpg 64w\" sizes=\"auto, (max-width: 1920px) 100vw, 1920px\" \/><\/figure>\n\n\n\n<div style=\"height:50px\" aria-hidden=\"true\" class=\"wp-block-spacer\"><\/div>\n\n\n\n<div class=\"wp-block-buttons is-content-justification-center is-layout-flex wp-container-core-buttons-is-layout-14c487f4 wp-block-buttons-is-layout-flex\">\n<div class=\"wp-block-button has-custom-width wp-block-button__width-50 is-style-fill\"><a class=\"wp-block-button__link has-text-align-center wp-element-button\" href=\"https:\/\/www.inverseteams.com\/wp-content\/uploads\/INVERSE-RESPONSABILIDAD-SOSTENIBILIDAD-CORPORATIVA.pdf\" style=\"border-radius:0px\" rel=\"\"><strong>DESCARGAR DOCUMENTO<\/strong><\/a><\/div>\n<\/div>\n","protected":false},"excerpt":{"rendered":"","protected":false},"author":783,"featured_media":0,"parent":0,"menu_order":0,"comment_status":"closed","ping_status":"closed","template":"page-templates\/page-no-title-full-width.php","meta":{"_acf_changed":false,"footnotes":""},"class_list":["post-168872","page","type-page","status-publish","hentry"],"acf":[],"yoast_head":"<!-- This site is optimized with the Yoast SEO plugin v27.3 - https:\/\/yoast.com\/product\/yoast-seo-wordpress\/ -->\n<title>RESPONSABILIDAD SOCIAL CORPORATIVA | Inverseteams<\/title>\n<meta name=\"robots\" content=\"index, follow, max-snippet:-1, max-image-preview:large, max-video-preview:-1\" \/>\n<link rel=\"canonical\" href=\"https:\/\/www.inverseteams.com\/es\/responsabilidad-social-corporativa\/\" \/>\n<meta property=\"og:locale\" content=\"es_ES\" \/>\n<meta property=\"og:type\" content=\"article\" \/>\n<meta property=\"og:title\" content=\"RESPONSABILIDAD SOCIAL CORPORATIVA | Inverseteams\" \/>\n<meta property=\"og:url\" content=\"https:\/\/www.inverseteams.com\/es\/responsabilidad-social-corporativa\/\" \/>\n<meta property=\"og:site_name\" content=\"Inverseteams\" \/>\n<meta property=\"article:publisher\" content=\"https:\/\/www.facebook.com\/inverseteams\" \/>\n<meta property=\"article:modified_time\" content=\"2024-02-03T08:33:18+00:00\" \/>\n<meta property=\"og:image\" content=\"https:\/\/www.inverseteams.com\/wp-content\/uploads\/INVERSE-RESPONSABILIDAD-SOSTENIBILIDAD-001-1.jpg\" \/>\n<meta name=\"twitter:card\" content=\"summary_large_image\" \/>\n<meta name=\"twitter:label1\" content=\"Tiempo de lectura\" \/>\n\t<meta name=\"twitter:data1\" content=\"2 minuto\" \/>\n<script type=\"application\/ld+json\" class=\"yoast-schema-graph\">{\"@context\":\"https:\\\/\\\/schema.org\",\"@graph\":[{\"@type\":\"WebPage\",\"@id\":\"https:\\\/\\\/www.inverseteams.com\\\/es\\\/responsabilidad-social-corporativa\\\/\",\"url\":\"https:\\\/\\\/www.inverseteams.com\\\/es\\\/responsabilidad-social-corporativa\\\/\",\"name\":\"RESPONSABILIDAD SOCIAL CORPORATIVA | Inverseteams\",\"isPartOf\":{\"@id\":\"https:\\\/\\\/www.inverseteams.com\\\/es\\\/#website\"},\"primaryImageOfPage\":{\"@id\":\"https:\\\/\\\/www.inverseteams.com\\\/es\\\/responsabilidad-social-corporativa\\\/#primaryimage\"},\"image\":{\"@id\":\"https:\\\/\\\/www.inverseteams.com\\\/es\\\/responsabilidad-social-corporativa\\\/#primaryimage\"},\"thumbnailUrl\":\"https:\\\/\\\/www.inverseteams.com\\\/wp-content\\\/uploads\\\/INVERSE-RESPONSABILIDAD-SOSTENIBILIDAD-001-1.jpg\",\"datePublished\":\"2023-11-15T12:29:34+00:00\",\"dateModified\":\"2024-02-03T08:33:18+00:00\",\"breadcrumb\":{\"@id\":\"https:\\\/\\\/www.inverseteams.com\\\/es\\\/responsabilidad-social-corporativa\\\/#breadcrumb\"},\"inLanguage\":\"es\",\"potentialAction\":[{\"@type\":\"ReadAction\",\"target\":[\"https:\\\/\\\/www.inverseteams.com\\\/es\\\/responsabilidad-social-corporativa\\\/\"]}]},{\"@type\":\"ImageObject\",\"inLanguage\":\"es\",\"@id\":\"https:\\\/\\\/www.inverseteams.com\\\/es\\\/responsabilidad-social-corporativa\\\/#primaryimage\",\"url\":\"https:\\\/\\\/www.inverseteams.com\\\/wp-content\\\/uploads\\\/INVERSE-RESPONSABILIDAD-SOSTENIBILIDAD-001-1.jpg\",\"contentUrl\":\"https:\\\/\\\/www.inverseteams.com\\\/wp-content\\\/uploads\\\/INVERSE-RESPONSABILIDAD-SOSTENIBILIDAD-001-1.jpg\"},{\"@type\":\"BreadcrumbList\",\"@id\":\"https:\\\/\\\/www.inverseteams.com\\\/es\\\/responsabilidad-social-corporativa\\\/#breadcrumb\",\"itemListElement\":[{\"@type\":\"ListItem\",\"position\":1,\"name\":\"Portada\",\"item\":\"https:\\\/\\\/www.inverseteams.com\\\/es\\\/\"},{\"@type\":\"ListItem\",\"position\":2,\"name\":\"RESPONSABILIDAD SOCIAL CORPORATIVA\"}]},{\"@type\":\"WebSite\",\"@id\":\"https:\\\/\\\/www.inverseteams.com\\\/es\\\/#website\",\"url\":\"https:\\\/\\\/www.inverseteams.com\\\/es\\\/\",\"name\":\"Inverseteams\",\"description\":\"Tu marca de ropa deportiva personalizada\",\"publisher\":{\"@id\":\"https:\\\/\\\/www.inverseteams.com\\\/es\\\/#organization\"},\"potentialAction\":[{\"@type\":\"SearchAction\",\"target\":{\"@type\":\"EntryPoint\",\"urlTemplate\":\"https:\\\/\\\/www.inverseteams.com\\\/es\\\/?s={search_term_string}\"},\"query-input\":{\"@type\":\"PropertyValueSpecification\",\"valueRequired\":true,\"valueName\":\"search_term_string\"}}],\"inLanguage\":\"es\"},{\"@type\":\"Organization\",\"@id\":\"https:\\\/\\\/www.inverseteams.com\\\/es\\\/#organization\",\"name\":\"Inverse Teams\",\"url\":\"https:\\\/\\\/www.inverseteams.com\\\/es\\\/\",\"logo\":{\"@type\":\"ImageObject\",\"inLanguage\":\"es\",\"@id\":\"https:\\\/\\\/www.inverseteams.com\\\/es\\\/#\\\/schema\\\/logo\\\/image\\\/\",\"url\":\"https:\\\/\\\/www.inverseteams.com\\\/wp-content\\\/uploads\\\/2021\\\/03\\\/logo-inverse-teams.png\",\"contentUrl\":\"https:\\\/\\\/www.inverseteams.com\\\/wp-content\\\/uploads\\\/2021\\\/03\\\/logo-inverse-teams.png\",\"width\":294,\"height\":99,\"caption\":\"Inverse Teams\"},\"image\":{\"@id\":\"https:\\\/\\\/www.inverseteams.com\\\/es\\\/#\\\/schema\\\/logo\\\/image\\\/\"},\"sameAs\":[\"https:\\\/\\\/www.facebook.com\\\/inverseteams\",\"http:\\\/\\\/instagram.com\\\/inverseteams\",\"https:\\\/\\\/www.linkedin.com\\\/company\\\/inverse-cirosport-s-l-?trk=job_view_topcard_company_name\",\"http:\\\/\\\/www.pinterest.com\\\/inverseteams\\\/\",\"http:\\\/\\\/www.youtube.com\\\/user\\\/inverseteams?feature=watch\"]}]}<\/script>\n<!-- \/ Yoast SEO plugin. -->","yoast_head_json":{"title":"RESPONSABILIDAD SOCIAL CORPORATIVA | Inverseteams","robots":{"index":"index","follow":"follow","max-snippet":"max-snippet:-1","max-image-preview":"max-image-preview:large","max-video-preview":"max-video-preview:-1"},"canonical":"https:\/\/www.inverseteams.com\/es\/responsabilidad-social-corporativa\/","og_locale":"es_ES","og_type":"article","og_title":"RESPONSABILIDAD SOCIAL CORPORATIVA | Inverseteams","og_url":"https:\/\/www.inverseteams.com\/es\/responsabilidad-social-corporativa\/","og_site_name":"Inverseteams","article_publisher":"https:\/\/www.facebook.com\/inverseteams","article_modified_time":"2024-02-03T08:33:18+00:00","og_image":[{"url":"https:\/\/www.inverseteams.com\/wp-content\/uploads\/INVERSE-RESPONSABILIDAD-SOSTENIBILIDAD-001-1.jpg","type":"","width":"","height":""}],"twitter_card":"summary_large_image","twitter_misc":{"Tiempo de lectura":"2 minuto"},"schema":{"@context":"https:\/\/schema.org","@graph":[{"@type":"WebPage","@id":"https:\/\/www.inverseteams.com\/es\/responsabilidad-social-corporativa\/","url":"https:\/\/www.inverseteams.com\/es\/responsabilidad-social-corporativa\/","name":"RESPONSABILIDAD SOCIAL CORPORATIVA | Inverseteams","isPartOf":{"@id":"https:\/\/www.inverseteams.com\/es\/#website"},"primaryImageOfPage":{"@id":"https:\/\/www.inverseteams.com\/es\/responsabilidad-social-corporativa\/#primaryimage"},"image":{"@id":"https:\/\/www.inverseteams.com\/es\/responsabilidad-social-corporativa\/#primaryimage"},"thumbnailUrl":"https:\/\/www.inverseteams.com\/wp-content\/uploads\/INVERSE-RESPONSABILIDAD-SOSTENIBILIDAD-001-1.jpg","datePublished":"2023-11-15T12:29:34+00:00","dateModified":"2024-02-03T08:33:18+00:00","breadcrumb":{"@id":"https:\/\/www.inverseteams.com\/es\/responsabilidad-social-corporativa\/#breadcrumb"},"inLanguage":"es","potentialAction":[{"@type":"ReadAction","target":["https:\/\/www.inverseteams.com\/es\/responsabilidad-social-corporativa\/"]}]},{"@type":"ImageObject","inLanguage":"es","@id":"https:\/\/www.inverseteams.com\/es\/responsabilidad-social-corporativa\/#primaryimage","url":"https:\/\/www.inverseteams.com\/wp-content\/uploads\/INVERSE-RESPONSABILIDAD-SOSTENIBILIDAD-001-1.jpg","contentUrl":"https:\/\/www.inverseteams.com\/wp-content\/uploads\/INVERSE-RESPONSABILIDAD-SOSTENIBILIDAD-001-1.jpg"},{"@type":"BreadcrumbList","@id":"https:\/\/www.inverseteams.com\/es\/responsabilidad-social-corporativa\/#breadcrumb","itemListElement":[{"@type":"ListItem","position":1,"name":"Portada","item":"https:\/\/www.inverseteams.com\/es\/"},{"@type":"ListItem","position":2,"name":"RESPONSABILIDAD SOCIAL CORPORATIVA"}]},{"@type":"WebSite","@id":"https:\/\/www.inverseteams.com\/es\/#website","url":"https:\/\/www.inverseteams.com\/es\/","name":"Inverseteams","description":"Tu marca de ropa deportiva personalizada","publisher":{"@id":"https:\/\/www.inverseteams.com\/es\/#organization"},"potentialAction":[{"@type":"SearchAction","target":{"@type":"EntryPoint","urlTemplate":"https:\/\/www.inverseteams.com\/es\/?s={search_term_string}"},"query-input":{"@type":"PropertyValueSpecification","valueRequired":true,"valueName":"search_term_string"}}],"inLanguage":"es"},{"@type":"Organization","@id":"https:\/\/www.inverseteams.com\/es\/#organization","name":"Inverse Teams","url":"https:\/\/www.inverseteams.com\/es\/","logo":{"@type":"ImageObject","inLanguage":"es","@id":"https:\/\/www.inverseteams.com\/es\/#\/schema\/logo\/image\/","url":"https:\/\/www.inverseteams.com\/wp-content\/uploads\/2021\/03\/logo-inverse-teams.png","contentUrl":"https:\/\/www.inverseteams.com\/wp-content\/uploads\/2021\/03\/logo-inverse-teams.png","width":294,"height":99,"caption":"Inverse Teams"},"image":{"@id":"https:\/\/www.inverseteams.com\/es\/#\/schema\/logo\/image\/"},"sameAs":["https:\/\/www.facebook.com\/inverseteams","http:\/\/instagram.com\/inverseteams","https:\/\/www.linkedin.com\/company\/inverse-cirosport-s-l-?trk=job_view_topcard_company_name","http:\/\/www.pinterest.com\/inverseteams\/","http:\/\/www.youtube.com\/user\/inverseteams?feature=watch"]}]}},"_links":{"self":[{"href":"https:\/\/www.inverseteams.com\/es\/wp-json\/wp\/v2\/pages\/168872","targetHints":{"allow":["GET"]}}],"collection":[{"href":"https:\/\/www.inverseteams.com\/es\/wp-json\/wp\/v2\/pages"}],"about":[{"href":"https:\/\/www.inverseteams.com\/es\/wp-json\/wp\/v2\/types\/page"}],"author":[{"embeddable":true,"href":"https:\/\/www.inverseteams.com\/es\/wp-json\/wp\/v2\/users\/783"}],"replies":[{"embeddable":true,"href":"https:\/\/www.inverseteams.com\/es\/wp-json\/wp\/v2\/comments?post=168872"}],"version-history":[{"count":0,"href":"https:\/\/www.inverseteams.com\/es\/wp-json\/wp\/v2\/pages\/168872\/revisions"}],"wp:attachment":[{"href":"https:\/\/www.inverseteams.com\/es\/wp-json\/wp\/v2\/media?parent=168872"}],"curies":[{"name":"wp","href":"https:\/\/api.w.org\/{rel}","templated":true}]}}