{"id":17170,"date":"2021-05-10T08:30:31","date_gmt":"2021-05-10T09:17:24","guid":{"rendered":"https:\/\/inverseteams.com\/?post_type=product&#038;p=17170"},"modified":"2024-12-13T09:33:26","modified_gmt":"2024-12-13T09:33:26","slug":"open-back-cycling-vest-tempus","status":"publish","type":"product","link":"https:\/\/www.inverseteams.com\/en\/product\/open-back-cycling-vest-tempus\/","title":{"rendered":"Open back cycling vest TEMPUS"},"content":{"rendered":"<p>This ultra-light vest can be easily stored in the jersey pocket when you do not need it. The front is made of a triple membrane waterproof fabric. The outer layer acts as a barrier to prevent water from penetrate. The inner layer helps to evacuate sweat and keep the skin dry. The back is grid to avoid overheating. This way you can perform to the fullest.<br \/>\nIt has 2 openings in the lumbar area to easily access the pockets of the jersey. The waist and armholes are finished with an elastic trim that will keep the vest tightly clinging to the body and prevent air from entering. At the waist has another elastic trim that will fit the jersey to your body. This incorporates 360\u00ba reflective lines that will increase your safety as they will reflect the light of the vehicles.<\/p>\n","protected":false},"excerpt":{"rendered":"<p>This ultra-light vest can be easily stored in the jersey pocket when you do not need it. The front is made of a triple membrane waterproof fabric. The outer layer acts as a barrier to prevent water from penetrate. The inner layer helps to evacuate sweat and keep the skin dry. The back is grid to avoid overheating. This way you can perform to the fullest.<br \/>\nIt has 2 openings in the lumbar area to easily access the pockets of the jersey. The waist and armholes are finished with an elastic trim that will keep the vest tightly clinging to the body and prevent air from entering. At the waist has another elastic trim that will fit the jersey to your body. This incorporates 360\u00ba reflective lines that will increase your safety as they will reflect the light of the vehicles.<\/p>\n","protected":false},"featured_media":223793,"comment_status":"closed","ping_status":"closed","template":"","meta":{"_acf_changed":false},"product_brand":[],"product_cat":[8307],"product_tag":[],"custom_category":[4786,4793,4783],"range":[2472],"class_list":{"0":"post-17170","1":"product","2":"type-product","3":"status-publish","4":"has-post-thumbnail","6":"product_cat-uncategorized-en","7":"pa_climatologia-wind","8":"pa_climatologia-warm-temperature","9":"pa_deporte-cycling","10":"pa_genero-infantile","11":"pa_genero-home-en","12":"pa_genero-dona-en","13":"pa_patronaje-fit-en","14":"pa_patronaje-regular-en","15":"pa_tipo-de-prenda-vest","16":"custom_category-custom-cycling-wear-en-4","17":"custom_category-custom-cycling-vest","18":"custom_category-sport","19":"range-tempus-en","21":"first","22":"instock","23":"product-type-custom"},"acf":[],"yoast_head":"<!-- This site is optimized with the Yoast SEO plugin v27.3 - https:\/\/yoast.com\/product\/yoast-seo-wordpress\/ -->\n<title>Open back cycling vest TEMPUS<\/title>\n<meta name=\"description\" content=\"This ultra-light vest can be easily stored in the jersey pocket when you do not need it. The front is made of a triple membrane waterproof fabric. The outer layer acts as a barrier to prevent water from penetrate. The inner layer helps to evacuate sweat and keep the skin dry. The back is grid to avoid overheating. This way you can perform to the fullest. It has 2 openings in the lumbar area to easily access the pockets of the jersey. The waist and armholes are finished with an elastic trim that will keep the vest tightly clinging to the body and prevent air from entering. At the waist has another elastic trim that will fit the jersey to your body. This incorporates 360\u00ba reflective lines that will increase your safety as they will reflect the light of the vehicles.\" \/>\n<meta name=\"robots\" content=\"index, follow, max-snippet:-1, max-image-preview:large, max-video-preview:-1\" \/>\n<link rel=\"canonical\" href=\"https:\/\/www.inverseteams.com\/en\/product\/open-back-cycling-vest-tempus\/\" \/>\n<meta property=\"og:locale\" content=\"en_US\" \/>\n<meta property=\"og:type\" content=\"article\" \/>\n<meta property=\"og:title\" content=\"Open back cycling vest TEMPUS\" \/>\n<meta property=\"og:description\" content=\"This ultra-light vest can be easily stored in the jersey pocket when you do not need it. The front is made of a triple membrane waterproof fabric. The outer layer acts as a barrier to prevent water from penetrate. The inner layer helps to evacuate sweat and keep the skin dry. The back is grid to avoid overheating. This way you can perform to the fullest. It has 2 openings in the lumbar area to easily access the pockets of the jersey. The waist and armholes are finished with an elastic trim that will keep the vest tightly clinging to the body and prevent air from entering. At the waist has another elastic trim that will fit the jersey to your body. This incorporates 360\u00ba reflective lines that will increase your safety as they will reflect the light of the vehicles.\" \/>\n<meta property=\"og:url\" content=\"https:\/\/www.inverseteams.com\/en\/product\/open-back-cycling-vest-tempus\/\" \/>\n<meta property=\"og:site_name\" content=\"Inverseteams\" \/>\n<meta property=\"article:publisher\" content=\"https:\/\/www.facebook.com\/inverseteams\" \/>\n<meta property=\"article:modified_time\" content=\"2024-12-13T09:33:26+00:00\" \/>\n<meta property=\"og:image\" content=\"https:\/\/www.inverseteams.com\/wp-content\/uploads\/CHALECO-CICLISMO-IMPERMEABLE-PERSONALIZADO-TEMPUS-1.jpg\" \/>\n\t<meta property=\"og:image:width\" content=\"1500\" \/>\n\t<meta property=\"og:image:height\" content=\"1612\" \/>\n\t<meta property=\"og:image:type\" content=\"image\/jpeg\" \/>\n<meta name=\"twitter:card\" content=\"summary_large_image\" \/>\n<meta name=\"twitter:label1\" content=\"Est. reading time\" \/>\n\t<meta name=\"twitter:data1\" content=\"1 minute\" \/>\n<script type=\"application\/ld+json\" class=\"yoast-schema-graph\">{\"@context\":\"https:\\\/\\\/schema.org\",\"@graph\":[{\"@type\":\"WebPage\",\"@id\":\"https:\\\/\\\/www.inverseteams.com\\\/en\\\/product\\\/open-back-cycling-vest-tempus\\\/\",\"url\":\"https:\\\/\\\/www.inverseteams.com\\\/en\\\/product\\\/open-back-cycling-vest-tempus\\\/\",\"name\":\"Open back cycling vest TEMPUS\",\"isPartOf\":{\"@id\":\"https:\\\/\\\/www.inverseteams.com\\\/en\\\/#website\"},\"primaryImageOfPage\":{\"@id\":\"https:\\\/\\\/www.inverseteams.com\\\/en\\\/product\\\/open-back-cycling-vest-tempus\\\/#primaryimage\"},\"image\":{\"@id\":\"https:\\\/\\\/www.inverseteams.com\\\/en\\\/product\\\/open-back-cycling-vest-tempus\\\/#primaryimage\"},\"thumbnailUrl\":\"https:\\\/\\\/www.inverseteams.com\\\/wp-content\\\/uploads\\\/CHALECO-CICLISMO-IMPERMEABLE-PERSONALIZADO-TEMPUS-1.jpg\",\"datePublished\":\"2021-05-10T09:17:24+00:00\",\"dateModified\":\"2024-12-13T09:33:26+00:00\",\"description\":\"This ultra-light vest can be easily stored in the jersey pocket when you do not need it. The front is made of a triple membrane waterproof fabric. The outer layer acts as a barrier to prevent water from penetrate. The inner layer helps to evacuate sweat and keep the skin dry. The back is grid to avoid overheating. This way you can perform to the fullest. It has 2 openings in the lumbar area to easily access the pockets of the jersey. The waist and armholes are finished with an elastic trim that will keep the vest tightly clinging to the body and prevent air from entering. At the waist has another elastic trim that will fit the jersey to your body. This incorporates 360\u00ba reflective lines that will increase your safety as they will reflect the light of the vehicles.\",\"breadcrumb\":{\"@id\":\"https:\\\/\\\/www.inverseteams.com\\\/en\\\/product\\\/open-back-cycling-vest-tempus\\\/#breadcrumb\"},\"inLanguage\":\"en-US\",\"potentialAction\":[{\"@type\":\"ReadAction\",\"target\":[\"https:\\\/\\\/www.inverseteams.com\\\/en\\\/product\\\/open-back-cycling-vest-tempus\\\/\"]}]},{\"@type\":\"ImageObject\",\"inLanguage\":\"en-US\",\"@id\":\"https:\\\/\\\/www.inverseteams.com\\\/en\\\/product\\\/open-back-cycling-vest-tempus\\\/#primaryimage\",\"url\":\"https:\\\/\\\/www.inverseteams.com\\\/wp-content\\\/uploads\\\/CHALECO-CICLISMO-IMPERMEABLE-PERSONALIZADO-TEMPUS-1.jpg\",\"contentUrl\":\"https:\\\/\\\/www.inverseteams.com\\\/wp-content\\\/uploads\\\/CHALECO-CICLISMO-IMPERMEABLE-PERSONALIZADO-TEMPUS-1.jpg\",\"width\":1500,\"height\":1612,\"caption\":\"veste imperm\u00e9able v\u00e9lo personnalis\u00e9\"},{\"@type\":\"BreadcrumbList\",\"@id\":\"https:\\\/\\\/www.inverseteams.com\\\/en\\\/product\\\/open-back-cycling-vest-tempus\\\/#breadcrumb\",\"itemListElement\":[{\"@type\":\"ListItem\",\"position\":1,\"name\":\"Portada\",\"item\":\"https:\\\/\\\/www.inverseteams.com\\\/en\\\/pagina-principal\\\/\"},{\"@type\":\"ListItem\",\"position\":2,\"name\":\"Cart\",\"item\":\"https:\\\/\\\/www.inverseteams.com\\\/en\\\/cart-2\\\/\"},{\"@type\":\"ListItem\",\"position\":3,\"name\":\"Open back cycling vest TEMPUS\"}]},{\"@type\":\"WebSite\",\"@id\":\"https:\\\/\\\/www.inverseteams.com\\\/en\\\/#website\",\"url\":\"https:\\\/\\\/www.inverseteams.com\\\/en\\\/\",\"name\":\"Inverseteams\",\"description\":\"Tu marca de ropa deportiva personalizada\",\"publisher\":{\"@id\":\"https:\\\/\\\/www.inverseteams.com\\\/en\\\/#organization\"},\"potentialAction\":[{\"@type\":\"SearchAction\",\"target\":{\"@type\":\"EntryPoint\",\"urlTemplate\":\"https:\\\/\\\/www.inverseteams.com\\\/en\\\/?s={search_term_string}\"},\"query-input\":{\"@type\":\"PropertyValueSpecification\",\"valueRequired\":true,\"valueName\":\"search_term_string\"}}],\"inLanguage\":\"en-US\"},{\"@type\":\"Organization\",\"@id\":\"https:\\\/\\\/www.inverseteams.com\\\/en\\\/#organization\",\"name\":\"Inverse Teams\",\"url\":\"https:\\\/\\\/www.inverseteams.com\\\/en\\\/\",\"logo\":{\"@type\":\"ImageObject\",\"inLanguage\":\"en-US\",\"@id\":\"https:\\\/\\\/www.inverseteams.com\\\/en\\\/#\\\/schema\\\/logo\\\/image\\\/\",\"url\":\"http:\\\/\\\/www.inverseteams.com\\\/wp-content\\\/uploads\\\/2021\\\/03\\\/logo-inverse-teams.png\",\"contentUrl\":\"http:\\\/\\\/www.inverseteams.com\\\/wp-content\\\/uploads\\\/2021\\\/03\\\/logo-inverse-teams.png\",\"width\":294,\"height\":99,\"caption\":\"Inverse Teams\"},\"image\":{\"@id\":\"https:\\\/\\\/www.inverseteams.com\\\/en\\\/#\\\/schema\\\/logo\\\/image\\\/\"},\"sameAs\":[\"https:\\\/\\\/www.facebook.com\\\/inverseteams\",\"http:\\\/\\\/instagram.com\\\/inverseteams\",\"https:\\\/\\\/www.linkedin.com\\\/company\\\/inverse-cirosport-s-l-?trk=job_view_topcard_company_name\",\"http:\\\/\\\/www.pinterest.com\\\/inverseteams\\\/\",\"http:\\\/\\\/www.youtube.com\\\/user\\\/inverseteams?feature=watch\"]}]}<\/script>\n<!-- \/ Yoast SEO plugin. -->","yoast_head_json":{"title":"Open back cycling vest TEMPUS","description":"This ultra-light vest can be easily stored in the jersey pocket when you do not need it. The front is made of a triple membrane waterproof fabric. The outer layer acts as a barrier to prevent water from penetrate. The inner layer helps to evacuate sweat and keep the skin dry. The back is grid to avoid overheating. This way you can perform to the fullest. It has 2 openings in the lumbar area to easily access the pockets of the jersey. The waist and armholes are finished with an elastic trim that will keep the vest tightly clinging to the body and prevent air from entering. At the waist has another elastic trim that will fit the jersey to your body. This incorporates 360\u00ba reflective lines that will increase your safety as they will reflect the light of the vehicles.","robots":{"index":"index","follow":"follow","max-snippet":"max-snippet:-1","max-image-preview":"max-image-preview:large","max-video-preview":"max-video-preview:-1"},"canonical":"https:\/\/www.inverseteams.com\/en\/product\/open-back-cycling-vest-tempus\/","og_locale":"en_US","og_type":"article","og_title":"Open back cycling vest TEMPUS","og_description":"This ultra-light vest can be easily stored in the jersey pocket when you do not need it. The front is made of a triple membrane waterproof fabric. The outer layer acts as a barrier to prevent water from penetrate. The inner layer helps to evacuate sweat and keep the skin dry. The back is grid to avoid overheating. This way you can perform to the fullest. It has 2 openings in the lumbar area to easily access the pockets of the jersey. The waist and armholes are finished with an elastic trim that will keep the vest tightly clinging to the body and prevent air from entering. At the waist has another elastic trim that will fit the jersey to your body. This incorporates 360\u00ba reflective lines that will increase your safety as they will reflect the light of the vehicles.","og_url":"https:\/\/www.inverseteams.com\/en\/product\/open-back-cycling-vest-tempus\/","og_site_name":"Inverseteams","article_publisher":"https:\/\/www.facebook.com\/inverseteams","article_modified_time":"2024-12-13T09:33:26+00:00","og_image":[{"width":1500,"height":1612,"url":"https:\/\/www.inverseteams.com\/wp-content\/uploads\/CHALECO-CICLISMO-IMPERMEABLE-PERSONALIZADO-TEMPUS-1.jpg","type":"image\/jpeg"}],"twitter_card":"summary_large_image","twitter_misc":{"Est. reading time":"1 minute"},"schema":{"@context":"https:\/\/schema.org","@graph":[{"@type":"WebPage","@id":"https:\/\/www.inverseteams.com\/en\/product\/open-back-cycling-vest-tempus\/","url":"https:\/\/www.inverseteams.com\/en\/product\/open-back-cycling-vest-tempus\/","name":"Open back cycling vest TEMPUS","isPartOf":{"@id":"https:\/\/www.inverseteams.com\/en\/#website"},"primaryImageOfPage":{"@id":"https:\/\/www.inverseteams.com\/en\/product\/open-back-cycling-vest-tempus\/#primaryimage"},"image":{"@id":"https:\/\/www.inverseteams.com\/en\/product\/open-back-cycling-vest-tempus\/#primaryimage"},"thumbnailUrl":"https:\/\/www.inverseteams.com\/wp-content\/uploads\/CHALECO-CICLISMO-IMPERMEABLE-PERSONALIZADO-TEMPUS-1.jpg","datePublished":"2021-05-10T09:17:24+00:00","dateModified":"2024-12-13T09:33:26+00:00","description":"This ultra-light vest can be easily stored in the jersey pocket when you do not need it. The front is made of a triple membrane waterproof fabric. The outer layer acts as a barrier to prevent water from penetrate. The inner layer helps to evacuate sweat and keep the skin dry. The back is grid to avoid overheating. This way you can perform to the fullest. It has 2 openings in the lumbar area to easily access the pockets of the jersey. The waist and armholes are finished with an elastic trim that will keep the vest tightly clinging to the body and prevent air from entering. At the waist has another elastic trim that will fit the jersey to your body. This incorporates 360\u00ba reflective lines that will increase your safety as they will reflect the light of the vehicles.","breadcrumb":{"@id":"https:\/\/www.inverseteams.com\/en\/product\/open-back-cycling-vest-tempus\/#breadcrumb"},"inLanguage":"en-US","potentialAction":[{"@type":"ReadAction","target":["https:\/\/www.inverseteams.com\/en\/product\/open-back-cycling-vest-tempus\/"]}]},{"@type":"ImageObject","inLanguage":"en-US","@id":"https:\/\/www.inverseteams.com\/en\/product\/open-back-cycling-vest-tempus\/#primaryimage","url":"https:\/\/www.inverseteams.com\/wp-content\/uploads\/CHALECO-CICLISMO-IMPERMEABLE-PERSONALIZADO-TEMPUS-1.jpg","contentUrl":"https:\/\/www.inverseteams.com\/wp-content\/uploads\/CHALECO-CICLISMO-IMPERMEABLE-PERSONALIZADO-TEMPUS-1.jpg","width":1500,"height":1612,"caption":"veste imperm\u00e9able v\u00e9lo personnalis\u00e9"},{"@type":"BreadcrumbList","@id":"https:\/\/www.inverseteams.com\/en\/product\/open-back-cycling-vest-tempus\/#breadcrumb","itemListElement":[{"@type":"ListItem","position":1,"name":"Portada","item":"https:\/\/www.inverseteams.com\/en\/pagina-principal\/"},{"@type":"ListItem","position":2,"name":"Cart","item":"https:\/\/www.inverseteams.com\/en\/cart-2\/"},{"@type":"ListItem","position":3,"name":"Open back cycling vest TEMPUS"}]},{"@type":"WebSite","@id":"https:\/\/www.inverseteams.com\/en\/#website","url":"https:\/\/www.inverseteams.com\/en\/","name":"Inverseteams","description":"Tu marca de ropa deportiva personalizada","publisher":{"@id":"https:\/\/www.inverseteams.com\/en\/#organization"},"potentialAction":[{"@type":"SearchAction","target":{"@type":"EntryPoint","urlTemplate":"https:\/\/www.inverseteams.com\/en\/?s={search_term_string}"},"query-input":{"@type":"PropertyValueSpecification","valueRequired":true,"valueName":"search_term_string"}}],"inLanguage":"en-US"},{"@type":"Organization","@id":"https:\/\/www.inverseteams.com\/en\/#organization","name":"Inverse Teams","url":"https:\/\/www.inverseteams.com\/en\/","logo":{"@type":"ImageObject","inLanguage":"en-US","@id":"https:\/\/www.inverseteams.com\/en\/#\/schema\/logo\/image\/","url":"https:\/\/www.inverseteams.com\/wp-content\/uploads\/2021\/03\/logo-inverse-teams.png","contentUrl":"https:\/\/www.inverseteams.com\/wp-content\/uploads\/2021\/03\/logo-inverse-teams.png","width":294,"height":99,"caption":"Inverse Teams"},"image":{"@id":"https:\/\/www.inverseteams.com\/en\/#\/schema\/logo\/image\/"},"sameAs":["https:\/\/www.facebook.com\/inverseteams","http:\/\/instagram.com\/inverseteams","https:\/\/www.linkedin.com\/company\/inverse-cirosport-s-l-?trk=job_view_topcard_company_name","http:\/\/www.pinterest.com\/inverseteams\/","http:\/\/www.youtube.com\/user\/inverseteams?feature=watch"]}]}},"_links":{"self":[{"href":"https:\/\/www.inverseteams.com\/en\/wp-json\/wp\/v2\/product\/17170","targetHints":{"allow":["GET"]}}],"collection":[{"href":"https:\/\/www.inverseteams.com\/en\/wp-json\/wp\/v2\/product"}],"about":[{"href":"https:\/\/www.inverseteams.com\/en\/wp-json\/wp\/v2\/types\/product"}],"replies":[{"embeddable":true,"href":"https:\/\/www.inverseteams.com\/en\/wp-json\/wp\/v2\/comments?post=17170"}],"wp:featuredmedia":[{"embeddable":true,"href":"https:\/\/www.inverseteams.com\/en\/wp-json\/wp\/v2\/media\/223793"}],"wp:attachment":[{"href":"https:\/\/www.inverseteams.com\/en\/wp-json\/wp\/v2\/media?parent=17170"}],"wp:term":[{"taxonomy":"product_brand","embeddable":true,"href":"https:\/\/www.inverseteams.com\/en\/wp-json\/wp\/v2\/product_brand?post=17170"},{"taxonomy":"product_cat","embeddable":true,"href":"https:\/\/www.inverseteams.com\/en\/wp-json\/wp\/v2\/product_cat?post=17170"},{"taxonomy":"product_tag","embeddable":true,"href":"https:\/\/www.inverseteams.com\/en\/wp-json\/wp\/v2\/product_tag?post=17170"},{"taxonomy":"custom_category","embeddable":true,"href":"https:\/\/www.inverseteams.com\/en\/wp-json\/wp\/v2\/custom_category?post=17170"},{"taxonomy":"range","embeddable":true,"href":"https:\/\/www.inverseteams.com\/en\/wp-json\/wp\/v2\/range?post=17170"}],"curies":[{"name":"wp","href":"https:\/\/api.w.org\/{rel}","templated":true}]}}