{"id":282823,"date":"2026-05-08T13:01:40","date_gmt":"2026-05-08T12:01:40","guid":{"rendered":"https:\/\/www.inverseteams.com\/?post_type=product&#038;p=282823"},"modified":"2026-05-13T11:07:57","modified_gmt":"2026-05-13T10:07:57","slug":"leichtathletik-top-fed-catalana-triatlo","status":"publish","type":"product","link":"https:\/\/www.inverseteams.com\/de\/produkt\/leichtathletik-top-fed-catalana-triatlo\/","title":{"rendered":"Leichtathletik Top FED CATALANA TRIATL\u00d3"},"content":{"rendered":"<p><strong>Speziell f\u00fcr dich auf Bestellung gefertigt. Umtausch und R\u00fcckgabe sind ausgeschlossen. Voraussichtliche Lieferung in 7 Tagen.<\/strong><\/p>\n<p>Das VELOCE Top ist dank des perforierten Materials am R\u00fccken hochelastisch und atmungsaktiv. Der elastische Bund und die elastischen Tr\u00e4ger sorgen f\u00fcr eine perfekte Passform und optimalen Halt. Es eignet sich ideal f\u00fcr Sport oder als Sport-BH unter einem T-Shirt.<\/p>\n","protected":false},"excerpt":{"rendered":"<p><strong>Speziell f\u00fcr dich auf Bestellung gefertigt. Umtausch und R\u00fcckgabe sind ausgeschlossen. Voraussichtliche Lieferung in 7 Tagen.<\/strong><\/p>\n<p>Das VELOCE Top ist dank des perforierten Materials am R\u00fccken hochelastisch und atmungsaktiv. Der elastische Bund und die elastischen Tr\u00e4ger sorgen f\u00fcr eine perfekte Passform und optimalen Halt. Es eignet sich ideal f\u00fcr Sport oder als Sport-BH unter einem T-Shirt.<\/p>\n","protected":false},"featured_media":281896,"comment_status":"closed","ping_status":"closed","template":"","meta":{"_acf_changed":false},"product_brand":[],"product_cat":[24430],"product_tag":[],"custom_category":[],"range":[],"class_list":{"0":"post-282823","1":"product","2":"type-product","3":"status-publish","4":"has-post-thumbnail","6":"product_cat-katalanischen-triathlon-foederation","7":"pa_climatologia-calor-de","8":"pa_deporte-atletismo-de","9":"pa_genero-mujer-de","10":"pa_patronaje-fit-de","11":"pa_talla-l-de","12":"pa_talla-xl-de","13":"pa_talla-xxl-de","14":"pa_talla-xs-de","15":"pa_talla-3xl-de","16":"pa_talla-s-de","17":"pa_talla-m-de","18":"pa_tipo-de-prenda-top-de","20":"first","21":"instock","22":"taxable","23":"shipping-taxable","24":"purchasable","25":"product-type-variable"},"acf":[],"yoast_head":"<!-- This site is optimized with the Yoast SEO plugin v27.5 - https:\/\/yoast.com\/product\/yoast-seo-wordpress\/ -->\n<title>Leichtathletik Top FED CATALANA TRIATL\u00d3<\/title>\n<meta name=\"description\" content=\"Speziell f\u00fcr dich auf Bestellung gefertigt. Umtausch und R\u00fcckgabe sind ausgeschlossen. Voraussichtliche Lieferung in 7 Tagen.  Das VELOCE Top ist dank des perforierten Materials am R\u00fccken hochelastisch und atmungsaktiv. Der elastische Bund und die elastischen Tr\u00e4ger sorgen f\u00fcr eine perfekte Passform und optimalen Halt. Es eignet sich ideal f\u00fcr Sport oder als Sport-BH unter einem T-Shirt.\" \/>\n<meta name=\"robots\" content=\"index, follow, max-snippet:-1, max-image-preview:large, max-video-preview:-1\" \/>\n<link rel=\"canonical\" href=\"https:\/\/www.inverseteams.com\/de\/produkt\/leichtathletik-top-fed-catalana-triatlo\/\" \/>\n<meta property=\"og:locale\" content=\"de_DE\" \/>\n<meta property=\"og:type\" content=\"article\" \/>\n<meta property=\"og:title\" content=\"Leichtathletik Top FED CATALANA TRIATL\u00d3\" \/>\n<meta property=\"og:description\" content=\"Speziell f\u00fcr dich auf Bestellung gefertigt. Umtausch und R\u00fcckgabe sind ausgeschlossen. Voraussichtliche Lieferung in 7 Tagen.  Das VELOCE Top ist dank des perforierten Materials am R\u00fccken hochelastisch und atmungsaktiv. Der elastische Bund und die elastischen Tr\u00e4ger sorgen f\u00fcr eine perfekte Passform und optimalen Halt. Es eignet sich ideal f\u00fcr Sport oder als Sport-BH unter einem T-Shirt.\" \/>\n<meta property=\"og:url\" content=\"https:\/\/www.inverseteams.com\/de\/produkt\/leichtathletik-top-fed-catalana-triatlo\/\" \/>\n<meta property=\"og:site_name\" content=\"Inverseteams\" \/>\n<meta property=\"article:publisher\" content=\"https:\/\/www.facebook.com\/inverseteams\" \/>\n<meta property=\"article:modified_time\" content=\"2026-05-13T10:07:57+00:00\" \/>\n<meta property=\"og:image\" content=\"https:\/\/www.inverseteams.com\/wp-content\/uploads\/INVERSE-FEDERACION-CATALANA-TRIATLON-TOP-VELOCE-MUJER-001.jpg\" \/>\n\t<meta property=\"og:image:width\" content=\"1500\" \/>\n\t<meta property=\"og:image:height\" content=\"1612\" \/>\n\t<meta property=\"og:image:type\" content=\"image\/jpeg\" \/>\n<meta name=\"twitter:card\" content=\"summary_large_image\" \/>\n<meta name=\"twitter:label1\" content=\"Gesch\u00e4tzte Lesezeit\" \/>\n\t<meta name=\"twitter:data1\" content=\"1\u00a0Minute\" \/>\n<script type=\"application\/ld+json\" class=\"yoast-schema-graph\">{\"@context\":\"https:\\\/\\\/schema.org\",\"@graph\":[{\"@type\":\"WebPage\",\"@id\":\"https:\\\/\\\/www.inverseteams.com\\\/de\\\/produkt\\\/leichtathletik-top-fed-catalana-triatlo\\\/\",\"url\":\"https:\\\/\\\/www.inverseteams.com\\\/de\\\/produkt\\\/leichtathletik-top-fed-catalana-triatlo\\\/\",\"name\":\"Leichtathletik Top FED CATALANA TRIATL\u00d3\",\"isPartOf\":{\"@id\":\"https:\\\/\\\/www.inverseteams.com\\\/de\\\/#website\"},\"primaryImageOfPage\":{\"@id\":\"https:\\\/\\\/www.inverseteams.com\\\/de\\\/produkt\\\/leichtathletik-top-fed-catalana-triatlo\\\/#primaryimage\"},\"image\":{\"@id\":\"https:\\\/\\\/www.inverseteams.com\\\/de\\\/produkt\\\/leichtathletik-top-fed-catalana-triatlo\\\/#primaryimage\"},\"thumbnailUrl\":\"https:\\\/\\\/www.inverseteams.com\\\/wp-content\\\/uploads\\\/INVERSE-FEDERACION-CATALANA-TRIATLON-TOP-VELOCE-MUJER-001.jpg\",\"datePublished\":\"2026-05-08T12:01:40+00:00\",\"dateModified\":\"2026-05-13T10:07:57+00:00\",\"description\":\"Speziell f\u00fcr dich auf Bestellung gefertigt. Umtausch und R\u00fcckgabe sind ausgeschlossen. Voraussichtliche Lieferung in 7 Tagen. Das VELOCE Top ist dank des perforierten Materials am R\u00fccken hochelastisch und atmungsaktiv. Der elastische Bund und die elastischen Tr\u00e4ger sorgen f\u00fcr eine perfekte Passform und optimalen Halt. Es eignet sich ideal f\u00fcr Sport oder als Sport-BH unter einem T-Shirt.\",\"breadcrumb\":{\"@id\":\"https:\\\/\\\/www.inverseteams.com\\\/de\\\/produkt\\\/leichtathletik-top-fed-catalana-triatlo\\\/#breadcrumb\"},\"inLanguage\":\"de\",\"potentialAction\":[{\"@type\":\"ReadAction\",\"target\":[\"https:\\\/\\\/www.inverseteams.com\\\/de\\\/produkt\\\/leichtathletik-top-fed-catalana-triatlo\\\/\"]}]},{\"@type\":\"ImageObject\",\"inLanguage\":\"de\",\"@id\":\"https:\\\/\\\/www.inverseteams.com\\\/de\\\/produkt\\\/leichtathletik-top-fed-catalana-triatlo\\\/#primaryimage\",\"url\":\"https:\\\/\\\/www.inverseteams.com\\\/wp-content\\\/uploads\\\/INVERSE-FEDERACION-CATALANA-TRIATLON-TOP-VELOCE-MUJER-001.jpg\",\"contentUrl\":\"https:\\\/\\\/www.inverseteams.com\\\/wp-content\\\/uploads\\\/INVERSE-FEDERACION-CATALANA-TRIATLON-TOP-VELOCE-MUJER-001.jpg\",\"width\":1500,\"height\":1612},{\"@type\":\"BreadcrumbList\",\"@id\":\"https:\\\/\\\/www.inverseteams.com\\\/de\\\/produkt\\\/leichtathletik-top-fed-catalana-triatlo\\\/#breadcrumb\",\"itemListElement\":[{\"@type\":\"ListItem\",\"position\":1,\"name\":\"Portada\",\"item\":\"https:\\\/\\\/www.inverseteams.com\\\/de\\\/\"},{\"@type\":\"ListItem\",\"position\":2,\"name\":\"Speichern\",\"item\":\"https:\\\/\\\/www.inverseteams.com\\\/de\\\/speichern\\\/\"},{\"@type\":\"ListItem\",\"position\":3,\"name\":\"Leichtathletik Top FED CATALANA TRIATL\u00d3\"}]},{\"@type\":\"WebSite\",\"@id\":\"https:\\\/\\\/www.inverseteams.com\\\/de\\\/#website\",\"url\":\"https:\\\/\\\/www.inverseteams.com\\\/de\\\/\",\"name\":\"Inverseteams\",\"description\":\"Tu marca de ropa deportiva personalizada\",\"publisher\":{\"@id\":\"https:\\\/\\\/www.inverseteams.com\\\/de\\\/#organization\"},\"potentialAction\":[{\"@type\":\"SearchAction\",\"target\":{\"@type\":\"EntryPoint\",\"urlTemplate\":\"https:\\\/\\\/www.inverseteams.com\\\/de\\\/?s={search_term_string}\"},\"query-input\":{\"@type\":\"PropertyValueSpecification\",\"valueRequired\":true,\"valueName\":\"search_term_string\"}}],\"inLanguage\":\"de\"},{\"@type\":\"Organization\",\"@id\":\"https:\\\/\\\/www.inverseteams.com\\\/de\\\/#organization\",\"name\":\"Inverse Teams\",\"url\":\"https:\\\/\\\/www.inverseteams.com\\\/de\\\/\",\"logo\":{\"@type\":\"ImageObject\",\"inLanguage\":\"de\",\"@id\":\"https:\\\/\\\/www.inverseteams.com\\\/de\\\/#\\\/schema\\\/logo\\\/image\\\/\",\"url\":\"https:\\\/\\\/www.inverseteams.com\\\/wp-content\\\/uploads\\\/2021\\\/03\\\/logo-inverse-teams.png\",\"contentUrl\":\"https:\\\/\\\/www.inverseteams.com\\\/wp-content\\\/uploads\\\/2021\\\/03\\\/logo-inverse-teams.png\",\"width\":294,\"height\":99,\"caption\":\"Inverse Teams\"},\"image\":{\"@id\":\"https:\\\/\\\/www.inverseteams.com\\\/de\\\/#\\\/schema\\\/logo\\\/image\\\/\"},\"sameAs\":[\"https:\\\/\\\/www.facebook.com\\\/inverseteams\",\"http:\\\/\\\/instagram.com\\\/inverseteams\",\"https:\\\/\\\/www.linkedin.com\\\/company\\\/inverse-cirosport-s-l-?trk=job_view_topcard_company_name\",\"http:\\\/\\\/www.pinterest.com\\\/inverseteams\\\/\",\"http:\\\/\\\/www.youtube.com\\\/user\\\/inverseteams?feature=watch\"]}]}<\/script>\n<!-- \/ Yoast SEO plugin. -->","yoast_head_json":{"title":"Leichtathletik Top FED CATALANA TRIATL\u00d3","description":"Speziell f\u00fcr dich auf Bestellung gefertigt. Umtausch und R\u00fcckgabe sind ausgeschlossen. Voraussichtliche Lieferung in 7 Tagen.  Das VELOCE Top ist dank des perforierten Materials am R\u00fccken hochelastisch und atmungsaktiv. Der elastische Bund und die elastischen Tr\u00e4ger sorgen f\u00fcr eine perfekte Passform und optimalen Halt. Es eignet sich ideal f\u00fcr Sport oder als Sport-BH unter einem T-Shirt.","robots":{"index":"index","follow":"follow","max-snippet":"max-snippet:-1","max-image-preview":"max-image-preview:large","max-video-preview":"max-video-preview:-1"},"canonical":"https:\/\/www.inverseteams.com\/de\/produkt\/leichtathletik-top-fed-catalana-triatlo\/","og_locale":"de_DE","og_type":"article","og_title":"Leichtathletik Top FED CATALANA TRIATL\u00d3","og_description":"Speziell f\u00fcr dich auf Bestellung gefertigt. Umtausch und R\u00fcckgabe sind ausgeschlossen. Voraussichtliche Lieferung in 7 Tagen.  Das VELOCE Top ist dank des perforierten Materials am R\u00fccken hochelastisch und atmungsaktiv. Der elastische Bund und die elastischen Tr\u00e4ger sorgen f\u00fcr eine perfekte Passform und optimalen Halt. Es eignet sich ideal f\u00fcr Sport oder als Sport-BH unter einem T-Shirt.","og_url":"https:\/\/www.inverseteams.com\/de\/produkt\/leichtathletik-top-fed-catalana-triatlo\/","og_site_name":"Inverseteams","article_publisher":"https:\/\/www.facebook.com\/inverseteams","article_modified_time":"2026-05-13T10:07:57+00:00","og_image":[{"width":1500,"height":1612,"url":"https:\/\/www.inverseteams.com\/wp-content\/uploads\/INVERSE-FEDERACION-CATALANA-TRIATLON-TOP-VELOCE-MUJER-001.jpg","type":"image\/jpeg"}],"twitter_card":"summary_large_image","twitter_misc":{"Gesch\u00e4tzte Lesezeit":"1\u00a0Minute"},"schema":{"@context":"https:\/\/schema.org","@graph":[{"@type":"WebPage","@id":"https:\/\/www.inverseteams.com\/de\/produkt\/leichtathletik-top-fed-catalana-triatlo\/","url":"https:\/\/www.inverseteams.com\/de\/produkt\/leichtathletik-top-fed-catalana-triatlo\/","name":"Leichtathletik Top FED CATALANA TRIATL\u00d3","isPartOf":{"@id":"https:\/\/www.inverseteams.com\/de\/#website"},"primaryImageOfPage":{"@id":"https:\/\/www.inverseteams.com\/de\/produkt\/leichtathletik-top-fed-catalana-triatlo\/#primaryimage"},"image":{"@id":"https:\/\/www.inverseteams.com\/de\/produkt\/leichtathletik-top-fed-catalana-triatlo\/#primaryimage"},"thumbnailUrl":"https:\/\/www.inverseteams.com\/wp-content\/uploads\/INVERSE-FEDERACION-CATALANA-TRIATLON-TOP-VELOCE-MUJER-001.jpg","datePublished":"2026-05-08T12:01:40+00:00","dateModified":"2026-05-13T10:07:57+00:00","description":"Speziell f\u00fcr dich auf Bestellung gefertigt. Umtausch und R\u00fcckgabe sind ausgeschlossen. Voraussichtliche Lieferung in 7 Tagen. Das VELOCE Top ist dank des perforierten Materials am R\u00fccken hochelastisch und atmungsaktiv. Der elastische Bund und die elastischen Tr\u00e4ger sorgen f\u00fcr eine perfekte Passform und optimalen Halt. Es eignet sich ideal f\u00fcr Sport oder als Sport-BH unter einem T-Shirt.","breadcrumb":{"@id":"https:\/\/www.inverseteams.com\/de\/produkt\/leichtathletik-top-fed-catalana-triatlo\/#breadcrumb"},"inLanguage":"de","potentialAction":[{"@type":"ReadAction","target":["https:\/\/www.inverseteams.com\/de\/produkt\/leichtathletik-top-fed-catalana-triatlo\/"]}]},{"@type":"ImageObject","inLanguage":"de","@id":"https:\/\/www.inverseteams.com\/de\/produkt\/leichtathletik-top-fed-catalana-triatlo\/#primaryimage","url":"https:\/\/www.inverseteams.com\/wp-content\/uploads\/INVERSE-FEDERACION-CATALANA-TRIATLON-TOP-VELOCE-MUJER-001.jpg","contentUrl":"https:\/\/www.inverseteams.com\/wp-content\/uploads\/INVERSE-FEDERACION-CATALANA-TRIATLON-TOP-VELOCE-MUJER-001.jpg","width":1500,"height":1612},{"@type":"BreadcrumbList","@id":"https:\/\/www.inverseteams.com\/de\/produkt\/leichtathletik-top-fed-catalana-triatlo\/#breadcrumb","itemListElement":[{"@type":"ListItem","position":1,"name":"Portada","item":"https:\/\/www.inverseteams.com\/de\/"},{"@type":"ListItem","position":2,"name":"Speichern","item":"https:\/\/www.inverseteams.com\/de\/speichern\/"},{"@type":"ListItem","position":3,"name":"Leichtathletik Top FED CATALANA TRIATL\u00d3"}]},{"@type":"WebSite","@id":"https:\/\/www.inverseteams.com\/de\/#website","url":"https:\/\/www.inverseteams.com\/de\/","name":"Inverseteams","description":"Tu marca de ropa deportiva personalizada","publisher":{"@id":"https:\/\/www.inverseteams.com\/de\/#organization"},"potentialAction":[{"@type":"SearchAction","target":{"@type":"EntryPoint","urlTemplate":"https:\/\/www.inverseteams.com\/de\/?s={search_term_string}"},"query-input":{"@type":"PropertyValueSpecification","valueRequired":true,"valueName":"search_term_string"}}],"inLanguage":"de"},{"@type":"Organization","@id":"https:\/\/www.inverseteams.com\/de\/#organization","name":"Inverse Teams","url":"https:\/\/www.inverseteams.com\/de\/","logo":{"@type":"ImageObject","inLanguage":"de","@id":"https:\/\/www.inverseteams.com\/de\/#\/schema\/logo\/image\/","url":"https:\/\/www.inverseteams.com\/wp-content\/uploads\/2021\/03\/logo-inverse-teams.png","contentUrl":"https:\/\/www.inverseteams.com\/wp-content\/uploads\/2021\/03\/logo-inverse-teams.png","width":294,"height":99,"caption":"Inverse Teams"},"image":{"@id":"https:\/\/www.inverseteams.com\/de\/#\/schema\/logo\/image\/"},"sameAs":["https:\/\/www.facebook.com\/inverseteams","http:\/\/instagram.com\/inverseteams","https:\/\/www.linkedin.com\/company\/inverse-cirosport-s-l-?trk=job_view_topcard_company_name","http:\/\/www.pinterest.com\/inverseteams\/","http:\/\/www.youtube.com\/user\/inverseteams?feature=watch"]}]}},"_links":{"self":[{"href":"https:\/\/www.inverseteams.com\/de\/wp-json\/wp\/v2\/product\/282823","targetHints":{"allow":["GET"]}}],"collection":[{"href":"https:\/\/www.inverseteams.com\/de\/wp-json\/wp\/v2\/product"}],"about":[{"href":"https:\/\/www.inverseteams.com\/de\/wp-json\/wp\/v2\/types\/product"}],"replies":[{"embeddable":true,"href":"https:\/\/www.inverseteams.com\/de\/wp-json\/wp\/v2\/comments?post=282823"}],"wp:featuredmedia":[{"embeddable":true,"href":"https:\/\/www.inverseteams.com\/de\/wp-json\/wp\/v2\/media\/281896"}],"wp:attachment":[{"href":"https:\/\/www.inverseteams.com\/de\/wp-json\/wp\/v2\/media?parent=282823"}],"wp:term":[{"taxonomy":"product_brand","embeddable":true,"href":"https:\/\/www.inverseteams.com\/de\/wp-json\/wp\/v2\/product_brand?post=282823"},{"taxonomy":"product_cat","embeddable":true,"href":"https:\/\/www.inverseteams.com\/de\/wp-json\/wp\/v2\/product_cat?post=282823"},{"taxonomy":"product_tag","embeddable":true,"href":"https:\/\/www.inverseteams.com\/de\/wp-json\/wp\/v2\/product_tag?post=282823"},{"taxonomy":"custom_category","embeddable":true,"href":"https:\/\/www.inverseteams.com\/de\/wp-json\/wp\/v2\/custom_category?post=282823"},{"taxonomy":"range","embeddable":true,"href":"https:\/\/www.inverseteams.com\/de\/wp-json\/wp\/v2\/range?post=282823"}],"curies":[{"name":"wp","href":"https:\/\/api.w.org\/{rel}","templated":true}]}}