{"id":282168,"date":"2026-05-05T17:11:59","date_gmt":"2026-05-05T16:11:59","guid":{"rendered":"https:\/\/www.inverseteams.com\/?post_type=product&#038;p=282168"},"modified":"2026-05-13T11:08:05","modified_gmt":"2026-05-13T10:08:05","slug":"kurzarm-radtrikot-fed-catalana-triatlo","status":"publish","type":"product","link":"https:\/\/www.inverseteams.com\/de\/produkt\/kurzarm-radtrikot-fed-catalana-triatlo\/","title":{"rendered":"Kurzarm Radtrikot FED CATALANA TRIATL\u00d3"},"content":{"rendered":"<p><strong>Speziell f\u00fcr dich auf Bestellung gefertigt. Umtausch und R\u00fcckgabe sind ausgeschlossen. Voraussichtliche Lieferung in 7 Tagen.<\/strong><\/p>\n<p>Leichtes technisches Trikot, das sich perfekt an den K\u00f6rper anpasst und Ihnen dank der Dual Comfort System-Behandlung des Stoffes das Radfahren an sonnigen Tagen erm\u00f6glicht, indem es die K\u00f6rpertemperatur reguliert. Dadurch wird eine \u00dcberhitzung der Haut vermieden und Sie k\u00f6nnen H\u00f6chstleistungen erbringen. Gleichzeitig kombiniert es verschiedene Technologien, sodass es immer in der idealen Position bleibt. Am Ende der \u00c4rmel befindet sich ein mikroperforiertes Gummiband mit hypoallergenem Silikongriff, damit sie immer fest am Arm bleiben. An der Taille befindet sich ein Besatz, der das Trikot an Ihren K\u00f6rper anpasst. Dazu geh\u00f6ren 360\u00b0 reflektierende Linien, die Ihre Sicherheit erh\u00f6hen, da sie das Licht der Fahrzeuge reflektieren. Im Lendenbereich sind 3 Taschen mit dem neuen Sicherheitssystem ISP \u2013 Inverse Safe Pocket \u2013 integriert, in denen Sie jeden Gegenstand aufbewahren k\u00f6nnen, ohne bef\u00fcrchten zu m\u00fcssen, ihn zu verlieren. Genie\u00dfen Sie das Radfahren ohne Sorgen. Die anatomische Form des Halses erm\u00f6glicht eine st\u00f6rungsfreie Anpassung an die Fahrposition und verhindert das Eindringen von Luft. Dar\u00fcber hinaus sorgt die Struktur seiner Stoffe f\u00fcr eine gute Windstr\u00f6mung, um die Aerodynamik zu erh\u00f6hen und alle Ihre Anstrengungen zu optimieren.<\/p>\n","protected":false},"excerpt":{"rendered":"<p><strong>Speziell f\u00fcr dich auf Bestellung gefertigt. Umtausch und R\u00fcckgabe sind ausgeschlossen. Voraussichtliche Lieferung in 7 Tagen.<\/strong><\/p>\n<p>Leichtes technisches Trikot, das sich perfekt an den K\u00f6rper anpasst und Ihnen dank der Dual Comfort System-Behandlung des Stoffes das Radfahren an sonnigen Tagen erm\u00f6glicht, indem es die K\u00f6rpertemperatur reguliert. Dadurch wird eine \u00dcberhitzung der Haut vermieden und Sie k\u00f6nnen H\u00f6chstleistungen erbringen. Gleichzeitig kombiniert es verschiedene Technologien, sodass es immer in der idealen Position bleibt. Am Ende der \u00c4rmel befindet sich ein mikroperforiertes Gummiband mit hypoallergenem Silikongriff, damit sie immer fest am Arm bleiben. An der Taille befindet sich ein Besatz, der das Trikot an Ihren K\u00f6rper anpasst. Dazu geh\u00f6ren 360\u00b0 reflektierende Linien, die Ihre Sicherheit erh\u00f6hen, da sie das Licht der Fahrzeuge reflektieren. Im Lendenbereich sind 3 Taschen mit dem neuen Sicherheitssystem ISP \u2013 Inverse Safe Pocket \u2013 integriert, in denen Sie jeden Gegenstand aufbewahren k\u00f6nnen, ohne bef\u00fcrchten zu m\u00fcssen, ihn zu verlieren. Genie\u00dfen Sie das Radfahren ohne Sorgen. Die anatomische Form des Halses erm\u00f6glicht eine st\u00f6rungsfreie Anpassung an die Fahrposition und verhindert das Eindringen von Luft. Dar\u00fcber hinaus sorgt die Struktur seiner Stoffe f\u00fcr eine gute Windstr\u00f6mung, um die Aerodynamik zu erh\u00f6hen und alle Ihre Anstrengungen zu optimieren.<\/p>\n","protected":false},"featured_media":281826,"comment_status":"closed","ping_status":"closed","template":"","meta":{"_acf_changed":false},"product_brand":[],"product_cat":[24430],"product_tag":[],"custom_category":[],"range":[],"class_list":{"0":"post-282168","1":"product","2":"type-product","3":"status-publish","4":"has-post-thumbnail","6":"product_cat-katalanischen-triathlon-foederation","7":"pa_climatologia-calor-de","8":"pa_deporte-ciclismo-de","9":"pa_genero-mujer-de","10":"pa_genero-hombre-de","11":"pa_patronaje-regular-de","12":"pa_talla-xs-de","13":"pa_talla-3xl-de","14":"pa_talla-s-de","15":"pa_talla-4xl-de","16":"pa_talla-m-de","17":"pa_talla-l-de","18":"pa_talla-xl-de","19":"pa_talla-xxl-de","20":"pa_tipo-de-prenda-maillot-manga-corta-de","22":"first","23":"instock","24":"taxable","25":"shipping-taxable","26":"purchasable","27":"product-type-variable"},"acf":[],"yoast_head":"<!-- This site is optimized with the Yoast SEO plugin v27.5 - https:\/\/yoast.com\/product\/yoast-seo-wordpress\/ -->\n<title>Kurzarm Radtrikot FED CATALANA TRIATL\u00d3<\/title>\n<meta name=\"description\" content=\"Kurzarm Radtrikot FED CATALANA TRIATL\u00d3\" \/>\n<meta name=\"robots\" content=\"index, follow, max-snippet:-1, max-image-preview:large, max-video-preview:-1\" \/>\n<link rel=\"canonical\" href=\"https:\/\/www.inverseteams.com\/de\/produkt\/kurzarm-radtrikot-fed-catalana-triatlo\/\" \/>\n<meta property=\"og:locale\" content=\"de_DE\" \/>\n<meta property=\"og:type\" content=\"article\" \/>\n<meta property=\"og:title\" content=\"Kurzarm Radtrikot FED CATALANA TRIATL\u00d3\" \/>\n<meta property=\"og:description\" content=\"Kurzarm Radtrikot FED CATALANA TRIATL\u00d3\" \/>\n<meta property=\"og:url\" content=\"https:\/\/www.inverseteams.com\/de\/produkt\/kurzarm-radtrikot-fed-catalana-triatlo\/\" \/>\n<meta property=\"og:site_name\" content=\"Inverseteams\" \/>\n<meta property=\"article:publisher\" content=\"https:\/\/www.facebook.com\/inverseteams\" \/>\n<meta property=\"article:modified_time\" content=\"2026-05-13T10:08:05+00:00\" \/>\n<meta property=\"og:image\" content=\"https:\/\/www.inverseteams.com\/wp-content\/uploads\/INVERSE-FEDERACION-CATALANA-TRIATLON-MAILLOT-001.jpg\" \/>\n\t<meta property=\"og:image:width\" content=\"1500\" \/>\n\t<meta property=\"og:image:height\" content=\"1612\" \/>\n\t<meta property=\"og:image:type\" content=\"image\/jpeg\" \/>\n<meta name=\"twitter:card\" content=\"summary_large_image\" \/>\n<meta name=\"twitter:label1\" content=\"Gesch\u00e4tzte Lesezeit\" \/>\n\t<meta name=\"twitter:data1\" content=\"2\u00a0Minute\" \/>\n<script type=\"application\/ld+json\" class=\"yoast-schema-graph\">{\"@context\":\"https:\\\/\\\/schema.org\",\"@graph\":[{\"@type\":\"WebPage\",\"@id\":\"https:\\\/\\\/www.inverseteams.com\\\/de\\\/produkt\\\/kurzarm-radtrikot-fed-catalana-triatlo\\\/\",\"url\":\"https:\\\/\\\/www.inverseteams.com\\\/de\\\/produkt\\\/kurzarm-radtrikot-fed-catalana-triatlo\\\/\",\"name\":\"Kurzarm Radtrikot FED CATALANA TRIATL\u00d3\",\"isPartOf\":{\"@id\":\"https:\\\/\\\/www.inverseteams.com\\\/de\\\/#website\"},\"primaryImageOfPage\":{\"@id\":\"https:\\\/\\\/www.inverseteams.com\\\/de\\\/produkt\\\/kurzarm-radtrikot-fed-catalana-triatlo\\\/#primaryimage\"},\"image\":{\"@id\":\"https:\\\/\\\/www.inverseteams.com\\\/de\\\/produkt\\\/kurzarm-radtrikot-fed-catalana-triatlo\\\/#primaryimage\"},\"thumbnailUrl\":\"https:\\\/\\\/www.inverseteams.com\\\/wp-content\\\/uploads\\\/INVERSE-FEDERACION-CATALANA-TRIATLON-MAILLOT-001.jpg\",\"datePublished\":\"2026-05-05T16:11:59+00:00\",\"dateModified\":\"2026-05-13T10:08:05+00:00\",\"description\":\"Kurzarm Radtrikot FED CATALANA TRIATL\u00d3\",\"breadcrumb\":{\"@id\":\"https:\\\/\\\/www.inverseteams.com\\\/de\\\/produkt\\\/kurzarm-radtrikot-fed-catalana-triatlo\\\/#breadcrumb\"},\"inLanguage\":\"de\",\"potentialAction\":[{\"@type\":\"ReadAction\",\"target\":[\"https:\\\/\\\/www.inverseteams.com\\\/de\\\/produkt\\\/kurzarm-radtrikot-fed-catalana-triatlo\\\/\"]}]},{\"@type\":\"ImageObject\",\"inLanguage\":\"de\",\"@id\":\"https:\\\/\\\/www.inverseteams.com\\\/de\\\/produkt\\\/kurzarm-radtrikot-fed-catalana-triatlo\\\/#primaryimage\",\"url\":\"https:\\\/\\\/www.inverseteams.com\\\/wp-content\\\/uploads\\\/INVERSE-FEDERACION-CATALANA-TRIATLON-MAILLOT-001.jpg\",\"contentUrl\":\"https:\\\/\\\/www.inverseteams.com\\\/wp-content\\\/uploads\\\/INVERSE-FEDERACION-CATALANA-TRIATLON-MAILLOT-001.jpg\",\"width\":1500,\"height\":1612},{\"@type\":\"BreadcrumbList\",\"@id\":\"https:\\\/\\\/www.inverseteams.com\\\/de\\\/produkt\\\/kurzarm-radtrikot-fed-catalana-triatlo\\\/#breadcrumb\",\"itemListElement\":[{\"@type\":\"ListItem\",\"position\":1,\"name\":\"Portada\",\"item\":\"https:\\\/\\\/www.inverseteams.com\\\/de\\\/\"},{\"@type\":\"ListItem\",\"position\":2,\"name\":\"Speichern\",\"item\":\"https:\\\/\\\/www.inverseteams.com\\\/de\\\/speichern\\\/\"},{\"@type\":\"ListItem\",\"position\":3,\"name\":\"Kurzarm Radtrikot FED CATALANA TRIATL\u00d3\"}]},{\"@type\":\"WebSite\",\"@id\":\"https:\\\/\\\/www.inverseteams.com\\\/de\\\/#website\",\"url\":\"https:\\\/\\\/www.inverseteams.com\\\/de\\\/\",\"name\":\"Inverseteams\",\"description\":\"Tu marca de ropa deportiva personalizada\",\"publisher\":{\"@id\":\"https:\\\/\\\/www.inverseteams.com\\\/de\\\/#organization\"},\"potentialAction\":[{\"@type\":\"SearchAction\",\"target\":{\"@type\":\"EntryPoint\",\"urlTemplate\":\"https:\\\/\\\/www.inverseteams.com\\\/de\\\/?s={search_term_string}\"},\"query-input\":{\"@type\":\"PropertyValueSpecification\",\"valueRequired\":true,\"valueName\":\"search_term_string\"}}],\"inLanguage\":\"de\"},{\"@type\":\"Organization\",\"@id\":\"https:\\\/\\\/www.inverseteams.com\\\/de\\\/#organization\",\"name\":\"Inverse Teams\",\"url\":\"https:\\\/\\\/www.inverseteams.com\\\/de\\\/\",\"logo\":{\"@type\":\"ImageObject\",\"inLanguage\":\"de\",\"@id\":\"https:\\\/\\\/www.inverseteams.com\\\/de\\\/#\\\/schema\\\/logo\\\/image\\\/\",\"url\":\"https:\\\/\\\/www.inverseteams.com\\\/wp-content\\\/uploads\\\/2021\\\/03\\\/logo-inverse-teams.png\",\"contentUrl\":\"https:\\\/\\\/www.inverseteams.com\\\/wp-content\\\/uploads\\\/2021\\\/03\\\/logo-inverse-teams.png\",\"width\":294,\"height\":99,\"caption\":\"Inverse Teams\"},\"image\":{\"@id\":\"https:\\\/\\\/www.inverseteams.com\\\/de\\\/#\\\/schema\\\/logo\\\/image\\\/\"},\"sameAs\":[\"https:\\\/\\\/www.facebook.com\\\/inverseteams\",\"http:\\\/\\\/instagram.com\\\/inverseteams\",\"https:\\\/\\\/www.linkedin.com\\\/company\\\/inverse-cirosport-s-l-?trk=job_view_topcard_company_name\",\"http:\\\/\\\/www.pinterest.com\\\/inverseteams\\\/\",\"http:\\\/\\\/www.youtube.com\\\/user\\\/inverseteams?feature=watch\"]}]}<\/script>\n<!-- \/ Yoast SEO plugin. -->","yoast_head_json":{"title":"Kurzarm Radtrikot FED CATALANA TRIATL\u00d3","description":"Kurzarm Radtrikot FED CATALANA TRIATL\u00d3","robots":{"index":"index","follow":"follow","max-snippet":"max-snippet:-1","max-image-preview":"max-image-preview:large","max-video-preview":"max-video-preview:-1"},"canonical":"https:\/\/www.inverseteams.com\/de\/produkt\/kurzarm-radtrikot-fed-catalana-triatlo\/","og_locale":"de_DE","og_type":"article","og_title":"Kurzarm Radtrikot FED CATALANA TRIATL\u00d3","og_description":"Kurzarm Radtrikot FED CATALANA TRIATL\u00d3","og_url":"https:\/\/www.inverseteams.com\/de\/produkt\/kurzarm-radtrikot-fed-catalana-triatlo\/","og_site_name":"Inverseteams","article_publisher":"https:\/\/www.facebook.com\/inverseteams","article_modified_time":"2026-05-13T10:08:05+00:00","og_image":[{"width":1500,"height":1612,"url":"https:\/\/www.inverseteams.com\/wp-content\/uploads\/INVERSE-FEDERACION-CATALANA-TRIATLON-MAILLOT-001.jpg","type":"image\/jpeg"}],"twitter_card":"summary_large_image","twitter_misc":{"Gesch\u00e4tzte Lesezeit":"2\u00a0Minute"},"schema":{"@context":"https:\/\/schema.org","@graph":[{"@type":"WebPage","@id":"https:\/\/www.inverseteams.com\/de\/produkt\/kurzarm-radtrikot-fed-catalana-triatlo\/","url":"https:\/\/www.inverseteams.com\/de\/produkt\/kurzarm-radtrikot-fed-catalana-triatlo\/","name":"Kurzarm Radtrikot FED CATALANA TRIATL\u00d3","isPartOf":{"@id":"https:\/\/www.inverseteams.com\/de\/#website"},"primaryImageOfPage":{"@id":"https:\/\/www.inverseteams.com\/de\/produkt\/kurzarm-radtrikot-fed-catalana-triatlo\/#primaryimage"},"image":{"@id":"https:\/\/www.inverseteams.com\/de\/produkt\/kurzarm-radtrikot-fed-catalana-triatlo\/#primaryimage"},"thumbnailUrl":"https:\/\/www.inverseteams.com\/wp-content\/uploads\/INVERSE-FEDERACION-CATALANA-TRIATLON-MAILLOT-001.jpg","datePublished":"2026-05-05T16:11:59+00:00","dateModified":"2026-05-13T10:08:05+00:00","description":"Kurzarm Radtrikot FED CATALANA TRIATL\u00d3","breadcrumb":{"@id":"https:\/\/www.inverseteams.com\/de\/produkt\/kurzarm-radtrikot-fed-catalana-triatlo\/#breadcrumb"},"inLanguage":"de","potentialAction":[{"@type":"ReadAction","target":["https:\/\/www.inverseteams.com\/de\/produkt\/kurzarm-radtrikot-fed-catalana-triatlo\/"]}]},{"@type":"ImageObject","inLanguage":"de","@id":"https:\/\/www.inverseteams.com\/de\/produkt\/kurzarm-radtrikot-fed-catalana-triatlo\/#primaryimage","url":"https:\/\/www.inverseteams.com\/wp-content\/uploads\/INVERSE-FEDERACION-CATALANA-TRIATLON-MAILLOT-001.jpg","contentUrl":"https:\/\/www.inverseteams.com\/wp-content\/uploads\/INVERSE-FEDERACION-CATALANA-TRIATLON-MAILLOT-001.jpg","width":1500,"height":1612},{"@type":"BreadcrumbList","@id":"https:\/\/www.inverseteams.com\/de\/produkt\/kurzarm-radtrikot-fed-catalana-triatlo\/#breadcrumb","itemListElement":[{"@type":"ListItem","position":1,"name":"Portada","item":"https:\/\/www.inverseteams.com\/de\/"},{"@type":"ListItem","position":2,"name":"Speichern","item":"https:\/\/www.inverseteams.com\/de\/speichern\/"},{"@type":"ListItem","position":3,"name":"Kurzarm Radtrikot FED CATALANA TRIATL\u00d3"}]},{"@type":"WebSite","@id":"https:\/\/www.inverseteams.com\/de\/#website","url":"https:\/\/www.inverseteams.com\/de\/","name":"Inverseteams","description":"Tu marca de ropa deportiva personalizada","publisher":{"@id":"https:\/\/www.inverseteams.com\/de\/#organization"},"potentialAction":[{"@type":"SearchAction","target":{"@type":"EntryPoint","urlTemplate":"https:\/\/www.inverseteams.com\/de\/?s={search_term_string}"},"query-input":{"@type":"PropertyValueSpecification","valueRequired":true,"valueName":"search_term_string"}}],"inLanguage":"de"},{"@type":"Organization","@id":"https:\/\/www.inverseteams.com\/de\/#organization","name":"Inverse Teams","url":"https:\/\/www.inverseteams.com\/de\/","logo":{"@type":"ImageObject","inLanguage":"de","@id":"https:\/\/www.inverseteams.com\/de\/#\/schema\/logo\/image\/","url":"https:\/\/www.inverseteams.com\/wp-content\/uploads\/2021\/03\/logo-inverse-teams.png","contentUrl":"https:\/\/www.inverseteams.com\/wp-content\/uploads\/2021\/03\/logo-inverse-teams.png","width":294,"height":99,"caption":"Inverse Teams"},"image":{"@id":"https:\/\/www.inverseteams.com\/de\/#\/schema\/logo\/image\/"},"sameAs":["https:\/\/www.facebook.com\/inverseteams","http:\/\/instagram.com\/inverseteams","https:\/\/www.linkedin.com\/company\/inverse-cirosport-s-l-?trk=job_view_topcard_company_name","http:\/\/www.pinterest.com\/inverseteams\/","http:\/\/www.youtube.com\/user\/inverseteams?feature=watch"]}]}},"_links":{"self":[{"href":"https:\/\/www.inverseteams.com\/de\/wp-json\/wp\/v2\/product\/282168","targetHints":{"allow":["GET"]}}],"collection":[{"href":"https:\/\/www.inverseteams.com\/de\/wp-json\/wp\/v2\/product"}],"about":[{"href":"https:\/\/www.inverseteams.com\/de\/wp-json\/wp\/v2\/types\/product"}],"replies":[{"embeddable":true,"href":"https:\/\/www.inverseteams.com\/de\/wp-json\/wp\/v2\/comments?post=282168"}],"wp:featuredmedia":[{"embeddable":true,"href":"https:\/\/www.inverseteams.com\/de\/wp-json\/wp\/v2\/media\/281826"}],"wp:attachment":[{"href":"https:\/\/www.inverseteams.com\/de\/wp-json\/wp\/v2\/media?parent=282168"}],"wp:term":[{"taxonomy":"product_brand","embeddable":true,"href":"https:\/\/www.inverseteams.com\/de\/wp-json\/wp\/v2\/product_brand?post=282168"},{"taxonomy":"product_cat","embeddable":true,"href":"https:\/\/www.inverseteams.com\/de\/wp-json\/wp\/v2\/product_cat?post=282168"},{"taxonomy":"product_tag","embeddable":true,"href":"https:\/\/www.inverseteams.com\/de\/wp-json\/wp\/v2\/product_tag?post=282168"},{"taxonomy":"custom_category","embeddable":true,"href":"https:\/\/www.inverseteams.com\/de\/wp-json\/wp\/v2\/custom_category?post=282168"},{"taxonomy":"range","embeddable":true,"href":"https:\/\/www.inverseteams.com\/de\/wp-json\/wp\/v2\/range?post=282168"}],"curies":[{"name":"wp","href":"https:\/\/api.w.org\/{rel}","templated":true}]}}